{"id":9955,"date":"2023-12-04T19:08:34","date_gmt":"2023-12-04T19:08:34","guid":{"rendered":"https:\/\/www.cdf1.com\/lubrificanti-e-grassi\/"},"modified":"2024-02-25T10:32:40","modified_gmt":"2024-02-25T10:32:40","slug":"lubrificanti-e-grassi","status":"publish","type":"page","link":"https:\/\/www.cdf1.com\/it\/lubrificanti-e-grassi\/","title":{"rendered":"Lubrificanti e grassi"},"content":{"rendered":"\n<div class=\"wp-block-cover is-light page-heading cover-heading shadow-out-bottom\" style=\"min-height:610px;aspect-ratio:unset;\"><span aria-hidden=\"true\" class=\"wp-block-cover__background has-background-dim-0 has-background-dim\"><\/span><img decoding=\"async\" width=\"2560\" height=\"918\" class=\"wp-block-cover__image-background wp-image-3125 lazyload\" alt=\"\" data-src=\"https:\/\/www.cdf1.com\/wp-content\/uploads\/2021\/09\/lubricant-greases-header-2.jpg\" style=\"--smush-placeholder-width: 2560px; --smush-placeholder-aspect-ratio: 2560\/918;object-position:70% 50%\" data-object-fit=\"cover\" data-object-position=\"70% 50%\" data-srcset=\"https:\/\/www.cdf1.com\/wp-content\/uploads\/2021\/09\/lubricant-greases-header-2.jpg 2560w, https:\/\/www.cdf1.com\/wp-content\/uploads\/2021\/09\/lubricant-greases-header-2-300x108.jpg 300w, https:\/\/www.cdf1.com\/wp-content\/uploads\/2021\/09\/lubricant-greases-header-2-1024x367.jpg 1024w, https:\/\/www.cdf1.com\/wp-content\/uploads\/2021\/09\/lubricant-greases-header-2-768x275.jpg 768w, https:\/\/www.cdf1.com\/wp-content\/uploads\/2021\/09\/lubricant-greases-header-2-1536x551.jpg 1536w, https:\/\/www.cdf1.com\/wp-content\/uploads\/2021\/09\/lubricant-greases-header-2-2048x734.jpg 2048w\" data-sizes=\"(max-width: 2560px) 100vw, 2560px\" src=\"data:image\/svg+xml;base64,PHN2ZyB3aWR0aD0iMSIgaGVpZ2h0PSIxIiB4bWxucz0iaHR0cDovL3d3dy53My5vcmcvMjAwMC9zdmciPjwvc3ZnPg==\" \/><div class=\"wp-block-cover__inner-container is-layout-flow wp-block-cover-is-layout-flow\">\n<div class=\"wp-block-group fixed-width fixed-1080 heading-inner-wrap\"><div class=\"wp-block-group__inner-container is-layout-flow wp-block-group-is-layout-flow\">\n<div class=\"wp-block-group text-wrap\"><div class=\"wp-block-group__inner-container is-layout-flow wp-block-group-is-layout-flow\">\n<h1 class=\"has-text-color wp-block-heading\" style=\"color:#0d80b1\">Lubrificanti e grassi<\/h1>\n<\/div><\/div>\n<\/div><\/div>\n<\/div><\/div>\n\n<div class=\"wp-block-group fixed-width fixed-1080 padding-top-140 padding-bottom-80 text-img-section\"><div class=\"wp-block-group__inner-container is-layout-flow wp-block-group-is-layout-flow\">\n<div class=\"wp-block-columns is-layout-flex wp-container-core-columns-is-layout-9d6595d7 wp-block-columns-is-layout-flex\">\n<div class=\"wp-block-column is-layout-flow wp-block-column-is-layout-flow\">\n<figure class=\"wp-block-image size-full shadow-wrap max-width-485 slide-up-f\"><img decoding=\"async\" width=\"758\" height=\"716\" data-src=\"https:\/\/www.cdf1.com\/wp-content\/uploads\/2021\/08\/lubricant-greases-4.jpg\" alt=\"\" class=\"wp-image-4331 lazyload\" data-srcset=\"https:\/\/www.cdf1.com\/wp-content\/uploads\/2021\/08\/lubricant-greases-4.jpg 758w, https:\/\/www.cdf1.com\/wp-content\/uploads\/2021\/08\/lubricant-greases-4-300x283.jpg 300w\" data-sizes=\"(max-width: 758px) 100vw, 758px\" src=\"data:image\/svg+xml;base64,PHN2ZyB3aWR0aD0iMSIgaGVpZ2h0PSIxIiB4bWxucz0iaHR0cDovL3d3dy53My5vcmcvMjAwMC9zdmciPjwvc3ZnPg==\" style=\"--smush-placeholder-width: 758px; --smush-placeholder-aspect-ratio: 758\/716;\" \/><\/figure>\n<\/div>\n\n\n\n<div class=\"wp-block-column is-layout-flow wp-block-column-is-layout-flow\">\n<div class=\"wp-block-group text-wrap max-width-450\"><div class=\"wp-block-group__inner-container is-layout-flow wp-block-group-is-layout-flow\">\n<h2 class=\"wp-block-heading\"><strong>Imballaggi Bag-In-Box per lubrificanti e grassi\u00a0<\/strong><\/h2>\n\n\n\n<p>CDF \u00e8 leader nel settore degli imballaggi Bag-in-Box per lubrificanti e grassi. Abbiamo rivoluzionato il settore degli imballaggi per garantire la funzionalit\u00e0 e la qualit\u00e0 pi\u00f9 elevate per tutti i nostri clienti.<\/p>\n\n\n\n<p class=\"link-blue-underline\"><a href=\"https:\/\/www.cdf1.com\/bag-in-box-for-lubricant-greases-packaging\/\">Scopri di pi\u00f9<\/a><\/p>\n<\/div><\/div>\n<\/div>\n<\/div>\n<\/div><\/div>\n\n<div class=\"wp-block-group fixed-width fixed-1080 padding-top-140 padding-bottom-80 pb-xs--0 text-img-section\"><div class=\"wp-block-group__inner-container is-layout-flow wp-block-group-is-layout-flow\">\n<div class=\"wp-block-columns is-layout-flex wp-container-core-columns-is-layout-9d6595d7 wp-block-columns-is-layout-flex\">\n<div class=\"wp-block-column is-layout-flow wp-block-column-is-layout-flow\">\n<div class=\"wp-block-group text-wrap max-width-450\"><div class=\"wp-block-group__inner-container is-layout-flow wp-block-group-is-layout-flow\">\n<h2 class=\"wp-block-heading\"><strong>Liner per fusti e bidoni<\/strong><\/h2>\n\n\n\n<p>Scopri l&#8217;importanza dei liner per fusti e bidoni per gli imballaggi di lubrificanti e grassi. Esaminiamo alcuni dei tipi di liner migliori per queste finalit\u00e0:<\/p>\n\n\n\n<ol class=\"wp-block-list\">\n<li>Liner termoformati<\/li>\n\n\n\n<li>Liner a fondo rotondo<\/li>\n\n\n\n<li>Liner stampati per soffiaggio<\/li>\n\n\n\n<li>Sacche con cuciture piatte<\/li>\n<\/ol>\n\n\n\n<p class=\"link-blue-underline\"><a href=\"https:\/\/www.cdf1.com\/drum-pail-liners-for-lubricant-greases-packaging\/\">Scopri di pi\u00f9<\/a><\/p>\n<\/div><\/div>\n<\/div>\n\n\n\n<div class=\"wp-block-column is-layout-flow wp-block-column-is-layout-flow\">\n<figure class=\"wp-block-image size-large shadow-wrap max-width-485 slide-up-f\"><img decoding=\"async\" width=\"1024\" height=\"734\" data-src=\"https:\/\/www.cdf1.com\/wp-content\/uploads\/2021\/09\/drum-and-pail-header-1-1024x734.jpg\" alt=\"liner per fusti e bidoni per il settore alimentare\" class=\"wp-image-2544 lazyload\" data-srcset=\"https:\/\/www.cdf1.com\/wp-content\/uploads\/2021\/09\/drum-and-pail-header-1-1024x734.jpg 1024w, https:\/\/www.cdf1.com\/wp-content\/uploads\/2021\/09\/drum-and-pail-header-1-300x215.jpg 300w, https:\/\/www.cdf1.com\/wp-content\/uploads\/2021\/09\/drum-and-pail-header-1-768x551.jpg 768w, https:\/\/www.cdf1.com\/wp-content\/uploads\/2021\/09\/drum-and-pail-header-1.jpg 1280w\" data-sizes=\"(max-width: 1024px) 100vw, 1024px\" src=\"data:image\/svg+xml;base64,PHN2ZyB3aWR0aD0iMSIgaGVpZ2h0PSIxIiB4bWxucz0iaHR0cDovL3d3dy53My5vcmcvMjAwMC9zdmciPjwvc3ZnPg==\" style=\"--smush-placeholder-width: 1024px; --smush-placeholder-aspect-ratio: 1024\/734;\" \/><\/figure>\n<\/div>\n<\/div>\n<\/div><\/div>\n\n<div class=\"wp-block-group fixed-width fixed-1080 padding-top-140 padding-bottom-80 text-img-section\"><div class=\"wp-block-group__inner-container is-layout-flow wp-block-group-is-layout-flow\">\n<div class=\"wp-block-columns is-layout-flex wp-container-core-columns-is-layout-9d6595d7 wp-block-columns-is-layout-flex\">\n<div class=\"wp-block-column is-layout-flow wp-block-column-is-layout-flow\">\n<figure class=\"wp-block-image size-full shadow-wrap max-width-485 slide-up-f\"><img decoding=\"async\" width=\"768\" height=\"876\" data-src=\"https:\/\/www.cdf1.com\/wp-content\/uploads\/2021\/08\/lubricant-greases-1.jpg\" alt=\"\" class=\"wp-image-4314 lazyload\" data-srcset=\"https:\/\/www.cdf1.com\/wp-content\/uploads\/2021\/08\/lubricant-greases-1.jpg 768w, https:\/\/www.cdf1.com\/wp-content\/uploads\/2021\/08\/lubricant-greases-1-263x300.jpg 263w\" data-sizes=\"(max-width: 768px) 100vw, 768px\" src=\"data:image\/svg+xml;base64,PHN2ZyB3aWR0aD0iMSIgaGVpZ2h0PSIxIiB4bWxucz0iaHR0cDovL3d3dy53My5vcmcvMjAwMC9zdmciPjwvc3ZnPg==\" style=\"--smush-placeholder-width: 768px; --smush-placeholder-aspect-ratio: 768\/876;\" \/><\/figure>\n<\/div>\n\n\n\n<div class=\"wp-block-column is-layout-flow wp-block-column-is-layout-flow\">\n<div class=\"wp-block-group section-title-xl text-wrap max-width-450 anim_init\"><div class=\"wp-block-group__inner-container is-layout-flow wp-block-group-is-layout-flow\">\n<h2 class=\"wp-block-heading\"><strong><strong>Per ogni grado di viscosit\u00e0<\/strong><\/strong><\/h2>\n\n\n\n<p>I nostri imballaggi destinati al mercato dei grassi e dei lubrificanti sono garanzia di sostenibilit\u00e0 e prestazioni ineguagliabili. Produciamo liner standard di facile installazione per fusti e bidoni, progettando e producendo sistemi di imballaggio personalizzati come i Bag-In-Box destinati alla distribuzione.<\/p>\n<\/div><\/div>\n<\/div>\n<\/div>\n<\/div><\/div>\n\n<div class=\"wp-block-cover is-light animated-bg-img\"><span aria-hidden=\"true\" class=\"wp-block-cover__background has-background-dim-0 has-background-dim\"><\/span><img decoding=\"async\" width=\"2560\" height=\"1254\" class=\"wp-block-cover__image-background wp-image-877 lazyload\" alt=\"\" data-src=\"https:\/\/www.cdf1.com\/wp-content\/uploads\/2021\/07\/bottom-green-shape.jpg\" style=\"--smush-placeholder-width: 2560px; --smush-placeholder-aspect-ratio: 2560\/1254;object-position:50% 0%\" data-object-fit=\"cover\" data-object-position=\"50% 0%\" data-srcset=\"https:\/\/www.cdf1.com\/wp-content\/uploads\/2021\/07\/bottom-green-shape.jpg 2560w, https:\/\/www.cdf1.com\/wp-content\/uploads\/2021\/07\/bottom-green-shape-300x147.jpg 300w, https:\/\/www.cdf1.com\/wp-content\/uploads\/2021\/07\/bottom-green-shape-1024x502.jpg 1024w, https:\/\/www.cdf1.com\/wp-content\/uploads\/2021\/07\/bottom-green-shape-768x376.jpg 768w, https:\/\/www.cdf1.com\/wp-content\/uploads\/2021\/07\/bottom-green-shape-1536x752.jpg 1536w, https:\/\/www.cdf1.com\/wp-content\/uploads\/2021\/07\/bottom-green-shape-2048x1003.jpg 2048w\" data-sizes=\"(max-width: 2560px) 100vw, 2560px\" src=\"data:image\/svg+xml;base64,PHN2ZyB3aWR0aD0iMSIgaGVpZ2h0PSIxIiB4bWxucz0iaHR0cDovL3d3dy53My5vcmcvMjAwMC9zdmciPjwvc3ZnPg==\" \/><div class=\"wp-block-cover__inner-container is-layout-flow wp-block-cover-is-layout-flow\">\n<div class=\"wp-block-group fixed-width fixed-1080 vc-wrap padding-top-140 padding-bottom-80 text-img-section\"><div class=\"wp-block-group__inner-container is-layout-flow wp-block-group-is-layout-flow\">\n<div class=\"wp-block-columns is-layout-flex wp-container-core-columns-is-layout-9d6595d7 wp-block-columns-is-layout-flex\">\n<div class=\"wp-block-column is-layout-flow wp-block-column-is-layout-flow\">\n<div class=\"wp-block-group text-wrap max-width-450 anim_init\"><div class=\"wp-block-group__inner-container is-layout-flow wp-block-group-is-layout-flow\">\n<figure class=\"wp-block-image size-large\"><img decoding=\"async\" width=\"49\" height=\"90\" data-src=\"https:\/\/www.cdf1.com\/wp-content\/uploads\/2021\/08\/engine-oil.svg\" alt=\"\" class=\"wp-image-1553 lazyload\" src=\"data:image\/svg+xml;base64,PHN2ZyB3aWR0aD0iMSIgaGVpZ2h0PSIxIiB4bWxucz0iaHR0cDovL3d3dy53My5vcmcvMjAwMC9zdmciPjwvc3ZnPg==\" style=\"--smush-placeholder-width: 49px; --smush-placeholder-aspect-ratio: 49\/90;\" \/><\/figure>\n\n\n\n<h2 class=\"has-text-color wp-block-heading\" style=\"color:#363b40\">I prodotti ad alte prestazioni si meritano imballaggi ad alte prestazioni<\/h2>\n\n\n\n<p class=\"has-text-color\" style=\"color:#363b40\">I prodotti ad alte prestazioni si meritano imballaggi ad alte prestazioni CDF progetta e produce soluzioni di imballaggio robuste, ergonomiche e facili da usare per le applicazioni pi\u00f9 critiche.\u00a0\u00a0Sviluppiamo soluzioni di imballaggio consapevoli per ridurre l&#8217;impatto ambientale, migliorare l&#8217;evacuazione del prodotto e assicurare protezione e sicurezza.<\/p>\n<\/div><\/div>\n<\/div>\n\n\n\n<div class=\"wp-block-column is-layout-flow wp-block-column-is-layout-flow\">\n<figure class=\"wp-block-image size-large shadow-wrap max-width-485 slide-down-f\"><img decoding=\"async\" width=\"932\" height=\"716\" data-src=\"https:\/\/www.cdf1.com\/wp-content\/uploads\/2021\/08\/lubricant-greases-2.jpg\" alt=\"CDF progetta e produce soluzioni di imballaggio robuste\" class=\"wp-image-1554 lazyload\" data-srcset=\"https:\/\/www.cdf1.com\/wp-content\/uploads\/2021\/08\/lubricant-greases-2.jpg 932w, https:\/\/www.cdf1.com\/wp-content\/uploads\/2021\/08\/lubricant-greases-2-300x230.jpg 300w, https:\/\/www.cdf1.com\/wp-content\/uploads\/2021\/08\/lubricant-greases-2-768x590.jpg 768w\" data-sizes=\"(max-width: 932px) 100vw, 932px\" src=\"data:image\/svg+xml;base64,PHN2ZyB3aWR0aD0iMSIgaGVpZ2h0PSIxIiB4bWxucz0iaHR0cDovL3d3dy53My5vcmcvMjAwMC9zdmciPjwvc3ZnPg==\" style=\"--smush-placeholder-width: 932px; --smush-placeholder-aspect-ratio: 932\/716;\" \/><\/figure>\n<\/div>\n<\/div>\n<\/div><\/div>\n<\/div><\/div>\n\n<div class=\"wp-block-cover is-light animated-bg-img\"><span aria-hidden=\"true\" class=\"wp-block-cover__background has-background-dim-0 has-background-dim\"><\/span><img decoding=\"async\" width=\"2560\" height=\"1254\" class=\"wp-block-cover__image-background wp-image-878 lazyload\" alt=\"\" data-src=\"https:\/\/www.cdf1.com\/wp-content\/uploads\/2021\/07\/top-green-shape.jpg\" style=\"--smush-placeholder-width: 2560px; --smush-placeholder-aspect-ratio: 2560\/1254;object-position:50% 100%\" data-object-fit=\"cover\" data-object-position=\"50% 100%\" data-srcset=\"https:\/\/www.cdf1.com\/wp-content\/uploads\/2021\/07\/top-green-shape.jpg 2560w, https:\/\/www.cdf1.com\/wp-content\/uploads\/2021\/07\/top-green-shape-300x147.jpg 300w, https:\/\/www.cdf1.com\/wp-content\/uploads\/2021\/07\/top-green-shape-1024x502.jpg 1024w, https:\/\/www.cdf1.com\/wp-content\/uploads\/2021\/07\/top-green-shape-768x376.jpg 768w, https:\/\/www.cdf1.com\/wp-content\/uploads\/2021\/07\/top-green-shape-1536x752.jpg 1536w, https:\/\/www.cdf1.com\/wp-content\/uploads\/2021\/07\/top-green-shape-2048x1003.jpg 2048w\" data-sizes=\"(max-width: 2560px) 100vw, 2560px\" src=\"data:image\/svg+xml;base64,PHN2ZyB3aWR0aD0iMSIgaGVpZ2h0PSIxIiB4bWxucz0iaHR0cDovL3d3dy53My5vcmcvMjAwMC9zdmciPjwvc3ZnPg==\" \/><div class=\"wp-block-cover__inner-container is-layout-flow wp-block-cover-is-layout-flow\">\n<div class=\"wp-block-group fixed-width fixed-1080 vc-wrap padding-bottom-80 img-text-section\"><div class=\"wp-block-group__inner-container is-layout-flow wp-block-group-is-layout-flow\">\n<div class=\"wp-block-columns is-layout-flex wp-container-core-columns-is-layout-9d6595d7 wp-block-columns-is-layout-flex\">\n<div class=\"wp-block-column is-layout-flow wp-block-column-is-layout-flow\">\n<figure class=\"wp-block-image size-large shadow-wrap max-width-485 slide-up-f\"><img decoding=\"async\" width=\"758\" height=\"716\" data-src=\"https:\/\/www.cdf1.com\/wp-content\/uploads\/2021\/08\/lubricant-greases-4.jpg\" alt=\"CDF - L'imballaggio consapevole &#xE8; realt&#xE0;\" class=\"wp-image-1558 lazyload\" data-srcset=\"https:\/\/www.cdf1.com\/wp-content\/uploads\/2021\/08\/lubricant-greases-4.jpg 758w, https:\/\/www.cdf1.com\/wp-content\/uploads\/2021\/08\/lubricant-greases-4-300x283.jpg 300w\" data-sizes=\"(max-width: 758px) 100vw, 758px\" src=\"data:image\/svg+xml;base64,PHN2ZyB3aWR0aD0iMSIgaGVpZ2h0PSIxIiB4bWxucz0iaHR0cDovL3d3dy53My5vcmcvMjAwMC9zdmciPjwvc3ZnPg==\" style=\"--smush-placeholder-width: 758px; --smush-placeholder-aspect-ratio: 758\/716;\" \/><\/figure>\n<\/div>\n\n\n\n<div class=\"wp-block-column is-layout-flow wp-block-column-is-layout-flow\">\n<div class=\"wp-block-group text-wrap max-width-450 anim_init\"><div class=\"wp-block-group__inner-container is-layout-flow wp-block-group-is-layout-flow\">\n<figure class=\"wp-block-image size-large\"><img decoding=\"async\" width=\"65\" height=\"82\" data-src=\"https:\/\/www.cdf1.com\/wp-content\/uploads\/2021\/08\/lubricant-oil.svg\" alt=\"\" class=\"wp-image-1555 lazyload\" src=\"data:image\/svg+xml;base64,PHN2ZyB3aWR0aD0iMSIgaGVpZ2h0PSIxIiB4bWxucz0iaHR0cDovL3d3dy53My5vcmcvMjAwMC9zdmciPjwvc3ZnPg==\" style=\"--smush-placeholder-width: 65px; --smush-placeholder-aspect-ratio: 65\/82;\" \/><\/figure>\n\n\n\n<h2 class=\"has-text-color wp-block-heading\" style=\"color:#363b40\">L&#8217;imballaggio consapevole \u00e8 realt\u00e0<\/h2>\n\n\n\n<p class=\"has-text-color\" style=\"color:#363b40\">Lo sviluppo, la produzione e la distribuzione responsabili dei prodotti, dalla creazione allo smaltimento, sono fondamentali nel settore dei grassi e dei lubrificanti. Ecco perch\u00e9 CDF ha aderito al\u00a0<strong>Programma Responsible Care\u00ae,<\/strong>\u00a0un&#8217;iniziativa volontaria del settore chimico e petrolchimico per gestire in sicurezza i prodotti chimici in tutte le fasi, dalla produzione e la distribuzione fino al riutilizzo, al riciclo e allo smaltimento.\u00a0<\/p>\n<\/div><\/div>\n<\/div>\n<\/div>\n<\/div><\/div>\n<\/div><\/div>\n\n<div class=\"wp-block-group fixed-width fixed-1080 vc-wrap padding-top-140 padding-bottom-80 text-img-section pt-xs--60\"><div class=\"wp-block-group__inner-container is-layout-flow wp-block-group-is-layout-flow\">\n<div class=\"wp-block-columns is-layout-flex wp-container-core-columns-is-layout-9d6595d7 wp-block-columns-is-layout-flex\">\n<div class=\"wp-block-column is-layout-flow wp-block-column-is-layout-flow\">\n<div class=\"wp-block-group text-wrap max-width-450 anim_init\"><div class=\"wp-block-group__inner-container is-layout-flow wp-block-group-is-layout-flow\">\n<figure class=\"wp-block-image size-large\"><img decoding=\"async\" width=\"58\" height=\"89\" data-src=\"https:\/\/www.cdf1.com\/wp-content\/uploads\/2021\/08\/lubricant.svg\" alt=\"\" class=\"wp-image-1559 lazyload\" src=\"data:image\/svg+xml;base64,PHN2ZyB3aWR0aD0iMSIgaGVpZ2h0PSIxIiB4bWxucz0iaHR0cDovL3d3dy53My5vcmcvMjAwMC9zdmciPjwvc3ZnPg==\" style=\"--smush-placeholder-width: 58px; --smush-placeholder-aspect-ratio: 58\/89;\" \/><\/figure>\n\n\n\n<h2 class=\"wp-block-heading\">Proteggiamo il tuo prodotto<\/h2>\n\n\n\n<p>La qualit\u00e0 dei prodotti e la purezza dei materiali utilizzati nei nostri imballaggi sono le nostre priorit\u00e0. CDF utilizza solo le resine approvate dall&#8217;FDA e plastiche della migliore qualit\u00e0. Inoltre, impieghiamo tecniche di isolamento del prodotto finito e controllo statico per assicurare l&#8217;assenza di particelle e mantenere elevata la qualit\u00e0 del prodotto per tutto il processo produttivo. Siamo conformi agli standard internazionali delle buone pratiche di fabbricazione (GMP), utilizzando la raccolta dei dati SPC (controllo statistico di processo). La nostra azienda ha acquisito la certificazione ISO 9001:2015.<\/p>\n<\/div><\/div>\n<\/div>\n\n\n\n<div class=\"wp-block-column is-layout-flow wp-block-column-is-layout-flow\">\n<figure class=\"wp-block-image size-large shadow-wrap max-width-485 slide-up-s\"><img decoding=\"async\" width=\"758\" height=\"716\" data-src=\"https:\/\/www.cdf1.com\/wp-content\/uploads\/2021\/08\/lubricant-greases-3.jpg\" alt=\"CDF - Proteggiamo il tuo prodotto\" class=\"wp-image-1556 lazyload\" data-srcset=\"https:\/\/www.cdf1.com\/wp-content\/uploads\/2021\/08\/lubricant-greases-3.jpg 758w, https:\/\/www.cdf1.com\/wp-content\/uploads\/2021\/08\/lubricant-greases-3-300x283.jpg 300w\" data-sizes=\"(max-width: 758px) 100vw, 758px\" src=\"data:image\/svg+xml;base64,PHN2ZyB3aWR0aD0iMSIgaGVpZ2h0PSIxIiB4bWxucz0iaHR0cDovL3d3dy53My5vcmcvMjAwMC9zdmciPjwvc3ZnPg==\" style=\"--smush-placeholder-width: 758px; --smush-placeholder-aspect-ratio: 758\/716;\" \/><\/figure>\n<\/div>\n<\/div>\n<\/div><\/div>\n\n<div class=\"wp-block-group fixed-width block-has-rounded-corners vc-wrap text-img-section latest-story-section margin-bottom-100 has-text-color has-background\" style=\"color:#000000;background-color:#bceafa\"><div class=\"wp-block-group__inner-container is-layout-flow wp-block-group-is-layout-flow\">\n<div class=\"wp-block-group fixed-width fixed-1000 padding-top-80 padding-bottom-60 title-text-section\"><div class=\"wp-block-group__inner-container is-layout-flow wp-block-group-is-layout-flow\">\n<div class=\"wp-block-columns is-layout-flex wp-container-core-columns-is-layout-9d6595d7 wp-block-columns-is-layout-flex\">\n<div class=\"wp-block-column is-layout-flow wp-block-column-is-layout-flow\" style=\"flex-basis:70%\">\n<div class=\"wp-block-group text-wrap section-title-mix\"><div class=\"wp-block-group__inner-container is-layout-flow wp-block-group-is-layout-flow\">\n<h2 class=\"wp-block-heading\">Ultime notizie<\/h2>\n\n\n\n<h3 class=\"wp-block-heading\">Chevron<\/h3>\n\n\n\n<p>Con una lunga storia alle spalle, Chevron, una delle societ\u00e0 petrolifere pi\u00f9 grandi d&#8217;America, ha sempre messo davanti a tutto l&#8217;innovazione.<\/p>\n\n\n\n<p class=\"link-blue-underline\"><a href=\"https:\/\/www.cdf1.com\/case-study-chevron\/\">Leggi il caso di studio<\/a><\/p>\n<\/div><\/div>\n<\/div>\n\n\n\n<div class=\"wp-block-column is-layout-flow wp-block-column-is-layout-flow\" style=\"flex-basis:30%\">\n<figure class=\"wp-block-image size-large\"><img decoding=\"async\" width=\"134\" height=\"149\" data-src=\"https:\/\/www.cdf1.com\/wp-content\/uploads\/2021\/08\/chevron-color-logo.svg\" alt=\"Logo di Chevron\" class=\"wp-image-2245 lazyload\" src=\"data:image\/svg+xml;base64,PHN2ZyB3aWR0aD0iMSIgaGVpZ2h0PSIxIiB4bWxucz0iaHR0cDovL3d3dy53My5vcmcvMjAwMC9zdmciPjwvc3ZnPg==\" style=\"--smush-placeholder-width: 134px; --smush-placeholder-aspect-ratio: 134\/149;\" \/><\/figure>\n<\/div>\n<\/div>\n<\/div><\/div>\n<\/div><\/div>\n","protected":false},"excerpt":{"rendered":"<p>Imballaggi Bag-In-Box per lubrificanti e grassi\u00a0 CDF \u00e8 leader nel settore degli imballaggi Bag-in-Box per lubrificanti e grassi. Abbiamo rivoluzionato il settore degli imballaggi per garantire la funzionalit\u00e0 e la qualit\u00e0 pi\u00f9 elevate per tutti i nostri clienti. Scopri di pi\u00f9 Liner per fusti e bidoni Scopri l&#8217;importanza dei liner per fusti e bidoni per [&hellip;]<\/p>\n","protected":false},"author":4,"featured_media":1881,"parent":0,"menu_order":1,"comment_status":"closed","ping_status":"closed","template":"","meta":{"_acf_changed":false,"content-type":"","_genesis_hide_title":false,"_genesis_hide_breadcrumbs":false,"_genesis_hide_singular_image":false,"_genesis_hide_footer_widgets":false,"_genesis_custom_body_class":"","_genesis_custom_post_class":"","_genesis_layout":"full-width-content","footnotes":""},"class_list":{"0":"post-9955","1":"page","2":"type-page","3":"status-publish","4":"has-post-thumbnail","6":"entry"},"acf":[],"featured_image_src":"https:\/\/www.cdf1.com\/wp-content\/uploads\/2020\/07\/new-feature-placeholder-sliced.png","featured_image_src_square":"https:\/\/www.cdf1.com\/wp-content\/uploads\/2020\/07\/new-feature-placeholder-sliced.png","_links":{"self":[{"href":"https:\/\/www.cdf1.com\/it\/wp-json\/wp\/v2\/pages\/9955","targetHints":{"allow":["GET"]}}],"collection":[{"href":"https:\/\/www.cdf1.com\/it\/wp-json\/wp\/v2\/pages"}],"about":[{"href":"https:\/\/www.cdf1.com\/it\/wp-json\/wp\/v2\/types\/page"}],"author":[{"embeddable":true,"href":"https:\/\/www.cdf1.com\/it\/wp-json\/wp\/v2\/users\/4"}],"replies":[{"embeddable":true,"href":"https:\/\/www.cdf1.com\/it\/wp-json\/wp\/v2\/comments?post=9955"}],"version-history":[{"count":6,"href":"https:\/\/www.cdf1.com\/it\/wp-json\/wp\/v2\/pages\/9955\/revisions"}],"predecessor-version":[{"id":11275,"href":"https:\/\/www.cdf1.com\/it\/wp-json\/wp\/v2\/pages\/9955\/revisions\/11275"}],"wp:featuredmedia":[{"embeddable":true,"href":"https:\/\/www.cdf1.com\/it\/wp-json\/wp\/v2\/media\/1881"}],"wp:attachment":[{"href":"https:\/\/www.cdf1.com\/it\/wp-json\/wp\/v2\/media?parent=9955"}],"curies":[{"name":"wp","href":"https:\/\/api.w.org\/{rel}","templated":true}]}}