{"id":9948,"date":"2023-12-04T19:08:27","date_gmt":"2023-12-04T19:08:27","guid":{"rendered":"https:\/\/www.cdf1.com\/storie\/"},"modified":"2024-02-25T10:31:19","modified_gmt":"2024-02-25T10:31:19","slug":"storie","status":"publish","type":"page","link":"https:\/\/www.cdf1.com\/it\/storie\/","title":{"rendered":"Storie"},"content":{"rendered":"\n<div class=\"wp-block-group page-heading heading-img-bottom two-col-heading shadow-out-bottom\"><div class=\"wp-block-group__inner-container is-layout-flow wp-block-group-is-layout-flow\">\n<div class=\"wp-block-columns fixed-width is-layout-flex wp-container-core-columns-is-layout-9d6595d7 wp-block-columns-is-layout-flex\">\n<div class=\"wp-block-column is-layout-flow wp-block-column-is-layout-flow\" style=\"flex-basis:40%\">\n<div class=\"wp-block-group fixed-width fixed-1080 heading-inner-wrap\"><div class=\"wp-block-group__inner-container is-layout-flow wp-block-group-is-layout-flow\">\n<div class=\"wp-block-group text-wrap\"><div class=\"wp-block-group__inner-container is-layout-flow wp-block-group-is-layout-flow\">\n<h1 class=\"has-text-color wp-block-heading\" style=\"color:#0d80b1\">Storie<\/h1>\n<\/div><\/div>\n<\/div><\/div>\n<\/div>\n\n\n\n<div class=\"wp-block-column is-layout-flow wp-block-column-is-layout-flow\" style=\"flex-basis:60%\">\n<figure class=\"wp-block-image size-large\"><img decoding=\"async\" width=\"1024\" height=\"894\" data-src=\"https:\/\/www.cdf1.com\/wp-content\/uploads\/2021\/09\/stories-header-2-1024x894.jpg\" alt=\"Storie\" class=\"wp-image-2555 lazyload\" data-srcset=\"https:\/\/www.cdf1.com\/wp-content\/uploads\/2021\/09\/stories-header-2-1024x894.jpg 1024w, https:\/\/www.cdf1.com\/wp-content\/uploads\/2021\/09\/stories-header-2-300x262.jpg 300w, https:\/\/www.cdf1.com\/wp-content\/uploads\/2021\/09\/stories-header-2-768x670.jpg 768w, https:\/\/www.cdf1.com\/wp-content\/uploads\/2021\/09\/stories-header-2.jpg 1052w\" data-sizes=\"(max-width: 1024px) 100vw, 1024px\" src=\"data:image\/svg+xml;base64,PHN2ZyB3aWR0aD0iMSIgaGVpZ2h0PSIxIiB4bWxucz0iaHR0cDovL3d3dy53My5vcmcvMjAwMC9zdmciPjwvc3ZnPg==\" style=\"--smush-placeholder-width: 1024px; --smush-placeholder-aspect-ratio: 1024\/894;\" \/><\/figure>\n<\/div>\n<\/div>\n<\/div><\/div>\n\n<div class=\"wp-block-group fixed-width fixed-1080 padding-top-140 padding-bottom-100 title-text-section below-heading-section\"><div class=\"wp-block-group__inner-container is-layout-flow wp-block-group-is-layout-flow\">\n<div class=\"wp-block-columns is-layout-flex wp-container-core-columns-is-layout-9d6595d7 wp-block-columns-is-layout-flex\">\n<div class=\"wp-block-column is-layout-flow wp-block-column-is-layout-flow\">\n<div class=\"wp-block-group section-title-mix text-wrap anim_init\"><div class=\"wp-block-group__inner-container is-layout-flow wp-block-group-is-layout-flow\">\n<h2 class=\"wp-block-heading\">Come \u00e8 fatto<\/h2>\n\n\n\n<h3 class=\"wp-block-heading\">Il nostro obiettivo<\/h3>\n<\/div><\/div>\n<\/div>\n\n\n\n<div class=\"wp-block-column is-layout-flow wp-block-column-is-layout-flow\">\n<div class=\"wp-block-group anim_init\"><div class=\"wp-block-group__inner-container is-layout-flow wp-block-group-is-layout-flow\">\n<p>Grazie alle conoscenze tecniche e produttive, CDF \u00e8 leader internazionale nella produzione di liner per bidoni, fusti, contenitori IBC e Bag-in-Box. Il grande successo delle soluzioni di imballaggio flessibili di CDF \u00e8 dovuto all&#8217;impiego di macchinari, materiali e tecniche di produzione all&#8217;avanguardia.<\/p>\n<\/div><\/div>\n<\/div>\n<\/div>\n<\/div><\/div>\n\n<div class=\"wp-block-group bg-cdf-lavander margin-top-70\"><div class=\"wp-block-group__inner-container is-layout-flow wp-block-group-is-layout-flow\">\n<div class=\"wp-block-group fixed-width fixed-1080 block-top-out video-text-section vc-wrap padding-top-120 padding-bottom-80\"><div class=\"wp-block-group__inner-container is-layout-flow wp-block-group-is-layout-flow\">\n<div class=\"wp-block-columns is-layout-flex wp-container-core-columns-is-layout-9d6595d7 wp-block-columns-is-layout-flex\">\n<div class=\"wp-block-column is-layout-flow wp-block-column-is-layout-flow\">\n<figure class=\"wp-block-image size-full shadow-wrap slide-in-up\"><img decoding=\"async\" width=\"948\" height=\"894\" data-src=\"https:\/\/www.cdf1.com\/wp-content\/uploads\/2021\/09\/industrial-2.jpg\" alt=\"Storie di CDF - Settore industriale\" class=\"wp-image-2335 lazyload\" title=\"\" data-srcset=\"https:\/\/www.cdf1.com\/wp-content\/uploads\/2021\/09\/industrial-2.jpg 948w, https:\/\/www.cdf1.com\/wp-content\/uploads\/2021\/09\/industrial-2-300x283.jpg 300w, https:\/\/www.cdf1.com\/wp-content\/uploads\/2021\/09\/industrial-2-768x724.jpg 768w\" data-sizes=\"(max-width: 948px) 100vw, 948px\" src=\"data:image\/svg+xml;base64,PHN2ZyB3aWR0aD0iMSIgaGVpZ2h0PSIxIiB4bWxucz0iaHR0cDovL3d3dy53My5vcmcvMjAwMC9zdmciPjwvc3ZnPg==\" style=\"--smush-placeholder-width: 948px; --smush-placeholder-aspect-ratio: 948\/894;\" \/><\/figure>\n<\/div>\n\n\n\n<div class=\"wp-block-column is-layout-flow wp-block-column-is-layout-flow\">\n<div class=\"wp-block-group text-wrap max-width-450\"><div class=\"wp-block-group__inner-container is-layout-flow wp-block-group-is-layout-flow\">\n<h2 class=\"wp-block-heading\">Settore industriale<\/h2>\n\n\n\n<p>Scopri di pi\u00f9 sulle soluzioni sostenibili che abbiamo fornito a svariati settori globali per il trasporto di prodotti semi-viscosi, solidi e liquidi.<\/p>\n\n\n\n<p class=\"link-blue-underline\"><a href=\"https:\/\/www.cdf1.com\/stories\/industrial\/\">Scopri di pi\u00f9<\/a><\/p>\n<\/div><\/div>\n<\/div>\n<\/div>\n<\/div><\/div>\n\n\n\n<div class=\"wp-block-group fixed-width fixed-980 padding-top-80 padding-bottom-120 text-img-outstand-section vc-wrap\"><div class=\"wp-block-group__inner-container is-layout-flow wp-block-group-is-layout-flow\">\n<div class=\"wp-block-columns is-layout-flex wp-container-core-columns-is-layout-9d6595d7 wp-block-columns-is-layout-flex\">\n<div class=\"wp-block-column is-layout-flow wp-block-column-is-layout-flow\">\n<div class=\"wp-block-group text-wrap max-width-450\"><div class=\"wp-block-group__inner-container is-layout-flow wp-block-group-is-layout-flow\">\n<h2 class=\"wp-block-heading\">Food &amp; Beverage<\/h2>\n\n\n\n<p>Per il settore alimentare le soluzioni di imballaggio sono sempre pi\u00f9 fondamentali. Scopri come le nostre soluzioni sostenibili contribuiscono a ridurre l&#8217;utilizzo dei materiali. In CDF realizziamo sistemi di imballaggio che non solo garantiscono la sostenibilit\u00e0 delle confezioni ma pi\u00f9 in generale anche quella del settore alimentare. Siamo consapevoli che l&#8217;integrit\u00e0 del prodotto, le efficienze dei sistemi e la responsabilit\u00e0 ambientale sono tutti aspetti critici delle operazioni di confezionamento, conservazione e trasporto dei prodotti alimentari. Lavoriamo a stretto contatto con i clienti per creare imballaggi che proteggano il loro contenuto, ottimizzino le scadenze e assicurino la fornitura di prodotti sicuri e di qualit\u00e0 ai loro clienti.\u00a0<\/p>\n\n\n\n<p class=\"link-blue-underline\"><a href=\"https:\/\/www.cdf1.com\/stories\/food-beverage\/\">Scopri di pi\u00f9<\/a><\/p>\n<\/div><\/div>\n<\/div>\n\n\n\n<div class=\"wp-block-column is-layout-flow wp-block-column-is-layout-flow\">\n<div class=\"wp-block-group text-img-overlap-wrap\"><div class=\"wp-block-group__inner-container is-layout-flow wp-block-group-is-layout-flow\">\n<div class=\"wp-block-group outstand-text-wrap\"><div class=\"wp-block-group__inner-container is-layout-flow wp-block-group-is-layout-flow\">\n<p><strong>Il 85% <\/strong><\/p>\n\n\n\n<p>di plastica in meno <br\/>rispetto ai bidoni in plastica tradizionali<\/p>\n<\/div><\/div>\n\n\n\n<figure class=\"wp-block-image size-large slide-up-figure\"><img decoding=\"async\" width=\"758\" height=\"714\" data-src=\"https:\/\/www.cdf1.com\/wp-content\/uploads\/2021\/08\/food-and-beverage-2-1.jpg\" alt=\"CDF Meno plastica\" class=\"wp-image-1967 lazyload\" title=\"\" data-srcset=\"https:\/\/www.cdf1.com\/wp-content\/uploads\/2021\/08\/food-and-beverage-2-1.jpg 758w, https:\/\/www.cdf1.com\/wp-content\/uploads\/2021\/08\/food-and-beverage-2-1-300x283.jpg 300w\" data-sizes=\"(max-width: 758px) 100vw, 758px\" src=\"data:image\/svg+xml;base64,PHN2ZyB3aWR0aD0iMSIgaGVpZ2h0PSIxIiB4bWxucz0iaHR0cDovL3d3dy53My5vcmcvMjAwMC9zdmciPjwvc3ZnPg==\" style=\"--smush-placeholder-width: 758px; --smush-placeholder-aspect-ratio: 758\/714;\" \/><\/figure>\n<\/div><\/div>\n<\/div>\n<\/div>\n<\/div><\/div>\n<\/div><\/div>\n\n<div class=\"wp-block-group bg-cdf-lavander-light\"><div class=\"wp-block-group__inner-container is-layout-flow wp-block-group-is-layout-flow\">\n<div class=\"wp-block-group fixed-width fixed-1080 video-text-section vc-wrap padding-top-120 padding-bottom-80\"><div class=\"wp-block-group__inner-container is-layout-flow wp-block-group-is-layout-flow\">\n<div class=\"wp-block-columns is-layout-flex wp-container-core-columns-is-layout-9d6595d7 wp-block-columns-is-layout-flex\">\n<div class=\"wp-block-column is-layout-flow wp-block-column-is-layout-flow\">\n<div class=\"wp-block-group single-video-wrap\"><div class=\"wp-block-group__inner-container is-layout-flow wp-block-group-is-layout-flow\">\n<figure class=\"wp-block-image size-full shadow-wrap slide-in-up\"><img decoding=\"async\" width=\"948\" height=\"894\" data-src=\"https:\/\/www.cdf1.com\/wp-content\/uploads\/2021\/09\/lubricant-and-greases.jpg\" alt=\"Storie di CDF - Lubrificanti e grassi\" class=\"wp-image-2330 lazyload\" title=\"\" data-srcset=\"https:\/\/www.cdf1.com\/wp-content\/uploads\/2021\/09\/lubricant-and-greases.jpg 948w, https:\/\/www.cdf1.com\/wp-content\/uploads\/2021\/09\/lubricant-and-greases-300x283.jpg 300w, https:\/\/www.cdf1.com\/wp-content\/uploads\/2021\/09\/lubricant-and-greases-768x724.jpg 768w\" data-sizes=\"(max-width: 948px) 100vw, 948px\" src=\"data:image\/svg+xml;base64,PHN2ZyB3aWR0aD0iMSIgaGVpZ2h0PSIxIiB4bWxucz0iaHR0cDovL3d3dy53My5vcmcvMjAwMC9zdmciPjwvc3ZnPg==\" style=\"--smush-placeholder-width: 948px; --smush-placeholder-aspect-ratio: 948\/894;\" \/><\/figure>\n<\/div><\/div>\n<\/div>\n\n\n\n<div class=\"wp-block-column is-layout-flow wp-block-column-is-layout-flow\">\n<div class=\"wp-block-group text-wrap max-width-450\"><div class=\"wp-block-group__inner-container is-layout-flow wp-block-group-is-layout-flow\">\n<h2 class=\"wp-block-heading\">Lubrificanti e grassi<\/h2>\n\n\n\n<p>I liner flessibili assicurano la qualit\u00e0 e l&#8217;affidabilit\u00e0 richieste dal settore chimico, senza gli effetti avversi sull&#8217;ambiente.<\/p>\n\n\n\n<p class=\"link-blue-underline\"><a href=\"https:\/\/www.cdf1.com\/stories\/lubricant-greases\/\">Scopri di pi\u00f9<\/a><\/p>\n<\/div><\/div>\n<\/div>\n<\/div>\n<\/div><\/div>\n\n\n\n<div class=\"wp-block-group fixed-width fixed-980 padding-top-80 padding-bottom-120 text-img-outstand-section vc-wrap\"><div class=\"wp-block-group__inner-container is-layout-flow wp-block-group-is-layout-flow\">\n<div class=\"wp-block-columns is-layout-flex wp-container-core-columns-is-layout-9d6595d7 wp-block-columns-is-layout-flex\">\n<div class=\"wp-block-column is-layout-flow wp-block-column-is-layout-flow\">\n<div class=\"wp-block-group text-wrap max-width-450\"><div class=\"wp-block-group__inner-container is-layout-flow wp-block-group-is-layout-flow\">\n<h2 class=\"wp-block-heading\">Settore automotive<\/h2>\n\n\n\n<p>Una delle nostre principali preoccupazioni \u00e8 la qualit\u00e0 dei tuoi prodotti. Impieghiamo solo la plastica della migliore qualit\u00e0 e le resine approvate dall&#8217;FDA, alzando l&#8217;asticella in termini di efficienza.<\/p>\n\n\n\n<p class=\"link-blue-underline\"><a href=\"https:\/\/www.cdf1.com\/stories\/automotive\/\">Scopri di pi\u00f9<\/a><\/p>\n<\/div><\/div>\n<\/div>\n\n\n\n<div class=\"wp-block-column is-layout-flow wp-block-column-is-layout-flow\">\n<div class=\"wp-block-group text-img-overlap-wrap\"><div class=\"wp-block-group__inner-container is-layout-flow wp-block-group-is-layout-flow\">\n<div class=\"wp-block-group outstand-text-wrap\"><div class=\"wp-block-group__inner-container is-layout-flow wp-block-group-is-layout-flow\">\n<p><strong>15 mil<\/strong><\/p>\n\n\n\n<p>di liner LDPE riducono al minimo <br\/>l&#8217;imballaggio necessario <br\/>per proteggere il prodotto<\/p>\n<\/div><\/div>\n\n\n\n<figure class=\"wp-block-image size-full slide-up-figure\"><img decoding=\"async\" width=\"758\" height=\"714\" data-src=\"https:\/\/www.cdf1.com\/wp-content\/uploads\/2021\/09\/automotive-placeholder.jpg\" alt=\"CDF - Settore automotive\" class=\"wp-image-2332 lazyload\" title=\"\" data-srcset=\"https:\/\/www.cdf1.com\/wp-content\/uploads\/2021\/09\/automotive-placeholder.jpg 758w, https:\/\/www.cdf1.com\/wp-content\/uploads\/2021\/09\/automotive-placeholder-300x283.jpg 300w\" data-sizes=\"(max-width: 758px) 100vw, 758px\" src=\"data:image\/svg+xml;base64,PHN2ZyB3aWR0aD0iMSIgaGVpZ2h0PSIxIiB4bWxucz0iaHR0cDovL3d3dy53My5vcmcvMjAwMC9zdmciPjwvc3ZnPg==\" style=\"--smush-placeholder-width: 758px; --smush-placeholder-aspect-ratio: 758\/714;\" \/><\/figure>\n<\/div><\/div>\n<\/div>\n<\/div>\n<\/div><\/div>\n<\/div><\/div>\n\n<div class=\"wp-block-group bg-blue-shape-bottom\"><div class=\"wp-block-group__inner-container is-layout-flow wp-block-group-is-layout-flow\">\n<div class=\"wp-block-group fixed-width fixed-1080 video-text-section vc-wrap padding-top-120 padding-bottom-80\"><div class=\"wp-block-group__inner-container is-layout-flow wp-block-group-is-layout-flow\">\n<div class=\"wp-block-columns is-layout-flex wp-container-core-columns-is-layout-9d6595d7 wp-block-columns-is-layout-flex\">\n<div class=\"wp-block-column is-layout-flow wp-block-column-is-layout-flow\">\n<div class=\"wp-block-group single-video-wrap\"><div class=\"wp-block-group__inner-container is-layout-flow wp-block-group-is-layout-flow\">\n<figure class=\"wp-block-image size-full shadow-wrap slide-in-up\"><img decoding=\"async\" width=\"948\" height=\"894\" data-src=\"https:\/\/www.cdf1.com\/wp-content\/uploads\/2022\/01\/paintings-coatings-featured.jpg\" alt=\"Vernici e rivestimenti\" class=\"wp-image-5705 lazyload\" title=\"\" data-srcset=\"https:\/\/www.cdf1.com\/wp-content\/uploads\/2022\/01\/paintings-coatings-featured.jpg 948w, https:\/\/www.cdf1.com\/wp-content\/uploads\/2022\/01\/paintings-coatings-featured-300x283.jpg 300w, https:\/\/www.cdf1.com\/wp-content\/uploads\/2022\/01\/paintings-coatings-featured-768x724.jpg 768w\" data-sizes=\"(max-width: 948px) 100vw, 948px\" src=\"data:image\/svg+xml;base64,PHN2ZyB3aWR0aD0iMSIgaGVpZ2h0PSIxIiB4bWxucz0iaHR0cDovL3d3dy53My5vcmcvMjAwMC9zdmciPjwvc3ZnPg==\" style=\"--smush-placeholder-width: 948px; --smush-placeholder-aspect-ratio: 948\/894;\" \/><\/figure>\n<\/div><\/div>\n<\/div>\n\n\n\n<div class=\"wp-block-column is-layout-flow wp-block-column-is-layout-flow\">\n<div class=\"wp-block-group text-wrap max-width-450\"><div class=\"wp-block-group__inner-container is-layout-flow wp-block-group-is-layout-flow\">\n<h2 class=\"wp-block-heading\">Vernici e rivestimenti<\/h2>\n\n\n\n<p>Lavoriamo a stretto contatto con il settore delle vernici e dei rivestimenti per progettare e produrre soluzioni di imballaggio che garantiscano l&#8217;integrit\u00e0 del prodotto e assicurino al contempo un esterno durevole.<\/p>\n\n\n\n<p class=\"link-blue-underline\"><a href=\"https:\/\/www.cdf1.com\/stories\/paints-coatings\/\">Scopri di pi\u00f9<\/a><\/p>\n<\/div><\/div>\n<\/div>\n<\/div>\n<\/div><\/div>\n\n\n\n<div class=\"wp-block-group fixed-width fixed-980 padding-top-80 padding-bottom-120 text-img-outstand-section vc-wrap\"><div class=\"wp-block-group__inner-container is-layout-flow wp-block-group-is-layout-flow\">\n<div class=\"wp-block-columns is-layout-flex wp-container-core-columns-is-layout-9d6595d7 wp-block-columns-is-layout-flex\">\n<div class=\"wp-block-column is-layout-flow wp-block-column-is-layout-flow\">\n<div class=\"wp-block-group text-wrap max-width-450\"><div class=\"wp-block-group__inner-container is-layout-flow wp-block-group-is-layout-flow\">\n<h2 class=\"wp-block-heading\">Cosmetici<\/h2>\n\n\n\n<p>Abbiamo eliminato oltre 1.400 tonnellate di rifiuti plastici (5.000 campi da calcio!) all&#8217;anno con le nostre innovazioni sostenibili nel settore degli imballaggi destinati ai prodotti cosmetici.<\/p>\n\n\n\n<p class=\"link-blue-underline\"><a href=\"https:\/\/www.cdf1.com\/it\/cosmetic-2\/\">Scopri di pi\u00f9<\/a><\/p>\n<\/div><\/div>\n<\/div>\n\n\n\n<div class=\"wp-block-column is-layout-flow wp-block-column-is-layout-flow\">\n<div class=\"wp-block-group text-img-overlap-wrap\"><div class=\"wp-block-group__inner-container is-layout-flow wp-block-group-is-layout-flow\">\n<div class=\"wp-block-group outstand-text-wrap\"><div class=\"wp-block-group__inner-container is-layout-flow wp-block-group-is-layout-flow\">\n<p><strong>Il 33%<\/strong><\/p>\n\n\n\n<p>in meno di spazio sprecato<\/p>\n<\/div><\/div>\n\n\n\n<figure class=\"wp-block-image size-large slide-up-figure\"><img decoding=\"async\" width=\"758\" height=\"714\" data-src=\"https:\/\/www.cdf1.com\/wp-content\/uploads\/2021\/08\/retail-2-2.jpg\" alt=\"in meno di spazio sprecato\" class=\"wp-image-1968 lazyload\" title=\"\" data-srcset=\"https:\/\/www.cdf1.com\/wp-content\/uploads\/2021\/08\/retail-2-2.jpg 758w, https:\/\/www.cdf1.com\/wp-content\/uploads\/2021\/08\/retail-2-2-300x283.jpg 300w\" data-sizes=\"(max-width: 758px) 100vw, 758px\" src=\"data:image\/svg+xml;base64,PHN2ZyB3aWR0aD0iMSIgaGVpZ2h0PSIxIiB4bWxucz0iaHR0cDovL3d3dy53My5vcmcvMjAwMC9zdmciPjwvc3ZnPg==\" style=\"--smush-placeholder-width: 758px; --smush-placeholder-aspect-ratio: 758\/714;\" \/><\/figure>\n<\/div><\/div>\n<\/div>\n<\/div>\n<\/div><\/div>\n<\/div><\/div>\n\n<div class=\"wp-block-cover has-background-dim inner-page-cta-section\" style=\"background-color:#015174\"><div class=\"wp-block-cover__inner-container is-layout-flow wp-block-cover-is-layout-flow\">\n<div class=\"wp-block-group fixed-width fixed-980 padding-top-100 text-wrap\"><div class=\"wp-block-group__inner-container is-layout-flow wp-block-group-is-layout-flow\">\n<h2 class=\"has-text-align-center wp-block-heading\"><strong>Prendi parte anche tu alla rivoluzione degli imballaggi consapevoli<\/strong><\/h2>\n<\/div><\/div>\n\n\n\n<div class=\"wp-block-group fixed-width fixed-780 padding-bottom-80 text-wrap\"><div class=\"wp-block-group__inner-container is-layout-flow wp-block-group-is-layout-flow\">\n<p class=\"has-text-align-center\">Fai anche tu la tua mossa verso la sostenibilit\u00e0. Scopri quanti vantaggi otterr\u00e0 la tua azienda con le soluzioni di imballaggio consapevoli.<\/p>\n\n\n\n<p class=\"has-text-align-center outlined-white-link margin-top-60\"><a href=\"https:\/\/www.cdf1.com\/it\/contattaci\/\">Contattaci<\/a><\/p>\n<\/div><\/div>\n<\/div><\/div>\n","protected":false},"excerpt":{"rendered":"<p>Storie Come \u00e8 fatto Il nostro obiettivo Grazie alle conoscenze tecniche e produttive, CDF \u00e8 leader internazionale nella produzione di liner per bidoni, fusti, contenitori IBC e Bag-in-Box. Il grande successo delle soluzioni di imballaggio flessibili di CDF \u00e8 dovuto all&#8217;impiego di macchinari, materiali e tecniche di produzione all&#8217;avanguardia. Settore industriale Scopri di pi\u00f9 sulle [&hellip;]<\/p>\n","protected":false},"author":1,"featured_media":1881,"parent":0,"menu_order":0,"comment_status":"closed","ping_status":"closed","template":"","meta":{"_acf_changed":false,"content-type":"","_genesis_hide_title":false,"_genesis_hide_breadcrumbs":false,"_genesis_hide_singular_image":false,"_genesis_hide_footer_widgets":false,"_genesis_custom_body_class":"","_genesis_custom_post_class":"","_genesis_layout":"full-width-content","footnotes":""},"class_list":{"0":"post-9948","1":"page","2":"type-page","3":"status-publish","4":"has-post-thumbnail","6":"entry"},"acf":[],"featured_image_src":"https:\/\/www.cdf1.com\/wp-content\/uploads\/2020\/07\/new-feature-placeholder-sliced.png","featured_image_src_square":"https:\/\/www.cdf1.com\/wp-content\/uploads\/2020\/07\/new-feature-placeholder-sliced.png","_links":{"self":[{"href":"https:\/\/www.cdf1.com\/it\/wp-json\/wp\/v2\/pages\/9948","targetHints":{"allow":["GET"]}}],"collection":[{"href":"https:\/\/www.cdf1.com\/it\/wp-json\/wp\/v2\/pages"}],"about":[{"href":"https:\/\/www.cdf1.com\/it\/wp-json\/wp\/v2\/types\/page"}],"author":[{"embeddable":true,"href":"https:\/\/www.cdf1.com\/it\/wp-json\/wp\/v2\/users\/1"}],"replies":[{"embeddable":true,"href":"https:\/\/www.cdf1.com\/it\/wp-json\/wp\/v2\/comments?post=9948"}],"version-history":[{"count":8,"href":"https:\/\/www.cdf1.com\/it\/wp-json\/wp\/v2\/pages\/9948\/revisions"}],"predecessor-version":[{"id":11265,"href":"https:\/\/www.cdf1.com\/it\/wp-json\/wp\/v2\/pages\/9948\/revisions\/11265"}],"wp:featuredmedia":[{"embeddable":true,"href":"https:\/\/www.cdf1.com\/it\/wp-json\/wp\/v2\/media\/1881"}],"wp:attachment":[{"href":"https:\/\/www.cdf1.com\/it\/wp-json\/wp\/v2\/media?parent=9948"}],"curies":[{"name":"wp","href":"https:\/\/api.w.org\/{rel}","templated":true}]}}