{"id":10443,"date":"2024-01-19T17:49:10","date_gmt":"2024-01-19T17:49:10","guid":{"rendered":"https:\/\/www.cdf1.com\/condizioni-duso-del-sito-web\/"},"modified":"2024-02-25T10:33:42","modified_gmt":"2024-02-25T10:33:42","slug":"condizioni-duso-del-sito-web","status":"publish","type":"page","link":"https:\/\/www.cdf1.com\/it\/condizioni-duso-del-sito-web\/","title":{"rendered":"Condizioni d&#8217;uso del Sito Web"},"content":{"rendered":"\n<div class=\"wp-block-group page-heading\"><div class=\"wp-block-group__inner-container is-layout-flow wp-block-group-is-layout-flow\">\n<div class=\"wp-block-cover\" style=\"min-height:355px;aspect-ratio:unset;\"><img decoding=\"async\" width=\"2560\" height=\"918\" class=\"wp-block-cover__image-background wp-image-1693 lazyload\" alt=\"\" data-src=\"https:\/\/www.cdf1.com\/wp-content\/uploads\/2021\/08\/careers-single-header.jpg\" data-object-fit=\"cover\" data-srcset=\"https:\/\/www.cdf1.com\/wp-content\/uploads\/2021\/08\/careers-single-header.jpg 2560w, https:\/\/www.cdf1.com\/wp-content\/uploads\/2021\/08\/careers-single-header-300x108.jpg 300w, https:\/\/www.cdf1.com\/wp-content\/uploads\/2021\/08\/careers-single-header-1024x367.jpg 1024w, https:\/\/www.cdf1.com\/wp-content\/uploads\/2021\/08\/careers-single-header-768x275.jpg 768w, https:\/\/www.cdf1.com\/wp-content\/uploads\/2021\/08\/careers-single-header-1536x551.jpg 1536w, https:\/\/www.cdf1.com\/wp-content\/uploads\/2021\/08\/careers-single-header-2048x734.jpg 2048w\" data-sizes=\"(max-width: 2560px) 100vw, 2560px\" src=\"data:image\/svg+xml;base64,PHN2ZyB3aWR0aD0iMSIgaGVpZ2h0PSIxIiB4bWxucz0iaHR0cDovL3d3dy53My5vcmcvMjAwMC9zdmciPjwvc3ZnPg==\" style=\"--smush-placeholder-width: 2560px; --smush-placeholder-aspect-ratio: 2560\/918;\" \/><div class=\"wp-block-cover__inner-container is-layout-flow wp-block-cover-is-layout-flow\">\n<div class=\"wp-block-group fixed-width fixed-1080 heading-inner-wrap\"><div class=\"wp-block-group__inner-container is-layout-flow wp-block-group-is-layout-flow\">\n<div class=\"wp-block-group text-wrap\"><div class=\"wp-block-group__inner-container is-layout-flow wp-block-group-is-layout-flow\">\n<h1 class=\"wp-block-heading\"><strong><\/strong>Condizioni d&#8217;uso del Sito Web<\/h1>\n<\/div><\/div>\n<\/div><\/div>\n<\/div><\/div>\n<\/div><\/div>\n\n<div class=\"wp-block-group fixed-width fixed-1080 padding-top-120 padding-bottom-80 single-case-study-section\"><div class=\"wp-block-group__inner-container is-layout-flow wp-block-group-is-layout-flow\">\n<div class=\"wp-block-group challenge-solution-wrap\"><div class=\"wp-block-group__inner-container is-layout-flow wp-block-group-is-layout-flow\">\n<p>Grazie per aver visitato il Sito Web (il &#8220;Sito&#8221;) di CDF Corporation (&#8220;CDF&#8221;). \u00a0 Questa pagina illustra le condizioni (&#8220;Condizioni d&#8217;uso&#8221;) che disciplinano l&#8217;uso del Sito.  La conformit\u00e0 alle presenti Condizioni d&#8217;uso \u00e8 imprescindibile per l&#8217;uso del Sito. \u00a0 Qualora l&#8217;utente non accetti di essere vincolato dalle presenti Condizioni d&#8217;uso, deve uscire immediatamente dal Sito.<\/p>\n\n\n\n<h2 class=\"wp-block-heading\">Propriet\u00e0 del Sito<\/h2>\n\n\n\n<p>Tutti i contenuti di questo Sito, inclusi, in via esemplificativa, testo, grafica, loghi, icone di pulsanti, immagini, clip audio, download digitali, raccolte di dati e software, (i &#8220;Contenuti del Sito&#8221;) sono propriet\u00e0 di CDF o dei suoi fornitori di contenuti e sono protetti nella misura massima consentita dalle leggi degli Stati Uniti e internazionali sul copyright, i marchi commerciali e altri diritti proprietari. \u00a0 La compilazione di tutti i contenuti su questo Sito \u00e8 esclusiva propriet\u00e0 di CDF ed \u00e8 protetta dalle leggi sul copyright degli Stati Uniti e internazionali. \u00a0 Tutto il software usato in questo Sito \u00e8 propriet\u00e0 di CDF o dei suoi fornitori di software ed \u00e8 protetto dalle leggi sul copyright degli Stati Uniti e internazionali.<\/p>\n\n\n\n<p>\u00c8 vietato copiare, distribuire, modificare, riprodurre, pubblicare o usare, interamente o in parte, senza il previo consenso scritto di CDF, i contenuti del Sito, fatta eccezione per il download di suddetti contenuti su un singolo computer per uso personale, a condizione di mantenere intatti tutti gli avvisi sul copyright, i marchi commerciali e la propriet\u00e0 e di rispettare tutti i contratti di licenza con l&#8217;utente finale applicabili. \u00a0 \u00c8 vietato riprodurre in qualsiasi forma o incorporare i contenuti del Sito in sistemi di recupero delle informazioni, elettronici o meccanici, se non per il proprio uso personale in conformit\u00e0 alle presenti Condizioni d&#8217;uso (ma in nessun caso a scopo di rivendita o ridistribuzione).<\/p>\n\n\n\n<p>\u00c8 vietato utilizzare tecniche di framing su qualsiasi nome, marchio, marchio di servizio, contenuto del Sito o qualsiasi altra informazione proprietaria di CDF senza prima ottenere il consenso scritto di CDF.<\/p>\n\n\n\n<h2 class=\"wp-block-heading\">Dati<\/h2>\n\n\n\n<p>L&#8217;utente riconosce e accetta che CDF dispone di una licenza e un diritto trasferibili, non esclusivi, irrevocabili, interamente pagati, perpetui e esenti da royalty all&#8217;uso di tutti i dati, record e altre informazioni trasmesse a, da o attraverso il Sito, o forniti in altro modo a CDF in relazione all&#8217;uso del Sito (i &#8220;Dati&#8221;), per le finalit\u00e0 commerciali di CDF e per tutti i media noti al momento o sviluppati in seguito. \u00a0 Nell&#8217;ambito dei diritti di cui sopra, CDF detiene il diritto specifico di sviluppare, popolare e modificare un database contenente tutti i Dati compilati da CDF sul Sito (il &#8220;Database del Sito&#8221;). \u00a0 L&#8217;utente riconosce che il Database del Sito viene continuamente rivisto e aggiornato e che potrebbe ampliarsi con i Dati ottenuti durante l&#8217;uso del Sito. \u00a0 Come condizione d&#8217;uso di questo Sito, l&#8217;utente accetta che (i) CDF ha facolt\u00e0 di raccogliere tali Dati con mezzi fisici o elettronici; e (ii) CDF manterr\u00e0 la propriet\u00e0, la titolarit\u00e0 e l&#8217;interesse nel Database del Sito, sottoposto periodicamente a modifiche.<\/p>\n\n\n\n<h2 class=\"wp-block-heading\">Marchi<\/h2>\n\n\n\n<p>DRUMSAVER, PAILSAVER, LINERPRO, EZ-STRAINER, CHEMLINER, ULTRALINER e il logo CDF, e altri marchi indicati su questo Sito, sono marchi commerciali e di servizio di CDF, negli Stati Uniti e in altri paesi. \u00a0 I marchi commerciali, i marchi di servizio e l&#8217;identit\u00e0 commerciale di CDF non possono essere utilizzati senza il previo consenso scritto di CDF. \u00a0 Tutti gli altri marchi commerciali non di propriet\u00e0 di CDF che compaiono in questo Sito sono di propriet\u00e0 dei rispettivi proprietari, che potrebbe essere affiliati, collegati o sponsorizzati da CDF.<\/p>\n\n\n\n<h2 class=\"wp-block-heading\">Accuratezza e integrit\u00e0 delle informazioni<\/h2>\n\n\n\n<p>Sebbene CDF tenti di garantire l&#8217;integrit\u00e0 e l&#8217;accuratezza del Sito, non avanza alcuna garanzia in merito alla correttezza o all&#8217;accuratezza del Sito. \u00a0 \u00c8 possibile che il Sito includa errori tipografici, imprecisioni o altri errori e che terze parti eseguano aggiunte, eliminazioni e alterazioni non autorizzate nel Sito. \u00a0 Qualora emergano imprecisioni, informare CDF. \u00a0 Le informazioni contenute sul Sito possono essere modificate o aggiornate senza preavviso.<\/p>\n\n\n\n<h2 class=\"wp-block-heading\">Aree interattive<\/h2>\n\n\n\n<p>Rispetto alle eventuali aree interattive del Sito, l&#8217;utente ha facolt\u00e0 di pubblicare commenti e altri contenuti nonch\u00e9 inviare suggerimenti, idee, commenti, domande o altre informazioni, purch\u00e9 non illegali, osceni, minacciosi, diffamatori, invasivi della privacy, contrari ai diritti di propriet\u00e0 intellettuale o ingiuriosi rispetto a terze parti e purch\u00e9 tali contenuti non contengano virus, propagande politiche, messaggi pubblicitari, catene di sant&#8217;antonio, mailing di massa o qualsiasi forma di posta elettronica indesiderata.<\/p>\n\n\n\n<p>CDF si riserva il diritto, ma senza obblighi, di monitorare o rivedere aree del Sito in cui i visitatori trasmettono o pubblicano messaggi o comunicano tra loro, inclusi, in via esemplificativa, le chat room, i bulletin board e altri forum nonch\u00e9 il contenuto di tali comunicazioni. CDF, tuttavia, non sar\u00e0 ritenuta responsabile relativamente al contenuto di tali comunicazioni, in relazione o meno alle leggi su copyright, diffamazione, privacy, oscenit\u00e0 o altro. \u00a0 CDF mantiene il diritto di rimuovere, a sua sola e assoluta discrezione, tutte le comunicazioni che includono tutto il materiale ritenuto da CDF, a sua sola discrezione, offensivo, diffamatorio, osceno o inappropriato.<\/p>\n\n\n\n<h2 class=\"wp-block-heading\">Esclusione di garanzie<\/h2>\n\n\n\n<p>CDF NON GARANTISCE CHE L&#8217;ACCESSO O L&#8217;USO DEL SITO AVVERR\u00c0 SENZA INTERRUZIONI O ERRORI O CHE I DIFETTI RILEVATI NEL SITO VERRANNO CORRETTI. \u00a0 QUESTO SITO, INCLUSI I CONTENUTI O ALTRE INFORMAZIONI IN ESSO CONTENUTE O IN QUALSIASI SERVIZIO CORRELATO, VIENE FORNITO &#8220;COS\u00cc COM&#8217;\u00c8&#8221;, CON TUTTI GLI ERRORI E SENZA DICHIARAZIONI O GARANZIE DI ALCUN TIPO, ESPRESSE O IMPLICITE, INCLUSE, IN VIA ESEMPLIFICATIVA, LE GARANZIE IMPLICITE DI COMMERCIABILIT\u00c0, IDONEIT\u00c0 PER UNO SCOPO PARTICOLARE, QUALIT\u00c0 DELLE INFORMAZIONI, PACIFICO GODIMENTO E TITOLARIT\u00c0\/NON VIOLAZIONE. \u00a0 CDF ESCLUDE IN MODO SPECIFICO TUTTE LE RESPONSABILIT\u00c0 IN CASO DI ERRORI O OMISSIONI, USO IMPROPRIO O ERRATA INTERPRETAZIONE DELLE INFORMAZIONI CONTENUTE NEL SITO. \u00a0 CDF NON GARANTISCE L&#8217;ACCURATEZZA, LA COMPLETEZZA O LA PUNTUALIT\u00c0 DELLE INFORMAZIONI OTTENUTE ATTRAVERSO IL SITO.<\/p>\n\n\n\n<p>L&#8217;UTENTE SI ASSUME L&#8217;INTERA RESPONSABILIT\u00c0 E TUTTI I RISCHI IN MERITO ALL&#8217;USO DEL SITO, DEI SERVIZI CORRELATI E DEI SITI WEB A CUI RIMANDANO I COLLEGAMENTI IPERTESTUALI. \u00a0 ALCUNE LEGGI STATALI NON CONSENTONO LIMITAZIONI N\u00c9 GARANZIE IMPLICITE. \u00a0 QUALORA QUESTE LEGGI SI APPLICHINO ALL&#8217;UTENTE, ALCUNE DELLE SUDDETTE ESCLUSIONI DI GARANZIA O LIMITAZIONI POTREBBERO NON APPLICARSI ALL&#8217;UTENTE IL QUALE POTREBBE DETENERE DIRITTI AGGIUNTIVI.<\/p>\n\n\n\n<p>CDF NON GARANTISCE CHE I FILE DISPONIBILI PER IL DOWNLOAD SARANNO PRIVI DI VIRUS, WORM, TROJAN HORSE O ALTRI PROGRAMMI DISTRUTTIVI. \u00a0 L&#8217;UTENTE \u00c8 RESPONSABILE DELL&#8217;IMPLEMENTAZIONE DELLE PROCEDURE, SUFFICIENTI A SODDISFARE LE ESIGENZE IN MERITO ALLA SICUREZZA E AL BACKUP DEI DATI. \u00a0 L&#8217;UTENTE ACCETTA CHE CDF NON SAR\u00c0 RITENUTA RESPONSABILE DI EVENTUALI COSTI O DANNI DERIVANTI DIRETTAMENTE O INDIRETTAMENTE DA QUESTO CODICE. \u00a0 L&#8217;UTENTE SI ASSUME L&#8217;INTERA RESPONSABILIT\u00c0 E TUTTI I RISCHI IN MERITO ALL&#8217;USO DEL SITO E DI INTERNET.<\/p>\n\n\n\n<h2 class=\"wp-block-heading\">Limitazione di responsabilit\u00e0 in merito all&#8217;uso del Sito<\/h2>\n\n\n\n<p>CDF ED EVENTUALI TERZE PARTI CITATE IN QUESTO SITO NON POSSONO ESSERE RITENUTI RESPONSABILI PER DANNI DIRETTI, INDIRETTI, INCIDENTALI, CONSEQUENZIALI, SPECIALI, ESEMPLARI, PUNITIVI O ALTRO (INCLUSI, IN VIA ESEMPLIFICATIVA, QUELLI RISULTANTI DA PERDITA DI PROFITTI, PERDITA DI DATI O INTERRUZIONE DELL&#8217;ATTIVIT\u00c0) DERIVANTI O CORRELATI IN QUALSIASI MODO AL SITO, AI SERVIZI CORRELATI, AI CONTENUTI O ALTRE INFORMAZIONI CONTENUTE NEL SITO E\/O SU QUALSIASI SITO WEB A CUI RIMANDANO COLLEGAMENTI IPERTESTUALI, SIANO ESSI RELATIVI ALLA GARANZIA, AL CONTRATTO, A UNA NEGLIGENZA O A QUALSIASI ALTRA TEORIA GIURIDICA E A PRESCINDERE CHE L&#8217;UTENTE SIA STATO AVVISATO DELLA POSSIBILIT\u00c0 DI TALI DANNI. \u00a0 L&#8217;ESCLUSIVO RIMEDIO PER L&#8217;INSODDISFAZIONE CON IL SITO, I SERVIZI CORRELATI E\/O I SITI WEB A CUI RIMANDANO I COLLEGAMENTI IPERTESTUALI NEL SITO CONSISTE NELL&#8217;INTERROMPERE L&#8217;UTILIZZO DEL SITO E\/O DEI SERVIZI. \u00a0 ALCUNE LEGGI STATALI NON CONSENTONO LIMITAZIONI N\u00c9 GARANZIE IMPLICITE. \u00a0 QUALORA QUESTE LEGGI SI APPLICHINO ALL&#8217;UTENTE, ALCUNE DELLE SUDDETTE ESCLUSIONI DI GARANZIA O LIMITAZIONI POTREBBERO NON APPLICARSI ALL&#8217;UTENTE IL QUALE POTREBBE DETENERE DIRITTI AGGIUNTIVI.<\/p>\n\n\n\n<h2 class=\"wp-block-heading\">Manleva<\/h2>\n\n\n\n<p>L&#8217;utente accetta di indennizzare, difendere e manlevare CDF, le sue affiliate, i provider di informazioni e i suoi funzionari, direttori, dipendenti e agenti da tutte le perdite, le spese, i danni e i costi, incluse le spese legali ragionevoli, risultanti da qualsiasi violazione delle presenti Condizioni d&#8217;uso.<\/p>\n\n\n\n<h2 class=\"wp-block-heading\">Collegamenti o puntatori ad altri siti<\/h2>\n\n\n\n<p>CDF non fa alcuna dichiarazione in merito ad altri siti Web accessibili attraverso questo Sito. \u00a0 Quando si accede a un sito non CDF, l&#8217;utente deve essere consapevole che tale sito Web non CDF \u00e8 indipendente da CDF e che CDF non ha alcun controllo sul contenuto dello stesso. \u00a0 Inoltre, la presenza di un collegamento ipertestuale a un sito Web non CDF non implica che CDF approvi o accetti qualsiasi responsabilit\u00e0 in merito al contenuto o all&#8217;uso del sito collegato. \u00a0 Sta all&#8217;utente prendere tutte le necessarie precauzioni affinch\u00e9 ci\u00f2 che seleziona per l&#8217;uso o il download sia privo di difetti come virus, worm, Trojan horse e altri elementi di natura distruttiva. \u00a0 Qualora l&#8217;utente decida di accedere a uno dei siti di terza parte collegati al Sito, lo fa assumendosi tutti i rischi.<\/p>\n\n\n\n<h2 class=\"wp-block-heading\">Procedura per presentare reclamo in caso di violazione del copyright<\/h2>\n\n\n\n<p>In conformit\u00e0 alla Sezione 202 del Digital Millennium Copyright Act, 17 U.S.C. \u00a7 512, CDF ha nominato un agente per la notifica della violazione fornendo le relative informazioni di contatto all&#8217;ufficio del copyright degli Stati Uniti. \u00a0 Eventuali notifiche di violazione del copyright devono essere inviate a CDF all&#8217;indirizzo riportato di seguito:<\/p>\n\n\n\n<p>CDF Corporation<br\/>77 Industrial Park Rd.<br\/>Plymouth, MA 02360<br\/>Telefono: 508-747-5858<br\/>E-mail: <a href=\"MAILTO:custserv@cdf1.com\">custserv@cdf1.com<\/a><\/p>\n\n\n\n<p>Se l&#8217;utente notifica a CDF una presunta violazione del copyright, deve fornire le seguenti informazioni:<br\/>(i) descrizione del lavoro protetto da copyright di cui presume la violazione o, se pi\u00f9 lavori protetti da copyright sono coperti da una singola notifica, un elenco rappresentativo di tali lavori; (ii) descrizione del materiale presumibilmente oggetto di violazione e informazioni sufficienti a consentire a CDF di individuare il materiale; (iii) informazioni ragionevolmente sufficienti a consentire a CDF di contattare l&#8217;utente, ad esempio un indirizzo, un numero di telefono e\/o un indirizzo e-mail; (iv) una dichiarazione in cui l&#8217;utente in buona fede afferma che l&#8217;uso del materiale oggetto del reclamo non \u00e8 autorizzato dal titolare del copyright o dal suo agente o dalla legge; e (v) una dichiarazione in cui l&#8217;utente afferma che le informazioni nella notifica sono accurate e che ha l&#8217;autorit\u00e0 di far valere i copyright di cui si presume la violazione.<\/p>\n\n\n\n<h2 class=\"wp-block-heading\">Nessuno scopo proibito o illegale<\/h2>\n\n\n\n<p>Come condizione per l&#8217;uso del Sito, l&#8217;utente garantisce a CDF che non user\u00e0 il Sito per qualsiasi scopo illegale o proibito dalle presenti Condizioni d&#8217;uso<\/p>\n<\/div><\/div>\n\n\n\n<div class=\"wp-block-group results-wrap padding-top-40 padding-bottom-20\"><div class=\"wp-block-group__inner-container is-layout-flow wp-block-group-is-layout-flow\">\n<h2 class=\"wp-block-heading\">Generale<\/h2>\n\n\n\n<p>CDF si riserva il diritto, a sua esclusiva discrezione, di terminare l&#8217;accesso, interamente o in parte, a questo Sito, con o senza giusta causa e con o senza preavviso. Qualora alcune delle presenti Condizioni d&#8217;uso vengano ritenute inapplicabili da una corte o da un tribunale di una giurisdizione competente, tali disposizioni saranno limitate o eliminate nella misura minima necessaria, mentre le restanti disposizioni delle presenti Condizioni d&#8217;uso continueranno ad avere piena efficacia\/pieno vigore ed effetto. Questo Sito e le presenti Condizioni d&#8217;uso saranno disciplinati e interpretati in conformit\u00e0 alle leggi del Commonwealth del Massachusetts, con l&#8217;esclusione di altre normative in materia di scelta della legge\/del diritto applicabile. Utilizzando il Sito, l&#8217;utente accetta di essere vincolato dall&#8217;esclusiva giurisdizione di, e accetta che tutti i contenziosi correlati direttamente o indirettamente a questo Sito e alle presenti Condizioni d&#8217;uso verranno dibattuti esclusivamente in un tribunale statale o federale nella Contea di Plymouth nel Commonwealth del Massachusetts, Stati Uniti, e di rinunciare a qualsiasi obiezione in suddetto tribunale in base alla mancanza di competenza per territorio, sede giurisdizionale non idonea o forum non conveniens. Le presenti Condizioni d&#8217;uso costituiscono l&#8217;intero accordo tra le parti relativamente alla materia e sostituiscono qualsiasi accordo o intesa contemporanea o precedente, scritta o orale, relativamente a suddetta materia. Qualsiasi rinuncia a qualsiasi disposizione delle presenti Condizioni d&#8217;uso sar\u00e0 efficace solo se scritta e firmata da CDF. A sua esclusiva discrezione, CDF ha facolt\u00e0, di tanto in tanto, di rivedere le Condizioni d&#8217;uso aggiornando questa pubblicazione. Alcune disposizioni delle presenti Condizioni d&#8217;uso possono essere sostituite da termini o note legali espressamente designate riportate su pagine specifiche del Sito.<\/p>\n\n\n\n<p>Copyright 2015 CDF Corporation. Tutti i diritti riservati.<\/p>\n<\/div><\/div>\n<\/div><\/div>\n","protected":false},"excerpt":{"rendered":"<p>Grazie per aver visitato il Sito Web (il &#8220;Sito&#8221;) di CDF Corporation (&#8220;CDF&#8221;). \u00a0 Questa pagina illustra le condizioni (&#8220;Condizioni d&#8217;uso&#8221;) che disciplinano l&#8217;uso del Sito. La conformit\u00e0 alle presenti Condizioni d&#8217;uso \u00e8 imprescindibile per l&#8217;uso del Sito. \u00a0 Qualora l&#8217;utente non accetti di essere vincolato dalle presenti Condizioni d&#8217;uso, deve uscire immediatamente dal Sito. [&hellip;]<\/p>\n","protected":false},"author":4,"featured_media":1881,"parent":0,"menu_order":0,"comment_status":"closed","ping_status":"closed","template":"","meta":{"_acf_changed":false,"content-type":"","_genesis_hide_title":false,"_genesis_hide_breadcrumbs":false,"_genesis_hide_singular_image":false,"_genesis_hide_footer_widgets":false,"_genesis_custom_body_class":"","_genesis_custom_post_class":"","_genesis_layout":"full-width-content","footnotes":""},"class_list":{"0":"post-10443","1":"page","2":"type-page","3":"status-publish","4":"has-post-thumbnail","6":"entry"},"acf":[],"featured_image_src":"https:\/\/www.cdf1.com\/wp-content\/uploads\/2020\/07\/new-feature-placeholder-sliced.png","featured_image_src_square":"https:\/\/www.cdf1.com\/wp-content\/uploads\/2020\/07\/new-feature-placeholder-sliced.png","_links":{"self":[{"href":"https:\/\/www.cdf1.com\/it\/wp-json\/wp\/v2\/pages\/10443","targetHints":{"allow":["GET"]}}],"collection":[{"href":"https:\/\/www.cdf1.com\/it\/wp-json\/wp\/v2\/pages"}],"about":[{"href":"https:\/\/www.cdf1.com\/it\/wp-json\/wp\/v2\/types\/page"}],"author":[{"embeddable":true,"href":"https:\/\/www.cdf1.com\/it\/wp-json\/wp\/v2\/users\/4"}],"replies":[{"embeddable":true,"href":"https:\/\/www.cdf1.com\/it\/wp-json\/wp\/v2\/comments?post=10443"}],"version-history":[{"count":3,"href":"https:\/\/www.cdf1.com\/it\/wp-json\/wp\/v2\/pages\/10443\/revisions"}],"predecessor-version":[{"id":11286,"href":"https:\/\/www.cdf1.com\/it\/wp-json\/wp\/v2\/pages\/10443\/revisions\/11286"}],"wp:featuredmedia":[{"embeddable":true,"href":"https:\/\/www.cdf1.com\/it\/wp-json\/wp\/v2\/media\/1881"}],"wp:attachment":[{"href":"https:\/\/www.cdf1.com\/it\/wp-json\/wp\/v2\/media?parent=10443"}],"curies":[{"name":"wp","href":"https:\/\/api.w.org\/{rel}","templated":true}]}}