{"id":10207,"date":"2023-12-04T19:15:52","date_gmt":"2023-12-04T19:15:52","guid":{"rendered":"https:\/\/www.cdf1.com\/imballaggi-per-ibc-per-il-settore-food-beverage\/"},"modified":"2024-02-25T10:35:33","modified_gmt":"2024-02-25T10:35:33","slug":"imballaggi-per-ibc-per-il-settore-food-beverage","status":"publish","type":"page","link":"https:\/\/www.cdf1.com\/it\/imballaggi-per-ibc-per-il-settore-food-beverage\/","title":{"rendered":"Imballaggi per IBC per il settore Food &amp; Beverage"},"content":{"rendered":"\n<div class=\"wp-block-group page-heading heading-img-bottom two-col-heading shadow-out-bottom\"><div class=\"wp-block-group__inner-container is-layout-flow wp-block-group-is-layout-flow\">\n<div class=\"wp-block-columns fixed-width is-layout-flex wp-container-core-columns-is-layout-9d6595d7 wp-block-columns-is-layout-flex\">\n<div class=\"wp-block-column is-layout-flow wp-block-column-is-layout-flow\" style=\"flex-basis:40%\">\n<div class=\"wp-block-group fixed-width fixed-1080 heading-inner-wrap\"><div class=\"wp-block-group__inner-container is-layout-flow wp-block-group-is-layout-flow\">\n<div class=\"wp-block-group text-wrap\"><div class=\"wp-block-group__inner-container is-layout-flow wp-block-group-is-layout-flow\">\n<h1 class=\"wp-block-heading has-text-color\" style=\"color:#0d80b1\"> Liner per IBC per il settore Food &amp; Beverage<\/h1>\n<\/div><\/div>\n<\/div><\/div>\n<\/div>\n\n\n\n<div class=\"wp-block-column is-layout-flow wp-block-column-is-layout-flow\" style=\"flex-basis:60%\">\n<figure class=\"wp-block-image size-large\"><img decoding=\"async\" width=\"1024\" height=\"894\" data-src=\"https:\/\/www.cdf1.com\/wp-content\/uploads\/2021\/10\/ibc-liners-heading-1024x894.jpg\" alt=\" Liner per IBC Heading\" class=\"wp-image-3533 lazyload\" data-srcset=\"https:\/\/www.cdf1.com\/wp-content\/uploads\/2021\/10\/ibc-liners-heading-1024x894.jpg 1024w, https:\/\/www.cdf1.com\/wp-content\/uploads\/2021\/10\/ibc-liners-heading-300x262.jpg 300w, https:\/\/www.cdf1.com\/wp-content\/uploads\/2021\/10\/ibc-liners-heading-768x670.jpg 768w, https:\/\/www.cdf1.com\/wp-content\/uploads\/2021\/10\/ibc-liners-heading.jpg 1052w\" data-sizes=\"(max-width: 1024px) 100vw, 1024px\" src=\"data:image\/svg+xml;base64,PHN2ZyB3aWR0aD0iMSIgaGVpZ2h0PSIxIiB4bWxucz0iaHR0cDovL3d3dy53My5vcmcvMjAwMC9zdmciPjwvc3ZnPg==\" style=\"--smush-placeholder-width: 1024px; --smush-placeholder-aspect-ratio: 1024\/894;\" \/><\/figure>\n<\/div>\n<\/div>\n<\/div><\/div>\n\n<div style=\"height:30px\" aria-hidden=\"true\" class=\"wp-block-spacer\"><\/div>\n\n<div class=\"wp-block-group fixed-width-custom padding-top-130 padding-bottom-80\"><div class=\"wp-block-group__inner-container is-layout-flow wp-block-group-is-layout-flow\">\n<h2 class=\"wp-block-heading has-text-align-center\">Categorie di prodotti<\/h2>\n\n\n\n<div class=\"wp-block-columns margin-top-60 is-layout-flex wp-container-core-columns-is-layout-9d6595d7 wp-block-columns-is-layout-flex\">\n<div class=\"wp-block-column is-layout-flow wp-block-column-is-layout-flow\"><\/div>\n\n\n\n<div class=\"wp-block-column is-layout-flow wp-block-column-is-layout-flow\">\n<div class=\"wp-block-media-text alignwide is-stacked-on-mobile\" style=\"grid-template-columns:45% auto\"><figure class=\"wp-block-media-text__media\"><img decoding=\"async\" width=\"700\" height=\"800\" data-src=\"https:\/\/www.cdf1.com\/wp-content\/uploads\/2022\/03\/Untitled-700-\u00d7-800-px.jpg\" alt=\"\" class=\"wp-image-7024 size-full lazyload\" src=\"data:image\/svg+xml;base64,PHN2ZyB3aWR0aD0iMSIgaGVpZ2h0PSIxIiB4bWxucz0iaHR0cDovL3d3dy53My5vcmcvMjAwMC9zdmciPjwvc3ZnPg==\" style=\"--smush-placeholder-width: 700px; --smush-placeholder-aspect-ratio: 700\/800;\" \/><\/figure><div class=\"wp-block-media-text__content\">\n<h3 class=\"wp-block-heading\">Liner a forma di cuscino<\/h3>\n\n\n\n<p><a href=\"https:\/\/www.cdf1.com\/it\/categoria-dei-liner-a-forma-di-cuscino-ibc\/\">Visualizza la categoria &gt;<\/a><\/p>\n<\/div><\/div>\n<\/div>\n\n\n\n<div class=\"wp-block-column is-layout-flow wp-block-column-is-layout-flow\">\n<div class=\"wp-block-media-text alignwide is-stacked-on-mobile\" style=\"grid-template-columns:37% auto\"><figure class=\"wp-block-media-text__media\"><img decoding=\"async\" width=\"600\" height=\"800\" data-src=\"https:\/\/www.cdf1.com\/wp-content\/uploads\/2022\/03\/Untitled-design-2.jpg\" alt=\"\" class=\"wp-image-7021 size-full lazyload\" src=\"data:image\/svg+xml;base64,PHN2ZyB3aWR0aD0iMSIgaGVpZ2h0PSIxIiB4bWxucz0iaHR0cDovL3d3dy53My5vcmcvMjAwMC9zdmciPjwvc3ZnPg==\" style=\"--smush-placeholder-width: 600px; --smush-placeholder-aspect-ratio: 600\/800;\" \/><\/figure><div class=\"wp-block-media-text__content\">\n<h3 class=\"wp-block-heading\">Liner Form-Fit&#x2122;<\/h3>\n\n\n\n<p><a href=\"https:\/\/www.cdf1.com\/it\/soluzioni\/liner-per-ibc\/liner-form-fit-ibc\/\">Visualizza la categoria &gt;<\/a><\/p>\n<\/div><\/div>\n<\/div>\n\n\n\n<div class=\"wp-block-column is-layout-flow wp-block-column-is-layout-flow\"><\/div>\n<\/div>\n<\/div><\/div>\n\n<div class=\"wp-block-group fixed-width fixed-1080 padding-top-140 padding-bottom-100 title-text-section below-heading-section bg-line-shape-contact\"><div class=\"wp-block-group__inner-container is-layout-flow wp-block-group-is-layout-flow\">\n<div class=\"wp-block-columns is-layout-flex wp-container-core-columns-is-layout-9d6595d7 wp-block-columns-is-layout-flex\">\n<div class=\"wp-block-column is-layout-flow wp-block-column-is-layout-flow\">\n<div class=\"wp-block-group section-title-mix text-wrap anim_init\"><div class=\"wp-block-group__inner-container is-layout-flow wp-block-group-is-layout-flow\">\n<h2 class=\"wp-block-heading\">Liner per IBC destinati<\/h2>\n\n\n\n<h3 class=\"wp-block-heading\"><strong>Food &amp; Beverage<\/strong><\/h3>\n<\/div><\/div>\n<\/div>\n\n\n\n<div class=\"wp-block-column is-layout-flow wp-block-column-is-layout-flow\">\n<div class=\"wp-block-group max-width-450 paragraph-wrap anim_init\"><div class=\"wp-block-group__inner-container is-layout-flow wp-block-group-is-layout-flow\">\n<p>Le aziende di confezionamento a contratto per il Food &amp; Beverage e le aziende di lavorazione di prodotti alimentari fanno affidamento sugli imballaggi per IBC. <\/p>\n\n\n\n<p>Siamo profondi conoscitori delle numerose problematiche che deve affrontare il settore del Food &amp; Beverage relativamente agli imballaggi di materiali sfusi, rispettiamo tutte le normative del settore e ci assicuriamo che i nostri prodotti siano sempre all&#8217;altezza delle alte aspettative dei nostri clienti. <\/p>\n\n\n\n<p>Non vediamo l&#8217;ora di poterti aiutare.<\/p>\n<\/div><\/div>\n<\/div>\n<\/div>\n<\/div><\/div>\n\n<div class=\"wp-block-media-text alignwide has-media-on-the-right is-stacked-on-mobile img-text-section animated-art-box\"><div class=\"wp-block-media-text__content\">\n<div class=\"wp-block-group text-wrap max-width-450\"><div class=\"wp-block-group__inner-container is-layout-flow wp-block-group-is-layout-flow\">\n<h2 class=\"wp-block-heading\"><strong>Quali tipi di alimenti sono adatti agli imballaggi per IBC?<\/strong><\/h2>\n\n\n\n<p>Sono infiniti gli alimenti che possono trarre vantaggio dagli imballaggi per IBC. Alcuni dei liquidi che possono trarre vantaggio dalla nostra soluzione includono:<\/p>\n\n\n\n<ul class=\"wp-block-list\">\n<li>Sidro<\/li>\n\n\n\n<li>Condimenti<\/li>\n\n\n\n<li>Grassi e oli<\/li>\n\n\n\n<li>Aromi<\/li>\n\n\n\n<li>Succo<\/li>\n\n\n\n<li>Pur\u00e9e<\/li>\n\n\n\n<li>Salse<\/li>\n\n\n\n<li>Dolcificanti<\/li>\n\n\n\n<li>Vino<\/li>\n<\/ul>\n\n\n\n<p>Se sei alla ricerca di una soluzione affidabile per l&#8217;imballaggio di liquidi sfusi, possiamo certamente aiutarti. Sono altrettanto numerosi gli alimenti secchi che possono trarre vantaggio dalle nostre soluzioni. Includono:<\/p>\n\n\n\n<ul class=\"wp-block-list\">\n<li>Caff\u00e8<\/li>\n\n\n\n<li>Mix secchi<\/li>\n\n\n\n<li>Frutta secca e semi<\/li>\n\n\n\n<li>Spezie<\/li>\n\n\n\n<li>Zucchero e altri prodotti dolciari<\/li>\n\n\n\n<li>Vitamine e integratori<\/li>\n<\/ul>\n\n\n\n<p>Per scoprire di pi\u00f9 sulle nostre soluzioni di imballaggio per materiali sfusi destinate al settore del Food &amp; Beverage, contattaci oggi stesso.<\/p>\n<\/div><\/div>\n<\/div><figure class=\"wp-block-media-text__media\"><img decoding=\"async\" width=\"768\" height=\"936\" data-src=\"https:\/\/www.cdf1.com\/wp-content\/uploads\/2021\/09\/air-assit-large-image.jpg\" alt=\"\" class=\"wp-image-2838 size-full lazyload\" data-srcset=\"https:\/\/www.cdf1.com\/wp-content\/uploads\/2021\/09\/air-assit-large-image.jpg 768w, https:\/\/www.cdf1.com\/wp-content\/uploads\/2021\/09\/air-assit-large-image-246x300.jpg 246w\" data-sizes=\"(max-width: 768px) 100vw, 768px\" src=\"data:image\/svg+xml;base64,PHN2ZyB3aWR0aD0iMSIgaGVpZ2h0PSIxIiB4bWxucz0iaHR0cDovL3d3dy53My5vcmcvMjAwMC9zdmciPjwvc3ZnPg==\" style=\"--smush-placeholder-width: 768px; --smush-placeholder-aspect-ratio: 768\/936;\" \/><\/figure><\/div>\n\n<div class=\"wp-block-group fixed-width text-img-section vc-wrap padding-top-180 padding-bottom-100 pt-xs--60 pb-xs--60\"><div class=\"wp-block-group__inner-container is-layout-flow wp-block-group-is-layout-flow\">\n<div class=\"wp-block-columns is-layout-flex wp-container-core-columns-is-layout-9d6595d7 wp-block-columns-is-layout-flex\">\n<div class=\"wp-block-column is-layout-flow wp-block-column-is-layout-flow\">\n<div class=\"wp-block-group max-width-500\"><div class=\"wp-block-group__inner-container is-layout-flow wp-block-group-is-layout-flow\">\n<figure class=\"wp-block-image size-full shadow-wrap slide-in-up\"><img decoding=\"async\" width=\"768\" height=\"936\" data-src=\"https:\/\/www.cdf1.com\/wp-content\/uploads\/2021\/09\/Pillow-Shaped-Liners.jpg\" alt=\"Liner a forma di cuscino\" class=\"wp-image-2841 lazyload\" title=\"\" data-srcset=\"https:\/\/www.cdf1.com\/wp-content\/uploads\/2021\/09\/Pillow-Shaped-Liners.jpg 768w, https:\/\/www.cdf1.com\/wp-content\/uploads\/2021\/09\/Pillow-Shaped-Liners-246x300.jpg 246w\" data-sizes=\"(max-width: 768px) 100vw, 768px\" src=\"data:image\/svg+xml;base64,PHN2ZyB3aWR0aD0iMSIgaGVpZ2h0PSIxIiB4bWxucz0iaHR0cDovL3d3dy53My5vcmcvMjAwMC9zdmciPjwvc3ZnPg==\" style=\"--smush-placeholder-width: 768px; --smush-placeholder-aspect-ratio: 768\/936;\" \/><\/figure>\n<\/div><\/div>\n<\/div>\n\n\n\n<div class=\"wp-block-column is-layout-flow wp-block-column-is-layout-flow\">\n<div class=\"wp-block-group text-wrap max-width-450\"><div class=\"wp-block-group__inner-container is-layout-flow wp-block-group-is-layout-flow\">\n<h2 class=\"wp-block-heading\"><strong>Liner per IBC a forma di cuscino<\/strong><\/h2>\n\n\n\n<p>Offriamo diversi tipi di liner per IBC per alimenti. Una delle nostre soluzioni pi\u00f9 popolari \u00e8 data dai <a href=\"https:\/\/www.cdf1.com\/it\/categoria-dei-liner-a-forma-di-cuscino-ibc\/\">liner a forma di cuscino<\/a>, pensati per i contenitori IBC.<\/p>\n\n\n\n<p>Quando sono pieni, i liner per IBC industriali assumono la forma di un cuscino formato da due o tre strati di polietilene a bassa densit\u00e0 lineare e una pellicola protettiva che li rendono adatti ad impieghi che richiedono asetticit\u00e0 e permeabilit\u00e0 all&#8217;ossigeno. <\/p>\n\n\n\n<p>CDF pu\u00f2 offrire un liner a forma di cuscino per ogni processo, sia che preveda il riempimento dal basso, il riempimento dall&#8217;alto con un ponte, l&#8217;uso di una riempitrice automatica o una ad alta velocit\u00e0. CDF ha progettato il liner a forma di cuscino per una variet\u00e0 di prodotti e un&#8217;ampia gamma di applicazioni.<\/p>\n\n\n\n<p>Alcuni dei vantaggi offerti da questi liner sono:<\/p>\n\n\n\n<ul class=\"wp-block-list\">\n<li>Facilit\u00e0 di installazione.<\/li>\n\n\n\n<li>Presenza di un erogatore superiore che pu\u00f2 essere collegato con rapidit\u00e0 e facilit\u00e0 al tubo di riempimento.<\/li>\n\n\n\n<li>\u00c8 un&#8217;opzione di imballaggio flessibile che si espande con il prodotto.<\/li>\n\n\n\n<li>\u00c8 ripiegabile per un facile riciclo.<\/li>\n<\/ul>\n\n\n\n<p><a href=\"https:\/\/www.cdf1.com\/it\/categoria-dei-liner-a-forma-di-cuscino-ibc\/\">Visualizza la categoria &gt;<\/a><\/p>\n<\/div><\/div>\n<\/div>\n<\/div>\n<\/div><\/div>\n\n<div class=\"wp-block-group bg-blue-shape-right-center\"><div class=\"wp-block-group__inner-container is-layout-flow wp-block-group-is-layout-flow\">\n<div class=\"wp-block-group fixed-width text-img-section vc-wrap padding-top-180 padding-bottom-100 pt-xs--100 pb-xs--60 has-text-color\" style=\"color:#000000\"><div class=\"wp-block-group__inner-container is-layout-flow wp-block-group-is-layout-flow\">\n<div class=\"wp-block-columns is-layout-flex wp-container-core-columns-is-layout-9d6595d7 wp-block-columns-is-layout-flex\">\n<div class=\"wp-block-column is-layout-flow wp-block-column-is-layout-flow\">\n<div class=\"wp-block-group text-wrap max-width-450\"><div class=\"wp-block-group__inner-container is-layout-flow wp-block-group-is-layout-flow\">\n<h2 class=\"wp-block-heading\"><strong>Liner per IBC Form-Fit<\/strong><\/h2>\n\n\n\n<p>Offriamo anche i <a href=\"https:\/\/www.cdf1.com\/it\/soluzioni\/liner-per-ibc\/liner-form-fit-ibc\/\">liner Form-Fit<\/a> per i contenitori IBC. Si adattano alle dimensioni dei diversi contenitori e sono disponibili con una variet\u00e0 di erogatori e pellicole. Le cuciture sono basate sull&#8217;esclusiva Smart Seal Technology e i lembi perforati mantengono il liner in posizione.<\/p>\n\n\n\n<p>Alcuni dei vantaggi offerti da questi liner sono:<\/p>\n\n\n\n<ul class=\"wp-block-list\">\n<li>L&#8217;esclusiva tecnologia di riempimento elimina la necessit\u00e0 di manipolare i liner durante il processo di riempimento.<\/li>\n\n\n\n<li>Sono facili da installare utilizzando un ponte.<\/li>\n\n\n\n<li>Non presentando pieghe o tasche, assicurano la massima evacuazione del prodotto.<\/li>\n\n\n\n<li>Sono facilmente collegabili al tubo di riempimento.<\/li>\n\n\n\n<li>La Smart Seal Technology ottimizza precisione e uniformit\u00e0, tenendo sotto controllo temperatura, tempo e pressione.<\/li>\n<\/ul>\n\n\n\n<p>Potendo accedere ai dispositivi di allineamento rimovibili all&#8217;interno dei contenitori IBC, ridurrai i costi associati alle operazioni di riempimento e trasporto. Non vediamo l&#8217;ora di poterti aiutare. Per scoprire di pi\u00f9 sui nostri liner destinati al settore del Food &amp; Beverage, contattaci oggi stesso per parlare con un membro del nostro team.<\/p>\n\n\n\n<p><a href=\"https:\/\/www.cdf1.com\/it\/soluzioni\/liner-per-ibc\/liner-form-fit-ibc\/\">Visualizza la categoria &gt;<\/a><\/p>\n<\/div><\/div>\n<\/div>\n\n\n\n<div class=\"wp-block-column is-layout-flow wp-block-column-is-layout-flow\">\n<div class=\"wp-block-group max-width-500\"><div class=\"wp-block-group__inner-container is-layout-flow wp-block-group-is-layout-flow\">\n<figure class=\"wp-block-image size-full shadow-wrap slide-in-up\"><img decoding=\"async\" width=\"768\" height=\"936\" data-src=\"https:\/\/www.cdf1.com\/wp-content\/uploads\/2021\/09\/form-fit.jpg\" alt=\"Liner Form-Fit&#x2122;\" class=\"wp-image-2834 lazyload\" title=\"\" data-srcset=\"https:\/\/www.cdf1.com\/wp-content\/uploads\/2021\/09\/form-fit.jpg 768w, https:\/\/www.cdf1.com\/wp-content\/uploads\/2021\/09\/form-fit-246x300.jpg 246w\" data-sizes=\"(max-width: 768px) 100vw, 768px\" src=\"data:image\/svg+xml;base64,PHN2ZyB3aWR0aD0iMSIgaGVpZ2h0PSIxIiB4bWxucz0iaHR0cDovL3d3dy53My5vcmcvMjAwMC9zdmciPjwvc3ZnPg==\" style=\"--smush-placeholder-width: 768px; --smush-placeholder-aspect-ratio: 768\/936;\" \/><\/figure>\n<\/div><\/div>\n<\/div>\n<\/div>\n<\/div><\/div>\n<\/div><\/div>\n\n<div class=\"wp-block-group fixed-width img-text-section vc-wrap padding-top-180 padding-bottom-100 pt-xs--0 pb-xs--0 has-text-color\" style=\"color:#000000\"><div class=\"wp-block-group__inner-container is-layout-flow wp-block-group-is-layout-flow\">\n<div class=\"wp-block-columns is-layout-flex wp-container-core-columns-is-layout-9d6595d7 wp-block-columns-is-layout-flex\">\n<div class=\"wp-block-column is-layout-flow wp-block-column-is-layout-flow\">\n<div class=\"wp-block-group max-width-500\"><div class=\"wp-block-group__inner-container is-layout-flow wp-block-group-is-layout-flow\">\n<figure class=\"wp-block-image size-full shadow-wrap slide-in-up\"><img decoding=\"async\" width=\"768\" height=\"936\" data-src=\"https:\/\/www.cdf1.com\/wp-content\/uploads\/2021\/09\/air-assit-large-image.jpg\" alt=\"Il design Air-Assist\" class=\"wp-image-2838 lazyload\" title=\"\" data-srcset=\"https:\/\/www.cdf1.com\/wp-content\/uploads\/2021\/09\/air-assit-large-image.jpg 768w, https:\/\/www.cdf1.com\/wp-content\/uploads\/2021\/09\/air-assit-large-image-246x300.jpg 246w\" data-sizes=\"(max-width: 768px) 100vw, 768px\" src=\"data:image\/svg+xml;base64,PHN2ZyB3aWR0aD0iMSIgaGVpZ2h0PSIxIiB4bWxucz0iaHR0cDovL3d3dy53My5vcmcvMjAwMC9zdmciPjwvc3ZnPg==\" style=\"--smush-placeholder-width: 768px; --smush-placeholder-aspect-ratio: 768\/936;\" \/><\/figure>\n<\/div><\/div>\n<\/div>\n\n\n\n<div class=\"wp-block-column is-layout-flow wp-block-column-is-layout-flow\">\n<div class=\"wp-block-group text-wrap max-width-450\"><div class=\"wp-block-group__inner-container is-layout-flow wp-block-group-is-layout-flow\">\n<h2 class=\"wp-block-heading\">Air-Assist\u00ae<\/h2>\n\n\n\n<p>Il design Air-Assist\u00ae \u00e8 stato progettato sulla base di Form-Fit, ma con in pi\u00f9 una sacca d&#8217;aria per migliorare la distribuzione del prodotto. Progettato per i prodotti viscosi, il design Air-Assist favorisce la distribuzione del prodotto migliorandone l&#8217;evacuazione. <\/p>\n\n\n\n<p>Quando si gonfia, la sacca d&#8217;aria preme contro il liner Form-Fit favorendo l&#8217;evacuazione del prodotto dall&#8217;erogatore inferiore, riducendo la quantit\u00e0 residua di prodotto all&#8217;interno del liner. Progettato per la distribuzione automatica, dopo aver montato il regolatore dell&#8217;aria l&#8217;operatore pu\u00f2 allontanarsi.<\/p>\n\n\n\n<p><a href=\"https:\/\/www.cdf1.com\/it\/soluzioni\/liner-per-ibc\/air-assist\/\">Visualizzare il prodotto&gt;<\/a><\/p>\n<\/div><\/div>\n<\/div>\n<\/div>\n<\/div><\/div>\n\n<div class=\"wp-block-cover is-light animated-bg-img fixed-1280 bg-bubble-section\" style=\"min-height:780px;aspect-ratio:unset;\"><span aria-hidden=\"true\" class=\"wp-block-cover__background has-background-dim-0 has-background-dim\"><\/span><img decoding=\"async\" width=\"2560\" height=\"2021\" class=\"wp-block-cover__image-background wp-image-2795 lazyload\" alt=\"\" data-src=\"https:\/\/www.cdf1.com\/wp-content\/uploads\/2021\/09\/cdf-center-green-shape.jpg\" style=\"--smush-placeholder-width: 2560px; --smush-placeholder-aspect-ratio: 2560\/2021;object-position:57% 51%\" data-object-fit=\"cover\" data-object-position=\"57% 51%\" data-srcset=\"https:\/\/www.cdf1.com\/wp-content\/uploads\/2021\/09\/cdf-center-green-shape.jpg 2560w, https:\/\/www.cdf1.com\/wp-content\/uploads\/2021\/09\/cdf-center-green-shape-300x237.jpg 300w, https:\/\/www.cdf1.com\/wp-content\/uploads\/2021\/09\/cdf-center-green-shape-1024x808.jpg 1024w, https:\/\/www.cdf1.com\/wp-content\/uploads\/2021\/09\/cdf-center-green-shape-768x606.jpg 768w, https:\/\/www.cdf1.com\/wp-content\/uploads\/2021\/09\/cdf-center-green-shape-1536x1213.jpg 1536w, https:\/\/www.cdf1.com\/wp-content\/uploads\/2021\/09\/cdf-center-green-shape-2048x1617.jpg 2048w\" data-sizes=\"(max-width: 2560px) 100vw, 2560px\" src=\"data:image\/svg+xml;base64,PHN2ZyB3aWR0aD0iMSIgaGVpZ2h0PSIxIiB4bWxucz0iaHR0cDovL3d3dy53My5vcmcvMjAwMC9zdmciPjwvc3ZnPg==\" \/><div class=\"wp-block-cover__inner-container is-layout-flow wp-block-cover-is-layout-flow\">\n<div class=\"wp-block-group fixed-width fixed-700 cta-in-blob-wrap padding-top-150\"><div class=\"wp-block-group__inner-container is-layout-flow wp-block-group-is-layout-flow\">\n<div class=\"wp-block-ideabox-counter ibc-liners-counter\"><div class=\"ib-counter-container\" style=\"text-align:center\"><div class=\"ib-counter\" style=\"font-size:65px;color:#15614d\"><span class=\"ib-counter-number\" data-from-value=\"0\" data-to-value=\"99\" data-delimiter=\"none\" data-duration=\"5000\">0<\/span><span class=\"ib-counter-number-suffix\">0,5%<\/span><\/div><\/div><\/div>\n<\/div><\/div>\n\n\n\n<div class=\"wp-block-group fixed-width fixed-700 cta-in-blob-wrap padding-bottom-100\"><div class=\"wp-block-group__inner-container is-layout-flow wp-block-group-is-layout-flow\">\n<p class=\"has-text-align-center has-text-color\" style=\"color:#15614d\">Air-Assist garantisce un&#8217;evacuazione del prodotto fino al 99,5% rispetto ai liner per IBC tradizionali\u00a0<\/p>\n<\/div><\/div>\n\n\n\n<p class=\"has-text-align-center has-large-font-size\"><\/p>\n<\/div><\/div>\n\n<div class=\"wp-block-cover inner-page-cta-section\"><span aria-hidden=\"true\" class=\"wp-block-cover__background has-background-dim-100 has-background-dim\" style=\"background-color:#015174\"><\/span><div class=\"wp-block-cover__inner-container is-layout-flow wp-block-cover-is-layout-flow\">\n<div class=\"wp-block-group fixed-width fixed-980 padding-top-100 text-wrap\"><div class=\"wp-block-group__inner-container is-layout-flow wp-block-group-is-layout-flow\">\n<h2 class=\"wp-block-heading has-text-align-center\"><strong><strong>Trova oggi stesso la soluzione migliore per i tuoi prodotti alimentari!<\/strong><\/strong><\/h2>\n<\/div><\/div>\n\n\n\n<div class=\"wp-block-group fixed-width fixed-780 padding-bottom-80 text-wrap\"><div class=\"wp-block-group__inner-container is-layout-flow wp-block-group-is-layout-flow\">\n<p class=\"has-text-align-center\">Se cerchi una soluzione consapevole per soddisfare esigenze molto specifiche, contattaci per parlare con uno dei nostri esperti di imballaggi.<\/p>\n\n\n\n<p class=\"has-text-align-center outlined-white-link margin-top-60\"><a href=\"https:\/\/www.cdf1.com\/it\/contattaci\/\">Contattaci<\/a><\/p>\n<\/div><\/div>\n<\/div><\/div>\n\n<div style=\"padding-left:10%;padding-right:10%;padding-bottom:4%;padding-top:5%\" class=\"wp-block-genesis-blocks-gb-container alignfull gb-block-container\"><div class=\"gb-container-inside\"><div class=\"gb-container-image-wrap\"><img decoding=\"async\" class=\"gb-container-image has-background-dim-100 has-background-dim lazyload\" data-src=\"https:\/\/www.cdf1.com\/wp-content\/uploads\/2022\/04\/Contact_Background.png\" alt=\"\" src=\"data:image\/svg+xml;base64,PHN2ZyB3aWR0aD0iMSIgaGVpZ2h0PSIxIiB4bWxucz0iaHR0cDovL3d3dy53My5vcmcvMjAwMC9zdmciPjwvc3ZnPg==\" style=\"--smush-placeholder-width: 1920px; --smush-placeholder-aspect-ratio: 1920\/770;\" \/><\/div><div class=\"gb-container-content\">\n<div class=\"wp-block-columns is-layout-flex wp-container-core-columns-is-layout-9d6595d7 wp-block-columns-is-layout-flex\">\n<div class=\"wp-block-column is-layout-flow wp-block-column-is-layout-flow\">\n<div style=\"background-color:#bfe0ef;padding-left:5%;padding-right:5%;padding-bottom:3%;padding-top:5%\" class=\"wp-block-genesis-blocks-gb-container gb-block-container\"><div class=\"gb-container-inside\"><div class=\"gb-container-content\">\n<h2 class=\"wp-block-heading has-text-color\" style=\"color:#245171\">Domande su questo prodotto?<\/h2>\n\n\n\n<p class=\"has-text-color\" style=\"color:#158db7\">I nostri ingegneri possono assistere qualsiasi cliente di qualsiasi settore nel trovare la soluzione consapevole pi\u00f9 adatta a soddisfare le loro esigenze in fatto di imballaggi e sostenibilit\u00e0, attraverso attivit\u00e0 di ricerca e sviluppo innovative e progetti personalizzabili.<\/p>\n\n\n\n<p class=\"has-text-color\" style=\"color:#158db7\">Con oltre 50 anni di esperienza, il nostro team di ingegneri collabora con ciascun cliente per la progettazione di una nuova soluzione di imballaggio, dalla scelta del liner all&#8217;integrazione totale dei sistemi, fino alla modifica di prodotti esistenti.<\/p>\n<\/div><\/div><\/div>\n<\/div>\n\n\n\n<div class=\"wp-block-column is-layout-flow wp-block-column-is-layout-flow\">\n\n\t\t\t\t\t\t<script>\n\t\t\t\t\t\t\twindow.hsFormsOnReady = window.hsFormsOnReady || [];\n\t\t\t\t\t\t\twindow.hsFormsOnReady.push(()=>{\n\t\t\t\t\t\t\t\thbspt.forms.create({\n\t\t\t\t\t\t\t\t\tportalId: 1984976,\n\t\t\t\t\t\t\t\t\tformId: \"3db78b9f-9672-4a75-a693-0caea96daf38\",\n\t\t\t\t\t\t\t\t\ttarget: \"#hbspt-form-1775725058000-5858030675\",\n\t\t\t\t\t\t\t\t\tregion: \"na1\",\n\t\t\t\t\t\t\t\t\t\n\t\t\t\t\t\t\t})});\n\t\t\t\t\t\t<\/script>\n\t\t\t\t\t\t<div class=\"hbspt-form\" id=\"hbspt-form-1775725058000-5858030675\"><\/div>\n<\/div>\n<\/div>\n<\/div><\/div><\/div>\n","protected":false},"excerpt":{"rendered":"<p>Liner per IBC per il settore Food &amp; Beverage Categorie di prodotti Liner a forma di cuscino Visualizza la categoria &gt; Liner Form-Fit&#x2122; Visualizza la categoria &gt; Liner per IBC destinati Food &amp; Beverage Le aziende di confezionamento a contratto per il Food &amp; Beverage e le aziende di lavorazione di prodotti alimentari fanno affidamento [&hellip;]<\/p>\n","protected":false},"author":10,"featured_media":1881,"parent":0,"menu_order":0,"comment_status":"closed","ping_status":"closed","template":"","meta":{"_acf_changed":false,"content-type":"","_genesis_hide_title":false,"_genesis_hide_breadcrumbs":false,"_genesis_hide_singular_image":false,"_genesis_hide_footer_widgets":false,"_genesis_custom_body_class":"","_genesis_custom_post_class":"","_genesis_layout":"","footnotes":""},"class_list":{"0":"post-10207","1":"page","2":"type-page","3":"status-publish","4":"has-post-thumbnail","6":"entry"},"acf":[],"featured_image_src":"https:\/\/www.cdf1.com\/wp-content\/uploads\/2020\/07\/new-feature-placeholder-sliced.png","featured_image_src_square":"https:\/\/www.cdf1.com\/wp-content\/uploads\/2020\/07\/new-feature-placeholder-sliced.png","_links":{"self":[{"href":"https:\/\/www.cdf1.com\/it\/wp-json\/wp\/v2\/pages\/10207","targetHints":{"allow":["GET"]}}],"collection":[{"href":"https:\/\/www.cdf1.com\/it\/wp-json\/wp\/v2\/pages"}],"about":[{"href":"https:\/\/www.cdf1.com\/it\/wp-json\/wp\/v2\/types\/page"}],"author":[{"embeddable":true,"href":"https:\/\/www.cdf1.com\/it\/wp-json\/wp\/v2\/users\/10"}],"replies":[{"embeddable":true,"href":"https:\/\/www.cdf1.com\/it\/wp-json\/wp\/v2\/comments?post=10207"}],"version-history":[{"count":7,"href":"https:\/\/www.cdf1.com\/it\/wp-json\/wp\/v2\/pages\/10207\/revisions"}],"predecessor-version":[{"id":11316,"href":"https:\/\/www.cdf1.com\/it\/wp-json\/wp\/v2\/pages\/10207\/revisions\/11316"}],"wp:featuredmedia":[{"embeddable":true,"href":"https:\/\/www.cdf1.com\/it\/wp-json\/wp\/v2\/media\/1881"}],"wp:attachment":[{"href":"https:\/\/www.cdf1.com\/it\/wp-json\/wp\/v2\/media?parent=10207"}],"curies":[{"name":"wp","href":"https:\/\/api.w.org\/{rel}","templated":true}]}}