{"id":10149,"date":"2023-12-04T19:11:25","date_gmt":"2023-12-04T19:11:25","guid":{"rendered":"https:\/\/www.cdf1.com\/liner-a-forma-di-cuscino-prodotto-ibc\/"},"modified":"2024-02-25T10:34:50","modified_gmt":"2024-02-25T10:34:50","slug":"liner-a-forma-di-cuscino-prodotto-ibc","status":"publish","type":"page","link":"https:\/\/www.cdf1.com\/it\/liner-a-forma-di-cuscino-prodotto-ibc\/","title":{"rendered":"Liner a forma di cuscino &#8211; Prodotto &#8211; IBC"},"content":{"rendered":"\n<div class=\"wp-block-columns is-layout-flex wp-container-core-columns-is-layout-9d6595d7 wp-block-columns-is-layout-flex\">\n<div class=\"wp-block-column is-layout-flow wp-block-column-is-layout-flow\" style=\"flex-basis:66.66%\">\n<div class=\"wp-block-media-text alignwide is-stacked-on-mobile\" style=\"grid-template-columns:44% auto\"><figure class=\"wp-block-media-text__media\"><img decoding=\"async\" data-src=\"https:\/\/www.cdf1.com\/wp-content\/uploads\/2022\/05\/pillow-2-1024x682.jpg\" alt=\"\" class=\"wp-image-7336 size-full lazyload\" src=\"data:image\/svg+xml;base64,PHN2ZyB3aWR0aD0iMSIgaGVpZ2h0PSIxIiB4bWxucz0iaHR0cDovL3d3dy53My5vcmcvMjAwMC9zdmciPjwvc3ZnPg==\" style=\"--smush-placeholder-width: 1024px; --smush-placeholder-aspect-ratio: 1024\/682;\" \/><\/figure><div class=\"wp-block-media-text__content\">\n<h2 class=\"wp-block-heading\">Liner a forma di cuscino<\/h2>\n\n\n\n<p>LINER A FORMA DI CUSCINO<\/p>\n\n\n\n<p>Quando vengono riempiti, questi liner per contenitori alimentari industriali assumono la forma di un cuscino. I liner a forma di cuscino sono realizzati con due o tre strati di polietilene a bassa densit\u00e0 (LLDPE) e una pellicola protettiva per l&#8217;impiego in applicazioni asettiche e con barriera all&#8217;ossigeno.<\/p>\n<\/div><\/div>\n<\/div>\n\n\n\n<div class=\"wp-block-column is-layout-flow wp-block-column-is-layout-flow\" style=\"flex-basis:33.33%\">\n<div style=\"background-color:#bfe0ef;padding-left:2%;padding-right:2%;padding-bottom:3.5%;padding-top:5%\" class=\"wp-block-genesis-blocks-gb-container drop-shadow gb-block-container\"><div class=\"gb-container-inside\"><div class=\"gb-container-content\">\n<h2 class=\"has-text-color wp-block-heading\" style=\"color:#245171\">Parla con uno specialista degli imballaggi<\/h2>\n\n\n\n<p class=\"has-text-color\" style=\"color:#707070\">La sete di innovazione di CDF \u00e8 alimentata da un team creativo di persone competenti e da macchinari, materiali e tecnologia all&#8217;avanguardia. Forte di anni di esperienza in campo produttivo, CDF ha progettato soluzioni per i clienti pi\u00f9 esigenti.<\/p>\n\n\n\n<div class=\"wp-block-genesis-blocks-gb-button gb-block-button\"><a href=\"#pillow-liners-product-ibc\" class=\"gb-button gb-button-shape-circular gb-button-size-medium\" style=\"color:#ffffff;background-color:#158db7\">Richiedi un preventivo<\/a><\/div>\n<\/div><\/div><\/div>\n<\/div>\n<\/div>\n\n<h3 class=\"wp-block-heading\">Varie dimensioni<\/h3>\n\n<p>I liner per contenitori alimentari industriali a forma di cuscino sono disponibili nelle seguenti dimensioni. Altre dimensioni sono disponibili su richiesta.<\/p>\n\n<p>Le dimensioni vanno da 55 galloni a oltre 350.<\/p>\n\n<div style=\"height:44px\" aria-hidden=\"true\" class=\"wp-block-spacer\"><\/div>\n\n<h3 class=\"wp-block-heading\">Scelte di materiali<\/h3>\n\n<div class=\"wp-block-columns is-layout-flex wp-container-core-columns-is-layout-9d6595d7 wp-block-columns-is-layout-flex\">\n<div class=\"wp-block-column is-layout-flow wp-block-column-is-layout-flow\">\n<h3 class=\"wp-block-heading\"><strong>Barria&#x2122;<\/strong><\/h3>\n\n\n\n<p>Il poliestere metallizzato Barria&#x2122; crea una barriera all&#8217;ossigeno e al vapore acqueo.<\/p>\n<\/div>\n\n\n\n<div class=\"wp-block-column is-layout-flow wp-block-column-is-layout-flow\">\n<h3 class=\"wp-block-heading\"><strong>Flexus&#x2122; <\/strong>e <strong>Flexus HF<\/strong><\/h3>\n\n\n\n<p><strong>I prodotti in LLDPE metallocene Flexus&#x2122; <\/strong>e <strong>Flexus HF <\/strong> sono destinati a impieghi generali e garantiscono durata e resistenza alle rotture da flessione.<\/p>\n<\/div>\n\n\n\n<div class=\"wp-block-column is-layout-flow wp-block-column-is-layout-flow\"><\/div>\n<\/div>\n\n<div style=\"background-color:#f3f6f7;padding-bottom:2.5%;padding-top:2%\" class=\"wp-block-genesis-blocks-gb-container alignfull gb-block-container\"><div class=\"gb-container-inside\"><div class=\"gb-container-content\">\n<h2 class=\"wp-block-heading\">Erogatori IBC<\/h2>\n\n\n\n<div class=\"wp-block-columns is-layout-flex wp-container-core-columns-is-layout-9d6595d7 wp-block-columns-is-layout-flex\">\n<div class=\"wp-block-column is-layout-flow wp-block-column-is-layout-flow\">\n<div class=\"wp-block-media-text alignwide is-stacked-on-mobile round-image\" style=\"grid-template-columns:30% auto\"><figure class=\"wp-block-media-text__media\"><img decoding=\"async\" data-src=\"https:\/\/www.cdf1.com\/wp-content\/uploads\/2022\/06\/Camlock-2.png\" alt=\"\" class=\"wp-image-7618 size-full lazyload\" src=\"data:image\/svg+xml;base64,PHN2ZyB3aWR0aD0iMSIgaGVpZ2h0PSIxIiB4bWxucz0iaHR0cDovL3d3dy53My5vcmcvMjAwMC9zdmciPjwvc3ZnPg==\" style=\"--smush-placeholder-width: 834px; --smush-placeholder-aspect-ratio: 834\/834;\" \/><\/figure><div class=\"wp-block-media-text__content\">\n<h3 class=\"wp-block-heading\">RACCORDO CAMLOCK DA 2&#8243;<\/h3>\n\n\n\n<h6 class=\"wp-block-heading\"> 2 pollici<\/h6>\n<\/div><\/div>\n<\/div>\n\n\n\n<div class=\"wp-block-column is-layout-flow wp-block-column-is-layout-flow\">\n<div class=\"wp-block-media-text alignwide is-stacked-on-mobile round-image\" style=\"grid-template-columns:30% auto\"><figure class=\"wp-block-media-text__media\"><img decoding=\"async\" data-src=\"https:\/\/www.cdf1.com\/wp-content\/uploads\/2022\/06\/3-BSP.png\" alt=\"\" class=\"wp-image-7619 size-full lazyload\" src=\"data:image\/svg+xml;base64,PHN2ZyB3aWR0aD0iMSIgaGVpZ2h0PSIxIiB4bWxucz0iaHR0cDovL3d3dy53My5vcmcvMjAwMC9zdmciPjwvc3ZnPg==\" style=\"--smush-placeholder-width: 834px; --smush-placeholder-aspect-ratio: 834\/834;\" \/><\/figure><div class=\"wp-block-media-text__content\">\n<h3 class=\"wp-block-heading\">3&#8243;-BSP<\/h3>\n\n\n\n<h6 class=\"wp-block-heading\">3 pollici<\/h6>\n<\/div><\/div>\n<\/div>\n\n\n\n<div class=\"wp-block-column is-layout-flow wp-block-column-is-layout-flow\">\n<div class=\"wp-block-media-text alignwide is-stacked-on-mobile round-image\" style=\"grid-template-columns:30% auto\"><figure class=\"wp-block-media-text__media\"><img decoding=\"async\" data-src=\"https:\/\/www.cdf1.com\/wp-content\/uploads\/2022\/06\/IC-7001-IC-7002.png\" alt=\"\" class=\"wp-image-7620 size-full lazyload\" src=\"data:image\/svg+xml;base64,PHN2ZyB3aWR0aD0iMSIgaGVpZ2h0PSIxIiB4bWxucz0iaHR0cDovL3d3dy53My5vcmcvMjAwMC9zdmciPjwvc3ZnPg==\" style=\"--smush-placeholder-width: 834px; --smush-placeholder-aspect-ratio: 834\/834;\" \/><\/figure><div class=\"wp-block-media-text__content\">\n<h3 class=\"wp-block-heading\">IC-7001<\/h3>\n\n\n\n<h6 class=\"wp-block-heading\">Per IC-7002<\/h6>\n<\/div><\/div>\n<\/div>\n\n\n\n<div class=\"wp-block-column is-layout-flow wp-block-column-is-layout-flow\">\n<div class=\"wp-block-media-text alignwide is-stacked-on-mobile round-image\" style=\"grid-template-columns:30% auto\"><figure class=\"wp-block-media-text__media\"><img decoding=\"async\" data-src=\"https:\/\/www.cdf1.com\/wp-content\/uploads\/2022\/06\/IC-6002-IC-6003.png\" alt=\"\" class=\"wp-image-7617 size-full lazyload\" src=\"data:image\/svg+xml;base64,PHN2ZyB3aWR0aD0iMSIgaGVpZ2h0PSIxIiB4bWxucz0iaHR0cDovL3d3dy53My5vcmcvMjAwMC9zdmciPjwvc3ZnPg==\" style=\"--smush-placeholder-width: 834px; --smush-placeholder-aspect-ratio: 834\/834;\" \/><\/figure><div class=\"wp-block-media-text__content\">\n<h3 class=\"wp-block-heading\">IC-6002<\/h3>\n\n\n\n<h6 class=\"wp-block-heading\">IC-6003<\/h6>\n<\/div><\/div>\n<\/div>\n<\/div>\n\n\n\n<div style=\"text-align:center\" class=\"wp-block-genesis-blocks-gb-button gb-block-button\"><a href=\"https:\/\/www.cdf1.com\/it\/soluzioni\/liner-per-ibc\/erogatori-per-contenitori-ibc\/\" class=\"gb-button gb-button-shape-circular gb-button-size-medium\" style=\"color:#ffffff;background-color:#158db7\">VISUALIZZA TUTTI GLI EROGATORI<\/a><\/div>\n<\/div><\/div><\/div>\n\n<div style=\"color:#ddd\" class=\"wp-block-genesis-blocks-gb-spacer gb-block-spacer gb-divider-solid gb-divider-size-1\"><hr style=\"height:30px\"\/><\/div>\n\n<p><em>*Progettati con pellicola conforme alle normative FDA 21 CFR 177.1520, CDF 175.105, 177.1390, CDF 177.1630 e alle Direttive EU 10\/2011, 1935\/2004, 2023\/06 e 94\/62\/EC<\/em><\/p>\n\n<div style=\"background-color:#f3f6f7;padding-bottom:3%;padding-top:5%\" class=\"wp-block-genesis-blocks-gb-container alignfull gb-block-container\"><div class=\"gb-container-inside\"><div class=\"gb-container-content\">\n<h2 class=\"wp-block-heading\">Vantaggi<\/h2>\n\n\n\n<div class=\"wp-block-columns is-layout-flex wp-container-core-columns-is-layout-9d6595d7 wp-block-columns-is-layout-flex\">\n<div class=\"wp-block-column is-layout-flow wp-block-column-is-layout-flow\">\n<figure class=\"wp-block-image size-full\"><img decoding=\"async\" data-src=\"https:\/\/www.cdf1.com\/wp-content\/uploads\/2022\/04\/swoosh-09.png\" alt=\"\" class=\"wp-image-7059 lazyload\" src=\"data:image\/svg+xml;base64,PHN2ZyB3aWR0aD0iMSIgaGVpZ2h0PSIxIiB4bWxucz0iaHR0cDovL3d3dy53My5vcmcvMjAwMC9zdmciPjwvc3ZnPg==\" style=\"--smush-placeholder-width: 98px; --smush-placeholder-aspect-ratio: 98\/25;\" \/><\/figure>\n\n\n\n<p>Prodotti in un ambiente pulito, utilizzando l&#8217;innovativa CDF1 Smart Seal Technology&#x2122; che monitora e garantisce sigillature uniformi e di alta qualit\u00e0<\/p>\n<\/div>\n\n\n\n<div class=\"wp-block-column is-layout-flow wp-block-column-is-layout-flow\">\n<figure class=\"wp-block-image size-full\"><img decoding=\"async\" data-src=\"https:\/\/www.cdf1.com\/wp-content\/uploads\/2022\/04\/swoosh-09.png\" alt=\"\" class=\"wp-image-7059 lazyload\" src=\"data:image\/svg+xml;base64,PHN2ZyB3aWR0aD0iMSIgaGVpZ2h0PSIxIiB4bWxucz0iaHR0cDovL3d3dy53My5vcmcvMjAwMC9zdmciPjwvc3ZnPg==\" style=\"--smush-placeholder-width: 98px; --smush-placeholder-aspect-ratio: 98\/25;\" \/><\/figure>\n\n\n\n<p>Garantiscono l&#8217;assoluta purezza del prodotto<\/p>\n<\/div>\n\n\n\n<div class=\"wp-block-column is-layout-flow wp-block-column-is-layout-flow\">\n<figure class=\"wp-block-image size-full\"><img decoding=\"async\" data-src=\"https:\/\/www.cdf1.com\/wp-content\/uploads\/2022\/04\/swoosh-09.png\" alt=\"\" class=\"wp-image-7059 lazyload\" src=\"data:image\/svg+xml;base64,PHN2ZyB3aWR0aD0iMSIgaGVpZ2h0PSIxIiB4bWxucz0iaHR0cDovL3d3dy53My5vcmcvMjAwMC9zdmciPjwvc3ZnPg==\" style=\"--smush-placeholder-width: 98px; --smush-placeholder-aspect-ratio: 98\/25;\" \/><\/figure>\n\n\n\n<p>Riducono la formazione di schiuma nelle applicazioni con riempimento dal basso<\/p>\n<\/div>\n<\/div>\n\n\n\n<div class=\"wp-block-columns is-layout-flex wp-container-core-columns-is-layout-9d6595d7 wp-block-columns-is-layout-flex\">\n<div class=\"wp-block-column is-layout-flow wp-block-column-is-layout-flow\">\n<figure class=\"wp-block-image size-full\"><img decoding=\"async\" data-src=\"https:\/\/www.cdf1.com\/wp-content\/uploads\/2022\/04\/swoosh-09.png\" alt=\"\" class=\"wp-image-7059 lazyload\" src=\"data:image\/svg+xml;base64,PHN2ZyB3aWR0aD0iMSIgaGVpZ2h0PSIxIiB4bWxucz0iaHR0cDovL3d3dy53My5vcmcvMjAwMC9zdmciPjwvc3ZnPg==\" style=\"--smush-placeholder-width: 98px; --smush-placeholder-aspect-ratio: 98\/25;\" \/><\/figure>\n\n\n\n<p>Garantiscono versatilit\u00e0: una sola dimensione di sacca si adatta a contenitori di varie dimensioni<\/p>\n<\/div>\n\n\n\n<div class=\"wp-block-column is-layout-flow wp-block-column-is-layout-flow\">\n<figure class=\"wp-block-image size-full\"><img decoding=\"async\" data-src=\"https:\/\/www.cdf1.com\/wp-content\/uploads\/2022\/04\/swoosh-09.png\" alt=\"\" class=\"wp-image-7059 lazyload\" src=\"data:image\/svg+xml;base64,PHN2ZyB3aWR0aD0iMSIgaGVpZ2h0PSIxIiB4bWxucz0iaHR0cDovL3d3dy53My5vcmcvMjAwMC9zdmciPjwvc3ZnPg==\" style=\"--smush-placeholder-width: 98px; --smush-placeholder-aspect-ratio: 98\/25;\" \/><\/figure>\n\n\n\n<p>Assicurano un valore eccellente per un&#8217;ampia gamma di sostanze liquide per applicazioni con riempimento dal basso e riempitrici asettiche automatiche<\/p>\n<\/div>\n\n\n\n<div class=\"wp-block-column is-layout-flow wp-block-column-is-layout-flow\">\n<figure class=\"wp-block-image size-full\"><img decoding=\"async\" data-src=\"https:\/\/www.cdf1.com\/wp-content\/uploads\/2022\/04\/swoosh-09.png\" alt=\"\" class=\"wp-image-7059 lazyload\" src=\"data:image\/svg+xml;base64,PHN2ZyB3aWR0aD0iMSIgaGVpZ2h0PSIxIiB4bWxucz0iaHR0cDovL3d3dy53My5vcmcvMjAwMC9zdmciPjwvc3ZnPg==\" style=\"--smush-placeholder-width: 98px; --smush-placeholder-aspect-ratio: 98\/25;\" \/><\/figure>\n\n\n\n<p>CDF offre una variet\u00e0 di pellicole, erogatori e posizioni degli erogatori stessi<\/p>\n<\/div>\n<\/div>\n<\/div><\/div><\/div>\n\n<div style=\"margin-top:3%\" class=\"wp-block-genesis-blocks-gb-container gb-block-container\"><div class=\"gb-container-inside\"><div class=\"gb-container-content\">\n<h2 class=\"has-text-align-center wp-block-heading\">Prodotti correlati<\/h2>\n\n\n\n<div class=\"wp-block-columns is-layout-flex wp-container-core-columns-is-layout-9d6595d7 wp-block-columns-is-layout-flex\">\n<div class=\"wp-block-column is-layout-flow wp-block-column-is-layout-flow\">\n<div class=\"wp-block-media-text alignwide is-stacked-on-mobile\" style=\"grid-template-columns:20% auto\"><figure class=\"wp-block-media-text__media\"><img decoding=\"async\" width=\"700\" height=\"800\" data-src=\"https:\/\/www.cdf1.com\/wp-content\/uploads\/2022\/03\/Untitled-700-\u00d7-800-px.jpg\" alt=\"\" class=\"wp-image-7024 size-full lazyload\" src=\"data:image\/svg+xml;base64,PHN2ZyB3aWR0aD0iMSIgaGVpZ2h0PSIxIiB4bWxucz0iaHR0cDovL3d3dy53My5vcmcvMjAwMC9zdmciPjwvc3ZnPg==\" style=\"--smush-placeholder-width: 700px; --smush-placeholder-aspect-ratio: 700\/800;\" \/><\/figure><div class=\"wp-block-media-text__content\">\n<h3 class=\"wp-block-heading\">Liner a forma di cuscino in alluminio ad alta protezione<\/h3>\n\n\n\n<p>Liner a forma di cuscino<\/p>\n\n\n\n<p><a href=\"https:\/\/www.cdf1.com\/it\/soluzioni\/liner-per-ibc\/liner-a-forma-di-cuscino-in-alluminio-ad-alta-protezione-ibc\/\">Visualizza il prodotto &gt;<\/a><\/p>\n<\/div><\/div>\n<\/div>\n<\/div>\n<\/div><\/div><\/div>\n\n<div style=\"padding-bottom:3%;padding-top:5%\" class=\"wp-block-genesis-blocks-gb-container alignfull gb-block-container\"><div class=\"gb-container-inside\"><div class=\"gb-container-image-wrap\"><img decoding=\"async\" class=\"gb-container-image has-background-dim-100 has-background-dim lazyload\" data-src=\"https:\/\/www.cdf1.com\/wp-content\/uploads\/2022\/04\/Contact_Background.png\" alt=\"\" src=\"data:image\/svg+xml;base64,PHN2ZyB3aWR0aD0iMSIgaGVpZ2h0PSIxIiB4bWxucz0iaHR0cDovL3d3dy53My5vcmcvMjAwMC9zdmciPjwvc3ZnPg==\" style=\"--smush-placeholder-width: 1920px; --smush-placeholder-aspect-ratio: 1920\/770;\" \/><\/div><div class=\"gb-container-content\">\n<div class=\"wp-block-columns is-layout-flex wp-container-core-columns-is-layout-9d6595d7 wp-block-columns-is-layout-flex\">\n<div class=\"wp-block-column is-layout-flow wp-block-column-is-layout-flow\" id=\"pillow-liners-product-ibc\">\n\n\t\t\t\t\t\t<script>\n\t\t\t\t\t\t\twindow.hsFormsOnReady = window.hsFormsOnReady || [];\n\t\t\t\t\t\t\twindow.hsFormsOnReady.push(()=>{\n\t\t\t\t\t\t\t\thbspt.forms.create({\n\t\t\t\t\t\t\t\t\tportalId: 1984976,\n\t\t\t\t\t\t\t\t\tformId: \"4205185a-aa60-49fb-9b91-d387a5570c03\",\n\t\t\t\t\t\t\t\t\ttarget: \"#hbspt-form-1775423194000-9469805342\",\n\t\t\t\t\t\t\t\t\tregion: \"na1\",\n\t\t\t\t\t\t\t\t\t\n\t\t\t\t\t\t\t})});\n\t\t\t\t\t\t<\/script>\n\t\t\t\t\t\t<div class=\"hbspt-form\" id=\"hbspt-form-1775423194000-9469805342\"><\/div>\n<\/div>\n\n\n\n<div class=\"wp-block-column is-layout-flow wp-block-column-is-layout-flow\">\n<div style=\"background-color:#bfe0ef;padding-left:5%;padding-right:5%;padding-bottom:3%;padding-top:5%\" class=\"wp-block-genesis-blocks-gb-container gb-block-container\"><div class=\"gb-container-inside\"><div class=\"gb-container-content\">\n<h2 class=\"has-text-color wp-block-heading\" style=\"color:#245171\">Domande su questo prodotto?<\/h2>\n\n\n\n<p>I nostri ingegneri possono assistere qualsiasi cliente di qualsiasi settore nel trovare la soluzione consapevole pi\u00f9 adatta a soddisfare le loro esigenze in fatto di imballaggi e sostenibilit\u00e0, attraverso attivit\u00e0 di ricerca e sviluppo innovative e progetti personalizzabili. Con oltre 50 anni di esperienza, il nostro team di ingegneri collabora con ciascun cliente per la progettazione di una nuova soluzione di imballaggio, dalla scelta del liner all&#8217;integrazione totale dei sistemi, fino alla modifica di prodotti esistenti.<\/p>\n<\/div><\/div><\/div>\n<\/div>\n<\/div>\n<\/div><\/div><\/div>\n","protected":false},"excerpt":{"rendered":"<p>Liner a forma di cuscino LINER A FORMA DI CUSCINO Quando vengono riempiti, questi liner per contenitori alimentari industriali assumono la forma di un cuscino. I liner a forma di cuscino sono realizzati con due o tre strati di polietilene a bassa densit\u00e0 (LLDPE) e una pellicola protettiva per l&#8217;impiego in applicazioni asettiche e con [&hellip;]<\/p>\n","protected":false},"author":10,"featured_media":1881,"parent":0,"menu_order":0,"comment_status":"closed","ping_status":"closed","template":"","meta":{"_acf_changed":false,"content-type":"","_genesis_hide_title":false,"_genesis_hide_breadcrumbs":false,"_genesis_hide_singular_image":false,"_genesis_hide_footer_widgets":false,"_genesis_custom_body_class":"","_genesis_custom_post_class":"","_genesis_layout":"","footnotes":""},"class_list":{"0":"post-10149","1":"page","2":"type-page","3":"status-publish","4":"has-post-thumbnail","6":"entry"},"acf":[],"featured_image_src":"https:\/\/www.cdf1.com\/wp-content\/uploads\/2020\/07\/new-feature-placeholder-sliced.png","featured_image_src_square":"https:\/\/www.cdf1.com\/wp-content\/uploads\/2020\/07\/new-feature-placeholder-sliced.png","_links":{"self":[{"href":"https:\/\/www.cdf1.com\/it\/wp-json\/wp\/v2\/pages\/10149","targetHints":{"allow":["GET"]}}],"collection":[{"href":"https:\/\/www.cdf1.com\/it\/wp-json\/wp\/v2\/pages"}],"about":[{"href":"https:\/\/www.cdf1.com\/it\/wp-json\/wp\/v2\/types\/page"}],"author":[{"embeddable":true,"href":"https:\/\/www.cdf1.com\/it\/wp-json\/wp\/v2\/users\/10"}],"replies":[{"embeddable":true,"href":"https:\/\/www.cdf1.com\/it\/wp-json\/wp\/v2\/comments?post=10149"}],"version-history":[{"count":6,"href":"https:\/\/www.cdf1.com\/it\/wp-json\/wp\/v2\/pages\/10149\/revisions"}],"predecessor-version":[{"id":11306,"href":"https:\/\/www.cdf1.com\/it\/wp-json\/wp\/v2\/pages\/10149\/revisions\/11306"}],"wp:featuredmedia":[{"embeddable":true,"href":"https:\/\/www.cdf1.com\/it\/wp-json\/wp\/v2\/media\/1881"}],"wp:attachment":[{"href":"https:\/\/www.cdf1.com\/it\/wp-json\/wp\/v2\/media?parent=10149"}],"curies":[{"name":"wp","href":"https:\/\/api.w.org\/{rel}","templated":true}]}}