{"id":10008,"date":"2023-12-04T19:09:37","date_gmt":"2023-12-04T19:09:37","guid":{"rendered":"https:\/\/www.cdf1.com\/certificazioni\/"},"modified":"2024-02-25T10:32:43","modified_gmt":"2024-02-25T10:32:43","slug":"certificazioni","status":"publish","type":"page","link":"https:\/\/www.cdf1.com\/it\/certificazioni\/","title":{"rendered":"Certificazioni"},"content":{"rendered":"\n<div class=\"wp-block-cover is-light page-heading shadow-out-bottom\" style=\"min-height:610px;aspect-ratio:unset;\"><span aria-hidden=\"true\" class=\"wp-block-cover__background has-background-dim-0 has-background-dim\"><\/span><img decoding=\"async\" width=\"2560\" height=\"918\" class=\"wp-block-cover__image-background wp-image-2185 lazyload\" alt=\"\" data-src=\"https:\/\/www.cdf1.com\/wp-content\/uploads\/2021\/08\/certifications-header.jpg\" data-object-fit=\"cover\" data-srcset=\"https:\/\/www.cdf1.com\/wp-content\/uploads\/2021\/08\/certifications-header.jpg 2560w, https:\/\/www.cdf1.com\/wp-content\/uploads\/2021\/08\/certifications-header-300x108.jpg 300w, https:\/\/www.cdf1.com\/wp-content\/uploads\/2021\/08\/certifications-header-1024x367.jpg 1024w, https:\/\/www.cdf1.com\/wp-content\/uploads\/2021\/08\/certifications-header-768x275.jpg 768w, https:\/\/www.cdf1.com\/wp-content\/uploads\/2021\/08\/certifications-header-1536x551.jpg 1536w, https:\/\/www.cdf1.com\/wp-content\/uploads\/2021\/08\/certifications-header-2048x734.jpg 2048w\" data-sizes=\"(max-width: 2560px) 100vw, 2560px\" src=\"data:image\/svg+xml;base64,PHN2ZyB3aWR0aD0iMSIgaGVpZ2h0PSIxIiB4bWxucz0iaHR0cDovL3d3dy53My5vcmcvMjAwMC9zdmciPjwvc3ZnPg==\" style=\"--smush-placeholder-width: 2560px; --smush-placeholder-aspect-ratio: 2560\/918;\" \/><div class=\"wp-block-cover__inner-container is-layout-flow wp-block-cover-is-layout-flow\">\n<div class=\"wp-block-group fixed-width fixed-1080 heading-inner-wrap\"><div class=\"wp-block-group__inner-container is-layout-flow wp-block-group-is-layout-flow\">\n<div class=\"wp-block-group text-wrap\"><div class=\"wp-block-group__inner-container is-layout-flow wp-block-group-is-layout-flow\">\n<h1 class=\"wp-block-heading has-text-color\" style=\"color:#ffffff\">Certificazioni<\/h1>\n<\/div><\/div>\n<\/div><\/div>\n<\/div><\/div>\n\n<div class=\"wp-block-group bubble-shapes-wrap\"><div class=\"wp-block-group__inner-container is-layout-flow wp-block-group-is-layout-flow\">\n<div class=\"wp-block-group fixed-width fixed-980 padding-top-140 padding-bottom-80 text-img-section single-sertification-wrap\"><div class=\"wp-block-group__inner-container is-layout-flow wp-block-group-is-layout-flow\">\n<div class=\"wp-block-columns is-layout-flex wp-container-core-columns-is-layout-9d6595d7 wp-block-columns-is-layout-flex\">\n<div class=\"wp-block-column is-layout-flow wp-block-column-is-layout-flow\">\n<div class=\"wp-block-group text-wrap max-width-450 anim_init\"><div class=\"wp-block-group__inner-container is-layout-flow wp-block-group-is-layout-flow\">\n<h2 class=\"wp-block-heading\">ISO 9001:2015<\/h2>\n\n\n\n<div class=\"wp-block-group max-width-450\"><div class=\"wp-block-group__inner-container is-layout-flow wp-block-group-is-layout-flow\">\n<p>Come societ\u00e0 registrata ISO 9001:2015, CDF Corporation \u00e8 leader nel mercato perch\u00e9 costantemente focalizzata alla soddisfazione del cliente, al miglioramento continuo e all&#8217;eccellenza produttiva.<\/p>\n\n\n\n<p><a href=\"https:\/\/www.cdf1.com\/wp-content\/uploads\/2022\/01\/C.D.F.-Corporation-Final-BW-exp-2024.pdf\" target=\"_blank\" rel=\"noreferrer noopener\">Certificazione ISO 9001:2015<\/a><\/p>\n<\/div><\/div>\n<\/div><\/div>\n<\/div>\n\n\n\n<div class=\"wp-block-column is-layout-flow wp-block-column-is-layout-flow\">\n<figure class=\"wp-block-image size-large shadow-wrap max-width-350 circle-image\"><img decoding=\"async\" width=\"1024\" height=\"1024\" data-src=\"https:\/\/www.cdf1.com\/wp-content\/uploads\/2021\/09\/ISO-9001-2015-5-1024x1024.jpg\" alt=\"Certificazione ISO 9001:2015\" class=\"wp-image-2493 lazyload\" title=\"\" data-srcset=\"https:\/\/www.cdf1.com\/wp-content\/uploads\/2021\/09\/ISO-9001-2015-5-1024x1024.jpg 1024w, https:\/\/www.cdf1.com\/wp-content\/uploads\/2021\/09\/ISO-9001-2015-5-300x300.jpg 300w, https:\/\/www.cdf1.com\/wp-content\/uploads\/2021\/09\/ISO-9001-2015-5-150x150.jpg 150w, https:\/\/www.cdf1.com\/wp-content\/uploads\/2021\/09\/ISO-9001-2015-5-768x768.jpg 768w, https:\/\/www.cdf1.com\/wp-content\/uploads\/2021\/09\/ISO-9001-2015-5-75x75.jpg 75w, https:\/\/www.cdf1.com\/wp-content\/uploads\/2021\/09\/ISO-9001-2015-5-600x600.jpg 600w, https:\/\/www.cdf1.com\/wp-content\/uploads\/2021\/09\/ISO-9001-2015-5.jpg 1300w\" data-sizes=\"(max-width: 1024px) 100vw, 1024px\" src=\"data:image\/svg+xml;base64,PHN2ZyB3aWR0aD0iMSIgaGVpZ2h0PSIxIiB4bWxucz0iaHR0cDovL3d3dy53My5vcmcvMjAwMC9zdmciPjwvc3ZnPg==\" style=\"--smush-placeholder-width: 1024px; --smush-placeholder-aspect-ratio: 1024\/1024;\" \/><\/figure>\n<\/div>\n<\/div>\n<\/div><\/div>\n\n\n\n<div class=\"wp-block-group bg-bubble-left-center\"><div class=\"wp-block-group__inner-container is-layout-flow wp-block-group-is-layout-flow\">\n<div class=\"wp-block-group fixed-width fixed-980 padding-top-100 padding-bottom-80 img-text-section single-sertification-wrap\"><div class=\"wp-block-group__inner-container is-layout-flow wp-block-group-is-layout-flow\">\n<div class=\"wp-block-columns is-layout-flex wp-container-core-columns-is-layout-9d6595d7 wp-block-columns-is-layout-flex\">\n<div class=\"wp-block-column is-layout-flow wp-block-column-is-layout-flow\">\n<figure class=\"wp-block-image size-large shadow-wrap max-width-350 circle-image\"><img decoding=\"async\" width=\"716\" height=\"716\" data-src=\"https:\/\/www.cdf1.com\/wp-content\/uploads\/2021\/08\/SQF-Certification.jpg\" alt=\"Certificazione SQF\" class=\"wp-image-2168 lazyload\" title=\"\" data-srcset=\"https:\/\/www.cdf1.com\/wp-content\/uploads\/2021\/08\/SQF-Certification.jpg 716w, https:\/\/www.cdf1.com\/wp-content\/uploads\/2021\/08\/SQF-Certification-300x300.jpg 300w, https:\/\/www.cdf1.com\/wp-content\/uploads\/2021\/08\/SQF-Certification-150x150.jpg 150w, https:\/\/www.cdf1.com\/wp-content\/uploads\/2021\/08\/SQF-Certification-75x75.jpg 75w, https:\/\/www.cdf1.com\/wp-content\/uploads\/2021\/08\/SQF-Certification-600x600.jpg 600w\" data-sizes=\"(max-width: 716px) 100vw, 716px\" src=\"data:image\/svg+xml;base64,PHN2ZyB3aWR0aD0iMSIgaGVpZ2h0PSIxIiB4bWxucz0iaHR0cDovL3d3dy53My5vcmcvMjAwMC9zdmciPjwvc3ZnPg==\" style=\"--smush-placeholder-width: 716px; --smush-placeholder-aspect-ratio: 716\/716;\" \/><\/figure>\n<\/div>\n\n\n\n<div class=\"wp-block-column is-layout-flow wp-block-column-is-layout-flow\">\n<div class=\"wp-block-group text-wrap max-width-450 anim_init\"><div class=\"wp-block-group__inner-container is-layout-flow wp-block-group-is-layout-flow\">\n<h2 class=\"wp-block-heading\">Certificazione SQF<\/h2>\n\n\n\n<div class=\"wp-block-group max-width-450\"><div class=\"wp-block-group__inner-container is-layout-flow wp-block-group-is-layout-flow\">\n<p>CDF ha acquisito la certificazione SQF (Safe Quality Food) in entrambi gli stabilimenti produttivi. Il programma di certificazione SQF garantisce che i prodotti abbiano superato gli standard internazionali per la qualit\u00e0 e la sicurezza degli alimenti. SQF \u00e8 riconosciuto dai rivenditori al dettaglio e dai fornitori di servizi alimentari di tutto il mondo che richiedono un sistema di gestione della sicurezza alimentare rigoroso e credibile.<\/p>\n\n\n\n<p><a href=\"https:\/\/www.cdf1.com\/wp-content\/uploads\/2023\/02\/12066-CDF-Corporation-Armstrong-SQF-Cert-2022-Exp-Feb-2024.pdf\" target=\"_blank\" rel=\"noreferrer noopener\">57 Armstrong Road &#8211; SQF Certificate<\/a><\/p>\n\n\n\n<p><a href=\"https:\/\/www.cdf1.com\/wp-content\/uploads\/2023\/02\/1319-CFD-Corporation-Industrial-Park-SQF-Cert-2022-Exp-Feb-2024.pdf\" target=\"_blank\" rel=\"noreferrer noopener\">77 Industrial Park Road &#8211; SQF Certificate<\/a><\/p>\n<\/div><\/div>\n<\/div><\/div>\n<\/div>\n<\/div>\n<\/div><\/div>\n<\/div><\/div>\n\n\n\n<div class=\"wp-block-group fixed-width fixed-980 padding-top-100 padding-bottom-80 text-img-section single-sertification-wrap\"><div class=\"wp-block-group__inner-container is-layout-flow wp-block-group-is-layout-flow\">\n<div class=\"wp-block-columns is-layout-flex wp-container-core-columns-is-layout-9d6595d7 wp-block-columns-is-layout-flex\">\n<div class=\"wp-block-column is-layout-flow wp-block-column-is-layout-flow\">\n<div class=\"wp-block-group text-wrap max-width-450 anim_init\"><div class=\"wp-block-group__inner-container is-layout-flow wp-block-group-is-layout-flow\">\n<h2 class=\"wp-block-heading\">Omologazione ONU<\/h2>\n\n\n\n<div class=\"wp-block-group max-width-450\"><div class=\"wp-block-group__inner-container is-layout-flow wp-block-group-is-layout-flow\">\n<p>CDF Corporation ha superato brillantemente i test di qualifica tecnica per un imballaggio combinato: confezione in fibra con sacca in plastica. Il Bag-in-Box omologato ONU di CDF Corporation offre il massimo livello di protezione per il trasporto di prodotti pericolosi che richiedono imballaggi di classe II e III.<\/p>\n\n\n\n<p><a href=\"https:\/\/www.cdf1.com\/wp-content\/uploads\/2021\/08\/UN-Certification-2020.pdf\" target=\"_blank\" rel=\"noreferrer noopener\">Omologazione ONU<\/a><\/p>\n<\/div><\/div>\n<\/div><\/div>\n<\/div>\n\n\n\n<div class=\"wp-block-column is-layout-flow wp-block-column-is-layout-flow\">\n<figure class=\"wp-block-image size-large shadow-wrap max-width-350 circle-image\"><img decoding=\"async\" width=\"716\" height=\"716\" data-src=\"https:\/\/www.cdf1.com\/wp-content\/uploads\/2021\/08\/UN-Certification.jpg\" alt=\"Omologazione ONU\" class=\"wp-image-2170 lazyload\" title=\"\" data-srcset=\"https:\/\/www.cdf1.com\/wp-content\/uploads\/2021\/08\/UN-Certification.jpg 716w, https:\/\/www.cdf1.com\/wp-content\/uploads\/2021\/08\/UN-Certification-300x300.jpg 300w, https:\/\/www.cdf1.com\/wp-content\/uploads\/2021\/08\/UN-Certification-150x150.jpg 150w, https:\/\/www.cdf1.com\/wp-content\/uploads\/2021\/08\/UN-Certification-75x75.jpg 75w, https:\/\/www.cdf1.com\/wp-content\/uploads\/2021\/08\/UN-Certification-600x600.jpg 600w\" data-sizes=\"(max-width: 716px) 100vw, 716px\" src=\"data:image\/svg+xml;base64,PHN2ZyB3aWR0aD0iMSIgaGVpZ2h0PSIxIiB4bWxucz0iaHR0cDovL3d3dy53My5vcmcvMjAwMC9zdmciPjwvc3ZnPg==\" style=\"--smush-placeholder-width: 716px; --smush-placeholder-aspect-ratio: 716\/716;\" \/><\/figure>\n<\/div>\n<\/div>\n<\/div><\/div>\n\n\n\n<div class=\"wp-block-group bg-bubble-right-center body-text-small\"><div class=\"wp-block-group__inner-container is-layout-flow wp-block-group-is-layout-flow\">\n<div class=\"wp-block-group fixed-width fixed-980 padding-top-100 padding-bottom-80 img-text-section single-sertification-wrap\"><div class=\"wp-block-group__inner-container is-layout-flow wp-block-group-is-layout-flow\">\n<div class=\"wp-block-columns is-layout-flex wp-container-core-columns-is-layout-9d6595d7 wp-block-columns-is-layout-flex\">\n<div class=\"wp-block-column is-layout-flow wp-block-column-is-layout-flow\">\n<figure class=\"wp-block-image size-large shadow-wrap max-width-350 circle-image\"><img decoding=\"async\" width=\"716\" height=\"716\" data-src=\"https:\/\/www.cdf1.com\/wp-content\/uploads\/2021\/08\/IMS-Certification.jpg\" alt=\"Certificazione IMS\" class=\"wp-image-2173 lazyload\" title=\"\" data-srcset=\"https:\/\/www.cdf1.com\/wp-content\/uploads\/2021\/08\/IMS-Certification.jpg 716w, https:\/\/www.cdf1.com\/wp-content\/uploads\/2021\/08\/IMS-Certification-300x300.jpg 300w, https:\/\/www.cdf1.com\/wp-content\/uploads\/2021\/08\/IMS-Certification-150x150.jpg 150w, https:\/\/www.cdf1.com\/wp-content\/uploads\/2021\/08\/IMS-Certification-75x75.jpg 75w, https:\/\/www.cdf1.com\/wp-content\/uploads\/2021\/08\/IMS-Certification-600x600.jpg 600w\" data-sizes=\"(max-width: 716px) 100vw, 716px\" src=\"data:image\/svg+xml;base64,PHN2ZyB3aWR0aD0iMSIgaGVpZ2h0PSIxIiB4bWxucz0iaHR0cDovL3d3dy53My5vcmcvMjAwMC9zdmciPjwvc3ZnPg==\" style=\"--smush-placeholder-width: 716px; --smush-placeholder-aspect-ratio: 716\/716;\" \/><\/figure>\n<\/div>\n\n\n\n<div class=\"wp-block-column is-layout-flow wp-block-column-is-layout-flow\">\n<div class=\"wp-block-group text-wrap max-width-450 anim_init\"><div class=\"wp-block-group__inner-container is-layout-flow wp-block-group-is-layout-flow\">\n<h2 class=\"wp-block-heading\">Certificazione IMS<\/h2>\n\n\n\n<div class=\"wp-block-group max-width-450\"><div class=\"wp-block-group__inner-container is-layout-flow wp-block-group-is-layout-flow\">\n<p>CDF ha acquisito la certificazione Interstate Milk Shippers (IMS) per contenitori monouso. Il programma Interstate Milk Shippers \u00e8 un programma cooperativo tra i governi statali e quello federale che offre alle aziende che lavorano il latte di acquistare imballaggi monouso da stabilimenti rispettosi di tutte le norme igieniche. La certificazione IMS degli stabilimenti produttivi di contenitori e sistemi di chiusura richiede la conformit\u00e0 alle normative dell&#8217;FDA.<\/p>\n\n\n\n<p><a href=\"https:\/\/www.cfsanappsexternal.fda.gov\/scripts\/ims\/mkex\/ims\/imsss-br1.cfm#MA\" target=\"_blank\" rel=\"noreferrer noopener\">Certificazione IMS<\/a><\/p>\n<\/div><\/div>\n<\/div><\/div>\n<\/div>\n<\/div>\n<\/div><\/div>\n<\/div><\/div>\n\n\n\n<div class=\"wp-block-group fixed-width fixed-980 padding-top-100 padding-bottom-80 text-img-section single-sertification-wrap\"><div class=\"wp-block-group__inner-container is-layout-flow wp-block-group-is-layout-flow\">\n<div class=\"wp-block-columns is-layout-flex wp-container-core-columns-is-layout-9d6595d7 wp-block-columns-is-layout-flex\">\n<div class=\"wp-block-column is-layout-flow wp-block-column-is-layout-flow\">\n<div class=\"wp-block-group text-wrap max-width-450 anim_init\"><div class=\"wp-block-group__inner-container is-layout-flow wp-block-group-is-layout-flow\">\n<h2 class=\"wp-block-heading\">Kosher<\/h2>\n\n\n\n<div class=\"wp-block-group max-width-450\"><div class=\"wp-block-group__inner-container is-layout-flow wp-block-group-is-layout-flow\">\n<p>CDF Corporation ha acquisito la Kosher Certification dal Chicago Rabbinical Council (cRc) per i suoi contenitori IBC flessibili. Ci\u00f2 significa che i produttori di alimenti kosher possono essere certi che i contenitori IBC flessibili di CDF soddisfano i rigorosi requisiti kosher.<\/p>\n\n\n\n<p><a href=\"https:\/\/www.cdf1.com\/wp-content\/uploads\/2023\/01\/2023-Kosher-Certification.pdf\" target=\"_blank\" rel=\"noreferrer noopener\">Certificazione Kosher<\/a><\/p>\n<\/div><\/div>\n<\/div><\/div>\n<\/div>\n\n\n\n<div class=\"wp-block-column is-layout-flow wp-block-column-is-layout-flow\">\n<figure class=\"wp-block-image size-full shadow-wrap max-width-350 circle-image\"><img decoding=\"async\" width=\"716\" height=\"726\" data-src=\"https:\/\/www.cdf1.com\/wp-content\/uploads\/2021\/09\/Kosher-5.jpg\" alt=\"Certificazione Kosher\" class=\"wp-image-2508 lazyload\" title=\"\" data-srcset=\"https:\/\/www.cdf1.com\/wp-content\/uploads\/2021\/09\/Kosher-5.jpg 716w, https:\/\/www.cdf1.com\/wp-content\/uploads\/2021\/09\/Kosher-5-296x300.jpg 296w, https:\/\/www.cdf1.com\/wp-content\/uploads\/2021\/09\/Kosher-5-75x75.jpg 75w\" data-sizes=\"(max-width: 716px) 100vw, 716px\" src=\"data:image\/svg+xml;base64,PHN2ZyB3aWR0aD0iMSIgaGVpZ2h0PSIxIiB4bWxucz0iaHR0cDovL3d3dy53My5vcmcvMjAwMC9zdmciPjwvc3ZnPg==\" style=\"--smush-placeholder-width: 716px; --smush-placeholder-aspect-ratio: 716\/726;\" \/><\/figure>\n<\/div>\n<\/div>\n<\/div><\/div>\n\n\n\n<div class=\"wp-block-cover is-light animated-bg-img section-no-overflow\" style=\"min-height:510px;aspect-ratio:unset;\"><span aria-hidden=\"true\" class=\"wp-block-cover__background has-background-dim-0 has-background-dim\"><\/span><img decoding=\"async\" width=\"2560\" height=\"1160\" class=\"wp-block-cover__image-background wp-image-2728 lazyload\" alt=\"\" data-src=\"https:\/\/www.cdf1.com\/wp-content\/uploads\/2021\/09\/white-blue-shape.jpg\" style=\"--smush-placeholder-width: 2560px; --smush-placeholder-aspect-ratio: 2560\/1160;object-position:83% 48%\" data-object-fit=\"cover\" data-object-position=\"83% 48%\" data-srcset=\"https:\/\/www.cdf1.com\/wp-content\/uploads\/2021\/09\/white-blue-shape.jpg 2560w, https:\/\/www.cdf1.com\/wp-content\/uploads\/2021\/09\/white-blue-shape-300x136.jpg 300w, https:\/\/www.cdf1.com\/wp-content\/uploads\/2021\/09\/white-blue-shape-1024x464.jpg 1024w, https:\/\/www.cdf1.com\/wp-content\/uploads\/2021\/09\/white-blue-shape-768x348.jpg 768w, https:\/\/www.cdf1.com\/wp-content\/uploads\/2021\/09\/white-blue-shape-1536x696.jpg 1536w, https:\/\/www.cdf1.com\/wp-content\/uploads\/2021\/09\/white-blue-shape-2048x928.jpg 2048w\" data-sizes=\"(max-width: 2560px) 100vw, 2560px\" src=\"data:image\/svg+xml;base64,PHN2ZyB3aWR0aD0iMSIgaGVpZ2h0PSIxIiB4bWxucz0iaHR0cDovL3d3dy53My5vcmcvMjAwMC9zdmciPjwvc3ZnPg==\" \/><div class=\"wp-block-cover__inner-container is-layout-flow wp-block-cover-is-layout-flow\">\n<div class=\"wp-block-group fixed-width fixed-980 padding-top-40 padding-bottom-40 img-text-section single-sertification-wrap\"><div class=\"wp-block-group__inner-container is-layout-flow wp-block-group-is-layout-flow\">\n<div class=\"wp-block-columns is-layout-flex wp-container-core-columns-is-layout-9d6595d7 wp-block-columns-is-layout-flex\">\n<div class=\"wp-block-column is-layout-flow wp-block-column-is-layout-flow\">\n<figure class=\"wp-block-image size-large shadow-wrap max-width-350 circle-image\"><img decoding=\"async\" width=\"716\" height=\"716\" data-src=\"https:\/\/www.cdf1.com\/wp-content\/uploads\/2021\/08\/Canadian-Food-Inspection-Agency.jpg\" alt=\"Canadian Food Inspection Agency\" class=\"wp-image-2180 lazyload\" title=\"\" data-srcset=\"https:\/\/www.cdf1.com\/wp-content\/uploads\/2021\/08\/Canadian-Food-Inspection-Agency.jpg 716w, https:\/\/www.cdf1.com\/wp-content\/uploads\/2021\/08\/Canadian-Food-Inspection-Agency-300x300.jpg 300w, https:\/\/www.cdf1.com\/wp-content\/uploads\/2021\/08\/Canadian-Food-Inspection-Agency-150x150.jpg 150w, https:\/\/www.cdf1.com\/wp-content\/uploads\/2021\/08\/Canadian-Food-Inspection-Agency-75x75.jpg 75w, https:\/\/www.cdf1.com\/wp-content\/uploads\/2021\/08\/Canadian-Food-Inspection-Agency-600x600.jpg 600w\" data-sizes=\"(max-width: 716px) 100vw, 716px\" src=\"data:image\/svg+xml;base64,PHN2ZyB3aWR0aD0iMSIgaGVpZ2h0PSIxIiB4bWxucz0iaHR0cDovL3d3dy53My5vcmcvMjAwMC9zdmciPjwvc3ZnPg==\" style=\"--smush-placeholder-width: 716px; --smush-placeholder-aspect-ratio: 716\/716;\" \/><\/figure>\n<\/div>\n\n\n\n<div class=\"wp-block-column is-layout-flow wp-block-column-is-layout-flow\">\n<div class=\"wp-block-group text-wrap max-width-450 anim_init has-text-color\" style=\"color:#363b40\"><div class=\"wp-block-group__inner-container is-layout-flow wp-block-group-is-layout-flow\">\n<h2 class=\"wp-block-heading\">Canadian Food Inspection Agency<\/h2>\n\n\n\n<div class=\"wp-block-group max-width-450\"><div class=\"wp-block-group__inner-container is-layout-flow wp-block-group-is-layout-flow\">\n<p>I liner per IBC di CDF Corporation sono certificati dalla CFIA per l&#8217;uso alimentare in Canada.<\/p>\n\n\n\n<p><a href=\"https:\/\/www.cdf1.com\/wp-content\/uploads\/2021\/08\/Canadian-Food-Inspection-Agency.pdf\" target=\"_blank\" rel=\"noreferrer noopener\">Certificazione Canadian Food Inspection Agency<\/a><\/p>\n<\/div><\/div>\n<\/div><\/div>\n<\/div>\n<\/div>\n<\/div><\/div>\n<\/div><\/div>\n<\/div><\/div>\n","protected":false},"excerpt":{"rendered":"<p>ISO 9001:2015 Come societ\u00e0 registrata ISO 9001:2015, CDF Corporation \u00e8 leader nel mercato perch\u00e9 costantemente focalizzata alla soddisfazione del cliente, al miglioramento continuo e all&#8217;eccellenza produttiva. Certificazione ISO 9001:2015 Certificazione SQF CDF ha acquisito la certificazione SQF (Safe Quality Food) in entrambi gli stabilimenti produttivi. Il programma di certificazione SQF garantisce che i prodotti abbiano [&hellip;]<\/p>\n","protected":false},"author":4,"featured_media":1881,"parent":0,"menu_order":0,"comment_status":"closed","ping_status":"closed","template":"","meta":{"_acf_changed":false,"content-type":"","_genesis_hide_title":false,"_genesis_hide_breadcrumbs":false,"_genesis_hide_singular_image":false,"_genesis_hide_footer_widgets":false,"_genesis_custom_body_class":"","_genesis_custom_post_class":"","_genesis_layout":"full-width-content","footnotes":""},"class_list":{"0":"post-10008","1":"page","2":"type-page","3":"status-publish","4":"has-post-thumbnail","6":"entry"},"acf":[],"featured_image_src":"https:\/\/www.cdf1.com\/wp-content\/uploads\/2020\/07\/new-feature-placeholder-sliced.png","featured_image_src_square":"https:\/\/www.cdf1.com\/wp-content\/uploads\/2020\/07\/new-feature-placeholder-sliced.png","_links":{"self":[{"href":"https:\/\/www.cdf1.com\/it\/wp-json\/wp\/v2\/pages\/10008","targetHints":{"allow":["GET"]}}],"collection":[{"href":"https:\/\/www.cdf1.com\/it\/wp-json\/wp\/v2\/pages"}],"about":[{"href":"https:\/\/www.cdf1.com\/it\/wp-json\/wp\/v2\/types\/page"}],"author":[{"embeddable":true,"href":"https:\/\/www.cdf1.com\/it\/wp-json\/wp\/v2\/users\/4"}],"replies":[{"embeddable":true,"href":"https:\/\/www.cdf1.com\/it\/wp-json\/wp\/v2\/comments?post=10008"}],"version-history":[{"count":6,"href":"https:\/\/www.cdf1.com\/it\/wp-json\/wp\/v2\/pages\/10008\/revisions"}],"predecessor-version":[{"id":11283,"href":"https:\/\/www.cdf1.com\/it\/wp-json\/wp\/v2\/pages\/10008\/revisions\/11283"}],"wp:featuredmedia":[{"embeddable":true,"href":"https:\/\/www.cdf1.com\/it\/wp-json\/wp\/v2\/media\/1881"}],"wp:attachment":[{"href":"https:\/\/www.cdf1.com\/it\/wp-json\/wp\/v2\/media?parent=10008"}],"curies":[{"name":"wp","href":"https:\/\/api.w.org\/{rel}","templated":true}]}}