{"id":9999,"date":"2023-12-04T19:09:26","date_gmt":"2023-12-04T19:09:26","guid":{"rendered":"https:\/\/www.cdf1.com\/certifications\/"},"modified":"2024-02-21T07:59:57","modified_gmt":"2024-02-21T07:59:57","slug":"certifications","status":"publish","type":"page","link":"https:\/\/www.cdf1.com\/fr\/certifications\/","title":{"rendered":"Certifications"},"content":{"rendered":"\n<div class=\"wp-block-cover is-light page-heading shadow-out-bottom\" style=\"min-height:610px;aspect-ratio:unset;\"><span aria-hidden=\"true\" class=\"wp-block-cover__background has-background-dim-0 has-background-dim\"><\/span><img decoding=\"async\" width=\"2560\" height=\"918\" class=\"wp-block-cover__image-background wp-image-2185 lazyload\" alt=\"\" data-src=\"https:\/\/www.cdf1.com\/wp-content\/uploads\/2021\/08\/certifications-header.jpg\" data-object-fit=\"cover\" data-srcset=\"https:\/\/www.cdf1.com\/wp-content\/uploads\/2021\/08\/certifications-header.jpg 2560w, https:\/\/www.cdf1.com\/wp-content\/uploads\/2021\/08\/certifications-header-300x108.jpg 300w, https:\/\/www.cdf1.com\/wp-content\/uploads\/2021\/08\/certifications-header-1024x367.jpg 1024w, https:\/\/www.cdf1.com\/wp-content\/uploads\/2021\/08\/certifications-header-768x275.jpg 768w, https:\/\/www.cdf1.com\/wp-content\/uploads\/2021\/08\/certifications-header-1536x551.jpg 1536w, https:\/\/www.cdf1.com\/wp-content\/uploads\/2021\/08\/certifications-header-2048x734.jpg 2048w\" data-sizes=\"(max-width: 2560px) 100vw, 2560px\" src=\"data:image\/svg+xml;base64,PHN2ZyB3aWR0aD0iMSIgaGVpZ2h0PSIxIiB4bWxucz0iaHR0cDovL3d3dy53My5vcmcvMjAwMC9zdmciPjwvc3ZnPg==\" style=\"--smush-placeholder-width: 2560px; --smush-placeholder-aspect-ratio: 2560\/918;\" \/><div class=\"wp-block-cover__inner-container is-layout-flow wp-block-cover-is-layout-flow\">\n<div class=\"wp-block-group fixed-width fixed-1080 heading-inner-wrap\"><div class=\"wp-block-group__inner-container is-layout-flow wp-block-group-is-layout-flow\">\n<div class=\"wp-block-group text-wrap\"><div class=\"wp-block-group__inner-container is-layout-flow wp-block-group-is-layout-flow\">\n<h1 class=\"wp-block-heading has-text-color\" style=\"color:#ffffff\">Certifications<\/h1>\n<\/div><\/div>\n<\/div><\/div>\n<\/div><\/div>\n\n<div class=\"wp-block-group bubble-shapes-wrap\"><div class=\"wp-block-group__inner-container is-layout-flow wp-block-group-is-layout-flow\">\n<div class=\"wp-block-group fixed-width fixed-980 padding-top-140 padding-bottom-80 text-img-section single-sertification-wrap\"><div class=\"wp-block-group__inner-container is-layout-flow wp-block-group-is-layout-flow\">\n<div class=\"wp-block-columns is-layout-flex wp-container-core-columns-is-layout-9d6595d7 wp-block-columns-is-layout-flex\">\n<div class=\"wp-block-column is-layout-flow wp-block-column-is-layout-flow\">\n<div class=\"wp-block-group text-wrap max-width-450 anim_init\"><div class=\"wp-block-group__inner-container is-layout-flow wp-block-group-is-layout-flow\">\n<h2 class=\"wp-block-heading\">ISO\u00a09001:2015<\/h2>\n\n\n\n<div class=\"wp-block-group max-width-450\"><div class=\"wp-block-group__inner-container is-layout-flow wp-block-group-is-layout-flow\">\n<p>En tant qu\u2019entreprise enregistr\u00e9e ISO\u00a09001:2015, CDF Corporation poss\u00e8de un v\u00e9ritable atout pour remporter des march\u00e9s, car nous portons toujours la plus grande attention \u00e0 la satisfaction des clients, \u00e0 l\u2019am\u00e9lioration continue et \u00e0 des performances de fabrication de haut niveau.<\/p>\n\n\n\n<p><a href=\"https:\/\/www.cdf1.com\/wp-content\/uploads\/2022\/01\/C.D.F.-Corporation-Final-BW-exp-2024.pdf\" target=\"_blank\" rel=\"noreferrer noopener\">Certification ISO\u00a09001:2015<\/a><\/p>\n<\/div><\/div>\n<\/div><\/div>\n<\/div>\n\n\n\n<div class=\"wp-block-column is-layout-flow wp-block-column-is-layout-flow\">\n<figure class=\"wp-block-image size-large shadow-wrap max-width-350 circle-image\"><img decoding=\"async\" width=\"1024\" height=\"1024\" data-src=\"https:\/\/www.cdf1.com\/wp-content\/uploads\/2021\/09\/ISO-9001-2015-5-1024x1024.jpg\" alt=\"Certifi&#xE9;e ISO&#xA0;9001:2015\" class=\"wp-image-2493 lazyload\" title=\"\" data-srcset=\"https:\/\/www.cdf1.com\/wp-content\/uploads\/2021\/09\/ISO-9001-2015-5-1024x1024.jpg 1024w, https:\/\/www.cdf1.com\/wp-content\/uploads\/2021\/09\/ISO-9001-2015-5-300x300.jpg 300w, https:\/\/www.cdf1.com\/wp-content\/uploads\/2021\/09\/ISO-9001-2015-5-150x150.jpg 150w, https:\/\/www.cdf1.com\/wp-content\/uploads\/2021\/09\/ISO-9001-2015-5-768x768.jpg 768w, https:\/\/www.cdf1.com\/wp-content\/uploads\/2021\/09\/ISO-9001-2015-5-75x75.jpg 75w, https:\/\/www.cdf1.com\/wp-content\/uploads\/2021\/09\/ISO-9001-2015-5-600x600.jpg 600w, https:\/\/www.cdf1.com\/wp-content\/uploads\/2021\/09\/ISO-9001-2015-5.jpg 1300w\" data-sizes=\"(max-width: 1024px) 100vw, 1024px\" src=\"data:image\/svg+xml;base64,PHN2ZyB3aWR0aD0iMSIgaGVpZ2h0PSIxIiB4bWxucz0iaHR0cDovL3d3dy53My5vcmcvMjAwMC9zdmciPjwvc3ZnPg==\" style=\"--smush-placeholder-width: 1024px; --smush-placeholder-aspect-ratio: 1024\/1024;\" \/><\/figure>\n<\/div>\n<\/div>\n<\/div><\/div>\n\n\n\n<div class=\"wp-block-group bg-bubble-left-center\"><div class=\"wp-block-group__inner-container is-layout-flow wp-block-group-is-layout-flow\">\n<div class=\"wp-block-group fixed-width fixed-980 padding-top-100 padding-bottom-80 img-text-section single-sertification-wrap\"><div class=\"wp-block-group__inner-container is-layout-flow wp-block-group-is-layout-flow\">\n<div class=\"wp-block-columns is-layout-flex wp-container-core-columns-is-layout-9d6595d7 wp-block-columns-is-layout-flex\">\n<div class=\"wp-block-column is-layout-flow wp-block-column-is-layout-flow\">\n<figure class=\"wp-block-image size-large shadow-wrap max-width-350 circle-image\"><img decoding=\"async\" width=\"716\" height=\"716\" data-src=\"https:\/\/www.cdf1.com\/wp-content\/uploads\/2021\/08\/SQF-Certification.jpg\" alt=\"Certification SQF\" class=\"wp-image-2168 lazyload\" title=\"\" data-srcset=\"https:\/\/www.cdf1.com\/wp-content\/uploads\/2021\/08\/SQF-Certification.jpg 716w, https:\/\/www.cdf1.com\/wp-content\/uploads\/2021\/08\/SQF-Certification-300x300.jpg 300w, https:\/\/www.cdf1.com\/wp-content\/uploads\/2021\/08\/SQF-Certification-150x150.jpg 150w, https:\/\/www.cdf1.com\/wp-content\/uploads\/2021\/08\/SQF-Certification-75x75.jpg 75w, https:\/\/www.cdf1.com\/wp-content\/uploads\/2021\/08\/SQF-Certification-600x600.jpg 600w\" data-sizes=\"(max-width: 716px) 100vw, 716px\" src=\"data:image\/svg+xml;base64,PHN2ZyB3aWR0aD0iMSIgaGVpZ2h0PSIxIiB4bWxucz0iaHR0cDovL3d3dy53My5vcmcvMjAwMC9zdmciPjwvc3ZnPg==\" style=\"--smush-placeholder-width: 716px; --smush-placeholder-aspect-ratio: 716\/716;\" \/><\/figure>\n<\/div>\n\n\n\n<div class=\"wp-block-column is-layout-flow wp-block-column-is-layout-flow\">\n<div class=\"wp-block-group text-wrap max-width-450 anim_init\"><div class=\"wp-block-group__inner-container is-layout-flow wp-block-group-is-layout-flow\">\n<h2 class=\"wp-block-heading\">Certification SQF<\/h2>\n\n\n\n<div class=\"wp-block-group max-width-450\"><div class=\"wp-block-group__inner-container is-layout-flow wp-block-group-is-layout-flow\">\n<p>CDF poss\u00e8de la certification SQF (Safe Quality Food) pour ces deux unit\u00e9s de production. Le programme de certification SQF garantit que les produits sont conformes \u00e0 des normes internationales exigeantes pour la s\u00e9curit\u00e9 et la qualit\u00e9 des aliments. SQF est reconnu par les acteurs du commerce et de la restauration \u00e0 travers le monde qui exigent un syst\u00e8me de gestion de la s\u00e9curit\u00e9 alimentaire rigoureuse et cr\u00e9dible.<\/p>\n\n\n\n<p><a href=\"https:\/\/www.cdf1.com\/wp-content\/uploads\/2023\/02\/12066-CDF-Corporation-Armstrong-SQF-Cert-2022-Exp-Feb-2024.pdf\" target=\"_blank\" rel=\"noreferrer noopener\">57 Armstrong Road &#8211; Certification SQF<\/a><\/p>\n\n\n\n<p><a href=\"https:\/\/www.cdf1.com\/wp-content\/uploads\/2023\/02\/1319-CFD-Corporation-Industrial-Park-SQF-Cert-2022-Exp-Feb-2024.pdf\" target=\"_blank\" rel=\"noreferrer noopener\">77 Industrial Park Road &#8211; Certification SQF<\/a><\/p>\n<\/div><\/div>\n<\/div><\/div>\n<\/div>\n<\/div>\n<\/div><\/div>\n<\/div><\/div>\n\n\n\n<div class=\"wp-block-group fixed-width fixed-980 padding-top-100 padding-bottom-80 text-img-section single-sertification-wrap\"><div class=\"wp-block-group__inner-container is-layout-flow wp-block-group-is-layout-flow\">\n<div class=\"wp-block-columns is-layout-flex wp-container-core-columns-is-layout-9d6595d7 wp-block-columns-is-layout-flex\">\n<div class=\"wp-block-column is-layout-flow wp-block-column-is-layout-flow\">\n<div class=\"wp-block-group text-wrap max-width-450 anim_init\"><div class=\"wp-block-group__inner-container is-layout-flow wp-block-group-is-layout-flow\">\n<h2 class=\"wp-block-heading\">Certification UN<\/h2>\n\n\n\n<div class=\"wp-block-group max-width-450\"><div class=\"wp-block-group__inner-container is-layout-flow wp-block-group-is-layout-flow\">\n<p>CDF Corporation a pass\u00e9 avec succ\u00e8s les tests de qualification de la conception d\u2019un emballage mixte\u00a0; caisse en carton avec poche plastique. Le Bag In Box certifi\u00e9 UN de CDF Corporation apportera les plus hauts niveaux de protection pour le transport de produits dangereux exigeant un emballage de classe\u00a0II et III.<\/p>\n\n\n\n<p><a href=\"https:\/\/www.cdf1.com\/wp-content\/uploads\/2021\/08\/UN-Certification-2020.pdf\" target=\"_blank\" rel=\"noreferrer noopener\">Certification UN<\/a><\/p>\n<\/div><\/div>\n<\/div><\/div>\n<\/div>\n\n\n\n<div class=\"wp-block-column is-layout-flow wp-block-column-is-layout-flow\">\n<figure class=\"wp-block-image size-large shadow-wrap max-width-350 circle-image\"><img decoding=\"async\" width=\"716\" height=\"716\" data-src=\"https:\/\/www.cdf1.com\/wp-content\/uploads\/2021\/08\/UN-Certification.jpg\" alt=\"Certification UN\" class=\"wp-image-2170 lazyload\" title=\"\" data-srcset=\"https:\/\/www.cdf1.com\/wp-content\/uploads\/2021\/08\/UN-Certification.jpg 716w, https:\/\/www.cdf1.com\/wp-content\/uploads\/2021\/08\/UN-Certification-300x300.jpg 300w, https:\/\/www.cdf1.com\/wp-content\/uploads\/2021\/08\/UN-Certification-150x150.jpg 150w, https:\/\/www.cdf1.com\/wp-content\/uploads\/2021\/08\/UN-Certification-75x75.jpg 75w, https:\/\/www.cdf1.com\/wp-content\/uploads\/2021\/08\/UN-Certification-600x600.jpg 600w\" data-sizes=\"(max-width: 716px) 100vw, 716px\" src=\"data:image\/svg+xml;base64,PHN2ZyB3aWR0aD0iMSIgaGVpZ2h0PSIxIiB4bWxucz0iaHR0cDovL3d3dy53My5vcmcvMjAwMC9zdmciPjwvc3ZnPg==\" style=\"--smush-placeholder-width: 716px; --smush-placeholder-aspect-ratio: 716\/716;\" \/><\/figure>\n<\/div>\n<\/div>\n<\/div><\/div>\n\n\n\n<div class=\"wp-block-group bg-bubble-right-center body-text-small\"><div class=\"wp-block-group__inner-container is-layout-flow wp-block-group-is-layout-flow\">\n<div class=\"wp-block-group fixed-width fixed-980 padding-top-100 padding-bottom-80 img-text-section single-sertification-wrap\"><div class=\"wp-block-group__inner-container is-layout-flow wp-block-group-is-layout-flow\">\n<div class=\"wp-block-columns is-layout-flex wp-container-core-columns-is-layout-9d6595d7 wp-block-columns-is-layout-flex\">\n<div class=\"wp-block-column is-layout-flow wp-block-column-is-layout-flow\">\n<figure class=\"wp-block-image size-large shadow-wrap max-width-350 circle-image\"><img decoding=\"async\" width=\"716\" height=\"716\" data-src=\"https:\/\/www.cdf1.com\/wp-content\/uploads\/2021\/08\/IMS-Certification.jpg\" alt=\"Certification IMS\" class=\"wp-image-2173 lazyload\" title=\"\" data-srcset=\"https:\/\/www.cdf1.com\/wp-content\/uploads\/2021\/08\/IMS-Certification.jpg 716w, https:\/\/www.cdf1.com\/wp-content\/uploads\/2021\/08\/IMS-Certification-300x300.jpg 300w, https:\/\/www.cdf1.com\/wp-content\/uploads\/2021\/08\/IMS-Certification-150x150.jpg 150w, https:\/\/www.cdf1.com\/wp-content\/uploads\/2021\/08\/IMS-Certification-75x75.jpg 75w, https:\/\/www.cdf1.com\/wp-content\/uploads\/2021\/08\/IMS-Certification-600x600.jpg 600w\" data-sizes=\"(max-width: 716px) 100vw, 716px\" src=\"data:image\/svg+xml;base64,PHN2ZyB3aWR0aD0iMSIgaGVpZ2h0PSIxIiB4bWxucz0iaHR0cDovL3d3dy53My5vcmcvMjAwMC9zdmciPjwvc3ZnPg==\" style=\"--smush-placeholder-width: 716px; --smush-placeholder-aspect-ratio: 716\/716;\" \/><\/figure>\n<\/div>\n\n\n\n<div class=\"wp-block-column is-layout-flow wp-block-column-is-layout-flow\">\n<div class=\"wp-block-group text-wrap max-width-450 anim_init\"><div class=\"wp-block-group__inner-container is-layout-flow wp-block-group-is-layout-flow\">\n<h2 class=\"wp-block-heading\">Certification IMS<\/h2>\n\n\n\n<div class=\"wp-block-group max-width-450\"><div class=\"wp-block-group__inner-container is-layout-flow wp-block-group-is-layout-flow\">\n<p>CDF est certifi\u00e9e Interstate Milk Shippers (IMS) pour les conteneurs \u00e0 usage unique. L\u2019Interstate Milk Shippers Program est un programme coop\u00e9ratif entre les gouvernements f\u00e9d\u00e9ral et des \u00c9tats qui permet aux transformateurs laitiers d\u2019acheter des mat\u00e9riaux d\u2019emballage \u00e0 usage unique aupr\u00e8s des usines de produits d\u2019hygi\u00e8ne du monde entier. La certification IMS des usines produisant des conteneurs et des fermetures exige de respecter les r\u00e9glementations FDA.<\/p>\n\n\n\n<p><a href=\"https:\/\/www.cfsanappsexternal.fda.gov\/scripts\/ims\/mkex\/ims\/imsss-br1.cfm#MA\" target=\"_blank\" rel=\"noreferrer noopener\">Certificat IMS<\/a><\/p>\n<\/div><\/div>\n<\/div><\/div>\n<\/div>\n<\/div>\n<\/div><\/div>\n<\/div><\/div>\n\n\n\n<div class=\"wp-block-group fixed-width fixed-980 padding-top-100 padding-bottom-80 text-img-section single-sertification-wrap\"><div class=\"wp-block-group__inner-container is-layout-flow wp-block-group-is-layout-flow\">\n<div class=\"wp-block-columns is-layout-flex wp-container-core-columns-is-layout-9d6595d7 wp-block-columns-is-layout-flex\">\n<div class=\"wp-block-column is-layout-flow wp-block-column-is-layout-flow\">\n<div class=\"wp-block-group text-wrap max-width-450 anim_init\"><div class=\"wp-block-group__inner-container is-layout-flow wp-block-group-is-layout-flow\">\n<h2 class=\"wp-block-heading\">Casher<\/h2>\n\n\n\n<div class=\"wp-block-group max-width-450\"><div class=\"wp-block-group__inner-container is-layout-flow wp-block-group-is-layout-flow\">\n<p>CDF Corporation est heureuse d\u2019avoir obtenu la certification casher aupr\u00e8s du Conseil rabbinique de Chicago (cRc) pour ses conteneurs IBC. Les producteurs de denr\u00e9es alimentaires qui s\u2019appuient sur les normes casher peuvent donc faire confiance aux conteneurs IBC flexibles pour r\u00e9pondre aux exigences casher les plus strictes.<\/p>\n\n\n\n<p><a href=\"https:\/\/www.cdf1.com\/wp-content\/uploads\/2023\/01\/2023-Kosher-Certification.pdf\" target=\"_blank\" rel=\"noreferrer noopener\">Certification casher<\/a><\/p>\n<\/div><\/div>\n<\/div><\/div>\n<\/div>\n\n\n\n<div class=\"wp-block-column is-layout-flow wp-block-column-is-layout-flow\">\n<figure class=\"wp-block-image size-full shadow-wrap max-width-350 circle-image\"><img decoding=\"async\" width=\"716\" height=\"726\" data-src=\"https:\/\/www.cdf1.com\/wp-content\/uploads\/2021\/09\/Kosher-5.jpg\" alt=\"Certification casher\" class=\"wp-image-2508 lazyload\" title=\"\" data-srcset=\"https:\/\/www.cdf1.com\/wp-content\/uploads\/2021\/09\/Kosher-5.jpg 716w, https:\/\/www.cdf1.com\/wp-content\/uploads\/2021\/09\/Kosher-5-296x300.jpg 296w, https:\/\/www.cdf1.com\/wp-content\/uploads\/2021\/09\/Kosher-5-75x75.jpg 75w\" data-sizes=\"(max-width: 716px) 100vw, 716px\" src=\"data:image\/svg+xml;base64,PHN2ZyB3aWR0aD0iMSIgaGVpZ2h0PSIxIiB4bWxucz0iaHR0cDovL3d3dy53My5vcmcvMjAwMC9zdmciPjwvc3ZnPg==\" style=\"--smush-placeholder-width: 716px; --smush-placeholder-aspect-ratio: 716\/726;\" \/><\/figure>\n<\/div>\n<\/div>\n<\/div><\/div>\n\n\n\n<div class=\"wp-block-cover is-light animated-bg-img section-no-overflow\" style=\"min-height:510px;aspect-ratio:unset;\"><span aria-hidden=\"true\" class=\"wp-block-cover__background has-background-dim-0 has-background-dim\"><\/span><img decoding=\"async\" width=\"2560\" height=\"1160\" class=\"wp-block-cover__image-background wp-image-2728 lazyload\" alt=\"\" data-src=\"https:\/\/www.cdf1.com\/wp-content\/uploads\/2021\/09\/white-blue-shape.jpg\" style=\"--smush-placeholder-width: 2560px; --smush-placeholder-aspect-ratio: 2560\/1160;object-position:83% 48%\" data-object-fit=\"cover\" data-object-position=\"83% 48%\" data-srcset=\"https:\/\/www.cdf1.com\/wp-content\/uploads\/2021\/09\/white-blue-shape.jpg 2560w, https:\/\/www.cdf1.com\/wp-content\/uploads\/2021\/09\/white-blue-shape-300x136.jpg 300w, https:\/\/www.cdf1.com\/wp-content\/uploads\/2021\/09\/white-blue-shape-1024x464.jpg 1024w, https:\/\/www.cdf1.com\/wp-content\/uploads\/2021\/09\/white-blue-shape-768x348.jpg 768w, https:\/\/www.cdf1.com\/wp-content\/uploads\/2021\/09\/white-blue-shape-1536x696.jpg 1536w, https:\/\/www.cdf1.com\/wp-content\/uploads\/2021\/09\/white-blue-shape-2048x928.jpg 2048w\" data-sizes=\"(max-width: 2560px) 100vw, 2560px\" src=\"data:image\/svg+xml;base64,PHN2ZyB3aWR0aD0iMSIgaGVpZ2h0PSIxIiB4bWxucz0iaHR0cDovL3d3dy53My5vcmcvMjAwMC9zdmciPjwvc3ZnPg==\" \/><div class=\"wp-block-cover__inner-container is-layout-flow wp-block-cover-is-layout-flow\">\n<div class=\"wp-block-group fixed-width fixed-980 padding-top-40 padding-bottom-40 img-text-section single-sertification-wrap\"><div class=\"wp-block-group__inner-container is-layout-flow wp-block-group-is-layout-flow\">\n<div class=\"wp-block-columns is-layout-flex wp-container-core-columns-is-layout-9d6595d7 wp-block-columns-is-layout-flex\">\n<div class=\"wp-block-column is-layout-flow wp-block-column-is-layout-flow\">\n<figure class=\"wp-block-image size-large shadow-wrap max-width-350 circle-image\"><img decoding=\"async\" width=\"716\" height=\"716\" data-src=\"https:\/\/www.cdf1.com\/wp-content\/uploads\/2021\/08\/Canadian-Food-Inspection-Agency.jpg\" alt=\"Agence canadienne d&#x2019;inspection des aliments\" class=\"wp-image-2180 lazyload\" title=\"\" data-srcset=\"https:\/\/www.cdf1.com\/wp-content\/uploads\/2021\/08\/Canadian-Food-Inspection-Agency.jpg 716w, https:\/\/www.cdf1.com\/wp-content\/uploads\/2021\/08\/Canadian-Food-Inspection-Agency-300x300.jpg 300w, https:\/\/www.cdf1.com\/wp-content\/uploads\/2021\/08\/Canadian-Food-Inspection-Agency-150x150.jpg 150w, https:\/\/www.cdf1.com\/wp-content\/uploads\/2021\/08\/Canadian-Food-Inspection-Agency-75x75.jpg 75w, https:\/\/www.cdf1.com\/wp-content\/uploads\/2021\/08\/Canadian-Food-Inspection-Agency-600x600.jpg 600w\" data-sizes=\"(max-width: 716px) 100vw, 716px\" src=\"data:image\/svg+xml;base64,PHN2ZyB3aWR0aD0iMSIgaGVpZ2h0PSIxIiB4bWxucz0iaHR0cDovL3d3dy53My5vcmcvMjAwMC9zdmciPjwvc3ZnPg==\" style=\"--smush-placeholder-width: 716px; --smush-placeholder-aspect-ratio: 716\/716;\" \/><\/figure>\n<\/div>\n\n\n\n<div class=\"wp-block-column is-layout-flow wp-block-column-is-layout-flow\">\n<div class=\"wp-block-group text-wrap max-width-450 anim_init has-text-color\" style=\"color:#363b40\"><div class=\"wp-block-group__inner-container is-layout-flow wp-block-group-is-layout-flow\">\n<h2 class=\"wp-block-heading\">Agence canadienne d\u2019inspection des aliments<\/h2>\n\n\n\n<div class=\"wp-block-group max-width-450\"><div class=\"wp-block-group__inner-container is-layout-flow wp-block-group-is-layout-flow\">\n<p>Les poches pour conteneurs IBC de CDF Corporation sont certifi\u00e9es par l\u2019ACIA pour les applications agroalimentaires au Canada.<\/p>\n\n\n\n<p><a href=\"https:\/\/www.cdf1.com\/wp-content\/uploads\/2021\/08\/Canadian-Food-Inspection-Agency.pdf\" target=\"_blank\" rel=\"noreferrer noopener\">Certificat de l\u2019Agence canadienne d\u2019inspection des aliments<\/a><\/p>\n<\/div><\/div>\n<\/div><\/div>\n<\/div>\n<\/div>\n<\/div><\/div>\n<\/div><\/div>\n<\/div><\/div>\n","protected":false},"excerpt":{"rendered":"<p>ISO\u00a09001:2015 En tant qu\u2019entreprise enregistr\u00e9e ISO\u00a09001:2015, CDF Corporation poss\u00e8de un v\u00e9ritable atout pour remporter des march\u00e9s, car nous portons toujours la plus grande attention \u00e0 la satisfaction des clients, \u00e0 l\u2019am\u00e9lioration continue et \u00e0 des performances de fabrication de haut niveau. Certification ISO\u00a09001:2015 Certification SQF CDF poss\u00e8de la certification SQF (Safe Quality Food) pour ces [&hellip;]<\/p>\n","protected":false},"author":4,"featured_media":1881,"parent":0,"menu_order":0,"comment_status":"closed","ping_status":"closed","template":"","meta":{"_acf_changed":false,"content-type":"","_genesis_hide_title":false,"_genesis_hide_breadcrumbs":false,"_genesis_hide_singular_image":false,"_genesis_hide_footer_widgets":false,"_genesis_custom_body_class":"","_genesis_custom_post_class":"","_genesis_layout":"full-width-content","footnotes":""},"class_list":{"0":"post-9999","1":"page","2":"type-page","3":"status-publish","4":"has-post-thumbnail","6":"entry"},"acf":[],"featured_image_src":"https:\/\/www.cdf1.com\/wp-content\/uploads\/2020\/07\/new-feature-placeholder-sliced.png","featured_image_src_square":"https:\/\/www.cdf1.com\/wp-content\/uploads\/2020\/07\/new-feature-placeholder-sliced.png","_links":{"self":[{"href":"https:\/\/www.cdf1.com\/fr\/wp-json\/wp\/v2\/pages\/9999","targetHints":{"allow":["GET"]}}],"collection":[{"href":"https:\/\/www.cdf1.com\/fr\/wp-json\/wp\/v2\/pages"}],"about":[{"href":"https:\/\/www.cdf1.com\/fr\/wp-json\/wp\/v2\/types\/page"}],"author":[{"embeddable":true,"href":"https:\/\/www.cdf1.com\/fr\/wp-json\/wp\/v2\/users\/4"}],"replies":[{"embeddable":true,"href":"https:\/\/www.cdf1.com\/fr\/wp-json\/wp\/v2\/comments?post=9999"}],"version-history":[{"count":6,"href":"https:\/\/www.cdf1.com\/fr\/wp-json\/wp\/v2\/pages\/9999\/revisions"}],"predecessor-version":[{"id":11112,"href":"https:\/\/www.cdf1.com\/fr\/wp-json\/wp\/v2\/pages\/9999\/revisions\/11112"}],"wp:featuredmedia":[{"embeddable":true,"href":"https:\/\/www.cdf1.com\/fr\/wp-json\/wp\/v2\/media\/1881"}],"wp:attachment":[{"href":"https:\/\/www.cdf1.com\/fr\/wp-json\/wp\/v2\/media?parent=9999"}],"curies":[{"name":"wp","href":"https:\/\/api.w.org\/{rel}","templated":true}]}}