{"id":9961,"date":"2023-12-04T19:08:41","date_gmt":"2023-12-04T19:08:41","guid":{"rendered":"https:\/\/www.cdf1.com\/solutions\/"},"modified":"2024-02-21T07:51:59","modified_gmt":"2024-02-21T07:51:59","slug":"solutions","status":"publish","type":"page","link":"https:\/\/www.cdf1.com\/fr\/solutions\/","title":{"rendered":"Solutions"},"content":{"rendered":"\n<div class=\"wp-block-group page-heading two-col-heading shadow-out-bottom\"><div class=\"wp-block-group__inner-container is-layout-flow wp-block-group-is-layout-flow\">\n<div class=\"wp-block-columns fixed-width is-layout-flex wp-container-core-columns-is-layout-9d6595d7 wp-block-columns-is-layout-flex\">\n<div class=\"wp-block-column is-layout-flow wp-block-column-is-layout-flow\">\n<div class=\"wp-block-group fixed-width fixed-1080 heading-inner-wrap\"><div class=\"wp-block-group__inner-container is-layout-flow wp-block-group-is-layout-flow\">\n<div class=\"wp-block-group text-wrap\"><div class=\"wp-block-group__inner-container is-layout-flow wp-block-group-is-layout-flow\">\n<h1 class=\"wp-block-heading has-text-color\" style=\"color:#0d80b1\"><strong>Solutions<\/strong> d\u2019emballage durables<\/h1>\n<\/div><\/div>\n<\/div><\/div>\n<\/div>\n\n\n\n<div class=\"wp-block-column is-layout-flow wp-block-column-is-layout-flow\" style=\"flex-basis:60%\">\n<figure class=\"wp-block-image size-large\"><img decoding=\"async\" width=\"1024\" height=\"734\" data-src=\"https:\/\/www.cdf1.com\/wp-content\/uploads\/2021\/09\/solutions-heading-section-1024x734.jpg\" alt=\"Solutions d&#x2019;emballage durables\" class=\"wp-image-2408 lazyload\" data-srcset=\"https:\/\/www.cdf1.com\/wp-content\/uploads\/2021\/09\/solutions-heading-section-1024x734.jpg 1024w, https:\/\/www.cdf1.com\/wp-content\/uploads\/2021\/09\/solutions-heading-section-300x215.jpg 300w, https:\/\/www.cdf1.com\/wp-content\/uploads\/2021\/09\/solutions-heading-section-768x551.jpg 768w, https:\/\/www.cdf1.com\/wp-content\/uploads\/2021\/09\/solutions-heading-section.jpg 1280w\" data-sizes=\"(max-width: 1024px) 100vw, 1024px\" src=\"data:image\/svg+xml;base64,PHN2ZyB3aWR0aD0iMSIgaGVpZ2h0PSIxIiB4bWxucz0iaHR0cDovL3d3dy53My5vcmcvMjAwMC9zdmciPjwvc3ZnPg==\" style=\"--smush-placeholder-width: 1024px; --smush-placeholder-aspect-ratio: 1024\/734;\" \/><\/figure>\n<\/div>\n<\/div>\n<\/div><\/div>\n\n<div class=\"wp-block-group fixed-width fixed-1080 padding-top-140 padding-bottom-100 title-text-section below-heading-section\"><div class=\"wp-block-group__inner-container is-layout-flow wp-block-group-is-layout-flow\">\n<div class=\"wp-block-columns is-layout-flex wp-container-core-columns-is-layout-9d6595d7 wp-block-columns-is-layout-flex\">\n<div class=\"wp-block-column is-layout-flow wp-block-column-is-layout-flow\">\n<div class=\"wp-block-group section-title-mix text-wrap anim_init\"><div class=\"wp-block-group__inner-container is-layout-flow wp-block-group-is-layout-flow\">\n<h2 class=\"wp-block-heading\">Trouvez le bon compromis<\/h2>\n\n\n\n<h3 class=\"wp-block-heading\">Croissance et <br\/>r\u00e9duction des d\u00e9chets<\/h3>\n<\/div><\/div>\n<\/div>\n\n\n\n<div class=\"wp-block-column is-layout-flow wp-block-column-is-layout-flow\">\n<div class=\"wp-block-group max-width-450 paragraph-wrap anim_init\"><div class=\"wp-block-group__inner-container is-layout-flow wp-block-group-is-layout-flow\">\n<p>Faites progresser votre entreprise ou votre marque pour r\u00e9pondre aux attentes mondiales en mati\u00e8re de sensibilisation au sein de votre secteur.<\/p>\n<\/div><\/div>\n<\/div>\n<\/div>\n<\/div><\/div>\n\n<div class=\"wp-block-group bg-cdf-solutions-green rail-bottom-white\"><div class=\"wp-block-group__inner-container is-layout-flow wp-block-group-is-layout-flow\">\n<div class=\"wp-block-group fixed-1280 img-overlap-text-section vc-wrap padding-top-140 padding-bottom-80\"><div class=\"wp-block-group__inner-container is-layout-flow wp-block-group-is-layout-flow\">\n<div class=\"wp-block-columns is-layout-flex wp-container-core-columns-is-layout-9d6595d7 wp-block-columns-is-layout-flex\">\n<div class=\"wp-block-column is-layout-flow wp-block-column-is-layout-flow\">\n<div class=\"wp-block-group img-overlap-wrap\"><div class=\"wp-block-group__inner-container is-layout-flow wp-block-group-is-layout-flow\">\n<figure class=\"wp-block-image size-full slide-up-f\"><img decoding=\"async\" width=\"1130\" height=\"1006\" data-src=\"https:\/\/www.cdf1.com\/wp-content\/uploads\/2021\/06\/drum-pail-1.jpg\" alt=\"solutions d&#x2019;emballage durables\" class=\"wp-image-149 lazyload\" title=\"\" data-srcset=\"https:\/\/www.cdf1.com\/wp-content\/uploads\/2021\/06\/drum-pail-1.jpg 1130w, https:\/\/www.cdf1.com\/wp-content\/uploads\/2021\/06\/drum-pail-1-300x267.jpg 300w, https:\/\/www.cdf1.com\/wp-content\/uploads\/2021\/06\/drum-pail-1-1024x912.jpg 1024w, https:\/\/www.cdf1.com\/wp-content\/uploads\/2021\/06\/drum-pail-1-768x684.jpg 768w\" data-sizes=\"(max-width: 1130px) 100vw, 1130px\" src=\"data:image\/svg+xml;base64,PHN2ZyB3aWR0aD0iMSIgaGVpZ2h0PSIxIiB4bWxucz0iaHR0cDovL3d3dy53My5vcmcvMjAwMC9zdmciPjwvc3ZnPg==\" style=\"--smush-placeholder-width: 1130px; --smush-placeholder-aspect-ratio: 1130\/1006;\" \/><\/figure>\n\n\n\n<figure class=\"wp-block-image size-full slide-up-s\"><img decoding=\"async\" width=\"592\" height=\"732\" data-src=\"https:\/\/www.cdf1.com\/wp-content\/uploads\/2021\/06\/drum-pail-2.jpg\" alt=\"solutions d&#x2019;emballage durables\" class=\"wp-image-150 lazyload\" title=\"\" data-srcset=\"https:\/\/www.cdf1.com\/wp-content\/uploads\/2021\/06\/drum-pail-2.jpg 592w, https:\/\/www.cdf1.com\/wp-content\/uploads\/2021\/06\/drum-pail-2-243x300.jpg 243w\" data-sizes=\"(max-width: 592px) 100vw, 592px\" src=\"data:image\/svg+xml;base64,PHN2ZyB3aWR0aD0iMSIgaGVpZ2h0PSIxIiB4bWxucz0iaHR0cDovL3d3dy53My5vcmcvMjAwMC9zdmciPjwvc3ZnPg==\" style=\"--smush-placeholder-width: 592px; --smush-placeholder-aspect-ratio: 592\/732;\" \/><\/figure>\n<\/div><\/div>\n<\/div>\n\n\n\n<div class=\"wp-block-column is-layout-flow wp-block-column-is-layout-flow\">\n<div class=\"wp-block-group text-wrap max-width-350\"><div class=\"wp-block-group__inner-container is-layout-flow wp-block-group-is-layout-flow\">\n<h2 class=\"wp-block-heading\">F\u00fbt et seau<\/h2>\n\n\n\n<p>Prolongez le cycle de vie de votre conteneur et pr\u00e9servez en toute confiance la puret\u00e9 de vos produits gr\u00e2ce \u00e0 la gamme semi-rigide de poches et d\u2019accessoires simples \u00e0 installer de CDF. Nos produits semi-rigides permettent de r\u00e9utiliser le conteneur tout en \u00e9liminant l\u2019impact des r\u00e9sidus \u00e0 l\u2019int\u00e9rieur de ce dernier. Cela r\u00e9duit le d\u00e9lai d\u2019ex\u00e9cution et garantit que le conteneur peut \u00eatre r\u00e9utilis\u00e9 tout en minimisant l\u2019usure.<\/p>\n\n\n\n<p class=\"link-white-underline\"><a href=\"https:\/\/www.cdf1.com\/solutions\/drum-pail\/\">En savoir plus<\/a><\/p>\n<\/div><\/div>\n<\/div>\n<\/div>\n<\/div><\/div>\n\n\n\n<div class=\"wp-block-group fixed-width fixed-980 video-col-wrap video-col-play-button padding-top-40\"><div class=\"wp-block-group__inner-container is-layout-flow wp-block-group-is-layout-flow\">\n<div class=\"wp-block-columns is-layout-flex wp-container-core-columns-is-layout-9d6595d7 wp-block-columns-is-layout-flex\">\n<div class=\"wp-block-column is-layout-flow wp-block-column-is-layout-flow\">\n<div class=\"wp-block-group video-wistia-wrap wistia-popup-wrap\"><div class=\"wp-block-group__inner-container is-layout-flow wp-block-group-is-layout-flow\">\n<h3 class=\"wp-block-heading\"><strong>Cycle de vie du conteneur<\/strong><\/h3>\n\n\n\n<script src=\"https:\/\/fast.wistia.com\/embed\/medias\/35eb9sljeh.jsonp\" async=\"\"><\/script><script src=\"https:\/\/fast.wistia.com\/assets\/external\/E-v1.js\" async=\"\"><\/script><span class=\"wistia_embed wistia_async_35eb9sljeh popover=true popoverAnimateThumbnail=true\" style=\"display:inline-block;height:270px;position:relative;width:480px\">\u00a0<\/span>\n<\/div><\/div>\n<\/div>\n\n\n\n<div class=\"wp-block-column is-layout-flow wp-block-column-is-layout-flow\">\n<div class=\"wp-block-group video-wistia-wrap wistia-popup-wrap\"><div class=\"wp-block-group__inner-container is-layout-flow wp-block-group-is-layout-flow\">\n<h3 class=\"wp-block-heading\"><strong>F\u00fbt et seau<\/strong><\/h3>\n\n\n\n<script src=\"https:\/\/fast.wistia.com\/embed\/medias\/msp2zsk405.jsonp\" async=\"\"><\/script><script src=\"https:\/\/fast.wistia.com\/assets\/external\/E-v1.js\" async=\"\"><\/script><span class=\"wistia_embed wistia_async_msp2zsk405 popover=true popoverAnimateThumbnail=true\" style=\"display:inline-block;height:270px;position:relative;width:480px\">\u00a0<\/span>\n<\/div><\/div>\n<\/div>\n<\/div>\n<\/div><\/div>\n<\/div><\/div>\n\n<div class=\"wp-block-group fixed-1280 text-img-overlap-section vc-wrap padding-top-180 padding-bottom-100 pt-xs--100\"><div class=\"wp-block-group__inner-container is-layout-flow wp-block-group-is-layout-flow\">\n<div class=\"wp-block-columns is-layout-flex wp-container-core-columns-is-layout-9d6595d7 wp-block-columns-is-layout-flex\">\n<div class=\"wp-block-column is-layout-flow wp-block-column-is-layout-flow\">\n<div class=\"wp-block-group text-wrap max-width-450\"><div class=\"wp-block-group__inner-container is-layout-flow wp-block-group-is-layout-flow\">\n<h2 class=\"wp-block-heading\">Smart\u00a0Pail\u00ae<\/h2>\n\n\n\n<p>Smart\u00a0Pail\u00ae est une poche de seau en plastique semi-rigide sous vide munie d\u2019un opercule lamin\u00e9 refermable herm\u00e9tiquement soud\u00e9, log\u00e9e dans un conteneur en carton ondul\u00e9 octogonal. Smart Pail a \u00e9t\u00e9 d\u00e9velopp\u00e9e pour le transport de produits semi-visqueux, solides et de la plupart des liquides actuellement exp\u00e9di\u00e9s dans des seaux en plastique.<\/p>\n\n\n\n<p class=\"link-blue-underline\"><a href=\"https:\/\/www.cdf1.com\/solutions\/meta-pail\/\">En savoir plus<\/a><\/p>\n<\/div><\/div>\n<\/div>\n\n\n\n<div class=\"wp-block-column is-layout-flow wp-block-column-is-layout-flow\">\n<div class=\"wp-block-group img-overlap-wrap\"><div class=\"wp-block-group__inner-container is-layout-flow wp-block-group-is-layout-flow\">\n<figure class=\"wp-block-image size-large slide-up-f\"><img decoding=\"async\" width=\"828\" height=\"1024\" data-src=\"https:\/\/www.cdf1.com\/wp-content\/uploads\/2021\/06\/smart-pail-1-828x1024.jpg\" alt=\"solutions d&#x2019;emballage durables\" class=\"wp-image-176 lazyload\" title=\"\" data-srcset=\"https:\/\/www.cdf1.com\/wp-content\/uploads\/2021\/06\/smart-pail-1-828x1024.jpg 828w, https:\/\/www.cdf1.com\/wp-content\/uploads\/2021\/06\/smart-pail-1-243x300.jpg 243w, https:\/\/www.cdf1.com\/wp-content\/uploads\/2021\/06\/smart-pail-1-768x950.jpg 768w, https:\/\/www.cdf1.com\/wp-content\/uploads\/2021\/06\/smart-pail-1.jpg 846w\" data-sizes=\"(max-width: 828px) 100vw, 828px\" src=\"data:image\/svg+xml;base64,PHN2ZyB3aWR0aD0iMSIgaGVpZ2h0PSIxIiB4bWxucz0iaHR0cDovL3d3dy53My5vcmcvMjAwMC9zdmciPjwvc3ZnPg==\" style=\"--smush-placeholder-width: 828px; --smush-placeholder-aspect-ratio: 828\/1024;\" \/><\/figure>\n\n\n\n<figure class=\"wp-block-image size-large slide-up-s\"><img decoding=\"async\" width=\"592\" height=\"732\" data-src=\"https:\/\/www.cdf1.com\/wp-content\/uploads\/2021\/08\/smart-pail-2.jpg\" alt=\"solutions d&#x2019;emballage durables\" class=\"wp-image-1816 lazyload\" title=\"\" data-srcset=\"https:\/\/www.cdf1.com\/wp-content\/uploads\/2021\/08\/smart-pail-2.jpg 592w, https:\/\/www.cdf1.com\/wp-content\/uploads\/2021\/08\/smart-pail-2-243x300.jpg 243w\" data-sizes=\"(max-width: 592px) 100vw, 592px\" src=\"data:image\/svg+xml;base64,PHN2ZyB3aWR0aD0iMSIgaGVpZ2h0PSIxIiB4bWxucz0iaHR0cDovL3d3dy53My5vcmcvMjAwMC9zdmciPjwvc3ZnPg==\" style=\"--smush-placeholder-width: 592px; --smush-placeholder-aspect-ratio: 592\/732;\" \/><\/figure>\n<\/div><\/div>\n<\/div>\n<\/div>\n<\/div><\/div>\n\n<div class=\"wp-block-group fixed-1280 bag-box-section bg-line-shape-square padding-top-140 pt-md--80\"><div class=\"wp-block-group__inner-container is-layout-flow wp-block-group-is-layout-flow\">\n<div class=\"wp-block-group img-overlap-text-section vc-wrap padding-bottom-100\"><div class=\"wp-block-group__inner-container is-layout-flow wp-block-group-is-layout-flow\">\n<div class=\"wp-block-columns is-layout-flex wp-container-core-columns-is-layout-9d6595d7 wp-block-columns-is-layout-flex\">\n<div class=\"wp-block-column is-layout-flow wp-block-column-is-layout-flow\">\n<div class=\"wp-block-group img-overlap-wrap\"><div class=\"wp-block-group__inner-container is-layout-flow wp-block-group-is-layout-flow\">\n<figure class=\"wp-block-image size-large slide-up-f\"><img decoding=\"async\" width=\"1024\" height=\"912\" data-src=\"https:\/\/www.cdf1.com\/wp-content\/uploads\/2021\/06\/bag-in-box-1-1024x912.jpg\" alt=\"solutions d&#x2019;emballage durables\" class=\"wp-image-180 lazyload\" title=\"\" data-srcset=\"https:\/\/www.cdf1.com\/wp-content\/uploads\/2021\/06\/bag-in-box-1-1024x912.jpg 1024w, https:\/\/www.cdf1.com\/wp-content\/uploads\/2021\/06\/bag-in-box-1-300x267.jpg 300w, https:\/\/www.cdf1.com\/wp-content\/uploads\/2021\/06\/bag-in-box-1-768x684.jpg 768w, https:\/\/www.cdf1.com\/wp-content\/uploads\/2021\/06\/bag-in-box-1.jpg 1130w\" data-sizes=\"(max-width: 1024px) 100vw, 1024px\" src=\"data:image\/svg+xml;base64,PHN2ZyB3aWR0aD0iMSIgaGVpZ2h0PSIxIiB4bWxucz0iaHR0cDovL3d3dy53My5vcmcvMjAwMC9zdmciPjwvc3ZnPg==\" style=\"--smush-placeholder-width: 1024px; --smush-placeholder-aspect-ratio: 1024\/912;\" \/><\/figure>\n\n\n\n<figure class=\"wp-block-image size-large slide-up-s\"><img decoding=\"async\" width=\"592\" height=\"732\" data-src=\"https:\/\/www.cdf1.com\/wp-content\/uploads\/2021\/08\/bag-in-box-small.jpg\" alt=\"solutions d&#x2019;emballage durables\" class=\"wp-image-1823 lazyload\" title=\"\" data-srcset=\"https:\/\/www.cdf1.com\/wp-content\/uploads\/2021\/08\/bag-in-box-small.jpg 592w, https:\/\/www.cdf1.com\/wp-content\/uploads\/2021\/08\/bag-in-box-small-243x300.jpg 243w\" data-sizes=\"(max-width: 592px) 100vw, 592px\" src=\"data:image\/svg+xml;base64,PHN2ZyB3aWR0aD0iMSIgaGVpZ2h0PSIxIiB4bWxucz0iaHR0cDovL3d3dy53My5vcmcvMjAwMC9zdmciPjwvc3ZnPg==\" style=\"--smush-placeholder-width: 592px; --smush-placeholder-aspect-ratio: 592\/732;\" \/><\/figure>\n<\/div><\/div>\n<\/div>\n\n\n\n<div class=\"wp-block-column is-layout-flow wp-block-column-is-layout-flow\">\n<div class=\"wp-block-group text-wrap max-width-450\"><div class=\"wp-block-group__inner-container is-layout-flow wp-block-group-is-layout-flow\">\n<h2 class=\"wp-block-heading\">Bag In Box<\/h2>\n\n\n\n<p>Constitue une solution durable et rentable par rapport aux emballages rigides traditionnels. Bag In Box r\u00e9duit les co\u00fbts de transport, optimise l\u2019espace pr\u00e9cieux dans l\u2019entrep\u00f4t, \u00e9vacue 99,9\u00a0% des produits et offre des opportunit\u00e9s uniques en mati\u00e8re de marketing et d\u2019image de marque.<\/p>\n\n\n\n<p class=\"link-blue-underline\"><a href=\"https:\/\/www.cdf1.com\/solutions\/bag-in-box\/\">En savoir plus<\/a><\/p>\n<\/div><\/div>\n<\/div>\n<\/div>\n<\/div><\/div>\n\n\n\n<div class=\"wp-block-group fixed-width fixed-1080 fixed-980-right video-col-wrap video-col-play-button\"><div class=\"wp-block-group__inner-container is-layout-flow wp-block-group-is-layout-flow\">\n<div class=\"wp-block-columns is-layout-flex wp-container-core-columns-is-layout-9d6595d7 wp-block-columns-is-layout-flex\">\n<div class=\"wp-block-column is-layout-flow wp-block-column-is-layout-flow\">\n<div class=\"wp-block-group video-wistia-wrap wistia-popup-wrap\"><div class=\"wp-block-group__inner-container is-layout-flow wp-block-group-is-layout-flow\">\n<h3 class=\"wp-block-heading\">BIB par rapport au <br\/>conteneur semi-rigide<\/h3>\n\n\n\n<script src=\"https:\/\/fast.wistia.com\/embed\/medias\/fawb3islbi.jsonp\" async=\"\"><\/script><script src=\"https:\/\/fast.wistia.com\/assets\/external\/E-v1.js\" async=\"\"><\/script><span class=\"wistia_embed wistia_async_fawb3islbi popover=true popoverAnimateThumbnail=true\" style=\"height:270px;position:relative;width:480px\">\u00a0<\/span>\n<\/div><\/div>\n<\/div>\n\n\n\n<div class=\"wp-block-column is-layout-flow wp-block-column-is-layout-flow\">\n<div class=\"wp-block-group video-wistia-wrap wistia-popup-wrap\"><div class=\"wp-block-group__inner-container is-layout-flow wp-block-group-is-layout-flow\">\n<h3 class=\"wp-block-heading\">Emballage Cheertainer <br\/>certifi\u00e9 UN<\/h3>\n\n\n\n<script src=\"https:\/\/fast.wistia.com\/embed\/medias\/dddtkzpxio.jsonp\" async=\"\"><\/script><script src=\"https:\/\/fast.wistia.com\/assets\/external\/E-v1.js\" async=\"\"><\/script><span class=\"wistia_embed wistia_async_dddtkzpxio popover=true popoverAnimateThumbnail=true\" style=\"height:270px;position:relative;width:480px\">\u00a0<\/span>\n<\/div><\/div>\n<\/div>\n<\/div>\n<\/div><\/div>\n<\/div><\/div>\n\n<div class=\"wp-block-group fixed-1280 bg-lines-shape-tb text-img-overlap-section vc-wrap padding-top-180 padding-bottom-100\"><div class=\"wp-block-group__inner-container is-layout-flow wp-block-group-is-layout-flow\">\n<div class=\"wp-block-columns is-layout-flex wp-container-core-columns-is-layout-9d6595d7 wp-block-columns-is-layout-flex\">\n<div class=\"wp-block-column is-layout-flow wp-block-column-is-layout-flow\">\n<div class=\"wp-block-group text-wrap max-width-450\"><div class=\"wp-block-group__inner-container is-layout-flow wp-block-group-is-layout-flow\">\n<h2 class=\"wp-block-heading\">Poches IBC<\/h2>\n\n\n\n<p>Les poches IBC de CDF dot\u00e9es de la Smart Seal Technology sont con\u00e7ues pour maximiser l\u2019\u00e9vacuation du produit, garantir sa puret\u00e9 et vous assurer qu\u2019il est conditionn\u00e9 et transport\u00e9 en toute s\u00e9curit\u00e9, ce qui augmente la productivit\u00e9 de vos flottes IBC.<\/p>\n\n\n\n<p class=\"link-blue-underline\"><a href=\"https:\/\/www.cdf1.com\/fr\/solutions\/poches-ibc\/\">En savoir plus<\/a><\/p>\n<\/div><\/div>\n<\/div>\n\n\n\n<div class=\"wp-block-column is-layout-flow wp-block-column-is-layout-flow\">\n<div class=\"wp-block-group img-overlap-wrap\"><div class=\"wp-block-group__inner-container is-layout-flow wp-block-group-is-layout-flow\">\n<figure class=\"wp-block-image size-large slide-up-f\"><img decoding=\"async\" width=\"828\" height=\"1024\" data-src=\"https:\/\/www.cdf1.com\/wp-content\/uploads\/2021\/06\/ibc-liners-1-828x1024.jpg\" alt=\"solutions d&#x2019;emballage durables\" class=\"wp-image-182 lazyload\" title=\"\" data-srcset=\"https:\/\/www.cdf1.com\/wp-content\/uploads\/2021\/06\/ibc-liners-1-828x1024.jpg 828w, https:\/\/www.cdf1.com\/wp-content\/uploads\/2021\/06\/ibc-liners-1-243x300.jpg 243w, https:\/\/www.cdf1.com\/wp-content\/uploads\/2021\/06\/ibc-liners-1-768x950.jpg 768w, https:\/\/www.cdf1.com\/wp-content\/uploads\/2021\/06\/ibc-liners-1.jpg 846w\" data-sizes=\"(max-width: 828px) 100vw, 828px\" src=\"data:image\/svg+xml;base64,PHN2ZyB3aWR0aD0iMSIgaGVpZ2h0PSIxIiB4bWxucz0iaHR0cDovL3d3dy53My5vcmcvMjAwMC9zdmciPjwvc3ZnPg==\" style=\"--smush-placeholder-width: 828px; --smush-placeholder-aspect-ratio: 828\/1024;\" \/><\/figure>\n\n\n\n<figure class=\"wp-block-image size-large slide-up-s\"><img decoding=\"async\" width=\"592\" height=\"732\" data-src=\"https:\/\/www.cdf1.com\/wp-content\/uploads\/2021\/06\/ibc-liners-2.jpg\" alt=\"solutions d&#x2019;emballage durables\" class=\"wp-image-183 lazyload\" title=\"\" data-srcset=\"https:\/\/www.cdf1.com\/wp-content\/uploads\/2021\/06\/ibc-liners-2.jpg 592w, https:\/\/www.cdf1.com\/wp-content\/uploads\/2021\/06\/ibc-liners-2-243x300.jpg 243w\" data-sizes=\"(max-width: 592px) 100vw, 592px\" src=\"data:image\/svg+xml;base64,PHN2ZyB3aWR0aD0iMSIgaGVpZ2h0PSIxIiB4bWxucz0iaHR0cDovL3d3dy53My5vcmcvMjAwMC9zdmciPjwvc3ZnPg==\" style=\"--smush-placeholder-width: 592px; --smush-placeholder-aspect-ratio: 592\/732;\" \/><\/figure>\n<\/div><\/div>\n<\/div>\n<\/div>\n<\/div><\/div>\n\n<div class=\"wp-block-cover inner-page-cta-section\"><span aria-hidden=\"true\" class=\"wp-block-cover__background has-background-dim-100 has-background-dim\" style=\"background-color:#015174\"><\/span><div class=\"wp-block-cover__inner-container is-layout-flow wp-block-cover-is-layout-flow\">\n<div class=\"wp-block-group fixed-width fixed-980 padding-top-100 text-wrap\"><div class=\"wp-block-group__inner-container is-layout-flow wp-block-group-is-layout-flow\">\n<h2 class=\"wp-block-heading has-text-align-center\"><strong>Trouvez la solution qui vous convient<\/strong><\/h2>\n<\/div><\/div>\n\n\n\n<div class=\"wp-block-group fixed-width fixed-780 padding-bottom-80 text-wrap\"><div class=\"wp-block-group__inner-container is-layout-flow wp-block-group-is-layout-flow\">\n<p class=\"has-text-align-center\"> Contactez-nous ci-dessous pour en savoir plus sur nos solutions d\u2019emballage durables.<\/p>\n\n\n\n<p class=\"has-text-align-center outlined-white-link margin-top-60\"><a href=\"https:\/\/www.cdf1.com\/fr\/nous-contacter\/\">Nous contacter<\/a><\/p>\n<\/div><\/div>\n<\/div><\/div>\n","protected":false},"excerpt":{"rendered":"<p>Solutions d\u2019emballage durables Trouvez le bon compromis Croissance et r\u00e9duction des d\u00e9chets Faites progresser votre entreprise ou votre marque pour r\u00e9pondre aux attentes mondiales en mati\u00e8re de sensibilisation au sein de votre secteur. F\u00fbt et seau Prolongez le cycle de vie de votre conteneur et pr\u00e9servez en toute confiance la puret\u00e9 de vos produits gr\u00e2ce [&hellip;]<\/p>\n","protected":false},"author":4,"featured_media":1881,"parent":0,"menu_order":0,"comment_status":"closed","ping_status":"closed","template":"","meta":{"_acf_changed":false,"content-type":"","_genesis_hide_title":false,"_genesis_hide_breadcrumbs":false,"_genesis_hide_singular_image":false,"_genesis_hide_footer_widgets":false,"_genesis_custom_body_class":"","_genesis_custom_post_class":"","_genesis_layout":"full-width-content","footnotes":""},"class_list":{"0":"post-9961","1":"page","2":"type-page","3":"status-publish","4":"has-post-thumbnail","6":"entry"},"acf":[],"featured_image_src":"https:\/\/www.cdf1.com\/wp-content\/uploads\/2020\/07\/new-feature-placeholder-sliced.png","featured_image_src_square":"https:\/\/www.cdf1.com\/wp-content\/uploads\/2020\/07\/new-feature-placeholder-sliced.png","_links":{"self":[{"href":"https:\/\/www.cdf1.com\/fr\/wp-json\/wp\/v2\/pages\/9961","targetHints":{"allow":["GET"]}}],"collection":[{"href":"https:\/\/www.cdf1.com\/fr\/wp-json\/wp\/v2\/pages"}],"about":[{"href":"https:\/\/www.cdf1.com\/fr\/wp-json\/wp\/v2\/types\/page"}],"author":[{"embeddable":true,"href":"https:\/\/www.cdf1.com\/fr\/wp-json\/wp\/v2\/users\/4"}],"replies":[{"embeddable":true,"href":"https:\/\/www.cdf1.com\/fr\/wp-json\/wp\/v2\/comments?post=9961"}],"version-history":[{"count":4,"href":"https:\/\/www.cdf1.com\/fr\/wp-json\/wp\/v2\/pages\/9961\/revisions"}],"predecessor-version":[{"id":11069,"href":"https:\/\/www.cdf1.com\/fr\/wp-json\/wp\/v2\/pages\/9961\/revisions\/11069"}],"wp:featuredmedia":[{"embeddable":true,"href":"https:\/\/www.cdf1.com\/fr\/wp-json\/wp\/v2\/media\/1881"}],"wp:attachment":[{"href":"https:\/\/www.cdf1.com\/fr\/wp-json\/wp\/v2\/media?parent=9961"}],"curies":[{"name":"wp","href":"https:\/\/api.w.org\/{rel}","templated":true}]}}