{"id":10260,"date":"2023-12-04T19:16:44","date_gmt":"2023-12-04T19:16:44","guid":{"rendered":"https:\/\/www.cdf1.com\/emballage-pour-detergent\/"},"modified":"2024-03-22T19:38:46","modified_gmt":"2024-03-22T19:38:46","slug":"emballage-pour-detergent","status":"publish","type":"page","link":"https:\/\/www.cdf1.com\/fr\/emballage-pour-detergent\/","title":{"rendered":"Emballage pour d\u00e9tergent"},"content":{"rendered":"\n<div class=\"wp-block-cover is-light page-heading cover-heading shadow-out-bottom\" style=\"min-height:610px;aspect-ratio:unset;\"><span aria-hidden=\"true\" class=\"wp-block-cover__background has-background-dim-0 has-background-dim\"><\/span><img decoding=\"async\" width=\"2560\" height=\"918\" class=\"wp-block-cover__image-background wp-image-8780 lazyload\" alt=\"\" data-src=\"https:\/\/www.cdf1.com\/wp-content\/uploads\/2023\/01\/liquid-laundry-detergent-suds-background.png\" data-object-fit=\"cover\" data-srcset=\"https:\/\/www.cdf1.com\/wp-content\/uploads\/2023\/01\/liquid-laundry-detergent-suds-background.png 2560w, https:\/\/www.cdf1.com\/wp-content\/uploads\/2023\/01\/liquid-laundry-detergent-suds-background-300x108.png 300w, https:\/\/www.cdf1.com\/wp-content\/uploads\/2023\/01\/liquid-laundry-detergent-suds-background-1024x367.png 1024w, https:\/\/www.cdf1.com\/wp-content\/uploads\/2023\/01\/liquid-laundry-detergent-suds-background-768x275.png 768w, https:\/\/www.cdf1.com\/wp-content\/uploads\/2023\/01\/liquid-laundry-detergent-suds-background-1536x551.png 1536w, https:\/\/www.cdf1.com\/wp-content\/uploads\/2023\/01\/liquid-laundry-detergent-suds-background-2048x734.png 2048w\" data-sizes=\"(max-width: 2560px) 100vw, 2560px\" src=\"data:image\/svg+xml;base64,PHN2ZyB3aWR0aD0iMSIgaGVpZ2h0PSIxIiB4bWxucz0iaHR0cDovL3d3dy53My5vcmcvMjAwMC9zdmciPjwvc3ZnPg==\" style=\"--smush-placeholder-width: 2560px; --smush-placeholder-aspect-ratio: 2560\/918;\" \/><div class=\"wp-block-cover__inner-container is-layout-flow wp-block-cover-is-layout-flow\">\n<div class=\"wp-block-group fixed-width fixed-1080 heading-inner-wrap\"><div class=\"wp-block-group__inner-container is-layout-flow wp-block-group-is-layout-flow\">\n<div class=\"wp-block-group text-wrap\"><div class=\"wp-block-group__inner-container is-layout-flow wp-block-group-is-layout-flow\">\n<h1 class=\"wp-block-heading has-text-color\" style=\"color:#0d80b1\">Emballage pour lessive \u00e9cologique<\/h1>\n<\/div><\/div>\n<\/div><\/div>\n<\/div><\/div>\n\n<div class=\"wp-block-group fixed-width fixed-1080 padding-top-140 padding-bottom-80 text-img-section\"><div class=\"wp-block-group__inner-container is-layout-flow wp-block-group-is-layout-flow\">\n<div class=\"wp-block-columns is-layout-flex wp-container-core-columns-is-layout-9d6595d7 wp-block-columns-is-layout-flex\">\n<div class=\"wp-block-column is-layout-flow wp-block-column-is-layout-flow\">\n<figure class=\"wp-block-image size-full is-resized shadow-wrap max-width-485 slide-up-f\"><img decoding=\"async\" width=\"500\" height=\"568\" data-src=\"https:\/\/www.cdf1.com\/wp-content\/uploads\/2022\/05\/chemicals-slide.jpg\" alt=\"\" class=\"wp-image-7135 lazyload\" style=\"--smush-placeholder-width: 500px; --smush-placeholder-aspect-ratio: 500\/568;width:435px;height:494px\" data-srcset=\"https:\/\/www.cdf1.com\/wp-content\/uploads\/2022\/05\/chemicals-slide.jpg 500w, https:\/\/www.cdf1.com\/wp-content\/uploads\/2022\/05\/chemicals-slide-264x300.jpg 264w\" data-sizes=\"(max-width: 500px) 100vw, 500px\" src=\"data:image\/svg+xml;base64,PHN2ZyB3aWR0aD0iMSIgaGVpZ2h0PSIxIiB4bWxucz0iaHR0cDovL3d3dy53My5vcmcvMjAwMC9zdmciPjwvc3ZnPg==\" \/><\/figure>\n<\/div>\n\n\n\n<div class=\"wp-block-column is-layout-flow wp-block-column-is-layout-flow\">\n<div class=\"wp-block-group text-wrap max-width-450\"><div class=\"wp-block-group__inner-container is-layout-flow wp-block-group-is-layout-flow\">\n<h2 class=\"wp-block-heading\"><strong>Bag In Box destin\u00e9 \u00e0 l\u2019emballage pour lessive\u00a0<\/strong><\/h2>\n\n\n\n<p><br\/>L\u2019emballage Bag In Box, \u00e9galement appel\u00e9 BIB, est peut-\u00eatre plus souvent associ\u00e9 au stockage et au transport de liquides, \u00e0 l\u2019image des fontaines \u00e0 soda destin\u00e9es aux entreprises de restauration et des vins en cubi pour les particuliers. Ce type d\u2019emballage est toutefois de plus en plus utilis\u00e9 pour conditionner d\u2019autres types de produits liquides, tels que la lessive.<\/p>\n\n\n\n<p class=\"link-blue-underline\"><a href=\"https:\/\/www.cdf1.com\/bag-in-box-for-detergents\/\">En savoir plus<\/a><\/p>\n<\/div><\/div>\n<\/div>\n<\/div>\n<\/div><\/div>\n\n<div class=\"wp-block-cover is-light animated-bg-img\"><span aria-hidden=\"true\" class=\"wp-block-cover__background has-background-dim-0 has-background-dim\"><\/span><img decoding=\"async\" width=\"2560\" height=\"1254\" class=\"wp-block-cover__image-background wp-image-877 lazyload\" alt=\"\" data-src=\"https:\/\/www.cdf1.com\/wp-content\/uploads\/2021\/07\/bottom-green-shape.jpg\" style=\"--smush-placeholder-width: 2560px; --smush-placeholder-aspect-ratio: 2560\/1254;object-position:50% 0%\" data-object-fit=\"cover\" data-object-position=\"50% 0%\" data-srcset=\"https:\/\/www.cdf1.com\/wp-content\/uploads\/2021\/07\/bottom-green-shape.jpg 2560w, https:\/\/www.cdf1.com\/wp-content\/uploads\/2021\/07\/bottom-green-shape-300x147.jpg 300w, https:\/\/www.cdf1.com\/wp-content\/uploads\/2021\/07\/bottom-green-shape-1024x502.jpg 1024w, https:\/\/www.cdf1.com\/wp-content\/uploads\/2021\/07\/bottom-green-shape-768x376.jpg 768w, https:\/\/www.cdf1.com\/wp-content\/uploads\/2021\/07\/bottom-green-shape-1536x752.jpg 1536w, https:\/\/www.cdf1.com\/wp-content\/uploads\/2021\/07\/bottom-green-shape-2048x1003.jpg 2048w\" data-sizes=\"(max-width: 2560px) 100vw, 2560px\" src=\"data:image\/svg+xml;base64,PHN2ZyB3aWR0aD0iMSIgaGVpZ2h0PSIxIiB4bWxucz0iaHR0cDovL3d3dy53My5vcmcvMjAwMC9zdmciPjwvc3ZnPg==\" \/><div class=\"wp-block-cover__inner-container is-layout-flow wp-block-cover-is-layout-flow\">\n<div class=\"wp-block-group fixed-width fixed-1080 vc-wrap padding-top-140 padding-bottom-80 text-img-section\"><div class=\"wp-block-group__inner-container is-layout-flow wp-block-group-is-layout-flow\">\n<div class=\"wp-block-columns is-layout-flex wp-container-core-columns-is-layout-9d6595d7 wp-block-columns-is-layout-flex\">\n<div class=\"wp-block-column is-layout-flow wp-block-column-is-layout-flow\">\n<div class=\"wp-block-group text-wrap max-width-450 anim_init\"><div class=\"wp-block-group__inner-container is-layout-flow wp-block-group-is-layout-flow\">\n<figure class=\"wp-block-image size-large\"><img decoding=\"async\" width=\"110\" height=\"62\" data-src=\"https:\/\/www.cdf1.com\/wp-content\/uploads\/2021\/08\/automotive-truck.svg\" alt=\"\" class=\"wp-image-1573 lazyload\" src=\"data:image\/svg+xml;base64,PHN2ZyB3aWR0aD0iMSIgaGVpZ2h0PSIxIiB4bWxucz0iaHR0cDovL3d3dy53My5vcmcvMjAwMC9zdmciPjwvc3ZnPg==\" style=\"--smush-placeholder-width: 110px; --smush-placeholder-aspect-ratio: 110\/62;\" \/><\/figure>\n\n\n\n<h2 class=\"wp-block-heading has-text-color\" style=\"color:#363b40\">Maximiser la r\u00e9utilisation<\/h2>\n\n\n\n<p class=\"has-text-color\" style=\"color:#363b40\">Nos poches de f\u00fbt et de seau sont facilement recyclables et les constructeurs automobiles peuvent donc mettre leurs f\u00fbts comportant de la graisse \u00e0 la d\u00e9charge. Une fois vides, les f\u00fbts sont exempts de r\u00e9sidus et peuvent \u00eatre facilement reconditionn\u00e9s. Nos poches de f\u00fbt et de seau de pointe permettent de recycler des f\u00fbts entiers comportant de la graisse sans que de grandes quantit\u00e9s d\u2019eau soient n\u00e9cessaires lors du nettoyage. Elles r\u00e9duisent \u00e9galement de fa\u00e7on consid\u00e9rable les d\u00e9chets d\u2019emballage.<\/p>\n<\/div><\/div>\n<\/div>\n\n\n\n<div class=\"wp-block-column is-layout-flow wp-block-column-is-layout-flow\">\n<figure class=\"wp-block-image size-large shadow-wrap max-width-485 slide-down-f\"><img decoding=\"async\" width=\"932\" height=\"716\" data-src=\"https:\/\/www.cdf1.com\/wp-content\/uploads\/2021\/08\/automotive-2.jpg\" alt=\"CDF Maximiser la r&#xE9;utilisation\" class=\"wp-image-1572 lazyload\" data-srcset=\"https:\/\/www.cdf1.com\/wp-content\/uploads\/2021\/08\/automotive-2.jpg 932w, https:\/\/www.cdf1.com\/wp-content\/uploads\/2021\/08\/automotive-2-300x230.jpg 300w, https:\/\/www.cdf1.com\/wp-content\/uploads\/2021\/08\/automotive-2-768x590.jpg 768w\" data-sizes=\"(max-width: 932px) 100vw, 932px\" src=\"data:image\/svg+xml;base64,PHN2ZyB3aWR0aD0iMSIgaGVpZ2h0PSIxIiB4bWxucz0iaHR0cDovL3d3dy53My5vcmcvMjAwMC9zdmciPjwvc3ZnPg==\" style=\"--smush-placeholder-width: 932px; --smush-placeholder-aspect-ratio: 932\/716;\" \/><\/figure>\n<\/div>\n<\/div>\n<\/div><\/div>\n<\/div><\/div>\n\n<div class=\"wp-block-cover is-light animated-bg-img\"><span aria-hidden=\"true\" class=\"wp-block-cover__background has-background-dim-0 has-background-dim\"><\/span><img decoding=\"async\" width=\"2560\" height=\"1254\" class=\"wp-block-cover__image-background wp-image-878 lazyload\" alt=\"\" data-src=\"https:\/\/www.cdf1.com\/wp-content\/uploads\/2021\/07\/top-green-shape.jpg\" style=\"--smush-placeholder-width: 2560px; --smush-placeholder-aspect-ratio: 2560\/1254;object-position:50% 100%\" data-object-fit=\"cover\" data-object-position=\"50% 100%\" data-srcset=\"https:\/\/www.cdf1.com\/wp-content\/uploads\/2021\/07\/top-green-shape.jpg 2560w, https:\/\/www.cdf1.com\/wp-content\/uploads\/2021\/07\/top-green-shape-300x147.jpg 300w, https:\/\/www.cdf1.com\/wp-content\/uploads\/2021\/07\/top-green-shape-1024x502.jpg 1024w, https:\/\/www.cdf1.com\/wp-content\/uploads\/2021\/07\/top-green-shape-768x376.jpg 768w, https:\/\/www.cdf1.com\/wp-content\/uploads\/2021\/07\/top-green-shape-1536x752.jpg 1536w, https:\/\/www.cdf1.com\/wp-content\/uploads\/2021\/07\/top-green-shape-2048x1003.jpg 2048w\" data-sizes=\"(max-width: 2560px) 100vw, 2560px\" src=\"data:image\/svg+xml;base64,PHN2ZyB3aWR0aD0iMSIgaGVpZ2h0PSIxIiB4bWxucz0iaHR0cDovL3d3dy53My5vcmcvMjAwMC9zdmciPjwvc3ZnPg==\" \/><div class=\"wp-block-cover__inner-container is-layout-flow wp-block-cover-is-layout-flow\">\n<div class=\"wp-block-group fixed-width fixed-1080 vc-wrap padding-bottom-80 img-text-section\"><div class=\"wp-block-group__inner-container is-layout-flow wp-block-group-is-layout-flow\">\n<div class=\"wp-block-columns is-layout-flex wp-container-core-columns-is-layout-9d6595d7 wp-block-columns-is-layout-flex\">\n<div class=\"wp-block-column is-layout-flow wp-block-column-is-layout-flow\">\n<figure class=\"wp-block-image size-full is-resized shadow-wrap max-width-485 slide-up-f\"><img decoding=\"async\" width=\"592\" height=\"732\" data-src=\"https:\/\/www.cdf1.com\/wp-content\/uploads\/2021\/08\/bag-in-box-small.jpg\" alt=\"\" class=\"wp-image-4713 lazyload\" style=\"--smush-placeholder-width: 592px; --smush-placeholder-aspect-ratio: 592\/732;width:462px;height:571px\" data-srcset=\"https:\/\/www.cdf1.com\/wp-content\/uploads\/2021\/08\/bag-in-box-small.jpg 592w, https:\/\/www.cdf1.com\/wp-content\/uploads\/2021\/08\/bag-in-box-small-243x300.jpg 243w\" data-sizes=\"(max-width: 592px) 100vw, 592px\" src=\"data:image\/svg+xml;base64,PHN2ZyB3aWR0aD0iMSIgaGVpZ2h0PSIxIiB4bWxucz0iaHR0cDovL3d3dy53My5vcmcvMjAwMC9zdmciPjwvc3ZnPg==\" \/><\/figure>\n<\/div>\n\n\n\n<div class=\"wp-block-column is-layout-flow wp-block-column-is-layout-flow\">\n<div class=\"wp-block-group text-wrap max-width-450 anim_init\"><div class=\"wp-block-group__inner-container is-layout-flow wp-block-group-is-layout-flow\">\n<figure class=\"wp-block-image size-large\"><img decoding=\"async\" width=\"101\" height=\"57\" data-src=\"https:\/\/www.cdf1.com\/wp-content\/uploads\/2021\/08\/automotive-car.svg\" alt=\"\" class=\"wp-image-1580 lazyload\" src=\"data:image\/svg+xml;base64,PHN2ZyB3aWR0aD0iMSIgaGVpZ2h0PSIxIiB4bWxucz0iaHR0cDovL3d3dy53My5vcmcvMjAwMC9zdmciPjwvc3ZnPg==\" style=\"--smush-placeholder-width: 101px; --smush-placeholder-aspect-ratio: 101\/57;\" \/><\/figure>\n\n\n\n<h2 class=\"wp-block-heading has-text-color\" style=\"color:#363b40\">S\u00e9curit\u00e9 des emballages de produits chimiques<\/h2>\n\n\n\n<p class=\"has-text-color\" style=\"color:#363b40\">L\u2019emballage Bag In Box Cheertainer\u00ae est totalement s\u00fbr pour les produits chimiques, c\u2019est-\u00e0-dire les d\u00e9tergents. La caisse constitue une protection autour de la poche d\u2019emballage, ce qui am\u00e9liore la durabilit\u00e9 globale et \u00e9vite les fuites ou les ruptures de l\u2019emballage flexible. Il est \u00e9galement important d\u2019utiliser un film et un raccord adapt\u00e9s \u00e0 l\u2019emballage Bag In Box. M\u00eame si la caisse joue un r\u00f4le de \u00ab\u00a0protection\u00bb, mieux vaut \u00e9viter tout risque de fuite ou de rupture. Les fuites surviennent le plus souvent \u00e0 la jonction du film et du raccord ou de l\u2019embout.<\/p>\n<\/div><\/div>\n<\/div>\n<\/div>\n<\/div><\/div>\n<\/div><\/div>\n\n<div class=\"wp-block-group contact-section\"><div class=\"wp-block-group__inner-container is-layout-flow wp-block-group-is-layout-flow\">\n<div class=\"wp-block-group fixed-width fixed-1080 padding-top-110 padding-bottom-60\"><div class=\"wp-block-group__inner-container is-layout-flow wp-block-group-is-layout-flow\">\n<div class=\"wp-block-columns is-layout-flex wp-container-core-columns-is-layout-9d6595d7 wp-block-columns-is-layout-flex\">\n<div class=\"wp-block-column is-layout-flow wp-block-column-is-layout-flow\">\n<h2 class=\"wp-block-heading\">Comment pouvons-nous vous aider\u00a0?<\/h2>\n\n\n\n<div class=\"wp-block-group margin-top-50\"><div class=\"wp-block-group__inner-container is-layout-flow wp-block-group-is-layout-flow\">\n\t\t\t\t\t\t<script>\n\t\t\t\t\t\t\twindow.hsFormsOnReady = window.hsFormsOnReady || [];\n\t\t\t\t\t\t\twindow.hsFormsOnReady.push(()=>{\n\t\t\t\t\t\t\t\thbspt.forms.create({\n\t\t\t\t\t\t\t\t\tportalId: 1984976,\n\t\t\t\t\t\t\t\t\tformId: \"f4c2de98-39de-4e6d-a631-da1856bb0631\",\n\t\t\t\t\t\t\t\t\ttarget: \"#hbspt-form-1777245043000-3362855202\",\n\t\t\t\t\t\t\t\t\tregion: \"na1\",\n\t\t\t\t\t\t\t\t\t\n\t\t\t\t\t\t\t})});\n\t\t\t\t\t\t<\/script>\n\t\t\t\t\t\t<div class=\"hbspt-form\" id=\"hbspt-form-1777245043000-3362855202\"><\/div>\n<\/div><\/div>\n<\/div>\n\n\n\n<div class=\"wp-block-column is-layout-flow wp-block-column-is-layout-flow\">\n<div class=\"wp-block-group text-wrap\"><div class=\"wp-block-group__inner-container is-layout-flow wp-block-group-is-layout-flow\">\n<h2 class=\"wp-block-heading\">Nous contacter<\/h2>\n\n\n\n<div class=\"wp-block-group margin-bottom-40 contact-box-in\"><div class=\"wp-block-group__inner-container is-layout-flow wp-block-group-is-layout-flow\">\n<h3 class=\"wp-block-heading\">CDF Corporation <\/h3>\n\n\n\n<p><strong>Gamme principale <\/strong><\/p>\n\n\n\n<p>800.443.1920 <\/p>\n<\/div><\/div>\n\n\n\n<div class=\"wp-block-group margin-bottom-40 contact-box-in contact-box-sm\"><div class=\"wp-block-group__inner-container is-layout-flow wp-block-group-is-layout-flow\">\n<p><strong>Division f\u00fbts et seaux <\/strong><\/p>\n\n\n\n<p>508.591.6700 <br\/>888.593.2211 <\/p>\n<\/div><\/div>\n\n\n\n<div class=\"wp-block-group margin-bottom-40 contact-box-in contact-box-sm\"><div class=\"wp-block-group__inner-container is-layout-flow wp-block-group-is-layout-flow\">\n<p><strong>Division emballages flexibles <\/strong><\/p>\n\n\n\n<p>508.591.6800 <br\/>888.593.2212 <\/p>\n<\/div><\/div>\n\n\n\n<div class=\"wp-block-group margin-bottom-40 contact-box-in\"><div class=\"wp-block-group__inner-container is-layout-flow wp-block-group-is-layout-flow\">\n<h3 class=\"wp-block-heading\">Heures d\u2019ouverture<\/h3>\n\n\n\n<p>Du lundi au vendredi\u00a0: 8\u00a0h &#8211; 17\u00a0h EST<\/p>\n<\/div><\/div>\n<\/div><\/div>\n<\/div>\n<\/div>\n<\/div><\/div>\n<\/div><\/div>\n","protected":false},"excerpt":{"rendered":"<p>Bag In Box destin\u00e9 \u00e0 l\u2019emballage pour lessive\u00a0 L\u2019emballage Bag In Box, \u00e9galement appel\u00e9 BIB, est peut-\u00eatre plus souvent associ\u00e9 au stockage et au transport de liquides, \u00e0 l\u2019image des fontaines \u00e0 soda destin\u00e9es aux entreprises de restauration et des vins en cubi pour les particuliers. Ce type d\u2019emballage est toutefois de plus en plus [&hellip;]<\/p>\n","protected":false},"author":10,"featured_media":13090,"parent":0,"menu_order":0,"comment_status":"closed","ping_status":"closed","template":"","meta":{"_acf_changed":false,"content-type":"","_genesis_hide_title":false,"_genesis_hide_breadcrumbs":false,"_genesis_hide_singular_image":false,"_genesis_hide_footer_widgets":false,"_genesis_custom_body_class":"","_genesis_custom_post_class":"","_genesis_layout":"","footnotes":""},"class_list":{"0":"post-10260","1":"page","2":"type-page","3":"status-publish","4":"has-post-thumbnail","6":"entry"},"acf":[],"featured_image_src":"https:\/\/www.cdf1.com\/wp-content\/uploads\/2025\/06\/Eco-Friendly-Laundry-Detergent-Packaging-1200-x-628-px-600x400.png","featured_image_src_square":"https:\/\/www.cdf1.com\/wp-content\/uploads\/2025\/06\/Eco-Friendly-Laundry-Detergent-Packaging-1200-x-628-px-600x600.png","_links":{"self":[{"href":"https:\/\/www.cdf1.com\/fr\/wp-json\/wp\/v2\/pages\/10260","targetHints":{"allow":["GET"]}}],"collection":[{"href":"https:\/\/www.cdf1.com\/fr\/wp-json\/wp\/v2\/pages"}],"about":[{"href":"https:\/\/www.cdf1.com\/fr\/wp-json\/wp\/v2\/types\/page"}],"author":[{"embeddable":true,"href":"https:\/\/www.cdf1.com\/fr\/wp-json\/wp\/v2\/users\/10"}],"replies":[{"embeddable":true,"href":"https:\/\/www.cdf1.com\/fr\/wp-json\/wp\/v2\/comments?post=10260"}],"version-history":[{"count":6,"href":"https:\/\/www.cdf1.com\/fr\/wp-json\/wp\/v2\/pages\/10260\/revisions"}],"predecessor-version":[{"id":11102,"href":"https:\/\/www.cdf1.com\/fr\/wp-json\/wp\/v2\/pages\/10260\/revisions\/11102"}],"wp:featuredmedia":[{"embeddable":true,"href":"https:\/\/www.cdf1.com\/fr\/wp-json\/wp\/v2\/media\/13090"}],"wp:attachment":[{"href":"https:\/\/www.cdf1.com\/fr\/wp-json\/wp\/v2\/media?parent=10260"}],"curies":[{"name":"wp","href":"https:\/\/api.w.org\/{rel}","templated":true}]}}