{"id":10247,"date":"2023-12-04T19:16:14","date_gmt":"2023-12-04T19:16:14","guid":{"rendered":"https:\/\/www.cdf1.com\/emballage-ibc-pour-les-produits-agroalimentaires\/"},"modified":"2024-02-21T07:59:03","modified_gmt":"2024-02-21T07:59:03","slug":"emballage-ibc-pour-les-produits-agroalimentaires","status":"publish","type":"page","link":"https:\/\/www.cdf1.com\/fr\/emballage-ibc-pour-les-produits-agroalimentaires\/","title":{"rendered":"Emballage IBC pour les produits agroalimentaires"},"content":{"rendered":"\n<div class=\"wp-block-group page-heading heading-img-bottom two-col-heading shadow-out-bottom\"><div class=\"wp-block-group__inner-container is-layout-flow wp-block-group-is-layout-flow\">\n<div class=\"wp-block-columns fixed-width is-layout-flex wp-container-core-columns-is-layout-9d6595d7 wp-block-columns-is-layout-flex\">\n<div class=\"wp-block-column is-layout-flow wp-block-column-is-layout-flow\" style=\"flex-basis:40%\">\n<div class=\"wp-block-group fixed-width fixed-1080 heading-inner-wrap\"><div class=\"wp-block-group__inner-container is-layout-flow wp-block-group-is-layout-flow\">\n<div class=\"wp-block-group text-wrap\"><div class=\"wp-block-group__inner-container is-layout-flow wp-block-group-is-layout-flow\">\n<h1 class=\"wp-block-heading has-text-color\" style=\"color:#0d80b1\"> Poches IBC pour les emballages agroalimentaires<\/h1>\n<\/div><\/div>\n<\/div><\/div>\n<\/div>\n\n\n\n<div class=\"wp-block-column is-layout-flow wp-block-column-is-layout-flow\" style=\"flex-basis:60%\">\n<figure class=\"wp-block-image size-large\"><img decoding=\"async\" width=\"1024\" height=\"894\" data-src=\"https:\/\/www.cdf1.com\/wp-content\/uploads\/2021\/10\/ibc-liners-heading-1024x894.jpg\" alt=\" IBC Liners Heading\" class=\"wp-image-3533 lazyload\" data-srcset=\"https:\/\/www.cdf1.com\/wp-content\/uploads\/2021\/10\/ibc-liners-heading-1024x894.jpg 1024w, https:\/\/www.cdf1.com\/wp-content\/uploads\/2021\/10\/ibc-liners-heading-300x262.jpg 300w, https:\/\/www.cdf1.com\/wp-content\/uploads\/2021\/10\/ibc-liners-heading-768x670.jpg 768w, https:\/\/www.cdf1.com\/wp-content\/uploads\/2021\/10\/ibc-liners-heading.jpg 1052w\" data-sizes=\"(max-width: 1024px) 100vw, 1024px\" src=\"data:image\/svg+xml;base64,PHN2ZyB3aWR0aD0iMSIgaGVpZ2h0PSIxIiB4bWxucz0iaHR0cDovL3d3dy53My5vcmcvMjAwMC9zdmciPjwvc3ZnPg==\" style=\"--smush-placeholder-width: 1024px; --smush-placeholder-aspect-ratio: 1024\/894;\" \/><\/figure>\n<\/div>\n<\/div>\n<\/div><\/div>\n\n<div style=\"height:30px\" aria-hidden=\"true\" class=\"wp-block-spacer\"><\/div>\n\n<div class=\"wp-block-group fixed-width-custom padding-top-130 padding-bottom-80\"><div class=\"wp-block-group__inner-container is-layout-flow wp-block-group-is-layout-flow\">\n<h2 class=\"wp-block-heading has-text-align-center\">Cat\u00e9gories de produits<\/h2>\n\n\n\n<div class=\"wp-block-columns margin-top-60 is-layout-flex wp-container-core-columns-is-layout-9d6595d7 wp-block-columns-is-layout-flex\">\n<div class=\"wp-block-column is-layout-flow wp-block-column-is-layout-flow\"><\/div>\n\n\n\n<div class=\"wp-block-column is-layout-flow wp-block-column-is-layout-flow\">\n<div class=\"wp-block-media-text alignwide is-stacked-on-mobile\" style=\"grid-template-columns:45% auto\"><figure class=\"wp-block-media-text__media\"><img decoding=\"async\" width=\"700\" height=\"800\" data-src=\"https:\/\/www.cdf1.com\/wp-content\/uploads\/2022\/03\/Untitled-700-\u00d7-800-px.jpg\" alt=\"\" class=\"wp-image-7024 size-full lazyload\" src=\"data:image\/svg+xml;base64,PHN2ZyB3aWR0aD0iMSIgaGVpZ2h0PSIxIiB4bWxucz0iaHR0cDovL3d3dy53My5vcmcvMjAwMC9zdmciPjwvc3ZnPg==\" style=\"--smush-placeholder-width: 700px; --smush-placeholder-aspect-ratio: 700\/800;\" \/><\/figure><div class=\"wp-block-media-text__content\">\n<h3 class=\"wp-block-heading\">Poches Pillow<\/h3>\n\n\n\n<p><a href=\"https:\/\/www.cdf1.com\/fr\/categorie-des-poches-pillow-ibc\/\">Voir la cat\u00e9gorie &gt;<\/a><\/p>\n<\/div><\/div>\n<\/div>\n\n\n\n<div class=\"wp-block-column is-layout-flow wp-block-column-is-layout-flow\">\n<div class=\"wp-block-media-text alignwide is-stacked-on-mobile\" style=\"grid-template-columns:37% auto\"><figure class=\"wp-block-media-text__media\"><img decoding=\"async\" width=\"600\" height=\"800\" data-src=\"https:\/\/www.cdf1.com\/wp-content\/uploads\/2022\/03\/Untitled-design-2.jpg\" alt=\"\" class=\"wp-image-7021 size-full lazyload\" src=\"data:image\/svg+xml;base64,PHN2ZyB3aWR0aD0iMSIgaGVpZ2h0PSIxIiB4bWxucz0iaHR0cDovL3d3dy53My5vcmcvMjAwMC9zdmciPjwvc3ZnPg==\" style=\"--smush-placeholder-width: 600px; --smush-placeholder-aspect-ratio: 600\/800;\" \/><\/figure><div class=\"wp-block-media-text__content\">\n<h3 class=\"wp-block-heading\">Poches Form-Fit&#x2122;<\/h3>\n\n\n\n<p><a href=\"https:\/\/www.cdf1.com\/fr\/solutions\/poches-ibc\/poches-en-form-fit-ibc\/\">Voir la cat\u00e9gorie &gt;<\/a><\/p>\n<\/div><\/div>\n<\/div>\n\n\n\n<div class=\"wp-block-column is-layout-flow wp-block-column-is-layout-flow\"><\/div>\n<\/div>\n<\/div><\/div>\n\n<div class=\"wp-block-group fixed-width fixed-1080 padding-top-140 padding-bottom-100 title-text-section below-heading-section bg-line-shape-contact\"><div class=\"wp-block-group__inner-container is-layout-flow wp-block-group-is-layout-flow\">\n<div class=\"wp-block-columns is-layout-flex wp-container-core-columns-is-layout-9d6595d7 wp-block-columns-is-layout-flex\">\n<div class=\"wp-block-column is-layout-flow wp-block-column-is-layout-flow\">\n<div class=\"wp-block-group section-title-mix text-wrap anim_init\"><div class=\"wp-block-group__inner-container is-layout-flow wp-block-group-is-layout-flow\">\n<h2 class=\"wp-block-heading\">Poches IBC pour<\/h2>\n\n\n\n<h3 class=\"wp-block-heading\"><strong>Agroalimentaire<\/strong><\/h3>\n<\/div><\/div>\n<\/div>\n\n\n\n<div class=\"wp-block-column is-layout-flow wp-block-column-is-layout-flow\">\n<div class=\"wp-block-group max-width-450 paragraph-wrap anim_init\"><div class=\"wp-block-group__inner-container is-layout-flow wp-block-group-is-layout-flow\">\n<p>Les conditionneurs de produits agroalimentaires, les transformateurs et les producteurs d\u2019ingr\u00e9dients ont toujours pu compter sur les emballages IBC pour l\u2019emballage en vrac de leurs produits. <\/p>\n\n\n\n<p>Nous comprenons parfaitement les nombreux d\u00e9fis auxquels l\u2019industrie agroalimentaire est confront\u00e9e en mati\u00e8re d\u2019emballage en vrac, et nous respectons toutes les r\u00e8gles et r\u00e9glementations en vigueur dans notre secteur afin de garantir \u00e0 nos clients le meilleur emballage possible. <\/p>\n\n\n\n<p>Nous serions ravis d\u2019en faire autant pour vous.<\/p>\n<\/div><\/div>\n<\/div>\n<\/div>\n<\/div><\/div>\n\n<div class=\"wp-block-media-text alignwide has-media-on-the-right is-stacked-on-mobile img-text-section animated-art-box\"><div class=\"wp-block-media-text__content\">\n<div class=\"wp-block-group text-wrap max-width-450\"><div class=\"wp-block-group__inner-container is-layout-flow wp-block-group-is-layout-flow\">\n<h2 class=\"wp-block-heading\"><strong>Quels types d\u2019aliments puis-je utiliser avec un emballage IBC\u00a0?<\/strong><\/h2>\n\n\n\n<p>Les emballages IBC peuvent \u00eatre utilis\u00e9s pour d\u2019innombrables types d\u2019aliments et de boissons. Les liquides ci-dessous sont adapt\u00e9s \u00e0 notre solution\u00a0:<\/p>\n\n\n\n<ul class=\"wp-block-list\">\n<li>cidre\u00a0;<\/li>\n\n\n\n<li>condiments\u00a0;<\/li>\n\n\n\n<li>graisses et huiles\u00a0;<\/li>\n\n\n\n<li>ar\u00f4mes\u00a0;<\/li>\n\n\n\n<li>jus\u00a0;<\/li>\n\n\n\n<li>pur\u00e9es\u00a0;<\/li>\n\n\n\n<li>sauces\u00a0;<\/li>\n\n\n\n<li>\u00e9dulcorants\u00a0;<\/li>\n\n\n\n<li>vin.<\/li>\n<\/ul>\n\n\n\n<p>Si vous \u00eates \u00e0 la recherche d\u2019une solution d\u2019emballage en vrac fiable, nous avons ce qu\u2019il vous faut. Nos solutions d\u2019emballage sont \u00e9galement adapt\u00e9es \u00e0 de nombreux aliments secs, dont les suivants\u00a0:<\/p>\n\n\n\n<ul class=\"wp-block-list\">\n<li>caf\u00e9\u00a0;<\/li>\n\n\n\n<li>m\u00e9langes secs\u00a0;<\/li>\n\n\n\n<li>fruits \u00e0 coques et c\u00e9r\u00e9ales\u00a0;<\/li>\n\n\n\n<li>\u00e9pices\u00a0;<\/li>\n\n\n\n<li>sucre et autres confiseries\u00a0;<\/li>\n\n\n\n<li>vitamines et compl\u00e9ments alimentaires.<\/li>\n<\/ul>\n\n\n\n<p>Si vous souhaitez en savoir plus sur les avantages de notre solution d\u2019emballage en vrac pour les produits agroalimentaires, contactez-nous d\u00e8s aujourd\u2019hui.<\/p>\n<\/div><\/div>\n<\/div><figure class=\"wp-block-media-text__media\"><img decoding=\"async\" width=\"768\" height=\"936\" data-src=\"https:\/\/www.cdf1.com\/wp-content\/uploads\/2021\/09\/air-assit-large-image.jpg\" alt=\"\" class=\"wp-image-2838 size-full lazyload\" data-srcset=\"https:\/\/www.cdf1.com\/wp-content\/uploads\/2021\/09\/air-assit-large-image.jpg 768w, https:\/\/www.cdf1.com\/wp-content\/uploads\/2021\/09\/air-assit-large-image-246x300.jpg 246w\" data-sizes=\"(max-width: 768px) 100vw, 768px\" src=\"data:image\/svg+xml;base64,PHN2ZyB3aWR0aD0iMSIgaGVpZ2h0PSIxIiB4bWxucz0iaHR0cDovL3d3dy53My5vcmcvMjAwMC9zdmciPjwvc3ZnPg==\" style=\"--smush-placeholder-width: 768px; --smush-placeholder-aspect-ratio: 768\/936;\" \/><\/figure><\/div>\n\n<div class=\"wp-block-group fixed-width text-img-section vc-wrap padding-top-180 padding-bottom-100 pt-xs--60 pb-xs--60\"><div class=\"wp-block-group__inner-container is-layout-flow wp-block-group-is-layout-flow\">\n<div class=\"wp-block-columns is-layout-flex wp-container-core-columns-is-layout-9d6595d7 wp-block-columns-is-layout-flex\">\n<div class=\"wp-block-column is-layout-flow wp-block-column-is-layout-flow\">\n<div class=\"wp-block-group max-width-500\"><div class=\"wp-block-group__inner-container is-layout-flow wp-block-group-is-layout-flow\">\n<figure class=\"wp-block-image size-full shadow-wrap slide-in-up\"><img decoding=\"async\" width=\"768\" height=\"936\" data-src=\"https:\/\/www.cdf1.com\/wp-content\/uploads\/2021\/09\/Pillow-Shaped-Liners.jpg\" alt=\"Poches Pillow\" class=\"wp-image-2841 lazyload\" title=\"\" data-srcset=\"https:\/\/www.cdf1.com\/wp-content\/uploads\/2021\/09\/Pillow-Shaped-Liners.jpg 768w, https:\/\/www.cdf1.com\/wp-content\/uploads\/2021\/09\/Pillow-Shaped-Liners-246x300.jpg 246w\" data-sizes=\"(max-width: 768px) 100vw, 768px\" src=\"data:image\/svg+xml;base64,PHN2ZyB3aWR0aD0iMSIgaGVpZ2h0PSIxIiB4bWxucz0iaHR0cDovL3d3dy53My5vcmcvMjAwMC9zdmciPjwvc3ZnPg==\" style=\"--smush-placeholder-width: 768px; --smush-placeholder-aspect-ratio: 768\/936;\" \/><\/figure>\n<\/div><\/div>\n<\/div>\n\n\n\n<div class=\"wp-block-column is-layout-flow wp-block-column-is-layout-flow\">\n<div class=\"wp-block-group text-wrap max-width-450\"><div class=\"wp-block-group__inner-container is-layout-flow wp-block-group-is-layout-flow\">\n<h2 class=\"wp-block-heading\"><strong>Poches IBC Pillow<\/strong><\/h2>\n\n\n\n<p>Nous proposons diff\u00e9rents types de poches IBC pour les emballages agroalimentaires. Comptant parmi nos solutions les plus populaires, nos <a href=\"https:\/\/www.cdf1.com\/fr\/categorie-des-poches-pillow-ibc\/\">poches Pillow<\/a> sont con\u00e7ues pour les conteneurs IBC.<\/p>\n\n\n\n<p>Lorsqu\u2019elles sont remplies, ces poches pour conteneur IBC industriel pr\u00e9sentent la forme d\u2019un oreiller\u00a0; elles sont form\u00e9es de deux ou trois \u00e9paisseurs de poly\u00e9thyl\u00e8ne \u00e0 basse densit\u00e9 lin\u00e9aire et d\u2019un film de protection lorsqu\u2019elles sont utilis\u00e9es pour des applications aseptiques et comme barri\u00e8re \u00e0 l\u2019oxyg\u00e8ne. <\/p>\n\n\n\n<p>CDF dispose d\u2019une poche Pillow pour votre processus, qu\u2019il s\u2019agisse du remplissage par le bas ou \u00e0 ras bord avec des fixations, de machines \u00e0 remplissage automatis\u00e9es ou de poches \u00e0 remplissage rapide. CDF a con\u00e7u la poche Pillow pour diff\u00e9rents produits et un large \u00e9ventail d\u2019applications.<\/p>\n\n\n\n<p>Voici certains des avantages que pr\u00e9sentent ces poches\u00a0:<\/p>\n\n\n\n<ul class=\"wp-block-list\">\n<li>Elles sont faciles \u00e0 installer.<\/li>\n\n\n\n<li>Elles sont dot\u00e9es d\u2019un raccord sup\u00e9rieur qui se connecte rapidement et facilement \u00e0 un tuyau de remplissage.<\/li>\n\n\n\n<li>Cet emballage flexible se dilate avec le produit.<\/li>\n\n\n\n<li>Il se replie afin de faciliter le recyclage.<\/li>\n<\/ul>\n\n\n\n<p><a href=\"https:\/\/www.cdf1.com\/fr\/categorie-des-poches-pillow-ibc\/\">Voir la cat\u00e9gorie &gt;<\/a><\/p>\n<\/div><\/div>\n<\/div>\n<\/div>\n<\/div><\/div>\n\n<div class=\"wp-block-group bg-blue-shape-right-center\"><div class=\"wp-block-group__inner-container is-layout-flow wp-block-group-is-layout-flow\">\n<div class=\"wp-block-group fixed-width text-img-section vc-wrap padding-top-180 padding-bottom-100 pt-xs--100 pb-xs--60 has-text-color\" style=\"color:#000000\"><div class=\"wp-block-group__inner-container is-layout-flow wp-block-group-is-layout-flow\">\n<div class=\"wp-block-columns is-layout-flex wp-container-core-columns-is-layout-9d6595d7 wp-block-columns-is-layout-flex\">\n<div class=\"wp-block-column is-layout-flow wp-block-column-is-layout-flow\">\n<div class=\"wp-block-group text-wrap max-width-450\"><div class=\"wp-block-group__inner-container is-layout-flow wp-block-group-is-layout-flow\">\n<h2 class=\"wp-block-heading\"><strong>Poches IBC en Form-Fit<\/strong><\/h2>\n\n\n\n<p>Nous proposons \u00e9galement des <a href=\"https:\/\/www.cdf1.com\/fr\/solutions\/poches-ibc\/poches-en-form-fit-ibc\/\">poches en Form-Fit<\/a> pour les conteneurs IBC. Elles s\u2019adaptent aux dimensions uniques de votre conteneur et elles sont compatibles avec de nombreux types de raccords et de films. Elles sont \u00e9galement dot\u00e9es de Smart Seal Technology et d\u2019oreilles perfor\u00e9es permettant de maintenir la poche en place.<\/p>\n\n\n\n<p>Voici certains des principaux avantages que pr\u00e9sente cette option\u00a0:<\/p>\n\n\n\n<ul class=\"wp-block-list\">\n<li>Gr\u00e2ce \u00e0 la technologie de remplissage unique, il n\u2019est plus n\u00e9cessaire de manipuler les poches lors du remplissage.<\/li>\n\n\n\n<li>Elles sont faciles \u00e0 installer \u00e0 l\u2019aide d\u2019une fixation.<\/li>\n\n\n\n<li>Elles sont d\u00e9pourvues de poches ou de plis, ce qui garantit une \u00e9vacuation optimale du produit.<\/li>\n\n\n\n<li>Elles se fixent facilement au tuyau de remplissage.<\/li>\n\n\n\n<li>Smart Seal Technology optimise la pr\u00e9cision et la r\u00e9gularit\u00e9 tout en contr\u00f4lant la temp\u00e9rature, le temps et la pression.<\/li>\n<\/ul>\n\n\n\n<p>L\u2019acc\u00e8s aux aligneurs amovibles \u00e0 l\u2019int\u00e9rieur des conteneurs IBC vous permet de r\u00e9duire les co\u00fbts de remplissage et d\u2019exp\u00e9dition. Nous serions ravis de vous aider. Si vous souhaitez en savoir plus sur la mani\u00e8re dont nos poches uniques peuvent optimiser vos emballages agroalimentaires, contactez d\u00e8s aujourd\u2019hui un membre de notre \u00e9quipe.<\/p>\n\n\n\n<p><a href=\"https:\/\/www.cdf1.com\/fr\/solutions\/poches-ibc\/poches-en-form-fit-ibc\/\">Voir la cat\u00e9gorie &gt;<\/a><\/p>\n<\/div><\/div>\n<\/div>\n\n\n\n<div class=\"wp-block-column is-layout-flow wp-block-column-is-layout-flow\">\n<div class=\"wp-block-group max-width-500\"><div class=\"wp-block-group__inner-container is-layout-flow wp-block-group-is-layout-flow\">\n<figure class=\"wp-block-image size-full shadow-wrap slide-in-up\"><img decoding=\"async\" width=\"768\" height=\"936\" data-src=\"https:\/\/www.cdf1.com\/wp-content\/uploads\/2021\/09\/form-fit.jpg\" alt=\"Poches Form-Fit&#x2122;\" class=\"wp-image-2834 lazyload\" title=\"\" data-srcset=\"https:\/\/www.cdf1.com\/wp-content\/uploads\/2021\/09\/form-fit.jpg 768w, https:\/\/www.cdf1.com\/wp-content\/uploads\/2021\/09\/form-fit-246x300.jpg 246w\" data-sizes=\"(max-width: 768px) 100vw, 768px\" src=\"data:image\/svg+xml;base64,PHN2ZyB3aWR0aD0iMSIgaGVpZ2h0PSIxIiB4bWxucz0iaHR0cDovL3d3dy53My5vcmcvMjAwMC9zdmciPjwvc3ZnPg==\" style=\"--smush-placeholder-width: 768px; --smush-placeholder-aspect-ratio: 768\/936;\" \/><\/figure>\n<\/div><\/div>\n<\/div>\n<\/div>\n<\/div><\/div>\n<\/div><\/div>\n\n<div class=\"wp-block-group fixed-width img-text-section vc-wrap padding-top-180 padding-bottom-100 pt-xs--0 pb-xs--0 has-text-color\" style=\"color:#000000\"><div class=\"wp-block-group__inner-container is-layout-flow wp-block-group-is-layout-flow\">\n<div class=\"wp-block-columns is-layout-flex wp-container-core-columns-is-layout-9d6595d7 wp-block-columns-is-layout-flex\">\n<div class=\"wp-block-column is-layout-flow wp-block-column-is-layout-flow\">\n<div class=\"wp-block-group max-width-500\"><div class=\"wp-block-group__inner-container is-layout-flow wp-block-group-is-layout-flow\">\n<figure class=\"wp-block-image size-full shadow-wrap slide-in-up\"><img decoding=\"async\" width=\"768\" height=\"936\" data-src=\"https:\/\/www.cdf1.com\/wp-content\/uploads\/2021\/09\/air-assit-large-image.jpg\" alt=\"La conception Air-Assist\" class=\"wp-image-2838 lazyload\" title=\"\" data-srcset=\"https:\/\/www.cdf1.com\/wp-content\/uploads\/2021\/09\/air-assit-large-image.jpg 768w, https:\/\/www.cdf1.com\/wp-content\/uploads\/2021\/09\/air-assit-large-image-246x300.jpg 246w\" data-sizes=\"(max-width: 768px) 100vw, 768px\" src=\"data:image\/svg+xml;base64,PHN2ZyB3aWR0aD0iMSIgaGVpZ2h0PSIxIiB4bWxucz0iaHR0cDovL3d3dy53My5vcmcvMjAwMC9zdmciPjwvc3ZnPg==\" style=\"--smush-placeholder-width: 768px; --smush-placeholder-aspect-ratio: 768\/936;\" \/><\/figure>\n<\/div><\/div>\n<\/div>\n\n\n\n<div class=\"wp-block-column is-layout-flow wp-block-column-is-layout-flow\">\n<div class=\"wp-block-group text-wrap max-width-450\"><div class=\"wp-block-group__inner-container is-layout-flow wp-block-group-is-layout-flow\">\n<h2 class=\"wp-block-heading\">Air-Assist\u00ae<\/h2>\n\n\n\n<p>Air-Assist\u00ae a \u00e9t\u00e9 con\u00e7ue pour offrir les m\u00eames avantages que Form-Fit tout en pr\u00e9sentant un atout suppl\u00e9mentaire\u00a0: une poche \u00e0 air qui am\u00e9liore la vidange du produit. Pens\u00e9e pour les produits visqueux, la conception Air-Assist permet de vidanger facilement le produit tout en am\u00e9liorant l\u2019\u00e9vacuation. <\/p>\n\n\n\n<p>Lorsqu\u2019elle est gonfl\u00e9e, la poche \u00e0 air appuie sur la poche en Form-Fit, ce qui facilite l\u2019\u00e9vacuation du produit par le raccord du bas, am\u00e9liorant ainsi l\u2019\u00e9vacuation du produit et r\u00e9duisant la quantit\u00e9 de produit restant dans la poche. Con\u00e7ue pour une vidange mains libres, c\u2019est-\u00e0-dire que l\u2019op\u00e9rateur peut vaquer \u00e0 ses occupations pendant la vidange apr\u00e8s avoir connect\u00e9 le syst\u00e8me d\u2019alimentation en air.<\/p>\n\n\n\n<p><a href=\"https:\/\/www.cdf1.com\/fr\/solutions\/poches-ibc\/air-assist\/\">Voir le produit&gt;<\/a><\/p>\n<\/div><\/div>\n<\/div>\n<\/div>\n<\/div><\/div>\n\n<div class=\"wp-block-cover is-light animated-bg-img fixed-1280 bg-bubble-section\" style=\"min-height:780px;aspect-ratio:unset;\"><span aria-hidden=\"true\" class=\"wp-block-cover__background has-background-dim-0 has-background-dim\"><\/span><img decoding=\"async\" width=\"2560\" height=\"2021\" class=\"wp-block-cover__image-background wp-image-2795 lazyload\" alt=\"\" data-src=\"https:\/\/www.cdf1.com\/wp-content\/uploads\/2021\/09\/cdf-center-green-shape.jpg\" style=\"--smush-placeholder-width: 2560px; --smush-placeholder-aspect-ratio: 2560\/2021;object-position:57% 51%\" data-object-fit=\"cover\" data-object-position=\"57% 51%\" data-srcset=\"https:\/\/www.cdf1.com\/wp-content\/uploads\/2021\/09\/cdf-center-green-shape.jpg 2560w, https:\/\/www.cdf1.com\/wp-content\/uploads\/2021\/09\/cdf-center-green-shape-300x237.jpg 300w, https:\/\/www.cdf1.com\/wp-content\/uploads\/2021\/09\/cdf-center-green-shape-1024x808.jpg 1024w, https:\/\/www.cdf1.com\/wp-content\/uploads\/2021\/09\/cdf-center-green-shape-768x606.jpg 768w, https:\/\/www.cdf1.com\/wp-content\/uploads\/2021\/09\/cdf-center-green-shape-1536x1213.jpg 1536w, https:\/\/www.cdf1.com\/wp-content\/uploads\/2021\/09\/cdf-center-green-shape-2048x1617.jpg 2048w\" data-sizes=\"(max-width: 2560px) 100vw, 2560px\" src=\"data:image\/svg+xml;base64,PHN2ZyB3aWR0aD0iMSIgaGVpZ2h0PSIxIiB4bWxucz0iaHR0cDovL3d3dy53My5vcmcvMjAwMC9zdmciPjwvc3ZnPg==\" \/><div class=\"wp-block-cover__inner-container is-layout-flow wp-block-cover-is-layout-flow\">\n<div class=\"wp-block-group fixed-width fixed-700 cta-in-blob-wrap padding-top-150\"><div class=\"wp-block-group__inner-container is-layout-flow wp-block-group-is-layout-flow\">\n<div class=\"wp-block-ideabox-counter ibc-liners-counter\"><div class=\"ib-counter-container\" style=\"text-align:center\"><div class=\"ib-counter\" style=\"font-size:65px;color:#15614d\"><span class=\"ib-counter-number\" data-from-value=\"0\" data-to-value=\"99\" data-delimiter=\"none\" data-duration=\"5000\">0<\/span><span class=\"ib-counter-number-suffix\">0,5\u00a0%<\/span><\/div><\/div><\/div>\n<\/div><\/div>\n\n\n\n<div class=\"wp-block-group fixed-width fixed-700 cta-in-blob-wrap padding-bottom-100\"><div class=\"wp-block-group__inner-container is-layout-flow wp-block-group-is-layout-flow\">\n<p class=\"has-text-align-center has-text-color\" style=\"color:#15614d\">Air-Assist permet d\u2019\u00e9vacuer jusqu\u2019\u00e0 99,5\u00a0% du produit par rapport aux poches IBC traditionnelles\u00a0<\/p>\n<\/div><\/div>\n\n\n\n<p class=\"has-text-align-center has-large-font-size\"><\/p>\n<\/div><\/div>\n\n<div class=\"wp-block-cover inner-page-cta-section\"><span aria-hidden=\"true\" class=\"wp-block-cover__background has-background-dim-100 has-background-dim\" style=\"background-color:#015174\"><\/span><div class=\"wp-block-cover__inner-container is-layout-flow wp-block-cover-is-layout-flow\">\n<div class=\"wp-block-group fixed-width fixed-980 padding-top-100 text-wrap\"><div class=\"wp-block-group__inner-container is-layout-flow wp-block-group-is-layout-flow\">\n<h2 class=\"wp-block-heading has-text-align-center\"><strong><strong>Trouvez la solution d\u2019emballage agroalimentaire qui vous convient d\u00e8s aujourd\u2019hui\u00a0!<\/strong><\/strong><\/h2>\n<\/div><\/div>\n\n\n\n<div class=\"wp-block-group fixed-width fixed-780 padding-bottom-80 text-wrap\"><div class=\"wp-block-group__inner-container is-layout-flow wp-block-group-is-layout-flow\">\n<p class=\"has-text-align-center\">Si vous avez un besoin sp\u00e9cifique qui n\u00e9cessite une solution sur mesure, contactez-nous pour parler \u00e0 l\u2019un de nos experts en emballage.<\/p>\n\n\n\n<p class=\"has-text-align-center outlined-white-link margin-top-60\"><a href=\"https:\/\/www.cdf1.com\/fr\/nous-contacter\/\">Nous contacter<\/a><\/p>\n<\/div><\/div>\n<\/div><\/div>\n\n<div style=\"padding-left:10%;padding-right:10%;padding-bottom:4%;padding-top:5%\" class=\"wp-block-genesis-blocks-gb-container alignfull gb-block-container\"><div class=\"gb-container-inside\"><div class=\"gb-container-image-wrap\"><img decoding=\"async\" class=\"gb-container-image has-background-dim-100 has-background-dim lazyload\" data-src=\"https:\/\/www.cdf1.com\/wp-content\/uploads\/2022\/04\/Contact_Background.png\" alt=\"\" src=\"data:image\/svg+xml;base64,PHN2ZyB3aWR0aD0iMSIgaGVpZ2h0PSIxIiB4bWxucz0iaHR0cDovL3d3dy53My5vcmcvMjAwMC9zdmciPjwvc3ZnPg==\" style=\"--smush-placeholder-width: 1920px; --smush-placeholder-aspect-ratio: 1920\/770;\" \/><\/div><div class=\"gb-container-content\">\n<div class=\"wp-block-columns is-layout-flex wp-container-core-columns-is-layout-9d6595d7 wp-block-columns-is-layout-flex\">\n<div class=\"wp-block-column is-layout-flow wp-block-column-is-layout-flow\">\n<div style=\"background-color:#bfe0ef;padding-left:5%;padding-right:5%;padding-bottom:3%;padding-top:5%\" class=\"wp-block-genesis-blocks-gb-container gb-block-container\"><div class=\"gb-container-inside\"><div class=\"gb-container-content\">\n<h2 class=\"wp-block-heading has-text-color\" style=\"color:#245171\">Vous avez une question sur ce produit\u00a0?<\/h2>\n\n\n\n<p class=\"has-text-color\" style=\"color:#158db7\">Nos ing\u00e9nieurs experts peuvent orienter chaque client dans tous les secteurs gr\u00e2ce \u00e0 une solution sur mesure pens\u00e9e pour r\u00e9pondre \u00e0 ses besoins en mati\u00e8re d\u2019emballage et de d\u00e9veloppement durable, de la recherche et de l\u2019\u00e9laboration innovantes aux conceptions personnalisables.<\/p>\n\n\n\n<p class=\"has-text-color\" style=\"color:#158db7\">Forte de plus de 50\u00a0ans d\u2019exp\u00e9rience, notre \u00e9quipe d\u2019ing\u00e9nieurs collabore avec chaque client pour concevoir une nouvelle solution d\u2019emballage, du choix de la poche \u00e0 l\u2019int\u00e9gration compl\u00e8te des syst\u00e8mes, en passant par la modification des produits existants.<\/p>\n<\/div><\/div><\/div>\n<\/div>\n\n\n\n<div class=\"wp-block-column is-layout-flow wp-block-column-is-layout-flow\">\n\n\t\t\t\t\t\t<script>\n\t\t\t\t\t\t\twindow.hsFormsOnReady = window.hsFormsOnReady || [];\n\t\t\t\t\t\t\twindow.hsFormsOnReady.push(()=>{\n\t\t\t\t\t\t\t\thbspt.forms.create({\n\t\t\t\t\t\t\t\t\tportalId: 1984976,\n\t\t\t\t\t\t\t\t\tformId: \"3db78b9f-9672-4a75-a693-0caea96daf38\",\n\t\t\t\t\t\t\t\t\ttarget: \"#hbspt-form-1775411642000-0162142951\",\n\t\t\t\t\t\t\t\t\tregion: \"na1\",\n\t\t\t\t\t\t\t\t\t\n\t\t\t\t\t\t\t})});\n\t\t\t\t\t\t<\/script>\n\t\t\t\t\t\t<div class=\"hbspt-form\" id=\"hbspt-form-1775411642000-0162142951\"><\/div>\n<\/div>\n<\/div>\n<\/div><\/div><\/div>\n","protected":false},"excerpt":{"rendered":"<p>Poches IBC pour les emballages agroalimentaires Cat\u00e9gories de produits Poches Pillow Voir la cat\u00e9gorie &gt; Poches Form-Fit&#x2122; Voir la cat\u00e9gorie &gt; Poches IBC pour Agroalimentaire Les conditionneurs de produits agroalimentaires, les transformateurs et les producteurs d\u2019ingr\u00e9dients ont toujours pu compter sur les emballages IBC pour l\u2019emballage en vrac de leurs produits. Nous comprenons parfaitement les [&hellip;]<\/p>\n","protected":false},"author":10,"featured_media":1881,"parent":0,"menu_order":0,"comment_status":"closed","ping_status":"closed","template":"","meta":{"_acf_changed":false,"content-type":"","_genesis_hide_title":false,"_genesis_hide_breadcrumbs":false,"_genesis_hide_singular_image":false,"_genesis_hide_footer_widgets":false,"_genesis_custom_body_class":"","_genesis_custom_post_class":"","_genesis_layout":"","footnotes":""},"class_list":{"0":"post-10247","1":"page","2":"type-page","3":"status-publish","4":"has-post-thumbnail","6":"entry"},"acf":[],"featured_image_src":"https:\/\/www.cdf1.com\/wp-content\/uploads\/2020\/07\/new-feature-placeholder-sliced.png","featured_image_src_square":"https:\/\/www.cdf1.com\/wp-content\/uploads\/2020\/07\/new-feature-placeholder-sliced.png","_links":{"self":[{"href":"https:\/\/www.cdf1.com\/fr\/wp-json\/wp\/v2\/pages\/10247","targetHints":{"allow":["GET"]}}],"collection":[{"href":"https:\/\/www.cdf1.com\/fr\/wp-json\/wp\/v2\/pages"}],"about":[{"href":"https:\/\/www.cdf1.com\/fr\/wp-json\/wp\/v2\/types\/page"}],"author":[{"embeddable":true,"href":"https:\/\/www.cdf1.com\/fr\/wp-json\/wp\/v2\/users\/10"}],"replies":[{"embeddable":true,"href":"https:\/\/www.cdf1.com\/fr\/wp-json\/wp\/v2\/comments?post=10247"}],"version-history":[{"count":4,"href":"https:\/\/www.cdf1.com\/fr\/wp-json\/wp\/v2\/pages\/10247\/revisions"}],"predecessor-version":[{"id":11098,"href":"https:\/\/www.cdf1.com\/fr\/wp-json\/wp\/v2\/pages\/10247\/revisions\/11098"}],"wp:featuredmedia":[{"embeddable":true,"href":"https:\/\/www.cdf1.com\/fr\/wp-json\/wp\/v2\/media\/1881"}],"wp:attachment":[{"href":"https:\/\/www.cdf1.com\/fr\/wp-json\/wp\/v2\/media?parent=10247"}],"curies":[{"name":"wp","href":"https:\/\/api.w.org\/{rel}","templated":true}]}}