{"id":10192,"date":"2023-12-04T19:15:45","date_gmt":"2023-12-04T19:15:45","guid":{"rendered":"https:\/\/www.cdf1.com\/raccords-camlock-et-dn50\/"},"modified":"2024-01-19T18:23:18","modified_gmt":"2024-01-19T18:23:18","slug":"raccords-camlock-et-dn50","status":"publish","type":"page","link":"https:\/\/www.cdf1.com\/fr\/raccords-camlock-et-dn50\/","title":{"rendered":"Raccords Camlock et DN50"},"content":{"rendered":"\n<div class=\"wp-block-group page-heading heading-img-bottom two-col-heading shadow-out-bottom\"><div class=\"wp-block-group__inner-container is-layout-flow wp-block-group-is-layout-flow\">\n<div class=\"wp-block-columns fixed-width is-layout-flex wp-container-core-columns-is-layout-9d6595d7 wp-block-columns-is-layout-flex\">\n<div class=\"wp-block-column is-layout-flow wp-block-column-is-layout-flow\" style=\"flex-basis:40%\">\n<div class=\"wp-block-group fixed-width fixed-1080 heading-inner-wrap\"><div class=\"wp-block-group__inner-container is-layout-flow wp-block-group-is-layout-flow\">\n<div class=\"wp-block-group text-wrap\"><div class=\"wp-block-group__inner-container is-layout-flow wp-block-group-is-layout-flow\">\n<h1 class=\"has-text-color wp-block-heading\" style=\"color:#0d80b1\"><strong>Poches IBC<\/strong> Raccords Camlock et DN50<\/h1>\n<\/div><\/div>\n<\/div><\/div>\n<\/div>\n\n\n\n<div class=\"wp-block-column is-layout-flow wp-block-column-is-layout-flow\" style=\"flex-basis:60%\">\n<figure class=\"wp-block-image size-full\"><img decoding=\"async\" width=\"1024\" height=\"894\" data-src=\"https:\/\/www.cdf1.com\/wp-content\/uploads\/2022\/06\/camlock-and-dn50-header.jpg\" alt=\"Raccords Camlock et DN50\" class=\"wp-image-8300 lazyload\" data-srcset=\"https:\/\/www.cdf1.com\/wp-content\/uploads\/2022\/06\/camlock-and-dn50-header.jpg 1024w, https:\/\/www.cdf1.com\/wp-content\/uploads\/2022\/06\/camlock-and-dn50-header-300x262.jpg 300w, https:\/\/www.cdf1.com\/wp-content\/uploads\/2022\/06\/camlock-and-dn50-header-768x671.jpg 768w\" data-sizes=\"(max-width: 1024px) 100vw, 1024px\" src=\"data:image\/svg+xml;base64,PHN2ZyB3aWR0aD0iMSIgaGVpZ2h0PSIxIiB4bWxucz0iaHR0cDovL3d3dy53My5vcmcvMjAwMC9zdmciPjwvc3ZnPg==\" style=\"--smush-placeholder-width: 1024px; --smush-placeholder-aspect-ratio: 1024\/894;\" \/><\/figure>\n<\/div>\n<\/div>\n<\/div><\/div>\n\n<div class=\"wp-block-group fixed-width fixed-1080 padding-top-140 padding-bottom-100 title-text-section below-heading-section bg-line-shape-contact\"><div class=\"wp-block-group__inner-container is-layout-flow wp-block-group-is-layout-flow\">\n<div class=\"wp-block-columns is-layout-flex wp-container-core-columns-is-layout-9d6595d7 wp-block-columns-is-layout-flex\">\n<div class=\"wp-block-column is-layout-flow wp-block-column-is-layout-flow\">\n<div class=\"wp-block-group section-title-mix text-wrap anim_init\"><div class=\"wp-block-group__inner-container is-layout-flow wp-block-group-is-layout-flow\">\n<h2 class=\"wp-block-heading\">Raccords pour<\/h2>\n\n\n\n<h3 class=\"wp-block-heading\"><strong>conteneurs IBC<\/strong><\/h3>\n<\/div><\/div>\n<\/div>\n\n\n\n<div class=\"wp-block-column is-layout-flow wp-block-column-is-layout-flow\">\n<div class=\"wp-block-group max-width-450 paragraph-wrap anim_init\"><div class=\"wp-block-group__inner-container is-layout-flow wp-block-group-is-layout-flow\">\n<p>Les raccords sup\u00e9rieurs Camlock et DN50 remplacent le raccord BSP 2\u00a0po traditionnel pour les poches pour conteneur IBC. Le client profite ainsi d\u2019un nouveau mode de remplissage efficace de ses poches pour conteneur IBC.<\/p>\n\n\n\n<p class=\"link-blue-underline scroll-to-slow\"><a href=\"#contact\" data-type=\"internal\" data-id=\"#contact\">Pour en savoir plus<\/a><\/p>\n<\/div><\/div>\n<\/div>\n<\/div>\n<\/div><\/div>\n\n<div class=\"wp-block-group fixed-width bag-box-section bg-line-square-right-middle\"><div class=\"wp-block-group__inner-container is-layout-flow wp-block-group-is-layout-flow\">\n<div class=\"wp-block-group img-text-section vc-wrap padding-top-150 padding-bottom-100 pt-xs--0\"><div class=\"wp-block-group__inner-container is-layout-flow wp-block-group-is-layout-flow\">\n<div class=\"wp-block-columns is-layout-flex wp-container-core-columns-is-layout-9d6595d7 wp-block-columns-is-layout-flex\">\n<div class=\"wp-block-column is-layout-flow wp-block-column-is-layout-flow\">\n<div class=\"wp-block-columns images-in-collage-wrap is-layout-flex wp-container-core-columns-is-layout-9d6595d7 wp-block-columns-is-layout-flex\">\n<div class=\"wp-block-column is-layout-flow wp-block-column-is-layout-flow\">\n<figure class=\"wp-block-gallery has-nested-images columns-default is-cropped wp-block-gallery-1 is-layout-flex wp-block-gallery-is-layout-flex\">\n<figure class=\"wp-block-image size-full shadow-wrap slide-down-f\"><img decoding=\"async\" width=\"500\" height=\"568\" data-id=\"8307\" data-src=\"https:\/\/www.cdf1.com\/wp-content\/uploads\/2022\/06\/Camlock-Resized.png\" alt=\"Raccord sup&#xE9;rieur Camlock\" class=\"wp-image-8307 lazyload\" title=\"\" data-srcset=\"https:\/\/www.cdf1.com\/wp-content\/uploads\/2022\/06\/Camlock-Resized.png 500w, https:\/\/www.cdf1.com\/wp-content\/uploads\/2022\/06\/Camlock-Resized-264x300.png 264w\" data-sizes=\"(max-width: 500px) 100vw, 500px\" src=\"data:image\/svg+xml;base64,PHN2ZyB3aWR0aD0iMSIgaGVpZ2h0PSIxIiB4bWxucz0iaHR0cDovL3d3dy53My5vcmcvMjAwMC9zdmciPjwvc3ZnPg==\" style=\"--smush-placeholder-width: 500px; --smush-placeholder-aspect-ratio: 500\/568;\" \/><\/figure>\n<\/figure>\n<\/div>\n\n\n\n<div class=\"wp-block-column is-layout-flow wp-block-column-is-layout-flow\">\n<figure class=\"wp-block-image size-full shadow-wrap slide-up-f\"><img decoding=\"async\" width=\"500\" height=\"568\" data-src=\"https:\/\/www.cdf1.com\/wp-content\/uploads\/2022\/06\/camlock-top-view.png\" alt=\"camlock-top-fitment\" class=\"wp-image-8309 lazyload\" title=\"\" data-srcset=\"https:\/\/www.cdf1.com\/wp-content\/uploads\/2022\/06\/camlock-top-view.png 500w, https:\/\/www.cdf1.com\/wp-content\/uploads\/2022\/06\/camlock-top-view-264x300.png 264w\" data-sizes=\"(max-width: 500px) 100vw, 500px\" src=\"data:image\/svg+xml;base64,PHN2ZyB3aWR0aD0iMSIgaGVpZ2h0PSIxIiB4bWxucz0iaHR0cDovL3d3dy53My5vcmcvMjAwMC9zdmciPjwvc3ZnPg==\" style=\"--smush-placeholder-width: 500px; --smush-placeholder-aspect-ratio: 500\/568;\" \/><\/figure>\n<\/div>\n<\/div>\n\n\n\n<div class=\"wp-block-columns images-in-collage-wrap is-layout-flex wp-container-core-columns-is-layout-9d6595d7 wp-block-columns-is-layout-flex\">\n<div class=\"wp-block-column is-layout-flow wp-block-column-is-layout-flow\">\n<figure class=\"wp-block-image size-full shadow-wrap slide-down-s\"><img decoding=\"async\" width=\"500\" height=\"568\" data-src=\"https:\/\/www.cdf1.com\/wp-content\/uploads\/2022\/06\/DN50-top-view.png\" alt=\"Raccord sup&#xE9;rieur DN50\" class=\"wp-image-8310 lazyload\" title=\"\" data-srcset=\"https:\/\/www.cdf1.com\/wp-content\/uploads\/2022\/06\/DN50-top-view.png 500w, https:\/\/www.cdf1.com\/wp-content\/uploads\/2022\/06\/DN50-top-view-264x300.png 264w\" data-sizes=\"(max-width: 500px) 100vw, 500px\" src=\"data:image\/svg+xml;base64,PHN2ZyB3aWR0aD0iMSIgaGVpZ2h0PSIxIiB4bWxucz0iaHR0cDovL3d3dy53My5vcmcvMjAwMC9zdmciPjwvc3ZnPg==\" style=\"--smush-placeholder-width: 500px; --smush-placeholder-aspect-ratio: 500\/568;\" \/><\/figure>\n<\/div>\n\n\n\n<div class=\"wp-block-column is-layout-flow wp-block-column-is-layout-flow\">\n<figure class=\"wp-block-image size-full shadow-wrap slide-up-s\"><img decoding=\"async\" width=\"500\" height=\"568\" data-src=\"https:\/\/www.cdf1.com\/wp-content\/uploads\/2022\/06\/DN50-Resized.png\" alt=\"top-fitment\" class=\"wp-image-8308 lazyload\" title=\"\" data-srcset=\"https:\/\/www.cdf1.com\/wp-content\/uploads\/2022\/06\/DN50-Resized.png 500w, https:\/\/www.cdf1.com\/wp-content\/uploads\/2022\/06\/DN50-Resized-264x300.png 264w\" data-sizes=\"(max-width: 500px) 100vw, 500px\" src=\"data:image\/svg+xml;base64,PHN2ZyB3aWR0aD0iMSIgaGVpZ2h0PSIxIiB4bWxucz0iaHR0cDovL3d3dy53My5vcmcvMjAwMC9zdmciPjwvc3ZnPg==\" style=\"--smush-placeholder-width: 500px; --smush-placeholder-aspect-ratio: 500\/568;\" \/><\/figure>\n<\/div>\n<\/div>\n<\/div>\n\n\n\n<div class=\"wp-block-column is-layout-flow wp-block-column-is-layout-flow\">\n<div class=\"wp-block-group text-wrap max-width-450\"><div class=\"wp-block-group__inner-container is-layout-flow wp-block-group-is-layout-flow\">\n<h2 class=\"wp-block-heading\">Caract\u00e9ristiques et avantages des raccords DN50 et CAMLOCK<\/h2>\n\n\n\n<p>\u2022 Le raccordement simple et direct permet d\u2019\u00e9liminer la n\u00e9cessit\u00e9 de raccords suppl\u00e9mentaires. L\u2019absence des raccords \u00e9limine le risque de contamination d\u00fb \u00e0 l\u2019utilisation de raccords BSP traditionnels.<br\/>\u2022 Le dispositif d\u2019inviolabilit\u00e9 emp\u00eache tout acc\u00e8s non autoris\u00e9 lors du transport du produit.<br\/>\u2022 Les raccords DN50 et Camlock sont dot\u00e9s d\u2019un filetage ext\u00e9rieur et non pas int\u00e9rieur, contrairement aux raccords BSP traditionnels. Le filetage ext\u00e9rieur garantit l\u2019int\u00e9grit\u00e9 du produit en \u00e9liminant le risque de contamination et de d\u00e9salignement du filetage.<br\/>\u2022 Les raccords DN50 et Camlock remplacent tous les raccords BSP 2\u00a0po et sont compatibles avec toutes les poches en Form-Fit et Pillow.<br\/>\u2022 Con\u00e7us pour les poches IBC en Form-Fit et Pillow<\/p>\n<\/div><\/div>\n<\/div>\n<\/div>\n<\/div><\/div>\n<\/div><\/div>\n\n<div class=\"wp-block-group fixed-width img-text-section vc-wrap padding-top-180 padding-bottom-100 pt-xs--0 pb-xs--0 has-text-color\" style=\"color:#000000\"><div class=\"wp-block-group__inner-container is-layout-flow wp-block-group-is-layout-flow\">\n<div class=\"wp-block-columns is-layout-flex wp-container-core-columns-is-layout-9d6595d7 wp-block-columns-is-layout-flex\">\n<div class=\"wp-block-column is-layout-flow wp-block-column-is-layout-flow\">\n<div class=\"wp-block-group max-width-500\"><div class=\"wp-block-group__inner-container is-layout-flow wp-block-group-is-layout-flow\">\n<figure class=\"wp-block-image size-full shadow-wrap slide-in-up\"><img decoding=\"async\" width=\"768\" height=\"936\" data-src=\"https:\/\/www.cdf1.com\/wp-content\/uploads\/2022\/06\/dn50-photo.jpg\" alt=\"DN50 Product photo\" class=\"wp-image-8278 lazyload\" title=\"\" data-srcset=\"https:\/\/www.cdf1.com\/wp-content\/uploads\/2022\/06\/dn50-photo.jpg 768w, https:\/\/www.cdf1.com\/wp-content\/uploads\/2022\/06\/dn50-photo-246x300.jpg 246w\" data-sizes=\"(max-width: 768px) 100vw, 768px\" src=\"data:image\/svg+xml;base64,PHN2ZyB3aWR0aD0iMSIgaGVpZ2h0PSIxIiB4bWxucz0iaHR0cDovL3d3dy53My5vcmcvMjAwMC9zdmciPjwvc3ZnPg==\" style=\"--smush-placeholder-width: 768px; --smush-placeholder-aspect-ratio: 768\/936;\" \/><\/figure>\n<\/div><\/div>\n<\/div>\n\n\n\n<div class=\"wp-block-column is-layout-flow wp-block-column-is-layout-flow\">\n<div class=\"wp-block-group text-wrap max-width-450\"><div class=\"wp-block-group__inner-container is-layout-flow wp-block-group-is-layout-flow\">\n<h2 class=\"wp-block-heading\">Raccord sup\u00e9rieur DN50 <\/h2>\n\n\n\n<p>La conception DN50 fait figure de norme dans l\u2019industrie agroalimentaire. Contrairement aux raccords sup\u00e9rieurs BSP traditionnels, le DN50 est con\u00e7u pour \u00eatre raccord\u00e9 par l\u2019ext\u00e9rieur plut\u00f4t que par le bouchon int\u00e9rieur. Cette nouvelle conception garantit la puret\u00e9 de votre produit en \u00e9liminant le risque de contamination ainsi que les exigences de nettoyage. Il n\u2019est pas non plus n\u00e9cessaire d\u2019utiliser des raccords suppl\u00e9mentaires.<\/p>\n<\/div><\/div>\n<\/div>\n<\/div>\n<\/div><\/div>\n\n<div class=\"wp-block-group bg-blue-shape-right-center\"><div class=\"wp-block-group__inner-container is-layout-flow wp-block-group-is-layout-flow\">\n<div class=\"wp-block-group fixed-width text-img-section vc-wrap padding-top-180 padding-bottom-100 pt-xs--100 pb-xs--60 has-text-color\" style=\"color:#000000\"><div class=\"wp-block-group__inner-container is-layout-flow wp-block-group-is-layout-flow\">\n<div class=\"wp-block-columns is-layout-flex wp-container-core-columns-is-layout-9d6595d7 wp-block-columns-is-layout-flex\">\n<div class=\"wp-block-column is-layout-flow wp-block-column-is-layout-flow\">\n<div class=\"wp-block-group text-wrap max-width-450\"><div class=\"wp-block-group__inner-container is-layout-flow wp-block-group-is-layout-flow\">\n<h2 class=\"wp-block-heading\">Raccord sup\u00e9rieur Camlock <\/h2>\n\n\n\n<p>La conception Camlock fait figure de norme dans l\u2019industrie cosm\u00e9tique. Contrairement aux raccords sup\u00e9rieurs BSP traditionnels, le Camlock est con\u00e7u pour \u00eatre raccord\u00e9 par l\u2019ext\u00e9rieur plut\u00f4t que par le bouchon int\u00e9rieur. Cette nouvelle conception garantit la puret\u00e9 de votre produit en \u00e9liminant le risque de contamination ainsi que les exigences de nettoyage. Il n\u2019est pas non plus n\u00e9cessaire d\u2019utiliser des raccords suppl\u00e9mentaires. Le raccord Camlock est dot\u00e9 de renforts int\u00e9rieurs pour plus de solidit\u00e9 et de s\u00fbret\u00e9.<\/p>\n<\/div><\/div>\n<\/div>\n\n\n\n<div class=\"wp-block-column is-layout-flow wp-block-column-is-layout-flow\">\n<div class=\"wp-block-group max-width-500\"><div class=\"wp-block-group__inner-container is-layout-flow wp-block-group-is-layout-flow\">\n<figure class=\"wp-block-image size-full shadow-wrap slide-in-up\"><img decoding=\"async\" width=\"768\" height=\"936\" data-src=\"https:\/\/www.cdf1.com\/wp-content\/uploads\/2022\/06\/camlock-product-photo.jpg\" alt=\"Camlock Product Photo\" class=\"wp-image-8302 lazyload\" title=\"\" data-srcset=\"https:\/\/www.cdf1.com\/wp-content\/uploads\/2022\/06\/camlock-product-photo.jpg 768w, https:\/\/www.cdf1.com\/wp-content\/uploads\/2022\/06\/camlock-product-photo-246x300.jpg 246w\" data-sizes=\"(max-width: 768px) 100vw, 768px\" src=\"data:image\/svg+xml;base64,PHN2ZyB3aWR0aD0iMSIgaGVpZ2h0PSIxIiB4bWxucz0iaHR0cDovL3d3dy53My5vcmcvMjAwMC9zdmciPjwvc3ZnPg==\" style=\"--smush-placeholder-width: 768px; --smush-placeholder-aspect-ratio: 768\/936;\" \/><\/figure>\n<\/div><\/div>\n<\/div>\n<\/div>\n<\/div><\/div>\n<\/div><\/div>\n\n<div id=\"contact\" class=\"wp-block-group fixed-width fixed-980 padding-top-100 padding-bottom-80\"><div class=\"wp-block-group__inner-container is-layout-flow wp-block-group-is-layout-flow\">\n<h2 class=\"wp-block-heading\">Vous avez une question sur ce produit\u00a0?<\/h2>\n\n\n\n<p>Nos ing\u00e9nieurs experts peuvent orienter chaque client dans tous les secteurs gr\u00e2ce \u00e0 une solution sur mesure pens\u00e9e pour r\u00e9pondre \u00e0 ses besoins en mati\u00e8re d\u2019emballage et de d\u00e9veloppement durable, de la recherche et de l\u2019\u00e9laboration innovantes aux conceptions personnalisables. Forte de plus de 50\u00a0ans d\u2019exp\u00e9rience, notre \u00e9quipe d\u2019ing\u00e9nieurs collabore avec chaque client pour concevoir une nouvelle solution d\u2019emballage, du choix de la poche \u00e0 l\u2019int\u00e9gration compl\u00e8te des syst\u00e8mes, en passant par la modification des produits existants.<\/p>\n<\/div><\/div>\n\n<div id=\"contact\" class=\"wp-block-group fixed-width fixed-980 mark-anchor padding-top-100 padding-bottom-80\"><div class=\"wp-block-group__inner-container is-layout-flow wp-block-group-is-layout-flow\">\n<div class=\"wp-block-group\"><div class=\"wp-block-group__inner-container is-layout-flow wp-block-group-is-layout-flow\">\n\t\t\t\t\t\t<script>\n\t\t\t\t\t\t\twindow.hsFormsOnReady = window.hsFormsOnReady || [];\n\t\t\t\t\t\t\twindow.hsFormsOnReady.push(()=>{\n\t\t\t\t\t\t\t\thbspt.forms.create({\n\t\t\t\t\t\t\t\t\tportalId: 1984976,\n\t\t\t\t\t\t\t\t\tformId: \"80cee8b1-6aac-4f45-99d2-a5c20caf87c5\",\n\t\t\t\t\t\t\t\t\ttarget: \"#hbspt-form-1775431373000-2105570871\",\n\t\t\t\t\t\t\t\t\tregion: \"na1\",\n\t\t\t\t\t\t\t\t\t\n\t\t\t\t\t\t\t})});\n\t\t\t\t\t\t<\/script>\n\t\t\t\t\t\t<div class=\"hbspt-form\" id=\"hbspt-form-1775431373000-2105570871\"><\/div>\n<\/div><\/div>\n<\/div><\/div>\n\n<div class=\"wp-block-cover inner-page-cta-section\"><span aria-hidden=\"true\" class=\"wp-block-cover__background has-background-dim-100 has-background-dim\" style=\"background-color:#015174\"><\/span><div class=\"wp-block-cover__inner-container is-layout-flow wp-block-cover-is-layout-flow\">\n<div class=\"wp-block-group fixed-width fixed-980 padding-top-100 text-wrap\"><div class=\"wp-block-group__inner-container is-layout-flow wp-block-group-is-layout-flow\">\n<h2 class=\"has-text-align-center wp-block-heading\"><strong>Trouvez la solution qui vous convient<\/strong><\/h2>\n<\/div><\/div>\n\n\n\n<div class=\"wp-block-group fixed-width fixed-780 padding-bottom-80 text-wrap\"><div class=\"wp-block-group__inner-container is-layout-flow wp-block-group-is-layout-flow\">\n<p class=\"has-text-align-center\">Si vous avez un besoin sp\u00e9cifique qui n\u00e9cessite une solution sur mesure, contactez-nous pour parler \u00e0 l\u2019un de nos experts en emballage.<\/p>\n\n\n\n<p class=\"has-text-align-center outlined-white-link margin-top-60\"><a href=\"https:\/\/www.cdf1.com\/fr\/nous-contacter\/\">Nous contacter<\/a><\/p>\n<\/div><\/div>\n<\/div><\/div>\n","protected":false},"excerpt":{"rendered":"<p>Poches IBC Raccords Camlock et DN50 Raccords pour conteneurs IBC Les raccords sup\u00e9rieurs Camlock et DN50 remplacent le raccord BSP 2\u00a0po traditionnel pour les poches pour conteneur IBC. Le client profite ainsi d\u2019un nouveau mode de remplissage efficace de ses poches pour conteneur IBC. Pour en savoir plus Caract\u00e9ristiques et avantages des raccords DN50 et [&hellip;]<\/p>\n","protected":false},"author":1,"featured_media":1881,"parent":0,"menu_order":0,"comment_status":"closed","ping_status":"closed","template":"","meta":{"_acf_changed":false,"content-type":"","_genesis_hide_title":false,"_genesis_hide_breadcrumbs":false,"_genesis_hide_singular_image":false,"_genesis_hide_footer_widgets":false,"_genesis_custom_body_class":"","_genesis_custom_post_class":"","_genesis_layout":"full-width-content","footnotes":""},"class_list":{"0":"post-10192","1":"page","2":"type-page","3":"status-publish","4":"has-post-thumbnail","6":"entry"},"acf":[],"featured_image_src":"https:\/\/www.cdf1.com\/wp-content\/uploads\/2020\/07\/new-feature-placeholder-sliced.png","featured_image_src_square":"https:\/\/www.cdf1.com\/wp-content\/uploads\/2020\/07\/new-feature-placeholder-sliced.png","_links":{"self":[{"href":"https:\/\/www.cdf1.com\/fr\/wp-json\/wp\/v2\/pages\/10192","targetHints":{"allow":["GET"]}}],"collection":[{"href":"https:\/\/www.cdf1.com\/fr\/wp-json\/wp\/v2\/pages"}],"about":[{"href":"https:\/\/www.cdf1.com\/fr\/wp-json\/wp\/v2\/types\/page"}],"author":[{"embeddable":true,"href":"https:\/\/www.cdf1.com\/fr\/wp-json\/wp\/v2\/users\/1"}],"replies":[{"embeddable":true,"href":"https:\/\/www.cdf1.com\/fr\/wp-json\/wp\/v2\/comments?post=10192"}],"version-history":[{"count":2,"href":"https:\/\/www.cdf1.com\/fr\/wp-json\/wp\/v2\/pages\/10192\/revisions"}],"predecessor-version":[{"id":10596,"href":"https:\/\/www.cdf1.com\/fr\/wp-json\/wp\/v2\/pages\/10192\/revisions\/10596"}],"wp:featuredmedia":[{"embeddable":true,"href":"https:\/\/www.cdf1.com\/fr\/wp-json\/wp\/v2\/media\/1881"}],"wp:attachment":[{"href":"https:\/\/www.cdf1.com\/fr\/wp-json\/wp\/v2\/media?parent=10192"}],"curies":[{"name":"wp","href":"https:\/\/api.w.org\/{rel}","templated":true}]}}