{"id":10148,"date":"2023-12-04T19:11:23","date_gmt":"2023-12-04T19:11:23","guid":{"rendered":"https:\/\/www.cdf1.com\/poches-ibc\/air-assist\/"},"modified":"2024-02-28T17:56:02","modified_gmt":"2024-02-28T17:56:02","slug":"air-assist","status":"publish","type":"page","link":"https:\/\/www.cdf1.com\/fr\/solutions\/poches-ibc\/air-assist\/","title":{"rendered":"Air-Assist\u00ae"},"content":{"rendered":"\n<div class=\"wp-block-columns is-layout-flex wp-container-core-columns-is-layout-9d6595d7 wp-block-columns-is-layout-flex\">\n<div class=\"wp-block-column is-layout-flow wp-block-column-is-layout-flow\" style=\"flex-basis:66.66%\">\n<div class=\"wp-block-media-text alignwide is-stacked-on-mobile\" style=\"grid-template-columns:47% auto\"><figure class=\"wp-block-media-text__media\"><img decoding=\"async\" data-src=\"https:\/\/www.cdf1.com\/wp-content\/uploads\/2022\/05\/Air-Assist-Inflation.jpg\" alt=\"\" class=\"wp-image-7386 size-full lazyload\" src=\"data:image\/svg+xml;base64,PHN2ZyB3aWR0aD0iMSIgaGVpZ2h0PSIxIiB4bWxucz0iaHR0cDovL3d3dy53My5vcmcvMjAwMC9zdmciPjwvc3ZnPg==\" style=\"--smush-placeholder-width: 500px; --smush-placeholder-aspect-ratio: 500\/500;\" \/><\/figure><div class=\"wp-block-media-text__content\">\n<h2 class=\"wp-block-heading\">Poches Air-Assist\u00ae<\/h2>\n\n\n\n<p>Air-Assist\u00ae a \u00e9t\u00e9 con\u00e7ue pour offrir les m\u00eames avantages que Form-Fit tout en pr\u00e9sentant un atout suppl\u00e9mentaire&nbsp;: une poche \u00e0 air qui am\u00e9liore la vidange du produit. Pens\u00e9e pour les produits visqueux, la conception Air-Assist permet de vidanger facilement le produit tout en am\u00e9liorant l\u2019\u00e9vacuation. Lorsqu\u2019elle est gonfl\u00e9e, la poche \u00e0 air appuie sur la poche en Form-Fit, ce qui facilite l\u2019\u00e9vacuation du produit par le raccord du bas, am\u00e9liorant ainsi l\u2019\u00e9vacuation du produit et r\u00e9duisant la quantit\u00e9 de produit restant dans la poche. Con\u00e7ue pour une vidange mains libres, c\u2019est-\u00e0-dire que l\u2019op\u00e9rateur peut vaquer \u00e0 ses occupations pendant la vidange apr\u00e8s avoir connect\u00e9 le syst\u00e8me d\u2019alimentation en air.<\/p>\n<\/div><\/div>\n<\/div>\n\n\n\n<div class=\"wp-block-column is-layout-flow wp-block-column-is-layout-flow\" style=\"flex-basis:33.33%\">\n<div style=\"background-color:#bfe0ef;padding-left:2%;padding-right:2%;padding-bottom:3.5%;padding-top:5%\" class=\"wp-block-genesis-blocks-gb-container drop-shadow gb-block-container\"><div class=\"gb-container-inside\"><div class=\"gb-container-content\">\n<h2 class=\"wp-block-heading has-text-color\" style=\"color:#245171\">Parler \u00e0 un sp\u00e9cialiste de l\u2019emballage<\/h2>\n\n\n\n<p class=\"has-text-color\" style=\"color:#707070\">La soif d\u2019innovation de CDF est soutenue par une \u00e9quipe cr\u00e9ative de personnes comp\u00e9tentes et par une technologie, des mat\u00e9riaux et des machines de pointe. Jouissant d\u2019ann\u00e9es d\u2019expertise en mati\u00e8re de fabrication, CDF a con\u00e7u des solutions pour les clients les plus exigeants.<\/p>\n\n\n\n<div class=\"wp-block-genesis-blocks-gb-button gb-block-button\"><a href=\"https:\/\/www.cdf1.com\/fr\/nous-contacter\/\" class=\"gb-button gb-button-shape-circular gb-button-size-medium\" style=\"color:#ffffff;background-color:#158db7\">Demander un devis<\/a><\/div>\n<\/div><\/div><\/div>\n<\/div>\n<\/div>\n\n\n\n<h3 class=\"wp-block-heading\">Plusieurs tailles<\/h3>\n\n\n\n<p>Les poches Air-Assist sont disponibles pour toutes les tailles de conteneurs IBC.<\/p>\n\n\n\n<div style=\"height:36px\" aria-hidden=\"true\" class=\"wp-block-spacer\"><\/div>\n\n\n\n<h3 class=\"wp-block-heading\">Mat\u00e9riaux disponibles<\/h3>\n\n\n\n<div class=\"wp-block-columns is-layout-flex wp-container-core-columns-is-layout-9d6595d7 wp-block-columns-is-layout-flex\">\n<div class=\"wp-block-column is-layout-flow wp-block-column-is-layout-flow\">\n<h3 class=\"wp-block-heading\"><strong>Film <\/strong>EVOH<\/h3>\n\n\n\n<p>Le film<strong> <\/strong>EVOH est largement utilis\u00e9 dans l\u2019industrie agroalimentaire. Il s\u2019agit d\u2019un film solide, souple et transparent pr\u00e9sentant de bonnes caract\u00e9ristiques de r\u00e9tention de l\u2019humidit\u00e9 et formant une excellente barri\u00e8re \u00e0 l\u2019oxyg\u00e8ne.<\/p>\n<\/div>\n\n\n\n<div class=\"wp-block-column is-layout-flow wp-block-column-is-layout-flow\">\n<h3 class=\"wp-block-heading\"><strong>Flexus&#x2122; <\/strong>et <strong>Flexus&nbsp;HF<\/strong><\/h3>\n\n\n\n<p>Les LLDPE m\u00e9talloc\u00e8nes Flexus&#x2122; et Flexus&nbsp;HF sont polyvalents, durables et pr\u00e9sentent une r\u00e9sistance au flex-cracking.<\/p>\n<\/div>\n\n\n\n<div class=\"wp-block-column is-layout-flow wp-block-column-is-layout-flow\">\n<h3 class=\"wp-block-heading\"><strong>Tenalon&#x2122;<\/strong><\/h3>\n\n\n\n<p>Le film nylon co-extrud\u00e9 Tenalon&#x2122; conf\u00e8re une r\u00e9sistance Tenalon&#x2122; l\u2019abrasion, une durabilit\u00e9 et une solidit\u00e9.<\/p>\n<\/div>\n<\/div>\n\n\n\n<div style=\"background-color:#f3f6f7;padding-left:17%;padding-right:17%;padding-bottom:2.5%;padding-top:2%\" class=\"wp-block-genesis-blocks-gb-container alignfull gb-block-container\"><div class=\"gb-container-inside\"><div class=\"gb-container-content\">\n<h2 class=\"wp-block-heading\">Raccords IBC<\/h2>\n\n\n\n<div class=\"wp-block-columns is-layout-flex wp-container-core-columns-is-layout-9d6595d7 wp-block-columns-is-layout-flex\">\n<div class=\"wp-block-column is-layout-flow wp-block-column-is-layout-flow\">\n<div class=\"wp-block-media-text alignwide is-stacked-on-mobile round-image\" style=\"grid-template-columns:30% auto\"><figure class=\"wp-block-media-text__media\"><img decoding=\"async\" data-src=\"https:\/\/www.cdf1.com\/wp-content\/uploads\/2022\/06\/Camlock-2.png\" alt=\"\" class=\"wp-image-7618 size-full lazyload\" src=\"data:image\/svg+xml;base64,PHN2ZyB3aWR0aD0iMSIgaGVpZ2h0PSIxIiB4bWxucz0iaHR0cDovL3d3dy53My5vcmcvMjAwMC9zdmciPjwvc3ZnPg==\" style=\"--smush-placeholder-width: 834px; --smush-placeholder-aspect-ratio: 834\/834;\" \/><\/figure><div class=\"wp-block-media-text__content\">\n<h3 class=\"wp-block-heading\">CAMLOCK 2&nbsp;PO<\/h3>\n\n\n\n<h6 class=\"wp-block-heading\"> 2&nbsp;pouces<\/h6>\n<\/div><\/div>\n<\/div>\n\n\n\n<div class=\"wp-block-column is-layout-flow wp-block-column-is-layout-flow\">\n<div class=\"wp-block-media-text alignwide is-stacked-on-mobile round-image\" style=\"grid-template-columns:30% auto\"><figure class=\"wp-block-media-text__media\"><img decoding=\"async\" data-src=\"https:\/\/www.cdf1.com\/wp-content\/uploads\/2022\/06\/3-BSP.png\" alt=\"\" class=\"wp-image-7619 size-full lazyload\" src=\"data:image\/svg+xml;base64,PHN2ZyB3aWR0aD0iMSIgaGVpZ2h0PSIxIiB4bWxucz0iaHR0cDovL3d3dy53My5vcmcvMjAwMC9zdmciPjwvc3ZnPg==\" style=\"--smush-placeholder-width: 834px; --smush-placeholder-aspect-ratio: 834\/834;\" \/><\/figure><div class=\"wp-block-media-text__content\">\n<h3 class=\"wp-block-heading\">BSP 3&nbsp;PO<\/h3>\n\n\n\n<h6 class=\"wp-block-heading\">3&nbsp;pouces<\/h6>\n<\/div><\/div>\n<\/div>\n\n\n\n<div class=\"wp-block-column is-layout-flow wp-block-column-is-layout-flow\">\n<div class=\"wp-block-media-text alignwide is-stacked-on-mobile round-image\" style=\"grid-template-columns:30% auto\"><figure class=\"wp-block-media-text__media\"><img decoding=\"async\" data-src=\"https:\/\/www.cdf1.com\/wp-content\/uploads\/2022\/06\/IC-7001-IC-7002.png\" alt=\"\" class=\"wp-image-7620 size-full lazyload\" src=\"data:image\/svg+xml;base64,PHN2ZyB3aWR0aD0iMSIgaGVpZ2h0PSIxIiB4bWxucz0iaHR0cDovL3d3dy53My5vcmcvMjAwMC9zdmciPjwvc3ZnPg==\" style=\"--smush-placeholder-width: 834px; --smush-placeholder-aspect-ratio: 834\/834;\" \/><\/figure><div class=\"wp-block-media-text__content\">\n<h3 class=\"wp-block-heading\">IC-7001<\/h3>\n\n\n\n<h6 class=\"wp-block-heading\">Compatible avec IC-7002<\/h6>\n<\/div><\/div>\n<\/div>\n\n\n\n<div class=\"wp-block-column is-layout-flow wp-block-column-is-layout-flow\">\n<div class=\"wp-block-media-text alignwide is-stacked-on-mobile round-image\" style=\"grid-template-columns:30% auto\"><figure class=\"wp-block-media-text__media\"><img decoding=\"async\" data-src=\"https:\/\/www.cdf1.com\/wp-content\/uploads\/2022\/06\/IC-6002-IC-6003.png\" alt=\"\" class=\"wp-image-7617 size-full lazyload\" src=\"data:image\/svg+xml;base64,PHN2ZyB3aWR0aD0iMSIgaGVpZ2h0PSIxIiB4bWxucz0iaHR0cDovL3d3dy53My5vcmcvMjAwMC9zdmciPjwvc3ZnPg==\" style=\"--smush-placeholder-width: 834px; --smush-placeholder-aspect-ratio: 834\/834;\" \/><\/figure><div class=\"wp-block-media-text__content\">\n<h3 class=\"wp-block-heading\">IC-6002<\/h3>\n\n\n\n<h6 class=\"wp-block-heading\">IC-6003<\/h6>\n<\/div><\/div>\n<\/div>\n<\/div>\n\n\n\n<div style=\"text-align:center\" class=\"wp-block-genesis-blocks-gb-button gb-block-button\"><a href=\"https:\/\/www.cdf1.com\/fr\/solutions\/poches-ibc\/raccords-pour-conteneur-ibc\/\" class=\"gb-button gb-button-shape-circular gb-button-size-medium\" style=\"color:#ffffff;background-color:#158db7\">VOIR TOUS LES RACCORDS<\/a><\/div>\n<\/div><\/div><\/div>\n\n\n\n<div style=\"color:#ddd\" class=\"wp-block-genesis-blocks-gb-spacer gb-block-spacer gb-divider-solid gb-divider-size-1\"><hr style=\"height:30px\"\/><\/div>\n\n\n\n<p class=\"has-text-align-center\"><em>*Produit con\u00e7u avec un film conforme aux r\u00e9glementations FDA&nbsp;21 CFR&nbsp;177.1520, CDF&nbsp;175.105, 177.1390, CDF&nbsp;177.1630 ainsi qu\u2019aux r\u00e9glementations europ\u00e9ennes 10\/2011, 1935\/2004, 2023\/06 et \u00e0 la directive 94\/62\/CE<\/em><\/p>\n\n\n\n<div style=\"background-color:#f3f6f7;padding-left:17%;padding-right:17%;padding-bottom:3%;padding-top:5%\" class=\"wp-block-genesis-blocks-gb-container alignfull gb-block-container\"><div class=\"gb-container-inside\"><div class=\"gb-container-content\">\n<h2 class=\"wp-block-heading\">Avantages<\/h2>\n\n\n\n<div class=\"wp-block-columns is-layout-flex wp-container-core-columns-is-layout-9d6595d7 wp-block-columns-is-layout-flex\">\n<div class=\"wp-block-column is-layout-flow wp-block-column-is-layout-flow\">\n<figure class=\"wp-block-image size-full\"><img decoding=\"async\" data-src=\"https:\/\/www.cdf1.com\/wp-content\/uploads\/2022\/04\/swoosh-09.png\" alt=\"\" class=\"wp-image-7059 lazyload\" src=\"data:image\/svg+xml;base64,PHN2ZyB3aWR0aD0iMSIgaGVpZ2h0PSIxIiB4bWxucz0iaHR0cDovL3d3dy53My5vcmcvMjAwMC9zdmciPjwvc3ZnPg==\" style=\"--smush-placeholder-width: 98px; --smush-placeholder-aspect-ratio: 98\/25;\" \/><\/figure>\n\n\n\n<p>Fabriqu\u00e9es dans un environnement propre \u00e0 l\u2019aide de la technologie de pointe CDF1 Smart Seal Technology&#x2122; qui permet de contr\u00f4ler les soudures et garantit qu\u2019elles sont r\u00e9guli\u00e8res et de grande qualit\u00e9<\/p>\n<\/div>\n\n\n\n<div class=\"wp-block-column is-layout-flow wp-block-column-is-layout-flow\">\n<figure class=\"wp-block-image size-full\"><img decoding=\"async\" data-src=\"https:\/\/www.cdf1.com\/wp-content\/uploads\/2022\/04\/swoosh-09.png\" alt=\"\" class=\"wp-image-7059 lazyload\" src=\"data:image\/svg+xml;base64,PHN2ZyB3aWR0aD0iMSIgaGVpZ2h0PSIxIiB4bWxucz0iaHR0cDovL3d3dy53My5vcmcvMjAwMC9zdmciPjwvc3ZnPg==\" style=\"--smush-placeholder-width: 98px; --smush-placeholder-aspect-ratio: 98\/25;\" \/><\/figure>\n\n\n\n<p>Garantissent la puret\u00e9 absolue de votre produit<\/p>\n<\/div>\n\n\n\n<div class=\"wp-block-column is-layout-flow wp-block-column-is-layout-flow\">\n<figure class=\"wp-block-image size-full\"><img decoding=\"async\" data-src=\"https:\/\/www.cdf1.com\/wp-content\/uploads\/2022\/04\/swoosh-09.png\" alt=\"\" class=\"wp-image-7059 lazyload\" src=\"data:image\/svg+xml;base64,PHN2ZyB3aWR0aD0iMSIgaGVpZ2h0PSIxIiB4bWxucz0iaHR0cDovL3d3dy53My5vcmcvMjAwMC9zdmciPjwvc3ZnPg==\" style=\"--smush-placeholder-width: 98px; --smush-placeholder-aspect-ratio: 98\/25;\" \/><\/figure>\n\n\n\n<p>Sp\u00e9cialement con\u00e7ues pour les produits \u00e0 haute viscosit\u00e9<\/p>\n<\/div>\n<\/div>\n\n\n\n<div class=\"wp-block-columns is-layout-flex wp-container-core-columns-is-layout-9d6595d7 wp-block-columns-is-layout-flex\">\n<div class=\"wp-block-column is-layout-flow wp-block-column-is-layout-flow\">\n<figure class=\"wp-block-image size-full\"><img decoding=\"async\" data-src=\"https:\/\/www.cdf1.com\/wp-content\/uploads\/2022\/04\/swoosh-09.png\" alt=\"\" class=\"wp-image-7059 lazyload\" src=\"data:image\/svg+xml;base64,PHN2ZyB3aWR0aD0iMSIgaGVpZ2h0PSIxIiB4bWxucz0iaHR0cDovL3d3dy53My5vcmcvMjAwMC9zdmciPjwvc3ZnPg==\" style=\"--smush-placeholder-width: 98px; --smush-placeholder-aspect-ratio: 98\/25;\" \/><\/figure>\n\n\n\n<p>Permettent une meilleure \u00e9vacuation des produits \u00e0 haute viscosit\u00e9 que les poches Pillow<\/p>\n<\/div>\n\n\n\n<div class=\"wp-block-column is-layout-flow wp-block-column-is-layout-flow\">\n<figure class=\"wp-block-image size-full\"><img decoding=\"async\" data-src=\"https:\/\/www.cdf1.com\/wp-content\/uploads\/2022\/04\/swoosh-09.png\" alt=\"\" class=\"wp-image-7059 lazyload\" src=\"data:image\/svg+xml;base64,PHN2ZyB3aWR0aD0iMSIgaGVpZ2h0PSIxIiB4bWxucz0iaHR0cDovL3d3dy53My5vcmcvMjAwMC9zdmciPjwvc3ZnPg==\" style=\"--smush-placeholder-width: 98px; --smush-placeholder-aspect-ratio: 98\/25;\" \/><\/figure>\n\n\n\n<p>CDF propose diff\u00e9rents films, raccords et positions de raccord<\/p>\n<\/div>\n\n\n\n<div class=\"wp-block-column is-layout-flow wp-block-column-is-layout-flow\">\n<figure class=\"wp-block-image size-full\"><img decoding=\"async\" data-src=\"https:\/\/www.cdf1.com\/wp-content\/uploads\/2022\/04\/swoosh-09.png\" alt=\"\" class=\"wp-image-7059 lazyload\" src=\"data:image\/svg+xml;base64,PHN2ZyB3aWR0aD0iMSIgaGVpZ2h0PSIxIiB4bWxucz0iaHR0cDovL3d3dy53My5vcmcvMjAwMC9zdmciPjwvc3ZnPg==\" style=\"--smush-placeholder-width: 98px; --smush-placeholder-aspect-ratio: 98\/25;\" \/><\/figure>\n\n\n\n<p>Sp\u00e9cialement con\u00e7ues pour les produits \u00e0 haute viscosit\u00e9<\/p>\n<\/div>\n<\/div>\n<\/div><\/div><\/div>\n\n\n\n<div style=\"padding-left:17%;padding-right:17%;padding-bottom:2%;padding-top:4%\" class=\"wp-block-genesis-blocks-gb-container gb-block-container\"><div class=\"gb-container-inside\"><div class=\"gb-container-content\">\n<h2 class=\"wp-block-heading has-text-align-center\">Produits associ\u00e9s<\/h2>\n\n\n\n<div class=\"wp-block-columns is-layout-flex wp-container-core-columns-is-layout-9d6595d7 wp-block-columns-is-layout-flex\">\n<div class=\"wp-block-column is-layout-flow wp-block-column-is-layout-flow\">\n<div class=\"wp-block-media-text alignwide is-stacked-on-mobile\" style=\"grid-template-columns:39% auto\"><figure class=\"wp-block-media-text__media\"><img decoding=\"async\" data-src=\"https:\/\/www.cdf1.com\/wp-content\/uploads\/2022\/05\/Form-Fit-2-1024x1021.jpg\" alt=\"\" class=\"wp-image-7394 size-full lazyload\" src=\"data:image\/svg+xml;base64,PHN2ZyB3aWR0aD0iMSIgaGVpZ2h0PSIxIiB4bWxucz0iaHR0cDovL3d3dy53My5vcmcvMjAwMC9zdmciPjwvc3ZnPg==\" style=\"--smush-placeholder-width: 1024px; --smush-placeholder-aspect-ratio: 1024\/1021;\" \/><\/figure><div class=\"wp-block-media-text__content\">\n<h3 class=\"wp-block-heading\">Poche en Form-Fit&#x2122;<\/h3>\n\n\n\n<p>Poche en Form-Fit&#x2122;<\/p>\n\n\n\n<p><a href=\"https:\/\/www.cdf1.com\/fr\/solutions\/poches-ibc\/poches-en-form-fit-ibc-2\/\">Voir le produit &gt;<\/a><\/p>\n<\/div><\/div>\n<\/div>\n\n\n\n<div class=\"wp-block-column is-layout-flow wp-block-column-is-layout-flow\">\n<div class=\"wp-block-media-text alignwide is-stacked-on-mobile\" style=\"grid-template-columns:36% auto\"><figure class=\"wp-block-media-text__media\"><img decoding=\"async\" data-src=\"https:\/\/www.cdf1.com\/wp-content\/uploads\/2022\/05\/1-ibc-high-barrier-foil-1-1.jpg\" alt=\"\" class=\"wp-image-7389 size-full lazyload\" src=\"data:image\/svg+xml;base64,PHN2ZyB3aWR0aD0iMSIgaGVpZ2h0PSIxIiB4bWxucz0iaHR0cDovL3d3dy53My5vcmcvMjAwMC9zdmciPjwvc3ZnPg==\" style=\"--smush-placeholder-width: 459px; --smush-placeholder-aspect-ratio: 459\/567;\" \/><\/figure><div class=\"wp-block-media-text__content\">\n<h3 class=\"wp-block-heading\">Poche en film plastique haute protection en Form-Fit&#x2122;<\/h3>\n\n\n\n<p>Poche en Form-Fit&#x2122;<\/p>\n\n\n\n<p><a href=\"https:\/\/www.cdf1.com\/?page_id=7240\">Voir le produit &gt;<\/a><\/p>\n<\/div><\/div>\n<\/div>\n<\/div>\n<\/div><\/div><\/div>\n\n\n\n<div style=\"padding-left:17%;padding-right:17%;padding-bottom:3%;padding-top:5%\" class=\"wp-block-genesis-blocks-gb-container alignfull gb-block-container\"><div class=\"gb-container-inside\"><div class=\"gb-container-image-wrap\"><img decoding=\"async\" class=\"gb-container-image has-background-dim-100 has-background-dim lazyload\" data-src=\"https:\/\/www.cdf1.com\/wp-content\/uploads\/2022\/04\/Contact_Background.png\" alt=\"\" src=\"data:image\/svg+xml;base64,PHN2ZyB3aWR0aD0iMSIgaGVpZ2h0PSIxIiB4bWxucz0iaHR0cDovL3d3dy53My5vcmcvMjAwMC9zdmciPjwvc3ZnPg==\" style=\"--smush-placeholder-width: 1920px; --smush-placeholder-aspect-ratio: 1920\/770;\" \/><\/div><div class=\"gb-container-content\">\n<div class=\"wp-block-columns is-layout-flex wp-container-core-columns-is-layout-9d6595d7 wp-block-columns-is-layout-flex\">\n<div class=\"wp-block-column is-layout-flow wp-block-column-is-layout-flow\">\n<div class=\"wp-block-leadin-hubspot-form-block\">\n\t\t\t\t\t\t<script>\n\t\t\t\t\t\t\twindow.hsFormsOnReady = window.hsFormsOnReady || [];\n\t\t\t\t\t\t\twindow.hsFormsOnReady.push(()=>{\n\t\t\t\t\t\t\t\thbspt.forms.create({\n\t\t\t\t\t\t\t\t\tportalId: 1984976,\n\t\t\t\t\t\t\t\t\tformId: \"7840426d-5ebe-41a3-89dd-1632c2e68cbe\",\n\t\t\t\t\t\t\t\t\ttarget: \"#hbspt-form-1775423285000-3043680774\",\n\t\t\t\t\t\t\t\t\tregion: \"na1\",\n\t\t\t\t\t\t\t\t\t\n\t\t\t\t\t\t\t})});\n\t\t\t\t\t\t<\/script>\n\t\t\t\t\t\t<div class=\"hbspt-form\" id=\"hbspt-form-1775423285000-3043680774\"><\/div><\/div>\n<\/div>\n\n\n\n<div class=\"wp-block-column is-layout-flow wp-block-column-is-layout-flow\">\n<div style=\"background-color:#bfe0ef;padding-left:5%;padding-right:5%;padding-bottom:3%;padding-top:5%\" class=\"wp-block-genesis-blocks-gb-container gb-block-container\"><div class=\"gb-container-inside\"><div class=\"gb-container-content\">\n<h2 class=\"wp-block-heading has-text-color\" style=\"color:#245171\">Vous avez une question sur ce produit&nbsp;?<\/h2>\n\n\n\n<p>Nos ing\u00e9nieurs experts peuvent orienter chaque client dans tous les secteurs gr\u00e2ce \u00e0 une solution sur mesure pens\u00e9e pour r\u00e9pondre \u00e0 ses besoins en mati\u00e8re d\u2019emballage et de d\u00e9veloppement durable, de la recherche et de l\u2019\u00e9laboration innovantes aux conceptions personnalisables. Forte de plus de 50&nbsp;ans d\u2019exp\u00e9rience, notre \u00e9quipe d\u2019ing\u00e9nieurs collabore avec chaque client pour concevoir une nouvelle solution d\u2019emballage, du choix de la poche \u00e0 l\u2019int\u00e9gration compl\u00e8te des syst\u00e8mes, en passant par la modification des produits existants.<\/p>\n<\/div><\/div><\/div>\n<\/div>\n<\/div>\n<\/div><\/div><\/div>\n","protected":false},"excerpt":{"rendered":"<p>Poches Air-Assist\u00ae Air-Assist\u00ae a \u00e9t\u00e9 con\u00e7ue pour offrir les m\u00eames avantages que Form-Fit tout en pr\u00e9sentant un atout suppl\u00e9mentaire&nbsp;: une poche \u00e0 air qui am\u00e9liore la vidange du produit. Pens\u00e9e pour les produits visqueux, la conception Air-Assist permet de vidanger facilement le produit tout en am\u00e9liorant l\u2019\u00e9vacuation. Lorsqu\u2019elle est gonfl\u00e9e, la poche \u00e0 air appuie [&hellip;]<\/p>\n","protected":false},"author":10,"featured_media":1881,"parent":9960,"menu_order":0,"comment_status":"closed","ping_status":"closed","template":"","meta":{"_acf_changed":false,"content-type":"","_genesis_hide_title":false,"_genesis_hide_breadcrumbs":false,"_genesis_hide_singular_image":false,"_genesis_hide_footer_widgets":false,"_genesis_custom_body_class":"","_genesis_custom_post_class":"","_genesis_layout":"","footnotes":""},"class_list":{"0":"post-10148","1":"page","2":"type-page","3":"status-publish","4":"has-post-thumbnail","6":"entry"},"acf":[],"featured_image_src":"https:\/\/www.cdf1.com\/wp-content\/uploads\/2020\/07\/new-feature-placeholder-sliced.png","featured_image_src_square":"https:\/\/www.cdf1.com\/wp-content\/uploads\/2020\/07\/new-feature-placeholder-sliced.png","_links":{"self":[{"href":"https:\/\/www.cdf1.com\/fr\/wp-json\/wp\/v2\/pages\/10148","targetHints":{"allow":["GET"]}}],"collection":[{"href":"https:\/\/www.cdf1.com\/fr\/wp-json\/wp\/v2\/pages"}],"about":[{"href":"https:\/\/www.cdf1.com\/fr\/wp-json\/wp\/v2\/types\/page"}],"author":[{"embeddable":true,"href":"https:\/\/www.cdf1.com\/fr\/wp-json\/wp\/v2\/users\/10"}],"replies":[{"embeddable":true,"href":"https:\/\/www.cdf1.com\/fr\/wp-json\/wp\/v2\/comments?post=10148"}],"version-history":[{"count":9,"href":"https:\/\/www.cdf1.com\/fr\/wp-json\/wp\/v2\/pages\/10148\/revisions"}],"predecessor-version":[{"id":11335,"href":"https:\/\/www.cdf1.com\/fr\/wp-json\/wp\/v2\/pages\/10148\/revisions\/11335"}],"up":[{"embeddable":true,"href":"https:\/\/www.cdf1.com\/fr\/wp-json\/wp\/v2\/pages\/9960"}],"wp:featuredmedia":[{"embeddable":true,"href":"https:\/\/www.cdf1.com\/fr\/wp-json\/wp\/v2\/media\/1881"}],"wp:attachment":[{"href":"https:\/\/www.cdf1.com\/fr\/wp-json\/wp\/v2\/media?parent=10148"}],"curies":[{"name":"wp","href":"https:\/\/api.w.org\/{rel}","templated":true}]}}