{"id":10140,"date":"2023-12-04T19:11:04","date_gmt":"2023-12-04T19:11:04","guid":{"rendered":"https:\/\/www.cdf1.com\/poches-pillow\/"},"modified":"2024-01-19T18:19:08","modified_gmt":"2024-01-19T18:19:08","slug":"poches-pillow","status":"publish","type":"page","link":"https:\/\/www.cdf1.com\/fr\/lanceurs\/poches-pillow\/","title":{"rendered":"Poches Pillow"},"content":{"rendered":"\n<div class=\"wp-block-group page-heading heading-img-bottom two-col-heading shadow-out-bottom\"><div class=\"wp-block-group__inner-container is-layout-flow wp-block-group-is-layout-flow\">\n<div class=\"wp-block-columns fixed-width is-layout-flex wp-container-core-columns-is-layout-9d6595d7 wp-block-columns-is-layout-flex\">\n<div class=\"wp-block-column is-layout-flow wp-block-column-is-layout-flow\" style=\"flex-basis:40%\">\n<div class=\"wp-block-group fixed-width fixed-1080 heading-inner-wrap\"><div class=\"wp-block-group__inner-container is-layout-flow wp-block-group-is-layout-flow\">\n<div class=\"wp-block-group text-wrap\"><div class=\"wp-block-group__inner-container is-layout-flow wp-block-group-is-layout-flow\">\n<h1 class=\"has-text-color wp-block-heading\" style=\"color:#0d80b1\">Poches Pillow<\/h1>\n<\/div><\/div>\n<\/div><\/div>\n<\/div>\n\n\n\n<div class=\"wp-block-column is-layout-flow wp-block-column-is-layout-flow\" style=\"flex-basis:60%\">\n<figure class=\"wp-block-image size-full\"><img decoding=\"async\" width=\"768\" height=\"936\" data-src=\"https:\/\/www.cdf1.com\/wp-content\/uploads\/2021\/09\/Pillow-Shaped-Liners.jpg\" alt=\"\" class=\"wp-image-2841 lazyload\" data-srcset=\"https:\/\/www.cdf1.com\/wp-content\/uploads\/2021\/09\/Pillow-Shaped-Liners.jpg 768w, https:\/\/www.cdf1.com\/wp-content\/uploads\/2021\/09\/Pillow-Shaped-Liners-246x300.jpg 246w\" data-sizes=\"(max-width: 768px) 100vw, 768px\" src=\"data:image\/svg+xml;base64,PHN2ZyB3aWR0aD0iMSIgaGVpZ2h0PSIxIiB4bWxucz0iaHR0cDovL3d3dy53My5vcmcvMjAwMC9zdmciPjwvc3ZnPg==\" style=\"--smush-placeholder-width: 768px; --smush-placeholder-aspect-ratio: 768\/936;\" \/><\/figure>\n<\/div>\n<\/div>\n<\/div><\/div>\n\n<div class=\"wp-block-group fixed-width fixed-1080 padding-top-140 padding-bottom-100 title-text-section below-heading-section bg-line-shape-contact\"><div class=\"wp-block-group__inner-container is-layout-flow wp-block-group-is-layout-flow\">\n<div class=\"wp-block-columns is-layout-flex wp-container-core-columns-is-layout-9d6595d7 wp-block-columns-is-layout-flex\">\n<div class=\"wp-block-column is-layout-flow wp-block-column-is-layout-flow\">\n<div class=\"wp-block-group section-title-large text-wrap anim_init\"><div class=\"wp-block-group__inner-container is-layout-flow wp-block-group-is-layout-flow\">\n<h2 class=\"wp-block-heading\"><strong>Les poches Pillow<\/strong><\/h2>\n<\/div><\/div>\n<\/div>\n\n\n\n<div class=\"wp-block-column is-layout-flow wp-block-column-is-layout-flow\">\n<div class=\"wp-block-group max-width-450 paragraph-wrap anim_init\"><div class=\"wp-block-group__inner-container is-layout-flow wp-block-group-is-layout-flow\">\n<p>Lorsqu\u2019elles sont remplies, ces poches de conteneur industriel pr\u00e9sentent la forme d\u2019un oreiller. Les poches Pillow sont g\u00e9n\u00e9ralement form\u00e9es de deux ou trois \u00e9paisseurs de poly\u00e9thyl\u00e8ne \u00e0 basse densit\u00e9 lin\u00e9aire (LLDPE) et d\u2019un film de protection lorsqu\u2019elles sont utilis\u00e9es pour des applications aseptiques et comme barri\u00e8re \u00e0 l\u2019oxyg\u00e8ne.<\/p>\n<\/div><\/div>\n<\/div>\n<\/div>\n<\/div><\/div>\n\n<div class=\"wp-block-group bg-blue-shape-right-center\"><div class=\"wp-block-group__inner-container is-layout-flow wp-block-group-is-layout-flow\">\n<div class=\"wp-block-group fixed-width text-img-section vc-wrap padding-top-180 padding-bottom-100 pt-xs--100 pb-xs--60 has-text-color\" style=\"color:#000000\"><div class=\"wp-block-group__inner-container is-layout-flow wp-block-group-is-layout-flow\">\n<div class=\"wp-block-columns is-layout-flex wp-container-core-columns-is-layout-9d6595d7 wp-block-columns-is-layout-flex\">\n<div class=\"wp-block-column is-layout-flow wp-block-column-is-layout-flow\">\n<div class=\"wp-block-group text-wrap max-width-450\"><div class=\"wp-block-group__inner-container is-layout-flow wp-block-group-is-layout-flow\">\n<h2 class=\"wp-block-heading\">Avantages\u00a0:<strong>\u00a0<\/strong><\/h2>\n\n\n\n<ul class=\"wp-block-list\"><li>Fabriqu\u00e9es dans un environnement propre \u00e0 l\u2019aide de la technologie de pointe CDF1 Smart Seal Technology&#x2122; qui permet de contr\u00f4ler les soudures et garantit qu\u2019elles sont r\u00e9guli\u00e8res et de grande qualit\u00e9<\/li><li>Garantissent la puret\u00e9 absolue de votre produit<\/li><li>Limitent la formation de mousse dans les applications de remplissage par le bas<\/li><li>Les poches sont polyvalentes\u00a0; la poche de taille unique s\u2019ajuste \u00e0 de nombreuses dimensions de conteneurs<\/li><li>Pr\u00e9sentent de grands avantages pour un large \u00e9ventail d\u2019applications impliquant des liquides\u00a0: applications avec remplissage par le bas, machines \u00e0 remplissage aseptiques automatis\u00e9es<\/li><li>CDF propose diff\u00e9rents films, raccords et positions de raccord<\/li><\/ul>\n\n\n\n<p>Les poches Pillow de conteneur industriel sont disponibles dans les tailles suivantes. D\u2019autres tailles sont disponibles sur demande.<\/p>\n\n\n\n<ul class=\"wp-block-list\"><li>36\u00a0po x 61\u00a0po 55\u00a0gallons\u00a0; aseptique<\/li><li>38\u00a0po x 56\u00a0po 55\u00a0gallons<\/li><li>81\u00a0po x 81\u00a0po 275\u00a0gallons\u00a0; poche recommand\u00e9e pour les conteneurs en bois standard utilis\u00e9s dans les industries aseptiques de la tomate et du jus<\/li><li>81\u00a0po x 85\u00a0po 275\u00a0gallons\/300\u00a0gallons\u00a0; aseptique\u00a0; poche recommand\u00e9e pour un conteneur en bois standard ou un conteneur IBC en plastique<\/li><li>85\u00a0po x 89\u00a0po 330\u00a0gallons<\/li><li>90\u00a0po x 90\u00a0po 330\u00a0gallons<\/li><li>81\u00a0po x 92\u00a0po 350\u00a0gallons<\/li><li>95\u00a0po x 95\u00a0po sur 350\u00a0gallons<\/li><\/ul>\n<\/div><\/div>\n<\/div>\n\n\n\n<div class=\"wp-block-column is-layout-flow wp-block-column-is-layout-flow\">\n<div class=\"wp-block-group max-width-500\"><div class=\"wp-block-group__inner-container is-layout-flow wp-block-group-is-layout-flow\">\n<figure class=\"wp-block-image size-full shadow-wrap slide-in-up\"><img decoding=\"async\" width=\"768\" height=\"936\" data-src=\"https:\/\/www.cdf1.com\/wp-content\/uploads\/2021\/09\/Pillow-Shaped-Liners.jpg\" alt=\"\" class=\"wp-image-2841 lazyload\" title=\"\" data-srcset=\"https:\/\/www.cdf1.com\/wp-content\/uploads\/2021\/09\/Pillow-Shaped-Liners.jpg 768w, https:\/\/www.cdf1.com\/wp-content\/uploads\/2021\/09\/Pillow-Shaped-Liners-246x300.jpg 246w\" data-sizes=\"(max-width: 768px) 100vw, 768px\" src=\"data:image\/svg+xml;base64,PHN2ZyB3aWR0aD0iMSIgaGVpZ2h0PSIxIiB4bWxucz0iaHR0cDovL3d3dy53My5vcmcvMjAwMC9zdmciPjwvc3ZnPg==\" style=\"--smush-placeholder-width: 768px; --smush-placeholder-aspect-ratio: 768\/936;\" \/><\/figure>\n<\/div><\/div>\n<\/div>\n<\/div>\n<\/div><\/div>\n<\/div><\/div>\n\n<div class=\"wp-block-cover inner-page-cta-section\"><span aria-hidden=\"true\" class=\"has-background-dim-100 wp-block-cover__gradient-background has-background-dim\" style=\"background-color:#015174\"><\/span><div class=\"wp-block-cover__inner-container is-layout-flow wp-block-cover-is-layout-flow\">\n<div class=\"wp-block-group fixed-width fixed-980 padding-top-100 text-wrap\"><div class=\"wp-block-group__inner-container is-layout-flow wp-block-group-is-layout-flow\">\n<h2 class=\"has-text-align-center wp-block-heading\"><strong><strong>Empruntez le chemin de la victoire gr\u00e2ce \u00e0 l\u2019emballage sur mesure<\/strong><\/strong><\/h2>\n<\/div><\/div>\n\n\n\n<div class=\"wp-block-group fixed-width fixed-780 padding-bottom-80 text-wrap\"><div class=\"wp-block-group__inner-container is-layout-flow wp-block-group-is-layout-flow\">\n<p class=\"has-text-align-center\">Parler \u00e0 un sp\u00e9cialiste de l\u2019emballage<\/p>\n\n\n\n<p class=\"has-text-align-center outlined-white-link margin-top-60\"><a href=\"https:\/\/www.cdf1.com\/fr\/nous-contacter\/\">Nous contacter<\/a><\/p>\n<\/div><\/div>\n<\/div><\/div>\n","protected":false},"excerpt":{"rendered":"<p>Poches Pillow Les poches Pillow Lorsqu\u2019elles sont remplies, ces poches de conteneur industriel pr\u00e9sentent la forme d\u2019un oreiller. Les poches Pillow sont g\u00e9n\u00e9ralement form\u00e9es de deux ou trois \u00e9paisseurs de poly\u00e9thyl\u00e8ne \u00e0 basse densit\u00e9 lin\u00e9aire (LLDPE) et d\u2019un film de protection lorsqu\u2019elles sont utilis\u00e9es pour des applications aseptiques et comme barri\u00e8re \u00e0 l\u2019oxyg\u00e8ne. Avantages\u00a0:\u00a0 Fabriqu\u00e9es [&hellip;]<\/p>\n","protected":false},"author":10,"featured_media":1881,"parent":10172,"menu_order":0,"comment_status":"closed","ping_status":"closed","template":"","meta":{"_acf_changed":false,"content-type":"","_genesis_hide_title":false,"_genesis_hide_breadcrumbs":false,"_genesis_hide_singular_image":false,"_genesis_hide_footer_widgets":false,"_genesis_custom_body_class":"","_genesis_custom_post_class":"","_genesis_layout":"","footnotes":""},"class_list":{"0":"post-10140","1":"page","2":"type-page","3":"status-publish","4":"has-post-thumbnail","6":"entry"},"acf":[],"featured_image_src":"https:\/\/www.cdf1.com\/wp-content\/uploads\/2020\/07\/new-feature-placeholder-sliced.png","featured_image_src_square":"https:\/\/www.cdf1.com\/wp-content\/uploads\/2020\/07\/new-feature-placeholder-sliced.png","_links":{"self":[{"href":"https:\/\/www.cdf1.com\/fr\/wp-json\/wp\/v2\/pages\/10140","targetHints":{"allow":["GET"]}}],"collection":[{"href":"https:\/\/www.cdf1.com\/fr\/wp-json\/wp\/v2\/pages"}],"about":[{"href":"https:\/\/www.cdf1.com\/fr\/wp-json\/wp\/v2\/types\/page"}],"author":[{"embeddable":true,"href":"https:\/\/www.cdf1.com\/fr\/wp-json\/wp\/v2\/users\/10"}],"replies":[{"embeddable":true,"href":"https:\/\/www.cdf1.com\/fr\/wp-json\/wp\/v2\/comments?post=10140"}],"version-history":[{"count":2,"href":"https:\/\/www.cdf1.com\/fr\/wp-json\/wp\/v2\/pages\/10140\/revisions"}],"predecessor-version":[{"id":10574,"href":"https:\/\/www.cdf1.com\/fr\/wp-json\/wp\/v2\/pages\/10140\/revisions\/10574"}],"up":[{"embeddable":true,"href":"https:\/\/www.cdf1.com\/fr\/wp-json\/wp\/v2\/pages\/10172"}],"wp:featuredmedia":[{"embeddable":true,"href":"https:\/\/www.cdf1.com\/fr\/wp-json\/wp\/v2\/media\/1881"}],"wp:attachment":[{"href":"https:\/\/www.cdf1.com\/fr\/wp-json\/wp\/v2\/media?parent=10140"}],"curies":[{"name":"wp","href":"https:\/\/api.w.org\/{rel}","templated":true}]}}