{"id":10031,"date":"2023-12-04T19:10:04","date_gmt":"2023-12-04T19:10:04","guid":{"rendered":"https:\/\/www.cdf1.com\/peintures-et-revetements\/"},"modified":"2024-02-21T08:00:51","modified_gmt":"2024-02-21T08:00:51","slug":"peintures-et-revetements","status":"publish","type":"page","link":"https:\/\/www.cdf1.com\/fr\/peintures-et-revetements\/","title":{"rendered":"Peintures et rev\u00eatements"},"content":{"rendered":"\n<div class=\"wp-block-group page-heading two-col-heading shadow-out-bottom\"><div class=\"wp-block-group__inner-container is-layout-flow wp-block-group-is-layout-flow\">\n<div class=\"wp-block-columns fixed-width is-layout-flex wp-container-core-columns-is-layout-9d6595d7 wp-block-columns-is-layout-flex\">\n<div class=\"wp-block-column is-layout-flow wp-block-column-is-layout-flow\" style=\"flex-basis:50%\">\n<div class=\"wp-block-group fixed-width fixed-1080 heading-inner-wrap\"><div class=\"wp-block-group__inner-container is-layout-flow wp-block-group-is-layout-flow\">\n<div class=\"wp-block-group text-wrap\"><div class=\"wp-block-group__inner-container is-layout-flow wp-block-group-is-layout-flow\">\n<h1 class=\"wp-block-heading has-text-color\" style=\"color:#0d80b1\"><strong> <\/strong>Emballage pour les peintures<\/h1>\n<\/div><\/div>\n<\/div><\/div>\n<\/div>\n\n\n\n<div class=\"wp-block-column is-layout-flow wp-block-column-is-layout-flow\" style=\"flex-basis:50%\">\n<figure class=\"wp-block-image size-full\"><img decoding=\"async\" width=\"1280\" height=\"918\" data-src=\"https:\/\/www.cdf1.com\/wp-content\/uploads\/2022\/01\/paintings-coatings-heading.jpg\" alt=\" Paints &amp;amp; Coatings Heading\" class=\"wp-image-5682 lazyload\" data-srcset=\"https:\/\/www.cdf1.com\/wp-content\/uploads\/2022\/01\/paintings-coatings-heading.jpg 1280w, https:\/\/www.cdf1.com\/wp-content\/uploads\/2022\/01\/paintings-coatings-heading-300x215.jpg 300w, https:\/\/www.cdf1.com\/wp-content\/uploads\/2022\/01\/paintings-coatings-heading-1024x734.jpg 1024w, https:\/\/www.cdf1.com\/wp-content\/uploads\/2022\/01\/paintings-coatings-heading-768x551.jpg 768w\" data-sizes=\"(max-width: 1280px) 100vw, 1280px\" src=\"data:image\/svg+xml;base64,PHN2ZyB3aWR0aD0iMSIgaGVpZ2h0PSIxIiB4bWxucz0iaHR0cDovL3d3dy53My5vcmcvMjAwMC9zdmciPjwvc3ZnPg==\" style=\"--smush-placeholder-width: 1280px; --smush-placeholder-aspect-ratio: 1280\/918;\" \/><\/figure>\n<\/div>\n<\/div>\n<\/div><\/div>\n\n<div class=\"wp-block-group fixed-width fixed-1080 padding-top-140 padding-bottom-80 pb-xs--0 text-img-section\"><div class=\"wp-block-group__inner-container is-layout-flow wp-block-group-is-layout-flow\">\n<div class=\"wp-block-columns is-layout-flex wp-container-core-columns-is-layout-9d6595d7 wp-block-columns-is-layout-flex\">\n<div class=\"wp-block-column is-layout-flow wp-block-column-is-layout-flow\">\n<figure class=\"wp-block-image size-large shadow-wrap max-width-485 slide-up-f\"><img decoding=\"async\" width=\"1024\" height=\"734\" data-src=\"https:\/\/www.cdf1.com\/wp-content\/uploads\/2021\/09\/drum-and-pail-header-1-1024x734.jpg\" alt=\"poches de f&#xFB;t et de seau pour les emballages agroalimentaires\" class=\"wp-image-2544 lazyload\" data-srcset=\"https:\/\/www.cdf1.com\/wp-content\/uploads\/2021\/09\/drum-and-pail-header-1-1024x734.jpg 1024w, https:\/\/www.cdf1.com\/wp-content\/uploads\/2021\/09\/drum-and-pail-header-1-300x215.jpg 300w, https:\/\/www.cdf1.com\/wp-content\/uploads\/2021\/09\/drum-and-pail-header-1-768x551.jpg 768w, https:\/\/www.cdf1.com\/wp-content\/uploads\/2021\/09\/drum-and-pail-header-1.jpg 1280w\" data-sizes=\"(max-width: 1024px) 100vw, 1024px\" src=\"data:image\/svg+xml;base64,PHN2ZyB3aWR0aD0iMSIgaGVpZ2h0PSIxIiB4bWxucz0iaHR0cDovL3d3dy53My5vcmcvMjAwMC9zdmciPjwvc3ZnPg==\" style=\"--smush-placeholder-width: 1024px; --smush-placeholder-aspect-ratio: 1024\/734;\" \/><\/figure>\n<\/div>\n\n\n\n<div class=\"wp-block-column is-layout-flow wp-block-column-is-layout-flow\">\n<div class=\"wp-block-group text-wrap max-width-450\"><div class=\"wp-block-group__inner-container is-layout-flow wp-block-group-is-layout-flow\">\n<h2 class=\"wp-block-heading\">Rev\u00eatements pour f\u00fbts et seaux d\u2019emballage de peinture<strong><\/strong><\/h2>\n\n\n\n<p>D\u00e9couvrez\u00a0l\u2019importance des rev\u00eatements de f\u00fbts et de seaux pour l\u2019emballage des peintures et rev\u00eatements. Examinons quelques-uns des types de poches les mieux adapt\u00e9s\u00a0:<\/p>\n\n\n\n<ol class=\"wp-block-list\">\n<li>Peintures<\/li>\n\n\n\n<li>Encres<\/li>\n\n\n\n<li>Adh\u00e9sifs<\/li>\n\n\n\n<li>Rev\u00eatements<\/li>\n<\/ol>\n\n\n\n<p class=\"link-blue-underline\"><a href=\"https:\/\/www.cdf1.com\/drum-pail-liners-for-paints-coatings-packaging\/\">En savoir plus<\/a><\/p>\n<\/div><\/div>\n<\/div>\n<\/div>\n<\/div><\/div>\n\n<div class=\"wp-block-group fixed-width fixed-1080 padding-top-140 padding-bottom-80 pb-xs--0 text-img-section\"><div class=\"wp-block-group__inner-container is-layout-flow wp-block-group-is-layout-flow\">\n<div class=\"wp-block-columns is-layout-flex wp-container-core-columns-is-layout-9d6595d7 wp-block-columns-is-layout-flex\">\n<div class=\"wp-block-column is-layout-flow wp-block-column-is-layout-flow\">\n<div class=\"wp-block-group text-wrap max-width-450\"><div class=\"wp-block-group__inner-container is-layout-flow wp-block-group-is-layout-flow\">\n<h2 class=\"wp-block-heading\"><strong>Accessoires pour f\u00fbts et seaux<\/strong> pour l\u2019emballage de peinture<\/h2>\n\n\n\n<p>Que vous soyez \u00e0 la recherche de bouchons anti-poussi\u00e8re, de pellicules de protection ou de couvercles ext\u00e9rieurs, nous proposons de nombreux accessoires permettant de r\u00e9duire le risque de contamination du produit. D\u00e9couvrez ces accessoires\u00a0:<\/p>\n\n\n\n<ol class=\"wp-block-list\">\n<li>Bouchons anti-poussi\u00e8re et pellicules de protection<\/li>\n\n\n\n<li>Poches EZ-Strainer&#x2122;<\/li>\n\n\n\n<li>Paniers PailSaver&#x2122;<\/li>\n\n\n\n<li>Couvercles de f\u00fbt et de seau<\/li>\n<\/ol>\n\n\n\n<p class=\"link-blue-underline\"><a href=\"https:\/\/www.cdf1.com\/drum-pail-accessories-for-paints-coatings-packaging\/\">En savoir plus<\/a><\/p>\n<\/div><\/div>\n<\/div>\n\n\n\n<div class=\"wp-block-column is-layout-flow wp-block-column-is-layout-flow\">\n<figure class=\"wp-block-image size-full shadow-wrap max-width-485 slide-up-f\"><img decoding=\"async\" width=\"500\" height=\"500\" data-src=\"https:\/\/www.cdf1.com\/wp-content\/uploads\/2022\/03\/Dust-Caps-.jpg\" alt=\"\" class=\"wp-image-7001 lazyload\" src=\"data:image\/svg+xml;base64,PHN2ZyB3aWR0aD0iMSIgaGVpZ2h0PSIxIiB4bWxucz0iaHR0cDovL3d3dy53My5vcmcvMjAwMC9zdmciPjwvc3ZnPg==\" style=\"--smush-placeholder-width: 500px; --smush-placeholder-aspect-ratio: 500\/500;\" \/><\/figure>\n<\/div>\n<\/div>\n<\/div><\/div>\n\n<div class=\"wp-block-group fixed-width fixed-1080 padding-top-140 padding-bottom-80 text-img-section\"><div class=\"wp-block-group__inner-container is-layout-flow wp-block-group-is-layout-flow\">\n<div class=\"wp-block-columns is-layout-flex wp-container-core-columns-is-layout-9d6595d7 wp-block-columns-is-layout-flex\">\n<div class=\"wp-block-column is-layout-flow wp-block-column-is-layout-flow\">\n<figure class=\"wp-block-image size-full shadow-wrap max-width-485 slide-up-f\"><img decoding=\"async\" width=\"758\" height=\"716\" data-src=\"https:\/\/www.cdf1.com\/wp-content\/uploads\/2022\/01\/Packaging-Paints-Coatings.jpg\" alt=\"\" class=\"wp-image-5648 lazyload\" data-srcset=\"https:\/\/www.cdf1.com\/wp-content\/uploads\/2022\/01\/Packaging-Paints-Coatings.jpg 758w, https:\/\/www.cdf1.com\/wp-content\/uploads\/2022\/01\/Packaging-Paints-Coatings-300x283.jpg 300w\" data-sizes=\"(max-width: 758px) 100vw, 758px\" src=\"data:image\/svg+xml;base64,PHN2ZyB3aWR0aD0iMSIgaGVpZ2h0PSIxIiB4bWxucz0iaHR0cDovL3d3dy53My5vcmcvMjAwMC9zdmciPjwvc3ZnPg==\" style=\"--smush-placeholder-width: 758px; --smush-placeholder-aspect-ratio: 758\/716;\" \/><\/figure>\n<\/div>\n\n\n\n<div class=\"wp-block-column is-layout-flow wp-block-column-is-layout-flow\">\n<div class=\"wp-block-group section-title-xl text-wrap max-width-500 anim_init\"><div class=\"wp-block-group__inner-container is-layout-flow wp-block-group-is-layout-flow\">\n<h2 class=\"wp-block-heading\"><strong><strong>Emballage pour les peintures et les rev\u00eatements<\/strong><\/strong><\/h2>\n\n\n\n<p>CDF travaille en \u00e9troite collaboration avec le secteur des peintures et des rev\u00eatements afin de concevoir et de fabriquer des solutions d\u2019emballage flexibles et semi-rigides qui garantissent l\u2019int\u00e9grit\u00e9 du produit \u00e0 l\u2019aspect durable. Que votre produit soit utilis\u00e9 dans le commerce de d\u00e9tail ou dans l\u2019industrie, nos emballages r\u00e9duisent le gaspillage, am\u00e9liorent l\u2019efficacit\u00e9 du stockage et garantissent l\u2019int\u00e9grit\u00e9 de vos produits d\u2019emballage pour les peintures.\u00a0<\/p>\n<\/div><\/div>\n<\/div>\n<\/div>\n<\/div><\/div>\n\n<div class=\"wp-block-cover is-light animated-bg-img\"><span aria-hidden=\"true\" class=\"wp-block-cover__background has-background-dim-0 has-background-dim\"><\/span><img decoding=\"async\" width=\"2560\" height=\"1254\" class=\"wp-block-cover__image-background wp-image-877 lazyload\" alt=\"\" data-src=\"https:\/\/www.cdf1.com\/wp-content\/uploads\/2021\/07\/bottom-green-shape.jpg\" style=\"--smush-placeholder-width: 2560px; --smush-placeholder-aspect-ratio: 2560\/1254;object-position:50% 0%\" data-object-fit=\"cover\" data-object-position=\"50% 0%\" data-srcset=\"https:\/\/www.cdf1.com\/wp-content\/uploads\/2021\/07\/bottom-green-shape.jpg 2560w, https:\/\/www.cdf1.com\/wp-content\/uploads\/2021\/07\/bottom-green-shape-300x147.jpg 300w, https:\/\/www.cdf1.com\/wp-content\/uploads\/2021\/07\/bottom-green-shape-1024x502.jpg 1024w, https:\/\/www.cdf1.com\/wp-content\/uploads\/2021\/07\/bottom-green-shape-768x376.jpg 768w, https:\/\/www.cdf1.com\/wp-content\/uploads\/2021\/07\/bottom-green-shape-1536x752.jpg 1536w, https:\/\/www.cdf1.com\/wp-content\/uploads\/2021\/07\/bottom-green-shape-2048x1003.jpg 2048w\" data-sizes=\"(max-width: 2560px) 100vw, 2560px\" src=\"data:image\/svg+xml;base64,PHN2ZyB3aWR0aD0iMSIgaGVpZ2h0PSIxIiB4bWxucz0iaHR0cDovL3d3dy53My5vcmcvMjAwMC9zdmciPjwvc3ZnPg==\" \/><div class=\"wp-block-cover__inner-container is-layout-flow wp-block-cover-is-layout-flow\">\n<div class=\"wp-block-group fixed-width fixed-1080 vc-wrap padding-top-140 padding-bottom-80 text-img-section\"><div class=\"wp-block-group__inner-container is-layout-flow wp-block-group-is-layout-flow\">\n<div class=\"wp-block-columns is-layout-flex wp-container-core-columns-is-layout-9d6595d7 wp-block-columns-is-layout-flex\">\n<div class=\"wp-block-column is-layout-flow wp-block-column-is-layout-flow\">\n<div class=\"wp-block-group text-wrap max-width-450 anim_init has-text-color\" style=\"color:#363b40\"><div class=\"wp-block-group__inner-container is-layout-flow wp-block-group-is-layout-flow\">\n<figure class=\"wp-block-image size-large is-resized\"><img decoding=\"async\" data-src=\"https:\/\/www.cdf1.com\/wp-content\/uploads\/2022\/01\/Drum-and-Pail-PC-icon.svg\" alt=\"F&#xFB;t et seau\" class=\"wp-image-5654 lazyload\" width=\"80\" height=\"60\" src=\"data:image\/svg+xml;base64,PHN2ZyB3aWR0aD0iMSIgaGVpZ2h0PSIxIiB4bWxucz0iaHR0cDovL3d3dy53My5vcmcvMjAwMC9zdmciPjwvc3ZnPg==\" style=\"--smush-placeholder-width: 80px; --smush-placeholder-aspect-ratio: 80\/60;\" \/><\/figure>\n\n\n\n<h2 class=\"wp-block-heading has-text-color\" style=\"color:#363b40\">F\u00fbt et seau pour les peintures et les rev\u00eatements<\/h2>\n\n\n\n<p class=\"has-text-color\" style=\"color:#363b40\">Con\u00e7ue pour garantir la puret\u00e9 absolue de votre produit tout en offrant une qualit\u00e9 et une durabilit\u00e9 in\u00e9gal\u00e9es, notre gamme de produits d\u00e9di\u00e9e aux f\u00fbts et aux seaux r\u00e9pond \u00e0 vos besoins sp\u00e9cifiques. Nous proposons diff\u00e9rentes solutions afin de r\u00e9pondre aux besoins du secteur des peintures et des rev\u00eatements, dont les produits suivants\u00a0:<\/p>\n\n\n\n<ul class=\"wp-block-list\">\n<li>Les additifs antistatiques contribuent \u00e0 r\u00e9duire l\u2019accumulation d\u2019\u00e9lectricit\u00e9 statique dans les applications sujettes \u00e0 ce ph\u00e9nom\u00e8ne\n<ul class=\"wp-block-list\">\n<li>Les poches antistatiques de CDF sont conformes aux normes NFPA-99 et Mil-B-81705-C<\/li>\n<\/ul>\n<\/li>\n\n\n\n<li>Nos poches sont con\u00e7ues pour le m\u00e9lange, le pompage et le stockage des liquides, des poudres et des p\u00e2tes<\/li>\n\n\n\n<li>Les paniers maintiennent les emballages en deux parties s\u00e9par\u00e9es jusqu\u2019\u00e0 leur m\u00e9lange par l\u2019utilisateur final. Id\u00e9ales pour les peintures, les rev\u00eatements, les mat\u00e9riaux d\u2019\u00e9tanch\u00e9it\u00e9, les durcisseurs, les peintures \u00e9poxy, etc.<\/li>\n\n\n\n<li>Les poches EZ-Strainer&#x2122; sont id\u00e9ales pour enlever les d\u00e9bris des encres, peintures, rev\u00eatements, silicones, adh\u00e9sifs, etc.\u00a0<\/li>\n<\/ul>\n\n\n\n<div class=\"wp-block-genesis-blocks-gb-button gb-block-button\"><a href=\"https:\/\/f.hubspotusercontent20.net\/hubfs\/1984976\/Antistat_SS_2021.pdf\" class=\"gb-button gb-button-shape-rounded gb-button-size-medium\" style=\"color:#ffffff;background-color:#3373dc\" target=\"_blank\" rel=\"noopener\">T\u00e9l\u00e9charger la fiche de vente des poches antistatiques<\/a><\/div>\n<\/div><\/div>\n<\/div>\n\n\n\n<div class=\"wp-block-column is-layout-flow wp-block-column-is-layout-flow\">\n<figure class=\"wp-block-image size-full shadow-wrap max-width-485 slide-down-f\"><img decoding=\"async\" width=\"758\" height=\"716\" data-src=\"https:\/\/www.cdf1.com\/wp-content\/uploads\/2022\/01\/DP-Paints-Coatings.jpg\" alt=\"F&#xFB;t et seau pour les peintures et les rev&#xEA;tements\" class=\"wp-image-5660 lazyload\" data-srcset=\"https:\/\/www.cdf1.com\/wp-content\/uploads\/2022\/01\/DP-Paints-Coatings.jpg 758w, https:\/\/www.cdf1.com\/wp-content\/uploads\/2022\/01\/DP-Paints-Coatings-300x283.jpg 300w\" data-sizes=\"(max-width: 758px) 100vw, 758px\" src=\"data:image\/svg+xml;base64,PHN2ZyB3aWR0aD0iMSIgaGVpZ2h0PSIxIiB4bWxucz0iaHR0cDovL3d3dy53My5vcmcvMjAwMC9zdmciPjwvc3ZnPg==\" style=\"--smush-placeholder-width: 758px; --smush-placeholder-aspect-ratio: 758\/716;\" \/><\/figure>\n<\/div>\n<\/div>\n<\/div><\/div>\n<\/div><\/div>\n\n<div class=\"wp-block-cover is-light animated-bg-img margin-bottom-50\"><span aria-hidden=\"true\" class=\"wp-block-cover__background has-background-dim-0 has-background-dim\"><\/span><img decoding=\"async\" width=\"2560\" height=\"1254\" class=\"wp-block-cover__image-background wp-image-878 lazyload\" alt=\"\" data-src=\"https:\/\/www.cdf1.com\/wp-content\/uploads\/2021\/07\/top-green-shape.jpg\" style=\"--smush-placeholder-width: 2560px; --smush-placeholder-aspect-ratio: 2560\/1254;object-position:50% 100%\" data-object-fit=\"cover\" data-object-position=\"50% 100%\" data-srcset=\"https:\/\/www.cdf1.com\/wp-content\/uploads\/2021\/07\/top-green-shape.jpg 2560w, https:\/\/www.cdf1.com\/wp-content\/uploads\/2021\/07\/top-green-shape-300x147.jpg 300w, https:\/\/www.cdf1.com\/wp-content\/uploads\/2021\/07\/top-green-shape-1024x502.jpg 1024w, https:\/\/www.cdf1.com\/wp-content\/uploads\/2021\/07\/top-green-shape-768x376.jpg 768w, https:\/\/www.cdf1.com\/wp-content\/uploads\/2021\/07\/top-green-shape-1536x752.jpg 1536w, https:\/\/www.cdf1.com\/wp-content\/uploads\/2021\/07\/top-green-shape-2048x1003.jpg 2048w\" data-sizes=\"(max-width: 2560px) 100vw, 2560px\" src=\"data:image\/svg+xml;base64,PHN2ZyB3aWR0aD0iMSIgaGVpZ2h0PSIxIiB4bWxucz0iaHR0cDovL3d3dy53My5vcmcvMjAwMC9zdmciPjwvc3ZnPg==\" \/><div class=\"wp-block-cover__inner-container is-layout-flow wp-block-cover-is-layout-flow\">\n<div class=\"wp-block-group fixed-width fixed-1080 vc-wrap padding-bottom-80 img-text-section\"><div class=\"wp-block-group__inner-container is-layout-flow wp-block-group-is-layout-flow\">\n<div class=\"wp-block-columns is-layout-flex wp-container-core-columns-is-layout-9d6595d7 wp-block-columns-is-layout-flex\">\n<div class=\"wp-block-column is-layout-flow wp-block-column-is-layout-flow\">\n<figure class=\"wp-block-image size-full shadow-wrap max-width-485 slide-up-f\"><img decoding=\"async\" width=\"758\" height=\"716\" data-src=\"https:\/\/www.cdf1.com\/wp-content\/uploads\/2022\/01\/cheertainer-bib.jpg\" alt=\"Bag In Box Cheertainer&#xAE; pour peintures et rev&#xEA;tements\" class=\"wp-image-5670 lazyload\" data-srcset=\"https:\/\/www.cdf1.com\/wp-content\/uploads\/2022\/01\/cheertainer-bib.jpg 758w, https:\/\/www.cdf1.com\/wp-content\/uploads\/2022\/01\/cheertainer-bib-300x283.jpg 300w\" data-sizes=\"(max-width: 758px) 100vw, 758px\" src=\"data:image\/svg+xml;base64,PHN2ZyB3aWR0aD0iMSIgaGVpZ2h0PSIxIiB4bWxucz0iaHR0cDovL3d3dy53My5vcmcvMjAwMC9zdmciPjwvc3ZnPg==\" style=\"--smush-placeholder-width: 758px; --smush-placeholder-aspect-ratio: 758\/716;\" \/><\/figure>\n<\/div>\n\n\n\n<div class=\"wp-block-column is-layout-flow wp-block-column-is-layout-flow\">\n<div class=\"wp-block-group text-wrap max-width-450 anim_init has-text-color\" style=\"color:#363b40\"><div class=\"wp-block-group__inner-container is-layout-flow wp-block-group-is-layout-flow\">\n<figure class=\"wp-block-image size-large is-resized\"><img decoding=\"async\" data-src=\"https:\/\/www.cdf1.com\/wp-content\/uploads\/2022\/01\/cheertainer-bib-icon.svg\" alt=\"\" class=\"wp-image-5665 lazyload\" width=\"70\" src=\"data:image\/svg+xml;base64,PHN2ZyB3aWR0aD0iMSIgaGVpZ2h0PSIxIiB4bWxucz0iaHR0cDovL3d3dy53My5vcmcvMjAwMC9zdmciPjwvc3ZnPg==\" \/><\/figure>\n\n\n\n<h2 class=\"wp-block-heading has-text-color\" style=\"color:#363b40\">Bag In Box Cheertainer\u00ae pour peintures et rev\u00eatements<\/h2>\n\n\n\n<p class=\"has-text-color\" style=\"color:#363b40\">La conception Bag In Box Cheertainer est id\u00e9ale pour les peintures et les rev\u00eatements. Notre conception unique maximise l\u2019\u00e9vacuation du produit et le prot\u00e8ge \u00e0 l\u2019int\u00e9rieur tout en optimisant le stockage et l\u2019exp\u00e9dition. Que ce soit pour un remplissage manuel ou automatique, nous sommes en mesure de fournir des raccords adapt\u00e9s qui r\u00e9pondent \u00e0 vos besoins.\u00a0<\/p>\n\n\n\n<ul class=\"wp-block-list\">\n<li>Solution Bag In Box 20\u00a0l certifi\u00e9e UN<\/li>\n\n\n\n<li>Plusieurs capacit\u00e9s comprises entre 4 et 25\u00a0l<\/li>\n\n\n\n<li>Diff\u00e9rents mat\u00e9riaux dont la barri\u00e8re standard, la haute protection, etc. sont n\u00e9cessaires<\/li>\n\n\n\n<li>\u00c9co-intelligent\u00a0: emballage moindre, enti\u00e8rement recyclable, co\u00fbts de transport r\u00e9duits<\/li>\n<\/ul>\n\n\n\n<div class=\"wp-block-genesis-blocks-gb-button gb-block-button\"><a href=\"https:\/\/f.hubspotusercontent20.net\/hubfs\/1984976\/BagInBox_SS_2022.pdf\" class=\"gb-button gb-button-shape-rounded gb-button-size-medium\" style=\"color:#ffffff;background-color:#3373dc\" target=\"_blank\" rel=\"noopener\">T\u00e9l\u00e9charger la fiche de vente de la solution Bag In Box<\/a><\/div>\n<\/div><\/div>\n<\/div>\n<\/div>\n<\/div><\/div>\n<\/div><\/div>\n\n<div class=\"wp-block-group fixed-width block-has-rounded-corners vc-wrap text-img-section latest-story-section margin-bottom-100 has-text-color has-background\" style=\"color:#000000;background-color:#bceafa\"><div class=\"wp-block-group__inner-container is-layout-flow wp-block-group-is-layout-flow\">\n<div class=\"wp-block-group fixed-width fixed-1000 padding-top-80 padding-bottom-60 title-text-section\"><div class=\"wp-block-group__inner-container is-layout-flow wp-block-group-is-layout-flow\">\n<div class=\"wp-block-columns is-layout-flex wp-container-core-columns-is-layout-9d6595d7 wp-block-columns-is-layout-flex\">\n<div class=\"wp-block-column is-layout-flow wp-block-column-is-layout-flow\" style=\"flex-basis:70%\">\n<div class=\"wp-block-group text-wrap section-title-mix\"><div class=\"wp-block-group__inner-container is-layout-flow wp-block-group-is-layout-flow\">\n<h2 class=\"wp-block-heading\">Derni\u00e8res nouvelles<\/h2>\n\n\n\n<h3 class=\"wp-block-heading\">Les produits de CDF font d\u00e9coller la NASA<\/h3>\n\n\n\n<p>Depuis 1958, la NASA (National Aeronautics and Space Administration) a \u00e9t\u00e9 la premi\u00e8re \u00e0 tenter de repousser nos limites physiques, \u00e0 tester les limites scientifiques de l\u2019espace et technologiques d\u00e9velopp\u00e9es sur Terre.<\/p>\n\n\n\n<p class=\"link-blue-underline\"><a href=\"https:\/\/www.cdf1.com\/case-study-nasa\/\">Lire l\u2019\u00e9tude de cas<\/a><\/p>\n<\/div><\/div>\n<\/div>\n\n\n\n<div class=\"wp-block-column is-layout-flow wp-block-column-is-layout-flow\" style=\"flex-basis:30%\">\n<figure class=\"wp-block-image size-large is-resized\"><img decoding=\"async\" data-src=\"https:\/\/www.cdf1.com\/wp-content\/uploads\/2022\/01\/NASA-Logo.svg\" alt=\"Nasa Logo\" class=\"wp-image-5675 lazyload\" width=\"190\" height=\"190\" src=\"data:image\/svg+xml;base64,PHN2ZyB3aWR0aD0iMSIgaGVpZ2h0PSIxIiB4bWxucz0iaHR0cDovL3d3dy53My5vcmcvMjAwMC9zdmciPjwvc3ZnPg==\" style=\"--smush-placeholder-width: 190px; --smush-placeholder-aspect-ratio: 190\/190;\" \/><\/figure>\n<\/div>\n<\/div>\n<\/div><\/div>\n<\/div><\/div>\n","protected":false},"excerpt":{"rendered":"<p>Emballage pour les peintures Rev\u00eatements pour f\u00fbts et seaux d\u2019emballage de peinture D\u00e9couvrez\u00a0l\u2019importance des rev\u00eatements de f\u00fbts et de seaux pour l\u2019emballage des peintures et rev\u00eatements. Examinons quelques-uns des types de poches les mieux adapt\u00e9s\u00a0: En savoir plus Accessoires pour f\u00fbts et seaux pour l\u2019emballage de peinture Que vous soyez \u00e0 la recherche de bouchons [&hellip;]<\/p>\n","protected":false},"author":1,"featured_media":1881,"parent":0,"menu_order":3,"comment_status":"closed","ping_status":"closed","template":"","meta":{"_acf_changed":false,"content-type":"","_genesis_hide_title":false,"_genesis_hide_breadcrumbs":false,"_genesis_hide_singular_image":false,"_genesis_hide_footer_widgets":false,"_genesis_custom_body_class":"","_genesis_custom_post_class":"","_genesis_layout":"full-width-content","footnotes":""},"class_list":{"0":"post-10031","1":"page","2":"type-page","3":"status-publish","4":"has-post-thumbnail","6":"entry"},"acf":[],"featured_image_src":"https:\/\/www.cdf1.com\/wp-content\/uploads\/2020\/07\/new-feature-placeholder-sliced.png","featured_image_src_square":"https:\/\/www.cdf1.com\/wp-content\/uploads\/2020\/07\/new-feature-placeholder-sliced.png","_links":{"self":[{"href":"https:\/\/www.cdf1.com\/fr\/wp-json\/wp\/v2\/pages\/10031","targetHints":{"allow":["GET"]}}],"collection":[{"href":"https:\/\/www.cdf1.com\/fr\/wp-json\/wp\/v2\/pages"}],"about":[{"href":"https:\/\/www.cdf1.com\/fr\/wp-json\/wp\/v2\/types\/page"}],"author":[{"embeddable":true,"href":"https:\/\/www.cdf1.com\/fr\/wp-json\/wp\/v2\/users\/1"}],"replies":[{"embeddable":true,"href":"https:\/\/www.cdf1.com\/fr\/wp-json\/wp\/v2\/comments?post=10031"}],"version-history":[{"count":4,"href":"https:\/\/www.cdf1.com\/fr\/wp-json\/wp\/v2\/pages\/10031\/revisions"}],"predecessor-version":[{"id":11117,"href":"https:\/\/www.cdf1.com\/fr\/wp-json\/wp\/v2\/pages\/10031\/revisions\/11117"}],"wp:featuredmedia":[{"embeddable":true,"href":"https:\/\/www.cdf1.com\/fr\/wp-json\/wp\/v2\/media\/1881"}],"wp:attachment":[{"href":"https:\/\/www.cdf1.com\/fr\/wp-json\/wp\/v2\/media?parent=10031"}],"curies":[{"name":"wp","href":"https:\/\/api.w.org\/{rel}","templated":true}]}}