{"id":10013,"date":"2023-12-04T19:09:40","date_gmt":"2023-12-04T19:09:40","guid":{"rendered":"https:\/\/www.cdf1.com\/produits\/"},"modified":"2024-02-21T08:00:51","modified_gmt":"2024-02-21T08:00:51","slug":"produits","status":"publish","type":"page","link":"https:\/\/www.cdf1.com\/fr\/produits\/","title":{"rendered":"Produits"},"content":{"rendered":"\n<div class=\"wp-block-group page-heading heading-img-bottom two-col-heading shadow-out-bottom\"><div class=\"wp-block-group__inner-container is-layout-flow wp-block-group-is-layout-flow\">\n<div class=\"wp-block-columns fixed-width is-layout-flex wp-container-core-columns-is-layout-9d6595d7 wp-block-columns-is-layout-flex\">\n<div class=\"wp-block-column is-layout-flow wp-block-column-is-layout-flow\" style=\"flex-basis:40%\">\n<div class=\"wp-block-group fixed-width fixed-1080 heading-inner-wrap\"><div class=\"wp-block-group__inner-container is-layout-flow wp-block-group-is-layout-flow\">\n<div class=\"wp-block-group text-wrap\"><div class=\"wp-block-group__inner-container is-layout-flow wp-block-group-is-layout-flow\">\n<h1 class=\"has-text-color wp-block-heading\" style=\"color:#0d80b1\">Poches de f\u00fbt et de seau<\/h1>\n<\/div><\/div>\n<\/div><\/div>\n<\/div>\n\n\n\n<div class=\"wp-block-column is-layout-flow wp-block-column-is-layout-flow\" style=\"flex-basis:60%\">\n<figure class=\"wp-block-image size-large\"><img decoding=\"async\" width=\"1024\" height=\"734\" data-src=\"https:\/\/www.cdf1.com\/wp-content\/uploads\/2021\/09\/drum-and-pail-header-1-1024x734.jpg\" alt=\"poches de f&#xFB;t\" class=\"wp-image-2544 lazyload\" data-srcset=\"https:\/\/www.cdf1.com\/wp-content\/uploads\/2021\/09\/drum-and-pail-header-1-1024x734.jpg 1024w, https:\/\/www.cdf1.com\/wp-content\/uploads\/2021\/09\/drum-and-pail-header-1-300x215.jpg 300w, https:\/\/www.cdf1.com\/wp-content\/uploads\/2021\/09\/drum-and-pail-header-1-768x551.jpg 768w, https:\/\/www.cdf1.com\/wp-content\/uploads\/2021\/09\/drum-and-pail-header-1.jpg 1280w\" data-sizes=\"(max-width: 1024px) 100vw, 1024px\" src=\"data:image\/svg+xml;base64,PHN2ZyB3aWR0aD0iMSIgaGVpZ2h0PSIxIiB4bWxucz0iaHR0cDovL3d3dy53My5vcmcvMjAwMC9zdmciPjwvc3ZnPg==\" style=\"--smush-placeholder-width: 1024px; --smush-placeholder-aspect-ratio: 1024\/734;\" \/><\/figure>\n<\/div>\n<\/div>\n<\/div><\/div>\n\n<div class=\"wp-block-group fixed-width fixed-1080 padding-top-140 padding-bottom-100 title-text-section below-heading-section bg-line-shape-contact\"><div class=\"wp-block-group__inner-container is-layout-flow wp-block-group-is-layout-flow\">\n<div class=\"wp-block-columns is-layout-flex wp-container-core-columns-is-layout-9d6595d7 wp-block-columns-is-layout-flex\">\n<div class=\"wp-block-column is-layout-flow wp-block-column-is-layout-flow\">\n<div class=\"wp-block-group section-title-mix text-wrap anim_init\"><div class=\"wp-block-group__inner-container is-layout-flow wp-block-group-is-layout-flow\">\n<h2 class=\"wp-block-heading\">Solutions semi-rigides pour<\/h2>\n\n\n\n<h3 class=\"wp-block-heading\"><strong>F\u00fbt et seau<\/strong><\/h3>\n<\/div><\/div>\n<\/div>\n\n\n\n<div class=\"wp-block-column is-layout-flow wp-block-column-is-layout-flow\">\n<div class=\"wp-block-group max-width-450 paragraph-wrap anim_init\"><div class=\"wp-block-group__inner-container is-layout-flow wp-block-group-is-layout-flow\">\n<p>con\u00e7ues pour garantir la puret\u00e9 absolue de votre produit tout en offrant une qualit\u00e9 et une durabilit\u00e9 in\u00e9gal\u00e9es. Nous concevons et fabriquons des solutions d\u2019emballage pour f\u00fbts et seaux en fonction des besoins sp\u00e9cifiques de vos produits. Nous proposons diff\u00e9rentes solutions afin de garantir l\u2019int\u00e9grit\u00e9 de votre produit et am\u00e9liorer son efficacit\u00e9.<\/p>\n<\/div><\/div>\n<\/div>\n<\/div>\n<\/div><\/div>\n\n<div class=\"wp-block-group bg-blue-shape-right-center\"><div class=\"wp-block-group__inner-container is-layout-flow wp-block-group-is-layout-flow\">\n<div class=\"wp-block-group fixed-width text-img-section vc-wrap padding-top-180 padding-bottom-100 pt-xs--100 pb-xs--60 has-text-color\" style=\"color:#000000\"><div class=\"wp-block-group__inner-container is-layout-flow wp-block-group-is-layout-flow\">\n<div class=\"wp-block-columns is-layout-flex wp-container-core-columns-is-layout-9d6595d7 wp-block-columns-is-layout-flex\">\n<div class=\"wp-block-column is-layout-flow wp-block-column-is-layout-flow\">\n<div class=\"wp-block-group text-wrap max-width-450\"><div class=\"wp-block-group__inner-container is-layout-flow wp-block-group-is-layout-flow\">\n<h2 class=\"wp-block-heading\">PailSaver&#x2122; pour seaux en acier et en plastique\u00a0 <\/h2>\n\n\n\n<p>Les poches de seau plastiques PailSaver sont parfaites pour le m\u00e9lange, le pompage et le stockage de pratiquement tout type de liquide, poudre ou p\u00e2te. Les poches de seau sans soudure moul\u00e9es sous vide sont pourvues d\u2019un contour de l\u00e8vres qui se fixe sur le rebord sup\u00e9rieur d\u2019un seau pour emp\u00eacher toute fuite entre la poche de seau et la paroi du seau. Apr\u00e8s utilisation, retirez la poche de seau\u00a0; celui-ci est propre et pr\u00eat \u00e0 \u00eatre r\u00e9utilis\u00e9.<\/p>\n\n\n\n<p>Avantages\u00a0:<\/p>\n\n\n\n<ul class=\"wp-block-list\"><li>Garantissent la puret\u00e9 absolue de votre produit<\/li><li>R\u00e9duisent consid\u00e9rablement le temps et le co\u00fbt li\u00e9s au nettoyage ou au remplacement des seaux\u00a0<\/li><\/ul>\n<\/div><\/div>\n<\/div>\n\n\n\n<div class=\"wp-block-column is-layout-flow wp-block-column-is-layout-flow\">\n<div class=\"wp-block-columns images-in-collage-wrap is-layout-flex wp-container-core-columns-is-layout-9d6595d7 wp-block-columns-is-layout-flex\">\n<div class=\"wp-block-column is-layout-flow wp-block-column-is-layout-flow\">\n<figure class=\"wp-block-image size-large shadow-wrap slide-up-f\"><img decoding=\"async\" width=\"683\" height=\"1024\" data-src=\"https:\/\/www.cdf1.com\/wp-content\/uploads\/2021\/10\/cdf-131s-resized-683x1024.jpg\" alt=\"poches de f&#xFB;t\" class=\"wp-image-3539 lazyload\" title=\"\" data-srcset=\"https:\/\/www.cdf1.com\/wp-content\/uploads\/2021\/10\/cdf-131s-resized-683x1024.jpg 683w, https:\/\/www.cdf1.com\/wp-content\/uploads\/2021\/10\/cdf-131s-resized-200x300.jpg 200w, https:\/\/www.cdf1.com\/wp-content\/uploads\/2021\/10\/cdf-131s-resized-768x1152.jpg 768w, https:\/\/www.cdf1.com\/wp-content\/uploads\/2021\/10\/cdf-131s-resized-1024x1536.jpg 1024w, https:\/\/www.cdf1.com\/wp-content\/uploads\/2021\/10\/cdf-131s-resized.jpg 1182w\" data-sizes=\"(max-width: 683px) 100vw, 683px\" src=\"data:image\/svg+xml;base64,PHN2ZyB3aWR0aD0iMSIgaGVpZ2h0PSIxIiB4bWxucz0iaHR0cDovL3d3dy53My5vcmcvMjAwMC9zdmciPjwvc3ZnPg==\" style=\"--smush-placeholder-width: 683px; --smush-placeholder-aspect-ratio: 683\/1024;\" \/><\/figure>\n\n\n\n<figure class=\"wp-block-image size-large shadow-wrap slide-up-s\"><img decoding=\"async\" width=\"1024\" height=\"1024\" data-src=\"https:\/\/www.cdf1.com\/wp-content\/uploads\/2021\/10\/HDPE-Natural-5-Gallon-resized-1024x1024.jpg\" alt=\"poches de f&#xFB;t\" class=\"wp-image-3537 lazyload\" title=\"\" data-srcset=\"https:\/\/www.cdf1.com\/wp-content\/uploads\/2021\/10\/HDPE-Natural-5-Gallon-resized-1024x1024.jpg 1024w, https:\/\/www.cdf1.com\/wp-content\/uploads\/2021\/10\/HDPE-Natural-5-Gallon-resized-300x300.jpg 300w, https:\/\/www.cdf1.com\/wp-content\/uploads\/2021\/10\/HDPE-Natural-5-Gallon-resized-150x150.jpg 150w, https:\/\/www.cdf1.com\/wp-content\/uploads\/2021\/10\/HDPE-Natural-5-Gallon-resized-768x768.jpg 768w, https:\/\/www.cdf1.com\/wp-content\/uploads\/2021\/10\/HDPE-Natural-5-Gallon-resized-75x75.jpg 75w, https:\/\/www.cdf1.com\/wp-content\/uploads\/2021\/10\/HDPE-Natural-5-Gallon-resized-600x600.jpg 600w, https:\/\/www.cdf1.com\/wp-content\/uploads\/2021\/10\/HDPE-Natural-5-Gallon-resized.jpg 1448w\" data-sizes=\"(max-width: 1024px) 100vw, 1024px\" src=\"data:image\/svg+xml;base64,PHN2ZyB3aWR0aD0iMSIgaGVpZ2h0PSIxIiB4bWxucz0iaHR0cDovL3d3dy53My5vcmcvMjAwMC9zdmciPjwvc3ZnPg==\" style=\"--smush-placeholder-width: 1024px; --smush-placeholder-aspect-ratio: 1024\/1024;\" \/><\/figure>\n<\/div>\n\n\n\n<div class=\"wp-block-column is-layout-flow wp-block-column-is-layout-flow\">\n<figure class=\"wp-block-image size-large shadow-wrap slide-down-s\"><img decoding=\"async\" width=\"1024\" height=\"1024\" data-src=\"https:\/\/www.cdf1.com\/wp-content\/uploads\/2021\/10\/Anti-Static-5-gallon-resized-1024x1024.jpg\" alt=\"poches de f&#xFB;t\" class=\"wp-image-3536 lazyload\" title=\"\" data-srcset=\"https:\/\/www.cdf1.com\/wp-content\/uploads\/2021\/10\/Anti-Static-5-gallon-resized-1024x1024.jpg 1024w, https:\/\/www.cdf1.com\/wp-content\/uploads\/2021\/10\/Anti-Static-5-gallon-resized-300x300.jpg 300w, https:\/\/www.cdf1.com\/wp-content\/uploads\/2021\/10\/Anti-Static-5-gallon-resized-150x150.jpg 150w, https:\/\/www.cdf1.com\/wp-content\/uploads\/2021\/10\/Anti-Static-5-gallon-resized-768x768.jpg 768w, https:\/\/www.cdf1.com\/wp-content\/uploads\/2021\/10\/Anti-Static-5-gallon-resized-75x75.jpg 75w, https:\/\/www.cdf1.com\/wp-content\/uploads\/2021\/10\/Anti-Static-5-gallon-resized-600x600.jpg 600w, https:\/\/www.cdf1.com\/wp-content\/uploads\/2021\/10\/Anti-Static-5-gallon-resized.jpg 1448w\" data-sizes=\"(max-width: 1024px) 100vw, 1024px\" src=\"data:image\/svg+xml;base64,PHN2ZyB3aWR0aD0iMSIgaGVpZ2h0PSIxIiB4bWxucz0iaHR0cDovL3d3dy53My5vcmcvMjAwMC9zdmciPjwvc3ZnPg==\" style=\"--smush-placeholder-width: 1024px; --smush-placeholder-aspect-ratio: 1024\/1024;\" \/><\/figure>\n<\/div>\n<\/div>\n<\/div>\n<\/div>\n<\/div><\/div>\n<\/div><\/div>\n\n<div class=\"wp-block-group fixed-width img-text-section vc-wrap padding-top-180 padding-bottom-100 pt-xs--0 pb-xs--0 has-text-color\" style=\"color:#000000\"><div class=\"wp-block-group__inner-container is-layout-flow wp-block-group-is-layout-flow\">\n<div class=\"wp-block-columns is-layout-flex wp-container-core-columns-is-layout-9d6595d7 wp-block-columns-is-layout-flex\">\n<div class=\"wp-block-column is-layout-flow wp-block-column-is-layout-flow\">\n<div class=\"wp-block-columns images-in-collage-wrap is-layout-flex wp-container-core-columns-is-layout-9d6595d7 wp-block-columns-is-layout-flex\">\n<div class=\"wp-block-column is-layout-flow wp-block-column-is-layout-flow\">\n<figure class=\"wp-block-image size-full shadow-wrap slide-up-f\"><img decoding=\"async\" width=\"517\" height=\"775\" data-src=\"https:\/\/www.cdf1.com\/wp-content\/uploads\/2021\/10\/Blue-Accordion-2.png\" alt=\"poches de f&#xFB;t\" class=\"wp-image-3506 lazyload\" title=\"\" data-srcset=\"https:\/\/www.cdf1.com\/wp-content\/uploads\/2021\/10\/Blue-Accordion-2.png 517w, https:\/\/www.cdf1.com\/wp-content\/uploads\/2021\/10\/Blue-Accordion-2-200x300.png 200w\" data-sizes=\"(max-width: 517px) 100vw, 517px\" src=\"data:image\/svg+xml;base64,PHN2ZyB3aWR0aD0iMSIgaGVpZ2h0PSIxIiB4bWxucz0iaHR0cDovL3d3dy53My5vcmcvMjAwMC9zdmciPjwvc3ZnPg==\" style=\"--smush-placeholder-width: 517px; --smush-placeholder-aspect-ratio: 517\/775;\" \/><\/figure>\n\n\n\n<figure class=\"wp-block-image size-large shadow-wrap slide-up-s\"><img decoding=\"async\" data-src=\"https:\/\/www.cdf1.com\/wp-content\/uploads\/2021\/10\/16-Gallon-resized-683x1024.jpg\" alt=\"poches de f&#xFB;t\" class=\"wp-image-3542 lazyload\" title=\"\" src=\"data:image\/svg+xml;base64,PHN2ZyB3aWR0aD0iMSIgaGVpZ2h0PSIxIiB4bWxucz0iaHR0cDovL3d3dy53My5vcmcvMjAwMC9zdmciPjwvc3ZnPg==\" style=\"--smush-placeholder-width: 683px; --smush-placeholder-aspect-ratio: 683\/1024;\" \/><\/figure>\n<\/div>\n\n\n\n<div class=\"wp-block-column is-layout-flow wp-block-column-is-layout-flow\">\n<figure class=\"wp-block-image size-full shadow-wrap slide-down-f\"><img decoding=\"async\" width=\"517\" height=\"775\" data-src=\"https:\/\/www.cdf1.com\/wp-content\/uploads\/2021\/10\/Straight-sided-liner-2.png\" alt=\"poches de f&#xFB;t\" class=\"wp-image-3543 lazyload\" title=\"\" data-srcset=\"https:\/\/www.cdf1.com\/wp-content\/uploads\/2021\/10\/Straight-sided-liner-2.png 517w, https:\/\/www.cdf1.com\/wp-content\/uploads\/2021\/10\/Straight-sided-liner-2-200x300.png 200w\" data-sizes=\"(max-width: 517px) 100vw, 517px\" src=\"data:image\/svg+xml;base64,PHN2ZyB3aWR0aD0iMSIgaGVpZ2h0PSIxIiB4bWxucz0iaHR0cDovL3d3dy53My5vcmcvMjAwMC9zdmciPjwvc3ZnPg==\" style=\"--smush-placeholder-width: 517px; --smush-placeholder-aspect-ratio: 517\/775;\" \/><\/figure>\n<\/div>\n<\/div>\n<\/div>\n\n\n\n<div class=\"wp-block-column is-layout-flow wp-block-column-is-layout-flow\">\n<div class=\"wp-block-group text-wrap max-width-450\"><div class=\"wp-block-group__inner-container is-layout-flow wp-block-group-is-layout-flow\">\n<h2 class=\"wp-block-heading\">Poches DrumSaver&#x2122; pour f\u00fbts en acier et en plastique<\/h2>\n\n\n\n<p>Les poches de f\u00fbt DrumSaver sont con\u00e7ues pour les f\u00fbts en acier et en plastique. Les poches de f\u00fbt sans soudure moul\u00e9es sous vide sont pourvues d\u2019un contour \u00e0 l\u00e8vre qui se fixe sur le rebord sup\u00e9rieur d\u2019un f\u00fbt plastique sans couvercle 55\u00a0gallons pour emp\u00eacher toute fuite entre la poche de f\u00fbt et la paroi du f\u00fbt. Les poches DrumSaver sont parfaites pour le m\u00e9lange, le pompage et le stockage de pratiquement tout type de liquide, poudre ou p\u00e2te. Notamment des produits chimiques, des encres, des adh\u00e9sifs, des graisses, des peintures, des rev\u00eatements, du silicone et des aliments. Les poches plastiques sont id\u00e9ales pour les cargaisons difficiles \u00e0 nettoyer, comme les teintures pour textile, adh\u00e9sifs et gels de rev\u00eatement.<\/p>\n\n\n\n<p>Avantages\u00a0:<\/p>\n\n\n\n<ul class=\"wp-block-list\"><li>Garantissent la puret\u00e9 absolue de votre produit<\/li><li>Prot\u00e8gent les f\u00fbts contre la corrosion<\/li><li>Prolongent le cycle de vie de votre conteneur en r\u00e9duisant les co\u00fbts de nettoyage et de reconditionnement de f\u00fbts\u00a0<\/li><\/ul>\n<\/div><\/div>\n<\/div>\n<\/div>\n<\/div><\/div>\n\n<div class=\"wp-block-group fixed-width text-img-section vc-wrap padding-top-180 padding-bottom-100 pt-xs--60 pb-xs--60\"><div class=\"wp-block-group__inner-container is-layout-flow wp-block-group-is-layout-flow\">\n<div class=\"wp-block-columns is-layout-flex wp-container-core-columns-is-layout-9d6595d7 wp-block-columns-is-layout-flex\">\n<div class=\"wp-block-column is-layout-flow wp-block-column-is-layout-flow\">\n<div class=\"wp-block-group text-wrap max-width-450\"><div class=\"wp-block-group__inner-container is-layout-flow wp-block-group-is-layout-flow\">\n<h2 class=\"wp-block-heading\">Poches de fond rond LinerPro&#x2122; de f\u00fbt et de seau<\/h2>\n\n\n\n<p>Les poches de fond rond de f\u00fbt et de seau LinerPro en Form-Fit thermosoud\u00e9es constituent une solution \u00e9conomique pour prot\u00e9ger vos produits. Les poches LinerPro sont id\u00e9ales pour une utilisation avec des liquides visqueux, poudres et mat\u00e9riaux particulaires. Ces poches sont con\u00e7ues pour une installation facile et peuvent \u00eatre tordues et ligatur\u00e9es pour prot\u00e9ger le contenu. Des mod\u00e8les uniques sont destin\u00e9s \u00e0 une utilisation avec des solvants, poudres inflammables, liquides chauds, mat\u00e9riaux sensibles \u00e0 l\u2019oxyg\u00e8ne et hygroscopiques ou produits chimiques agressifs.\u00a0<\/p>\n\n\n\n<p>Avantages\u00a0:<\/p>\n\n\n\n<ul class=\"wp-block-list\"><li>Avec le fond rond qui limite la formation de plis, vous pouvez r\u00e9cup\u00e9rer davantage de produit que les poches \u00e0 soudure plate pour r\u00e9duire les pertes<\/li><li>R\u00e9duisent les co\u00fbts de nettoyage et de reconditionnement des f\u00fbts et seaux<\/li><li>Garantissent la puret\u00e9 absolue de votre produit<\/li><\/ul>\n<\/div><\/div>\n<\/div>\n\n\n\n<div class=\"wp-block-column is-layout-flow wp-block-column-is-layout-flow\">\n<div class=\"wp-block-columns images-in-collage-wrap is-layout-flex wp-container-core-columns-is-layout-9d6595d7 wp-block-columns-is-layout-flex\">\n<div class=\"wp-block-column is-layout-flow wp-block-column-is-layout-flow\">\n<figure class=\"wp-block-image size-large shadow-wrap slide-up-f\"><img decoding=\"async\" width=\"682\" height=\"1024\" data-src=\"https:\/\/www.cdf1.com\/wp-content\/uploads\/2021\/10\/cdf-101s-682x1024.jpg\" alt=\"poches de f&#xFB;t\" class=\"wp-image-3544 lazyload\" title=\"\" data-srcset=\"https:\/\/www.cdf1.com\/wp-content\/uploads\/2021\/10\/cdf-101s-682x1024.jpg 682w, https:\/\/www.cdf1.com\/wp-content\/uploads\/2021\/10\/cdf-101s-200x300.jpg 200w, https:\/\/www.cdf1.com\/wp-content\/uploads\/2021\/10\/cdf-101s-768x1152.jpg 768w, https:\/\/www.cdf1.com\/wp-content\/uploads\/2021\/10\/cdf-101s-1024x1536.jpg 1024w, https:\/\/www.cdf1.com\/wp-content\/uploads\/2021\/10\/cdf-101s.jpg 1333w\" data-sizes=\"(max-width: 682px) 100vw, 682px\" src=\"data:image\/svg+xml;base64,PHN2ZyB3aWR0aD0iMSIgaGVpZ2h0PSIxIiB4bWxucz0iaHR0cDovL3d3dy53My5vcmcvMjAwMC9zdmciPjwvc3ZnPg==\" style=\"--smush-placeholder-width: 682px; --smush-placeholder-aspect-ratio: 682\/1024;\" \/><\/figure>\n\n\n\n<figure class=\"wp-block-image size-large shadow-wrap slide-up-s\"><img decoding=\"async\" width=\"1024\" height=\"754\" data-src=\"https:\/\/www.cdf1.com\/wp-content\/uploads\/2021\/10\/LinerPro-Blue-Drum-1-1024x754.jpg\" alt=\"poches de f&#xFB;t\" class=\"wp-image-3546 lazyload\" title=\"\" data-srcset=\"https:\/\/www.cdf1.com\/wp-content\/uploads\/2021\/10\/LinerPro-Blue-Drum-1-1024x754.jpg 1024w, https:\/\/www.cdf1.com\/wp-content\/uploads\/2021\/10\/LinerPro-Blue-Drum-1-300x221.jpg 300w, https:\/\/www.cdf1.com\/wp-content\/uploads\/2021\/10\/LinerPro-Blue-Drum-1-768x566.jpg 768w, https:\/\/www.cdf1.com\/wp-content\/uploads\/2021\/10\/LinerPro-Blue-Drum-1-1536x1131.jpg 1536w, https:\/\/www.cdf1.com\/wp-content\/uploads\/2021\/10\/LinerPro-Blue-Drum-1-2048x1509.jpg 2048w\" data-sizes=\"(max-width: 1024px) 100vw, 1024px\" src=\"data:image\/svg+xml;base64,PHN2ZyB3aWR0aD0iMSIgaGVpZ2h0PSIxIiB4bWxucz0iaHR0cDovL3d3dy53My5vcmcvMjAwMC9zdmciPjwvc3ZnPg==\" style=\"--smush-placeholder-width: 1024px; --smush-placeholder-aspect-ratio: 1024\/754;\" \/><\/figure>\n<\/div>\n\n\n\n<div class=\"wp-block-column is-layout-flow wp-block-column-is-layout-flow\">\n<figure class=\"wp-block-image size-large shadow-wrap slide-down-f\"><img decoding=\"async\" width=\"731\" height=\"1024\" data-src=\"https:\/\/www.cdf1.com\/wp-content\/uploads\/2021\/10\/LinerPro-Pail-731x1024.jpg\" alt=\"poches de f&#xFB;t\" class=\"wp-image-3548 lazyload\" title=\"\" data-srcset=\"https:\/\/www.cdf1.com\/wp-content\/uploads\/2021\/10\/LinerPro-Pail-731x1024.jpg 731w, https:\/\/www.cdf1.com\/wp-content\/uploads\/2021\/10\/LinerPro-Pail-214x300.jpg 214w, https:\/\/www.cdf1.com\/wp-content\/uploads\/2021\/10\/LinerPro-Pail-768x1076.jpg 768w, https:\/\/www.cdf1.com\/wp-content\/uploads\/2021\/10\/LinerPro-Pail-1097x1536.jpg 1097w, https:\/\/www.cdf1.com\/wp-content\/uploads\/2021\/10\/LinerPro-Pail.jpg 1123w\" data-sizes=\"(max-width: 731px) 100vw, 731px\" src=\"data:image\/svg+xml;base64,PHN2ZyB3aWR0aD0iMSIgaGVpZ2h0PSIxIiB4bWxucz0iaHR0cDovL3d3dy53My5vcmcvMjAwMC9zdmciPjwvc3ZnPg==\" style=\"--smush-placeholder-width: 731px; --smush-placeholder-aspect-ratio: 731\/1024;\" \/><\/figure>\n<\/div>\n<\/div>\n<\/div>\n<\/div>\n<\/div><\/div>\n\n<div class=\"wp-block-group bg-blue-shape-left-center\"><div class=\"wp-block-group__inner-container is-layout-flow wp-block-group-is-layout-flow\">\n<div class=\"wp-block-group fixed-width img-text-section vc-wrap padding-top-180 padding-bottom-100 pt-xs--0 pb-xs--60\"><div class=\"wp-block-group__inner-container is-layout-flow wp-block-group-is-layout-flow\">\n<div class=\"wp-block-columns is-layout-flex wp-container-core-columns-is-layout-9d6595d7 wp-block-columns-is-layout-flex\">\n<div class=\"wp-block-column is-layout-flow wp-block-column-is-layout-flow\">\n<div class=\"wp-block-columns images-in-collage-wrap is-layout-flex wp-container-core-columns-is-layout-9d6595d7 wp-block-columns-is-layout-flex\">\n<div class=\"wp-block-column is-layout-flow wp-block-column-is-layout-flow\">\n<figure class=\"wp-block-image size-large shadow-wrap slide-down-f\"><img decoding=\"async\" width=\"754\" height=\"1024\" data-src=\"https:\/\/www.cdf1.com\/wp-content\/uploads\/2021\/10\/Ultra-Liner-754x1024.jpg\" alt=\"poches de f&#xFB;t\" class=\"wp-image-3557 lazyload\" title=\"\" data-srcset=\"https:\/\/www.cdf1.com\/wp-content\/uploads\/2021\/10\/Ultra-Liner-754x1024.jpg 754w, https:\/\/www.cdf1.com\/wp-content\/uploads\/2021\/10\/Ultra-Liner-221x300.jpg 221w, https:\/\/www.cdf1.com\/wp-content\/uploads\/2021\/10\/Ultra-Liner-768x1043.jpg 768w, https:\/\/www.cdf1.com\/wp-content\/uploads\/2021\/10\/Ultra-Liner-1132x1536.jpg 1132w, https:\/\/www.cdf1.com\/wp-content\/uploads\/2021\/10\/Ultra-Liner.jpg 1175w\" data-sizes=\"(max-width: 754px) 100vw, 754px\" src=\"data:image\/svg+xml;base64,PHN2ZyB3aWR0aD0iMSIgaGVpZ2h0PSIxIiB4bWxucz0iaHR0cDovL3d3dy53My5vcmcvMjAwMC9zdmciPjwvc3ZnPg==\" style=\"--smush-placeholder-width: 754px; --smush-placeholder-aspect-ratio: 754\/1024;\" \/><\/figure>\n<\/div>\n<\/div>\n<\/div>\n\n\n\n<div class=\"wp-block-column is-layout-flow wp-block-column-is-layout-flow\">\n<div class=\"wp-block-group text-wrap max-width-450\"><div class=\"wp-block-group__inner-container is-layout-flow wp-block-group-is-layout-flow\">\n<h2 class=\"wp-block-heading\">Poches de f\u00fbt en acier et en fibre UltraLiner&#x2122;<\/h2>\n\n\n\n<p>Les poches de f\u00fbt en acier et en fibre UltraLiner moul\u00e9es par soufflage sont les plus performantes de CDF. Les poches de f\u00fbt haut de gamme UltraLiner sont id\u00e9ales pour les op\u00e9rations \u00e0 fortes contraintes qui exigent une r\u00e9sistance et une protection maximales. Les poches de f\u00fbt haut de gamme UltraLiner poss\u00e8dent une solide paroi lat\u00e9rale pourvue d\u2019une l\u00e8vre extra-fine et sont donc id\u00e9ales pour les op\u00e9rations \u00e0 fortes contraintes qui exigent une r\u00e9sistance et une protection maximales.<\/p>\n\n\n\n<p>Avantages\u00a0:<\/p>\n\n\n\n<ul class=\"wp-block-list\"><li>Plus lourdes que les poches de f\u00fbt standard<\/li><li>L\u00e8vre extra-fine pour un ajustement parfait du couvercle<\/li><li>Moul\u00e9es par soufflage pour une protection sans soudure<\/li><li>Garantissent la puret\u00e9 absolue de votre produit<\/li><\/ul>\n<\/div><\/div>\n<\/div>\n<\/div>\n<\/div><\/div>\n<\/div><\/div>\n\n<div class=\"wp-block-cover has-background-dim inner-page-cta-section\" style=\"background-color:#015174\"><div class=\"wp-block-cover__inner-container is-layout-flow wp-block-cover-is-layout-flow\">\n<div class=\"wp-block-group fixed-width fixed-980 padding-top-100 text-wrap\"><div class=\"wp-block-group__inner-container is-layout-flow wp-block-group-is-layout-flow\">\n<h2 class=\"has-text-align-center wp-block-heading\"><strong>Trouvez la solution qui vous convient<\/strong><\/h2>\n<\/div><\/div>\n\n\n\n<div class=\"wp-block-group fixed-width fixed-780 padding-bottom-80 text-wrap\"><div class=\"wp-block-group__inner-container is-layout-flow wp-block-group-is-layout-flow\">\n<p class=\"has-text-align-center\">Si vous avez un besoin sp\u00e9cifique qui n\u00e9cessite une solution sur mesure, contactez-nous pour parler \u00e0 l\u2019un de nos experts en emballage.<\/p>\n\n\n\n<p class=\"has-text-align-center outlined-white-link margin-top-60\"><a href=\"https:\/\/www.cdf1.com\/fr\/nous-contacter\/\">Nous contacter<\/a><\/p>\n<\/div><\/div>\n<\/div><\/div>\n","protected":false},"excerpt":{"rendered":"<p>Poches de f\u00fbt et de seau Solutions semi-rigides pour F\u00fbt et seau con\u00e7ues pour garantir la puret\u00e9 absolue de votre produit tout en offrant une qualit\u00e9 et une durabilit\u00e9 in\u00e9gal\u00e9es. Nous concevons et fabriquons des solutions d\u2019emballage pour f\u00fbts et seaux en fonction des besoins sp\u00e9cifiques de vos produits. Nous proposons diff\u00e9rentes solutions afin de [&hellip;]<\/p>\n","protected":false},"author":1,"featured_media":1881,"parent":0,"menu_order":0,"comment_status":"closed","ping_status":"closed","template":"","meta":{"_acf_changed":false,"content-type":"","_genesis_hide_title":false,"_genesis_hide_breadcrumbs":false,"_genesis_hide_singular_image":false,"_genesis_hide_footer_widgets":false,"_genesis_custom_body_class":"","_genesis_custom_post_class":"","_genesis_layout":"full-width-content","footnotes":""},"class_list":{"0":"post-10013","1":"page","2":"type-page","3":"status-publish","4":"has-post-thumbnail","6":"entry"},"acf":[],"featured_image_src":"https:\/\/www.cdf1.com\/wp-content\/uploads\/2020\/07\/new-feature-placeholder-sliced.png","featured_image_src_square":"https:\/\/www.cdf1.com\/wp-content\/uploads\/2020\/07\/new-feature-placeholder-sliced.png","_links":{"self":[{"href":"https:\/\/www.cdf1.com\/fr\/wp-json\/wp\/v2\/pages\/10013","targetHints":{"allow":["GET"]}}],"collection":[{"href":"https:\/\/www.cdf1.com\/fr\/wp-json\/wp\/v2\/pages"}],"about":[{"href":"https:\/\/www.cdf1.com\/fr\/wp-json\/wp\/v2\/types\/page"}],"author":[{"embeddable":true,"href":"https:\/\/www.cdf1.com\/fr\/wp-json\/wp\/v2\/users\/1"}],"replies":[{"embeddable":true,"href":"https:\/\/www.cdf1.com\/fr\/wp-json\/wp\/v2\/comments?post=10013"}],"version-history":[{"count":6,"href":"https:\/\/www.cdf1.com\/fr\/wp-json\/wp\/v2\/pages\/10013\/revisions"}],"predecessor-version":[{"id":11116,"href":"https:\/\/www.cdf1.com\/fr\/wp-json\/wp\/v2\/pages\/10013\/revisions\/11116"}],"wp:featuredmedia":[{"embeddable":true,"href":"https:\/\/www.cdf1.com\/fr\/wp-json\/wp\/v2\/media\/1881"}],"wp:attachment":[{"href":"https:\/\/www.cdf1.com\/fr\/wp-json\/wp\/v2\/media?parent=10013"}],"curies":[{"name":"wp","href":"https:\/\/api.w.org\/{rel}","templated":true}]}}