{"id":9992,"date":"2023-12-04T19:09:19","date_gmt":"2023-12-04T19:09:19","guid":{"rendered":"https:\/\/www.cdf1.com\/terminos-y-condiciones-de-uso-del-sitio-web\/"},"modified":"2024-02-25T10:03:45","modified_gmt":"2024-02-25T10:03:45","slug":"terminos-y-condiciones-de-uso-del-sitio-web","status":"publish","type":"page","link":"https:\/\/www.cdf1.com\/es\/terminos-y-condiciones-de-uso-del-sitio-web\/","title":{"rendered":"T\u00e9rminos y condiciones de uso del sitio web"},"content":{"rendered":"\n<div class=\"wp-block-group page-heading\"><div class=\"wp-block-group__inner-container is-layout-flow wp-block-group-is-layout-flow\">\n<div class=\"wp-block-cover\" style=\"min-height:355px;aspect-ratio:unset;\"><img decoding=\"async\" width=\"2560\" height=\"918\" class=\"wp-block-cover__image-background wp-image-1693 lazyload\" alt=\"\" data-src=\"https:\/\/www.cdf1.com\/wp-content\/uploads\/2021\/08\/careers-single-header.jpg\" data-object-fit=\"cover\" data-srcset=\"https:\/\/www.cdf1.com\/wp-content\/uploads\/2021\/08\/careers-single-header.jpg 2560w, https:\/\/www.cdf1.com\/wp-content\/uploads\/2021\/08\/careers-single-header-300x108.jpg 300w, https:\/\/www.cdf1.com\/wp-content\/uploads\/2021\/08\/careers-single-header-1024x367.jpg 1024w, https:\/\/www.cdf1.com\/wp-content\/uploads\/2021\/08\/careers-single-header-768x275.jpg 768w, https:\/\/www.cdf1.com\/wp-content\/uploads\/2021\/08\/careers-single-header-1536x551.jpg 1536w, https:\/\/www.cdf1.com\/wp-content\/uploads\/2021\/08\/careers-single-header-2048x734.jpg 2048w\" data-sizes=\"(max-width: 2560px) 100vw, 2560px\" src=\"data:image\/svg+xml;base64,PHN2ZyB3aWR0aD0iMSIgaGVpZ2h0PSIxIiB4bWxucz0iaHR0cDovL3d3dy53My5vcmcvMjAwMC9zdmciPjwvc3ZnPg==\" style=\"--smush-placeholder-width: 2560px; --smush-placeholder-aspect-ratio: 2560\/918;\" \/><div class=\"wp-block-cover__inner-container is-layout-flow wp-block-cover-is-layout-flow\">\n<div class=\"wp-block-group fixed-width fixed-1080 heading-inner-wrap\"><div class=\"wp-block-group__inner-container is-layout-flow wp-block-group-is-layout-flow\">\n<div class=\"wp-block-group text-wrap\"><div class=\"wp-block-group__inner-container is-layout-flow wp-block-group-is-layout-flow\">\n<h1 class=\"wp-block-heading\"><strong>T\u00e9rminos y <\/strong>condiciones de uso del sitio web<\/h1>\n<\/div><\/div>\n<\/div><\/div>\n<\/div><\/div>\n<\/div><\/div>\n\n<div class=\"wp-block-group fixed-width fixed-1080 padding-top-120 padding-bottom-80 single-case-study-section\"><div class=\"wp-block-group__inner-container is-layout-flow wp-block-group-is-layout-flow\">\n<div class=\"wp-block-group challenge-solution-wrap\"><div class=\"wp-block-group__inner-container is-layout-flow wp-block-group-is-layout-flow\">\n<p>Gracias por visitar el sitio web (el \u201cSitio\u201d) de CDF Corporation (\u201cCDF\u201d). \u00a0 En esta p\u00e1gina se establecen los t\u00e9rminos y condiciones (\u201cT\u00e9rminos y condiciones\u201d) que regir\u00e1n el uso que haga del Sitio.  El cumplimiento de estos T\u00e9rminos y condiciones es una condici\u00f3n para que use el Sitio. \u00a0 Si no acepta cumplir con estos T\u00e9rminos y condiciones, salga de inmediato de este Sitio.<\/p>\n\n\n\n<h2 class=\"wp-block-heading\">Propiedad del Sitio<\/h2>\n\n\n\n<p>Todo el contenido de este Sitio (que incluye, entre otros, texto, gr\u00e1ficos, logotipos, \u00edconos de botones, im\u00e1genes, clips de audio, descargas digitales, compilaciones de datos y software) (el \u201cContenido del Sitio\u201d) es propiedad de CDF o de sus proveedores de contenido y est\u00e1 protegido en la medida m\u00e1xima permitida por las leyes de los Estados Unidos e internacionales acerca de derechos de autor, marcas comerciales y otros derechos de propiedad. \u00a0 La compilaci\u00f3n de todo el contenido de este Sitio es propiedad exclusiva de CDF y est\u00e1 protegida por las leyes de derechos de autor de los EE.\u00a0UU. e internacionales. \u00a0 Todo el software utilizado en este Sitio es propiedad de CDF o de sus proveedores de software y est\u00e1 protegido por las leyes de derechos de autor de los Estados Unidos e internacionales.<\/p>\n\n\n\n<p>El Contenido del Sitio no puede copiarse, distribuirse, modificarse, reproducirse, publicarse ni utilizarse, en su totalidad o en parte, sin el consentimiento previo por escrito de CDF, con la excepci\u00f3n de que puede descargar el Contenido del Sitio a cualquier computadora para su uso personal \u00fanicamente, siempre y cuando mantenga intactos todos los derechos de autor, marcas comerciales y otros avisos de propiedad exclusiva y cumpla con todos los acuerdos de licencia de usuario final correspondiente. \u00a0 Ninguna parte del Contenido del Sitio puede reproducirse de ninguna forma ni incorporarse a ning\u00fan sistema de recuperaci\u00f3n de informaci\u00f3n, electr\u00f3nico o mec\u00e1nico, que no sea para su uso personal de acuerdo con estos T\u00e9rminos y condiciones (pero en ning\u00fan caso para su reventa o redistribuci\u00f3n).<\/p>\n\n\n\n<p>No puede entramar ni utilizar t\u00e9cnicas de entramado para incluir ning\u00fan nombre, marca comercial, marca de servicio, Contenido del Sitio u otra informaci\u00f3n de propiedad de CDF sin obtener primero el consentimiento expreso por escrito de CDF.<\/p>\n\n\n\n<h2 class=\"wp-block-heading\">Datos<\/h2>\n\n\n\n<p>Usted reconoce y acepta que CDF tendr\u00e1 un derecho y una licencia libres de regal\u00edas, perpetuos, pagados en su totalidad, irrevocables, no exclusivos y transferibles para usar todos y cada uno de los datos, registros y otra informaci\u00f3n transmitida a, por o a trav\u00e9s del Sitio, o proporcionada de otro modo a CDF en relaci\u00f3n con el uso del Sitio (los \u201cDatos\u201d), para los fines comerciales de CDF y para todos los medios de comunicaci\u00f3n conocidos actualmente o que se desarrollen posteriormente. \u00a0 Entre los derechos establecidos anteriormente, CDF tendr\u00e1 el derecho espec\u00edfico a desarrollar, completar y modificar una base de datos que contenga todos los Datos recopilados por CDF en el Sitio (la \u201cBase de datos del Sitio\u201d). \u00a0 Usted reconoce que la Base de datos del Sitio se optimiza y actualiza continuamente y que puede ampliarse como resultado de los Datos obtenidos mientras usa el Sitio. \u00a0 Como condici\u00f3n para usar este Sitio, usted tambi\u00e9n acepta que (i) CDF puede recopilar dichos Datos por medios f\u00edsicos o electr\u00f3nicos; y (ii) CDF conservar\u00e1 la propiedad y todos los derechos, t\u00edtulos e intereses acerca de la Base de datos del Sitio, seg\u00fan se modifiquen ocasionalmente.<\/p>\n\n\n\n<h2 class=\"wp-block-heading\">Marcas comerciales<\/h2>\n\n\n\n<p>DRUMSAVER, PAILSAVER, LINERPRO, EZ-STRAINER, CHEMLINER, ULTRALINER y el logotipo de CDF, as\u00ed otras marcas indicadas en este Sitio, son marcas comerciales y de servicio de CDF, en los Estados Unidos y en otros pa\u00edses. \u00a0 Las marcas comerciales, las marcas de servicio y la imagen comercial de CDF no pueden usarse sin el permiso previo por escrito de CDF. \u00a0 Todas las dem\u00e1s marcas comerciales que no sean propiedad de CDF y aparezcan en este Sitio pertenecen de sus respectivos propietarios, quienes pueden o no estar afiliados a, tener un v\u00ednculo con o estar patrocinados por CDF.<\/p>\n\n\n\n<h2 class=\"wp-block-heading\">Precisi\u00f3n e integridad de la informaci\u00f3n<\/h2>\n\n\n\n<p>Si bien CDF intenta garantizar la integridad y precisi\u00f3n del Sitio, no ofrece ninguna garant\u00eda en cuanto a la exactitud o precisi\u00f3n del Sitio. \u00a0 Es posible que el Sitio pueda incluir errores tipogr\u00e1ficos, imprecisiones u otros errores, y que haya terceros que puedan llevar a cabo adiciones, eliminaciones y alteraciones no autorizadas en el Sitio. \u00a0 En caso de que surja una imprecisi\u00f3n, informe a CDF. \u00a0 La informaci\u00f3n que contiene el Sitio puede modificarse o actualizarse sin previo aviso.<\/p>\n\n\n\n<h2 class=\"wp-block-heading\">\u00c1reas interactivas<\/h2>\n\n\n\n<p>Con respecto a las \u00e1reas interactivas del Sitio, si las hubiera, puede publicar comentarios y otro contenido, y enviar sugerencias, ideas, comentarios, preguntas u otra informaci\u00f3n, siempre que el contenido no sea ilegal, obsceno, amenazante, difamatorio, invada la privacidad, infrinja los derechos de propiedad intelectual o, que de otro modo, genere perjuicios a terceros o sea objetable, y solo siempre que dicho contenido no incluya ni conste de virus de software, campa\u00f1as pol\u00edticas, solicitudes comerciales, mensajes en cadena, correos masivos o cualquier forma de correo no deseado.<\/p>\n\n\n\n<p>CDF se reserva el derecho, pero no est\u00e1 obligado, a monitorear o revisar cualquier \u00e1rea del Sitio donde los visitantes transmitan o publiquen mensajes o se comuniquen \u00fanicamente entre s\u00ed, incluidos, entre otros, salas de chat, tableros de anuncios y otros foros de usuarios, y el contenido de dichas comunicaciones. CDF, sin embargo, no tendr\u00e1 ninguna responsabilidad relacionada con o que surja a partir del contenido de dichas comunicaciones, independientemente de que se origine o no en virtud de las leyes de derechos de autor, difamaci\u00f3n, privacidad, obscenidad o de otras leyes. \u00a0 CDF se reserva el derecho a eliminar, a su criterio exclusivo y absoluto, las comunicaciones que incluyan cualquier material que CDF considere, a su entera discreci\u00f3n, abusivo, difamatorio, obsceno o, de otro modo, inapropiado.<\/p>\n\n\n\n<h2 class=\"wp-block-heading\">Exenci\u00f3n de garant\u00edas<\/h2>\n\n\n\n<p>CDF NO GARANTIZA QUE EL ACCESO AL SITIO O EL USO DE ESTE SEA ININTERRUMPIDO O NO CONTENGA ERRORES, O QUE LOS DEFECTOS QUE PRESENTE EL SITIO SEAN CORREGIDOS. \u00a0 ESTE SITIO, INCLUIDO CUALQUIER CONTENIDO DE ESTE U OTRA INFORMACI\u00d3N QUE CONTENGA, O CUALQUIER SERVICIO RELACIONADO CON EL SITIO, SE PROPORCIONA \u201cEN LA FORMA ORIGINAL\u201d CON TODOS LOS DEFECTOS Y SIN DECLARACIONES NI GARANT\u00cdAS DE NING\u00daN TIPO, YA SEAN EXPRESAS O IMPL\u00cdCITAS, INCLUIDAS, ENTRE OTRAS, LAS GARANT\u00cdAS IMPL\u00cdCITAS DE COMERCIABILIDAD, APTITUD PARA UN FIN DETERMINADO, CALIDAD DE LA INFORMACI\u00d3N, GOCE PAC\u00cdFICO Y T\u00cdTULO\/NO CONTRAVENCI\u00d3N \u00a0 CDF RENUNCIA ESPEC\u00cdFICAMENTE A TODA RESPONSABILIDAD POR ERRORES U OMISIONES, O POR EL USO INDEBIDO O LA INTERPRETACI\u00d3N ERR\u00d3NEA DE CUALQUIER INFORMACI\u00d3N OBTENIDA A TRAV\u00c9S DEL SITIO. \u00a0 CDF NO GARANTIZA LA PRECISI\u00d3N, INTEGRIDAD O VIGENCIA DE LA INFORMACI\u00d3N OBTENIDA A TRAV\u00c9S DEL SITIO.<\/p>\n\n\n\n<p>USTED ASUME LA RESPONSABILIDAD TOTAL Y TODO RIESGO POR EL USO QUE HAGA DE ESTE SITIO, LOS SERVICIOS RELACIONADOS CON EL SITIO Y LOS SITIOS WEB CON HIPERV\u00cdNCULOS. \u00a0 DETERMINADAS LEYES ESTATALES NO PERMITEN LIMITACIONES ACERCA DE LAS GARANT\u00cdAS IMPL\u00cdCITAS. \u00a0 SI ESTAS LEYES SE APLICAN A USTED, ES POSIBLE QUE ALGUNAS O LA TOTALIDAD DE LAS EXENCIONES, EXCLUSIONES O LIMITACIONES MENCIONADAS ANTERIORMENTE NO SE APLIQUEN EN SU CASO, Y USTED PUEDA TENER DERECHOS ADICIONALES.<\/p>\n\n\n\n<p>CDF NO GARANTIZA QUE LOS ARCHIVOS DISPONIBLES PARA DESCARGA NO CONTENGAN VIRUS, GUSANOS, TROYANOS U OTROS PROGRAMAS DESTRUCTIVOS. \u00a0 USTED ES RESPONSABLE DE IMPLEMENTAR PROCEDIMIENTOS SUFICIENTES PARA SATISFACER SUS NECESIDADES DE SEGURIDAD Y RESPALDO DE DATOS. \u00a0 USTED ACEPTA QUE CDF NO SER\u00c1 RESPONSABLE DE NING\u00daN COSTO O DA\u00d1O QUE SURJA DIRECTA O INDIRECTAMENTE DE DICHO C\u00d3DIGO. \u00a0 USTED ASUME LA RESPONSABILIDAD TOTAL Y TODO RIESGO POR EL USO QUE HAGA DEL SITIO Y DE INTERNET.<\/p>\n\n\n\n<h2 class=\"wp-block-heading\">Limitaci\u00f3n de responsabilidad con respecto al uso del Sitio<\/h2>\n\n\n\n<p>CDF Y CUALQUIER TERCERO MENCIONADO EN ESTE SITIO NO SON RESPONSABLES DE NING\u00daN PERJUICIO DIRECTO, INDIRECTO, INCIDENTAL, CONSECUENTE, ESPECIAL, EJEMPLAR, PUNITIVO O DE OTRA \u00cdNDOLE (INCLUIDOS, ENTRE OTROS, AQUELLOS RESULTANTES DE LA P\u00c9RDIDA DE BENEFICIOS, LA P\u00c9RDIDA DE DATOS O LA INTERRUPCI\u00d3N DEL NEGOCIO) QUE SURJA O SE RELACIONE DE CUALQUIER MANERA CON EL SITIO, LOS SERVICIOS RELACIONADOS CON EL SITIO, EL CONTENIDO DEL SITIO U OTRA INFORMACI\u00d3N QUE CONTENGA EL SITIO O CUALQUIER SITIO WEB CON HIPERV\u00cdNCULOS, YA SEA ACERCA DE LA BASE DE GARANT\u00cdA, CONTRATO, AGRAVIO O CUALQUIER OTRO TIPO DE TEOR\u00cdA LEGAL E INDEPENDIENTEMENTE DE QUE SEA ADVERTIDO O NO ACERCA DE LA POSIBILIDAD DE DICHOS PERJUICIOS. \u00a0 EL \u00daNICO RECURSO AL QUE PUEDE RECURRIR EN CASO DE DISCONFORMIDAD CON EL SITIO, LOS SERVICIOS RELACIONADOS CON EL SITIO O LOS SITIOS WEB CON HIPERV\u00cdNCULOS ES DEJAR DE UTILIZAR EL SITIO O DICHOS SERVICIOS. \u00a0 DETERMINADAS LEYES ESTATALES NO PERMITEN LIMITACIONES ACERCA DE LAS GARANT\u00cdAS IMPL\u00cdCITAS. \u00a0 SI ESTAS LEYES SE APLICAN A USTED, ES POSIBLE QUE ALGUNAS O LA TOTALIDAD DE LAS EXENCIONES, EXCLUSIONES O LIMITACIONES MENCIONADAS ANTERIORMENTE NO SE APLIQUEN EN SU CASO, Y USTED PUEDA TENER DERECHOS ADICIONALES.<\/p>\n\n\n\n<h2 class=\"wp-block-heading\">Indemnizaci\u00f3n<\/h2>\n\n\n\n<p>Usted acepta indemnizar, defender y eximir de responsabilidad a CDF y sus filiales y proveedores de informaci\u00f3n, as\u00ed como a sus ejecutivos, directores, empleados y agentes, de y contra todas las p\u00e9rdidas, gastos, perjuicios y costos, incluidos los honorarios razonables de abogados, que sean consecuencia de cualquier violaci\u00f3n de estos T\u00e9rminos y condiciones.<\/p>\n\n\n\n<h2 class=\"wp-block-heading\">Enlaces o punteros a otros sitios<\/h2>\n\n\n\n<p>CDF no emite garant\u00eda alguna acerca de ning\u00fan otro sitio web al que pueda acceder a trav\u00e9s de este Sitio. \u00a0 Cuando acceda a un sitio que no sea de CDF, tenga en cuenta que dicho sitio web no perteneciente a CDF es independiente de CDF y que CDF no tiene control acerca del contenido de dicho sitio web. \u00a0 Adem\u00e1s, un hiperv\u00ednculo a un sitio web no perteneciente a CDF no significa que CDF respalde o acepte responsabilidad alguna por el contenido o el uso del sitio vinculado. \u00a0 Depende de usted tomar precauciones para asegurarse de que todo lo que seleccione para su uso o descarga no contenga defectos tales como virus, gusanos, troyanos y otros elementos de naturaleza destructiva. \u00a0 Si decide acceder a cualquiera de los sitios externos vinculados a este Sitio, lo hace bajo su absoluta responsabilidad.<\/p>\n\n\n\n<h2 class=\"wp-block-heading\">Procedimiento para presentar reclamos de infracci\u00f3n de derechos de autor<\/h2>\n\n\n\n<p>De acuerdo con la Secci\u00f3n 202 de la Ley de Derechos de Autor en el Milenio Digital (Digital Millennium Copyright Act), T\u00edtulo 17, Secci\u00f3n 512 del C\u00f3digo de los Estados Unidos (United States Code, U.S.C.), CDF ha designado un agente para la notificaci\u00f3n de reclamos por infracci\u00f3n al proporcionar la informaci\u00f3n de contacto de dicho agente designado a la Oficina de Derechos de Autor de los Estados Unidos. \u00a0 Cualquier notificaci\u00f3n de reclamo por infracci\u00f3n de derechos de autor debe enviarse a CDF como se especifica a continuaci\u00f3n:<\/p>\n\n\n\n<p>CDF Corporation<br\/>77 Industrial Park Rd.<br\/>Plymouth, MA 02360<br\/>Tel\u00e9fono: 508-747-5858<br\/>Direcci\u00f3n de correo electr\u00f3nico: <a href=\"MAILTO:custserv@cdf1.com\">custserv@cdf1.com<\/a><\/p>\n\n\n\n<p>Si notifica a CDF acerca de una supuesta infracci\u00f3n de derechos de autor, aseg\u00farese de proporcionar la siguiente informaci\u00f3n:<br\/>(i) Una descripci\u00f3n de la obra protegida por derechos de autor acerca de la que alega que se comete una infracci\u00f3n o, si varias obras protegidas por derechos de autor est\u00e1n contempladas en una notificaci\u00f3n \u00fanica, una lista representativa de dichas obras; (ii) una descripci\u00f3n del material que constituye la supuesta infracci\u00f3n e informaci\u00f3n suficiente para permitir que CDF localice el material; (iii) informaci\u00f3n razonablemente suficiente para permitir que CDF se comunique con usted, como una direcci\u00f3n, un n\u00famero de tel\u00e9fono o una direcci\u00f3n de correo electr\u00f3nico; (iv) una declaraci\u00f3n en su nombre de que cree de buena fe que el uso del material en la forma reclamada no est\u00e1 autorizado por el propietario de los derechos de autor, su agente o la ley; y (v) una declaraci\u00f3n en su nombre de que la informaci\u00f3n presentada en la notificaci\u00f3n es precisa y que usted tiene la autoridad para ejercer los derechos de autor acerca de los que se alega una infracci\u00f3n.<\/p>\n\n\n\n<h2 class=\"wp-block-heading\">Ausencia de fines il\u00edcitos o prohibidos<\/h2>\n\n\n\n<p>Como condici\u00f3n para el uso de este Sitio, usted garantiza a CDF que no utilizar\u00e1 el Sitio para ning\u00fan fin que sea il\u00edcito o que est\u00e9 prohibido en virtud de estos T\u00e9rminos y Condiciones.<\/p>\n<\/div><\/div>\n\n\n\n<div class=\"wp-block-group results-wrap padding-top-40 padding-bottom-20\"><div class=\"wp-block-group__inner-container is-layout-flow wp-block-group-is-layout-flow\">\n<h2 class=\"wp-block-heading\">Generalidades<\/h2>\n\n\n\n<p>CDF se reserva el derecho, a su criterio exclusivo, de cancelar su acceso a la totalidad o a una parte de este Sitio, con o sin causa, y con o sin previo aviso. En el caso de que una corte u otro tribunal de jurisdicci\u00f3n competente determine que cualquiera de los T\u00e9rminos y condiciones es inexigibles, dichas disposiciones se limitar\u00e1n o eliminar\u00e1n en la medida m\u00ednima necesaria, y las disposiciones restantes de estos T\u00e9rminos y condiciones, de otro modo, se mantendr\u00e1n en vigor y efecto plenos. Este Sitio y estos T\u00e9rminos y condiciones se regir\u00e1n e interpretar\u00e1n de acuerdo con las leyes de la Mancomunidad de Massachusetts, sin tener en cuenta sus principios de elecci\u00f3n del derecho aplicable. Al utilizar este Sitio, usted acepta someterse a la jurisdicci\u00f3n exclusiva de cualquier tribunal estatal o federal con sede en el Condado de Plymouth en la Mancomunidad de Massachusetts, EE.\u00a0UU., y acepta que todas las disputas directa o indirectamente relacionadas con este Sitio y estos T\u00e9rminos y condiciones se litiguen \u00fanicamente en dichos tribunales. Asimismo, usted renuncia a cualquier objeci\u00f3n hacia cualquiera de dichos tribunales que se base en la falta de jurisdicci\u00f3n personal, lugar inadecuado o forum non conveniens. Estos T\u00e9rminos y condiciones constituyen el acuerdo completo entre las partes con respecto a la materia del presente documento. Este acuerdo sustituye y reemplaza todos los entendimientos o acuerdos anteriores o contempor\u00e1neos, escritos u orales, con respecto a dicha materia. Toda exenci\u00f3n a cualquier disposici\u00f3n de estos T\u00e9rminos y condiciones entrar\u00e1 en vigor solo si se realiza por escrito y est\u00e1 firmada por CDF. A su entera discreci\u00f3n, CDF puede revisar estos T\u00e9rminos y condiciones ocasionalmente al actualizar esta publicaci\u00f3n. Determinadas disposiciones de estos T\u00e9rminos y condiciones pueden ser sustituidas por avisos legales expresamente designados o t\u00e9rminos establecidos en determinadas p\u00e1ginas que contenga este Sitio.<\/p>\n\n\n\n<p>Copyright 2015 CDF Corporation. Todos los derechos reservados.<\/p>\n<\/div><\/div>\n<\/div><\/div>\n","protected":false},"excerpt":{"rendered":"<p>Gracias por visitar el sitio web (el \u201cSitio\u201d) de CDF Corporation (\u201cCDF\u201d). \u00a0 En esta p\u00e1gina se establecen los t\u00e9rminos y condiciones (\u201cT\u00e9rminos y condiciones\u201d) que regir\u00e1n el uso que haga del Sitio. El cumplimiento de estos T\u00e9rminos y condiciones es una condici\u00f3n para que use el Sitio. \u00a0 Si no acepta cumplir con estos [&hellip;]<\/p>\n","protected":false},"author":4,"featured_media":1881,"parent":0,"menu_order":0,"comment_status":"closed","ping_status":"closed","template":"","meta":{"_acf_changed":false,"content-type":"","_genesis_hide_title":false,"_genesis_hide_breadcrumbs":false,"_genesis_hide_singular_image":false,"_genesis_hide_footer_widgets":false,"_genesis_custom_body_class":"","_genesis_custom_post_class":"","_genesis_layout":"full-width-content","footnotes":""},"class_list":{"0":"post-9992","1":"page","2":"type-page","3":"status-publish","4":"has-post-thumbnail","6":"entry"},"acf":[],"featured_image_src":"https:\/\/www.cdf1.com\/wp-content\/uploads\/2020\/07\/new-feature-placeholder-sliced.png","featured_image_src_square":"https:\/\/www.cdf1.com\/wp-content\/uploads\/2020\/07\/new-feature-placeholder-sliced.png","_links":{"self":[{"href":"https:\/\/www.cdf1.com\/es\/wp-json\/wp\/v2\/pages\/9992","targetHints":{"allow":["GET"]}}],"collection":[{"href":"https:\/\/www.cdf1.com\/es\/wp-json\/wp\/v2\/pages"}],"about":[{"href":"https:\/\/www.cdf1.com\/es\/wp-json\/wp\/v2\/types\/page"}],"author":[{"embeddable":true,"href":"https:\/\/www.cdf1.com\/es\/wp-json\/wp\/v2\/users\/4"}],"replies":[{"embeddable":true,"href":"https:\/\/www.cdf1.com\/es\/wp-json\/wp\/v2\/comments?post=9992"}],"version-history":[{"count":10,"href":"https:\/\/www.cdf1.com\/es\/wp-json\/wp\/v2\/pages\/9992\/revisions"}],"predecessor-version":[{"id":11230,"href":"https:\/\/www.cdf1.com\/es\/wp-json\/wp\/v2\/pages\/9992\/revisions\/11230"}],"wp:featuredmedia":[{"embeddable":true,"href":"https:\/\/www.cdf1.com\/es\/wp-json\/wp\/v2\/media\/1881"}],"wp:attachment":[{"href":"https:\/\/www.cdf1.com\/es\/wp-json\/wp\/v2\/media?parent=9992"}],"curies":[{"name":"wp","href":"https:\/\/api.w.org\/{rel}","templated":true}]}}