{"id":9962,"date":"2023-12-04T19:08:41","date_gmt":"2023-12-04T19:08:41","guid":{"rendered":"https:\/\/www.cdf1.com\/lubricantes-y-grasas\/"},"modified":"2024-02-25T10:01:14","modified_gmt":"2024-02-25T10:01:14","slug":"lubricantes-y-grasas","status":"publish","type":"page","link":"https:\/\/www.cdf1.com\/es\/lubricantes-y-grasas\/","title":{"rendered":"Lubricantes y grasas"},"content":{"rendered":"\n<div class=\"wp-block-cover is-light page-heading cover-heading shadow-out-bottom\" style=\"min-height:610px;aspect-ratio:unset;\"><span aria-hidden=\"true\" class=\"wp-block-cover__background has-background-dim-0 has-background-dim\"><\/span><img decoding=\"async\" width=\"2560\" height=\"918\" class=\"wp-block-cover__image-background wp-image-3125 lazyload\" alt=\"\" data-src=\"https:\/\/www.cdf1.com\/wp-content\/uploads\/2021\/09\/lubricant-greases-header-2.jpg\" style=\"--smush-placeholder-width: 2560px; --smush-placeholder-aspect-ratio: 2560\/918;object-position:70% 50%\" data-object-fit=\"cover\" data-object-position=\"70% 50%\" data-srcset=\"https:\/\/www.cdf1.com\/wp-content\/uploads\/2021\/09\/lubricant-greases-header-2.jpg 2560w, https:\/\/www.cdf1.com\/wp-content\/uploads\/2021\/09\/lubricant-greases-header-2-300x108.jpg 300w, https:\/\/www.cdf1.com\/wp-content\/uploads\/2021\/09\/lubricant-greases-header-2-1024x367.jpg 1024w, https:\/\/www.cdf1.com\/wp-content\/uploads\/2021\/09\/lubricant-greases-header-2-768x275.jpg 768w, https:\/\/www.cdf1.com\/wp-content\/uploads\/2021\/09\/lubricant-greases-header-2-1536x551.jpg 1536w, https:\/\/www.cdf1.com\/wp-content\/uploads\/2021\/09\/lubricant-greases-header-2-2048x734.jpg 2048w\" data-sizes=\"(max-width: 2560px) 100vw, 2560px\" src=\"data:image\/svg+xml;base64,PHN2ZyB3aWR0aD0iMSIgaGVpZ2h0PSIxIiB4bWxucz0iaHR0cDovL3d3dy53My5vcmcvMjAwMC9zdmciPjwvc3ZnPg==\" \/><div class=\"wp-block-cover__inner-container is-layout-flow wp-block-cover-is-layout-flow\">\n<div class=\"wp-block-group fixed-width fixed-1080 heading-inner-wrap\"><div class=\"wp-block-group__inner-container is-layout-flow wp-block-group-is-layout-flow\">\n<div class=\"wp-block-group text-wrap\"><div class=\"wp-block-group__inner-container is-layout-flow wp-block-group-is-layout-flow\">\n<h1 class=\"has-text-color wp-block-heading\" style=\"color:#0d80b1\">Lubricantes y grasas<\/h1>\n<\/div><\/div>\n<\/div><\/div>\n<\/div><\/div>\n\n<div class=\"wp-block-group fixed-width fixed-1080 padding-top-140 padding-bottom-80 text-img-section\"><div class=\"wp-block-group__inner-container is-layout-flow wp-block-group-is-layout-flow\">\n<div class=\"wp-block-columns is-layout-flex wp-container-core-columns-is-layout-9d6595d7 wp-block-columns-is-layout-flex\">\n<div class=\"wp-block-column is-layout-flow wp-block-column-is-layout-flow\">\n<figure class=\"wp-block-image size-full shadow-wrap max-width-485 slide-up-f\"><img decoding=\"async\" width=\"758\" height=\"716\" data-src=\"https:\/\/www.cdf1.com\/wp-content\/uploads\/2021\/08\/lubricant-greases-4.jpg\" alt=\"\" class=\"wp-image-4331 lazyload\" data-srcset=\"https:\/\/www.cdf1.com\/wp-content\/uploads\/2021\/08\/lubricant-greases-4.jpg 758w, https:\/\/www.cdf1.com\/wp-content\/uploads\/2021\/08\/lubricant-greases-4-300x283.jpg 300w\" data-sizes=\"(max-width: 758px) 100vw, 758px\" src=\"data:image\/svg+xml;base64,PHN2ZyB3aWR0aD0iMSIgaGVpZ2h0PSIxIiB4bWxucz0iaHR0cDovL3d3dy53My5vcmcvMjAwMC9zdmciPjwvc3ZnPg==\" style=\"--smush-placeholder-width: 758px; --smush-placeholder-aspect-ratio: 758\/716;\" \/><\/figure>\n<\/div>\n\n\n\n<div class=\"wp-block-column is-layout-flow wp-block-column-is-layout-flow\">\n<div class=\"wp-block-group text-wrap max-width-450\"><div class=\"wp-block-group__inner-container is-layout-flow wp-block-group-is-layout-flow\">\n<h2 class=\"wp-block-heading\"><strong>Caja con bolsa interior para envasado de lubricantes y grasas\u00a0<\/strong><\/h2>\n\n\n\n<p>CDF es el l\u00edder de la industria en envases de caja con bolsa interior para lubricantes y grasas. Hemos revolucionado esta tendencia de envasado a un nivel que garantiza la m\u00e1s alta calidad y funcionalidad para nuestros clientes.<\/p>\n\n\n\n<p class=\"link-blue-underline\"><a href=\"https:\/\/www.cdf1.com\/bag-in-box-for-lubricant-greases-packaging\/\">Obtener m\u00e1s informaci\u00f3n<\/a><\/p>\n<\/div><\/div>\n<\/div>\n<\/div>\n<\/div><\/div>\n\n<div class=\"wp-block-group fixed-width fixed-1080 padding-top-140 padding-bottom-80 pb-xs--0 text-img-section\"><div class=\"wp-block-group__inner-container is-layout-flow wp-block-group-is-layout-flow\">\n<div class=\"wp-block-columns is-layout-flex wp-container-core-columns-is-layout-9d6595d7 wp-block-columns-is-layout-flex\">\n<div class=\"wp-block-column is-layout-flow wp-block-column-is-layout-flow\">\n<div class=\"wp-block-group text-wrap max-width-450\"><div class=\"wp-block-group__inner-container is-layout-flow wp-block-group-is-layout-flow\">\n<h2 class=\"wp-block-heading\"><strong>Revestimientos de barriles y cubetas<\/strong><\/h2>\n\n\n\n<p>Explore la importancia de los revestimientos de barriles y cubetas para el envasado de lubricantes y grasas. Analicemos algunos de los mejores tipos de revestimientos para estos prop\u00f3sitos:<\/p>\n\n\n\n<ol class=\"wp-block-list\">\n<li>Revestimientos termoformados<\/li>\n\n\n\n<li>Revestimientos de base circular<\/li>\n\n\n\n<li>Revestimientos moldeados por soplado<\/li>\n\n\n\n<li>Bolsas de costuras planas<\/li>\n<\/ol>\n\n\n\n<p class=\"link-blue-underline\"><a href=\"https:\/\/www.cdf1.com\/drum-pail-liners-for-lubricant-greases-packaging\/\">Obtener m\u00e1s informaci\u00f3n<\/a><\/p>\n<\/div><\/div>\n<\/div>\n\n\n\n<div class=\"wp-block-column is-layout-flow wp-block-column-is-layout-flow\">\n<figure class=\"wp-block-image size-large shadow-wrap max-width-485 slide-up-f\"><img decoding=\"async\" width=\"1024\" height=\"734\" data-src=\"https:\/\/www.cdf1.com\/wp-content\/uploads\/2021\/09\/drum-and-pail-header-1-1024x734.jpg\" alt=\"revestimientos de barriles y cubetas para envases de alimentos y bebidas\" class=\"wp-image-2544 lazyload\" data-srcset=\"https:\/\/www.cdf1.com\/wp-content\/uploads\/2021\/09\/drum-and-pail-header-1-1024x734.jpg 1024w, https:\/\/www.cdf1.com\/wp-content\/uploads\/2021\/09\/drum-and-pail-header-1-300x215.jpg 300w, https:\/\/www.cdf1.com\/wp-content\/uploads\/2021\/09\/drum-and-pail-header-1-768x551.jpg 768w, https:\/\/www.cdf1.com\/wp-content\/uploads\/2021\/09\/drum-and-pail-header-1.jpg 1280w\" data-sizes=\"(max-width: 1024px) 100vw, 1024px\" src=\"data:image\/svg+xml;base64,PHN2ZyB3aWR0aD0iMSIgaGVpZ2h0PSIxIiB4bWxucz0iaHR0cDovL3d3dy53My5vcmcvMjAwMC9zdmciPjwvc3ZnPg==\" style=\"--smush-placeholder-width: 1024px; --smush-placeholder-aspect-ratio: 1024\/734;\" \/><\/figure>\n<\/div>\n<\/div>\n<\/div><\/div>\n\n<div class=\"wp-block-group fixed-width fixed-1080 padding-top-140 padding-bottom-80 text-img-section\"><div class=\"wp-block-group__inner-container is-layout-flow wp-block-group-is-layout-flow\">\n<div class=\"wp-block-columns is-layout-flex wp-container-core-columns-is-layout-9d6595d7 wp-block-columns-is-layout-flex\">\n<div class=\"wp-block-column is-layout-flow wp-block-column-is-layout-flow\">\n<figure class=\"wp-block-image size-full shadow-wrap max-width-485 slide-up-f\"><img decoding=\"async\" width=\"768\" height=\"876\" data-src=\"https:\/\/www.cdf1.com\/wp-content\/uploads\/2021\/08\/lubricant-greases-1.jpg\" alt=\"\" class=\"wp-image-4314 lazyload\" data-srcset=\"https:\/\/www.cdf1.com\/wp-content\/uploads\/2021\/08\/lubricant-greases-1.jpg 768w, https:\/\/www.cdf1.com\/wp-content\/uploads\/2021\/08\/lubricant-greases-1-263x300.jpg 263w\" data-sizes=\"(max-width: 768px) 100vw, 768px\" src=\"data:image\/svg+xml;base64,PHN2ZyB3aWR0aD0iMSIgaGVpZ2h0PSIxIiB4bWxucz0iaHR0cDovL3d3dy53My5vcmcvMjAwMC9zdmciPjwvc3ZnPg==\" style=\"--smush-placeholder-width: 768px; --smush-placeholder-aspect-ratio: 768\/876;\" \/><\/figure>\n<\/div>\n\n\n\n<div class=\"wp-block-column is-layout-flow wp-block-column-is-layout-flow\">\n<div class=\"wp-block-group section-title-xl text-wrap max-width-450 anim_init\"><div class=\"wp-block-group__inner-container is-layout-flow wp-block-group-is-layout-flow\">\n<h2 class=\"wp-block-heading\"><strong><strong>Contra viento y marea<\/strong><\/strong><\/h2>\n\n\n\n<p>Con una trayectoria comprobada en la creaci\u00f3n de sistemas de envasado para el mercado de lubricantes y grasas, nuestros sistemas de envasado brindan beneficios de sostenibilidad y rendimiento sin precedentes. Fabricamos opciones de revestimiento embutido est\u00e1ndares para barriles, toneles y cubetas mientras dise\u00f1amos y fabricamos sistemas de envasado personalizados como cajas con bolsa interior para aplicaciones con requisitos de dispensaci\u00f3n.<\/p>\n<\/div><\/div>\n<\/div>\n<\/div>\n<\/div><\/div>\n\n<div class=\"wp-block-cover is-light animated-bg-img\"><span aria-hidden=\"true\" class=\"wp-block-cover__background has-background-dim-0 has-background-dim\"><\/span><img decoding=\"async\" width=\"2560\" height=\"1254\" class=\"wp-block-cover__image-background wp-image-877 lazyload\" alt=\"\" data-src=\"https:\/\/www.cdf1.com\/wp-content\/uploads\/2021\/07\/bottom-green-shape.jpg\" style=\"--smush-placeholder-width: 2560px; --smush-placeholder-aspect-ratio: 2560\/1254;object-position:50% 0%\" data-object-fit=\"cover\" data-object-position=\"50% 0%\" data-srcset=\"https:\/\/www.cdf1.com\/wp-content\/uploads\/2021\/07\/bottom-green-shape.jpg 2560w, https:\/\/www.cdf1.com\/wp-content\/uploads\/2021\/07\/bottom-green-shape-300x147.jpg 300w, https:\/\/www.cdf1.com\/wp-content\/uploads\/2021\/07\/bottom-green-shape-1024x502.jpg 1024w, https:\/\/www.cdf1.com\/wp-content\/uploads\/2021\/07\/bottom-green-shape-768x376.jpg 768w, https:\/\/www.cdf1.com\/wp-content\/uploads\/2021\/07\/bottom-green-shape-1536x752.jpg 1536w, https:\/\/www.cdf1.com\/wp-content\/uploads\/2021\/07\/bottom-green-shape-2048x1003.jpg 2048w\" data-sizes=\"(max-width: 2560px) 100vw, 2560px\" src=\"data:image\/svg+xml;base64,PHN2ZyB3aWR0aD0iMSIgaGVpZ2h0PSIxIiB4bWxucz0iaHR0cDovL3d3dy53My5vcmcvMjAwMC9zdmciPjwvc3ZnPg==\" \/><div class=\"wp-block-cover__inner-container is-layout-flow wp-block-cover-is-layout-flow\">\n<div class=\"wp-block-group fixed-width fixed-1080 vc-wrap padding-top-140 padding-bottom-80 text-img-section\"><div class=\"wp-block-group__inner-container is-layout-flow wp-block-group-is-layout-flow\">\n<div class=\"wp-block-columns is-layout-flex wp-container-core-columns-is-layout-9d6595d7 wp-block-columns-is-layout-flex\">\n<div class=\"wp-block-column is-layout-flow wp-block-column-is-layout-flow\">\n<div class=\"wp-block-group text-wrap max-width-450 anim_init\"><div class=\"wp-block-group__inner-container is-layout-flow wp-block-group-is-layout-flow\">\n<figure class=\"wp-block-image size-large\"><img decoding=\"async\" width=\"49\" height=\"90\" data-src=\"https:\/\/www.cdf1.com\/wp-content\/uploads\/2021\/08\/engine-oil.svg\" alt=\"\" class=\"wp-image-1553 lazyload\" src=\"data:image\/svg+xml;base64,PHN2ZyB3aWR0aD0iMSIgaGVpZ2h0PSIxIiB4bWxucz0iaHR0cDovL3d3dy53My5vcmcvMjAwMC9zdmciPjwvc3ZnPg==\" style=\"--smush-placeholder-width: 49px; --smush-placeholder-aspect-ratio: 49\/90;\" \/><\/figure>\n\n\n\n<h2 class=\"has-text-color wp-block-heading\" style=\"color:#363b40\">Los productos de alto rendimiento merecen envases de alto rendimiento<\/h2>\n\n\n\n<p class=\"has-text-color\" style=\"color:#363b40\">Los productos de alto rendimiento merecen una soluci\u00f3n de envasado de alto rendimiento. CDF dise\u00f1a y fabrica soluciones de envasado s\u00f3lidas, ergon\u00f3micas y f\u00e1ciles de usar para las aplicaciones m\u00e1s cr\u00edticas.\u00a0\u00a0Desarrollamos soluciones de envasado innovador (Mindful Packaging) para reducir el impacto ambiental, aumentar la evacuaci\u00f3n del producto y proporcionar un sistema de envasado seguro y protegido.<\/p>\n<\/div><\/div>\n<\/div>\n\n\n\n<div class=\"wp-block-column is-layout-flow wp-block-column-is-layout-flow\">\n<figure class=\"wp-block-image size-large shadow-wrap max-width-485 slide-down-f\"><img decoding=\"async\" width=\"932\" height=\"716\" data-src=\"https:\/\/www.cdf1.com\/wp-content\/uploads\/2021\/08\/lubricant-greases-2.jpg\" alt=\"CDF dise&#xF1;a y fabrica soluciones de envasado s&#xF3;lidas\" class=\"wp-image-1554 lazyload\" data-srcset=\"https:\/\/www.cdf1.com\/wp-content\/uploads\/2021\/08\/lubricant-greases-2.jpg 932w, https:\/\/www.cdf1.com\/wp-content\/uploads\/2021\/08\/lubricant-greases-2-300x230.jpg 300w, https:\/\/www.cdf1.com\/wp-content\/uploads\/2021\/08\/lubricant-greases-2-768x590.jpg 768w\" data-sizes=\"(max-width: 932px) 100vw, 932px\" src=\"data:image\/svg+xml;base64,PHN2ZyB3aWR0aD0iMSIgaGVpZ2h0PSIxIiB4bWxucz0iaHR0cDovL3d3dy53My5vcmcvMjAwMC9zdmciPjwvc3ZnPg==\" style=\"--smush-placeholder-width: 932px; --smush-placeholder-aspect-ratio: 932\/716;\" \/><\/figure>\n<\/div>\n<\/div>\n<\/div><\/div>\n<\/div><\/div>\n\n<div class=\"wp-block-cover is-light animated-bg-img\"><span aria-hidden=\"true\" class=\"wp-block-cover__background has-background-dim-0 has-background-dim\"><\/span><img decoding=\"async\" width=\"2560\" height=\"1254\" class=\"wp-block-cover__image-background wp-image-878 lazyload\" alt=\"\" data-src=\"https:\/\/www.cdf1.com\/wp-content\/uploads\/2021\/07\/top-green-shape.jpg\" style=\"--smush-placeholder-width: 2560px; --smush-placeholder-aspect-ratio: 2560\/1254;object-position:50% 100%\" data-object-fit=\"cover\" data-object-position=\"50% 100%\" data-srcset=\"https:\/\/www.cdf1.com\/wp-content\/uploads\/2021\/07\/top-green-shape.jpg 2560w, https:\/\/www.cdf1.com\/wp-content\/uploads\/2021\/07\/top-green-shape-300x147.jpg 300w, https:\/\/www.cdf1.com\/wp-content\/uploads\/2021\/07\/top-green-shape-1024x502.jpg 1024w, https:\/\/www.cdf1.com\/wp-content\/uploads\/2021\/07\/top-green-shape-768x376.jpg 768w, https:\/\/www.cdf1.com\/wp-content\/uploads\/2021\/07\/top-green-shape-1536x752.jpg 1536w, https:\/\/www.cdf1.com\/wp-content\/uploads\/2021\/07\/top-green-shape-2048x1003.jpg 2048w\" data-sizes=\"(max-width: 2560px) 100vw, 2560px\" src=\"data:image\/svg+xml;base64,PHN2ZyB3aWR0aD0iMSIgaGVpZ2h0PSIxIiB4bWxucz0iaHR0cDovL3d3dy53My5vcmcvMjAwMC9zdmciPjwvc3ZnPg==\" \/><div class=\"wp-block-cover__inner-container is-layout-flow wp-block-cover-is-layout-flow\">\n<div class=\"wp-block-group fixed-width fixed-1080 vc-wrap padding-bottom-80 img-text-section\"><div class=\"wp-block-group__inner-container is-layout-flow wp-block-group-is-layout-flow\">\n<div class=\"wp-block-columns is-layout-flex wp-container-core-columns-is-layout-9d6595d7 wp-block-columns-is-layout-flex\">\n<div class=\"wp-block-column is-layout-flow wp-block-column-is-layout-flow\">\n<figure class=\"wp-block-image size-large shadow-wrap max-width-485 slide-up-f\"><img decoding=\"async\" width=\"758\" height=\"716\" data-src=\"https:\/\/www.cdf1.com\/wp-content\/uploads\/2021\/08\/lubricant-greases-4.jpg\" alt=\"CDF - Mindful Packaging aplicado a la pr&#xE1;ctica\" class=\"wp-image-1558 lazyload\" data-srcset=\"https:\/\/www.cdf1.com\/wp-content\/uploads\/2021\/08\/lubricant-greases-4.jpg 758w, https:\/\/www.cdf1.com\/wp-content\/uploads\/2021\/08\/lubricant-greases-4-300x283.jpg 300w\" data-sizes=\"(max-width: 758px) 100vw, 758px\" src=\"data:image\/svg+xml;base64,PHN2ZyB3aWR0aD0iMSIgaGVpZ2h0PSIxIiB4bWxucz0iaHR0cDovL3d3dy53My5vcmcvMjAwMC9zdmciPjwvc3ZnPg==\" style=\"--smush-placeholder-width: 758px; --smush-placeholder-aspect-ratio: 758\/716;\" \/><\/figure>\n<\/div>\n\n\n\n<div class=\"wp-block-column is-layout-flow wp-block-column-is-layout-flow\">\n<div class=\"wp-block-group text-wrap max-width-450 anim_init\"><div class=\"wp-block-group__inner-container is-layout-flow wp-block-group-is-layout-flow\">\n<figure class=\"wp-block-image size-large\"><img decoding=\"async\" width=\"65\" height=\"82\" data-src=\"https:\/\/www.cdf1.com\/wp-content\/uploads\/2021\/08\/lubricant-oil.svg\" alt=\"\" class=\"wp-image-1555 lazyload\" src=\"data:image\/svg+xml;base64,PHN2ZyB3aWR0aD0iMSIgaGVpZ2h0PSIxIiB4bWxucz0iaHR0cDovL3d3dy53My5vcmcvMjAwMC9zdmciPjwvc3ZnPg==\" style=\"--smush-placeholder-width: 65px; --smush-placeholder-aspect-ratio: 65\/82;\" \/><\/figure>\n\n\n\n<h2 class=\"has-text-color wp-block-heading\" style=\"color:#363b40\">Mindful Packaging aplicado a la pr\u00e1ctica<\/h2>\n\n\n\n<p class=\"has-text-color\" style=\"color:#363b40\">El desarrollo, la producci\u00f3n y la distribuci\u00f3n responsables de productos desde su creaci\u00f3n hasta su desecho son esenciales en la industria de lubricantes y grasas. Es por eso que la FCD es part\u00edcipe del\u00a0<strong>Programa Responsible Care\u00ae<\/strong>\u00a0, una iniciativa voluntaria de la industria petroqu\u00edmica y qu\u00edmica mundial para manipular de forma segura los productos qu\u00edmicos desde el comienzo, pasando por la fabricaci\u00f3n y distribuci\u00f3n, hasta la reutilizaci\u00f3n, el reciclaje y el desecho finales.\u00a0<\/p>\n<\/div><\/div>\n<\/div>\n<\/div>\n<\/div><\/div>\n<\/div><\/div>\n\n<div class=\"wp-block-group fixed-width fixed-1080 vc-wrap padding-top-140 padding-bottom-80 text-img-section pt-xs--60\"><div class=\"wp-block-group__inner-container is-layout-flow wp-block-group-is-layout-flow\">\n<div class=\"wp-block-columns is-layout-flex wp-container-core-columns-is-layout-9d6595d7 wp-block-columns-is-layout-flex\">\n<div class=\"wp-block-column is-layout-flow wp-block-column-is-layout-flow\">\n<div class=\"wp-block-group text-wrap max-width-450 anim_init\"><div class=\"wp-block-group__inner-container is-layout-flow wp-block-group-is-layout-flow\">\n<figure class=\"wp-block-image size-large\"><img decoding=\"async\" width=\"58\" height=\"89\" data-src=\"https:\/\/www.cdf1.com\/wp-content\/uploads\/2021\/08\/lubricant.svg\" alt=\"\" class=\"wp-image-1559 lazyload\" src=\"data:image\/svg+xml;base64,PHN2ZyB3aWR0aD0iMSIgaGVpZ2h0PSIxIiB4bWxucz0iaHR0cDovL3d3dy53My5vcmcvMjAwMC9zdmciPjwvc3ZnPg==\" style=\"--smush-placeholder-width: 58px; --smush-placeholder-aspect-ratio: 58\/89;\" \/><\/figure>\n\n\n\n<h2 class=\"wp-block-heading\">Proteja su producto<\/h2>\n\n\n\n<p>La calidad de los productos y la pureza de los materiales utilizados en sus envases constituyen nuestras principales preocupaciones. CDF utiliza \u00fanicamente pl\u00e1sticos de la m\u00e1s alta calidad y resinas aprobadas por la Administraci\u00f3n de Alimentos y Medicamentos (Food and Drug Administration, FDA). Adem\u00e1s, utilizamos t\u00e9cnicas de control de est\u00e1tica y aislamiento del producto terminado de conformidad con los requisitos de ausencia de part\u00edculas para mantener una alta calidad del producto durante todo el proceso de fabricaci\u00f3n. Cumplimos con los est\u00e1ndares internacionales de buenas pr\u00e1cticas de fabricaci\u00f3n, al utilizar la recopilaci\u00f3n de datos de Control Estad\u00edstico de Procesos (Statistical Process Control, SPC). Somos una empresa registrada con certificaci\u00f3n ISO 9001:2015.<\/p>\n<\/div><\/div>\n<\/div>\n\n\n\n<div class=\"wp-block-column is-layout-flow wp-block-column-is-layout-flow\">\n<figure class=\"wp-block-image size-large shadow-wrap max-width-485 slide-up-s\"><img decoding=\"async\" width=\"758\" height=\"716\" data-src=\"https:\/\/www.cdf1.com\/wp-content\/uploads\/2021\/08\/lubricant-greases-3.jpg\" alt=\"CDF - Proteja su producto\" class=\"wp-image-1556 lazyload\" data-srcset=\"https:\/\/www.cdf1.com\/wp-content\/uploads\/2021\/08\/lubricant-greases-3.jpg 758w, https:\/\/www.cdf1.com\/wp-content\/uploads\/2021\/08\/lubricant-greases-3-300x283.jpg 300w\" data-sizes=\"(max-width: 758px) 100vw, 758px\" src=\"data:image\/svg+xml;base64,PHN2ZyB3aWR0aD0iMSIgaGVpZ2h0PSIxIiB4bWxucz0iaHR0cDovL3d3dy53My5vcmcvMjAwMC9zdmciPjwvc3ZnPg==\" style=\"--smush-placeholder-width: 758px; --smush-placeholder-aspect-ratio: 758\/716;\" \/><\/figure>\n<\/div>\n<\/div>\n<\/div><\/div>\n\n<div class=\"wp-block-group fixed-width block-has-rounded-corners vc-wrap text-img-section latest-story-section margin-bottom-100 has-text-color has-background\" style=\"color:#000000;background-color:#bceafa\"><div class=\"wp-block-group__inner-container is-layout-flow wp-block-group-is-layout-flow\">\n<div class=\"wp-block-group fixed-width fixed-1000 padding-top-80 padding-bottom-60 title-text-section\"><div class=\"wp-block-group__inner-container is-layout-flow wp-block-group-is-layout-flow\">\n<div class=\"wp-block-columns is-layout-flex wp-container-core-columns-is-layout-9d6595d7 wp-block-columns-is-layout-flex\">\n<div class=\"wp-block-column is-layout-flow wp-block-column-is-layout-flow\" style=\"flex-basis:70%\">\n<div class=\"wp-block-group text-wrap section-title-mix\"><div class=\"wp-block-group__inner-container is-layout-flow wp-block-group-is-layout-flow\">\n<h2 class=\"wp-block-heading\">\u00daltimas novedades<\/h2>\n\n\n\n<h3 class=\"wp-block-heading\">Chevron<\/h3>\n\n\n\n<p>Con una profunda trayectoria y al ser una las compa\u00f1\u00edas petroleras m\u00e1s importantes de los Estados Unidos, puede imaginar el grado de innovaci\u00f3n que Chevron ha planteado a lo largo de los a\u00f1os.<\/p>\n\n\n\n<p class=\"link-blue-underline\"><a href=\"https:\/\/www.cdf1.com\/case-study-chevron\/\">Lea el caso pr\u00e1ctico<\/a><\/p>\n<\/div><\/div>\n<\/div>\n\n\n\n<div class=\"wp-block-column is-layout-flow wp-block-column-is-layout-flow\" style=\"flex-basis:30%\">\n<figure class=\"wp-block-image size-large\"><img decoding=\"async\" width=\"134\" height=\"149\" data-src=\"https:\/\/www.cdf1.com\/wp-content\/uploads\/2021\/08\/chevron-color-logo.svg\" alt=\"Logotipo de Chevron\" class=\"wp-image-2245 lazyload\" src=\"data:image\/svg+xml;base64,PHN2ZyB3aWR0aD0iMSIgaGVpZ2h0PSIxIiB4bWxucz0iaHR0cDovL3d3dy53My5vcmcvMjAwMC9zdmciPjwvc3ZnPg==\" style=\"--smush-placeholder-width: 134px; --smush-placeholder-aspect-ratio: 134\/149;\" \/><\/figure>\n<\/div>\n<\/div>\n<\/div><\/div>\n<\/div><\/div>\n","protected":false},"excerpt":{"rendered":"<p>Caja con bolsa interior para envasado de lubricantes y grasas\u00a0 CDF es el l\u00edder de la industria en envases de caja con bolsa interior para lubricantes y grasas. Hemos revolucionado esta tendencia de envasado a un nivel que garantiza la m\u00e1s alta calidad y funcionalidad para nuestros clientes. Obtener m\u00e1s informaci\u00f3n Revestimientos de barriles y [&hellip;]<\/p>\n","protected":false},"author":4,"featured_media":1881,"parent":0,"menu_order":1,"comment_status":"closed","ping_status":"closed","template":"","meta":{"_acf_changed":false,"content-type":"","_genesis_hide_title":false,"_genesis_hide_breadcrumbs":false,"_genesis_hide_singular_image":false,"_genesis_hide_footer_widgets":false,"_genesis_custom_body_class":"","_genesis_custom_post_class":"","_genesis_layout":"full-width-content","footnotes":""},"class_list":{"0":"post-9962","1":"page","2":"type-page","3":"status-publish","4":"has-post-thumbnail","6":"entry"},"acf":[],"featured_image_src":"https:\/\/www.cdf1.com\/wp-content\/uploads\/2020\/07\/new-feature-placeholder-sliced.png","featured_image_src_square":"https:\/\/www.cdf1.com\/wp-content\/uploads\/2020\/07\/new-feature-placeholder-sliced.png","_links":{"self":[{"href":"https:\/\/www.cdf1.com\/es\/wp-json\/wp\/v2\/pages\/9962","targetHints":{"allow":["GET"]}}],"collection":[{"href":"https:\/\/www.cdf1.com\/es\/wp-json\/wp\/v2\/pages"}],"about":[{"href":"https:\/\/www.cdf1.com\/es\/wp-json\/wp\/v2\/types\/page"}],"author":[{"embeddable":true,"href":"https:\/\/www.cdf1.com\/es\/wp-json\/wp\/v2\/users\/4"}],"replies":[{"embeddable":true,"href":"https:\/\/www.cdf1.com\/es\/wp-json\/wp\/v2\/comments?post=9962"}],"version-history":[{"count":6,"href":"https:\/\/www.cdf1.com\/es\/wp-json\/wp\/v2\/pages\/9962\/revisions"}],"predecessor-version":[{"id":11206,"href":"https:\/\/www.cdf1.com\/es\/wp-json\/wp\/v2\/pages\/9962\/revisions\/11206"}],"wp:featuredmedia":[{"embeddable":true,"href":"https:\/\/www.cdf1.com\/es\/wp-json\/wp\/v2\/media\/1881"}],"wp:attachment":[{"href":"https:\/\/www.cdf1.com\/es\/wp-json\/wp\/v2\/media?parent=9962"}],"curies":[{"name":"wp","href":"https:\/\/api.w.org\/{rel}","templated":true}]}}