{"id":9959,"date":"2023-12-04T19:08:38","date_gmt":"2023-12-04T19:08:38","guid":{"rendered":"https:\/\/www.cdf1.com\/historias\/"},"modified":"2024-02-25T09:59:48","modified_gmt":"2024-02-25T09:59:48","slug":"historias","status":"publish","type":"page","link":"https:\/\/www.cdf1.com\/es\/historias\/","title":{"rendered":"Historias"},"content":{"rendered":"\n<div class=\"wp-block-group page-heading heading-img-bottom two-col-heading shadow-out-bottom\"><div class=\"wp-block-group__inner-container is-layout-flow wp-block-group-is-layout-flow\">\n<div class=\"wp-block-columns fixed-width is-layout-flex wp-container-core-columns-is-layout-9d6595d7 wp-block-columns-is-layout-flex\">\n<div class=\"wp-block-column is-layout-flow wp-block-column-is-layout-flow\" style=\"flex-basis:40%\">\n<div class=\"wp-block-group fixed-width fixed-1080 heading-inner-wrap\"><div class=\"wp-block-group__inner-container is-layout-flow wp-block-group-is-layout-flow\">\n<div class=\"wp-block-group text-wrap\"><div class=\"wp-block-group__inner-container is-layout-flow wp-block-group-is-layout-flow\">\n<h1 class=\"has-text-color wp-block-heading\" style=\"color:#0d80b1\">Historias<\/h1>\n<\/div><\/div>\n<\/div><\/div>\n<\/div>\n\n\n\n<div class=\"wp-block-column is-layout-flow wp-block-column-is-layout-flow\" style=\"flex-basis:60%\">\n<figure class=\"wp-block-image size-large\"><img decoding=\"async\" width=\"1024\" height=\"894\" data-src=\"https:\/\/www.cdf1.com\/wp-content\/uploads\/2021\/09\/stories-header-2-1024x894.jpg\" alt=\"Encabezado de Historias\" class=\"wp-image-2555 lazyload\" data-srcset=\"https:\/\/www.cdf1.com\/wp-content\/uploads\/2021\/09\/stories-header-2-1024x894.jpg 1024w, https:\/\/www.cdf1.com\/wp-content\/uploads\/2021\/09\/stories-header-2-300x262.jpg 300w, https:\/\/www.cdf1.com\/wp-content\/uploads\/2021\/09\/stories-header-2-768x670.jpg 768w, https:\/\/www.cdf1.com\/wp-content\/uploads\/2021\/09\/stories-header-2.jpg 1052w\" data-sizes=\"(max-width: 1024px) 100vw, 1024px\" src=\"data:image\/svg+xml;base64,PHN2ZyB3aWR0aD0iMSIgaGVpZ2h0PSIxIiB4bWxucz0iaHR0cDovL3d3dy53My5vcmcvMjAwMC9zdmciPjwvc3ZnPg==\" style=\"--smush-placeholder-width: 1024px; --smush-placeholder-aspect-ratio: 1024\/894;\" \/><\/figure>\n<\/div>\n<\/div>\n<\/div><\/div>\n\n<div class=\"wp-block-group fixed-width fixed-1080 padding-top-140 padding-bottom-100 title-text-section below-heading-section\"><div class=\"wp-block-group__inner-container is-layout-flow wp-block-group-is-layout-flow\">\n<div class=\"wp-block-columns is-layout-flex wp-container-core-columns-is-layout-9d6595d7 wp-block-columns-is-layout-flex\">\n<div class=\"wp-block-column is-layout-flow wp-block-column-is-layout-flow\">\n<div class=\"wp-block-group section-title-mix text-wrap anim_init\"><div class=\"wp-block-group__inner-container is-layout-flow wp-block-group-is-layout-flow\">\n<h2 class=\"wp-block-heading\">C\u00f3mo conseguirlo<\/h2>\n\n\n\n<h3 class=\"wp-block-heading\">Nuestro enfoque<\/h3>\n<\/div><\/div>\n<\/div>\n\n\n\n<div class=\"wp-block-column is-layout-flow wp-block-column-is-layout-flow\">\n<div class=\"wp-block-group anim_init\"><div class=\"wp-block-group__inner-container is-layout-flow wp-block-group-is-layout-flow\">\n<p>Nuestras diversas capacidades t\u00e9cnicas y de productos convierten a CDF en el l\u00edder internacional en la producci\u00f3n de revestimientos para cubetas, barriles y contenedores intermedios para materiales a granel, y soluciones de cajas con bolsa interior. Las operaciones de envases flexibles exitosas de CDF Corporation se basan en maquinaria, materiales y experiencia en fabricaci\u00f3n de avanzada.<\/p>\n<\/div><\/div>\n<\/div>\n<\/div>\n<\/div><\/div>\n\n<div class=\"wp-block-group bg-cdf-lavander margin-top-70\"><div class=\"wp-block-group__inner-container is-layout-flow wp-block-group-is-layout-flow\">\n<div class=\"wp-block-group fixed-width fixed-1080 block-top-out video-text-section vc-wrap padding-top-120 padding-bottom-80\"><div class=\"wp-block-group__inner-container is-layout-flow wp-block-group-is-layout-flow\">\n<div class=\"wp-block-columns is-layout-flex wp-container-core-columns-is-layout-9d6595d7 wp-block-columns-is-layout-flex\">\n<div class=\"wp-block-column is-layout-flow wp-block-column-is-layout-flow\">\n<figure class=\"wp-block-image size-full shadow-wrap slide-in-up\"><img decoding=\"async\" width=\"948\" height=\"894\" data-src=\"https:\/\/www.cdf1.com\/wp-content\/uploads\/2021\/09\/industrial-2.jpg\" alt=\"CDF Historias Sector industrial\" class=\"wp-image-2335 lazyload\" title=\"\" data-srcset=\"https:\/\/www.cdf1.com\/wp-content\/uploads\/2021\/09\/industrial-2.jpg 948w, https:\/\/www.cdf1.com\/wp-content\/uploads\/2021\/09\/industrial-2-300x283.jpg 300w, https:\/\/www.cdf1.com\/wp-content\/uploads\/2021\/09\/industrial-2-768x724.jpg 768w\" data-sizes=\"(max-width: 948px) 100vw, 948px\" src=\"data:image\/svg+xml;base64,PHN2ZyB3aWR0aD0iMSIgaGVpZ2h0PSIxIiB4bWxucz0iaHR0cDovL3d3dy53My5vcmcvMjAwMC9zdmciPjwvc3ZnPg==\" style=\"--smush-placeholder-width: 948px; --smush-placeholder-aspect-ratio: 948\/894;\" \/><\/figure>\n<\/div>\n\n\n\n<div class=\"wp-block-column is-layout-flow wp-block-column-is-layout-flow\">\n<div class=\"wp-block-group text-wrap max-width-450\"><div class=\"wp-block-group__inner-container is-layout-flow wp-block-group-is-layout-flow\">\n<h2 class=\"wp-block-heading\">Sector industrial<\/h2>\n\n\n\n<p>Obtenga m\u00e1s informaci\u00f3n acerca de c\u00f3mo hemos brindado soluciones sostenibles al transporte industrial de productos finales semiviscosos, s\u00f3lidos y l\u00edquidos en industrias de todo el mundo.<\/p>\n\n\n\n<p class=\"link-blue-underline\"><a href=\"https:\/\/www.cdf1.com\/stories\/industrial\/\">Obtener m\u00e1s informaci\u00f3n<\/a><\/p>\n<\/div><\/div>\n<\/div>\n<\/div>\n<\/div><\/div>\n\n\n\n<div class=\"wp-block-group fixed-width fixed-980 padding-top-80 padding-bottom-120 text-img-outstand-section vc-wrap\"><div class=\"wp-block-group__inner-container is-layout-flow wp-block-group-is-layout-flow\">\n<div class=\"wp-block-columns is-layout-flex wp-container-core-columns-is-layout-9d6595d7 wp-block-columns-is-layout-flex\">\n<div class=\"wp-block-column is-layout-flow wp-block-column-is-layout-flow\">\n<div class=\"wp-block-group text-wrap max-width-450\"><div class=\"wp-block-group__inner-container is-layout-flow wp-block-group-is-layout-flow\">\n<h2 class=\"wp-block-heading\">Alimentos y bebidas<\/h2>\n\n\n\n<p>La industria de alimentos y bebidas ha llegado a depender en mayor medida de sus necesidades de envasado. Observe c\u00f3mo hemos brindado soluciones sostenibles para eliminar material. En CDF, creamos sistemas de envasado que trascienden el enfoque de un envase m\u00e1s sostenible y ayudan a lograr un sistema alimentario m\u00e1s sostenible. Sabemos que garantizar la integridad del producto, mejorar la eficiencia del sistema y la responsabilidad ambiental en la industria de alimentos y bebidas son aspectos esenciales en el envasado, almacenaje y env\u00edo de alimentos y bebidas. Trabajamos en estrecha colaboraci\u00f3n con los clientes para crear soluciones que protejan sus productos, maximicen la vida \u00fatil y garanticen la entrega de productos seguros y de calidad a sus clientes.\u00a0<\/p>\n\n\n\n<p class=\"link-blue-underline\"><a href=\"https:\/\/www.cdf1.com\/stories\/food-beverage\/\">Obtener m\u00e1s informaci\u00f3n<\/a><\/p>\n<\/div><\/div>\n<\/div>\n\n\n\n<div class=\"wp-block-column is-layout-flow wp-block-column-is-layout-flow\">\n<div class=\"wp-block-group text-img-overlap-wrap\"><div class=\"wp-block-group__inner-container is-layout-flow wp-block-group-is-layout-flow\">\n<div class=\"wp-block-group outstand-text-wrap\"><div class=\"wp-block-group__inner-container is-layout-flow wp-block-group-is-layout-flow\">\n<p><strong>El 85% <\/strong><\/p>\n\n\n\n<p>menos de pl\u00e1stico que <br\/>las cubetas pl\u00e1sticas tradicionales<\/p>\n<\/div><\/div>\n\n\n\n<figure class=\"wp-block-image size-large slide-up-figure\"><img decoding=\"async\" width=\"758\" height=\"714\" data-src=\"https:\/\/www.cdf1.com\/wp-content\/uploads\/2021\/08\/food-and-beverage-2-1.jpg\" alt=\"CDF Menos pl&#xE1;stico\" class=\"wp-image-1967 lazyload\" title=\"\" data-srcset=\"https:\/\/www.cdf1.com\/wp-content\/uploads\/2021\/08\/food-and-beverage-2-1.jpg 758w, https:\/\/www.cdf1.com\/wp-content\/uploads\/2021\/08\/food-and-beverage-2-1-300x283.jpg 300w\" data-sizes=\"(max-width: 758px) 100vw, 758px\" src=\"data:image\/svg+xml;base64,PHN2ZyB3aWR0aD0iMSIgaGVpZ2h0PSIxIiB4bWxucz0iaHR0cDovL3d3dy53My5vcmcvMjAwMC9zdmciPjwvc3ZnPg==\" style=\"--smush-placeholder-width: 758px; --smush-placeholder-aspect-ratio: 758\/714;\" \/><\/figure>\n<\/div><\/div>\n<\/div>\n<\/div>\n<\/div><\/div>\n<\/div><\/div>\n\n<div class=\"wp-block-group bg-cdf-lavander-light\"><div class=\"wp-block-group__inner-container is-layout-flow wp-block-group-is-layout-flow\">\n<div class=\"wp-block-group fixed-width fixed-1080 video-text-section vc-wrap padding-top-120 padding-bottom-80\"><div class=\"wp-block-group__inner-container is-layout-flow wp-block-group-is-layout-flow\">\n<div class=\"wp-block-columns is-layout-flex wp-container-core-columns-is-layout-9d6595d7 wp-block-columns-is-layout-flex\">\n<div class=\"wp-block-column is-layout-flow wp-block-column-is-layout-flow\">\n<div class=\"wp-block-group single-video-wrap\"><div class=\"wp-block-group__inner-container is-layout-flow wp-block-group-is-layout-flow\">\n<figure class=\"wp-block-image size-full shadow-wrap slide-in-up\"><img decoding=\"async\" width=\"948\" height=\"894\" data-src=\"https:\/\/www.cdf1.com\/wp-content\/uploads\/2021\/09\/lubricant-and-greases.jpg\" alt=\"CDF Historias Lubricantes y grasas\" class=\"wp-image-2330 lazyload\" title=\"\" data-srcset=\"https:\/\/www.cdf1.com\/wp-content\/uploads\/2021\/09\/lubricant-and-greases.jpg 948w, https:\/\/www.cdf1.com\/wp-content\/uploads\/2021\/09\/lubricant-and-greases-300x283.jpg 300w, https:\/\/www.cdf1.com\/wp-content\/uploads\/2021\/09\/lubricant-and-greases-768x724.jpg 768w\" data-sizes=\"(max-width: 948px) 100vw, 948px\" src=\"data:image\/svg+xml;base64,PHN2ZyB3aWR0aD0iMSIgaGVpZ2h0PSIxIiB4bWxucz0iaHR0cDovL3d3dy53My5vcmcvMjAwMC9zdmciPjwvc3ZnPg==\" style=\"--smush-placeholder-width: 948px; --smush-placeholder-aspect-ratio: 948\/894;\" \/><\/figure>\n<\/div><\/div>\n<\/div>\n\n\n\n<div class=\"wp-block-column is-layout-flow wp-block-column-is-layout-flow\">\n<div class=\"wp-block-group text-wrap max-width-450\"><div class=\"wp-block-group__inner-container is-layout-flow wp-block-group-is-layout-flow\">\n<h2 class=\"wp-block-heading\">Lubricantes y grasas<\/h2>\n\n\n\n<p>Los revestimientos flexibles brindan la calidad y confiabilidad exigidas en la industria qu\u00edmica, sin los efectos secundarios negativos acerca del medioambiente.<\/p>\n\n\n\n<p class=\"link-blue-underline\"><a href=\"https:\/\/www.cdf1.com\/stories\/lubricant-greases\/\">Obtener m\u00e1s informaci\u00f3n<\/a><\/p>\n<\/div><\/div>\n<\/div>\n<\/div>\n<\/div><\/div>\n\n\n\n<div class=\"wp-block-group fixed-width fixed-980 padding-top-80 padding-bottom-120 text-img-outstand-section vc-wrap\"><div class=\"wp-block-group__inner-container is-layout-flow wp-block-group-is-layout-flow\">\n<div class=\"wp-block-columns is-layout-flex wp-container-core-columns-is-layout-9d6595d7 wp-block-columns-is-layout-flex\">\n<div class=\"wp-block-column is-layout-flow wp-block-column-is-layout-flow\">\n<div class=\"wp-block-group text-wrap max-width-450\"><div class=\"wp-block-group__inner-container is-layout-flow wp-block-group-is-layout-flow\">\n<h2 class=\"wp-block-heading\">Industria automotriz<\/h2>\n\n\n\n<p>Una de nuestras principales preocupaciones es la calidad de sus productos de envasado. Utilizamos \u00fanicamente pl\u00e1sticos de la m\u00e1s alta calidad y resinas aprobadas por la Administraci\u00f3n de Alimentos y Medicamentos (Food and Drug Administration, FDA), lo que aumenta el nivel de eficiencia en toda la industria.<\/p>\n\n\n\n<p class=\"link-blue-underline\"><a href=\"https:\/\/www.cdf1.com\/stories\/automotive\/\">Obtener m\u00e1s informaci\u00f3n<\/a><\/p>\n<\/div><\/div>\n<\/div>\n\n\n\n<div class=\"wp-block-column is-layout-flow wp-block-column-is-layout-flow\">\n<div class=\"wp-block-group text-img-overlap-wrap\"><div class=\"wp-block-group__inner-container is-layout-flow wp-block-group-is-layout-flow\">\n<div class=\"wp-block-group outstand-text-wrap\"><div class=\"wp-block-group__inner-container is-layout-flow wp-block-group-is-layout-flow\">\n<p><strong>Los revestimientos<\/strong><\/p>\n\n\n\n<p>de LDPE de 15\u00a0ml minimizan <br\/>el envasado necesario <br\/>para proteger el producto<\/p>\n<\/div><\/div>\n\n\n\n<figure class=\"wp-block-image size-full slide-up-figure\"><img decoding=\"async\" width=\"758\" height=\"714\" data-src=\"https:\/\/www.cdf1.com\/wp-content\/uploads\/2021\/09\/automotive-placeholder.jpg\" alt=\"CDF Industria automotriz\" class=\"wp-image-2332 lazyload\" title=\"\" data-srcset=\"https:\/\/www.cdf1.com\/wp-content\/uploads\/2021\/09\/automotive-placeholder.jpg 758w, https:\/\/www.cdf1.com\/wp-content\/uploads\/2021\/09\/automotive-placeholder-300x283.jpg 300w\" data-sizes=\"(max-width: 758px) 100vw, 758px\" src=\"data:image\/svg+xml;base64,PHN2ZyB3aWR0aD0iMSIgaGVpZ2h0PSIxIiB4bWxucz0iaHR0cDovL3d3dy53My5vcmcvMjAwMC9zdmciPjwvc3ZnPg==\" style=\"--smush-placeholder-width: 758px; --smush-placeholder-aspect-ratio: 758\/714;\" \/><\/figure>\n<\/div><\/div>\n<\/div>\n<\/div>\n<\/div><\/div>\n<\/div><\/div>\n\n<div class=\"wp-block-group bg-blue-shape-bottom\"><div class=\"wp-block-group__inner-container is-layout-flow wp-block-group-is-layout-flow\">\n<div class=\"wp-block-group fixed-width fixed-1080 video-text-section vc-wrap padding-top-120 padding-bottom-80\"><div class=\"wp-block-group__inner-container is-layout-flow wp-block-group-is-layout-flow\">\n<div class=\"wp-block-columns is-layout-flex wp-container-core-columns-is-layout-9d6595d7 wp-block-columns-is-layout-flex\">\n<div class=\"wp-block-column is-layout-flow wp-block-column-is-layout-flow\">\n<div class=\"wp-block-group single-video-wrap\"><div class=\"wp-block-group__inner-container is-layout-flow wp-block-group-is-layout-flow\">\n<figure class=\"wp-block-image size-full shadow-wrap slide-in-up\"><img decoding=\"async\" width=\"948\" height=\"894\" data-src=\"https:\/\/www.cdf1.com\/wp-content\/uploads\/2022\/01\/paintings-coatings-featured.jpg\" alt=\"Pinturas y recubrimientos\" class=\"wp-image-5705 lazyload\" title=\"\" data-srcset=\"https:\/\/www.cdf1.com\/wp-content\/uploads\/2022\/01\/paintings-coatings-featured.jpg 948w, https:\/\/www.cdf1.com\/wp-content\/uploads\/2022\/01\/paintings-coatings-featured-300x283.jpg 300w, https:\/\/www.cdf1.com\/wp-content\/uploads\/2022\/01\/paintings-coatings-featured-768x724.jpg 768w\" data-sizes=\"(max-width: 948px) 100vw, 948px\" src=\"data:image\/svg+xml;base64,PHN2ZyB3aWR0aD0iMSIgaGVpZ2h0PSIxIiB4bWxucz0iaHR0cDovL3d3dy53My5vcmcvMjAwMC9zdmciPjwvc3ZnPg==\" style=\"--smush-placeholder-width: 948px; --smush-placeholder-aspect-ratio: 948\/894;\" \/><\/figure>\n<\/div><\/div>\n<\/div>\n\n\n\n<div class=\"wp-block-column is-layout-flow wp-block-column-is-layout-flow\">\n<div class=\"wp-block-group text-wrap max-width-450\"><div class=\"wp-block-group__inner-container is-layout-flow wp-block-group-is-layout-flow\">\n<h2 class=\"wp-block-heading\">Pinturas y recubrimientos<\/h2>\n\n\n\n<p>Trabajamos en estrecha colaboraci\u00f3n con la industria de pinturas y recubrimientos para dise\u00f1ar y fabricar soluciones de envasado que garanticen la integridad del producto al mismo tiempo que brinden un exterior duradero.<\/p>\n\n\n\n<p class=\"link-blue-underline\"><a href=\"https:\/\/www.cdf1.com\/stories\/paints-coatings\/\">Obtener m\u00e1s informaci\u00f3n<\/a><\/p>\n<\/div><\/div>\n<\/div>\n<\/div>\n<\/div><\/div>\n\n\n\n<div class=\"wp-block-group fixed-width fixed-980 padding-top-80 padding-bottom-120 text-img-outstand-section vc-wrap\"><div class=\"wp-block-group__inner-container is-layout-flow wp-block-group-is-layout-flow\">\n<div class=\"wp-block-columns is-layout-flex wp-container-core-columns-is-layout-9d6595d7 wp-block-columns-is-layout-flex\">\n<div class=\"wp-block-column is-layout-flow wp-block-column-is-layout-flow\">\n<div class=\"wp-block-group text-wrap max-width-450\"><div class=\"wp-block-group__inner-container is-layout-flow wp-block-group-is-layout-flow\">\n<h2 class=\"wp-block-heading\">Cosm\u00e9ticos<\/h2>\n\n\n\n<p>Hemos eliminado m\u00e1s de 1400 toneladas de desechos pl\u00e1sticos (\u00a1equivalente a 5000 campos de f\u00fatbol!) al a\u00f1o con nuestras innovaciones en envases de cosm\u00e9ticos sostenibles.<\/p>\n\n\n\n<p class=\"link-blue-underline\"><a href=\"https:\/\/www.cdf1.com\/es\/cosmetic-2\/\">Obtener m\u00e1s informaci\u00f3n<\/a><\/p>\n<\/div><\/div>\n<\/div>\n\n\n\n<div class=\"wp-block-column is-layout-flow wp-block-column-is-layout-flow\">\n<div class=\"wp-block-group text-img-overlap-wrap\"><div class=\"wp-block-group__inner-container is-layout-flow wp-block-group-is-layout-flow\">\n<div class=\"wp-block-group outstand-text-wrap\"><div class=\"wp-block-group__inner-container is-layout-flow wp-block-group-is-layout-flow\">\n<p><strong>El 33%<\/strong><\/p>\n\n\n\n<p>menos de espacio desaprovechado<\/p>\n<\/div><\/div>\n\n\n\n<figure class=\"wp-block-image size-large slide-up-figure\"><img decoding=\"async\" width=\"758\" height=\"714\" data-src=\"https:\/\/www.cdf1.com\/wp-content\/uploads\/2021\/08\/retail-2-2.jpg\" alt=\"menos de espacio desaprovechado\" class=\"wp-image-1968 lazyload\" title=\"\" data-srcset=\"https:\/\/www.cdf1.com\/wp-content\/uploads\/2021\/08\/retail-2-2.jpg 758w, https:\/\/www.cdf1.com\/wp-content\/uploads\/2021\/08\/retail-2-2-300x283.jpg 300w\" data-sizes=\"(max-width: 758px) 100vw, 758px\" src=\"data:image\/svg+xml;base64,PHN2ZyB3aWR0aD0iMSIgaGVpZ2h0PSIxIiB4bWxucz0iaHR0cDovL3d3dy53My5vcmcvMjAwMC9zdmciPjwvc3ZnPg==\" style=\"--smush-placeholder-width: 758px; --smush-placeholder-aspect-ratio: 758\/714;\" \/><\/figure>\n<\/div><\/div>\n<\/div>\n<\/div>\n<\/div><\/div>\n<\/div><\/div>\n\n<div class=\"wp-block-cover has-background-dim inner-page-cta-section\" style=\"background-color:#015174\"><div class=\"wp-block-cover__inner-container is-layout-flow wp-block-cover-is-layout-flow\">\n<div class=\"wp-block-group fixed-width fixed-980 padding-top-100 text-wrap\"><div class=\"wp-block-group__inner-container is-layout-flow wp-block-group-is-layout-flow\">\n<h2 class=\"has-text-align-center wp-block-heading\"><strong>\u00danase a la Revoluci\u00f3n de Mindful Packaging<\/strong><\/h2>\n<\/div><\/div>\n\n\n\n<div class=\"wp-block-group fixed-width fixed-780 padding-bottom-80 text-wrap\"><div class=\"wp-block-group__inner-container is-layout-flow wp-block-group-is-layout-flow\">\n<p class=\"has-text-align-center\">No espere para tomar medidas que mejoren la sostenibilidad. Vea c\u00f3mo su empresa puede beneficiarse con soluciones de envasado innovador (Mindful Packaging).<\/p>\n\n\n\n<p class=\"has-text-align-center outlined-white-link margin-top-60\"><a href=\"https:\/\/www.cdf1.com\/es\/comuniquese-con-nosotros\/\">Comun\u00edquese con nosotros<\/a><\/p>\n<\/div><\/div>\n<\/div><\/div>\n","protected":false},"excerpt":{"rendered":"<p>Historias C\u00f3mo conseguirlo Nuestro enfoque Nuestras diversas capacidades t\u00e9cnicas y de productos convierten a CDF en el l\u00edder internacional en la producci\u00f3n de revestimientos para cubetas, barriles y contenedores intermedios para materiales a granel, y soluciones de cajas con bolsa interior. Las operaciones de envases flexibles exitosas de CDF Corporation se basan en maquinaria, materiales [&hellip;]<\/p>\n","protected":false},"author":1,"featured_media":1881,"parent":0,"menu_order":0,"comment_status":"closed","ping_status":"closed","template":"","meta":{"_acf_changed":false,"content-type":"","_genesis_hide_title":false,"_genesis_hide_breadcrumbs":false,"_genesis_hide_singular_image":false,"_genesis_hide_footer_widgets":false,"_genesis_custom_body_class":"","_genesis_custom_post_class":"","_genesis_layout":"full-width-content","footnotes":""},"class_list":{"0":"post-9959","1":"page","2":"type-page","3":"status-publish","4":"has-post-thumbnail","6":"entry"},"acf":[],"featured_image_src":"https:\/\/www.cdf1.com\/wp-content\/uploads\/2020\/07\/new-feature-placeholder-sliced.png","featured_image_src_square":"https:\/\/www.cdf1.com\/wp-content\/uploads\/2020\/07\/new-feature-placeholder-sliced.png","_links":{"self":[{"href":"https:\/\/www.cdf1.com\/es\/wp-json\/wp\/v2\/pages\/9959","targetHints":{"allow":["GET"]}}],"collection":[{"href":"https:\/\/www.cdf1.com\/es\/wp-json\/wp\/v2\/pages"}],"about":[{"href":"https:\/\/www.cdf1.com\/es\/wp-json\/wp\/v2\/types\/page"}],"author":[{"embeddable":true,"href":"https:\/\/www.cdf1.com\/es\/wp-json\/wp\/v2\/users\/1"}],"replies":[{"embeddable":true,"href":"https:\/\/www.cdf1.com\/es\/wp-json\/wp\/v2\/comments?post=9959"}],"version-history":[{"count":8,"href":"https:\/\/www.cdf1.com\/es\/wp-json\/wp\/v2\/pages\/9959\/revisions"}],"predecessor-version":[{"id":11196,"href":"https:\/\/www.cdf1.com\/es\/wp-json\/wp\/v2\/pages\/9959\/revisions\/11196"}],"wp:featuredmedia":[{"embeddable":true,"href":"https:\/\/www.cdf1.com\/es\/wp-json\/wp\/v2\/media\/1881"}],"wp:attachment":[{"href":"https:\/\/www.cdf1.com\/es\/wp-json\/wp\/v2\/media?parent=9959"}],"curies":[{"name":"wp","href":"https:\/\/api.w.org\/{rel}","templated":true}]}}