{"id":9930,"date":"2023-12-04T19:08:04","date_gmt":"2023-12-04T19:08:04","guid":{"rendered":"https:\/\/www.cdf1.com\/soluciones\/"},"modified":"2024-02-25T09:59:47","modified_gmt":"2024-02-25T09:59:47","slug":"soluciones","status":"publish","type":"page","link":"https:\/\/www.cdf1.com\/es\/soluciones\/","title":{"rendered":"Soluciones"},"content":{"rendered":"\n<div class=\"wp-block-group page-heading two-col-heading shadow-out-bottom\"><div class=\"wp-block-group__inner-container is-layout-flow wp-block-group-is-layout-flow\">\n<div class=\"wp-block-columns fixed-width is-layout-flex wp-container-core-columns-is-layout-9d6595d7 wp-block-columns-is-layout-flex\">\n<div class=\"wp-block-column is-layout-flow wp-block-column-is-layout-flow\">\n<div class=\"wp-block-group fixed-width fixed-1080 heading-inner-wrap\"><div class=\"wp-block-group__inner-container is-layout-flow wp-block-group-is-layout-flow\">\n<div class=\"wp-block-group text-wrap\"><div class=\"wp-block-group__inner-container is-layout-flow wp-block-group-is-layout-flow\">\n<h1 class=\"wp-block-heading has-text-color\" style=\"color:#0d80b1\"><strong>Soluciones<\/strong> de envasado sostenible<\/h1>\n<\/div><\/div>\n<\/div><\/div>\n<\/div>\n\n\n\n<div class=\"wp-block-column is-layout-flow wp-block-column-is-layout-flow\" style=\"flex-basis:60%\">\n<figure class=\"wp-block-image size-large\"><img decoding=\"async\" width=\"1024\" height=\"734\" data-src=\"https:\/\/www.cdf1.com\/wp-content\/uploads\/2021\/09\/solutions-heading-section-1024x734.jpg\" alt=\"Soluciones de envasado sostenible\" class=\"wp-image-2408 lazyload\" data-srcset=\"https:\/\/www.cdf1.com\/wp-content\/uploads\/2021\/09\/solutions-heading-section-1024x734.jpg 1024w, https:\/\/www.cdf1.com\/wp-content\/uploads\/2021\/09\/solutions-heading-section-300x215.jpg 300w, https:\/\/www.cdf1.com\/wp-content\/uploads\/2021\/09\/solutions-heading-section-768x551.jpg 768w, https:\/\/www.cdf1.com\/wp-content\/uploads\/2021\/09\/solutions-heading-section.jpg 1280w\" data-sizes=\"(max-width: 1024px) 100vw, 1024px\" src=\"data:image\/svg+xml;base64,PHN2ZyB3aWR0aD0iMSIgaGVpZ2h0PSIxIiB4bWxucz0iaHR0cDovL3d3dy53My5vcmcvMjAwMC9zdmciPjwvc3ZnPg==\" style=\"--smush-placeholder-width: 1024px; --smush-placeholder-aspect-ratio: 1024\/734;\" \/><\/figure>\n<\/div>\n<\/div>\n<\/div><\/div>\n\n<div class=\"wp-block-group fixed-width fixed-1080 padding-top-140 padding-bottom-100 title-text-section below-heading-section\"><div class=\"wp-block-group__inner-container is-layout-flow wp-block-group-is-layout-flow\">\n<div class=\"wp-block-columns is-layout-flex wp-container-core-columns-is-layout-9d6595d7 wp-block-columns-is-layout-flex\">\n<div class=\"wp-block-column is-layout-flow wp-block-column-is-layout-flow\">\n<div class=\"wp-block-group section-title-mix text-wrap anim_init\"><div class=\"wp-block-group__inner-container is-layout-flow wp-block-group-is-layout-flow\">\n<h2 class=\"wp-block-heading\">Encuentre el punto \u00f3ptimo<\/h2>\n\n\n\n<h3 class=\"wp-block-heading\">Crecimiento y <br\/>reducci\u00f3n de desechos<\/h3>\n<\/div><\/div>\n<\/div>\n\n\n\n<div class=\"wp-block-column is-layout-flow wp-block-column-is-layout-flow\">\n<div class=\"wp-block-group max-width-450 paragraph-wrap anim_init\"><div class=\"wp-block-group__inner-container is-layout-flow wp-block-group-is-layout-flow\">\n<p>Impulse su empresa o marca para cumplir con la expectativa mundial de reconocimiento en su industria.<\/p>\n<\/div><\/div>\n<\/div>\n<\/div>\n<\/div><\/div>\n\n<div class=\"wp-block-group bg-cdf-solutions-green rail-bottom-white\"><div class=\"wp-block-group__inner-container is-layout-flow wp-block-group-is-layout-flow\">\n<div class=\"wp-block-group fixed-1280 img-overlap-text-section vc-wrap padding-top-140 padding-bottom-80\"><div class=\"wp-block-group__inner-container is-layout-flow wp-block-group-is-layout-flow\">\n<div class=\"wp-block-columns is-layout-flex wp-container-core-columns-is-layout-9d6595d7 wp-block-columns-is-layout-flex\">\n<div class=\"wp-block-column is-layout-flow wp-block-column-is-layout-flow\">\n<div class=\"wp-block-group img-overlap-wrap\"><div class=\"wp-block-group__inner-container is-layout-flow wp-block-group-is-layout-flow\">\n<figure class=\"wp-block-image size-full slide-up-f\"><img decoding=\"async\" width=\"1130\" height=\"1006\" data-src=\"https:\/\/www.cdf1.com\/wp-content\/uploads\/2021\/06\/drum-pail-1.jpg\" alt=\"Soluciones de envasado sostenible\" class=\"wp-image-149 lazyload\" title=\"\" data-srcset=\"https:\/\/www.cdf1.com\/wp-content\/uploads\/2021\/06\/drum-pail-1.jpg 1130w, https:\/\/www.cdf1.com\/wp-content\/uploads\/2021\/06\/drum-pail-1-300x267.jpg 300w, https:\/\/www.cdf1.com\/wp-content\/uploads\/2021\/06\/drum-pail-1-1024x912.jpg 1024w, https:\/\/www.cdf1.com\/wp-content\/uploads\/2021\/06\/drum-pail-1-768x684.jpg 768w\" data-sizes=\"(max-width: 1130px) 100vw, 1130px\" src=\"data:image\/svg+xml;base64,PHN2ZyB3aWR0aD0iMSIgaGVpZ2h0PSIxIiB4bWxucz0iaHR0cDovL3d3dy53My5vcmcvMjAwMC9zdmciPjwvc3ZnPg==\" style=\"--smush-placeholder-width: 1130px; --smush-placeholder-aspect-ratio: 1130\/1006;\" \/><\/figure>\n\n\n\n<figure class=\"wp-block-image size-full slide-up-s\"><img decoding=\"async\" width=\"592\" height=\"732\" data-src=\"https:\/\/www.cdf1.com\/wp-content\/uploads\/2021\/06\/drum-pail-2.jpg\" alt=\"Soluciones de envasado sostenible\" class=\"wp-image-150 lazyload\" title=\"\" data-srcset=\"https:\/\/www.cdf1.com\/wp-content\/uploads\/2021\/06\/drum-pail-2.jpg 592w, https:\/\/www.cdf1.com\/wp-content\/uploads\/2021\/06\/drum-pail-2-243x300.jpg 243w\" data-sizes=\"(max-width: 592px) 100vw, 592px\" src=\"data:image\/svg+xml;base64,PHN2ZyB3aWR0aD0iMSIgaGVpZ2h0PSIxIiB4bWxucz0iaHR0cDovL3d3dy53My5vcmcvMjAwMC9zdmciPjwvc3ZnPg==\" style=\"--smush-placeholder-width: 592px; --smush-placeholder-aspect-ratio: 592\/732;\" \/><\/figure>\n<\/div><\/div>\n<\/div>\n\n\n\n<div class=\"wp-block-column is-layout-flow wp-block-column-is-layout-flow\">\n<div class=\"wp-block-group text-wrap max-width-350\"><div class=\"wp-block-group__inner-container is-layout-flow wp-block-group-is-layout-flow\">\n<h2 class=\"wp-block-heading\">Barril y cubeta<\/h2>\n\n\n\n<p>Prolongue el ciclo de vida de su contenedor y mantenga con confianza la pureza de sus productos con la l\u00ednea semirr\u00edgida de revestimientos y accesorios embutidos de CDF. Nuestros productos semirr\u00edgidos permiten la reutilizaci\u00f3n del contenedor al eliminar el impacto de los residuos dentro del contenedor. Esto minimiza el tiempo de respuesta y garantiza que el contenedor est\u00e9 disponible para su reutilizaci\u00f3n con menor grado de desgaste.<\/p>\n\n\n\n<p class=\"link-white-underline\"><a href=\"https:\/\/www.cdf1.com\/solutions\/drum-pail\/\">Obtener m\u00e1s informaci\u00f3n<\/a><\/p>\n<\/div><\/div>\n<\/div>\n<\/div>\n<\/div><\/div>\n\n\n\n<div class=\"wp-block-group fixed-width fixed-980 video-col-wrap video-col-play-button padding-top-40\"><div class=\"wp-block-group__inner-container is-layout-flow wp-block-group-is-layout-flow\">\n<div class=\"wp-block-columns is-layout-flex wp-container-core-columns-is-layout-9d6595d7 wp-block-columns-is-layout-flex\">\n<div class=\"wp-block-column is-layout-flow wp-block-column-is-layout-flow\">\n<div class=\"wp-block-group video-wistia-wrap wistia-popup-wrap\"><div class=\"wp-block-group__inner-container is-layout-flow wp-block-group-is-layout-flow\">\n<h3 class=\"wp-block-heading\"><strong>Ciclo de vida del contenedor<\/strong><\/h3>\n\n\n\n<script src=\"https:\/\/fast.wistia.com\/embed\/medias\/35eb9sljeh.jsonp\" async=\"\"><\/script><script src=\"https:\/\/fast.wistia.com\/assets\/external\/E-v1.js\" async=\"\"><\/script><span class=\"wistia_embed wistia_async_35eb9sljeh popover=true popoverAnimateThumbnail=true\" style=\"display:inline-block;height:270px;position:relative;width:480px\">\u00a0<\/span>\n<\/div><\/div>\n<\/div>\n\n\n\n<div class=\"wp-block-column is-layout-flow wp-block-column-is-layout-flow\">\n<div class=\"wp-block-group video-wistia-wrap wistia-popup-wrap\"><div class=\"wp-block-group__inner-container is-layout-flow wp-block-group-is-layout-flow\">\n<h3 class=\"wp-block-heading\"><strong>Barril y cubeta<\/strong><\/h3>\n\n\n\n<script src=\"https:\/\/fast.wistia.com\/embed\/medias\/msp2zsk405.jsonp\" async=\"\"><\/script><script src=\"https:\/\/fast.wistia.com\/assets\/external\/E-v1.js\" async=\"\"><\/script><span class=\"wistia_embed wistia_async_msp2zsk405 popover=true popoverAnimateThumbnail=true\" style=\"display:inline-block;height:270px;position:relative;width:480px\">\u00a0<\/span>\n<\/div><\/div>\n<\/div>\n<\/div>\n<\/div><\/div>\n<\/div><\/div>\n\n<div class=\"wp-block-group fixed-1280 text-img-overlap-section vc-wrap padding-top-180 padding-bottom-100 pt-xs--100\"><div class=\"wp-block-group__inner-container is-layout-flow wp-block-group-is-layout-flow\">\n<div class=\"wp-block-columns is-layout-flex wp-container-core-columns-is-layout-9d6595d7 wp-block-columns-is-layout-flex\">\n<div class=\"wp-block-column is-layout-flow wp-block-column-is-layout-flow\">\n<div class=\"wp-block-group text-wrap max-width-450\"><div class=\"wp-block-group__inner-container is-layout-flow wp-block-group-is-layout-flow\">\n<h2 class=\"wp-block-heading\">Smart Pail\u00ae<\/h2>\n\n\n\n<p>Smart Pail\u00ae es un inserto de cubeta pl\u00e1stico, semirr\u00edgido y moldeado al vac\u00edo con una pel\u00edcula de sellado laminada y herm\u00e9ticamente sellada, alojado en un contenedor con caja de cart\u00f3n corrugado octogonal. Smart Pail se desarroll\u00f3 para transportar materiales semiviscosos, s\u00f3lidos y la mayor\u00eda de los productos l\u00edquidos que actualmente se transportan en cubetas pl\u00e1sticas.<\/p>\n\n\n\n<p class=\"link-blue-underline\"><a href=\"https:\/\/www.cdf1.com\/solutions\/meta-pail\/\">Obtener m\u00e1s informaci\u00f3n<\/a><\/p>\n<\/div><\/div>\n<\/div>\n\n\n\n<div class=\"wp-block-column is-layout-flow wp-block-column-is-layout-flow\">\n<div class=\"wp-block-group img-overlap-wrap\"><div class=\"wp-block-group__inner-container is-layout-flow wp-block-group-is-layout-flow\">\n<figure class=\"wp-block-image size-large slide-up-f\"><img decoding=\"async\" width=\"828\" height=\"1024\" data-src=\"https:\/\/www.cdf1.com\/wp-content\/uploads\/2021\/06\/smart-pail-1-828x1024.jpg\" alt=\"Soluciones de envasado sostenible\" class=\"wp-image-176 lazyload\" title=\"\" data-srcset=\"https:\/\/www.cdf1.com\/wp-content\/uploads\/2021\/06\/smart-pail-1-828x1024.jpg 828w, https:\/\/www.cdf1.com\/wp-content\/uploads\/2021\/06\/smart-pail-1-243x300.jpg 243w, https:\/\/www.cdf1.com\/wp-content\/uploads\/2021\/06\/smart-pail-1-768x950.jpg 768w, https:\/\/www.cdf1.com\/wp-content\/uploads\/2021\/06\/smart-pail-1.jpg 846w\" data-sizes=\"(max-width: 828px) 100vw, 828px\" src=\"data:image\/svg+xml;base64,PHN2ZyB3aWR0aD0iMSIgaGVpZ2h0PSIxIiB4bWxucz0iaHR0cDovL3d3dy53My5vcmcvMjAwMC9zdmciPjwvc3ZnPg==\" style=\"--smush-placeholder-width: 828px; --smush-placeholder-aspect-ratio: 828\/1024;\" \/><\/figure>\n\n\n\n<figure class=\"wp-block-image size-large slide-up-s\"><img decoding=\"async\" width=\"592\" height=\"732\" data-src=\"https:\/\/www.cdf1.com\/wp-content\/uploads\/2021\/08\/smart-pail-2.jpg\" alt=\"Soluciones de envasado sostenible\" class=\"wp-image-1816 lazyload\" title=\"\" data-srcset=\"https:\/\/www.cdf1.com\/wp-content\/uploads\/2021\/08\/smart-pail-2.jpg 592w, https:\/\/www.cdf1.com\/wp-content\/uploads\/2021\/08\/smart-pail-2-243x300.jpg 243w\" data-sizes=\"(max-width: 592px) 100vw, 592px\" src=\"data:image\/svg+xml;base64,PHN2ZyB3aWR0aD0iMSIgaGVpZ2h0PSIxIiB4bWxucz0iaHR0cDovL3d3dy53My5vcmcvMjAwMC9zdmciPjwvc3ZnPg==\" style=\"--smush-placeholder-width: 592px; --smush-placeholder-aspect-ratio: 592\/732;\" \/><\/figure>\n<\/div><\/div>\n<\/div>\n<\/div>\n<\/div><\/div>\n\n<div class=\"wp-block-group fixed-1280 bag-box-section bg-line-shape-square padding-top-140 pt-md--80\"><div class=\"wp-block-group__inner-container is-layout-flow wp-block-group-is-layout-flow\">\n<div class=\"wp-block-group img-overlap-text-section vc-wrap padding-bottom-100\"><div class=\"wp-block-group__inner-container is-layout-flow wp-block-group-is-layout-flow\">\n<div class=\"wp-block-columns is-layout-flex wp-container-core-columns-is-layout-9d6595d7 wp-block-columns-is-layout-flex\">\n<div class=\"wp-block-column is-layout-flow wp-block-column-is-layout-flow\">\n<div class=\"wp-block-group img-overlap-wrap\"><div class=\"wp-block-group__inner-container is-layout-flow wp-block-group-is-layout-flow\">\n<figure class=\"wp-block-image size-large slide-up-f\"><img decoding=\"async\" width=\"1024\" height=\"912\" data-src=\"https:\/\/www.cdf1.com\/wp-content\/uploads\/2021\/06\/bag-in-box-1-1024x912.jpg\" alt=\"Soluciones de envasado sostenible\" class=\"wp-image-180 lazyload\" title=\"\" data-srcset=\"https:\/\/www.cdf1.com\/wp-content\/uploads\/2021\/06\/bag-in-box-1-1024x912.jpg 1024w, https:\/\/www.cdf1.com\/wp-content\/uploads\/2021\/06\/bag-in-box-1-300x267.jpg 300w, https:\/\/www.cdf1.com\/wp-content\/uploads\/2021\/06\/bag-in-box-1-768x684.jpg 768w, https:\/\/www.cdf1.com\/wp-content\/uploads\/2021\/06\/bag-in-box-1.jpg 1130w\" data-sizes=\"(max-width: 1024px) 100vw, 1024px\" src=\"data:image\/svg+xml;base64,PHN2ZyB3aWR0aD0iMSIgaGVpZ2h0PSIxIiB4bWxucz0iaHR0cDovL3d3dy53My5vcmcvMjAwMC9zdmciPjwvc3ZnPg==\" style=\"--smush-placeholder-width: 1024px; --smush-placeholder-aspect-ratio: 1024\/912;\" \/><\/figure>\n\n\n\n<figure class=\"wp-block-image size-large slide-up-s\"><img decoding=\"async\" width=\"592\" height=\"732\" data-src=\"https:\/\/www.cdf1.com\/wp-content\/uploads\/2021\/08\/bag-in-box-small.jpg\" alt=\"Soluciones de envasado sostenible\" class=\"wp-image-1823 lazyload\" title=\"\" data-srcset=\"https:\/\/www.cdf1.com\/wp-content\/uploads\/2021\/08\/bag-in-box-small.jpg 592w, https:\/\/www.cdf1.com\/wp-content\/uploads\/2021\/08\/bag-in-box-small-243x300.jpg 243w\" data-sizes=\"(max-width: 592px) 100vw, 592px\" src=\"data:image\/svg+xml;base64,PHN2ZyB3aWR0aD0iMSIgaGVpZ2h0PSIxIiB4bWxucz0iaHR0cDovL3d3dy53My5vcmcvMjAwMC9zdmciPjwvc3ZnPg==\" style=\"--smush-placeholder-width: 592px; --smush-placeholder-aspect-ratio: 592\/732;\" \/><\/figure>\n<\/div><\/div>\n<\/div>\n\n\n\n<div class=\"wp-block-column is-layout-flow wp-block-column-is-layout-flow\">\n<div class=\"wp-block-group text-wrap max-width-450\"><div class=\"wp-block-group__inner-container is-layout-flow wp-block-group-is-layout-flow\">\n<h2 class=\"wp-block-heading\">Caja con bolsa interior<\/h2>\n\n\n\n<p>Proporciona una soluci\u00f3n sostenible y rentable a los envases r\u00edgidos tradicionales. La caja con bolsa interior reduce los costos de transporte, optimiza el espacio de almacenaje valioso, proporciona un 99,9\u00a0% de evacuaci\u00f3n del producto y ofrece oportunidades de comercializaci\u00f3n y creaci\u00f3n de marca.<\/p>\n\n\n\n<p class=\"link-blue-underline\"><a href=\"https:\/\/www.cdf1.com\/solutions\/bag-in-box\/\">Obtener m\u00e1s informaci\u00f3n<\/a><\/p>\n<\/div><\/div>\n<\/div>\n<\/div>\n<\/div><\/div>\n\n\n\n<div class=\"wp-block-group fixed-width fixed-1080 fixed-980-right video-col-wrap video-col-play-button\"><div class=\"wp-block-group__inner-container is-layout-flow wp-block-group-is-layout-flow\">\n<div class=\"wp-block-columns is-layout-flex wp-container-core-columns-is-layout-9d6595d7 wp-block-columns-is-layout-flex\">\n<div class=\"wp-block-column is-layout-flow wp-block-column-is-layout-flow\">\n<div class=\"wp-block-group video-wistia-wrap wistia-popup-wrap\"><div class=\"wp-block-group__inner-container is-layout-flow wp-block-group-is-layout-flow\">\n<h3 class=\"wp-block-heading\">Caja con bolsa interior versus <br\/>contenedor semirr\u00edgido<\/h3>\n\n\n\n<script src=\"https:\/\/fast.wistia.com\/embed\/medias\/fawb3islbi.jsonp\" async=\"\"><\/script><script src=\"https:\/\/fast.wistia.com\/assets\/external\/E-v1.js\" async=\"\"><\/script><span class=\"wistia_embed wistia_async_fawb3islbi popover=true popoverAnimateThumbnail=true\" style=\"height:270px;position:relative;width:480px\">\u00a0<\/span>\n<\/div><\/div>\n<\/div>\n\n\n\n<div class=\"wp-block-column is-layout-flow wp-block-column-is-layout-flow\">\n<div class=\"wp-block-group video-wistia-wrap wistia-popup-wrap\"><div class=\"wp-block-group__inner-container is-layout-flow wp-block-group-is-layout-flow\">\n<h3 class=\"wp-block-heading\">Envase Cheertainer <br\/>con certificaci\u00f3n de la ONU<\/h3>\n\n\n\n<script src=\"https:\/\/fast.wistia.com\/embed\/medias\/dddtkzpxio.jsonp\" async=\"\"><\/script><script src=\"https:\/\/fast.wistia.com\/assets\/external\/E-v1.js\" async=\"\"><\/script><span class=\"wistia_embed wistia_async_dddtkzpxio popover=true popoverAnimateThumbnail=true\" style=\"height:270px;position:relative;width:480px\">\u00a0<\/span>\n<\/div><\/div>\n<\/div>\n<\/div>\n<\/div><\/div>\n<\/div><\/div>\n\n<div class=\"wp-block-group fixed-1280 bg-lines-shape-tb text-img-overlap-section vc-wrap padding-top-180 padding-bottom-100\"><div class=\"wp-block-group__inner-container is-layout-flow wp-block-group-is-layout-flow\">\n<div class=\"wp-block-columns is-layout-flex wp-container-core-columns-is-layout-9d6595d7 wp-block-columns-is-layout-flex\">\n<div class=\"wp-block-column is-layout-flow wp-block-column-is-layout-flow\">\n<div class=\"wp-block-group text-wrap max-width-450\"><div class=\"wp-block-group__inner-container is-layout-flow wp-block-group-is-layout-flow\">\n<h2 class=\"wp-block-heading\">Revestimientos de IBC<\/h2>\n\n\n\n<p>Los revestimientos de IBC de CDF con Smart Seal Technology est\u00e1n dise\u00f1ados para maximizar la evacuaci\u00f3n del producto, garantizar su pureza y brindar la tranquilidad de que su producto se almacene y se transporte de forma segura, lo que aumenta la productividad de sus flotas de IBC.<\/p>\n\n\n\n<p class=\"link-blue-underline\"><a href=\"https:\/\/www.cdf1.com\/es\/soluciones\/revestimientos-de-ibc\/\">Obtener m\u00e1s informaci\u00f3n<\/a><\/p>\n<\/div><\/div>\n<\/div>\n\n\n\n<div class=\"wp-block-column is-layout-flow wp-block-column-is-layout-flow\">\n<div class=\"wp-block-group img-overlap-wrap\"><div class=\"wp-block-group__inner-container is-layout-flow wp-block-group-is-layout-flow\">\n<figure class=\"wp-block-image size-large slide-up-f\"><img decoding=\"async\" width=\"828\" height=\"1024\" data-src=\"https:\/\/www.cdf1.com\/wp-content\/uploads\/2021\/06\/ibc-liners-1-828x1024.jpg\" alt=\"Soluciones de envasado sostenible\" class=\"wp-image-182 lazyload\" title=\"\" data-srcset=\"https:\/\/www.cdf1.com\/wp-content\/uploads\/2021\/06\/ibc-liners-1-828x1024.jpg 828w, https:\/\/www.cdf1.com\/wp-content\/uploads\/2021\/06\/ibc-liners-1-243x300.jpg 243w, https:\/\/www.cdf1.com\/wp-content\/uploads\/2021\/06\/ibc-liners-1-768x950.jpg 768w, https:\/\/www.cdf1.com\/wp-content\/uploads\/2021\/06\/ibc-liners-1.jpg 846w\" data-sizes=\"(max-width: 828px) 100vw, 828px\" src=\"data:image\/svg+xml;base64,PHN2ZyB3aWR0aD0iMSIgaGVpZ2h0PSIxIiB4bWxucz0iaHR0cDovL3d3dy53My5vcmcvMjAwMC9zdmciPjwvc3ZnPg==\" style=\"--smush-placeholder-width: 828px; --smush-placeholder-aspect-ratio: 828\/1024;\" \/><\/figure>\n\n\n\n<figure class=\"wp-block-image size-large slide-up-s\"><img decoding=\"async\" width=\"592\" height=\"732\" data-src=\"https:\/\/www.cdf1.com\/wp-content\/uploads\/2021\/06\/ibc-liners-2.jpg\" alt=\"Soluciones de envasado sostenible\" class=\"wp-image-183 lazyload\" title=\"\" data-srcset=\"https:\/\/www.cdf1.com\/wp-content\/uploads\/2021\/06\/ibc-liners-2.jpg 592w, https:\/\/www.cdf1.com\/wp-content\/uploads\/2021\/06\/ibc-liners-2-243x300.jpg 243w\" data-sizes=\"(max-width: 592px) 100vw, 592px\" src=\"data:image\/svg+xml;base64,PHN2ZyB3aWR0aD0iMSIgaGVpZ2h0PSIxIiB4bWxucz0iaHR0cDovL3d3dy53My5vcmcvMjAwMC9zdmciPjwvc3ZnPg==\" style=\"--smush-placeholder-width: 592px; --smush-placeholder-aspect-ratio: 592\/732;\" \/><\/figure>\n<\/div><\/div>\n<\/div>\n<\/div>\n<\/div><\/div>\n\n<div class=\"wp-block-cover inner-page-cta-section\"><span aria-hidden=\"true\" class=\"wp-block-cover__background has-background-dim-100 has-background-dim\" style=\"background-color:#015174\"><\/span><div class=\"wp-block-cover__inner-container is-layout-flow wp-block-cover-is-layout-flow\">\n<div class=\"wp-block-group fixed-width fixed-980 padding-top-100 text-wrap\"><div class=\"wp-block-group__inner-container is-layout-flow wp-block-group-is-layout-flow\">\n<h2 class=\"wp-block-heading has-text-align-center\"><strong>Encuentre su soluci\u00f3n<\/strong><\/h2>\n<\/div><\/div>\n\n\n\n<div class=\"wp-block-group fixed-width fixed-780 padding-bottom-80 text-wrap\"><div class=\"wp-block-group__inner-container is-layout-flow wp-block-group-is-layout-flow\">\n<p class=\"has-text-align-center\"> Comun\u00edquese con nosotros a los siguientes canales de contacto para conocer nuestras soluciones de envasado sostenible.<\/p>\n\n\n\n<p class=\"has-text-align-center outlined-white-link margin-top-60\"><a href=\"https:\/\/www.cdf1.com\/es\/comuniquese-con-nosotros\/\">Comun\u00edquese con nosotros<\/a><\/p>\n<\/div><\/div>\n<\/div><\/div>\n","protected":false},"excerpt":{"rendered":"<p>Soluciones de envasado sostenible Encuentre el punto \u00f3ptimo Crecimiento y reducci\u00f3n de desechos Impulse su empresa o marca para cumplir con la expectativa mundial de reconocimiento en su industria. Barril y cubeta Prolongue el ciclo de vida de su contenedor y mantenga con confianza la pureza de sus productos con la l\u00ednea semirr\u00edgida de revestimientos [&hellip;]<\/p>\n","protected":false},"author":4,"featured_media":1881,"parent":0,"menu_order":0,"comment_status":"closed","ping_status":"closed","template":"","meta":{"_acf_changed":false,"content-type":"","_genesis_hide_title":false,"_genesis_hide_breadcrumbs":false,"_genesis_hide_singular_image":false,"_genesis_hide_footer_widgets":false,"_genesis_custom_body_class":"","_genesis_custom_post_class":"","_genesis_layout":"full-width-content","footnotes":""},"class_list":{"0":"post-9930","1":"page","2":"type-page","3":"status-publish","4":"has-post-thumbnail","6":"entry"},"acf":[],"featured_image_src":"https:\/\/www.cdf1.com\/wp-content\/uploads\/2020\/07\/new-feature-placeholder-sliced.png","featured_image_src_square":"https:\/\/www.cdf1.com\/wp-content\/uploads\/2020\/07\/new-feature-placeholder-sliced.png","_links":{"self":[{"href":"https:\/\/www.cdf1.com\/es\/wp-json\/wp\/v2\/pages\/9930","targetHints":{"allow":["GET"]}}],"collection":[{"href":"https:\/\/www.cdf1.com\/es\/wp-json\/wp\/v2\/pages"}],"about":[{"href":"https:\/\/www.cdf1.com\/es\/wp-json\/wp\/v2\/types\/page"}],"author":[{"embeddable":true,"href":"https:\/\/www.cdf1.com\/es\/wp-json\/wp\/v2\/users\/4"}],"replies":[{"embeddable":true,"href":"https:\/\/www.cdf1.com\/es\/wp-json\/wp\/v2\/comments?post=9930"}],"version-history":[{"count":8,"href":"https:\/\/www.cdf1.com\/es\/wp-json\/wp\/v2\/pages\/9930\/revisions"}],"predecessor-version":[{"id":11194,"href":"https:\/\/www.cdf1.com\/es\/wp-json\/wp\/v2\/pages\/9930\/revisions\/11194"}],"wp:featuredmedia":[{"embeddable":true,"href":"https:\/\/www.cdf1.com\/es\/wp-json\/wp\/v2\/media\/1881"}],"wp:attachment":[{"href":"https:\/\/www.cdf1.com\/es\/wp-json\/wp\/v2\/media?parent=9930"}],"curies":[{"name":"wp","href":"https:\/\/api.w.org\/{rel}","templated":true}]}}