{"id":10266,"date":"2023-12-04T19:16:57","date_gmt":"2023-12-04T19:16:57","guid":{"rendered":"https:\/\/www.cdf1.com\/envasado-de-detergente\/"},"modified":"2024-03-22T19:38:45","modified_gmt":"2024-03-22T19:38:45","slug":"envasado-de-detergente","status":"publish","type":"page","link":"https:\/\/www.cdf1.com\/es\/envasado-de-detergente\/","title":{"rendered":"Envasado de detergente"},"content":{"rendered":"\n<div class=\"wp-block-cover is-light page-heading cover-heading shadow-out-bottom\" style=\"min-height:610px;aspect-ratio:unset;\"><span aria-hidden=\"true\" class=\"wp-block-cover__background has-background-dim-0 has-background-dim\"><\/span><img decoding=\"async\" width=\"2560\" height=\"918\" class=\"wp-block-cover__image-background wp-image-8780 lazyload\" alt=\"\" data-src=\"https:\/\/www.cdf1.com\/wp-content\/uploads\/2023\/01\/liquid-laundry-detergent-suds-background.png\" data-object-fit=\"cover\" data-srcset=\"https:\/\/www.cdf1.com\/wp-content\/uploads\/2023\/01\/liquid-laundry-detergent-suds-background.png 2560w, https:\/\/www.cdf1.com\/wp-content\/uploads\/2023\/01\/liquid-laundry-detergent-suds-background-300x108.png 300w, https:\/\/www.cdf1.com\/wp-content\/uploads\/2023\/01\/liquid-laundry-detergent-suds-background-1024x367.png 1024w, https:\/\/www.cdf1.com\/wp-content\/uploads\/2023\/01\/liquid-laundry-detergent-suds-background-768x275.png 768w, https:\/\/www.cdf1.com\/wp-content\/uploads\/2023\/01\/liquid-laundry-detergent-suds-background-1536x551.png 1536w, https:\/\/www.cdf1.com\/wp-content\/uploads\/2023\/01\/liquid-laundry-detergent-suds-background-2048x734.png 2048w\" data-sizes=\"(max-width: 2560px) 100vw, 2560px\" src=\"data:image\/svg+xml;base64,PHN2ZyB3aWR0aD0iMSIgaGVpZ2h0PSIxIiB4bWxucz0iaHR0cDovL3d3dy53My5vcmcvMjAwMC9zdmciPjwvc3ZnPg==\" style=\"--smush-placeholder-width: 2560px; --smush-placeholder-aspect-ratio: 2560\/918;\" \/><div class=\"wp-block-cover__inner-container is-layout-flow wp-block-cover-is-layout-flow\">\n<div class=\"wp-block-group fixed-width fixed-1080 heading-inner-wrap\"><div class=\"wp-block-group__inner-container is-layout-flow wp-block-group-is-layout-flow\">\n<div class=\"wp-block-group text-wrap\"><div class=\"wp-block-group__inner-container is-layout-flow wp-block-group-is-layout-flow\">\n<h1 class=\"wp-block-heading has-text-color\" style=\"color:#0d80b1\">Envasado de detergente para ropa ecol\u00f3gico<\/h1>\n<\/div><\/div>\n<\/div><\/div>\n<\/div><\/div>\n\n<div class=\"wp-block-group fixed-width fixed-1080 padding-top-140 padding-bottom-80 text-img-section\"><div class=\"wp-block-group__inner-container is-layout-flow wp-block-group-is-layout-flow\">\n<div class=\"wp-block-columns is-layout-flex wp-container-core-columns-is-layout-9d6595d7 wp-block-columns-is-layout-flex\">\n<div class=\"wp-block-column is-layout-flow wp-block-column-is-layout-flow\">\n<figure class=\"wp-block-image size-full is-resized shadow-wrap max-width-485 slide-up-f\"><img decoding=\"async\" width=\"500\" height=\"568\" data-src=\"https:\/\/www.cdf1.com\/wp-content\/uploads\/2022\/05\/chemicals-slide.jpg\" alt=\"\" class=\"wp-image-7135 lazyload\" style=\"--smush-placeholder-width: 500px; --smush-placeholder-aspect-ratio: 500\/568;width:435px;height:494px\" data-srcset=\"https:\/\/www.cdf1.com\/wp-content\/uploads\/2022\/05\/chemicals-slide.jpg 500w, https:\/\/www.cdf1.com\/wp-content\/uploads\/2022\/05\/chemicals-slide-264x300.jpg 264w\" data-sizes=\"(max-width: 500px) 100vw, 500px\" src=\"data:image\/svg+xml;base64,PHN2ZyB3aWR0aD0iMSIgaGVpZ2h0PSIxIiB4bWxucz0iaHR0cDovL3d3dy53My5vcmcvMjAwMC9zdmciPjwvc3ZnPg==\" \/><\/figure>\n<\/div>\n\n\n\n<div class=\"wp-block-column is-layout-flow wp-block-column-is-layout-flow\">\n<div class=\"wp-block-group text-wrap max-width-450\"><div class=\"wp-block-group__inner-container is-layout-flow wp-block-group-is-layout-flow\">\n<h2 class=\"wp-block-heading\"><strong>Bag-In-Box para envasado de detergente para ropa\u00a0<\/strong><\/h2>\n\n\n\n<p><br\/>El formato de envase de caja con bolsa interior, o BIB, quiz\u00e1s se asocie en mayor medida con el almacenaje y el transporte de l\u00edquidos, como refrescos de fuente para restaurantes comerciales y vinos en caja para uso dom\u00e9stico personal. No obstante, el envase de caja con bolsa interior tambi\u00e9n se utiliza cada vez m\u00e1s para envasar otros tipos de productos l\u00edquidos, como detergente para ropa.<\/p>\n\n\n\n<p class=\"link-blue-underline\"><a href=\"https:\/\/www.cdf1.com\/bag-in-box-for-detergents\/\">Obtener m\u00e1s informaci\u00f3n<\/a><\/p>\n<\/div><\/div>\n<\/div>\n<\/div>\n<\/div><\/div>\n\n<div class=\"wp-block-cover is-light animated-bg-img\"><span aria-hidden=\"true\" class=\"wp-block-cover__background has-background-dim-0 has-background-dim\"><\/span><img decoding=\"async\" width=\"2560\" height=\"1254\" class=\"wp-block-cover__image-background wp-image-877 lazyload\" alt=\"\" data-src=\"https:\/\/www.cdf1.com\/wp-content\/uploads\/2021\/07\/bottom-green-shape.jpg\" style=\"--smush-placeholder-width: 2560px; --smush-placeholder-aspect-ratio: 2560\/1254;object-position:50% 0%\" data-object-fit=\"cover\" data-object-position=\"50% 0%\" data-srcset=\"https:\/\/www.cdf1.com\/wp-content\/uploads\/2021\/07\/bottom-green-shape.jpg 2560w, https:\/\/www.cdf1.com\/wp-content\/uploads\/2021\/07\/bottom-green-shape-300x147.jpg 300w, https:\/\/www.cdf1.com\/wp-content\/uploads\/2021\/07\/bottom-green-shape-1024x502.jpg 1024w, https:\/\/www.cdf1.com\/wp-content\/uploads\/2021\/07\/bottom-green-shape-768x376.jpg 768w, https:\/\/www.cdf1.com\/wp-content\/uploads\/2021\/07\/bottom-green-shape-1536x752.jpg 1536w, https:\/\/www.cdf1.com\/wp-content\/uploads\/2021\/07\/bottom-green-shape-2048x1003.jpg 2048w\" data-sizes=\"(max-width: 2560px) 100vw, 2560px\" src=\"data:image\/svg+xml;base64,PHN2ZyB3aWR0aD0iMSIgaGVpZ2h0PSIxIiB4bWxucz0iaHR0cDovL3d3dy53My5vcmcvMjAwMC9zdmciPjwvc3ZnPg==\" \/><div class=\"wp-block-cover__inner-container is-layout-flow wp-block-cover-is-layout-flow\">\n<div class=\"wp-block-group fixed-width fixed-1080 vc-wrap padding-top-140 padding-bottom-80 text-img-section\"><div class=\"wp-block-group__inner-container is-layout-flow wp-block-group-is-layout-flow\">\n<div class=\"wp-block-columns is-layout-flex wp-container-core-columns-is-layout-9d6595d7 wp-block-columns-is-layout-flex\">\n<div class=\"wp-block-column is-layout-flow wp-block-column-is-layout-flow\">\n<div class=\"wp-block-group text-wrap max-width-450 anim_init\"><div class=\"wp-block-group__inner-container is-layout-flow wp-block-group-is-layout-flow\">\n<figure class=\"wp-block-image size-large\"><img decoding=\"async\" width=\"110\" height=\"62\" data-src=\"https:\/\/www.cdf1.com\/wp-content\/uploads\/2021\/08\/automotive-truck.svg\" alt=\"\" class=\"wp-image-1573 lazyload\" src=\"data:image\/svg+xml;base64,PHN2ZyB3aWR0aD0iMSIgaGVpZ2h0PSIxIiB4bWxucz0iaHR0cDovL3d3dy53My5vcmcvMjAwMC9zdmciPjwvc3ZnPg==\" style=\"--smush-placeholder-width: 110px; --smush-placeholder-aspect-ratio: 110\/62;\" \/><\/figure>\n\n\n\n<h2 class=\"wp-block-heading has-text-color\" style=\"color:#363b40\">Maximizamos la reutilizaci\u00f3n<\/h2>\n\n\n\n<p class=\"has-text-color\" style=\"color:#363b40\">Nuestros revestimientos de barriles y cubetas se pueden reciclar f\u00e1cilmente, lo que permite a los fabricantes de autom\u00f3viles dejar de depositar sus barriles de grasa en los vertederos. Una vez vac\u00edos, los barriles carecen de residuos y pueden reacondicionarse f\u00e1cilmente. Nuestros revestimientos de barriles y cubetas l\u00edderes en la industria permiten que los barriles de grasa se reciclen por completo sin que haya un consumo importante de agua durante el proceso de limpieza, adem\u00e1s de reducir en gran medida los desechos de envasado.<\/p>\n<\/div><\/div>\n<\/div>\n\n\n\n<div class=\"wp-block-column is-layout-flow wp-block-column-is-layout-flow\">\n<figure class=\"wp-block-image size-large shadow-wrap max-width-485 slide-down-f\"><img decoding=\"async\" width=\"932\" height=\"716\" data-src=\"https:\/\/www.cdf1.com\/wp-content\/uploads\/2021\/08\/automotive-2.jpg\" alt=\"CDF Maximizamos la reutilizaci&#xF3;n\" class=\"wp-image-1572 lazyload\" data-srcset=\"https:\/\/www.cdf1.com\/wp-content\/uploads\/2021\/08\/automotive-2.jpg 932w, https:\/\/www.cdf1.com\/wp-content\/uploads\/2021\/08\/automotive-2-300x230.jpg 300w, https:\/\/www.cdf1.com\/wp-content\/uploads\/2021\/08\/automotive-2-768x590.jpg 768w\" data-sizes=\"(max-width: 932px) 100vw, 932px\" src=\"data:image\/svg+xml;base64,PHN2ZyB3aWR0aD0iMSIgaGVpZ2h0PSIxIiB4bWxucz0iaHR0cDovL3d3dy53My5vcmcvMjAwMC9zdmciPjwvc3ZnPg==\" style=\"--smush-placeholder-width: 932px; --smush-placeholder-aspect-ratio: 932\/716;\" \/><\/figure>\n<\/div>\n<\/div>\n<\/div><\/div>\n<\/div><\/div>\n\n<div class=\"wp-block-cover is-light animated-bg-img\"><span aria-hidden=\"true\" class=\"wp-block-cover__background has-background-dim-0 has-background-dim\"><\/span><img decoding=\"async\" width=\"2560\" height=\"1254\" class=\"wp-block-cover__image-background wp-image-878 lazyload\" alt=\"\" data-src=\"https:\/\/www.cdf1.com\/wp-content\/uploads\/2021\/07\/top-green-shape.jpg\" style=\"--smush-placeholder-width: 2560px; --smush-placeholder-aspect-ratio: 2560\/1254;object-position:50% 100%\" data-object-fit=\"cover\" data-object-position=\"50% 100%\" data-srcset=\"https:\/\/www.cdf1.com\/wp-content\/uploads\/2021\/07\/top-green-shape.jpg 2560w, https:\/\/www.cdf1.com\/wp-content\/uploads\/2021\/07\/top-green-shape-300x147.jpg 300w, https:\/\/www.cdf1.com\/wp-content\/uploads\/2021\/07\/top-green-shape-1024x502.jpg 1024w, https:\/\/www.cdf1.com\/wp-content\/uploads\/2021\/07\/top-green-shape-768x376.jpg 768w, https:\/\/www.cdf1.com\/wp-content\/uploads\/2021\/07\/top-green-shape-1536x752.jpg 1536w, https:\/\/www.cdf1.com\/wp-content\/uploads\/2021\/07\/top-green-shape-2048x1003.jpg 2048w\" data-sizes=\"(max-width: 2560px) 100vw, 2560px\" src=\"data:image\/svg+xml;base64,PHN2ZyB3aWR0aD0iMSIgaGVpZ2h0PSIxIiB4bWxucz0iaHR0cDovL3d3dy53My5vcmcvMjAwMC9zdmciPjwvc3ZnPg==\" \/><div class=\"wp-block-cover__inner-container is-layout-flow wp-block-cover-is-layout-flow\">\n<div class=\"wp-block-group fixed-width fixed-1080 vc-wrap padding-bottom-80 img-text-section\"><div class=\"wp-block-group__inner-container is-layout-flow wp-block-group-is-layout-flow\">\n<div class=\"wp-block-columns is-layout-flex wp-container-core-columns-is-layout-9d6595d7 wp-block-columns-is-layout-flex\">\n<div class=\"wp-block-column is-layout-flow wp-block-column-is-layout-flow\">\n<figure class=\"wp-block-image size-full is-resized shadow-wrap max-width-485 slide-up-f\"><img decoding=\"async\" width=\"592\" height=\"732\" data-src=\"https:\/\/www.cdf1.com\/wp-content\/uploads\/2021\/08\/bag-in-box-small.jpg\" alt=\"\" class=\"wp-image-4713 lazyload\" style=\"--smush-placeholder-width: 592px; --smush-placeholder-aspect-ratio: 592\/732;width:462px;height:571px\" data-srcset=\"https:\/\/www.cdf1.com\/wp-content\/uploads\/2021\/08\/bag-in-box-small.jpg 592w, https:\/\/www.cdf1.com\/wp-content\/uploads\/2021\/08\/bag-in-box-small-243x300.jpg 243w\" data-sizes=\"(max-width: 592px) 100vw, 592px\" src=\"data:image\/svg+xml;base64,PHN2ZyB3aWR0aD0iMSIgaGVpZ2h0PSIxIiB4bWxucz0iaHR0cDovL3d3dy53My5vcmcvMjAwMC9zdmciPjwvc3ZnPg==\" \/><\/figure>\n<\/div>\n\n\n\n<div class=\"wp-block-column is-layout-flow wp-block-column-is-layout-flow\">\n<div class=\"wp-block-group text-wrap max-width-450 anim_init\"><div class=\"wp-block-group__inner-container is-layout-flow wp-block-group-is-layout-flow\">\n<figure class=\"wp-block-image size-large\"><img decoding=\"async\" width=\"101\" height=\"57\" data-src=\"https:\/\/www.cdf1.com\/wp-content\/uploads\/2021\/08\/automotive-car.svg\" alt=\"\" class=\"wp-image-1580 lazyload\" src=\"data:image\/svg+xml;base64,PHN2ZyB3aWR0aD0iMSIgaGVpZ2h0PSIxIiB4bWxucz0iaHR0cDovL3d3dy53My5vcmcvMjAwMC9zdmciPjwvc3ZnPg==\" style=\"--smush-placeholder-width: 101px; --smush-placeholder-aspect-ratio: 101\/57;\" \/><\/figure>\n\n\n\n<h2 class=\"wp-block-heading has-text-color\" style=\"color:#363b40\">Seguridad del envasado de productos qu\u00edmicos<\/h2>\n\n\n\n<p class=\"has-text-color\" style=\"color:#363b40\">El envasado de caja con bolsa interior Cheertainer\u00ae es completamente seguro para los productos qu\u00edmicos; es decir, los detergentes. La caja proporciona una cubierta alrededor de la parte de la bolsa que comprende el envase, lo que ayuda a mejorar la durabilidad general y evita fugas o rupturas en el envase flexible. Tambi\u00e9n es importante usar el tipo correcto de pel\u00edcula y aditamento al ejecutar el envasado de caja con bolsa interior. Aunque la parte de la caja del envase act\u00fae como una \u201ccubierta\u201d, usted no desea arriesgarse a sufrir fugas o rupturas. Las fugas tienden a producirse con mayor frecuencia en el espacio donde se unen la pel\u00edcula y el aditamento, o el pico.<\/p>\n<\/div><\/div>\n<\/div>\n<\/div>\n<\/div><\/div>\n<\/div><\/div>\n\n<div class=\"wp-block-group contact-section\"><div class=\"wp-block-group__inner-container is-layout-flow wp-block-group-is-layout-flow\">\n<div class=\"wp-block-group fixed-width fixed-1080 padding-top-110 padding-bottom-60\"><div class=\"wp-block-group__inner-container is-layout-flow wp-block-group-is-layout-flow\">\n<div class=\"wp-block-columns is-layout-flex wp-container-core-columns-is-layout-9d6595d7 wp-block-columns-is-layout-flex\">\n<div class=\"wp-block-column is-layout-flow wp-block-column-is-layout-flow\">\n<h2 class=\"wp-block-heading\">\u00bfC\u00f3mo podemos ayudar?<\/h2>\n\n\n\n<div class=\"wp-block-group margin-top-50\"><div class=\"wp-block-group__inner-container is-layout-flow wp-block-group-is-layout-flow\">\n\t\t\t\t\t\t<script>\n\t\t\t\t\t\t\twindow.hsFormsOnReady = window.hsFormsOnReady || [];\n\t\t\t\t\t\t\twindow.hsFormsOnReady.push(()=>{\n\t\t\t\t\t\t\t\thbspt.forms.create({\n\t\t\t\t\t\t\t\t\tportalId: 1984976,\n\t\t\t\t\t\t\t\t\tformId: \"f4c2de98-39de-4e6d-a631-da1856bb0631\",\n\t\t\t\t\t\t\t\t\ttarget: \"#hbspt-form-1777244790000-9585426124\",\n\t\t\t\t\t\t\t\t\tregion: \"na1\",\n\t\t\t\t\t\t\t\t\t\n\t\t\t\t\t\t\t})});\n\t\t\t\t\t\t<\/script>\n\t\t\t\t\t\t<div class=\"hbspt-form\" id=\"hbspt-form-1777244790000-9585426124\"><\/div>\n<\/div><\/div>\n<\/div>\n\n\n\n<div class=\"wp-block-column is-layout-flow wp-block-column-is-layout-flow\">\n<div class=\"wp-block-group text-wrap\"><div class=\"wp-block-group__inner-container is-layout-flow wp-block-group-is-layout-flow\">\n<h2 class=\"wp-block-heading\">Comun\u00edquese con nosotros<\/h2>\n\n\n\n<div class=\"wp-block-group margin-bottom-40 contact-box-in\"><div class=\"wp-block-group__inner-container is-layout-flow wp-block-group-is-layout-flow\">\n<h3 class=\"wp-block-heading\">CDF Corporation <\/h3>\n\n\n\n<p><strong>L\u00ednea principal <\/strong><\/p>\n\n\n\n<p>800.443.1920 <\/p>\n<\/div><\/div>\n\n\n\n<div class=\"wp-block-group margin-bottom-40 contact-box-in contact-box-sm\"><div class=\"wp-block-group__inner-container is-layout-flow wp-block-group-is-layout-flow\">\n<p><strong>Divisi\u00f3n de Barriles y Cubetas <\/strong><\/p>\n\n\n\n<p>508.591.6700 <br\/>888.593.2211 <\/p>\n<\/div><\/div>\n\n\n\n<div class=\"wp-block-group margin-bottom-40 contact-box-in contact-box-sm\"><div class=\"wp-block-group__inner-container is-layout-flow wp-block-group-is-layout-flow\">\n<p><strong>Divisi\u00f3n de Envases Flexibles <\/strong><\/p>\n\n\n\n<p>508.591.6800 <br\/>888.593.2212 <\/p>\n<\/div><\/div>\n\n\n\n<div class=\"wp-block-group margin-bottom-40 contact-box-in\"><div class=\"wp-block-group__inner-container is-layout-flow wp-block-group-is-layout-flow\">\n<h3 class=\"wp-block-heading\">Horario de atenci\u00f3n<\/h3>\n\n\n\n<p>Lunes a viernes, de 8\u00a0a.\u00a0m a 5\u00a0p.\u00a0m, hora del este<\/p>\n<\/div><\/div>\n<\/div><\/div>\n<\/div>\n<\/div>\n<\/div><\/div>\n<\/div><\/div>\n","protected":false},"excerpt":{"rendered":"<p>Bag-In-Box para envasado de detergente para ropa\u00a0 El formato de envase de caja con bolsa interior, o BIB, quiz\u00e1s se asocie en mayor medida con el almacenaje y el transporte de l\u00edquidos, como refrescos de fuente para restaurantes comerciales y vinos en caja para uso dom\u00e9stico personal. No obstante, el envase de caja con bolsa [&hellip;]<\/p>\n","protected":false},"author":10,"featured_media":13093,"parent":0,"menu_order":0,"comment_status":"closed","ping_status":"closed","template":"","meta":{"_acf_changed":false,"content-type":"","_genesis_hide_title":false,"_genesis_hide_breadcrumbs":false,"_genesis_hide_singular_image":false,"_genesis_hide_footer_widgets":false,"_genesis_custom_body_class":"","_genesis_custom_post_class":"","_genesis_layout":"","footnotes":""},"class_list":{"0":"post-10266","1":"page","2":"type-page","3":"status-publish","4":"has-post-thumbnail","6":"entry"},"acf":[],"featured_image_src":"https:\/\/www.cdf1.com\/wp-content\/uploads\/2025\/06\/Eco-Friendly-Laundry-Detergent-Packaging-1200-x-628-px-600x400.png","featured_image_src_square":"https:\/\/www.cdf1.com\/wp-content\/uploads\/2025\/06\/Eco-Friendly-Laundry-Detergent-Packaging-1200-x-628-px-600x600.png","_links":{"self":[{"href":"https:\/\/www.cdf1.com\/es\/wp-json\/wp\/v2\/pages\/10266","targetHints":{"allow":["GET"]}}],"collection":[{"href":"https:\/\/www.cdf1.com\/es\/wp-json\/wp\/v2\/pages"}],"about":[{"href":"https:\/\/www.cdf1.com\/es\/wp-json\/wp\/v2\/types\/page"}],"author":[{"embeddable":true,"href":"https:\/\/www.cdf1.com\/es\/wp-json\/wp\/v2\/users\/10"}],"replies":[{"embeddable":true,"href":"https:\/\/www.cdf1.com\/es\/wp-json\/wp\/v2\/comments?post=10266"}],"version-history":[{"count":6,"href":"https:\/\/www.cdf1.com\/es\/wp-json\/wp\/v2\/pages\/10266\/revisions"}],"predecessor-version":[{"id":11252,"href":"https:\/\/www.cdf1.com\/es\/wp-json\/wp\/v2\/pages\/10266\/revisions\/11252"}],"wp:featuredmedia":[{"embeddable":true,"href":"https:\/\/www.cdf1.com\/es\/wp-json\/wp\/v2\/media\/13093"}],"wp:attachment":[{"href":"https:\/\/www.cdf1.com\/es\/wp-json\/wp\/v2\/media?parent=10266"}],"curies":[{"name":"wp","href":"https:\/\/api.w.org\/{rel}","templated":true}]}}