{"id":10232,"date":"2023-12-04T19:16:07","date_gmt":"2023-12-04T19:16:07","guid":{"rendered":"https:\/\/www.cdf1.com\/envases-de-ibc-para-alimentos-y-bebidas\/"},"modified":"2024-02-25T10:04:50","modified_gmt":"2024-02-25T10:04:50","slug":"envases-de-ibc-para-alimentos-y-bebidas","status":"publish","type":"page","link":"https:\/\/www.cdf1.com\/es\/envases-de-ibc-para-alimentos-y-bebidas\/","title":{"rendered":"Envases de IBC para alimentos y bebidas"},"content":{"rendered":"\n<div class=\"wp-block-group page-heading heading-img-bottom two-col-heading shadow-out-bottom\"><div class=\"wp-block-group__inner-container is-layout-flow wp-block-group-is-layout-flow\">\n<div class=\"wp-block-columns fixed-width is-layout-flex wp-container-core-columns-is-layout-9d6595d7 wp-block-columns-is-layout-flex\">\n<div class=\"wp-block-column is-layout-flow wp-block-column-is-layout-flow\" style=\"flex-basis:40%\">\n<div class=\"wp-block-group fixed-width fixed-1080 heading-inner-wrap\"><div class=\"wp-block-group__inner-container is-layout-flow wp-block-group-is-layout-flow\">\n<div class=\"wp-block-group text-wrap\"><div class=\"wp-block-group__inner-container is-layout-flow wp-block-group-is-layout-flow\">\n<h1 class=\"wp-block-heading has-text-color\" style=\"color:#0d80b1\"> Revestimientos de IBC para envases de alimentos y bebidas<\/h1>\n<\/div><\/div>\n<\/div><\/div>\n<\/div>\n\n\n\n<div class=\"wp-block-column is-layout-flow wp-block-column-is-layout-flow\" style=\"flex-basis:60%\">\n<figure class=\"wp-block-image size-large\"><img decoding=\"async\" width=\"1024\" height=\"894\" data-src=\"https:\/\/www.cdf1.com\/wp-content\/uploads\/2021\/10\/ibc-liners-heading-1024x894.jpg\" alt=\" Revestimientos de IBC Heading\" class=\"wp-image-3533 lazyload\" data-srcset=\"https:\/\/www.cdf1.com\/wp-content\/uploads\/2021\/10\/ibc-liners-heading-1024x894.jpg 1024w, https:\/\/www.cdf1.com\/wp-content\/uploads\/2021\/10\/ibc-liners-heading-300x262.jpg 300w, https:\/\/www.cdf1.com\/wp-content\/uploads\/2021\/10\/ibc-liners-heading-768x670.jpg 768w, https:\/\/www.cdf1.com\/wp-content\/uploads\/2021\/10\/ibc-liners-heading.jpg 1052w\" data-sizes=\"(max-width: 1024px) 100vw, 1024px\" src=\"data:image\/svg+xml;base64,PHN2ZyB3aWR0aD0iMSIgaGVpZ2h0PSIxIiB4bWxucz0iaHR0cDovL3d3dy53My5vcmcvMjAwMC9zdmciPjwvc3ZnPg==\" style=\"--smush-placeholder-width: 1024px; --smush-placeholder-aspect-ratio: 1024\/894;\" \/><\/figure>\n<\/div>\n<\/div>\n<\/div><\/div>\n\n<div style=\"height:30px\" aria-hidden=\"true\" class=\"wp-block-spacer\"><\/div>\n\n<div class=\"wp-block-group fixed-width-custom padding-top-130 padding-bottom-80\"><div class=\"wp-block-group__inner-container is-layout-flow wp-block-group-is-layout-flow\">\n<h2 class=\"wp-block-heading has-text-align-center\">Categor\u00edas de productos<\/h2>\n\n\n\n<div class=\"wp-block-columns margin-top-60 is-layout-flex wp-container-core-columns-is-layout-9d6595d7 wp-block-columns-is-layout-flex\">\n<div class=\"wp-block-column is-layout-flow wp-block-column-is-layout-flow\"><\/div>\n\n\n\n<div class=\"wp-block-column is-layout-flow wp-block-column-is-layout-flow\">\n<div class=\"wp-block-media-text alignwide is-stacked-on-mobile\" style=\"grid-template-columns:45% auto\"><figure class=\"wp-block-media-text__media\"><img decoding=\"async\" width=\"700\" height=\"800\" data-src=\"https:\/\/www.cdf1.com\/wp-content\/uploads\/2022\/03\/Untitled-700-\u00d7-800-px.jpg\" alt=\"\" class=\"wp-image-7024 size-full lazyload\" src=\"data:image\/svg+xml;base64,PHN2ZyB3aWR0aD0iMSIgaGVpZ2h0PSIxIiB4bWxucz0iaHR0cDovL3d3dy53My5vcmcvMjAwMC9zdmciPjwvc3ZnPg==\" style=\"--smush-placeholder-width: 700px; --smush-placeholder-aspect-ratio: 700\/800;\" \/><\/figure><div class=\"wp-block-media-text__content\">\n<h3 class=\"wp-block-heading\">Revestimientos tipo almohada<\/h3>\n\n\n\n<p><a href=\"https:\/\/www.cdf1.com\/es\/categoria-de-revestimientos-tipo-almohada-ibc\/\">Ver categor\u00eda &gt;<\/a><\/p>\n<\/div><\/div>\n<\/div>\n\n\n\n<div class=\"wp-block-column is-layout-flow wp-block-column-is-layout-flow\">\n<div class=\"wp-block-media-text alignwide is-stacked-on-mobile\" style=\"grid-template-columns:37% auto\"><figure class=\"wp-block-media-text__media\"><img decoding=\"async\" width=\"600\" height=\"800\" data-src=\"https:\/\/www.cdf1.com\/wp-content\/uploads\/2022\/03\/Untitled-design-2.jpg\" alt=\"\" class=\"wp-image-7021 size-full lazyload\" src=\"data:image\/svg+xml;base64,PHN2ZyB3aWR0aD0iMSIgaGVpZ2h0PSIxIiB4bWxucz0iaHR0cDovL3d3dy53My5vcmcvMjAwMC9zdmciPjwvc3ZnPg==\" style=\"--smush-placeholder-width: 600px; --smush-placeholder-aspect-ratio: 600\/800;\" \/><\/figure><div class=\"wp-block-media-text__content\">\n<h3 class=\"wp-block-heading\">Revestimientos Form-Fit&#x2122;<\/h3>\n\n\n\n<p><a href=\"https:\/\/www.cdf1.com\/es\/soluciones\/revestimientos-de-ibc\/revestimientos-formfit-ibc\/\">Ver categor\u00eda &gt;<\/a><\/p>\n<\/div><\/div>\n<\/div>\n\n\n\n<div class=\"wp-block-column is-layout-flow wp-block-column-is-layout-flow\"><\/div>\n<\/div>\n<\/div><\/div>\n\n<div class=\"wp-block-group fixed-width fixed-1080 padding-top-140 padding-bottom-100 title-text-section below-heading-section bg-line-shape-contact\"><div class=\"wp-block-group__inner-container is-layout-flow wp-block-group-is-layout-flow\">\n<div class=\"wp-block-columns is-layout-flex wp-container-core-columns-is-layout-9d6595d7 wp-block-columns-is-layout-flex\">\n<div class=\"wp-block-column is-layout-flow wp-block-column-is-layout-flow\">\n<div class=\"wp-block-group section-title-mix text-wrap anim_init\"><div class=\"wp-block-group__inner-container is-layout-flow wp-block-group-is-layout-flow\">\n<h2 class=\"wp-block-heading\">Revestimientos de IBC para<\/h2>\n\n\n\n<h3 class=\"wp-block-heading\"><strong>Alimentos y bebidas<\/strong><\/h3>\n<\/div><\/div>\n<\/div>\n\n\n\n<div class=\"wp-block-column is-layout-flow wp-block-column-is-layout-flow\">\n<div class=\"wp-block-group max-width-450 paragraph-wrap anim_init\"><div class=\"wp-block-group__inner-container is-layout-flow wp-block-group-is-layout-flow\">\n<p>Los envasadores por contrato, procesadores y productores de ingredientes de alimentos y bebidas conf\u00edan constantemente en los envases de IBC para obtener una soluci\u00f3n de envasado a granel para alimentos y bebidas. <\/p>\n\n\n\n<p>Conocemos en profundidad los numerosos desaf\u00edos que enfrenta la industria de alimentos y bebidas con respecto al envasado a granel, y seguimos todas las reglas y normativas de nuestra industria para asegurarnos de ofrecer el mejor envasado posible a nuestros clientes. <\/p>\n\n\n\n<p>Por lo tanto, ser\u00eda un placer hacer lo mismo por usted.<\/p>\n<\/div><\/div>\n<\/div>\n<\/div>\n<\/div><\/div>\n\n<div class=\"wp-block-media-text alignwide has-media-on-the-right is-stacked-on-mobile img-text-section animated-art-box\"><div class=\"wp-block-media-text__content\">\n<div class=\"wp-block-group text-wrap max-width-450\"><div class=\"wp-block-group__inner-container is-layout-flow wp-block-group-is-layout-flow\">\n<h2 class=\"wp-block-heading\"><strong>\u00bfQu\u00e9 tipos de alimentos pueden usar envases de IBC?<\/strong><\/h2>\n\n\n\n<p>Existe una infinidad de tipos de alimentos y bebidas que pueden beneficiarse de los revestimientos de IBC. Algunos de los l\u00edquidos que pueden beneficiarse de nuestra soluci\u00f3n incluyen los siguientes:<\/p>\n\n\n\n<ul class=\"wp-block-list\">\n<li>Sidra<\/li>\n\n\n\n<li>Condimentos<\/li>\n\n\n\n<li>Grasas y aceites<\/li>\n\n\n\n<li>Aromatizantes<\/li>\n\n\n\n<li>Jugo<\/li>\n\n\n\n<li>Pur\u00e9s<\/li>\n\n\n\n<li>Salsas<\/li>\n\n\n\n<li>Edulcorantes<\/li>\n\n\n\n<li>Vino<\/li>\n<\/ul>\n\n\n\n<p>Si est\u00e1 buscando una soluci\u00f3n confiable de envasado a granel para sus productos l\u00edquidos, podemos ayudarlo. Tambi\u00e9n existen numerosos alimentos secos que pueden beneficiarse de nuestras soluciones de envasado. Estos incluyen los siguientes:<\/p>\n\n\n\n<ul class=\"wp-block-list\">\n<li>Caf\u00e9<\/li>\n\n\n\n<li>Mezclas secas<\/li>\n\n\n\n<li>Nueces y granos<\/li>\n\n\n\n<li>Especias<\/li>\n\n\n\n<li>Az\u00facar y otros productos de confiter\u00eda<\/li>\n\n\n\n<li>Vitaminas y suplementos<\/li>\n<\/ul>\n\n\n\n<p>Si desea obtener m\u00e1s informaci\u00f3n acerca de c\u00f3mo nuestra soluci\u00f3n de envasado a granel para alimentos y bebidas puede ayudarlo, comun\u00edquese con nosotros hoy mismo.<\/p>\n<\/div><\/div>\n<\/div><figure class=\"wp-block-media-text__media\"><img decoding=\"async\" width=\"768\" height=\"936\" data-src=\"https:\/\/www.cdf1.com\/wp-content\/uploads\/2021\/09\/air-assit-large-image.jpg\" alt=\"\" class=\"wp-image-2838 size-full lazyload\" data-srcset=\"https:\/\/www.cdf1.com\/wp-content\/uploads\/2021\/09\/air-assit-large-image.jpg 768w, https:\/\/www.cdf1.com\/wp-content\/uploads\/2021\/09\/air-assit-large-image-246x300.jpg 246w\" data-sizes=\"(max-width: 768px) 100vw, 768px\" src=\"data:image\/svg+xml;base64,PHN2ZyB3aWR0aD0iMSIgaGVpZ2h0PSIxIiB4bWxucz0iaHR0cDovL3d3dy53My5vcmcvMjAwMC9zdmciPjwvc3ZnPg==\" style=\"--smush-placeholder-width: 768px; --smush-placeholder-aspect-ratio: 768\/936;\" \/><\/figure><\/div>\n\n<div class=\"wp-block-group fixed-width text-img-section vc-wrap padding-top-180 padding-bottom-100 pt-xs--60 pb-xs--60\"><div class=\"wp-block-group__inner-container is-layout-flow wp-block-group-is-layout-flow\">\n<div class=\"wp-block-columns is-layout-flex wp-container-core-columns-is-layout-9d6595d7 wp-block-columns-is-layout-flex\">\n<div class=\"wp-block-column is-layout-flow wp-block-column-is-layout-flow\">\n<div class=\"wp-block-group max-width-500\"><div class=\"wp-block-group__inner-container is-layout-flow wp-block-group-is-layout-flow\">\n<figure class=\"wp-block-image size-full shadow-wrap slide-in-up\"><img decoding=\"async\" width=\"768\" height=\"936\" data-src=\"https:\/\/www.cdf1.com\/wp-content\/uploads\/2021\/09\/Pillow-Shaped-Liners.jpg\" alt=\"Revestimientos en forma de almohada\" class=\"wp-image-2841 lazyload\" title=\"\" data-srcset=\"https:\/\/www.cdf1.com\/wp-content\/uploads\/2021\/09\/Pillow-Shaped-Liners.jpg 768w, https:\/\/www.cdf1.com\/wp-content\/uploads\/2021\/09\/Pillow-Shaped-Liners-246x300.jpg 246w\" data-sizes=\"(max-width: 768px) 100vw, 768px\" src=\"data:image\/svg+xml;base64,PHN2ZyB3aWR0aD0iMSIgaGVpZ2h0PSIxIiB4bWxucz0iaHR0cDovL3d3dy53My5vcmcvMjAwMC9zdmciPjwvc3ZnPg==\" style=\"--smush-placeholder-width: 768px; --smush-placeholder-aspect-ratio: 768\/936;\" \/><\/figure>\n<\/div><\/div>\n<\/div>\n\n\n\n<div class=\"wp-block-column is-layout-flow wp-block-column-is-layout-flow\">\n<div class=\"wp-block-group text-wrap max-width-450\"><div class=\"wp-block-group__inner-container is-layout-flow wp-block-group-is-layout-flow\">\n<h2 class=\"wp-block-heading\"><strong>Revestimientos de IBC estilo almohada<\/strong><\/h2>\n\n\n\n<p>Tenemos varios tipos diferentes de revestimientos de IBC para envases de alimentos y bebidas. Una de nuestras soluciones m\u00e1s populares son nuestros <a href=\"https:\/\/www.cdf1.com\/es\/categoria-de-revestimientos-tipo-almohada-ibc\/\">revestimientos tipo almohada<\/a>, que est\u00e1n dise\u00f1ados para contenedores intermedios para material a granel.<\/p>\n\n\n\n<p>Cuando se llenan, estos revestimientos de IBC de uso industrial adoptan la forma de una almohada: est\u00e1n fabricados con dos o tres capas de polietileno lineal de baja densidad y una pel\u00edcula de barrera para aplicaciones de barrera as\u00e9ptica y contra el ox\u00edgeno. <\/p>\n\n\n\n<p>CDF tiene un revestimiento tipo almohada para su proceso, independientemente de que realice un llenado inferior, llenado superior con un puente, o de que incorpore m\u00e1quinas llenadoras autom\u00e1ticas o m\u00e1quina llenadoras de alta velocidad. CDF dise\u00f1\u00f3 nuestro revestimiento en forma de almohada para una variedad de productos y una amplia gama de aplicaciones.<\/p>\n\n\n\n<p>Algunos de los beneficios de este revestimiento incluyen los siguientes:<\/p>\n\n\n\n<ul class=\"wp-block-list\">\n<li>Son f\u00e1ciles de instalar.<\/li>\n\n\n\n<li>Hay un aditamento superior que se conecta de manera r\u00e1pida y f\u00e1cil a una manguera de llenado.<\/li>\n\n\n\n<li>Es una opci\u00f3n de envasado flexible que se expande con el producto.<\/li>\n\n\n\n<li>Se pliega para facilitar el reciclaje.<\/li>\n<\/ul>\n\n\n\n<p><a href=\"https:\/\/www.cdf1.com\/es\/categoria-de-revestimientos-tipo-almohada-ibc\/\">Ver categor\u00eda &gt;<\/a><\/p>\n<\/div><\/div>\n<\/div>\n<\/div>\n<\/div><\/div>\n\n<div class=\"wp-block-group bg-blue-shape-right-center\"><div class=\"wp-block-group__inner-container is-layout-flow wp-block-group-is-layout-flow\">\n<div class=\"wp-block-group fixed-width text-img-section vc-wrap padding-top-180 padding-bottom-100 pt-xs--100 pb-xs--60 has-text-color\" style=\"color:#000000\"><div class=\"wp-block-group__inner-container is-layout-flow wp-block-group-is-layout-flow\">\n<div class=\"wp-block-columns is-layout-flex wp-container-core-columns-is-layout-9d6595d7 wp-block-columns-is-layout-flex\">\n<div class=\"wp-block-column is-layout-flow wp-block-column-is-layout-flow\">\n<div class=\"wp-block-group text-wrap max-width-450\"><div class=\"wp-block-group__inner-container is-layout-flow wp-block-group-is-layout-flow\">\n<h2 class=\"wp-block-heading\"><strong>Revestimientos de IBC Form-Fit<\/strong><\/h2>\n\n\n\n<p>Tambi\u00e9n ofrecemos los <a href=\"https:\/\/www.cdf1.com\/es\/soluciones\/revestimientos-de-ibc\/revestimientos-formfit-ibc\/\">revestimientos Form Fit<\/a> para contenedores intermedios para material a granel. Pueden satisfacer las dimensiones \u00fanicas de su contenedor e incluyen una variedad de aditamentos de forma y opciones de pel\u00edcula. Incluso ofrecen Smart Seal Technology y aletas perforadas para mantener el revestimiento fijado en su lugar.<\/p>\n\n\n\n<p>Algunos de los principales beneficios de esta opci\u00f3n incluyen los siguientes:<\/p>\n\n\n\n<ul class=\"wp-block-list\">\n<li>La tecnolog\u00eda de llenado \u00fanica elimina la necesidad de manipular los revestimientos durante el proceso de llenado.<\/li>\n\n\n\n<li>Son f\u00e1ciles de instalar con un puente.<\/li>\n\n\n\n<li>No tienen cavidades ni pliegues, lo que garantiza la m\u00e1xima evacuaci\u00f3n del producto.<\/li>\n\n\n\n<li>Se conectan f\u00e1cilmente a la manguera de llenado.<\/li>\n\n\n\n<li>Smart Seal Technology optimiza la precisi\u00f3n y uniformidad, al realizar un seguimiento de la temperatura, el tiempo y la presi\u00f3n.<\/li>\n<\/ul>\n\n\n\n<p>Con acceso a alineadores extra\u00edbles dentro de los contenedores intermedios para material a granel, puede ahorrar dinero en costos de llenado y env\u00edo. Por lo tanto, ser\u00eda un placer ayudarlo a usted tambi\u00e9n. Si desea obtener m\u00e1s informaci\u00f3n acerca de c\u00f3mo nuestros revestimientos \u00fanicos pueden ser \u00fatiles para su envasado de alimentos y bebidas, comun\u00edquese con nosotros hoy mismo para hablar con un miembro de nuestro equipo.<\/p>\n\n\n\n<p><a href=\"https:\/\/www.cdf1.com\/es\/soluciones\/revestimientos-de-ibc\/revestimientos-formfit-ibc\/\">Ver categor\u00eda &gt;<\/a><\/p>\n<\/div><\/div>\n<\/div>\n\n\n\n<div class=\"wp-block-column is-layout-flow wp-block-column-is-layout-flow\">\n<div class=\"wp-block-group max-width-500\"><div class=\"wp-block-group__inner-container is-layout-flow wp-block-group-is-layout-flow\">\n<figure class=\"wp-block-image size-full shadow-wrap slide-in-up\"><img decoding=\"async\" width=\"768\" height=\"936\" data-src=\"https:\/\/www.cdf1.com\/wp-content\/uploads\/2021\/09\/form-fit.jpg\" alt=\"Revestimientos Form-Fit&#x2122;\" class=\"wp-image-2834 lazyload\" title=\"\" data-srcset=\"https:\/\/www.cdf1.com\/wp-content\/uploads\/2021\/09\/form-fit.jpg 768w, https:\/\/www.cdf1.com\/wp-content\/uploads\/2021\/09\/form-fit-246x300.jpg 246w\" data-sizes=\"(max-width: 768px) 100vw, 768px\" src=\"data:image\/svg+xml;base64,PHN2ZyB3aWR0aD0iMSIgaGVpZ2h0PSIxIiB4bWxucz0iaHR0cDovL3d3dy53My5vcmcvMjAwMC9zdmciPjwvc3ZnPg==\" style=\"--smush-placeholder-width: 768px; --smush-placeholder-aspect-ratio: 768\/936;\" \/><\/figure>\n<\/div><\/div>\n<\/div>\n<\/div>\n<\/div><\/div>\n<\/div><\/div>\n\n<div class=\"wp-block-group fixed-width img-text-section vc-wrap padding-top-180 padding-bottom-100 pt-xs--0 pb-xs--0 has-text-color\" style=\"color:#000000\"><div class=\"wp-block-group__inner-container is-layout-flow wp-block-group-is-layout-flow\">\n<div class=\"wp-block-columns is-layout-flex wp-container-core-columns-is-layout-9d6595d7 wp-block-columns-is-layout-flex\">\n<div class=\"wp-block-column is-layout-flow wp-block-column-is-layout-flow\">\n<div class=\"wp-block-group max-width-500\"><div class=\"wp-block-group__inner-container is-layout-flow wp-block-group-is-layout-flow\">\n<figure class=\"wp-block-image size-full shadow-wrap slide-in-up\"><img decoding=\"async\" width=\"768\" height=\"936\" data-src=\"https:\/\/www.cdf1.com\/wp-content\/uploads\/2021\/09\/air-assit-large-image.jpg\" alt=\"El dise&#xF1;o de Air-Assist\" class=\"wp-image-2838 lazyload\" title=\"\" data-srcset=\"https:\/\/www.cdf1.com\/wp-content\/uploads\/2021\/09\/air-assit-large-image.jpg 768w, https:\/\/www.cdf1.com\/wp-content\/uploads\/2021\/09\/air-assit-large-image-246x300.jpg 246w\" data-sizes=\"(max-width: 768px) 100vw, 768px\" src=\"data:image\/svg+xml;base64,PHN2ZyB3aWR0aD0iMSIgaGVpZ2h0PSIxIiB4bWxucz0iaHR0cDovL3d3dy53My5vcmcvMjAwMC9zdmciPjwvc3ZnPg==\" style=\"--smush-placeholder-width: 768px; --smush-placeholder-aspect-ratio: 768\/936;\" \/><\/figure>\n<\/div><\/div>\n<\/div>\n\n\n\n<div class=\"wp-block-column is-layout-flow wp-block-column-is-layout-flow\">\n<div class=\"wp-block-group text-wrap max-width-450\"><div class=\"wp-block-group__inner-container is-layout-flow wp-block-group-is-layout-flow\">\n<h2 class=\"wp-block-heading\">Air-Assist\u00ae<\/h2>\n\n\n\n<p>Air-Assist\u00ae se dise\u00f1\u00f3 con los mismos beneficios que Form-Fit pero con la ventaja adicional de una c\u00e1mara de aire para mejorar la dispensaci\u00f3n del producto. Dise\u00f1ado para productos viscosos, el dise\u00f1o de Air-Assist permite que el producto se dispense f\u00e1cilmente mientras mejora la evacuaci\u00f3n. <\/p>\n\n\n\n<p>A medida que la c\u00e1mara de aire se infla, el aire ejerce presi\u00f3n acerca del revestimiento Form-Fit, lo que contribuye a la evacuaci\u00f3n del producto del aditamento de la base y tiene como resultado una mejor evacuaci\u00f3n del producto y una menor cantidad de producto residual en el revestimiento. Dise\u00f1ado como un dispensador de manos libres, una vez que se fija el regulador de aire, el operador puede alejarse.<\/p>\n\n\n\n<p><a href=\"https:\/\/www.cdf1.com\/es\/soluciones\/revestimientos-de-ibc\/air-assist\/\">Ver producto&gt;<\/a><\/p>\n<\/div><\/div>\n<\/div>\n<\/div>\n<\/div><\/div>\n\n<div class=\"wp-block-cover is-light animated-bg-img fixed-1280 bg-bubble-section\" style=\"min-height:780px;aspect-ratio:unset;\"><span aria-hidden=\"true\" class=\"wp-block-cover__background has-background-dim-0 has-background-dim\"><\/span><img decoding=\"async\" width=\"2560\" height=\"2021\" class=\"wp-block-cover__image-background wp-image-2795 lazyload\" alt=\"\" data-src=\"https:\/\/www.cdf1.com\/wp-content\/uploads\/2021\/09\/cdf-center-green-shape.jpg\" style=\"--smush-placeholder-width: 2560px; --smush-placeholder-aspect-ratio: 2560\/2021;object-position:57% 51%\" data-object-fit=\"cover\" data-object-position=\"57% 51%\" data-srcset=\"https:\/\/www.cdf1.com\/wp-content\/uploads\/2021\/09\/cdf-center-green-shape.jpg 2560w, https:\/\/www.cdf1.com\/wp-content\/uploads\/2021\/09\/cdf-center-green-shape-300x237.jpg 300w, https:\/\/www.cdf1.com\/wp-content\/uploads\/2021\/09\/cdf-center-green-shape-1024x808.jpg 1024w, https:\/\/www.cdf1.com\/wp-content\/uploads\/2021\/09\/cdf-center-green-shape-768x606.jpg 768w, https:\/\/www.cdf1.com\/wp-content\/uploads\/2021\/09\/cdf-center-green-shape-1536x1213.jpg 1536w, https:\/\/www.cdf1.com\/wp-content\/uploads\/2021\/09\/cdf-center-green-shape-2048x1617.jpg 2048w\" data-sizes=\"(max-width: 2560px) 100vw, 2560px\" src=\"data:image\/svg+xml;base64,PHN2ZyB3aWR0aD0iMSIgaGVpZ2h0PSIxIiB4bWxucz0iaHR0cDovL3d3dy53My5vcmcvMjAwMC9zdmciPjwvc3ZnPg==\" \/><div class=\"wp-block-cover__inner-container is-layout-flow wp-block-cover-is-layout-flow\">\n<div class=\"wp-block-group fixed-width fixed-700 cta-in-blob-wrap padding-top-150\"><div class=\"wp-block-group__inner-container is-layout-flow wp-block-group-is-layout-flow\">\n<div class=\"wp-block-ideabox-counter ibc-liners-counter\"><div class=\"ib-counter-container\" style=\"text-align:center\"><div class=\"ib-counter\" style=\"font-size:65px;color:#15614d\"><span class=\"ib-counter-number\" data-from-value=\"0\" data-to-value=\"99\" data-delimiter=\"none\" data-duration=\"5000\">0<\/span><span class=\"ib-counter-number-suffix\">0,5\u00a0%<\/span><\/div><\/div><\/div>\n<\/div><\/div>\n\n\n\n<div class=\"wp-block-group fixed-width fixed-700 cta-in-blob-wrap padding-bottom-100\"><div class=\"wp-block-group__inner-container is-layout-flow wp-block-group-is-layout-flow\">\n<p class=\"has-text-align-center has-text-color\" style=\"color:#15614d\">Air-Assist produce hasta un 99,5\u00a0% de evacuaci\u00f3n del producto en comparaci\u00f3n con los revestimientos de IBC tradicionales\u00a0<\/p>\n<\/div><\/div>\n\n\n\n<p class=\"has-text-align-center has-large-font-size\"><\/p>\n<\/div><\/div>\n\n<div class=\"wp-block-cover inner-page-cta-section\"><span aria-hidden=\"true\" class=\"wp-block-cover__background has-background-dim-100 has-background-dim\" style=\"background-color:#015174\"><\/span><div class=\"wp-block-cover__inner-container is-layout-flow wp-block-cover-is-layout-flow\">\n<div class=\"wp-block-group fixed-width fixed-980 padding-top-100 text-wrap\"><div class=\"wp-block-group__inner-container is-layout-flow wp-block-group-is-layout-flow\">\n<h2 class=\"wp-block-heading has-text-align-center\"><strong><strong>\u00a1Encuentre su soluci\u00f3n de envasado de alimentos y bebidas hoy mismo!<\/strong><\/strong><\/h2>\n<\/div><\/div>\n\n\n\n<div class=\"wp-block-group fixed-width fixed-780 padding-bottom-80 text-wrap\"><div class=\"wp-block-group__inner-container is-layout-flow wp-block-group-is-layout-flow\">\n<p class=\"has-text-align-center\">Si tiene una necesidad espec\u00edfica que requiera una soluci\u00f3n innovadora, comun\u00edquese con nosotros para hablar con uno de nuestros expertos en envasado.<\/p>\n\n\n\n<p class=\"has-text-align-center outlined-white-link margin-top-60\"><a href=\"https:\/\/www.cdf1.com\/es\/comuniquese-con-nosotros\/\">Comun\u00edquese con nosotros<\/a><\/p>\n<\/div><\/div>\n<\/div><\/div>\n\n<div style=\"padding-left:10%;padding-right:10%;padding-bottom:4%;padding-top:5%\" class=\"wp-block-genesis-blocks-gb-container alignfull gb-block-container\"><div class=\"gb-container-inside\"><div class=\"gb-container-image-wrap\"><img decoding=\"async\" class=\"gb-container-image has-background-dim-100 has-background-dim lazyload\" data-src=\"https:\/\/www.cdf1.com\/wp-content\/uploads\/2022\/04\/Contact_Background.png\" alt=\"\" src=\"data:image\/svg+xml;base64,PHN2ZyB3aWR0aD0iMSIgaGVpZ2h0PSIxIiB4bWxucz0iaHR0cDovL3d3dy53My5vcmcvMjAwMC9zdmciPjwvc3ZnPg==\" style=\"--smush-placeholder-width: 1920px; --smush-placeholder-aspect-ratio: 1920\/770;\" \/><\/div><div class=\"gb-container-content\">\n<div class=\"wp-block-columns is-layout-flex wp-container-core-columns-is-layout-9d6595d7 wp-block-columns-is-layout-flex\">\n<div class=\"wp-block-column is-layout-flow wp-block-column-is-layout-flow\">\n<div style=\"background-color:#bfe0ef;padding-left:5%;padding-right:5%;padding-bottom:3%;padding-top:5%\" class=\"wp-block-genesis-blocks-gb-container gb-block-container\"><div class=\"gb-container-inside\"><div class=\"gb-container-content\">\n<h2 class=\"wp-block-heading has-text-color\" style=\"color:#245171\">\u00bfTiene alguna pregunta acerca de este producto?<\/h2>\n\n\n\n<p class=\"has-text-color\" style=\"color:#158db7\">Nuestros ingenieros expertos pueden orientar a cualquier cliente dentro de cualquier industria con una soluci\u00f3n innovadora para satisfacer sus necesidades de envasado y sostenibilidad, desde investigaci\u00f3n y desarrollo innovadores hasta dise\u00f1os personalizables.<\/p>\n\n\n\n<p class=\"has-text-color\" style=\"color:#158db7\">Con m\u00e1s de 50 a\u00f1os de experiencia, nuestro equipo de ingenieros colabora con cada cliente para dise\u00f1ar una nueva soluci\u00f3n de envasado, desde la selecci\u00f3n del revestimiento hasta la integraci\u00f3n completa de sistemas y la modificaci\u00f3n de productos existentes.<\/p>\n<\/div><\/div><\/div>\n<\/div>\n\n\n\n<div class=\"wp-block-column is-layout-flow wp-block-column-is-layout-flow\">\n\n\t\t\t\t\t\t<script>\n\t\t\t\t\t\t\twindow.hsFormsOnReady = window.hsFormsOnReady || [];\n\t\t\t\t\t\t\twindow.hsFormsOnReady.push(()=>{\n\t\t\t\t\t\t\t\thbspt.forms.create({\n\t\t\t\t\t\t\t\t\tportalId: 1984976,\n\t\t\t\t\t\t\t\t\tformId: \"3db78b9f-9672-4a75-a693-0caea96daf38\",\n\t\t\t\t\t\t\t\t\ttarget: \"#hbspt-form-1775405089000-4917648492\",\n\t\t\t\t\t\t\t\t\tregion: \"na1\",\n\t\t\t\t\t\t\t\t\t\n\t\t\t\t\t\t\t})});\n\t\t\t\t\t\t<\/script>\n\t\t\t\t\t\t<div class=\"hbspt-form\" id=\"hbspt-form-1775405089000-4917648492\"><\/div>\n<\/div>\n<\/div>\n<\/div><\/div><\/div>\n","protected":false},"excerpt":{"rendered":"<p>Revestimientos de IBC para envases de alimentos y bebidas Categor\u00edas de productos Revestimientos tipo almohada Ver categor\u00eda &gt; Revestimientos Form-Fit&#x2122; Ver categor\u00eda &gt; Revestimientos de IBC para Alimentos y bebidas Los envasadores por contrato, procesadores y productores de ingredientes de alimentos y bebidas conf\u00edan constantemente en los envases de IBC para obtener una soluci\u00f3n de [&hellip;]<\/p>\n","protected":false},"author":10,"featured_media":1881,"parent":0,"menu_order":0,"comment_status":"closed","ping_status":"closed","template":"","meta":{"_acf_changed":false,"content-type":"","_genesis_hide_title":false,"_genesis_hide_breadcrumbs":false,"_genesis_hide_singular_image":false,"_genesis_hide_footer_widgets":false,"_genesis_custom_body_class":"","_genesis_custom_post_class":"","_genesis_layout":"","footnotes":""},"class_list":{"0":"post-10232","1":"page","2":"type-page","3":"status-publish","4":"has-post-thumbnail","6":"entry"},"acf":[],"featured_image_src":"https:\/\/www.cdf1.com\/wp-content\/uploads\/2020\/07\/new-feature-placeholder-sliced.png","featured_image_src_square":"https:\/\/www.cdf1.com\/wp-content\/uploads\/2020\/07\/new-feature-placeholder-sliced.png","_links":{"self":[{"href":"https:\/\/www.cdf1.com\/es\/wp-json\/wp\/v2\/pages\/10232","targetHints":{"allow":["GET"]}}],"collection":[{"href":"https:\/\/www.cdf1.com\/es\/wp-json\/wp\/v2\/pages"}],"about":[{"href":"https:\/\/www.cdf1.com\/es\/wp-json\/wp\/v2\/types\/page"}],"author":[{"embeddable":true,"href":"https:\/\/www.cdf1.com\/es\/wp-json\/wp\/v2\/users\/10"}],"replies":[{"embeddable":true,"href":"https:\/\/www.cdf1.com\/es\/wp-json\/wp\/v2\/comments?post=10232"}],"version-history":[{"count":6,"href":"https:\/\/www.cdf1.com\/es\/wp-json\/wp\/v2\/pages\/10232\/revisions"}],"predecessor-version":[{"id":11246,"href":"https:\/\/www.cdf1.com\/es\/wp-json\/wp\/v2\/pages\/10232\/revisions\/11246"}],"wp:featuredmedia":[{"embeddable":true,"href":"https:\/\/www.cdf1.com\/es\/wp-json\/wp\/v2\/media\/1881"}],"wp:attachment":[{"href":"https:\/\/www.cdf1.com\/es\/wp-json\/wp\/v2\/media?parent=10232"}],"curies":[{"name":"wp","href":"https:\/\/api.w.org\/{rel}","templated":true}]}}