{"id":10231,"date":"2023-12-04T19:16:06","date_gmt":"2023-12-04T19:16:06","guid":{"rendered":"https:\/\/www.cdf1.com\/camlock-y-dn50\/"},"modified":"2024-02-25T10:04:49","modified_gmt":"2024-02-25T10:04:49","slug":"camlock-y-dn50","status":"publish","type":"page","link":"https:\/\/www.cdf1.com\/es\/camlock-y-dn50\/","title":{"rendered":"Camlock y DN50"},"content":{"rendered":"\n<div class=\"wp-block-group page-heading heading-img-bottom two-col-heading shadow-out-bottom\"><div class=\"wp-block-group__inner-container is-layout-flow wp-block-group-is-layout-flow\">\n<div class=\"wp-block-columns fixed-width is-layout-flex wp-container-core-columns-is-layout-9d6595d7 wp-block-columns-is-layout-flex\">\n<div class=\"wp-block-column is-layout-flow wp-block-column-is-layout-flow\" style=\"flex-basis:40%\">\n<div class=\"wp-block-group fixed-width fixed-1080 heading-inner-wrap\"><div class=\"wp-block-group__inner-container is-layout-flow wp-block-group-is-layout-flow\">\n<div class=\"wp-block-group text-wrap\"><div class=\"wp-block-group__inner-container is-layout-flow wp-block-group-is-layout-flow\">\n<h1 class=\"has-text-color wp-block-heading\" style=\"color:#0d80b1\"><strong>Revestimientos de IBC<\/strong> Camlock y DN50<\/h1>\n<\/div><\/div>\n<\/div><\/div>\n<\/div>\n\n\n\n<div class=\"wp-block-column is-layout-flow wp-block-column-is-layout-flow\" style=\"flex-basis:60%\">\n<figure class=\"wp-block-image size-full\"><img decoding=\"async\" width=\"1024\" height=\"894\" data-src=\"https:\/\/www.cdf1.com\/wp-content\/uploads\/2022\/06\/camlock-and-dn50-header.jpg\" alt=\"Camlock y DN50\" class=\"wp-image-8300 lazyload\" data-srcset=\"https:\/\/www.cdf1.com\/wp-content\/uploads\/2022\/06\/camlock-and-dn50-header.jpg 1024w, https:\/\/www.cdf1.com\/wp-content\/uploads\/2022\/06\/camlock-and-dn50-header-300x262.jpg 300w, https:\/\/www.cdf1.com\/wp-content\/uploads\/2022\/06\/camlock-and-dn50-header-768x671.jpg 768w\" data-sizes=\"(max-width: 1024px) 100vw, 1024px\" src=\"data:image\/svg+xml;base64,PHN2ZyB3aWR0aD0iMSIgaGVpZ2h0PSIxIiB4bWxucz0iaHR0cDovL3d3dy53My5vcmcvMjAwMC9zdmciPjwvc3ZnPg==\" style=\"--smush-placeholder-width: 1024px; --smush-placeholder-aspect-ratio: 1024\/894;\" \/><\/figure>\n<\/div>\n<\/div>\n<\/div><\/div>\n\n<div class=\"wp-block-group fixed-width fixed-1080 padding-top-140 padding-bottom-100 title-text-section below-heading-section bg-line-shape-contact\"><div class=\"wp-block-group__inner-container is-layout-flow wp-block-group-is-layout-flow\">\n<div class=\"wp-block-columns is-layout-flex wp-container-core-columns-is-layout-9d6595d7 wp-block-columns-is-layout-flex\">\n<div class=\"wp-block-column is-layout-flow wp-block-column-is-layout-flow\">\n<div class=\"wp-block-group section-title-mix text-wrap anim_init\"><div class=\"wp-block-group__inner-container is-layout-flow wp-block-group-is-layout-flow\">\n<h2 class=\"wp-block-heading\">Soluciones de aditamentos para<\/h2>\n\n\n\n<h3 class=\"wp-block-heading\"><strong>contenedores intermedios para material a granel<\/strong><\/h3>\n<\/div><\/div>\n<\/div>\n\n\n\n<div class=\"wp-block-column is-layout-flow wp-block-column-is-layout-flow\">\n<div class=\"wp-block-group max-width-450 paragraph-wrap anim_init\"><div class=\"wp-block-group__inner-container is-layout-flow wp-block-group-is-layout-flow\">\n<p>DN50 y Camlock son aditamentos superiores que reemplazan el tradicional aditamento de rosca BSP de 5\u00a0cm (2\u00a0pulg.) para revestimientos de contenedores intermedios para material a granel y ofrecen una nueva forma en que los clientes pueden llenar sus revestimientos de IBC de manera eficiente y eficaz.<\/p>\n\n\n\n<p class=\"link-blue-underline scroll-to-slow\"><a href=\"#contact\" data-type=\"internal\" data-id=\"#contact\">Obtener m\u00e1s informaci\u00f3n<\/a><\/p>\n<\/div><\/div>\n<\/div>\n<\/div>\n<\/div><\/div>\n\n<div class=\"wp-block-group fixed-width bag-box-section bg-line-square-right-middle\"><div class=\"wp-block-group__inner-container is-layout-flow wp-block-group-is-layout-flow\">\n<div class=\"wp-block-group img-text-section vc-wrap padding-top-150 padding-bottom-100 pt-xs--0\"><div class=\"wp-block-group__inner-container is-layout-flow wp-block-group-is-layout-flow\">\n<div class=\"wp-block-columns is-layout-flex wp-container-core-columns-is-layout-9d6595d7 wp-block-columns-is-layout-flex\">\n<div class=\"wp-block-column is-layout-flow wp-block-column-is-layout-flow\">\n<div class=\"wp-block-columns images-in-collage-wrap is-layout-flex wp-container-core-columns-is-layout-9d6595d7 wp-block-columns-is-layout-flex\">\n<div class=\"wp-block-column is-layout-flow wp-block-column-is-layout-flow\">\n<figure class=\"wp-block-gallery has-nested-images columns-default is-cropped wp-block-gallery-1 is-layout-flex wp-block-gallery-is-layout-flex\">\n<figure class=\"wp-block-image size-full shadow-wrap slide-down-f\"><img decoding=\"async\" width=\"500\" height=\"568\" data-id=\"8307\" data-src=\"https:\/\/www.cdf1.com\/wp-content\/uploads\/2022\/06\/Camlock-Resized.png\" alt=\"Aditamento superior Camlock\" class=\"wp-image-8307 lazyload\" title=\"\" data-srcset=\"https:\/\/www.cdf1.com\/wp-content\/uploads\/2022\/06\/Camlock-Resized.png 500w, https:\/\/www.cdf1.com\/wp-content\/uploads\/2022\/06\/Camlock-Resized-264x300.png 264w\" data-sizes=\"(max-width: 500px) 100vw, 500px\" src=\"data:image\/svg+xml;base64,PHN2ZyB3aWR0aD0iMSIgaGVpZ2h0PSIxIiB4bWxucz0iaHR0cDovL3d3dy53My5vcmcvMjAwMC9zdmciPjwvc3ZnPg==\" style=\"--smush-placeholder-width: 500px; --smush-placeholder-aspect-ratio: 500\/568;\" \/><\/figure>\n<\/figure>\n<\/div>\n\n\n\n<div class=\"wp-block-column is-layout-flow wp-block-column-is-layout-flow\">\n<figure class=\"wp-block-image size-full shadow-wrap slide-up-f\"><img decoding=\"async\" width=\"500\" height=\"568\" data-src=\"https:\/\/www.cdf1.com\/wp-content\/uploads\/2022\/06\/camlock-top-view.png\" alt=\"aditamento-superior-camlock\" class=\"wp-image-8309 lazyload\" title=\"\" data-srcset=\"https:\/\/www.cdf1.com\/wp-content\/uploads\/2022\/06\/camlock-top-view.png 500w, https:\/\/www.cdf1.com\/wp-content\/uploads\/2022\/06\/camlock-top-view-264x300.png 264w\" data-sizes=\"(max-width: 500px) 100vw, 500px\" src=\"data:image\/svg+xml;base64,PHN2ZyB3aWR0aD0iMSIgaGVpZ2h0PSIxIiB4bWxucz0iaHR0cDovL3d3dy53My5vcmcvMjAwMC9zdmciPjwvc3ZnPg==\" style=\"--smush-placeholder-width: 500px; --smush-placeholder-aspect-ratio: 500\/568;\" \/><\/figure>\n<\/div>\n<\/div>\n\n\n\n<div class=\"wp-block-columns images-in-collage-wrap is-layout-flex wp-container-core-columns-is-layout-9d6595d7 wp-block-columns-is-layout-flex\">\n<div class=\"wp-block-column is-layout-flow wp-block-column-is-layout-flow\">\n<figure class=\"wp-block-image size-full shadow-wrap slide-down-s\"><img decoding=\"async\" width=\"500\" height=\"568\" data-src=\"https:\/\/www.cdf1.com\/wp-content\/uploads\/2022\/06\/DN50-top-view.png\" alt=\"Aditamento superior DN50\" class=\"wp-image-8310 lazyload\" title=\"\" data-srcset=\"https:\/\/www.cdf1.com\/wp-content\/uploads\/2022\/06\/DN50-top-view.png 500w, https:\/\/www.cdf1.com\/wp-content\/uploads\/2022\/06\/DN50-top-view-264x300.png 264w\" data-sizes=\"(max-width: 500px) 100vw, 500px\" src=\"data:image\/svg+xml;base64,PHN2ZyB3aWR0aD0iMSIgaGVpZ2h0PSIxIiB4bWxucz0iaHR0cDovL3d3dy53My5vcmcvMjAwMC9zdmciPjwvc3ZnPg==\" style=\"--smush-placeholder-width: 500px; --smush-placeholder-aspect-ratio: 500\/568;\" \/><\/figure>\n<\/div>\n\n\n\n<div class=\"wp-block-column is-layout-flow wp-block-column-is-layout-flow\">\n<figure class=\"wp-block-image size-full shadow-wrap slide-up-s\"><img decoding=\"async\" width=\"500\" height=\"568\" data-src=\"https:\/\/www.cdf1.com\/wp-content\/uploads\/2022\/06\/DN50-Resized.png\" alt=\"top-fitment\" class=\"wp-image-8308 lazyload\" title=\"\" data-srcset=\"https:\/\/www.cdf1.com\/wp-content\/uploads\/2022\/06\/DN50-Resized.png 500w, https:\/\/www.cdf1.com\/wp-content\/uploads\/2022\/06\/DN50-Resized-264x300.png 264w\" data-sizes=\"(max-width: 500px) 100vw, 500px\" src=\"data:image\/svg+xml;base64,PHN2ZyB3aWR0aD0iMSIgaGVpZ2h0PSIxIiB4bWxucz0iaHR0cDovL3d3dy53My5vcmcvMjAwMC9zdmciPjwvc3ZnPg==\" style=\"--smush-placeholder-width: 500px; --smush-placeholder-aspect-ratio: 500\/568;\" \/><\/figure>\n<\/div>\n<\/div>\n<\/div>\n\n\n\n<div class=\"wp-block-column is-layout-flow wp-block-column-is-layout-flow\">\n<div class=\"wp-block-group text-wrap max-width-450\"><div class=\"wp-block-group__inner-container is-layout-flow wp-block-group-is-layout-flow\">\n<h2 class=\"wp-block-heading\">Caracter\u00edsticas y beneficios de DN50 y CAMLOCK<\/h2>\n\n\n\n<p>\u2022 La conexi\u00f3n simple y directa elimina la necesidad de acopladores adicionales. Al quitar los acopladores, evitamos el posible ingreso de contaminaci\u00f3n por el uso de aditamentos de rosca BSP tradicionales.<br\/>\u2022 La caracter\u00edstica de precinto de seguridad evita el acceso no autorizado, debido a que el producto se desplaza durante el transporte.<br\/>\u2022 Las conexiones de DN50 y Camlock se enroscan desde el exterior en lugar de hacerlo desde el interior en los aditamentos de rosca BSP tradicionales. La caracter\u00edstica de roscado exterior garantiza la integridad del producto al eliminar el riesgo de contaminaci\u00f3n y desalineaciones en el roscado.<br\/>\u2022 DN50 y Camlock constituyen un reemplazo de todos los aditamentos de rosca BSP de 5\u00a0cm (2\u00a0pulg.) y est\u00e1n disponibles para todos los revestimientos estilo almohada y Form Fit.<br\/>\u2022 Dise\u00f1ados para revestimientos de IBC Form-Fit y estilo almohada.<\/p>\n<\/div><\/div>\n<\/div>\n<\/div>\n<\/div><\/div>\n<\/div><\/div>\n\n<div class=\"wp-block-group fixed-width img-text-section vc-wrap padding-top-180 padding-bottom-100 pt-xs--0 pb-xs--0 has-text-color\" style=\"color:#000000\"><div class=\"wp-block-group__inner-container is-layout-flow wp-block-group-is-layout-flow\">\n<div class=\"wp-block-columns is-layout-flex wp-container-core-columns-is-layout-9d6595d7 wp-block-columns-is-layout-flex\">\n<div class=\"wp-block-column is-layout-flow wp-block-column-is-layout-flow\">\n<div class=\"wp-block-group max-width-500\"><div class=\"wp-block-group__inner-container is-layout-flow wp-block-group-is-layout-flow\">\n<figure class=\"wp-block-image size-full shadow-wrap slide-in-up\"><img decoding=\"async\" width=\"768\" height=\"936\" data-src=\"https:\/\/www.cdf1.com\/wp-content\/uploads\/2022\/06\/dn50-photo.jpg\" alt=\"DN50 Product photo\" class=\"wp-image-8278 lazyload\" title=\"\" data-srcset=\"https:\/\/www.cdf1.com\/wp-content\/uploads\/2022\/06\/dn50-photo.jpg 768w, https:\/\/www.cdf1.com\/wp-content\/uploads\/2022\/06\/dn50-photo-246x300.jpg 246w\" data-sizes=\"(max-width: 768px) 100vw, 768px\" src=\"data:image\/svg+xml;base64,PHN2ZyB3aWR0aD0iMSIgaGVpZ2h0PSIxIiB4bWxucz0iaHR0cDovL3d3dy53My5vcmcvMjAwMC9zdmciPjwvc3ZnPg==\" style=\"--smush-placeholder-width: 768px; --smush-placeholder-aspect-ratio: 768\/936;\" \/><\/figure>\n<\/div><\/div>\n<\/div>\n\n\n\n<div class=\"wp-block-column is-layout-flow wp-block-column-is-layout-flow\">\n<div class=\"wp-block-group text-wrap max-width-450\"><div class=\"wp-block-group__inner-container is-layout-flow wp-block-group-is-layout-flow\">\n<h2 class=\"wp-block-heading\">Aditamento superior DN50 <\/h2>\n\n\n\n<p>El dise\u00f1o de DN50 es un est\u00e1ndar en la industria alimentaria. A diferencia de los aditamentos superiores de rosca BSP convencionales, DN50 est\u00e1 dise\u00f1ado para conectarse desde el exterior en lugar de hacerlo desde el cuello interior. Este nuevo dise\u00f1o garantiza la pureza de su producto al minimizar el riesgo de contaminaci\u00f3n, eliminar la necesidad de acopladores adicionales, as\u00ed como el requisito de limpieza.<\/p>\n<\/div><\/div>\n<\/div>\n<\/div>\n<\/div><\/div>\n\n<div class=\"wp-block-group bg-blue-shape-right-center\"><div class=\"wp-block-group__inner-container is-layout-flow wp-block-group-is-layout-flow\">\n<div class=\"wp-block-group fixed-width text-img-section vc-wrap padding-top-180 padding-bottom-100 pt-xs--100 pb-xs--60 has-text-color\" style=\"color:#000000\"><div class=\"wp-block-group__inner-container is-layout-flow wp-block-group-is-layout-flow\">\n<div class=\"wp-block-columns is-layout-flex wp-container-core-columns-is-layout-9d6595d7 wp-block-columns-is-layout-flex\">\n<div class=\"wp-block-column is-layout-flow wp-block-column-is-layout-flow\">\n<div class=\"wp-block-group text-wrap max-width-450\"><div class=\"wp-block-group__inner-container is-layout-flow wp-block-group-is-layout-flow\">\n<h2 class=\"wp-block-heading\">Aditamento superior Camlock <\/h2>\n\n\n\n<p>El dise\u00f1o de Camlock es un est\u00e1ndar en la industria alimentaria y de cosm\u00e9ticos. A diferencia de los aditamentos superiores de rosca BSP convencionales, Camlock est\u00e1 dise\u00f1ado para conectarse desde el exterior en lugar de hacerlo desde el cuello interior. Este nuevo dise\u00f1o garantiza la pureza de su producto al minimizar el riesgo de contaminaci\u00f3n, eliminar la necesidad de acopladores adicionales, as\u00ed como el requisito de limpieza. Hemos dise\u00f1ado el Camlock con refuerzos en el interior para lograr una conexi\u00f3n m\u00e1s s\u00f3lida y segura.<\/p>\n<\/div><\/div>\n<\/div>\n\n\n\n<div class=\"wp-block-column is-layout-flow wp-block-column-is-layout-flow\">\n<div class=\"wp-block-group max-width-500\"><div class=\"wp-block-group__inner-container is-layout-flow wp-block-group-is-layout-flow\">\n<figure class=\"wp-block-image size-full shadow-wrap slide-in-up\"><img decoding=\"async\" width=\"768\" height=\"936\" data-src=\"https:\/\/www.cdf1.com\/wp-content\/uploads\/2022\/06\/camlock-product-photo.jpg\" alt=\"Camlock Product Photo\" class=\"wp-image-8302 lazyload\" title=\"\" data-srcset=\"https:\/\/www.cdf1.com\/wp-content\/uploads\/2022\/06\/camlock-product-photo.jpg 768w, https:\/\/www.cdf1.com\/wp-content\/uploads\/2022\/06\/camlock-product-photo-246x300.jpg 246w\" data-sizes=\"(max-width: 768px) 100vw, 768px\" src=\"data:image\/svg+xml;base64,PHN2ZyB3aWR0aD0iMSIgaGVpZ2h0PSIxIiB4bWxucz0iaHR0cDovL3d3dy53My5vcmcvMjAwMC9zdmciPjwvc3ZnPg==\" style=\"--smush-placeholder-width: 768px; --smush-placeholder-aspect-ratio: 768\/936;\" \/><\/figure>\n<\/div><\/div>\n<\/div>\n<\/div>\n<\/div><\/div>\n<\/div><\/div>\n\n<div id=\"contact\" class=\"wp-block-group fixed-width fixed-980 padding-top-100 padding-bottom-80\"><div class=\"wp-block-group__inner-container is-layout-flow wp-block-group-is-layout-flow\">\n<h2 class=\"wp-block-heading\">\u00bfTiene alguna pregunta acerca de este producto?<\/h2>\n\n\n\n<p>Nuestros ingenieros expertos pueden orientar a cualquier cliente dentro de cualquier industria con una soluci\u00f3n innovadora para satisfacer sus necesidades de envasado y sostenibilidad, desde investigaci\u00f3n y desarrollo innovadores hasta dise\u00f1os personalizables. Con m\u00e1s de 50 a\u00f1os de experiencia, nuestro equipo de ingenieros colabora con cada cliente para dise\u00f1ar una nueva soluci\u00f3n de envasado, desde la selecci\u00f3n del revestimiento hasta la integraci\u00f3n completa de sistemas y la modificaci\u00f3n de productos existentes.<\/p>\n<\/div><\/div>\n\n<div id=\"contact\" class=\"wp-block-group fixed-width fixed-980 mark-anchor padding-top-100 padding-bottom-80\"><div class=\"wp-block-group__inner-container is-layout-flow wp-block-group-is-layout-flow\">\n<div class=\"wp-block-group\"><div class=\"wp-block-group__inner-container is-layout-flow wp-block-group-is-layout-flow\">\n\t\t\t\t\t\t<script>\n\t\t\t\t\t\t\twindow.hsFormsOnReady = window.hsFormsOnReady || [];\n\t\t\t\t\t\t\twindow.hsFormsOnReady.push(()=>{\n\t\t\t\t\t\t\t\thbspt.forms.create({\n\t\t\t\t\t\t\t\t\tportalId: 1984976,\n\t\t\t\t\t\t\t\t\tformId: \"80cee8b1-6aac-4f45-99d2-a5c20caf87c5\",\n\t\t\t\t\t\t\t\t\ttarget: \"#hbspt-form-1775436192000-1159393940\",\n\t\t\t\t\t\t\t\t\tregion: \"na1\",\n\t\t\t\t\t\t\t\t\t\n\t\t\t\t\t\t\t})});\n\t\t\t\t\t\t<\/script>\n\t\t\t\t\t\t<div class=\"hbspt-form\" id=\"hbspt-form-1775436192000-1159393940\"><\/div>\n<\/div><\/div>\n<\/div><\/div>\n\n<div class=\"wp-block-cover inner-page-cta-section\"><span aria-hidden=\"true\" class=\"wp-block-cover__background has-background-dim-100 has-background-dim\" style=\"background-color:#015174\"><\/span><div class=\"wp-block-cover__inner-container is-layout-flow wp-block-cover-is-layout-flow\">\n<div class=\"wp-block-group fixed-width fixed-980 padding-top-100 text-wrap\"><div class=\"wp-block-group__inner-container is-layout-flow wp-block-group-is-layout-flow\">\n<h2 class=\"has-text-align-center wp-block-heading\"><strong>Encuentre su soluci\u00f3n<\/strong><\/h2>\n<\/div><\/div>\n\n\n\n<div class=\"wp-block-group fixed-width fixed-780 padding-bottom-80 text-wrap\"><div class=\"wp-block-group__inner-container is-layout-flow wp-block-group-is-layout-flow\">\n<p class=\"has-text-align-center\">Si tiene una necesidad espec\u00edfica que requiera una soluci\u00f3n innovadora, comun\u00edquese con nosotros para hablar con uno de nuestros expertos en envasado.<\/p>\n\n\n\n<p class=\"has-text-align-center outlined-white-link margin-top-60\"><a href=\"https:\/\/www.cdf1.com\/es\/comuniquese-con-nosotros\/\">Comun\u00edquese con nosotros<\/a><\/p>\n<\/div><\/div>\n<\/div><\/div>\n","protected":false},"excerpt":{"rendered":"<p>Revestimientos de IBC Camlock y DN50 Soluciones de aditamentos para contenedores intermedios para material a granel DN50 y Camlock son aditamentos superiores que reemplazan el tradicional aditamento de rosca BSP de 5\u00a0cm (2\u00a0pulg.) para revestimientos de contenedores intermedios para material a granel y ofrecen una nueva forma en que los clientes pueden llenar sus revestimientos [&hellip;]<\/p>\n","protected":false},"author":1,"featured_media":1881,"parent":0,"menu_order":0,"comment_status":"closed","ping_status":"closed","template":"","meta":{"_acf_changed":false,"content-type":"","_genesis_hide_title":false,"_genesis_hide_breadcrumbs":false,"_genesis_hide_singular_image":false,"_genesis_hide_footer_widgets":false,"_genesis_custom_body_class":"","_genesis_custom_post_class":"","_genesis_layout":"full-width-content","footnotes":""},"class_list":{"0":"post-10231","1":"page","2":"type-page","3":"status-publish","4":"has-post-thumbnail","6":"entry"},"acf":[],"featured_image_src":"https:\/\/www.cdf1.com\/wp-content\/uploads\/2020\/07\/new-feature-placeholder-sliced.png","featured_image_src_square":"https:\/\/www.cdf1.com\/wp-content\/uploads\/2020\/07\/new-feature-placeholder-sliced.png","_links":{"self":[{"href":"https:\/\/www.cdf1.com\/es\/wp-json\/wp\/v2\/pages\/10231","targetHints":{"allow":["GET"]}}],"collection":[{"href":"https:\/\/www.cdf1.com\/es\/wp-json\/wp\/v2\/pages"}],"about":[{"href":"https:\/\/www.cdf1.com\/es\/wp-json\/wp\/v2\/types\/page"}],"author":[{"embeddable":true,"href":"https:\/\/www.cdf1.com\/es\/wp-json\/wp\/v2\/users\/1"}],"replies":[{"embeddable":true,"href":"https:\/\/www.cdf1.com\/es\/wp-json\/wp\/v2\/comments?post=10231"}],"version-history":[{"count":6,"href":"https:\/\/www.cdf1.com\/es\/wp-json\/wp\/v2\/pages\/10231\/revisions"}],"predecessor-version":[{"id":11244,"href":"https:\/\/www.cdf1.com\/es\/wp-json\/wp\/v2\/pages\/10231\/revisions\/11244"}],"wp:featuredmedia":[{"embeddable":true,"href":"https:\/\/www.cdf1.com\/es\/wp-json\/wp\/v2\/media\/1881"}],"wp:attachment":[{"href":"https:\/\/www.cdf1.com\/es\/wp-json\/wp\/v2\/media?parent=10231"}],"curies":[{"name":"wp","href":"https:\/\/api.w.org\/{rel}","templated":true}]}}