{"id":10209,"date":"2023-12-04T19:15:53","date_gmt":"2023-12-04T19:15:53","guid":{"rendered":"https:\/\/www.cdf1.com\/comuniquese-con-nosotros\/"},"modified":"2025-06-10T15:48:10","modified_gmt":"2025-06-10T15:48:10","slug":"comuniquese-con-nosotros","status":"publish","type":"page","link":"https:\/\/www.cdf1.com\/es\/comuniquese-con-nosotros\/","title":{"rendered":"Comun\u00edquese con nosotros"},"content":{"rendered":"\n<div class=\"wp-block-group page-heading two-col-heading shadow-out-bottom\"><div class=\"wp-block-group__inner-container is-layout-flow wp-block-group-is-layout-flow\">\n<div class=\"wp-block-columns fixed-width is-layout-flex wp-container-core-columns-is-layout-9d6595d7 wp-block-columns-is-layout-flex\">\n<div class=\"wp-block-column is-layout-flow wp-block-column-is-layout-flow\" style=\"flex-basis:40%\">\n<div class=\"wp-block-group fixed-width fixed-1080 heading-inner-wrap\"><div class=\"wp-block-group__inner-container is-layout-flow wp-block-group-is-layout-flow\">\n<div class=\"wp-block-group text-wrap\"><div class=\"wp-block-group__inner-container is-layout-flow wp-block-group-is-layout-flow\">\n<h1 class=\"wp-block-heading has-text-color\" style=\"color:#0d80b1\">Comun\u00edquese con nosotros<\/h1>\n<\/div><\/div>\n<\/div><\/div>\n<\/div>\n\n\n\n<div class=\"wp-block-column is-layout-flow wp-block-column-is-layout-flow\" style=\"flex-basis:60%\">\n<figure class=\"wp-block-image size-large\"><img decoding=\"async\" width=\"1024\" height=\"734\" data-src=\"https:\/\/www.cdf1.com\/wp-content\/uploads\/2021\/09\/contact-us-header-1-1024x734.jpg\" alt=\"CDF Contacto\" class=\"wp-image-2561 lazyload\" data-srcset=\"https:\/\/www.cdf1.com\/wp-content\/uploads\/2021\/09\/contact-us-header-1-1024x734.jpg 1024w, https:\/\/www.cdf1.com\/wp-content\/uploads\/2021\/09\/contact-us-header-1-300x215.jpg 300w, https:\/\/www.cdf1.com\/wp-content\/uploads\/2021\/09\/contact-us-header-1-768x551.jpg 768w, https:\/\/www.cdf1.com\/wp-content\/uploads\/2021\/09\/contact-us-header-1.jpg 1280w\" data-sizes=\"(max-width: 1024px) 100vw, 1024px\" src=\"data:image\/svg+xml;base64,PHN2ZyB3aWR0aD0iMSIgaGVpZ2h0PSIxIiB4bWxucz0iaHR0cDovL3d3dy53My5vcmcvMjAwMC9zdmciPjwvc3ZnPg==\" style=\"--smush-placeholder-width: 1024px; --smush-placeholder-aspect-ratio: 1024\/734;\" \/><\/figure>\n<\/div>\n<\/div>\n<\/div><\/div>\n\n\n\n<div class=\"wp-block-group fixed-width fixed-1080 bg-line-shape-contact padding-top-140 padding-bottom-100 title-text-section below-heading-section\"><div class=\"wp-block-group__inner-container is-layout-flow wp-block-group-is-layout-flow\">\n<div class=\"wp-block-group section-title-xxl text-wrap anim_init\"><div class=\"wp-block-group__inner-container is-layout-flow wp-block-group-is-layout-flow\">\n<h2 class=\"wp-block-heading\"><strong>\u00a1Nos encantar\u00eda <br>tener noticias suyas!<\/strong><\/h2>\n\n\n\n<p><\/p>\n<\/div><\/div>\n\n\n\n<div class=\"wp-block-group max-width-850 anim_init\"><div class=\"wp-block-group__inner-container is-layout-flow wp-block-group-is-layout-flow\">\n<p>Independientemente de que se trate de una consulta comercial, una pregunta r\u00e1pida o una cotizaci\u00f3n. \u00bfC\u00f3mo podemos ayudar?<\/p>\n<\/div><\/div>\n<\/div><\/div>\n\n\n\n<div class=\"wp-block-group contact-section\"><div class=\"wp-block-group__inner-container is-layout-flow wp-block-group-is-layout-flow\">\n<div class=\"wp-block-group fixed-width fixed-1080 padding-top-110 padding-bottom-60\"><div class=\"wp-block-group__inner-container is-layout-flow wp-block-group-is-layout-flow\">\n<div class=\"wp-block-columns is-layout-flex wp-container-core-columns-is-layout-9d6595d7 wp-block-columns-is-layout-flex\">\n<div class=\"wp-block-column is-layout-flow wp-block-column-is-layout-flow\">\n<h2 class=\"wp-block-heading\">Hablemos. <\/h2>\n\n\n\n<h2 class=\"wp-block-heading\">Cu\u00e9ntenos acerca de su proyecto.<\/h2>\n\n\n\n<div class=\"wp-block-group margin-top-50\"><div class=\"wp-block-group__inner-container is-layout-flow wp-block-group-is-layout-flow\">\n\t\t\t\t\t\t<script>\n\t\t\t\t\t\t\twindow.hsFormsOnReady = window.hsFormsOnReady || [];\n\t\t\t\t\t\t\twindow.hsFormsOnReady.push(()=>{\n\t\t\t\t\t\t\t\thbspt.forms.create({\n\t\t\t\t\t\t\t\t\tportalId: 1984976,\n\t\t\t\t\t\t\t\t\tformId: \"f4c2de98-39de-4e6d-a631-da1856bb0631\",\n\t\t\t\t\t\t\t\t\ttarget: \"#hbspt-form-1778104704000-7512142923\",\n\t\t\t\t\t\t\t\t\tregion: \"na1\",\n\t\t\t\t\t\t\t\t\t\n\t\t\t\t\t\t\t})});\n\t\t\t\t\t\t<\/script>\n\t\t\t\t\t\t<div class=\"hbspt-form\" id=\"hbspt-form-1778104704000-7512142923\"><\/div>\n<\/div><\/div>\n<\/div>\n\n\n\n<div class=\"wp-block-column is-layout-flow wp-block-column-is-layout-flow\">\n<div class=\"wp-block-group text-wrap\"><div class=\"wp-block-group__inner-container is-layout-flow wp-block-group-is-layout-flow\">\n<h2 class=\"wp-block-heading\">Comun\u00edquese con nosotros<\/h2>\n\n\n\n<div class=\"wp-block-group margin-bottom-40 contact-box-in\"><div class=\"wp-block-group__inner-container is-layout-flow wp-block-group-is-layout-flow\">\n<h3 class=\"wp-block-heading\">CDF Corporation <\/h3>\n\n\n\n<p><strong>L\u00ednea principal <\/strong><\/p>\n\n\n\n<p>800.443.1920 <\/p>\n<\/div><\/div>\n\n\n\n<div class=\"wp-block-group margin-bottom-40 contact-box-in contact-box-sm\"><div class=\"wp-block-group__inner-container is-layout-flow wp-block-group-is-layout-flow\">\n<p><strong>Divisi\u00f3n de Barriles y Cubetas <\/strong><\/p>\n\n\n\n<p>508.591.6700 <br>888.593.2211 <\/p>\n<\/div><\/div>\n\n\n\n<div class=\"wp-block-group margin-bottom-40 contact-box-in contact-box-sm\"><div class=\"wp-block-group__inner-container is-layout-flow wp-block-group-is-layout-flow\">\n<p><strong>Divisi\u00f3n de Envases Flexibles <\/strong><\/p>\n\n\n\n<p>508.591.6800 <br>888.593.2212 <\/p>\n<\/div><\/div>\n\n\n\n<div class=\"wp-block-group margin-bottom-40 contact-box-in\"><div class=\"wp-block-group__inner-container is-layout-flow wp-block-group-is-layout-flow\">\n<h3 class=\"wp-block-heading\">Horario de atenci\u00f3n<\/h3>\n\n\n\n<p>Lunes a viernes, de 8&nbsp;a.&nbsp;m a 5&nbsp;p.&nbsp;m, hora del este<\/p>\n<\/div><\/div>\n<\/div><\/div>\n<\/div>\n<\/div>\n<\/div><\/div>\n<\/div><\/div>\n\n\n\n<div class=\"wp-block-group full-size map-section\"><div class=\"wp-block-group__inner-container is-layout-flow wp-block-group-is-layout-flow\">\n<div class=\"wp-block-cover animated-bg-img\"><img decoding=\"async\" width=\"2560\" height=\"1654\" class=\"wp-block-cover__image-background wp-image-1924 lazyload\" alt=\"\" data-src=\"https:\/\/www.cdf1.com\/wp-content\/uploads\/2021\/08\/cdf-building-bottom.jpg\" style=\"--smush-placeholder-width: 2560px; --smush-placeholder-aspect-ratio: 2560\/1654;object-position:88% 63%\" data-object-fit=\"cover\" data-object-position=\"88% 63%\" data-srcset=\"https:\/\/www.cdf1.com\/wp-content\/uploads\/2021\/08\/cdf-building-bottom.jpg 2560w, https:\/\/www.cdf1.com\/wp-content\/uploads\/2021\/08\/cdf-building-bottom-300x194.jpg 300w, https:\/\/www.cdf1.com\/wp-content\/uploads\/2021\/08\/cdf-building-bottom-1024x662.jpg 1024w, https:\/\/www.cdf1.com\/wp-content\/uploads\/2021\/08\/cdf-building-bottom-768x496.jpg 768w, https:\/\/www.cdf1.com\/wp-content\/uploads\/2021\/08\/cdf-building-bottom-1536x992.jpg 1536w, https:\/\/www.cdf1.com\/wp-content\/uploads\/2021\/08\/cdf-building-bottom-2048x1323.jpg 2048w\" data-sizes=\"(max-width: 2560px) 100vw, 2560px\" src=\"data:image\/svg+xml;base64,PHN2ZyB3aWR0aD0iMSIgaGVpZ2h0PSIxIiB4bWxucz0iaHR0cDovL3d3dy53My5vcmcvMjAwMC9zdmciPjwvc3ZnPg==\" \/><span aria-hidden=\"true\" class=\"wp-block-cover__background has-background-dim-0 has-background-dim\"><\/span><div class=\"wp-block-cover__inner-container is-layout-flow wp-block-cover-is-layout-flow\">\n<div class=\"wp-block-group fixed-1280 padding-top-90 padding-bottom-80\"><div class=\"wp-block-group__inner-container is-layout-flow wp-block-group-is-layout-flow\">\n<div class=\"wp-block-group block-on-map has-text-color has-background\" style=\"color:#363b40;background-color:#bceafa\"><div class=\"wp-block-group__inner-container is-layout-flow wp-block-group-is-layout-flow\">\n<div class=\"wp-block-group block-on-map-in margin-bottom-60\"><div class=\"wp-block-group__inner-container is-layout-flow wp-block-group-is-layout-flow\">\n<h2 class=\"wp-block-heading\">Massachusetts<\/h2>\n\n\n\n<h3 class=\"wp-block-heading\">Plymouth, Massachusetts<\/h3>\n\n\n\n<p>77 Industrial Park Rd <br>Plymouth, MA 02360<\/p>\n\n\n\n<p>57 Armstrong Rd. <br>Plymouth, MA 02360<\/p>\n<\/div><\/div>\n\n\n\n<div class=\"wp-block-group block-on-map-in margin-bottom-60\"><div class=\"wp-block-group__inner-container is-layout-flow wp-block-group-is-layout-flow\">\n<h2 class=\"wp-block-heading\">Producci\u00f3n Europa<\/h2>\n\n\n\n<h3 class=\"wp-block-heading\">Lienen-Kattenvenne, Alemania<\/h3>\n\n\n\n<p>CDF Corporaci\u00f3n <br>c\/o<br>J. Natzan Kunstoffverarbeitung GmbH &amp; Co KG<br>\u00d6lbergstrasse 10<br>49536 Lienen-Kattenvenne<br>Alemania<\/p>\n<\/div><\/div>\n<\/div><\/div>\n<\/div><\/div>\n<\/div><\/div>\n<\/div><\/div>\n","protected":false},"excerpt":{"rendered":"<p>Comun\u00edquese con nosotros \u00a1Nos encantar\u00eda tener noticias suyas! Independientemente de que se trate de una consulta comercial, una pregunta r\u00e1pida o una cotizaci\u00f3n. \u00bfC\u00f3mo podemos ayudar? Hablemos. Cu\u00e9ntenos acerca de su proyecto. Comun\u00edquese con nosotros CDF Corporation L\u00ednea principal 800.443.1920 Divisi\u00f3n de Barriles y Cubetas 508.591.6700 888.593.2211 Divisi\u00f3n de Envases Flexibles 508.591.6800 888.593.2212 Horario de [&hellip;]<\/p>\n","protected":false},"author":1,"featured_media":1881,"parent":0,"menu_order":0,"comment_status":"closed","ping_status":"closed","template":"","meta":{"_acf_changed":false,"content-type":"","_genesis_hide_title":false,"_genesis_hide_breadcrumbs":false,"_genesis_hide_singular_image":false,"_genesis_hide_footer_widgets":false,"_genesis_custom_body_class":"","_genesis_custom_post_class":"","_genesis_layout":"full-width-content","footnotes":""},"class_list":{"0":"post-10209","1":"page","2":"type-page","3":"status-publish","4":"has-post-thumbnail","6":"entry"},"acf":[],"featured_image_src":"https:\/\/www.cdf1.com\/wp-content\/uploads\/2020\/07\/new-feature-placeholder-sliced.png","featured_image_src_square":"https:\/\/www.cdf1.com\/wp-content\/uploads\/2020\/07\/new-feature-placeholder-sliced.png","_links":{"self":[{"href":"https:\/\/www.cdf1.com\/es\/wp-json\/wp\/v2\/pages\/10209","targetHints":{"allow":["GET"]}}],"collection":[{"href":"https:\/\/www.cdf1.com\/es\/wp-json\/wp\/v2\/pages"}],"about":[{"href":"https:\/\/www.cdf1.com\/es\/wp-json\/wp\/v2\/types\/page"}],"author":[{"embeddable":true,"href":"https:\/\/www.cdf1.com\/es\/wp-json\/wp\/v2\/users\/1"}],"replies":[{"embeddable":true,"href":"https:\/\/www.cdf1.com\/es\/wp-json\/wp\/v2\/comments?post=10209"}],"version-history":[{"count":10,"href":"https:\/\/www.cdf1.com\/es\/wp-json\/wp\/v2\/pages\/10209\/revisions"}],"predecessor-version":[{"id":13145,"href":"https:\/\/www.cdf1.com\/es\/wp-json\/wp\/v2\/pages\/10209\/revisions\/13145"}],"wp:featuredmedia":[{"embeddable":true,"href":"https:\/\/www.cdf1.com\/es\/wp-json\/wp\/v2\/media\/1881"}],"wp:attachment":[{"href":"https:\/\/www.cdf1.com\/es\/wp-json\/wp\/v2\/media?parent=10209"}],"curies":[{"name":"wp","href":"https:\/\/api.w.org\/{rel}","templated":true}]}}