{"id":10161,"date":"2023-12-04T19:11:45","date_gmt":"2023-12-04T19:11:45","guid":{"rendered":"https:\/\/www.cdf1.com\/soluciones\/revestimientos-de-ibc\/air-assist\/"},"modified":"2024-02-25T10:02:12","modified_gmt":"2024-02-25T10:02:12","slug":"air-assist","status":"publish","type":"page","link":"https:\/\/www.cdf1.com\/es\/soluciones\/revestimientos-de-ibc\/air-assist\/","title":{"rendered":"Air Assist\u00ae"},"content":{"rendered":"\n<div class=\"wp-block-columns is-layout-flex wp-container-core-columns-is-layout-9d6595d7 wp-block-columns-is-layout-flex\">\n<div class=\"wp-block-column is-layout-flow wp-block-column-is-layout-flow\" style=\"flex-basis:66.66%\">\n<div class=\"wp-block-media-text alignwide is-stacked-on-mobile\" style=\"grid-template-columns:47% auto\"><figure class=\"wp-block-media-text__media\"><img decoding=\"async\" data-src=\"https:\/\/www.cdf1.com\/wp-content\/uploads\/2022\/05\/Air-Assist-Inflation.jpg\" alt=\"\" class=\"wp-image-7386 size-full lazyload\" src=\"data:image\/svg+xml;base64,PHN2ZyB3aWR0aD0iMSIgaGVpZ2h0PSIxIiB4bWxucz0iaHR0cDovL3d3dy53My5vcmcvMjAwMC9zdmciPjwvc3ZnPg==\" style=\"--smush-placeholder-width: 500px; --smush-placeholder-aspect-ratio: 500\/500;\" \/><\/figure><div class=\"wp-block-media-text__content\">\n<h2 class=\"wp-block-heading\">Revestimientos Air Assist\u00ae<\/h2>\n\n\n\n<p>El revestimiento Air-Assist\u00ae est\u00e1 dise\u00f1ado con los mismos beneficios que Form-Fit pero con la ventaja adicional de una c\u00e1mara de aire para mejorar la dispensaci\u00f3n del producto. Dise\u00f1ado para productos viscosos, el dise\u00f1o de Air-Assist permite que el producto se dispense f\u00e1cilmente mientras mejora la evacuaci\u00f3n. A medida que la c\u00e1mara de aire se infla, el aire ejerce presi\u00f3n acerca del revestimiento Form-Fit, lo que contribuye a la evacuaci\u00f3n del producto del aditamento de la base y tiene como resultado una mejor evacuaci\u00f3n del producto y una menor cantidad de producto residual en el revestimiento. Dise\u00f1ado como un dispensador de manos libres, una vez que se fija el regulador de aire, el operador puede alejarse.<\/p>\n<\/div><\/div>\n<\/div>\n\n\n\n<div class=\"wp-block-column is-layout-flow wp-block-column-is-layout-flow\" style=\"flex-basis:33.33%\">\n<div style=\"background-color:#bfe0ef;padding-left:2%;padding-right:2%;padding-bottom:3.5%;padding-top:5%\" class=\"wp-block-genesis-blocks-gb-container drop-shadow gb-block-container\"><div class=\"gb-container-inside\"><div class=\"gb-container-content\">\n<h2 class=\"wp-block-heading has-text-color\" style=\"color:#245171\">Hable con un especialista en envasado<\/h2>\n\n\n\n<p class=\"has-text-color\" style=\"color:#707070\">El deseo de innovaci\u00f3n de CDF est\u00e1 respaldado por un equipo creativo de personas capacitadas y tecnolog\u00eda, materiales y maquinaria de avanzada. En combinaci\u00f3n con a\u00f1os de experiencia en fabricaci\u00f3n, CDF ha dise\u00f1ado soluciones para los clientes m\u00e1s exigentes.<\/p>\n\n\n\n<div class=\"wp-block-genesis-blocks-gb-button gb-block-button\"><a href=\"https:\/\/www.cdf1.com\/es\/comuniquese-con-nosotros\/\" class=\"gb-button gb-button-shape-circular gb-button-size-medium\" style=\"color:#ffffff;background-color:#158db7\">Solicite una cotizaci\u00f3n<\/a><\/div>\n<\/div><\/div><\/div>\n<\/div>\n<\/div>\n\n<h3 class=\"wp-block-heading\">Varios tama\u00f1os<\/h3>\n\n<p>Los revestimientos Air-Assist est\u00e1n disponibles para todos los tama\u00f1os de contenedores intermedios para material a granel.<\/p>\n\n<div style=\"height:36px\" aria-hidden=\"true\" class=\"wp-block-spacer\"><\/div>\n\n<h3 class=\"wp-block-heading\">Opciones de materiales<\/h3>\n\n<div class=\"wp-block-columns is-layout-flex wp-container-core-columns-is-layout-9d6595d7 wp-block-columns-is-layout-flex\">\n<div class=\"wp-block-column is-layout-flow wp-block-column-is-layout-flow\">\n<h3 class=\"wp-block-heading\"><strong>Pel\u00edcula de <\/strong>EVOH<\/h3>\n\n\n\n<p>La pel\u00edcula de EVOH<strong> <\/strong>se utiliza ampliamente en la industria de envasado de alimentos. Es una pel\u00edcula resistente, flexible y transparente con buenas especificaciones de barrera contra la humedad y excelente barrera contra el ox\u00edgeno.<\/p>\n<\/div>\n\n\n\n<div class=\"wp-block-column is-layout-flow wp-block-column-is-layout-flow\">\n<h3 class=\"wp-block-heading\"><strong>Flexus&#x2122; <\/strong>y <strong>Flexus HF<\/strong><\/h3>\n\n\n\n<p>Las pel\u00edculas de polietileno lineal de baja densidad (linear low-density polyethylene, LLDPE) de metaloceno Flexus&#x2122; y Flexus HF son para uso general, y ofrecen durabilidad y resistencia al agrietamiento por flexi\u00f3n.<\/p>\n<\/div>\n\n\n\n<div class=\"wp-block-column is-layout-flow wp-block-column-is-layout-flow\">\n<h3 class=\"wp-block-heading\"><strong>Tenalon&#x2122;<\/strong><\/h3>\n\n\n\n<p>La pel\u00edcula de nylon coextruido Tenalon&#x2122; proporciona resistencia a la abrasi\u00f3n, durabilidad y solidez.<\/p>\n<\/div>\n<\/div>\n\n<div style=\"background-color:#f3f6f7;padding-bottom:2.5%;padding-top:2%\" class=\"wp-block-genesis-blocks-gb-container alignfull gb-block-container\"><div class=\"gb-container-inside\"><div class=\"gb-container-content\">\n<h2 class=\"wp-block-heading\">Aditamentos de IBC<\/h2>\n\n\n\n<div class=\"wp-block-columns is-layout-flex wp-container-core-columns-is-layout-9d6595d7 wp-block-columns-is-layout-flex\">\n<div class=\"wp-block-column is-layout-flow wp-block-column-is-layout-flow\">\n<div class=\"wp-block-media-text alignwide is-stacked-on-mobile round-image\" style=\"grid-template-columns:30% auto\"><figure class=\"wp-block-media-text__media\"><img decoding=\"async\" data-src=\"https:\/\/www.cdf1.com\/wp-content\/uploads\/2022\/06\/Camlock-2.png\" alt=\"\" class=\"wp-image-7618 size-full lazyload\" src=\"data:image\/svg+xml;base64,PHN2ZyB3aWR0aD0iMSIgaGVpZ2h0PSIxIiB4bWxucz0iaHR0cDovL3d3dy53My5vcmcvMjAwMC9zdmciPjwvc3ZnPg==\" style=\"--smush-placeholder-width: 834px; --smush-placeholder-aspect-ratio: 834\/834;\" \/><\/figure><div class=\"wp-block-media-text__content\">\n<h3 class=\"wp-block-heading\">CAMLOCK de 2&#8243;<\/h3>\n\n\n\n<h6 class=\"wp-block-heading\"> 5\u00a0cm (2\u00a0pulg.)<\/h6>\n<\/div><\/div>\n<\/div>\n\n\n\n<div class=\"wp-block-column is-layout-flow wp-block-column-is-layout-flow\">\n<div class=\"wp-block-media-text alignwide is-stacked-on-mobile round-image\" style=\"grid-template-columns:30% auto\"><figure class=\"wp-block-media-text__media\"><img decoding=\"async\" data-src=\"https:\/\/www.cdf1.com\/wp-content\/uploads\/2022\/06\/3-BSP.png\" alt=\"\" class=\"wp-image-7619 size-full lazyload\" src=\"data:image\/svg+xml;base64,PHN2ZyB3aWR0aD0iMSIgaGVpZ2h0PSIxIiB4bWxucz0iaHR0cDovL3d3dy53My5vcmcvMjAwMC9zdmciPjwvc3ZnPg==\" style=\"--smush-placeholder-width: 834px; --smush-placeholder-aspect-ratio: 834\/834;\" \/><\/figure><div class=\"wp-block-media-text__content\">\n<h3 class=\"wp-block-heading\">BSP de 3&#8243;<\/h3>\n\n\n\n<h6 class=\"wp-block-heading\">8\u00a0cm (3\u00a0pulg.)<\/h6>\n<\/div><\/div>\n<\/div>\n\n\n\n<div class=\"wp-block-column is-layout-flow wp-block-column-is-layout-flow\">\n<div class=\"wp-block-media-text alignwide is-stacked-on-mobile round-image\" style=\"grid-template-columns:30% auto\"><figure class=\"wp-block-media-text__media\"><img decoding=\"async\" data-src=\"https:\/\/www.cdf1.com\/wp-content\/uploads\/2022\/06\/IC-7001-IC-7002.png\" alt=\"\" class=\"wp-image-7620 size-full lazyload\" src=\"data:image\/svg+xml;base64,PHN2ZyB3aWR0aD0iMSIgaGVpZ2h0PSIxIiB4bWxucz0iaHR0cDovL3d3dy53My5vcmcvMjAwMC9zdmciPjwvc3ZnPg==\" style=\"--smush-placeholder-width: 834px; --smush-placeholder-aspect-ratio: 834\/834;\" \/><\/figure><div class=\"wp-block-media-text__content\">\n<h3 class=\"wp-block-heading\">IC-7001<\/h3>\n\n\n\n<h6 class=\"wp-block-heading\">Compatible con IC-7002<\/h6>\n<\/div><\/div>\n<\/div>\n\n\n\n<div class=\"wp-block-column is-layout-flow wp-block-column-is-layout-flow\">\n<div class=\"wp-block-media-text alignwide is-stacked-on-mobile round-image\" style=\"grid-template-columns:30% auto\"><figure class=\"wp-block-media-text__media\"><img decoding=\"async\" data-src=\"https:\/\/www.cdf1.com\/wp-content\/uploads\/2022\/06\/IC-6002-IC-6003.png\" alt=\"\" class=\"wp-image-7617 size-full lazyload\" src=\"data:image\/svg+xml;base64,PHN2ZyB3aWR0aD0iMSIgaGVpZ2h0PSIxIiB4bWxucz0iaHR0cDovL3d3dy53My5vcmcvMjAwMC9zdmciPjwvc3ZnPg==\" style=\"--smush-placeholder-width: 834px; --smush-placeholder-aspect-ratio: 834\/834;\" \/><\/figure><div class=\"wp-block-media-text__content\">\n<h3 class=\"wp-block-heading\">IC-6002<\/h3>\n\n\n\n<h6 class=\"wp-block-heading\">IC-6003<\/h6>\n<\/div><\/div>\n<\/div>\n<\/div>\n\n\n\n<div style=\"text-align:center\" class=\"wp-block-genesis-blocks-gb-button gb-block-button\"><a href=\"https:\/\/www.cdf1.com\/es\/soluciones\/revestimientos-de-ibc\/aditamentos-para-ibc\/\" class=\"gb-button gb-button-shape-circular gb-button-size-medium\" style=\"color:#ffffff;background-color:#158db7\">VEA TODOS LOS ADITAMENTOS<\/a><\/div>\n<\/div><\/div><\/div>\n\n<div style=\"color:#ddd\" class=\"wp-block-genesis-blocks-gb-spacer gb-block-spacer gb-divider-solid gb-divider-size-1\"><hr style=\"height:30px\"\/><\/div>\n\n<p><em>*Dise\u00f1ado con una pel\u00edcula que cumple con los reglamentos del T\u00edtulo 21, Secciones 177.1520, 175.105, 177.1390 y 177.1630 del C\u00f3digo de Reglamentos Federales (Code of Federal Regulations, CFR) correspondientes a la FDA y los reglamentos de la UE 10\/2011, 1935\/2004 y 2023\/06, y la Directiva 94\/62\/CE<\/em><\/p>\n\n<div style=\"background-color:#f3f6f7;padding-bottom:3%;padding-top:5%\" class=\"wp-block-genesis-blocks-gb-container alignfull gb-block-container\"><div class=\"gb-container-inside\"><div class=\"gb-container-content\">\n<h2 class=\"wp-block-heading\">Beneficios<\/h2>\n\n\n\n<div class=\"wp-block-columns is-layout-flex wp-container-core-columns-is-layout-9d6595d7 wp-block-columns-is-layout-flex\">\n<div class=\"wp-block-column is-layout-flow wp-block-column-is-layout-flow\">\n<figure class=\"wp-block-image size-full\"><img decoding=\"async\" data-src=\"https:\/\/www.cdf1.com\/wp-content\/uploads\/2022\/04\/swoosh-09.png\" alt=\"\" class=\"wp-image-7059 lazyload\" src=\"data:image\/svg+xml;base64,PHN2ZyB3aWR0aD0iMSIgaGVpZ2h0PSIxIiB4bWxucz0iaHR0cDovL3d3dy53My5vcmcvMjAwMC9zdmciPjwvc3ZnPg==\" style=\"--smush-placeholder-width: 98px; --smush-placeholder-aspect-ratio: 98\/25;\" \/><\/figure>\n\n\n\n<p>Fabricado en un entorno limpio con CDF1 Smart Seal Technology&#x2122; de avanzada que monitorea y garantiza sellos uniformes y de alta calidad.<\/p>\n<\/div>\n\n\n\n<div class=\"wp-block-column is-layout-flow wp-block-column-is-layout-flow\">\n<figure class=\"wp-block-image size-full\"><img decoding=\"async\" data-src=\"https:\/\/www.cdf1.com\/wp-content\/uploads\/2022\/04\/swoosh-09.png\" alt=\"\" class=\"wp-image-7059 lazyload\" src=\"data:image\/svg+xml;base64,PHN2ZyB3aWR0aD0iMSIgaGVpZ2h0PSIxIiB4bWxucz0iaHR0cDovL3d3dy53My5vcmcvMjAwMC9zdmciPjwvc3ZnPg==\" style=\"--smush-placeholder-width: 98px; --smush-placeholder-aspect-ratio: 98\/25;\" \/><\/figure>\n\n\n\n<p>Garantiza la pureza absoluta de su producto.<\/p>\n<\/div>\n\n\n\n<div class=\"wp-block-column is-layout-flow wp-block-column-is-layout-flow\">\n<figure class=\"wp-block-image size-full\"><img decoding=\"async\" data-src=\"https:\/\/www.cdf1.com\/wp-content\/uploads\/2022\/04\/swoosh-09.png\" alt=\"\" class=\"wp-image-7059 lazyload\" src=\"data:image\/svg+xml;base64,PHN2ZyB3aWR0aD0iMSIgaGVpZ2h0PSIxIiB4bWxucz0iaHR0cDovL3d3dy53My5vcmcvMjAwMC9zdmciPjwvc3ZnPg==\" style=\"--smush-placeholder-width: 98px; --smush-placeholder-aspect-ratio: 98\/25;\" \/><\/figure>\n\n\n\n<p>Dise\u00f1ado especialmente para productos con alto nivel de viscosidad.<\/p>\n<\/div>\n<\/div>\n\n\n\n<div class=\"wp-block-columns is-layout-flex wp-container-core-columns-is-layout-9d6595d7 wp-block-columns-is-layout-flex\">\n<div class=\"wp-block-column is-layout-flow wp-block-column-is-layout-flow\">\n<figure class=\"wp-block-image size-full\"><img decoding=\"async\" data-src=\"https:\/\/www.cdf1.com\/wp-content\/uploads\/2022\/04\/swoosh-09.png\" alt=\"\" class=\"wp-image-7059 lazyload\" src=\"data:image\/svg+xml;base64,PHN2ZyB3aWR0aD0iMSIgaGVpZ2h0PSIxIiB4bWxucz0iaHR0cDovL3d3dy53My5vcmcvMjAwMC9zdmciPjwvc3ZnPg==\" style=\"--smush-placeholder-width: 98px; --smush-placeholder-aspect-ratio: 98\/25;\" \/><\/figure>\n\n\n\n<p>Evacua de forma m\u00e1s completa los productos de alta viscosidad en comparaci\u00f3n con los revestimientos de almohadas.<\/p>\n<\/div>\n\n\n\n<div class=\"wp-block-column is-layout-flow wp-block-column-is-layout-flow\">\n<figure class=\"wp-block-image size-full\"><img decoding=\"async\" data-src=\"https:\/\/www.cdf1.com\/wp-content\/uploads\/2022\/04\/swoosh-09.png\" alt=\"\" class=\"wp-image-7059 lazyload\" src=\"data:image\/svg+xml;base64,PHN2ZyB3aWR0aD0iMSIgaGVpZ2h0PSIxIiB4bWxucz0iaHR0cDovL3d3dy53My5vcmcvMjAwMC9zdmciPjwvc3ZnPg==\" style=\"--smush-placeholder-width: 98px; --smush-placeholder-aspect-ratio: 98\/25;\" \/><\/figure>\n\n\n\n<p>CDF ofrece una variedad de pel\u00edculas, y ubicaciones para aditamentos.<\/p>\n<\/div>\n\n\n\n<div class=\"wp-block-column is-layout-flow wp-block-column-is-layout-flow\">\n<figure class=\"wp-block-image size-full\"><img decoding=\"async\" data-src=\"https:\/\/www.cdf1.com\/wp-content\/uploads\/2022\/04\/swoosh-09.png\" alt=\"\" class=\"wp-image-7059 lazyload\" src=\"data:image\/svg+xml;base64,PHN2ZyB3aWR0aD0iMSIgaGVpZ2h0PSIxIiB4bWxucz0iaHR0cDovL3d3dy53My5vcmcvMjAwMC9zdmciPjwvc3ZnPg==\" style=\"--smush-placeholder-width: 98px; --smush-placeholder-aspect-ratio: 98\/25;\" \/><\/figure>\n\n\n\n<p>Dise\u00f1ado especialmente para productos con alto nivel de viscosidad.<\/p>\n<\/div>\n<\/div>\n<\/div><\/div><\/div>\n\n<div style=\"padding-bottom:2%;padding-top:4%\" class=\"wp-block-genesis-blocks-gb-container gb-block-container\"><div class=\"gb-container-inside\"><div class=\"gb-container-content\">\n<h2 class=\"wp-block-heading has-text-align-center\">Productos relacionados<\/h2>\n\n\n\n<div class=\"wp-block-columns is-layout-flex wp-container-core-columns-is-layout-9d6595d7 wp-block-columns-is-layout-flex\">\n<div class=\"wp-block-column is-layout-flow wp-block-column-is-layout-flow\">\n<div class=\"wp-block-media-text alignwide is-stacked-on-mobile\" style=\"grid-template-columns:39% auto\"><figure class=\"wp-block-media-text__media\"><img decoding=\"async\" data-src=\"https:\/\/www.cdf1.com\/wp-content\/uploads\/2022\/05\/Form-Fit-2-1024x1021.jpg\" alt=\"\" class=\"wp-image-7394 size-full lazyload\" src=\"data:image\/svg+xml;base64,PHN2ZyB3aWR0aD0iMSIgaGVpZ2h0PSIxIiB4bWxucz0iaHR0cDovL3d3dy53My5vcmcvMjAwMC9zdmciPjwvc3ZnPg==\" style=\"--smush-placeholder-width: 1024px; --smush-placeholder-aspect-ratio: 1024\/1021;\" \/><\/figure><div class=\"wp-block-media-text__content\">\n<h3 class=\"wp-block-heading\">Revestimiento FormFit&#x2122;<\/h3>\n\n\n\n<p>Revestimiento FormFit&#x2122;<\/p>\n\n\n\n<p><a href=\"https:\/\/www.cdf1.com\/es\/soluciones\/revestimientos-de-ibc\/revestimientos-formfit-producto-ibc\/\">Ver producto &gt;<\/a><\/p>\n<\/div><\/div>\n<\/div>\n\n\n\n<div class=\"wp-block-column is-layout-flow wp-block-column-is-layout-flow\">\n<div class=\"wp-block-media-text alignwide is-stacked-on-mobile\" style=\"grid-template-columns:36% auto\"><figure class=\"wp-block-media-text__media\"><img decoding=\"async\" data-src=\"https:\/\/www.cdf1.com\/wp-content\/uploads\/2022\/05\/1-ibc-high-barrier-foil-1-1.jpg\" alt=\"\" class=\"wp-image-7389 size-full lazyload\" src=\"data:image\/svg+xml;base64,PHN2ZyB3aWR0aD0iMSIgaGVpZ2h0PSIxIiB4bWxucz0iaHR0cDovL3d3dy53My5vcmcvMjAwMC9zdmciPjwvc3ZnPg==\" style=\"--smush-placeholder-width: 459px; --smush-placeholder-aspect-ratio: 459\/567;\" \/><\/figure><div class=\"wp-block-media-text__content\">\n<h3 class=\"wp-block-heading\">Revestimiento de aluminio con barrera alta FormFit&#x2122;<\/h3>\n\n\n\n<p>Revestimiento FormFit&#x2122;<\/p>\n\n\n\n<p><a href=\"https:\/\/www.cdf1.com\/?page_id=7240\">Ver producto &gt;<\/a><\/p>\n<\/div><\/div>\n<\/div>\n<\/div>\n<\/div><\/div><\/div>\n\n<div style=\"padding-bottom:3%;padding-top:5%\" class=\"wp-block-genesis-blocks-gb-container alignfull gb-block-container\"><div class=\"gb-container-inside\"><div class=\"gb-container-image-wrap\"><img decoding=\"async\" class=\"gb-container-image has-background-dim-100 has-background-dim lazyload\" data-src=\"https:\/\/www.cdf1.com\/wp-content\/uploads\/2022\/04\/Contact_Background.png\" alt=\"\" src=\"data:image\/svg+xml;base64,PHN2ZyB3aWR0aD0iMSIgaGVpZ2h0PSIxIiB4bWxucz0iaHR0cDovL3d3dy53My5vcmcvMjAwMC9zdmciPjwvc3ZnPg==\" style=\"--smush-placeholder-width: 1920px; --smush-placeholder-aspect-ratio: 1920\/770;\" \/><\/div><div class=\"gb-container-content\">\n<div class=\"wp-block-columns is-layout-flex wp-container-core-columns-is-layout-9d6595d7 wp-block-columns-is-layout-flex\">\n<div class=\"wp-block-column is-layout-flow wp-block-column-is-layout-flow\">\n<div class=\"wp-block-leadin-hubspot-form-block\">\n\t\t\t\t\t\t<script>\n\t\t\t\t\t\t\twindow.hsFormsOnReady = window.hsFormsOnReady || [];\n\t\t\t\t\t\t\twindow.hsFormsOnReady.push(()=>{\n\t\t\t\t\t\t\t\thbspt.forms.create({\n\t\t\t\t\t\t\t\t\tportalId: 1984976,\n\t\t\t\t\t\t\t\t\tformId: \"7840426d-5ebe-41a3-89dd-1632c2e68cbe\",\n\t\t\t\t\t\t\t\t\ttarget: \"#hbspt-form-1776368014000-0653847678\",\n\t\t\t\t\t\t\t\t\tregion: \"na1\",\n\t\t\t\t\t\t\t\t\t\n\t\t\t\t\t\t\t})});\n\t\t\t\t\t\t<\/script>\n\t\t\t\t\t\t<div class=\"hbspt-form\" id=\"hbspt-form-1776368014000-0653847678\"><\/div><\/div>\n<\/div>\n\n\n\n<div class=\"wp-block-column is-layout-flow wp-block-column-is-layout-flow\">\n<div style=\"background-color:#bfe0ef;padding-left:5%;padding-right:5%;padding-bottom:3%;padding-top:5%\" class=\"wp-block-genesis-blocks-gb-container gb-block-container\"><div class=\"gb-container-inside\"><div class=\"gb-container-content\">\n<h2 class=\"wp-block-heading has-text-color\" style=\"color:#245171\">\u00bfTiene alguna pregunta acerca de este producto?<\/h2>\n\n\n\n<p>Nuestros ingenieros expertos pueden orientar a cualquier cliente dentro de cualquier industria con una soluci\u00f3n innovadora para satisfacer sus necesidades de envasado y sostenibilidad, desde investigaci\u00f3n y desarrollo innovadores hasta dise\u00f1os personalizables. Con m\u00e1s de 50 a\u00f1os de experiencia, nuestro equipo de ingenieros colabora con cada cliente para dise\u00f1ar una nueva soluci\u00f3n de envasado, desde la selecci\u00f3n del revestimiento hasta la integraci\u00f3n completa de sistemas y la modificaci\u00f3n de productos existentes.<\/p>\n<\/div><\/div><\/div>\n<\/div>\n<\/div>\n<\/div><\/div><\/div>\n","protected":false},"excerpt":{"rendered":"<p>Revestimientos Air Assist\u00ae El revestimiento Air-Assist\u00ae est\u00e1 dise\u00f1ado con los mismos beneficios que Form-Fit pero con la ventaja adicional de una c\u00e1mara de aire para mejorar la dispensaci\u00f3n del producto. Dise\u00f1ado para productos viscosos, el dise\u00f1o de Air-Assist permite que el producto se dispense f\u00e1cilmente mientras mejora la evacuaci\u00f3n. A medida que la c\u00e1mara de [&hellip;]<\/p>\n","protected":false},"author":10,"featured_media":1881,"parent":9941,"menu_order":0,"comment_status":"closed","ping_status":"closed","template":"","meta":{"_acf_changed":false,"content-type":"","_genesis_hide_title":false,"_genesis_hide_breadcrumbs":false,"_genesis_hide_singular_image":false,"_genesis_hide_footer_widgets":false,"_genesis_custom_body_class":"","_genesis_custom_post_class":"","_genesis_layout":"","footnotes":""},"class_list":{"0":"post-10161","1":"page","2":"type-page","3":"status-publish","4":"has-post-thumbnail","6":"entry"},"acf":[],"featured_image_src":"https:\/\/www.cdf1.com\/wp-content\/uploads\/2020\/07\/new-feature-placeholder-sliced.png","featured_image_src_square":"https:\/\/www.cdf1.com\/wp-content\/uploads\/2020\/07\/new-feature-placeholder-sliced.png","_links":{"self":[{"href":"https:\/\/www.cdf1.com\/es\/wp-json\/wp\/v2\/pages\/10161","targetHints":{"allow":["GET"]}}],"collection":[{"href":"https:\/\/www.cdf1.com\/es\/wp-json\/wp\/v2\/pages"}],"about":[{"href":"https:\/\/www.cdf1.com\/es\/wp-json\/wp\/v2\/types\/page"}],"author":[{"embeddable":true,"href":"https:\/\/www.cdf1.com\/es\/wp-json\/wp\/v2\/users\/10"}],"replies":[{"embeddable":true,"href":"https:\/\/www.cdf1.com\/es\/wp-json\/wp\/v2\/comments?post=10161"}],"version-history":[{"count":6,"href":"https:\/\/www.cdf1.com\/es\/wp-json\/wp\/v2\/pages\/10161\/revisions"}],"predecessor-version":[{"id":11220,"href":"https:\/\/www.cdf1.com\/es\/wp-json\/wp\/v2\/pages\/10161\/revisions\/11220"}],"up":[{"embeddable":true,"href":"https:\/\/www.cdf1.com\/es\/wp-json\/wp\/v2\/pages\/9941"}],"wp:featuredmedia":[{"embeddable":true,"href":"https:\/\/www.cdf1.com\/es\/wp-json\/wp\/v2\/media\/1881"}],"wp:attachment":[{"href":"https:\/\/www.cdf1.com\/es\/wp-json\/wp\/v2\/media?parent=10161"}],"curies":[{"name":"wp","href":"https:\/\/api.w.org\/{rel}","templated":true}]}}