{"id":10155,"date":"2023-12-04T19:11:35","date_gmt":"2023-12-04T19:11:35","guid":{"rendered":"https:\/\/www.cdf1.com\/revestimientos-tipo-almohada-producto-ibc\/"},"modified":"2024-02-25T10:02:13","modified_gmt":"2024-02-25T10:02:13","slug":"revestimientos-tipo-almohada-producto-ibc","status":"publish","type":"page","link":"https:\/\/www.cdf1.com\/es\/revestimientos-tipo-almohada-producto-ibc\/","title":{"rendered":"Revestimientos tipo almohada &#8211; Producto &#8211; IBC"},"content":{"rendered":"\n<div class=\"wp-block-columns is-layout-flex wp-container-core-columns-is-layout-9d6595d7 wp-block-columns-is-layout-flex\">\n<div class=\"wp-block-column is-layout-flow wp-block-column-is-layout-flow\" style=\"flex-basis:66.66%\">\n<div class=\"wp-block-media-text alignwide is-stacked-on-mobile\" style=\"grid-template-columns:44% auto\"><figure class=\"wp-block-media-text__media\"><img decoding=\"async\" data-src=\"https:\/\/www.cdf1.com\/wp-content\/uploads\/2022\/05\/pillow-2-1024x682.jpg\" alt=\"\" class=\"wp-image-7336 size-full lazyload\" src=\"data:image\/svg+xml;base64,PHN2ZyB3aWR0aD0iMSIgaGVpZ2h0PSIxIiB4bWxucz0iaHR0cDovL3d3dy53My5vcmcvMjAwMC9zdmciPjwvc3ZnPg==\" style=\"--smush-placeholder-width: 1024px; --smush-placeholder-aspect-ratio: 1024\/682;\" \/><\/figure><div class=\"wp-block-media-text__content\">\n<h2 class=\"wp-block-heading\">Revestimientos tipo almohada<\/h2>\n\n\n\n<p>REVESTIMIENTOS TIPO ALMOHADA<\/p>\n\n\n\n<p>Cuando se llenan, estos revestimientos con bolsa de uso industrial adquieren la forma de una almohada. Los revestimientos en forma de almohada se fabrican con dos o tres capas de polietileno lineal de baja densidad (linear low-density polyethylene, LLDPE) y una pel\u00edcula de barrera cuando se utilizan para aplicaciones de barrera as\u00e9ptica y contra el ox\u00edgeno.<\/p>\n<\/div><\/div>\n<\/div>\n\n\n\n<div class=\"wp-block-column is-layout-flow wp-block-column-is-layout-flow\" style=\"flex-basis:33.33%\">\n<div style=\"background-color:#bfe0ef;padding-left:2%;padding-right:2%;padding-bottom:3.5%;padding-top:5%\" class=\"wp-block-genesis-blocks-gb-container drop-shadow gb-block-container\"><div class=\"gb-container-inside\"><div class=\"gb-container-content\">\n<h2 class=\"has-text-color wp-block-heading\" style=\"color:#245171\">Hable con un especialista en envasado<\/h2>\n\n\n\n<p class=\"has-text-color\" style=\"color:#707070\">El deseo de innovaci\u00f3n de CDF est\u00e1 respaldado por un equipo creativo de personas capacitadas y tecnolog\u00eda, materiales y maquinaria de avanzada. En combinaci\u00f3n con a\u00f1os de experiencia en fabricaci\u00f3n, CDF ha dise\u00f1ado soluciones para los clientes m\u00e1s exigentes.<\/p>\n\n\n\n<div class=\"wp-block-genesis-blocks-gb-button gb-block-button\"><a href=\"#pillow-liners-product-ibc\" class=\"gb-button gb-button-shape-circular gb-button-size-medium\" style=\"color:#ffffff;background-color:#158db7\">Solicite una cotizaci\u00f3n<\/a><\/div>\n<\/div><\/div><\/div>\n<\/div>\n<\/div>\n\n<h3 class=\"wp-block-heading\">Varios tama\u00f1os<\/h3>\n\n<p>Los revestimientos con bolsa de uso industrial en forma de almohada est\u00e1n disponibles en los siguientes tama\u00f1os. Disponibilidad de otros tama\u00f1os a pedido.<\/p>\n\n<p>Los tama\u00f1os var\u00edan de 208\u00a0litros (55\u00a0galones) a m\u00e1s de 1325\u00a0litros (350\u00a0galones).<\/p>\n\n<div style=\"height:44px\" aria-hidden=\"true\" class=\"wp-block-spacer\"><\/div>\n\n<h3 class=\"wp-block-heading\">Opciones de materiales<\/h3>\n\n<div class=\"wp-block-columns is-layout-flex wp-container-core-columns-is-layout-9d6595d7 wp-block-columns-is-layout-flex\">\n<div class=\"wp-block-column is-layout-flow wp-block-column-is-layout-flow\">\n<h3 class=\"wp-block-heading\"><strong>Barria&#x2122;<\/strong><\/h3>\n\n\n\n<p>El poli\u00e9ster metalizado Barria&#x2122; act\u00faa como una barrera contra el ox\u00edgeno y el vapor de agua.<\/p>\n<\/div>\n\n\n\n<div class=\"wp-block-column is-layout-flow wp-block-column-is-layout-flow\">\n<h3 class=\"wp-block-heading\"><strong>Flexus&#x2122; <\/strong>y <strong>Flexus HF<\/strong><\/h3>\n\n\n\n<p><strong>Las pel\u00edculas de LLDPE de metaloceno Flexus&#x2122; <\/strong>y <strong>Flexus HF <\/strong>son para uso general y proporcionan durabilidad y resistencia al agrietamiento por flexi\u00f3n.<\/p>\n<\/div>\n\n\n\n<div class=\"wp-block-column is-layout-flow wp-block-column-is-layout-flow\"><\/div>\n<\/div>\n\n<div style=\"background-color:#f3f6f7;padding-bottom:2.5%;padding-top:2%\" class=\"wp-block-genesis-blocks-gb-container alignfull gb-block-container\"><div class=\"gb-container-inside\"><div class=\"gb-container-content\">\n<h2 class=\"wp-block-heading\">Aditamentos de IBC<\/h2>\n\n\n\n<div class=\"wp-block-columns is-layout-flex wp-container-core-columns-is-layout-9d6595d7 wp-block-columns-is-layout-flex\">\n<div class=\"wp-block-column is-layout-flow wp-block-column-is-layout-flow\">\n<div class=\"wp-block-media-text alignwide is-stacked-on-mobile round-image\" style=\"grid-template-columns:30% auto\"><figure class=\"wp-block-media-text__media\"><img decoding=\"async\" data-src=\"https:\/\/www.cdf1.com\/wp-content\/uploads\/2022\/06\/Camlock-2.png\" alt=\"\" class=\"wp-image-7618 size-full lazyload\" src=\"data:image\/svg+xml;base64,PHN2ZyB3aWR0aD0iMSIgaGVpZ2h0PSIxIiB4bWxucz0iaHR0cDovL3d3dy53My5vcmcvMjAwMC9zdmciPjwvc3ZnPg==\" style=\"--smush-placeholder-width: 834px; --smush-placeholder-aspect-ratio: 834\/834;\" \/><\/figure><div class=\"wp-block-media-text__content\">\n<h3 class=\"wp-block-heading\">CAMLOCK de 2&#8243;<\/h3>\n\n\n\n<h6 class=\"wp-block-heading\"> 5\u00a0cm (2\u00a0pulg.)<\/h6>\n<\/div><\/div>\n<\/div>\n\n\n\n<div class=\"wp-block-column is-layout-flow wp-block-column-is-layout-flow\">\n<div class=\"wp-block-media-text alignwide is-stacked-on-mobile round-image\" style=\"grid-template-columns:30% auto\"><figure class=\"wp-block-media-text__media\"><img decoding=\"async\" data-src=\"https:\/\/www.cdf1.com\/wp-content\/uploads\/2022\/06\/3-BSP.png\" alt=\"\" class=\"wp-image-7619 size-full lazyload\" src=\"data:image\/svg+xml;base64,PHN2ZyB3aWR0aD0iMSIgaGVpZ2h0PSIxIiB4bWxucz0iaHR0cDovL3d3dy53My5vcmcvMjAwMC9zdmciPjwvc3ZnPg==\" style=\"--smush-placeholder-width: 834px; --smush-placeholder-aspect-ratio: 834\/834;\" \/><\/figure><div class=\"wp-block-media-text__content\">\n<h3 class=\"wp-block-heading\">BSP de 3&#8243;<\/h3>\n\n\n\n<h6 class=\"wp-block-heading\">8\u00a0cm (3\u00a0pulg.)<\/h6>\n<\/div><\/div>\n<\/div>\n\n\n\n<div class=\"wp-block-column is-layout-flow wp-block-column-is-layout-flow\">\n<div class=\"wp-block-media-text alignwide is-stacked-on-mobile round-image\" style=\"grid-template-columns:30% auto\"><figure class=\"wp-block-media-text__media\"><img decoding=\"async\" data-src=\"https:\/\/www.cdf1.com\/wp-content\/uploads\/2022\/06\/IC-7001-IC-7002.png\" alt=\"\" class=\"wp-image-7620 size-full lazyload\" src=\"data:image\/svg+xml;base64,PHN2ZyB3aWR0aD0iMSIgaGVpZ2h0PSIxIiB4bWxucz0iaHR0cDovL3d3dy53My5vcmcvMjAwMC9zdmciPjwvc3ZnPg==\" style=\"--smush-placeholder-width: 834px; --smush-placeholder-aspect-ratio: 834\/834;\" \/><\/figure><div class=\"wp-block-media-text__content\">\n<h3 class=\"wp-block-heading\">IC-7001<\/h3>\n\n\n\n<h6 class=\"wp-block-heading\">Compatible con IC-7002<\/h6>\n<\/div><\/div>\n<\/div>\n\n\n\n<div class=\"wp-block-column is-layout-flow wp-block-column-is-layout-flow\">\n<div class=\"wp-block-media-text alignwide is-stacked-on-mobile round-image\" style=\"grid-template-columns:30% auto\"><figure class=\"wp-block-media-text__media\"><img decoding=\"async\" data-src=\"https:\/\/www.cdf1.com\/wp-content\/uploads\/2022\/06\/IC-6002-IC-6003.png\" alt=\"\" class=\"wp-image-7617 size-full lazyload\" src=\"data:image\/svg+xml;base64,PHN2ZyB3aWR0aD0iMSIgaGVpZ2h0PSIxIiB4bWxucz0iaHR0cDovL3d3dy53My5vcmcvMjAwMC9zdmciPjwvc3ZnPg==\" style=\"--smush-placeholder-width: 834px; --smush-placeholder-aspect-ratio: 834\/834;\" \/><\/figure><div class=\"wp-block-media-text__content\">\n<h3 class=\"wp-block-heading\">IC-6002<\/h3>\n\n\n\n<h6 class=\"wp-block-heading\">IC-6003<\/h6>\n<\/div><\/div>\n<\/div>\n<\/div>\n\n\n\n<div style=\"text-align:center\" class=\"wp-block-genesis-blocks-gb-button gb-block-button\"><a href=\"https:\/\/www.cdf1.com\/es\/soluciones\/revestimientos-de-ibc\/aditamentos-para-ibc\/\" class=\"gb-button gb-button-shape-circular gb-button-size-medium\" style=\"color:#ffffff;background-color:#158db7\">VEA TODOS LOS ADITAMENTOS<\/a><\/div>\n<\/div><\/div><\/div>\n\n<div style=\"color:#ddd\" class=\"wp-block-genesis-blocks-gb-spacer gb-block-spacer gb-divider-solid gb-divider-size-1\"><hr style=\"height:30px\"\/><\/div>\n\n<p><em>*Dise\u00f1ado con una pel\u00edcula que cumple con los reglamentos del T\u00edtulo 21, Secciones 177.1520, 175.105, 177.1390 y 177.1630 del C\u00f3digo de Reglamentos Federales (Code of Federal Regulations, CFR) correspondientes a la FDA y los reglamentos de la UE 10\/2011, 1935\/2004 y 2023\/06, y la Directiva 94\/62\/CE.<\/em><\/p>\n\n<div style=\"background-color:#f3f6f7;padding-bottom:3%;padding-top:5%\" class=\"wp-block-genesis-blocks-gb-container alignfull gb-block-container\"><div class=\"gb-container-inside\"><div class=\"gb-container-content\">\n<h2 class=\"wp-block-heading\">Beneficios<\/h2>\n\n\n\n<div class=\"wp-block-columns is-layout-flex wp-container-core-columns-is-layout-9d6595d7 wp-block-columns-is-layout-flex\">\n<div class=\"wp-block-column is-layout-flow wp-block-column-is-layout-flow\">\n<figure class=\"wp-block-image size-full\"><img decoding=\"async\" data-src=\"https:\/\/www.cdf1.com\/wp-content\/uploads\/2022\/04\/swoosh-09.png\" alt=\"\" class=\"wp-image-7059 lazyload\" src=\"data:image\/svg+xml;base64,PHN2ZyB3aWR0aD0iMSIgaGVpZ2h0PSIxIiB4bWxucz0iaHR0cDovL3d3dy53My5vcmcvMjAwMC9zdmciPjwvc3ZnPg==\" style=\"--smush-placeholder-width: 98px; --smush-placeholder-aspect-ratio: 98\/25;\" \/><\/figure>\n\n\n\n<p>Fabricado en un entorno limpio con CDF1 Smart Seal Technology&#x2122; de avanzada que monitorea y garantiza sellos uniformes y de alta calidad.<\/p>\n<\/div>\n\n\n\n<div class=\"wp-block-column is-layout-flow wp-block-column-is-layout-flow\">\n<figure class=\"wp-block-image size-full\"><img decoding=\"async\" data-src=\"https:\/\/www.cdf1.com\/wp-content\/uploads\/2022\/04\/swoosh-09.png\" alt=\"\" class=\"wp-image-7059 lazyload\" src=\"data:image\/svg+xml;base64,PHN2ZyB3aWR0aD0iMSIgaGVpZ2h0PSIxIiB4bWxucz0iaHR0cDovL3d3dy53My5vcmcvMjAwMC9zdmciPjwvc3ZnPg==\" style=\"--smush-placeholder-width: 98px; --smush-placeholder-aspect-ratio: 98\/25;\" \/><\/figure>\n\n\n\n<p>Garantiza la pureza absoluta de su producto.<\/p>\n<\/div>\n\n\n\n<div class=\"wp-block-column is-layout-flow wp-block-column-is-layout-flow\">\n<figure class=\"wp-block-image size-full\"><img decoding=\"async\" data-src=\"https:\/\/www.cdf1.com\/wp-content\/uploads\/2022\/04\/swoosh-09.png\" alt=\"\" class=\"wp-image-7059 lazyload\" src=\"data:image\/svg+xml;base64,PHN2ZyB3aWR0aD0iMSIgaGVpZ2h0PSIxIiB4bWxucz0iaHR0cDovL3d3dy53My5vcmcvMjAwMC9zdmciPjwvc3ZnPg==\" style=\"--smush-placeholder-width: 98px; --smush-placeholder-aspect-ratio: 98\/25;\" \/><\/figure>\n\n\n\n<p>Reduce la formaci\u00f3n de espuma en aplicaciones de llenado inferior.<\/p>\n<\/div>\n<\/div>\n\n\n\n<div class=\"wp-block-columns is-layout-flex wp-container-core-columns-is-layout-9d6595d7 wp-block-columns-is-layout-flex\">\n<div class=\"wp-block-column is-layout-flow wp-block-column-is-layout-flow\">\n<figure class=\"wp-block-image size-full\"><img decoding=\"async\" data-src=\"https:\/\/www.cdf1.com\/wp-content\/uploads\/2022\/04\/swoosh-09.png\" alt=\"\" class=\"wp-image-7059 lazyload\" src=\"data:image\/svg+xml;base64,PHN2ZyB3aWR0aD0iMSIgaGVpZ2h0PSIxIiB4bWxucz0iaHR0cDovL3d3dy53My5vcmcvMjAwMC9zdmciPjwvc3ZnPg==\" style=\"--smush-placeholder-width: 98px; --smush-placeholder-aspect-ratio: 98\/25;\" \/><\/figure>\n\n\n\n<p>Proporciona versatilidad; el mismo tama\u00f1o de bolsa se adapta a varios tama\u00f1os de contenedor.<\/p>\n<\/div>\n\n\n\n<div class=\"wp-block-column is-layout-flow wp-block-column-is-layout-flow\">\n<figure class=\"wp-block-image size-full\"><img decoding=\"async\" data-src=\"https:\/\/www.cdf1.com\/wp-content\/uploads\/2022\/04\/swoosh-09.png\" alt=\"\" class=\"wp-image-7059 lazyload\" src=\"data:image\/svg+xml;base64,PHN2ZyB3aWR0aD0iMSIgaGVpZ2h0PSIxIiB4bWxucz0iaHR0cDovL3d3dy53My5vcmcvMjAwMC9zdmciPjwvc3ZnPg==\" style=\"--smush-placeholder-width: 98px; --smush-placeholder-aspect-ratio: 98\/25;\" \/><\/figure>\n\n\n\n<p>Aporta un valor excelente para una amplia variedad de aplicaciones de l\u00edquidos: aplicaciones de llenado inferior y con m\u00e1quinas llenadoras as\u00e9pticas automatizadas.<\/p>\n<\/div>\n\n\n\n<div class=\"wp-block-column is-layout-flow wp-block-column-is-layout-flow\">\n<figure class=\"wp-block-image size-full\"><img decoding=\"async\" data-src=\"https:\/\/www.cdf1.com\/wp-content\/uploads\/2022\/04\/swoosh-09.png\" alt=\"\" class=\"wp-image-7059 lazyload\" src=\"data:image\/svg+xml;base64,PHN2ZyB3aWR0aD0iMSIgaGVpZ2h0PSIxIiB4bWxucz0iaHR0cDovL3d3dy53My5vcmcvMjAwMC9zdmciPjwvc3ZnPg==\" style=\"--smush-placeholder-width: 98px; --smush-placeholder-aspect-ratio: 98\/25;\" \/><\/figure>\n\n\n\n<p>CDF ofrece una variedad de pel\u00edculas, y ubicaciones para aditamentos.<\/p>\n<\/div>\n<\/div>\n<\/div><\/div><\/div>\n\n<div style=\"margin-top:3%\" class=\"wp-block-genesis-blocks-gb-container gb-block-container\"><div class=\"gb-container-inside\"><div class=\"gb-container-content\">\n<h2 class=\"has-text-align-center wp-block-heading\">Productos relacionados<\/h2>\n\n\n\n<div class=\"wp-block-columns is-layout-flex wp-container-core-columns-is-layout-9d6595d7 wp-block-columns-is-layout-flex\">\n<div class=\"wp-block-column is-layout-flow wp-block-column-is-layout-flow\">\n<div class=\"wp-block-media-text alignwide is-stacked-on-mobile\" style=\"grid-template-columns:20% auto\"><figure class=\"wp-block-media-text__media\"><img decoding=\"async\" width=\"700\" height=\"800\" data-src=\"https:\/\/www.cdf1.com\/wp-content\/uploads\/2022\/03\/Untitled-700-\u00d7-800-px.jpg\" alt=\"\" class=\"wp-image-7024 size-full lazyload\" src=\"data:image\/svg+xml;base64,PHN2ZyB3aWR0aD0iMSIgaGVpZ2h0PSIxIiB4bWxucz0iaHR0cDovL3d3dy53My5vcmcvMjAwMC9zdmciPjwvc3ZnPg==\" style=\"--smush-placeholder-width: 700px; --smush-placeholder-aspect-ratio: 700\/800;\" \/><\/figure><div class=\"wp-block-media-text__content\">\n<h3 class=\"wp-block-heading\">Revestimiento tipo almohada laminado con barrera alta<\/h3>\n\n\n\n<p>Revestimientos tipo almohada<\/p>\n\n\n\n<p><a href=\"https:\/\/www.cdf1.com\/es\/soluciones\/revestimientos-de-ibc\/revestimientos-tipo-almohada-revestimientos-de-aluminio-con-barrera-alta-ibc\/\">Ver producto &gt;<\/a><\/p>\n<\/div><\/div>\n<\/div>\n<\/div>\n<\/div><\/div><\/div>\n\n<div style=\"padding-bottom:3%;padding-top:5%\" class=\"wp-block-genesis-blocks-gb-container alignfull gb-block-container\"><div class=\"gb-container-inside\"><div class=\"gb-container-image-wrap\"><img decoding=\"async\" class=\"gb-container-image has-background-dim-100 has-background-dim lazyload\" data-src=\"https:\/\/www.cdf1.com\/wp-content\/uploads\/2022\/04\/Contact_Background.png\" alt=\"\" src=\"data:image\/svg+xml;base64,PHN2ZyB3aWR0aD0iMSIgaGVpZ2h0PSIxIiB4bWxucz0iaHR0cDovL3d3dy53My5vcmcvMjAwMC9zdmciPjwvc3ZnPg==\" style=\"--smush-placeholder-width: 1920px; --smush-placeholder-aspect-ratio: 1920\/770;\" \/><\/div><div class=\"gb-container-content\">\n<div class=\"wp-block-columns is-layout-flex wp-container-core-columns-is-layout-9d6595d7 wp-block-columns-is-layout-flex\">\n<div class=\"wp-block-column is-layout-flow wp-block-column-is-layout-flow\" id=\"pillow-liners-product-ibc\">\n\n\t\t\t\t\t\t<script>\n\t\t\t\t\t\t\twindow.hsFormsOnReady = window.hsFormsOnReady || [];\n\t\t\t\t\t\t\twindow.hsFormsOnReady.push(()=>{\n\t\t\t\t\t\t\t\thbspt.forms.create({\n\t\t\t\t\t\t\t\t\tportalId: 1984976,\n\t\t\t\t\t\t\t\t\tformId: \"4205185a-aa60-49fb-9b91-d387a5570c03\",\n\t\t\t\t\t\t\t\t\ttarget: \"#hbspt-form-1775430129000-1702389547\",\n\t\t\t\t\t\t\t\t\tregion: \"na1\",\n\t\t\t\t\t\t\t\t\t\n\t\t\t\t\t\t\t})});\n\t\t\t\t\t\t<\/script>\n\t\t\t\t\t\t<div class=\"hbspt-form\" id=\"hbspt-form-1775430129000-1702389547\"><\/div>\n<\/div>\n\n\n\n<div class=\"wp-block-column is-layout-flow wp-block-column-is-layout-flow\">\n<div style=\"background-color:#bfe0ef;padding-left:5%;padding-right:5%;padding-bottom:3%;padding-top:5%\" class=\"wp-block-genesis-blocks-gb-container gb-block-container\"><div class=\"gb-container-inside\"><div class=\"gb-container-content\">\n<h2 class=\"has-text-color wp-block-heading\" style=\"color:#245171\">\u00bfTiene alguna pregunta acerca de este producto?<\/h2>\n\n\n\n<p>Nuestros ingenieros expertos pueden orientar a cualquier cliente dentro de cualquier industria con una soluci\u00f3n innovadora para satisfacer sus necesidades de envasado y sostenibilidad, desde investigaci\u00f3n y desarrollo innovadores hasta dise\u00f1os personalizables. Con m\u00e1s de 50 a\u00f1os de experiencia, nuestro equipo de ingenieros colabora con cada cliente para dise\u00f1ar una nueva soluci\u00f3n de envasado, desde la selecci\u00f3n del revestimiento hasta la integraci\u00f3n completa de sistemas y la modificaci\u00f3n de productos existentes.<\/p>\n<\/div><\/div><\/div>\n<\/div>\n<\/div>\n<\/div><\/div><\/div>\n","protected":false},"excerpt":{"rendered":"<p>Revestimientos tipo almohada REVESTIMIENTOS TIPO ALMOHADA Cuando se llenan, estos revestimientos con bolsa de uso industrial adquieren la forma de una almohada. Los revestimientos en forma de almohada se fabrican con dos o tres capas de polietileno lineal de baja densidad (linear low-density polyethylene, LLDPE) y una pel\u00edcula de barrera cuando se utilizan para aplicaciones [&hellip;]<\/p>\n","protected":false},"author":10,"featured_media":1881,"parent":0,"menu_order":0,"comment_status":"closed","ping_status":"closed","template":"","meta":{"_acf_changed":false,"content-type":"","_genesis_hide_title":false,"_genesis_hide_breadcrumbs":false,"_genesis_hide_singular_image":false,"_genesis_hide_footer_widgets":false,"_genesis_custom_body_class":"","_genesis_custom_post_class":"","_genesis_layout":"","footnotes":""},"class_list":{"0":"post-10155","1":"page","2":"type-page","3":"status-publish","4":"has-post-thumbnail","6":"entry"},"acf":[],"featured_image_src":"https:\/\/www.cdf1.com\/wp-content\/uploads\/2020\/07\/new-feature-placeholder-sliced.png","featured_image_src_square":"https:\/\/www.cdf1.com\/wp-content\/uploads\/2020\/07\/new-feature-placeholder-sliced.png","_links":{"self":[{"href":"https:\/\/www.cdf1.com\/es\/wp-json\/wp\/v2\/pages\/10155","targetHints":{"allow":["GET"]}}],"collection":[{"href":"https:\/\/www.cdf1.com\/es\/wp-json\/wp\/v2\/pages"}],"about":[{"href":"https:\/\/www.cdf1.com\/es\/wp-json\/wp\/v2\/types\/page"}],"author":[{"embeddable":true,"href":"https:\/\/www.cdf1.com\/es\/wp-json\/wp\/v2\/users\/10"}],"replies":[{"embeddable":true,"href":"https:\/\/www.cdf1.com\/es\/wp-json\/wp\/v2\/comments?post=10155"}],"version-history":[{"count":6,"href":"https:\/\/www.cdf1.com\/es\/wp-json\/wp\/v2\/pages\/10155\/revisions"}],"predecessor-version":[{"id":11222,"href":"https:\/\/www.cdf1.com\/es\/wp-json\/wp\/v2\/pages\/10155\/revisions\/11222"}],"wp:featuredmedia":[{"embeddable":true,"href":"https:\/\/www.cdf1.com\/es\/wp-json\/wp\/v2\/media\/1881"}],"wp:attachment":[{"href":"https:\/\/www.cdf1.com\/es\/wp-json\/wp\/v2\/media?parent=10155"}],"curies":[{"name":"wp","href":"https:\/\/api.w.org\/{rel}","templated":true}]}}