{"id":10095,"date":"2023-12-04T19:10:40","date_gmt":"2023-12-04T19:10:40","guid":{"rendered":"https:\/\/www.cdf1.com\/revestimientos-tipo-almohada\/"},"modified":"2024-02-25T10:03:47","modified_gmt":"2024-02-25T10:03:47","slug":"revestimientos-tipo-almohada","status":"publish","type":"page","link":"https:\/\/www.cdf1.com\/es\/producto\/revestimientos-tipo-almohada\/","title":{"rendered":"Revestimientos tipo almohada"},"content":{"rendered":"\n<div class=\"wp-block-group page-heading heading-img-bottom two-col-heading shadow-out-bottom\"><div class=\"wp-block-group__inner-container is-layout-flow wp-block-group-is-layout-flow\">\n<div class=\"wp-block-columns fixed-width is-layout-flex wp-container-core-columns-is-layout-9d6595d7 wp-block-columns-is-layout-flex\">\n<div class=\"wp-block-column is-layout-flow wp-block-column-is-layout-flow\" style=\"flex-basis:40%\">\n<div class=\"wp-block-group fixed-width fixed-1080 heading-inner-wrap\"><div class=\"wp-block-group__inner-container is-layout-flow wp-block-group-is-layout-flow\">\n<div class=\"wp-block-group text-wrap\"><div class=\"wp-block-group__inner-container is-layout-flow wp-block-group-is-layout-flow\">\n<h1 class=\"has-text-color wp-block-heading\" style=\"color:#0d80b1\">Revestimientos tipo almohada<\/h1>\n<\/div><\/div>\n<\/div><\/div>\n<\/div>\n\n\n\n<div class=\"wp-block-column is-layout-flow wp-block-column-is-layout-flow\" style=\"flex-basis:60%\">\n<figure class=\"wp-block-image size-full\"><img decoding=\"async\" width=\"768\" height=\"936\" data-src=\"https:\/\/www.cdf1.com\/wp-content\/uploads\/2021\/09\/Pillow-Shaped-Liners.jpg\" alt=\"\" class=\"wp-image-2841 lazyload\" data-srcset=\"https:\/\/www.cdf1.com\/wp-content\/uploads\/2021\/09\/Pillow-Shaped-Liners.jpg 768w, https:\/\/www.cdf1.com\/wp-content\/uploads\/2021\/09\/Pillow-Shaped-Liners-246x300.jpg 246w\" data-sizes=\"(max-width: 768px) 100vw, 768px\" src=\"data:image\/svg+xml;base64,PHN2ZyB3aWR0aD0iMSIgaGVpZ2h0PSIxIiB4bWxucz0iaHR0cDovL3d3dy53My5vcmcvMjAwMC9zdmciPjwvc3ZnPg==\" style=\"--smush-placeholder-width: 768px; --smush-placeholder-aspect-ratio: 768\/936;\" \/><\/figure>\n<\/div>\n<\/div>\n<\/div><\/div>\n\n<div class=\"wp-block-group fixed-width fixed-1080 padding-top-140 padding-bottom-100 title-text-section below-heading-section bg-line-shape-contact\"><div class=\"wp-block-group__inner-container is-layout-flow wp-block-group-is-layout-flow\">\n<div class=\"wp-block-columns is-layout-flex wp-container-core-columns-is-layout-9d6595d7 wp-block-columns-is-layout-flex\">\n<div class=\"wp-block-column is-layout-flow wp-block-column-is-layout-flow\">\n<div class=\"wp-block-group section-title-large text-wrap anim_init\"><div class=\"wp-block-group__inner-container is-layout-flow wp-block-group-is-layout-flow\">\n<h2 class=\"wp-block-heading\"><strong>Revestimientos que son almohadas<\/strong><\/h2>\n<\/div><\/div>\n<\/div>\n\n\n\n<div class=\"wp-block-column is-layout-flow wp-block-column-is-layout-flow\">\n<div class=\"wp-block-group max-width-450 paragraph-wrap anim_init\"><div class=\"wp-block-group__inner-container is-layout-flow wp-block-group-is-layout-flow\">\n<p>Cuando se llenan, estos revestimientos con bolsa de uso industrial adquieren la forma de una almohada. Generalmente, los revestimientos en forma de almohada se construyen con dos o tres capas de polietileno lineal de baja densidad (linear low-density polyethylene, LLDPE) y una pel\u00edcula de barrera cuando se utilizan para aplicaciones de barrera as\u00e9ptica y contra el ox\u00edgeno.<\/p>\n<\/div><\/div>\n<\/div>\n<\/div>\n<\/div><\/div>\n\n<div class=\"wp-block-group bg-blue-shape-right-center\"><div class=\"wp-block-group__inner-container is-layout-flow wp-block-group-is-layout-flow\">\n<div class=\"wp-block-group fixed-width text-img-section vc-wrap padding-top-180 padding-bottom-100 pt-xs--100 pb-xs--60 has-text-color\" style=\"color:#000000\"><div class=\"wp-block-group__inner-container is-layout-flow wp-block-group-is-layout-flow\">\n<div class=\"wp-block-columns is-layout-flex wp-container-core-columns-is-layout-9d6595d7 wp-block-columns-is-layout-flex\">\n<div class=\"wp-block-column is-layout-flow wp-block-column-is-layout-flow\">\n<div class=\"wp-block-group text-wrap max-width-450\"><div class=\"wp-block-group__inner-container is-layout-flow wp-block-group-is-layout-flow\">\n<h2 class=\"wp-block-heading\">Beneficios:<strong>\u00a0<\/strong><\/h2>\n\n\n\n<ul class=\"wp-block-list\"><li>Fabricado en un entorno limpio con CDF1 Smart Seal Technology&#x2122; de avanzada que monitorea y garantiza sellos uniformes y de alta calidad.<\/li><li>Garantiza la pureza absoluta de su producto.<\/li><li>Reduce la formaci\u00f3n de espuma en aplicaciones de llenado inferior.<\/li><li>Proporciona versatilidad; el mismo tama\u00f1o de bolsa se adapta a varios tama\u00f1os de contenedor.<\/li><li>Aporta un valor excelente para una amplia variedad de aplicaciones de l\u00edquidos: aplicaciones de llenado inferior y con m\u00e1quinas llenadoras as\u00e9pticas automatizadas.<\/li><li>CDF ofrece una variedad de pel\u00edculas, y ubicaciones para aditamentos.<\/li><\/ul>\n\n\n\n<p>Los revestimientos con bolsa de uso industrial en forma de almohada est\u00e1n disponibles en los siguientes tama\u00f1os. Disponibilidad de otros tama\u00f1os a pedido.<\/p>\n\n\n\n<ul class=\"wp-block-list\"><li>As\u00e9ptico de 91\u00a0cm (36\u00a0pulg.) x 1,5\u00a0m (61\u00a0pulg.) y capacidad de 208\u00a0litros (55\u00a0galones)<\/li><li>96\u00a0cm (38\u00a0pulg.) x 1,4\u00a0m (56\u00a0pulg.) y capacidad de 1325\u00a0litros (55\u00a0galones)<\/li><li>2\u00a0m (81\u00a0pulg.) x 2\u00a0m (81\u00a0pulg.) y capacidad de 1041\u00a0l (275\u00a0galones), recomendado para contenedores de madera est\u00e1ndares utilizados en las industrias as\u00e9pticas de tomate y jugo<\/li><li>As\u00e9ptico de 2\u00a0m (81\u00a0pulg.) x 2,2\u00a0m (85\u00a0pulg.) y capacidad de 1041\u00a0litros (275 galones)\/114\u00a0litros (300\u00a0galones), recomendado para una bolsa de contenedor de madera est\u00e1ndar o una bolsa de IBC pl\u00e1stica<\/li><li>96\u00a0cm (85\u00a0pulg.) x 1,4\u00a0m (89\u00a0pulg.) y capacidad de 1325\u00a0litros (330\u00a0galones)<\/li><li>96\u00a0cm (90\u00a0pulg.) x 1,4\u00a0m (90\u00a0pulg.) y capacidad de 1325\u00a0litros (330\u00a0galones)<\/li><li>96\u00a0cm (81\u00a0pulg.) x 1,4\u00a0m (92\u00a0pulg.) y capacidad de 1325\u00a0litros (350\u00a0galones)<\/li><li>2,4\u00a0m (95\u00a0pulg.) x 2,4\u00a0m (95\u00a0pulg.) y capacidad superior a 1325\u00a0litros (350\u00a0galones)<\/li><\/ul>\n<\/div><\/div>\n<\/div>\n\n\n\n<div class=\"wp-block-column is-layout-flow wp-block-column-is-layout-flow\">\n<div class=\"wp-block-group max-width-500\"><div class=\"wp-block-group__inner-container is-layout-flow wp-block-group-is-layout-flow\">\n<figure class=\"wp-block-image size-full shadow-wrap slide-in-up\"><img decoding=\"async\" width=\"768\" height=\"936\" data-src=\"https:\/\/www.cdf1.com\/wp-content\/uploads\/2021\/09\/Pillow-Shaped-Liners.jpg\" alt=\"\" class=\"wp-image-2841 lazyload\" title=\"\" data-srcset=\"https:\/\/www.cdf1.com\/wp-content\/uploads\/2021\/09\/Pillow-Shaped-Liners.jpg 768w, https:\/\/www.cdf1.com\/wp-content\/uploads\/2021\/09\/Pillow-Shaped-Liners-246x300.jpg 246w\" data-sizes=\"(max-width: 768px) 100vw, 768px\" src=\"data:image\/svg+xml;base64,PHN2ZyB3aWR0aD0iMSIgaGVpZ2h0PSIxIiB4bWxucz0iaHR0cDovL3d3dy53My5vcmcvMjAwMC9zdmciPjwvc3ZnPg==\" style=\"--smush-placeholder-width: 768px; --smush-placeholder-aspect-ratio: 768\/936;\" \/><\/figure>\n<\/div><\/div>\n<\/div>\n<\/div>\n<\/div><\/div>\n<\/div><\/div>\n\n<div class=\"wp-block-cover inner-page-cta-section\"><span aria-hidden=\"true\" class=\"has-background-dim-100 wp-block-cover__gradient-background has-background-dim\" style=\"background-color:#015174\"><\/span><div class=\"wp-block-cover__inner-container is-layout-flow wp-block-cover-is-layout-flow\">\n<div class=\"wp-block-group fixed-width fixed-980 padding-top-100 text-wrap\"><div class=\"wp-block-group__inner-container is-layout-flow wp-block-group-is-layout-flow\">\n<h2 class=\"has-text-align-center wp-block-heading\"><strong><strong>Comience a ganar con Mindful Packaging<\/strong><\/strong><\/h2>\n<\/div><\/div>\n\n\n\n<div class=\"wp-block-group fixed-width fixed-780 padding-bottom-80 text-wrap\"><div class=\"wp-block-group__inner-container is-layout-flow wp-block-group-is-layout-flow\">\n<p class=\"has-text-align-center\">Hable con un especialista en envasado<\/p>\n\n\n\n<p class=\"has-text-align-center outlined-white-link margin-top-60\"><a href=\"https:\/\/www.cdf1.com\/es\/comuniquese-con-nosotros\/\">Comun\u00edquese con nosotros<\/a><\/p>\n<\/div><\/div>\n<\/div><\/div>\n","protected":false},"excerpt":{"rendered":"<p>Revestimientos tipo almohada Revestimientos que son almohadas Cuando se llenan, estos revestimientos con bolsa de uso industrial adquieren la forma de una almohada. Generalmente, los revestimientos en forma de almohada se construyen con dos o tres capas de polietileno lineal de baja densidad (linear low-density polyethylene, LLDPE) y una pel\u00edcula de barrera cuando se utilizan [&hellip;]<\/p>\n","protected":false},"author":10,"featured_media":1881,"parent":10186,"menu_order":0,"comment_status":"closed","ping_status":"closed","template":"","meta":{"_acf_changed":false,"content-type":"","_genesis_hide_title":false,"_genesis_hide_breadcrumbs":false,"_genesis_hide_singular_image":false,"_genesis_hide_footer_widgets":false,"_genesis_custom_body_class":"","_genesis_custom_post_class":"","_genesis_layout":"","footnotes":""},"class_list":{"0":"post-10095","1":"page","2":"type-page","3":"status-publish","4":"has-post-thumbnail","6":"entry"},"acf":[],"featured_image_src":"https:\/\/www.cdf1.com\/wp-content\/uploads\/2020\/07\/new-feature-placeholder-sliced.png","featured_image_src_square":"https:\/\/www.cdf1.com\/wp-content\/uploads\/2020\/07\/new-feature-placeholder-sliced.png","_links":{"self":[{"href":"https:\/\/www.cdf1.com\/es\/wp-json\/wp\/v2\/pages\/10095","targetHints":{"allow":["GET"]}}],"collection":[{"href":"https:\/\/www.cdf1.com\/es\/wp-json\/wp\/v2\/pages"}],"about":[{"href":"https:\/\/www.cdf1.com\/es\/wp-json\/wp\/v2\/types\/page"}],"author":[{"embeddable":true,"href":"https:\/\/www.cdf1.com\/es\/wp-json\/wp\/v2\/users\/10"}],"replies":[{"embeddable":true,"href":"https:\/\/www.cdf1.com\/es\/wp-json\/wp\/v2\/comments?post=10095"}],"version-history":[{"count":8,"href":"https:\/\/www.cdf1.com\/es\/wp-json\/wp\/v2\/pages\/10095\/revisions"}],"predecessor-version":[{"id":11238,"href":"https:\/\/www.cdf1.com\/es\/wp-json\/wp\/v2\/pages\/10095\/revisions\/11238"}],"up":[{"embeddable":true,"href":"https:\/\/www.cdf1.com\/es\/wp-json\/wp\/v2\/pages\/10186"}],"wp:featuredmedia":[{"embeddable":true,"href":"https:\/\/www.cdf1.com\/es\/wp-json\/wp\/v2\/media\/1881"}],"wp:attachment":[{"href":"https:\/\/www.cdf1.com\/es\/wp-json\/wp\/v2\/media?parent=10095"}],"curies":[{"name":"wp","href":"https:\/\/api.w.org\/{rel}","templated":true}]}}