{"id":10025,"date":"2023-12-04T19:09:56","date_gmt":"2023-12-04T19:09:56","guid":{"rendered":"https:\/\/www.cdf1.com\/productos\/"},"modified":"2024-02-25T10:03:45","modified_gmt":"2024-02-25T10:03:45","slug":"productos","status":"publish","type":"page","link":"https:\/\/www.cdf1.com\/es\/productos\/","title":{"rendered":"Productos"},"content":{"rendered":"\n<div class=\"wp-block-group page-heading heading-img-bottom two-col-heading shadow-out-bottom\"><div class=\"wp-block-group__inner-container is-layout-flow wp-block-group-is-layout-flow\">\n<div class=\"wp-block-columns fixed-width is-layout-flex wp-container-core-columns-is-layout-9d6595d7 wp-block-columns-is-layout-flex\">\n<div class=\"wp-block-column is-layout-flow wp-block-column-is-layout-flow\" style=\"flex-basis:40%\">\n<div class=\"wp-block-group fixed-width fixed-1080 heading-inner-wrap\"><div class=\"wp-block-group__inner-container is-layout-flow wp-block-group-is-layout-flow\">\n<div class=\"wp-block-group text-wrap\"><div class=\"wp-block-group__inner-container is-layout-flow wp-block-group-is-layout-flow\">\n<h1 class=\"has-text-color wp-block-heading\" style=\"color:#0d80b1\">Revestimientos de barriles y cubetas<\/h1>\n<\/div><\/div>\n<\/div><\/div>\n<\/div>\n\n\n\n<div class=\"wp-block-column is-layout-flow wp-block-column-is-layout-flow\" style=\"flex-basis:60%\">\n<figure class=\"wp-block-image size-large\"><img decoding=\"async\" width=\"1024\" height=\"734\" data-src=\"https:\/\/www.cdf1.com\/wp-content\/uploads\/2021\/09\/drum-and-pail-header-1-1024x734.jpg\" alt=\"revestimientos de barriles\" class=\"wp-image-2544 lazyload\" data-srcset=\"https:\/\/www.cdf1.com\/wp-content\/uploads\/2021\/09\/drum-and-pail-header-1-1024x734.jpg 1024w, https:\/\/www.cdf1.com\/wp-content\/uploads\/2021\/09\/drum-and-pail-header-1-300x215.jpg 300w, https:\/\/www.cdf1.com\/wp-content\/uploads\/2021\/09\/drum-and-pail-header-1-768x551.jpg 768w, https:\/\/www.cdf1.com\/wp-content\/uploads\/2021\/09\/drum-and-pail-header-1.jpg 1280w\" data-sizes=\"(max-width: 1024px) 100vw, 1024px\" src=\"data:image\/svg+xml;base64,PHN2ZyB3aWR0aD0iMSIgaGVpZ2h0PSIxIiB4bWxucz0iaHR0cDovL3d3dy53My5vcmcvMjAwMC9zdmciPjwvc3ZnPg==\" style=\"--smush-placeholder-width: 1024px; --smush-placeholder-aspect-ratio: 1024\/734;\" \/><\/figure>\n<\/div>\n<\/div>\n<\/div><\/div>\n\n<div class=\"wp-block-group fixed-width fixed-1080 padding-top-140 padding-bottom-100 title-text-section below-heading-section bg-line-shape-contact\"><div class=\"wp-block-group__inner-container is-layout-flow wp-block-group-is-layout-flow\">\n<div class=\"wp-block-columns is-layout-flex wp-container-core-columns-is-layout-9d6595d7 wp-block-columns-is-layout-flex\">\n<div class=\"wp-block-column is-layout-flow wp-block-column-is-layout-flow\">\n<div class=\"wp-block-group section-title-mix text-wrap anim_init\"><div class=\"wp-block-group__inner-container is-layout-flow wp-block-group-is-layout-flow\">\n<h2 class=\"wp-block-heading\">Soluciones semirr\u00edgidas para<\/h2>\n\n\n\n<h3 class=\"wp-block-heading\"><strong>Barril y cubeta<\/strong><\/h3>\n<\/div><\/div>\n<\/div>\n\n\n\n<div class=\"wp-block-column is-layout-flow wp-block-column-is-layout-flow\">\n<div class=\"wp-block-group max-width-450 paragraph-wrap anim_init\"><div class=\"wp-block-group__inner-container is-layout-flow wp-block-group-is-layout-flow\">\n<p>Dise\u00f1ados para garantizar la pureza absoluta de su producto mientras ofrecen los m\u00e1s altos niveles de calidad y durabilidad. Dise\u00f1amos y fabricamos soluciones de envasado de barriles y cubetas que se adapten a las necesidades espec\u00edficas de su producto. Ofrecemos una variedad de soluciones para garantizar la integridad de su producto y mejorar la eficiencia.<\/p>\n<\/div><\/div>\n<\/div>\n<\/div>\n<\/div><\/div>\n\n<div class=\"wp-block-group bg-blue-shape-right-center\"><div class=\"wp-block-group__inner-container is-layout-flow wp-block-group-is-layout-flow\">\n<div class=\"wp-block-group fixed-width text-img-section vc-wrap padding-top-180 padding-bottom-100 pt-xs--100 pb-xs--60 has-text-color\" style=\"color:#000000\"><div class=\"wp-block-group__inner-container is-layout-flow wp-block-group-is-layout-flow\">\n<div class=\"wp-block-columns is-layout-flex wp-container-core-columns-is-layout-9d6595d7 wp-block-columns-is-layout-flex\">\n<div class=\"wp-block-column is-layout-flow wp-block-column-is-layout-flow\">\n<div class=\"wp-block-group text-wrap max-width-450\"><div class=\"wp-block-group__inner-container is-layout-flow wp-block-group-is-layout-flow\">\n<h2 class=\"wp-block-heading\">PailSaver&#x2122; para cubetas de acero y pl\u00e1sticas\u00a0 <\/h2>\n\n\n\n<p>Los revestimientos de cubetas pl\u00e1sticas PailSaver son ideales para mezclar, bombear y almacenar pr\u00e1cticamente cualquier l\u00edquido, polvo o pasta. Los revestimientos de cubetas moldeados al vac\u00edo sin costuras tienen un borde contorneado que se cierra sobre el reborde superior de una cubeta para evitar fugas entre el revestimiento y la pared de la cubeta. Despu\u00e9s de usar, extraiga el revestimiento y la cubeta estar\u00e1 limpia y lista para su reutilizaci\u00f3n.<\/p>\n\n\n\n<p>Beneficios:<\/p>\n\n\n\n<ul class=\"wp-block-list\"><li>Garantiza la pureza absoluta de su producto.<\/li><li>Reduce dr\u00e1sticamente el tiempo y los gastos de limpieza o reemplazo de cubetas.\u00a0<\/li><\/ul>\n<\/div><\/div>\n<\/div>\n\n\n\n<div class=\"wp-block-column is-layout-flow wp-block-column-is-layout-flow\">\n<div class=\"wp-block-columns images-in-collage-wrap is-layout-flex wp-container-core-columns-is-layout-9d6595d7 wp-block-columns-is-layout-flex\">\n<div class=\"wp-block-column is-layout-flow wp-block-column-is-layout-flow\">\n<figure class=\"wp-block-image size-large shadow-wrap slide-up-f\"><img decoding=\"async\" width=\"683\" height=\"1024\" data-src=\"https:\/\/www.cdf1.com\/wp-content\/uploads\/2021\/10\/cdf-131s-resized-683x1024.jpg\" alt=\"revestimientos de barriles\" class=\"wp-image-3539 lazyload\" title=\"\" data-srcset=\"https:\/\/www.cdf1.com\/wp-content\/uploads\/2021\/10\/cdf-131s-resized-683x1024.jpg 683w, https:\/\/www.cdf1.com\/wp-content\/uploads\/2021\/10\/cdf-131s-resized-200x300.jpg 200w, https:\/\/www.cdf1.com\/wp-content\/uploads\/2021\/10\/cdf-131s-resized-768x1152.jpg 768w, https:\/\/www.cdf1.com\/wp-content\/uploads\/2021\/10\/cdf-131s-resized-1024x1536.jpg 1024w, https:\/\/www.cdf1.com\/wp-content\/uploads\/2021\/10\/cdf-131s-resized.jpg 1182w\" data-sizes=\"(max-width: 683px) 100vw, 683px\" src=\"data:image\/svg+xml;base64,PHN2ZyB3aWR0aD0iMSIgaGVpZ2h0PSIxIiB4bWxucz0iaHR0cDovL3d3dy53My5vcmcvMjAwMC9zdmciPjwvc3ZnPg==\" style=\"--smush-placeholder-width: 683px; --smush-placeholder-aspect-ratio: 683\/1024;\" \/><\/figure>\n\n\n\n<figure class=\"wp-block-image size-large shadow-wrap slide-up-s\"><img decoding=\"async\" width=\"1024\" height=\"1024\" data-src=\"https:\/\/www.cdf1.com\/wp-content\/uploads\/2021\/10\/HDPE-Natural-5-Gallon-resized-1024x1024.jpg\" alt=\"revestimientos de barriles\" class=\"wp-image-3537 lazyload\" title=\"\" data-srcset=\"https:\/\/www.cdf1.com\/wp-content\/uploads\/2021\/10\/HDPE-Natural-5-Gallon-resized-1024x1024.jpg 1024w, https:\/\/www.cdf1.com\/wp-content\/uploads\/2021\/10\/HDPE-Natural-5-Gallon-resized-300x300.jpg 300w, https:\/\/www.cdf1.com\/wp-content\/uploads\/2021\/10\/HDPE-Natural-5-Gallon-resized-150x150.jpg 150w, https:\/\/www.cdf1.com\/wp-content\/uploads\/2021\/10\/HDPE-Natural-5-Gallon-resized-768x768.jpg 768w, https:\/\/www.cdf1.com\/wp-content\/uploads\/2021\/10\/HDPE-Natural-5-Gallon-resized-75x75.jpg 75w, https:\/\/www.cdf1.com\/wp-content\/uploads\/2021\/10\/HDPE-Natural-5-Gallon-resized-600x600.jpg 600w, https:\/\/www.cdf1.com\/wp-content\/uploads\/2021\/10\/HDPE-Natural-5-Gallon-resized.jpg 1448w\" data-sizes=\"(max-width: 1024px) 100vw, 1024px\" src=\"data:image\/svg+xml;base64,PHN2ZyB3aWR0aD0iMSIgaGVpZ2h0PSIxIiB4bWxucz0iaHR0cDovL3d3dy53My5vcmcvMjAwMC9zdmciPjwvc3ZnPg==\" style=\"--smush-placeholder-width: 1024px; --smush-placeholder-aspect-ratio: 1024\/1024;\" \/><\/figure>\n<\/div>\n\n\n\n<div class=\"wp-block-column is-layout-flow wp-block-column-is-layout-flow\">\n<figure class=\"wp-block-image size-large shadow-wrap slide-down-s\"><img decoding=\"async\" width=\"1024\" height=\"1024\" data-src=\"https:\/\/www.cdf1.com\/wp-content\/uploads\/2021\/10\/Anti-Static-5-gallon-resized-1024x1024.jpg\" alt=\"revestimientos de barriles\" class=\"wp-image-3536 lazyload\" title=\"\" data-srcset=\"https:\/\/www.cdf1.com\/wp-content\/uploads\/2021\/10\/Anti-Static-5-gallon-resized-1024x1024.jpg 1024w, https:\/\/www.cdf1.com\/wp-content\/uploads\/2021\/10\/Anti-Static-5-gallon-resized-300x300.jpg 300w, https:\/\/www.cdf1.com\/wp-content\/uploads\/2021\/10\/Anti-Static-5-gallon-resized-150x150.jpg 150w, https:\/\/www.cdf1.com\/wp-content\/uploads\/2021\/10\/Anti-Static-5-gallon-resized-768x768.jpg 768w, https:\/\/www.cdf1.com\/wp-content\/uploads\/2021\/10\/Anti-Static-5-gallon-resized-75x75.jpg 75w, https:\/\/www.cdf1.com\/wp-content\/uploads\/2021\/10\/Anti-Static-5-gallon-resized-600x600.jpg 600w, https:\/\/www.cdf1.com\/wp-content\/uploads\/2021\/10\/Anti-Static-5-gallon-resized.jpg 1448w\" data-sizes=\"(max-width: 1024px) 100vw, 1024px\" src=\"data:image\/svg+xml;base64,PHN2ZyB3aWR0aD0iMSIgaGVpZ2h0PSIxIiB4bWxucz0iaHR0cDovL3d3dy53My5vcmcvMjAwMC9zdmciPjwvc3ZnPg==\" style=\"--smush-placeholder-width: 1024px; --smush-placeholder-aspect-ratio: 1024\/1024;\" \/><\/figure>\n<\/div>\n<\/div>\n<\/div>\n<\/div>\n<\/div><\/div>\n<\/div><\/div>\n\n<div class=\"wp-block-group fixed-width img-text-section vc-wrap padding-top-180 padding-bottom-100 pt-xs--0 pb-xs--0 has-text-color\" style=\"color:#000000\"><div class=\"wp-block-group__inner-container is-layout-flow wp-block-group-is-layout-flow\">\n<div class=\"wp-block-columns is-layout-flex wp-container-core-columns-is-layout-9d6595d7 wp-block-columns-is-layout-flex\">\n<div class=\"wp-block-column is-layout-flow wp-block-column-is-layout-flow\">\n<div class=\"wp-block-columns images-in-collage-wrap is-layout-flex wp-container-core-columns-is-layout-9d6595d7 wp-block-columns-is-layout-flex\">\n<div class=\"wp-block-column is-layout-flow wp-block-column-is-layout-flow\">\n<figure class=\"wp-block-image size-full shadow-wrap slide-up-f\"><img decoding=\"async\" width=\"517\" height=\"775\" data-src=\"https:\/\/www.cdf1.com\/wp-content\/uploads\/2021\/10\/Blue-Accordion-2.png\" alt=\"revestimientos de barriles\" class=\"wp-image-3506 lazyload\" title=\"\" data-srcset=\"https:\/\/www.cdf1.com\/wp-content\/uploads\/2021\/10\/Blue-Accordion-2.png 517w, https:\/\/www.cdf1.com\/wp-content\/uploads\/2021\/10\/Blue-Accordion-2-200x300.png 200w\" data-sizes=\"(max-width: 517px) 100vw, 517px\" src=\"data:image\/svg+xml;base64,PHN2ZyB3aWR0aD0iMSIgaGVpZ2h0PSIxIiB4bWxucz0iaHR0cDovL3d3dy53My5vcmcvMjAwMC9zdmciPjwvc3ZnPg==\" style=\"--smush-placeholder-width: 517px; --smush-placeholder-aspect-ratio: 517\/775;\" \/><\/figure>\n\n\n\n<figure class=\"wp-block-image size-large shadow-wrap slide-up-s\"><img decoding=\"async\" data-src=\"https:\/\/www.cdf1.com\/wp-content\/uploads\/2021\/10\/16-Gallon-resized-683x1024.jpg\" alt=\"revestimientos de barriles\" class=\"wp-image-3542 lazyload\" title=\"\" src=\"data:image\/svg+xml;base64,PHN2ZyB3aWR0aD0iMSIgaGVpZ2h0PSIxIiB4bWxucz0iaHR0cDovL3d3dy53My5vcmcvMjAwMC9zdmciPjwvc3ZnPg==\" style=\"--smush-placeholder-width: 683px; --smush-placeholder-aspect-ratio: 683\/1024;\" \/><\/figure>\n<\/div>\n\n\n\n<div class=\"wp-block-column is-layout-flow wp-block-column-is-layout-flow\">\n<figure class=\"wp-block-image size-full shadow-wrap slide-down-f\"><img decoding=\"async\" width=\"517\" height=\"775\" data-src=\"https:\/\/www.cdf1.com\/wp-content\/uploads\/2021\/10\/Straight-sided-liner-2.png\" alt=\"revestimientos de barriles\" class=\"wp-image-3543 lazyload\" title=\"\" data-srcset=\"https:\/\/www.cdf1.com\/wp-content\/uploads\/2021\/10\/Straight-sided-liner-2.png 517w, https:\/\/www.cdf1.com\/wp-content\/uploads\/2021\/10\/Straight-sided-liner-2-200x300.png 200w\" data-sizes=\"(max-width: 517px) 100vw, 517px\" src=\"data:image\/svg+xml;base64,PHN2ZyB3aWR0aD0iMSIgaGVpZ2h0PSIxIiB4bWxucz0iaHR0cDovL3d3dy53My5vcmcvMjAwMC9zdmciPjwvc3ZnPg==\" style=\"--smush-placeholder-width: 517px; --smush-placeholder-aspect-ratio: 517\/775;\" \/><\/figure>\n<\/div>\n<\/div>\n<\/div>\n\n\n\n<div class=\"wp-block-column is-layout-flow wp-block-column-is-layout-flow\">\n<div class=\"wp-block-group text-wrap max-width-450\"><div class=\"wp-block-group__inner-container is-layout-flow wp-block-group-is-layout-flow\">\n<h2 class=\"wp-block-heading\">Revestimientos DrumSaver&#x2122; para barriles de acero y pl\u00e1stico<\/h2>\n\n\n\n<p>Los revestimientos de barriles DrumSaver est\u00e1n dise\u00f1ados para barriles de acero y pl\u00e1stico. Los revestimientos de barriles moldeados al vac\u00edo sin costuras tienen un borde contorneado que se cierra sobre el reborde superior de un barril pl\u00e1stico de tapa abierta de 208\u00a0litros (55\u00a0galones) para evitar fugas entre el revestimiento y la pared del barril. Los revestimientos DrumSaver son ideales para mezclar, bombear y almacenar pr\u00e1cticamente cualquier l\u00edquido, polvo o pasta. Los ejemplos incluyen productos qu\u00edmicos, tintas, adhesivos, grasas, pinturas, recubrimientos, siliconas y alimentos. Los revestimientos pl\u00e1sticos son ideales para cargas dif\u00edciles de limpiar, como tinturas textiles, adhesivos y pel\u00edculas gelificadas.<\/p>\n\n\n\n<p>Beneficio:<\/p>\n\n\n\n<ul class=\"wp-block-list\"><li>Garantiza la pureza absoluta de su producto.<\/li><li>Protege contra la corrosi\u00f3n del barril.<\/li><li>Prolonga el ciclo de vida del contenedor al reducir los costos de limpieza y reacondicionamiento.\u00a0<\/li><\/ul>\n<\/div><\/div>\n<\/div>\n<\/div>\n<\/div><\/div>\n\n<div class=\"wp-block-group fixed-width text-img-section vc-wrap padding-top-180 padding-bottom-100 pt-xs--60 pb-xs--60\"><div class=\"wp-block-group__inner-container is-layout-flow wp-block-group-is-layout-flow\">\n<div class=\"wp-block-columns is-layout-flex wp-container-core-columns-is-layout-9d6595d7 wp-block-columns-is-layout-flex\">\n<div class=\"wp-block-column is-layout-flow wp-block-column-is-layout-flow\">\n<div class=\"wp-block-group text-wrap max-width-450\"><div class=\"wp-block-group__inner-container is-layout-flow wp-block-group-is-layout-flow\">\n<h2 class=\"wp-block-heading\">Revestimientos de base circular LinerPro&#x2122; para barriles y cubetas<\/h2>\n\n\n\n<p>Los revestimientos de barriles y cubetas de base circular adaptables (Form-Fit) y termosellados LinerPro brindan una soluci\u00f3n econ\u00f3mica para proteger sus productos. LinerPro es ideal para uso con l\u00edquido viscoso, polvo y materiales particulados. Estos revestimientos est\u00e1n dise\u00f1ados para una instalaci\u00f3n sencilla y pueden simplemente doblarse y amarrarse para proteger el contenido. Los modelos \u00fanicos est\u00e1n destinados al uso con disolventes, polvos inflamables, l\u00edquidos calientes, materiales sensibles al ox\u00edgeno o higrosc\u00f3picos, o productos qu\u00edmicos agresivos.\u00a0<\/p>\n\n\n\n<p>Beneficios:<\/p>\n\n\n\n<ul class=\"wp-block-list\"><li>La forma circular de la base permite una mayor recuperaci\u00f3n de su producto valioso en comparaci\u00f3n con las bolsas de costuras planas, debido a que minimiza las arrugas y los pliegues.<\/li><li>Reduce los costos de limpieza y reacondicionamiento de barriles y cubetas.<\/li><li>Garantiza la pureza absoluta de su producto.<\/li><\/ul>\n<\/div><\/div>\n<\/div>\n\n\n\n<div class=\"wp-block-column is-layout-flow wp-block-column-is-layout-flow\">\n<div class=\"wp-block-columns images-in-collage-wrap is-layout-flex wp-container-core-columns-is-layout-9d6595d7 wp-block-columns-is-layout-flex\">\n<div class=\"wp-block-column is-layout-flow wp-block-column-is-layout-flow\">\n<figure class=\"wp-block-image size-large shadow-wrap slide-up-f\"><img decoding=\"async\" width=\"682\" height=\"1024\" data-src=\"https:\/\/www.cdf1.com\/wp-content\/uploads\/2021\/10\/cdf-101s-682x1024.jpg\" alt=\"revestimientos de barriles\" class=\"wp-image-3544 lazyload\" title=\"\" data-srcset=\"https:\/\/www.cdf1.com\/wp-content\/uploads\/2021\/10\/cdf-101s-682x1024.jpg 682w, https:\/\/www.cdf1.com\/wp-content\/uploads\/2021\/10\/cdf-101s-200x300.jpg 200w, https:\/\/www.cdf1.com\/wp-content\/uploads\/2021\/10\/cdf-101s-768x1152.jpg 768w, https:\/\/www.cdf1.com\/wp-content\/uploads\/2021\/10\/cdf-101s-1024x1536.jpg 1024w, https:\/\/www.cdf1.com\/wp-content\/uploads\/2021\/10\/cdf-101s.jpg 1333w\" data-sizes=\"(max-width: 682px) 100vw, 682px\" src=\"data:image\/svg+xml;base64,PHN2ZyB3aWR0aD0iMSIgaGVpZ2h0PSIxIiB4bWxucz0iaHR0cDovL3d3dy53My5vcmcvMjAwMC9zdmciPjwvc3ZnPg==\" style=\"--smush-placeholder-width: 682px; --smush-placeholder-aspect-ratio: 682\/1024;\" \/><\/figure>\n\n\n\n<figure class=\"wp-block-image size-large shadow-wrap slide-up-s\"><img decoding=\"async\" width=\"1024\" height=\"754\" data-src=\"https:\/\/www.cdf1.com\/wp-content\/uploads\/2021\/10\/LinerPro-Blue-Drum-1-1024x754.jpg\" alt=\"revestimientos de barriles\" class=\"wp-image-3546 lazyload\" title=\"\" data-srcset=\"https:\/\/www.cdf1.com\/wp-content\/uploads\/2021\/10\/LinerPro-Blue-Drum-1-1024x754.jpg 1024w, https:\/\/www.cdf1.com\/wp-content\/uploads\/2021\/10\/LinerPro-Blue-Drum-1-300x221.jpg 300w, https:\/\/www.cdf1.com\/wp-content\/uploads\/2021\/10\/LinerPro-Blue-Drum-1-768x566.jpg 768w, https:\/\/www.cdf1.com\/wp-content\/uploads\/2021\/10\/LinerPro-Blue-Drum-1-1536x1131.jpg 1536w, https:\/\/www.cdf1.com\/wp-content\/uploads\/2021\/10\/LinerPro-Blue-Drum-1-2048x1509.jpg 2048w\" data-sizes=\"(max-width: 1024px) 100vw, 1024px\" src=\"data:image\/svg+xml;base64,PHN2ZyB3aWR0aD0iMSIgaGVpZ2h0PSIxIiB4bWxucz0iaHR0cDovL3d3dy53My5vcmcvMjAwMC9zdmciPjwvc3ZnPg==\" style=\"--smush-placeholder-width: 1024px; --smush-placeholder-aspect-ratio: 1024\/754;\" \/><\/figure>\n<\/div>\n\n\n\n<div class=\"wp-block-column is-layout-flow wp-block-column-is-layout-flow\">\n<figure class=\"wp-block-image size-large shadow-wrap slide-down-f\"><img decoding=\"async\" width=\"731\" height=\"1024\" data-src=\"https:\/\/www.cdf1.com\/wp-content\/uploads\/2021\/10\/LinerPro-Pail-731x1024.jpg\" alt=\"revestimientos de barriles\" class=\"wp-image-3548 lazyload\" title=\"\" data-srcset=\"https:\/\/www.cdf1.com\/wp-content\/uploads\/2021\/10\/LinerPro-Pail-731x1024.jpg 731w, https:\/\/www.cdf1.com\/wp-content\/uploads\/2021\/10\/LinerPro-Pail-214x300.jpg 214w, https:\/\/www.cdf1.com\/wp-content\/uploads\/2021\/10\/LinerPro-Pail-768x1076.jpg 768w, https:\/\/www.cdf1.com\/wp-content\/uploads\/2021\/10\/LinerPro-Pail-1097x1536.jpg 1097w, https:\/\/www.cdf1.com\/wp-content\/uploads\/2021\/10\/LinerPro-Pail.jpg 1123w\" data-sizes=\"(max-width: 731px) 100vw, 731px\" src=\"data:image\/svg+xml;base64,PHN2ZyB3aWR0aD0iMSIgaGVpZ2h0PSIxIiB4bWxucz0iaHR0cDovL3d3dy53My5vcmcvMjAwMC9zdmciPjwvc3ZnPg==\" style=\"--smush-placeholder-width: 731px; --smush-placeholder-aspect-ratio: 731\/1024;\" \/><\/figure>\n<\/div>\n<\/div>\n<\/div>\n<\/div>\n<\/div><\/div>\n\n<div class=\"wp-block-group bg-blue-shape-left-center\"><div class=\"wp-block-group__inner-container is-layout-flow wp-block-group-is-layout-flow\">\n<div class=\"wp-block-group fixed-width img-text-section vc-wrap padding-top-180 padding-bottom-100 pt-xs--0 pb-xs--60\"><div class=\"wp-block-group__inner-container is-layout-flow wp-block-group-is-layout-flow\">\n<div class=\"wp-block-columns is-layout-flex wp-container-core-columns-is-layout-9d6595d7 wp-block-columns-is-layout-flex\">\n<div class=\"wp-block-column is-layout-flow wp-block-column-is-layout-flow\">\n<div class=\"wp-block-columns images-in-collage-wrap is-layout-flex wp-container-core-columns-is-layout-9d6595d7 wp-block-columns-is-layout-flex\">\n<div class=\"wp-block-column is-layout-flow wp-block-column-is-layout-flow\">\n<figure class=\"wp-block-image size-large shadow-wrap slide-down-f\"><img decoding=\"async\" width=\"754\" height=\"1024\" data-src=\"https:\/\/www.cdf1.com\/wp-content\/uploads\/2021\/10\/Ultra-Liner-754x1024.jpg\" alt=\"revestimientos de barriles\" class=\"wp-image-3557 lazyload\" title=\"\" data-srcset=\"https:\/\/www.cdf1.com\/wp-content\/uploads\/2021\/10\/Ultra-Liner-754x1024.jpg 754w, https:\/\/www.cdf1.com\/wp-content\/uploads\/2021\/10\/Ultra-Liner-221x300.jpg 221w, https:\/\/www.cdf1.com\/wp-content\/uploads\/2021\/10\/Ultra-Liner-768x1043.jpg 768w, https:\/\/www.cdf1.com\/wp-content\/uploads\/2021\/10\/Ultra-Liner-1132x1536.jpg 1132w, https:\/\/www.cdf1.com\/wp-content\/uploads\/2021\/10\/Ultra-Liner.jpg 1175w\" data-sizes=\"(max-width: 754px) 100vw, 754px\" src=\"data:image\/svg+xml;base64,PHN2ZyB3aWR0aD0iMSIgaGVpZ2h0PSIxIiB4bWxucz0iaHR0cDovL3d3dy53My5vcmcvMjAwMC9zdmciPjwvc3ZnPg==\" style=\"--smush-placeholder-width: 754px; --smush-placeholder-aspect-ratio: 754\/1024;\" \/><\/figure>\n<\/div>\n<\/div>\n<\/div>\n\n\n\n<div class=\"wp-block-column is-layout-flow wp-block-column-is-layout-flow\">\n<div class=\"wp-block-group text-wrap max-width-450\"><div class=\"wp-block-group__inner-container is-layout-flow wp-block-group-is-layout-flow\">\n<h2 class=\"wp-block-heading\">UltraLiner&#x2122; para barriles de acero y fibra<\/h2>\n\n\n\n<p>Los revestimientos UltraLiner para barriles de acero y fibra son moldeados por soplado y son los revestimientos de barriles de CDF que tienen el mejor rendimiento. Los revestimientos de barriles de primera calidad UltraLiner son ideales para operaciones con alta tensi\u00f3n que requieren la m\u00e1xima resistencia y protecci\u00f3n. Los revestimientos de barriles de primera calidad UltraLiner presentan una pared lateral pesada con un borde ultradelgado, lo que los convierte en una opci\u00f3n ideal para operaciones con alta tensi\u00f3n que requieren m\u00e1xima resistencia y protecci\u00f3n.<\/p>\n\n\n\n<p>Beneficios:<\/p>\n\n\n\n<ul class=\"wp-block-list\"><li>M\u00e1s pesado que los revestimientos de barriles est\u00e1ndares.<\/li><li>Borde ultrafino para un ajuste herm\u00e9tico de la tapa.<\/li><li>Moldeado por soplado para una protecci\u00f3n sin costuras.<\/li><li>Garantiza la pureza absoluta de su producto.<\/li><\/ul>\n<\/div><\/div>\n<\/div>\n<\/div>\n<\/div><\/div>\n<\/div><\/div>\n\n<div class=\"wp-block-cover has-background-dim inner-page-cta-section\" style=\"background-color:#015174\"><div class=\"wp-block-cover__inner-container is-layout-flow wp-block-cover-is-layout-flow\">\n<div class=\"wp-block-group fixed-width fixed-980 padding-top-100 text-wrap\"><div class=\"wp-block-group__inner-container is-layout-flow wp-block-group-is-layout-flow\">\n<h2 class=\"has-text-align-center wp-block-heading\"><strong>Encuentre su soluci\u00f3n<\/strong><\/h2>\n<\/div><\/div>\n\n\n\n<div class=\"wp-block-group fixed-width fixed-780 padding-bottom-80 text-wrap\"><div class=\"wp-block-group__inner-container is-layout-flow wp-block-group-is-layout-flow\">\n<p class=\"has-text-align-center\">Si tiene una necesidad espec\u00edfica que requiera una soluci\u00f3n innovadora, comun\u00edquese con nosotros para hablar con uno de nuestros expertos en envasado.<\/p>\n\n\n\n<p class=\"has-text-align-center outlined-white-link margin-top-60\"><a href=\"https:\/\/www.cdf1.com\/es\/comuniquese-con-nosotros\/\">Comun\u00edquese con nosotros<\/a><\/p>\n<\/div><\/div>\n<\/div><\/div>\n","protected":false},"excerpt":{"rendered":"<p>Revestimientos de barriles y cubetas Soluciones semirr\u00edgidas para Barril y cubeta Dise\u00f1ados para garantizar la pureza absoluta de su producto mientras ofrecen los m\u00e1s altos niveles de calidad y durabilidad. Dise\u00f1amos y fabricamos soluciones de envasado de barriles y cubetas que se adapten a las necesidades espec\u00edficas de su producto. Ofrecemos una variedad de soluciones [&hellip;]<\/p>\n","protected":false},"author":1,"featured_media":1881,"parent":0,"menu_order":0,"comment_status":"closed","ping_status":"closed","template":"","meta":{"_acf_changed":false,"content-type":"","_genesis_hide_title":false,"_genesis_hide_breadcrumbs":false,"_genesis_hide_singular_image":false,"_genesis_hide_footer_widgets":false,"_genesis_custom_body_class":"","_genesis_custom_post_class":"","_genesis_layout":"full-width-content","footnotes":""},"class_list":{"0":"post-10025","1":"page","2":"type-page","3":"status-publish","4":"has-post-thumbnail","6":"entry"},"acf":[],"featured_image_src":"https:\/\/www.cdf1.com\/wp-content\/uploads\/2020\/07\/new-feature-placeholder-sliced.png","featured_image_src_square":"https:\/\/www.cdf1.com\/wp-content\/uploads\/2020\/07\/new-feature-placeholder-sliced.png","_links":{"self":[{"href":"https:\/\/www.cdf1.com\/es\/wp-json\/wp\/v2\/pages\/10025","targetHints":{"allow":["GET"]}}],"collection":[{"href":"https:\/\/www.cdf1.com\/es\/wp-json\/wp\/v2\/pages"}],"about":[{"href":"https:\/\/www.cdf1.com\/es\/wp-json\/wp\/v2\/types\/page"}],"author":[{"embeddable":true,"href":"https:\/\/www.cdf1.com\/es\/wp-json\/wp\/v2\/users\/1"}],"replies":[{"embeddable":true,"href":"https:\/\/www.cdf1.com\/es\/wp-json\/wp\/v2\/comments?post=10025"}],"version-history":[{"count":10,"href":"https:\/\/www.cdf1.com\/es\/wp-json\/wp\/v2\/pages\/10025\/revisions"}],"predecessor-version":[{"id":11232,"href":"https:\/\/www.cdf1.com\/es\/wp-json\/wp\/v2\/pages\/10025\/revisions\/11232"}],"wp:featuredmedia":[{"embeddable":true,"href":"https:\/\/www.cdf1.com\/es\/wp-json\/wp\/v2\/media\/1881"}],"wp:attachment":[{"href":"https:\/\/www.cdf1.com\/es\/wp-json\/wp\/v2\/media?parent=10025"}],"curies":[{"name":"wp","href":"https:\/\/api.w.org\/{rel}","templated":true}]}}