{"id":10018,"date":"2023-12-04T19:09:44","date_gmt":"2023-12-04T19:09:44","guid":{"rendered":"https:\/\/www.cdf1.com\/certificaciones\/"},"modified":"2024-02-25T10:01:16","modified_gmt":"2024-02-25T10:01:16","slug":"certificaciones","status":"publish","type":"page","link":"https:\/\/www.cdf1.com\/es\/certificaciones\/","title":{"rendered":"Certificaciones"},"content":{"rendered":"\n<div class=\"wp-block-cover is-light page-heading shadow-out-bottom\" style=\"min-height:610px;aspect-ratio:unset;\"><span aria-hidden=\"true\" class=\"wp-block-cover__background has-background-dim-0 has-background-dim\"><\/span><img decoding=\"async\" width=\"2560\" height=\"918\" class=\"wp-block-cover__image-background wp-image-2185 lazyload\" alt=\"\" data-src=\"https:\/\/www.cdf1.com\/wp-content\/uploads\/2021\/08\/certifications-header.jpg\" data-object-fit=\"cover\" data-srcset=\"https:\/\/www.cdf1.com\/wp-content\/uploads\/2021\/08\/certifications-header.jpg 2560w, https:\/\/www.cdf1.com\/wp-content\/uploads\/2021\/08\/certifications-header-300x108.jpg 300w, https:\/\/www.cdf1.com\/wp-content\/uploads\/2021\/08\/certifications-header-1024x367.jpg 1024w, https:\/\/www.cdf1.com\/wp-content\/uploads\/2021\/08\/certifications-header-768x275.jpg 768w, https:\/\/www.cdf1.com\/wp-content\/uploads\/2021\/08\/certifications-header-1536x551.jpg 1536w, https:\/\/www.cdf1.com\/wp-content\/uploads\/2021\/08\/certifications-header-2048x734.jpg 2048w\" data-sizes=\"(max-width: 2560px) 100vw, 2560px\" src=\"data:image\/svg+xml;base64,PHN2ZyB3aWR0aD0iMSIgaGVpZ2h0PSIxIiB4bWxucz0iaHR0cDovL3d3dy53My5vcmcvMjAwMC9zdmciPjwvc3ZnPg==\" style=\"--smush-placeholder-width: 2560px; --smush-placeholder-aspect-ratio: 2560\/918;\" \/><div class=\"wp-block-cover__inner-container is-layout-flow wp-block-cover-is-layout-flow\">\n<div class=\"wp-block-group fixed-width fixed-1080 heading-inner-wrap\"><div class=\"wp-block-group__inner-container is-layout-flow wp-block-group-is-layout-flow\">\n<div class=\"wp-block-group text-wrap\"><div class=\"wp-block-group__inner-container is-layout-flow wp-block-group-is-layout-flow\">\n<h1 class=\"wp-block-heading has-text-color\" style=\"color:#ffffff\">Certificaciones<\/h1>\n<\/div><\/div>\n<\/div><\/div>\n<\/div><\/div>\n\n<div class=\"wp-block-group bubble-shapes-wrap\"><div class=\"wp-block-group__inner-container is-layout-flow wp-block-group-is-layout-flow\">\n<div class=\"wp-block-group fixed-width fixed-980 padding-top-140 padding-bottom-80 text-img-section single-sertification-wrap\"><div class=\"wp-block-group__inner-container is-layout-flow wp-block-group-is-layout-flow\">\n<div class=\"wp-block-columns is-layout-flex wp-container-core-columns-is-layout-9d6595d7 wp-block-columns-is-layout-flex\">\n<div class=\"wp-block-column is-layout-flow wp-block-column-is-layout-flow\">\n<div class=\"wp-block-group text-wrap max-width-450 anim_init\"><div class=\"wp-block-group__inner-container is-layout-flow wp-block-group-is-layout-flow\">\n<h2 class=\"wp-block-heading\">ISO 9001:2015<\/h2>\n\n\n\n<div class=\"wp-block-group max-width-450\"><div class=\"wp-block-group__inner-container is-layout-flow wp-block-group-is-layout-flow\">\n<p>Como una empresa registrada con certificaci\u00f3n ISO 9001:2015, CDF Corporation puede competir y triunfar en el mercado porque nos enfocamos en la satisfacci\u00f3n del cliente, la mejora continua y un rendimiento de fabricaci\u00f3n de alto nivel en todo momento.<\/p>\n\n\n\n<p><a href=\"https:\/\/www.cdf1.com\/wp-content\/uploads\/2022\/01\/C.D.F.-Corporation-Final-BW-exp-2024.pdf\" target=\"_blank\" rel=\"noreferrer noopener\">Certificado ISO 9001:2015<\/a><\/p>\n<\/div><\/div>\n<\/div><\/div>\n<\/div>\n\n\n\n<div class=\"wp-block-column is-layout-flow wp-block-column-is-layout-flow\">\n<figure class=\"wp-block-image size-large shadow-wrap max-width-350 circle-image\"><img decoding=\"async\" width=\"1024\" height=\"1024\" data-src=\"https:\/\/www.cdf1.com\/wp-content\/uploads\/2021\/09\/ISO-9001-2015-5-1024x1024.jpg\" alt=\"Con certificaci&#xF3;n ISO 9001:2015\" class=\"wp-image-2493 lazyload\" title=\"\" data-srcset=\"https:\/\/www.cdf1.com\/wp-content\/uploads\/2021\/09\/ISO-9001-2015-5-1024x1024.jpg 1024w, https:\/\/www.cdf1.com\/wp-content\/uploads\/2021\/09\/ISO-9001-2015-5-300x300.jpg 300w, https:\/\/www.cdf1.com\/wp-content\/uploads\/2021\/09\/ISO-9001-2015-5-150x150.jpg 150w, https:\/\/www.cdf1.com\/wp-content\/uploads\/2021\/09\/ISO-9001-2015-5-768x768.jpg 768w, https:\/\/www.cdf1.com\/wp-content\/uploads\/2021\/09\/ISO-9001-2015-5-75x75.jpg 75w, https:\/\/www.cdf1.com\/wp-content\/uploads\/2021\/09\/ISO-9001-2015-5-600x600.jpg 600w, https:\/\/www.cdf1.com\/wp-content\/uploads\/2021\/09\/ISO-9001-2015-5.jpg 1300w\" data-sizes=\"(max-width: 1024px) 100vw, 1024px\" src=\"data:image\/svg+xml;base64,PHN2ZyB3aWR0aD0iMSIgaGVpZ2h0PSIxIiB4bWxucz0iaHR0cDovL3d3dy53My5vcmcvMjAwMC9zdmciPjwvc3ZnPg==\" style=\"--smush-placeholder-width: 1024px; --smush-placeholder-aspect-ratio: 1024\/1024;\" \/><\/figure>\n<\/div>\n<\/div>\n<\/div><\/div>\n\n\n\n<div class=\"wp-block-group bg-bubble-left-center\"><div class=\"wp-block-group__inner-container is-layout-flow wp-block-group-is-layout-flow\">\n<div class=\"wp-block-group fixed-width fixed-980 padding-top-100 padding-bottom-80 img-text-section single-sertification-wrap\"><div class=\"wp-block-group__inner-container is-layout-flow wp-block-group-is-layout-flow\">\n<div class=\"wp-block-columns is-layout-flex wp-container-core-columns-is-layout-9d6595d7 wp-block-columns-is-layout-flex\">\n<div class=\"wp-block-column is-layout-flow wp-block-column-is-layout-flow\">\n<figure class=\"wp-block-image size-large shadow-wrap max-width-350 circle-image\"><img decoding=\"async\" width=\"716\" height=\"716\" data-src=\"https:\/\/www.cdf1.com\/wp-content\/uploads\/2021\/08\/SQF-Certification.jpg\" alt=\"Certificaci&#xF3;n SQF\" class=\"wp-image-2168 lazyload\" title=\"\" data-srcset=\"https:\/\/www.cdf1.com\/wp-content\/uploads\/2021\/08\/SQF-Certification.jpg 716w, https:\/\/www.cdf1.com\/wp-content\/uploads\/2021\/08\/SQF-Certification-300x300.jpg 300w, https:\/\/www.cdf1.com\/wp-content\/uploads\/2021\/08\/SQF-Certification-150x150.jpg 150w, https:\/\/www.cdf1.com\/wp-content\/uploads\/2021\/08\/SQF-Certification-75x75.jpg 75w, https:\/\/www.cdf1.com\/wp-content\/uploads\/2021\/08\/SQF-Certification-600x600.jpg 600w\" data-sizes=\"(max-width: 716px) 100vw, 716px\" src=\"data:image\/svg+xml;base64,PHN2ZyB3aWR0aD0iMSIgaGVpZ2h0PSIxIiB4bWxucz0iaHR0cDovL3d3dy53My5vcmcvMjAwMC9zdmciPjwvc3ZnPg==\" style=\"--smush-placeholder-width: 716px; --smush-placeholder-aspect-ratio: 716\/716;\" \/><\/figure>\n<\/div>\n\n\n\n<div class=\"wp-block-column is-layout-flow wp-block-column-is-layout-flow\">\n<div class=\"wp-block-group text-wrap max-width-450 anim_init\"><div class=\"wp-block-group__inner-container is-layout-flow wp-block-group-is-layout-flow\">\n<h2 class=\"wp-block-heading\">Certificaci\u00f3n SQF<\/h2>\n\n\n\n<div class=\"wp-block-group max-width-450\"><div class=\"wp-block-group__inner-container is-layout-flow wp-block-group-is-layout-flow\">\n<p>CDF posee certificaci\u00f3n SQF (Safe Quality Food) en ambas plantas de fabricaci\u00f3n. El programa de la certificaci\u00f3n SQF garantiza que los productos hayan sido sometidos a los est\u00e1ndares internacionales de calidad y seguridad alimentaria. SQF es una certificaci\u00f3n reconocida por los comerciantes minoristas y proveedores de servicios alimentarios de todo el mundo que requieren un sistema de gesti\u00f3n de seguridad alimentaria riguroso y cre\u00edble.<\/p>\n\n\n\n<p><a href=\"https:\/\/www.cdf1.com\/wp-content\/uploads\/2023\/02\/12066-CDF-Corporation-Armstrong-SQF-Cert-2022-Exp-Feb-2024.pdf\" target=\"_blank\" rel=\"noreferrer noopener\">57 Armstrong Road &#8211; Certificado SQF<\/a><\/p>\n\n\n\n<p><a href=\"https:\/\/www.cdf1.com\/wp-content\/uploads\/2023\/02\/1319-CFD-Corporation-Industrial-Park-SQF-Cert-2022-Exp-Feb-2024.pdf\" target=\"_blank\" rel=\"noreferrer noopener\">77 Industrial Park Road &#8211; Certificado SQF<\/a><\/p>\n<\/div><\/div>\n<\/div><\/div>\n<\/div>\n<\/div>\n<\/div><\/div>\n<\/div><\/div>\n\n\n\n<div class=\"wp-block-group fixed-width fixed-980 padding-top-100 padding-bottom-80 text-img-section single-sertification-wrap\"><div class=\"wp-block-group__inner-container is-layout-flow wp-block-group-is-layout-flow\">\n<div class=\"wp-block-columns is-layout-flex wp-container-core-columns-is-layout-9d6595d7 wp-block-columns-is-layout-flex\">\n<div class=\"wp-block-column is-layout-flow wp-block-column-is-layout-flow\">\n<div class=\"wp-block-group text-wrap max-width-450 anim_init\"><div class=\"wp-block-group__inner-container is-layout-flow wp-block-group-is-layout-flow\">\n<h2 class=\"wp-block-heading\">Certificaci\u00f3n de la ONU<\/h2>\n\n\n\n<div class=\"wp-block-group max-width-450\"><div class=\"wp-block-group__inner-container is-layout-flow wp-block-group-is-layout-flow\">\n<p>CDF Corporation ha superado satisfactoriamente las pruebas de validaci\u00f3n de dise\u00f1o de un envase combinado: caja de conglomerado con una bolsa pl\u00e1stica. La caja con bolsa interior con certificaci\u00f3n de la ONU de CDF Corporation proporciona los m\u00e1ximos niveles de protecci\u00f3n para transportar productos peligrosos que requieren envases de clase II y III.<\/p>\n\n\n\n<p><a href=\"https:\/\/www.cdf1.com\/wp-content\/uploads\/2021\/08\/UN-Certification-2020.pdf\" target=\"_blank\" rel=\"noreferrer noopener\">Certificaci\u00f3n de la ONU<\/a><\/p>\n<\/div><\/div>\n<\/div><\/div>\n<\/div>\n\n\n\n<div class=\"wp-block-column is-layout-flow wp-block-column-is-layout-flow\">\n<figure class=\"wp-block-image size-large shadow-wrap max-width-350 circle-image\"><img decoding=\"async\" width=\"716\" height=\"716\" data-src=\"https:\/\/www.cdf1.com\/wp-content\/uploads\/2021\/08\/UN-Certification.jpg\" alt=\"Certificaci&#xF3;n de la ONU\" class=\"wp-image-2170 lazyload\" title=\"\" data-srcset=\"https:\/\/www.cdf1.com\/wp-content\/uploads\/2021\/08\/UN-Certification.jpg 716w, https:\/\/www.cdf1.com\/wp-content\/uploads\/2021\/08\/UN-Certification-300x300.jpg 300w, https:\/\/www.cdf1.com\/wp-content\/uploads\/2021\/08\/UN-Certification-150x150.jpg 150w, https:\/\/www.cdf1.com\/wp-content\/uploads\/2021\/08\/UN-Certification-75x75.jpg 75w, https:\/\/www.cdf1.com\/wp-content\/uploads\/2021\/08\/UN-Certification-600x600.jpg 600w\" data-sizes=\"(max-width: 716px) 100vw, 716px\" src=\"data:image\/svg+xml;base64,PHN2ZyB3aWR0aD0iMSIgaGVpZ2h0PSIxIiB4bWxucz0iaHR0cDovL3d3dy53My5vcmcvMjAwMC9zdmciPjwvc3ZnPg==\" style=\"--smush-placeholder-width: 716px; --smush-placeholder-aspect-ratio: 716\/716;\" \/><\/figure>\n<\/div>\n<\/div>\n<\/div><\/div>\n\n\n\n<div class=\"wp-block-group bg-bubble-right-center body-text-small\"><div class=\"wp-block-group__inner-container is-layout-flow wp-block-group-is-layout-flow\">\n<div class=\"wp-block-group fixed-width fixed-980 padding-top-100 padding-bottom-80 img-text-section single-sertification-wrap\"><div class=\"wp-block-group__inner-container is-layout-flow wp-block-group-is-layout-flow\">\n<div class=\"wp-block-columns is-layout-flex wp-container-core-columns-is-layout-9d6595d7 wp-block-columns-is-layout-flex\">\n<div class=\"wp-block-column is-layout-flow wp-block-column-is-layout-flow\">\n<figure class=\"wp-block-image size-large shadow-wrap max-width-350 circle-image\"><img decoding=\"async\" width=\"716\" height=\"716\" data-src=\"https:\/\/www.cdf1.com\/wp-content\/uploads\/2021\/08\/IMS-Certification.jpg\" alt=\"Certificaci&#xF3;n IMS\" class=\"wp-image-2173 lazyload\" title=\"\" data-srcset=\"https:\/\/www.cdf1.com\/wp-content\/uploads\/2021\/08\/IMS-Certification.jpg 716w, https:\/\/www.cdf1.com\/wp-content\/uploads\/2021\/08\/IMS-Certification-300x300.jpg 300w, https:\/\/www.cdf1.com\/wp-content\/uploads\/2021\/08\/IMS-Certification-150x150.jpg 150w, https:\/\/www.cdf1.com\/wp-content\/uploads\/2021\/08\/IMS-Certification-75x75.jpg 75w, https:\/\/www.cdf1.com\/wp-content\/uploads\/2021\/08\/IMS-Certification-600x600.jpg 600w\" data-sizes=\"(max-width: 716px) 100vw, 716px\" src=\"data:image\/svg+xml;base64,PHN2ZyB3aWR0aD0iMSIgaGVpZ2h0PSIxIiB4bWxucz0iaHR0cDovL3d3dy53My5vcmcvMjAwMC9zdmciPjwvc3ZnPg==\" style=\"--smush-placeholder-width: 716px; --smush-placeholder-aspect-ratio: 716\/716;\" \/><\/figure>\n<\/div>\n\n\n\n<div class=\"wp-block-column is-layout-flow wp-block-column-is-layout-flow\">\n<div class=\"wp-block-group text-wrap max-width-450 anim_init\"><div class=\"wp-block-group__inner-container is-layout-flow wp-block-group-is-layout-flow\">\n<h2 class=\"wp-block-heading\">Certificaci\u00f3n IMS<\/h2>\n\n\n\n<div class=\"wp-block-group max-width-450\"><div class=\"wp-block-group__inner-container is-layout-flow wp-block-group-is-layout-flow\">\n<p>CDF posee la certificaci\u00f3n IMS (Interstate Milk Shippers [Transportistas de Leche Interestatales]) para contenedores de servicio \u00fanico y el Programa Interstate Milk Shippers es un programa cooperativo entre los gobiernos federal y estatal que brinda a los procesadores de leche la oportunidad de comprar materiales de envasado de servicio \u00fanico de plantas sanitarias de todo el mundo. La certificaci\u00f3n IMS de plantas de contenedores y cierres consiste en cumplir con los Reglamentos de la Administraci\u00f3n de Alimentos y Medicamentos (Food and Drug Administration, FDA).<\/p>\n\n\n\n<p><a href=\"https:\/\/www.cfsanappsexternal.fda.gov\/scripts\/ims\/mkex\/ims\/imsss-br1.cfm#MA\" target=\"_blank\" rel=\"noreferrer noopener\">Certificado IMS<\/a><\/p>\n<\/div><\/div>\n<\/div><\/div>\n<\/div>\n<\/div>\n<\/div><\/div>\n<\/div><\/div>\n\n\n\n<div class=\"wp-block-group fixed-width fixed-980 padding-top-100 padding-bottom-80 text-img-section single-sertification-wrap\"><div class=\"wp-block-group__inner-container is-layout-flow wp-block-group-is-layout-flow\">\n<div class=\"wp-block-columns is-layout-flex wp-container-core-columns-is-layout-9d6595d7 wp-block-columns-is-layout-flex\">\n<div class=\"wp-block-column is-layout-flow wp-block-column-is-layout-flow\">\n<div class=\"wp-block-group text-wrap max-width-450 anim_init\"><div class=\"wp-block-group__inner-container is-layout-flow wp-block-group-is-layout-flow\">\n<h2 class=\"wp-block-heading\">Kosher<\/h2>\n\n\n\n<div class=\"wp-block-group max-width-450\"><div class=\"wp-block-group__inner-container is-layout-flow wp-block-group-is-layout-flow\">\n<p>CDF Corporation se complace en contar con la certificaci\u00f3n Kosher del Consejo Rab\u00ednico de Chicago (cRc) para sus contenedores intermedios flexibles para graneles (IBC). Esto significa que los productores de alimentos que utilizan est\u00e1ndares kosher pueden confiar en que los contenedores intermedios flexibles a granel de CDF cumplir\u00e1n exactamente con los estrictos requisitos kosher.<\/p>\n\n\n\n<p><a href=\"https:\/\/www.cdf1.com\/wp-content\/uploads\/2023\/01\/2023-Kosher-Certification.pdf\" target=\"_blank\" rel=\"noreferrer noopener\">Certificaci\u00f3n Kosher<\/a><\/p>\n<\/div><\/div>\n<\/div><\/div>\n<\/div>\n\n\n\n<div class=\"wp-block-column is-layout-flow wp-block-column-is-layout-flow\">\n<figure class=\"wp-block-image size-full shadow-wrap max-width-350 circle-image\"><img decoding=\"async\" width=\"716\" height=\"726\" data-src=\"https:\/\/www.cdf1.com\/wp-content\/uploads\/2021\/09\/Kosher-5.jpg\" alt=\"Certificaci&#xF3;n Kosher\" class=\"wp-image-2508 lazyload\" title=\"\" data-srcset=\"https:\/\/www.cdf1.com\/wp-content\/uploads\/2021\/09\/Kosher-5.jpg 716w, https:\/\/www.cdf1.com\/wp-content\/uploads\/2021\/09\/Kosher-5-296x300.jpg 296w, https:\/\/www.cdf1.com\/wp-content\/uploads\/2021\/09\/Kosher-5-75x75.jpg 75w\" data-sizes=\"(max-width: 716px) 100vw, 716px\" src=\"data:image\/svg+xml;base64,PHN2ZyB3aWR0aD0iMSIgaGVpZ2h0PSIxIiB4bWxucz0iaHR0cDovL3d3dy53My5vcmcvMjAwMC9zdmciPjwvc3ZnPg==\" style=\"--smush-placeholder-width: 716px; --smush-placeholder-aspect-ratio: 716\/726;\" \/><\/figure>\n<\/div>\n<\/div>\n<\/div><\/div>\n\n\n\n<div class=\"wp-block-cover is-light animated-bg-img section-no-overflow\" style=\"min-height:510px;aspect-ratio:unset;\"><span aria-hidden=\"true\" class=\"wp-block-cover__background has-background-dim-0 has-background-dim\"><\/span><img decoding=\"async\" width=\"2560\" height=\"1160\" class=\"wp-block-cover__image-background wp-image-2728 lazyload\" alt=\"\" data-src=\"https:\/\/www.cdf1.com\/wp-content\/uploads\/2021\/09\/white-blue-shape.jpg\" style=\"--smush-placeholder-width: 2560px; --smush-placeholder-aspect-ratio: 2560\/1160;object-position:83% 48%\" data-object-fit=\"cover\" data-object-position=\"83% 48%\" data-srcset=\"https:\/\/www.cdf1.com\/wp-content\/uploads\/2021\/09\/white-blue-shape.jpg 2560w, https:\/\/www.cdf1.com\/wp-content\/uploads\/2021\/09\/white-blue-shape-300x136.jpg 300w, https:\/\/www.cdf1.com\/wp-content\/uploads\/2021\/09\/white-blue-shape-1024x464.jpg 1024w, https:\/\/www.cdf1.com\/wp-content\/uploads\/2021\/09\/white-blue-shape-768x348.jpg 768w, https:\/\/www.cdf1.com\/wp-content\/uploads\/2021\/09\/white-blue-shape-1536x696.jpg 1536w, https:\/\/www.cdf1.com\/wp-content\/uploads\/2021\/09\/white-blue-shape-2048x928.jpg 2048w\" data-sizes=\"(max-width: 2560px) 100vw, 2560px\" src=\"data:image\/svg+xml;base64,PHN2ZyB3aWR0aD0iMSIgaGVpZ2h0PSIxIiB4bWxucz0iaHR0cDovL3d3dy53My5vcmcvMjAwMC9zdmciPjwvc3ZnPg==\" \/><div class=\"wp-block-cover__inner-container is-layout-flow wp-block-cover-is-layout-flow\">\n<div class=\"wp-block-group fixed-width fixed-980 padding-top-40 padding-bottom-40 img-text-section single-sertification-wrap\"><div class=\"wp-block-group__inner-container is-layout-flow wp-block-group-is-layout-flow\">\n<div class=\"wp-block-columns is-layout-flex wp-container-core-columns-is-layout-9d6595d7 wp-block-columns-is-layout-flex\">\n<div class=\"wp-block-column is-layout-flow wp-block-column-is-layout-flow\">\n<figure class=\"wp-block-image size-large shadow-wrap max-width-350 circle-image\"><img decoding=\"async\" width=\"716\" height=\"716\" data-src=\"https:\/\/www.cdf1.com\/wp-content\/uploads\/2021\/08\/Canadian-Food-Inspection-Agency.jpg\" alt=\"Canadian Food Inspection Agency\" class=\"wp-image-2180 lazyload\" title=\"\" data-srcset=\"https:\/\/www.cdf1.com\/wp-content\/uploads\/2021\/08\/Canadian-Food-Inspection-Agency.jpg 716w, https:\/\/www.cdf1.com\/wp-content\/uploads\/2021\/08\/Canadian-Food-Inspection-Agency-300x300.jpg 300w, https:\/\/www.cdf1.com\/wp-content\/uploads\/2021\/08\/Canadian-Food-Inspection-Agency-150x150.jpg 150w, https:\/\/www.cdf1.com\/wp-content\/uploads\/2021\/08\/Canadian-Food-Inspection-Agency-75x75.jpg 75w, https:\/\/www.cdf1.com\/wp-content\/uploads\/2021\/08\/Canadian-Food-Inspection-Agency-600x600.jpg 600w\" data-sizes=\"(max-width: 716px) 100vw, 716px\" src=\"data:image\/svg+xml;base64,PHN2ZyB3aWR0aD0iMSIgaGVpZ2h0PSIxIiB4bWxucz0iaHR0cDovL3d3dy53My5vcmcvMjAwMC9zdmciPjwvc3ZnPg==\" style=\"--smush-placeholder-width: 716px; --smush-placeholder-aspect-ratio: 716\/716;\" \/><\/figure>\n<\/div>\n\n\n\n<div class=\"wp-block-column is-layout-flow wp-block-column-is-layout-flow\">\n<div class=\"wp-block-group text-wrap max-width-450 anim_init has-text-color\" style=\"color:#363b40\"><div class=\"wp-block-group__inner-container is-layout-flow wp-block-group-is-layout-flow\">\n<h2 class=\"wp-block-heading\">Canadian Food Inspection Agency<\/h2>\n\n\n\n<div class=\"wp-block-group max-width-450\"><div class=\"wp-block-group__inner-container is-layout-flow wp-block-group-is-layout-flow\">\n<p>Los revestimientos de contenedores intermedios para material a granel de CDF Corporation poseen certificaci\u00f3n de la Agencia de Inspecci\u00f3n Alimentaria de Canad\u00e1 (Canadian Food Inspection Agency, CFIA) para aplicaciones con alimentos en Canad\u00e1.<\/p>\n\n\n\n<p><a href=\"https:\/\/www.cdf1.com\/wp-content\/uploads\/2021\/08\/Canadian-Food-Inspection-Agency.pdf\" target=\"_blank\" rel=\"noreferrer noopener\">Certificado de la Canadian Food Inspection Agency<\/a><\/p>\n<\/div><\/div>\n<\/div><\/div>\n<\/div>\n<\/div>\n<\/div><\/div>\n<\/div><\/div>\n<\/div><\/div>\n","protected":false},"excerpt":{"rendered":"<p>ISO 9001:2015 Como una empresa registrada con certificaci\u00f3n ISO 9001:2015, CDF Corporation puede competir y triunfar en el mercado porque nos enfocamos en la satisfacci\u00f3n del cliente, la mejora continua y un rendimiento de fabricaci\u00f3n de alto nivel en todo momento. Certificado ISO 9001:2015 Certificaci\u00f3n SQF CDF posee certificaci\u00f3n SQF (Safe Quality Food) en ambas [&hellip;]<\/p>\n","protected":false},"author":4,"featured_media":1881,"parent":0,"menu_order":0,"comment_status":"closed","ping_status":"closed","template":"","meta":{"_acf_changed":false,"content-type":"","_genesis_hide_title":false,"_genesis_hide_breadcrumbs":false,"_genesis_hide_singular_image":false,"_genesis_hide_footer_widgets":false,"_genesis_custom_body_class":"","_genesis_custom_post_class":"","_genesis_layout":"full-width-content","footnotes":""},"class_list":{"0":"post-10018","1":"page","2":"type-page","3":"status-publish","4":"has-post-thumbnail","6":"entry"},"acf":[],"featured_image_src":"https:\/\/www.cdf1.com\/wp-content\/uploads\/2020\/07\/new-feature-placeholder-sliced.png","featured_image_src_square":"https:\/\/www.cdf1.com\/wp-content\/uploads\/2020\/07\/new-feature-placeholder-sliced.png","_links":{"self":[{"href":"https:\/\/www.cdf1.com\/es\/wp-json\/wp\/v2\/pages\/10018","targetHints":{"allow":["GET"]}}],"collection":[{"href":"https:\/\/www.cdf1.com\/es\/wp-json\/wp\/v2\/pages"}],"about":[{"href":"https:\/\/www.cdf1.com\/es\/wp-json\/wp\/v2\/types\/page"}],"author":[{"embeddable":true,"href":"https:\/\/www.cdf1.com\/es\/wp-json\/wp\/v2\/users\/4"}],"replies":[{"embeddable":true,"href":"https:\/\/www.cdf1.com\/es\/wp-json\/wp\/v2\/comments?post=10018"}],"version-history":[{"count":10,"href":"https:\/\/www.cdf1.com\/es\/wp-json\/wp\/v2\/pages\/10018\/revisions"}],"predecessor-version":[{"id":11214,"href":"https:\/\/www.cdf1.com\/es\/wp-json\/wp\/v2\/pages\/10018\/revisions\/11214"}],"wp:featuredmedia":[{"embeddable":true,"href":"https:\/\/www.cdf1.com\/es\/wp-json\/wp\/v2\/media\/1881"}],"wp:attachment":[{"href":"https:\/\/www.cdf1.com\/es\/wp-json\/wp\/v2\/media?parent=10018"}],"curies":[{"name":"wp","href":"https:\/\/api.w.org\/{rel}","templated":true}]}}