{"id":9454,"date":"2023-10-12T09:59:27","date_gmt":"2023-10-12T09:59:27","guid":{"rendered":"https:\/\/www.cdf1.com\/fallbeispiele\/waschmittelverpackung\/"},"modified":"2024-03-22T19:38:44","modified_gmt":"2024-03-22T19:38:44","slug":"waschmittelverpackung","status":"publish","type":"page","link":"https:\/\/www.cdf1.com\/de\/waschmittelverpackung\/","title":{"rendered":"Waschmittelverpackung"},"content":{"rendered":"\n<div class=\"wp-block-cover is-light page-heading cover-heading shadow-out-bottom\" style=\"min-height:610px;aspect-ratio:unset;\"><span aria-hidden=\"true\" class=\"wp-block-cover__background has-background-dim-0 has-background-dim\"><\/span><img decoding=\"async\" width=\"2560\" height=\"918\" class=\"wp-block-cover__image-background wp-image-8780 lazyload\" alt=\"\" data-src=\"https:\/\/www.cdf1.com\/wp-content\/uploads\/2023\/01\/liquid-laundry-detergent-suds-background.png\" data-object-fit=\"cover\" data-srcset=\"https:\/\/www.cdf1.com\/wp-content\/uploads\/2023\/01\/liquid-laundry-detergent-suds-background.png 2560w, https:\/\/www.cdf1.com\/wp-content\/uploads\/2023\/01\/liquid-laundry-detergent-suds-background-300x108.png 300w, https:\/\/www.cdf1.com\/wp-content\/uploads\/2023\/01\/liquid-laundry-detergent-suds-background-1024x367.png 1024w, https:\/\/www.cdf1.com\/wp-content\/uploads\/2023\/01\/liquid-laundry-detergent-suds-background-768x275.png 768w, https:\/\/www.cdf1.com\/wp-content\/uploads\/2023\/01\/liquid-laundry-detergent-suds-background-1536x551.png 1536w, https:\/\/www.cdf1.com\/wp-content\/uploads\/2023\/01\/liquid-laundry-detergent-suds-background-2048x734.png 2048w\" data-sizes=\"(max-width: 2560px) 100vw, 2560px\" src=\"data:image\/svg+xml;base64,PHN2ZyB3aWR0aD0iMSIgaGVpZ2h0PSIxIiB4bWxucz0iaHR0cDovL3d3dy53My5vcmcvMjAwMC9zdmciPjwvc3ZnPg==\" style=\"--smush-placeholder-width: 2560px; --smush-placeholder-aspect-ratio: 2560\/918;\" \/><div class=\"wp-block-cover__inner-container is-layout-flow wp-block-cover-is-layout-flow\">\n<div class=\"wp-block-group fixed-width fixed-1080 heading-inner-wrap\"><div class=\"wp-block-group__inner-container is-layout-flow wp-block-group-is-layout-flow\">\n<div class=\"wp-block-group text-wrap\"><div class=\"wp-block-group__inner-container is-layout-flow wp-block-group-is-layout-flow\">\n<h1 class=\"wp-block-heading has-text-color\" style=\"color:#0d80b1\">Umweltfreundliche Waschmittelverpackung<\/h1>\n<\/div><\/div>\n<\/div><\/div>\n<\/div><\/div>\n\n<div class=\"wp-block-group fixed-width fixed-1080 padding-top-140 padding-bottom-80 text-img-section\"><div class=\"wp-block-group__inner-container is-layout-flow wp-block-group-is-layout-flow\">\n<div class=\"wp-block-columns is-layout-flex wp-container-core-columns-is-layout-9d6595d7 wp-block-columns-is-layout-flex\">\n<div class=\"wp-block-column is-layout-flow wp-block-column-is-layout-flow\">\n<figure class=\"wp-block-image size-full is-resized shadow-wrap max-width-485 slide-up-f\"><img decoding=\"async\" width=\"500\" height=\"568\" data-src=\"https:\/\/www.cdf1.com\/wp-content\/uploads\/2022\/05\/chemicals-slide.jpg\" alt=\"\" class=\"wp-image-7135 lazyload\" style=\"--smush-placeholder-width: 500px; --smush-placeholder-aspect-ratio: 500\/568;width:435px;height:494px\" data-srcset=\"https:\/\/www.cdf1.com\/wp-content\/uploads\/2022\/05\/chemicals-slide.jpg 500w, https:\/\/www.cdf1.com\/wp-content\/uploads\/2022\/05\/chemicals-slide-264x300.jpg 264w\" data-sizes=\"(max-width: 500px) 100vw, 500px\" src=\"data:image\/svg+xml;base64,PHN2ZyB3aWR0aD0iMSIgaGVpZ2h0PSIxIiB4bWxucz0iaHR0cDovL3d3dy53My5vcmcvMjAwMC9zdmciPjwvc3ZnPg==\" \/><\/figure>\n<\/div>\n\n\n\n<div class=\"wp-block-column is-layout-flow wp-block-column-is-layout-flow\">\n<div class=\"wp-block-group text-wrap max-width-450\"><div class=\"wp-block-group__inner-container is-layout-flow wp-block-group-is-layout-flow\">\n<h2 class=\"wp-block-heading\"><strong>Bag-In-Box f\u00fcr Waschmittelverpackung\u00a0<\/strong><\/h2>\n\n\n\n<p><br\/>Das Verpackungsformat Bag-In-Box oder BIB ist vielleicht am besten f\u00fcr die Lagerung und den Transport von Fl\u00fcssigkeiten wie Mineralwasserbrunnen f\u00fcr Restaurants oder Wein im Karton f\u00fcr den pers\u00f6nlichen Genuss bekannt. Aber Bag-In-Box-Verpackungen werden vermehrt auch f\u00fcr andere Fl\u00fcssigprodukte wie Waschmittel verwendet.<\/p>\n\n\n\n<p class=\"link-blue-underline\"><a href=\"https:\/\/www.cdf1.com\/bag-in-box-for-detergents\/\">Mehr erfahren<\/a><\/p>\n<\/div><\/div>\n<\/div>\n<\/div>\n<\/div><\/div>\n\n<div class=\"wp-block-cover is-light animated-bg-img\"><span aria-hidden=\"true\" class=\"wp-block-cover__background has-background-dim-0 has-background-dim\"><\/span><img decoding=\"async\" width=\"2560\" height=\"1254\" class=\"wp-block-cover__image-background wp-image-877 lazyload\" alt=\"\" data-src=\"https:\/\/www.cdf1.com\/wp-content\/uploads\/2021\/07\/bottom-green-shape.jpg\" style=\"--smush-placeholder-width: 2560px; --smush-placeholder-aspect-ratio: 2560\/1254;object-position:50% 0%\" data-object-fit=\"cover\" data-object-position=\"50% 0%\" data-srcset=\"https:\/\/www.cdf1.com\/wp-content\/uploads\/2021\/07\/bottom-green-shape.jpg 2560w, https:\/\/www.cdf1.com\/wp-content\/uploads\/2021\/07\/bottom-green-shape-300x147.jpg 300w, https:\/\/www.cdf1.com\/wp-content\/uploads\/2021\/07\/bottom-green-shape-1024x502.jpg 1024w, https:\/\/www.cdf1.com\/wp-content\/uploads\/2021\/07\/bottom-green-shape-768x376.jpg 768w, https:\/\/www.cdf1.com\/wp-content\/uploads\/2021\/07\/bottom-green-shape-1536x752.jpg 1536w, https:\/\/www.cdf1.com\/wp-content\/uploads\/2021\/07\/bottom-green-shape-2048x1003.jpg 2048w\" data-sizes=\"(max-width: 2560px) 100vw, 2560px\" src=\"data:image\/svg+xml;base64,PHN2ZyB3aWR0aD0iMSIgaGVpZ2h0PSIxIiB4bWxucz0iaHR0cDovL3d3dy53My5vcmcvMjAwMC9zdmciPjwvc3ZnPg==\" \/><div class=\"wp-block-cover__inner-container is-layout-flow wp-block-cover-is-layout-flow\">\n<div class=\"wp-block-group fixed-width fixed-1080 vc-wrap padding-top-140 padding-bottom-80 text-img-section\"><div class=\"wp-block-group__inner-container is-layout-flow wp-block-group-is-layout-flow\">\n<div class=\"wp-block-columns is-layout-flex wp-container-core-columns-is-layout-9d6595d7 wp-block-columns-is-layout-flex\">\n<div class=\"wp-block-column is-layout-flow wp-block-column-is-layout-flow\">\n<div class=\"wp-block-group text-wrap max-width-450 anim_init\"><div class=\"wp-block-group__inner-container is-layout-flow wp-block-group-is-layout-flow\">\n<figure class=\"wp-block-image size-large\"><img decoding=\"async\" width=\"110\" height=\"62\" data-src=\"https:\/\/www.cdf1.com\/wp-content\/uploads\/2021\/08\/automotive-truck.svg\" alt=\"\" class=\"wp-image-1573 lazyload\" src=\"data:image\/svg+xml;base64,PHN2ZyB3aWR0aD0iMSIgaGVpZ2h0PSIxIiB4bWxucz0iaHR0cDovL3d3dy53My5vcmcvMjAwMC9zdmciPjwvc3ZnPg==\" style=\"--smush-placeholder-width: 110px; --smush-placeholder-aspect-ratio: 110\/62;\" \/><\/figure>\n\n\n\n<h2 class=\"wp-block-heading has-text-color\" style=\"color:#363b40\">Wiederverwendung maximieren<\/h2>\n\n\n\n<p class=\"has-text-color\" style=\"color:#363b40\">Unsere Liner f\u00fcr F\u00e4sser und Eimer lassen sich einfach wiederverwenden. Autohersteller m\u00fcssen ihre Schmierf\u00e4sser also nicht mehr in Deponien entsorgen. Die leeren F\u00e4sser enthalten keine R\u00fcckst\u00e4nde und k\u00f6nnen m\u00fchelos wiederholt werden. Unsere industrief\u00fchrenden Liner f\u00fcr F\u00e4sser und Eimer erm\u00f6glichen das vollst\u00e4ndige Recyceln von Schmierf\u00e4ssern ohne erheblichen Wasseraufwand im Reinigungsprozess. Auch der Verpackungsaufwand wird erheblich gesenkt.<\/p>\n<\/div><\/div>\n<\/div>\n\n\n\n<div class=\"wp-block-column is-layout-flow wp-block-column-is-layout-flow\">\n<figure class=\"wp-block-image size-large shadow-wrap max-width-485 slide-down-f\"><img decoding=\"async\" width=\"932\" height=\"716\" data-src=\"https:\/\/www.cdf1.com\/wp-content\/uploads\/2021\/08\/automotive-2.jpg\" alt=\"CDF maximiert die Wiederverwendung\" class=\"wp-image-1572 lazyload\" data-srcset=\"https:\/\/www.cdf1.com\/wp-content\/uploads\/2021\/08\/automotive-2.jpg 932w, https:\/\/www.cdf1.com\/wp-content\/uploads\/2021\/08\/automotive-2-300x230.jpg 300w, https:\/\/www.cdf1.com\/wp-content\/uploads\/2021\/08\/automotive-2-768x590.jpg 768w\" data-sizes=\"(max-width: 932px) 100vw, 932px\" src=\"data:image\/svg+xml;base64,PHN2ZyB3aWR0aD0iMSIgaGVpZ2h0PSIxIiB4bWxucz0iaHR0cDovL3d3dy53My5vcmcvMjAwMC9zdmciPjwvc3ZnPg==\" style=\"--smush-placeholder-width: 932px; --smush-placeholder-aspect-ratio: 932\/716;\" \/><\/figure>\n<\/div>\n<\/div>\n<\/div><\/div>\n<\/div><\/div>\n\n<div class=\"wp-block-cover is-light animated-bg-img\"><span aria-hidden=\"true\" class=\"wp-block-cover__background has-background-dim-0 has-background-dim\"><\/span><img decoding=\"async\" width=\"2560\" height=\"1254\" class=\"wp-block-cover__image-background wp-image-878 lazyload\" alt=\"\" data-src=\"https:\/\/www.cdf1.com\/wp-content\/uploads\/2021\/07\/top-green-shape.jpg\" style=\"--smush-placeholder-width: 2560px; --smush-placeholder-aspect-ratio: 2560\/1254;object-position:50% 100%\" data-object-fit=\"cover\" data-object-position=\"50% 100%\" data-srcset=\"https:\/\/www.cdf1.com\/wp-content\/uploads\/2021\/07\/top-green-shape.jpg 2560w, https:\/\/www.cdf1.com\/wp-content\/uploads\/2021\/07\/top-green-shape-300x147.jpg 300w, https:\/\/www.cdf1.com\/wp-content\/uploads\/2021\/07\/top-green-shape-1024x502.jpg 1024w, https:\/\/www.cdf1.com\/wp-content\/uploads\/2021\/07\/top-green-shape-768x376.jpg 768w, https:\/\/www.cdf1.com\/wp-content\/uploads\/2021\/07\/top-green-shape-1536x752.jpg 1536w, https:\/\/www.cdf1.com\/wp-content\/uploads\/2021\/07\/top-green-shape-2048x1003.jpg 2048w\" data-sizes=\"(max-width: 2560px) 100vw, 2560px\" src=\"data:image\/svg+xml;base64,PHN2ZyB3aWR0aD0iMSIgaGVpZ2h0PSIxIiB4bWxucz0iaHR0cDovL3d3dy53My5vcmcvMjAwMC9zdmciPjwvc3ZnPg==\" \/><div class=\"wp-block-cover__inner-container is-layout-flow wp-block-cover-is-layout-flow\">\n<div class=\"wp-block-group fixed-width fixed-1080 vc-wrap padding-bottom-80 img-text-section\"><div class=\"wp-block-group__inner-container is-layout-flow wp-block-group-is-layout-flow\">\n<div class=\"wp-block-columns is-layout-flex wp-container-core-columns-is-layout-9d6595d7 wp-block-columns-is-layout-flex\">\n<div class=\"wp-block-column is-layout-flow wp-block-column-is-layout-flow\">\n<figure class=\"wp-block-image size-full is-resized shadow-wrap max-width-485 slide-up-f\"><img decoding=\"async\" width=\"592\" height=\"732\" data-src=\"https:\/\/www.cdf1.com\/wp-content\/uploads\/2021\/08\/bag-in-box-small.jpg\" alt=\"\" class=\"wp-image-4713 lazyload\" style=\"--smush-placeholder-width: 592px; --smush-placeholder-aspect-ratio: 592\/732;width:462px;height:571px\" data-srcset=\"https:\/\/www.cdf1.com\/wp-content\/uploads\/2021\/08\/bag-in-box-small.jpg 592w, https:\/\/www.cdf1.com\/wp-content\/uploads\/2021\/08\/bag-in-box-small-243x300.jpg 243w\" data-sizes=\"(max-width: 592px) 100vw, 592px\" src=\"data:image\/svg+xml;base64,PHN2ZyB3aWR0aD0iMSIgaGVpZ2h0PSIxIiB4bWxucz0iaHR0cDovL3d3dy53My5vcmcvMjAwMC9zdmciPjwvc3ZnPg==\" \/><\/figure>\n<\/div>\n\n\n\n<div class=\"wp-block-column is-layout-flow wp-block-column-is-layout-flow\">\n<div class=\"wp-block-group text-wrap max-width-450 anim_init\"><div class=\"wp-block-group__inner-container is-layout-flow wp-block-group-is-layout-flow\">\n<figure class=\"wp-block-image size-large\"><img decoding=\"async\" width=\"101\" height=\"57\" data-src=\"https:\/\/www.cdf1.com\/wp-content\/uploads\/2021\/08\/automotive-car.svg\" alt=\"\" class=\"wp-image-1580 lazyload\" src=\"data:image\/svg+xml;base64,PHN2ZyB3aWR0aD0iMSIgaGVpZ2h0PSIxIiB4bWxucz0iaHR0cDovL3d3dy53My5vcmcvMjAwMC9zdmciPjwvc3ZnPg==\" style=\"--smush-placeholder-width: 101px; --smush-placeholder-aspect-ratio: 101\/57;\" \/><\/figure>\n\n\n\n<h2 class=\"wp-block-heading has-text-color\" style=\"color:#363b40\">Sicherheit von chemischen Verpackungen<\/h2>\n\n\n\n<p class=\"has-text-color\" style=\"color:#363b40\">Cheertainer\u00ae Bag-in-Box-Verpackungen ist absolut sicher f\u00fcr Chemikalien, vor allen Dingen Waschmittel. Die Box bietet eine H\u00fclle um den Beutel in der Verpackung, was die die Verpackung st\u00e4rkt und verhindert, dass die flexible Verpackung rei\u00dft oder aufplatzt. Es ist wichtig, bei Bag-In-Box Verpackungen die richtige Folie und den richtigen Einsatz zu verwenden. Auch wenn die Box in der Verpackung als \u201eH\u00fclle\u201c agiert, sollten Sie nicht das Risiko eingehen, dass die Folie rei\u00dft oder aufplatzt. Risse treten am h\u00e4ufigsten an der Stelle auf, an der die Armatur oder der Ausguss in der Folie angebracht sind.<\/p>\n<\/div><\/div>\n<\/div>\n<\/div>\n<\/div><\/div>\n<\/div><\/div>\n\n<div class=\"wp-block-group contact-section\"><div class=\"wp-block-group__inner-container is-layout-flow wp-block-group-is-layout-flow\">\n<div class=\"wp-block-group fixed-width fixed-1080 padding-top-110 padding-bottom-60\"><div class=\"wp-block-group__inner-container is-layout-flow wp-block-group-is-layout-flow\">\n<div class=\"wp-block-columns is-layout-flex wp-container-core-columns-is-layout-9d6595d7 wp-block-columns-is-layout-flex\">\n<div class=\"wp-block-column is-layout-flow wp-block-column-is-layout-flow\">\n<h2 class=\"wp-block-heading\">Wie k\u00f6nnen wir Ihnen helfen?<\/h2>\n\n\n\n<div class=\"wp-block-group margin-top-50\"><div class=\"wp-block-group__inner-container is-layout-flow wp-block-group-is-layout-flow\">\n\t\t\t\t\t\t<script>\n\t\t\t\t\t\t\twindow.hsFormsOnReady = window.hsFormsOnReady || [];\n\t\t\t\t\t\t\twindow.hsFormsOnReady.push(()=>{\n\t\t\t\t\t\t\t\thbspt.forms.create({\n\t\t\t\t\t\t\t\t\tportalId: 1984976,\n\t\t\t\t\t\t\t\t\tformId: \"f4c2de98-39de-4e6d-a631-da1856bb0631\",\n\t\t\t\t\t\t\t\t\ttarget: \"#hbspt-form-1777245236000-1197098027\",\n\t\t\t\t\t\t\t\t\tregion: \"na1\",\n\t\t\t\t\t\t\t\t\t\n\t\t\t\t\t\t\t})});\n\t\t\t\t\t\t<\/script>\n\t\t\t\t\t\t<div class=\"hbspt-form\" id=\"hbspt-form-1777245236000-1197098027\"><\/div>\n<\/div><\/div>\n<\/div>\n\n\n\n<div class=\"wp-block-column is-layout-flow wp-block-column-is-layout-flow\">\n<div class=\"wp-block-group text-wrap\"><div class=\"wp-block-group__inner-container is-layout-flow wp-block-group-is-layout-flow\">\n<h2 class=\"wp-block-heading\">Kontaktieren Sie uns<\/h2>\n\n\n\n<div class=\"wp-block-group margin-bottom-40 contact-box-in\"><div class=\"wp-block-group__inner-container is-layout-flow wp-block-group-is-layout-flow\">\n<h3 class=\"wp-block-heading\">CDF Corporation <\/h3>\n\n\n\n<p><strong>Telefonzentrale <\/strong><\/p>\n\n\n\n<p>800.443.1920 <\/p>\n<\/div><\/div>\n\n\n\n<div class=\"wp-block-group margin-bottom-40 contact-box-in contact-box-sm\"><div class=\"wp-block-group__inner-container is-layout-flow wp-block-group-is-layout-flow\">\n<p><strong>Fass- und Eimerabteilung <\/strong><\/p>\n\n\n\n<p>508.591.6700 <br\/>888.593.2211 <\/p>\n<\/div><\/div>\n\n\n\n<div class=\"wp-block-group margin-bottom-40 contact-box-in contact-box-sm\"><div class=\"wp-block-group__inner-container is-layout-flow wp-block-group-is-layout-flow\">\n<p><strong>Flexible Verpackungs-Abteilung <\/strong><\/p>\n\n\n\n<p>508.591.6800 <br\/>888.593.2212 <\/p>\n<\/div><\/div>\n\n\n\n<div class=\"wp-block-group margin-bottom-40 contact-box-in\"><div class=\"wp-block-group__inner-container is-layout-flow wp-block-group-is-layout-flow\">\n<h3 class=\"wp-block-heading\">B\u00fcrostunden<\/h3>\n\n\n\n<p>Montag bis Freitag 8:00 bis 17:00 Uhr EST<\/p>\n<\/div><\/div>\n<\/div><\/div>\n<\/div>\n<\/div>\n<\/div><\/div>\n<\/div><\/div>\n","protected":false},"excerpt":{"rendered":"<p>Bag-In-Box f\u00fcr Waschmittelverpackung\u00a0 Das Verpackungsformat Bag-In-Box oder BIB ist vielleicht am besten f\u00fcr die Lagerung und den Transport von Fl\u00fcssigkeiten wie Mineralwasserbrunnen f\u00fcr Restaurants oder Wein im Karton f\u00fcr den pers\u00f6nlichen Genuss bekannt. Aber Bag-In-Box-Verpackungen werden vermehrt auch f\u00fcr andere Fl\u00fcssigprodukte wie Waschmittel verwendet. Mehr erfahren Wie k\u00f6nnen wir Ihnen helfen? Kontaktieren Sie uns CDF [&hellip;]<\/p>\n","protected":false},"author":10,"featured_media":13091,"parent":0,"menu_order":0,"comment_status":"closed","ping_status":"closed","template":"","meta":{"_acf_changed":false,"content-type":"","_genesis_hide_title":false,"_genesis_hide_breadcrumbs":false,"_genesis_hide_singular_image":false,"_genesis_hide_footer_widgets":false,"_genesis_custom_body_class":"","_genesis_custom_post_class":"","_genesis_layout":"","footnotes":""},"class_list":{"0":"post-9454","1":"page","2":"type-page","3":"status-publish","4":"has-post-thumbnail","6":"entry"},"acf":[],"featured_image_src":"https:\/\/www.cdf1.com\/wp-content\/uploads\/2025\/06\/Eco-Friendly-Laundry-Detergent-Packaging-1200-x-628-px-600x400.png","featured_image_src_square":"https:\/\/www.cdf1.com\/wp-content\/uploads\/2025\/06\/Eco-Friendly-Laundry-Detergent-Packaging-1200-x-628-px-600x600.png","_links":{"self":[{"href":"https:\/\/www.cdf1.com\/de\/wp-json\/wp\/v2\/pages\/9454","targetHints":{"allow":["GET"]}}],"collection":[{"href":"https:\/\/www.cdf1.com\/de\/wp-json\/wp\/v2\/pages"}],"about":[{"href":"https:\/\/www.cdf1.com\/de\/wp-json\/wp\/v2\/types\/page"}],"author":[{"embeddable":true,"href":"https:\/\/www.cdf1.com\/de\/wp-json\/wp\/v2\/users\/10"}],"replies":[{"embeddable":true,"href":"https:\/\/www.cdf1.com\/de\/wp-json\/wp\/v2\/comments?post=9454"}],"version-history":[{"count":4,"href":"https:\/\/www.cdf1.com\/de\/wp-json\/wp\/v2\/pages\/9454\/revisions"}],"predecessor-version":[{"id":11026,"href":"https:\/\/www.cdf1.com\/de\/wp-json\/wp\/v2\/pages\/9454\/revisions\/11026"}],"wp:featuredmedia":[{"embeddable":true,"href":"https:\/\/www.cdf1.com\/de\/wp-json\/wp\/v2\/media\/13091"}],"wp:attachment":[{"href":"https:\/\/www.cdf1.com\/de\/wp-json\/wp\/v2\/media?parent=9454"}],"curies":[{"name":"wp","href":"https:\/\/api.w.org\/{rel}","templated":true}]}}