{"id":9452,"date":"2023-10-12T09:59:27","date_gmt":"2023-10-12T09:59:27","guid":{"rendered":"https:\/\/www.cdf1.com\/fallbeispiele\/industrie\/"},"modified":"2024-01-19T18:34:42","modified_gmt":"2024-01-19T18:34:42","slug":"industrie","status":"publish","type":"page","link":"https:\/\/www.cdf1.com\/de\/fallbeispiele\/industrie\/","title":{"rendered":"Industrie"},"content":{"rendered":"\n<div class=\"wp-block-group page-heading two-col-heading shadow-out-bottom\"><div class=\"wp-block-group__inner-container is-layout-flow wp-block-group-is-layout-flow\">\n<div class=\"wp-block-columns fixed-width is-layout-flex wp-container-core-columns-is-layout-9d6595d7 wp-block-columns-is-layout-flex\">\n<div class=\"wp-block-column is-layout-flow wp-block-column-is-layout-flow\" style=\"flex-basis:40%\">\n<div class=\"wp-block-group fixed-width fixed-1080 heading-inner-wrap\"><div class=\"wp-block-group__inner-container is-layout-flow wp-block-group-is-layout-flow\">\n<div class=\"wp-block-group text-wrap\"><div class=\"wp-block-group__inner-container is-layout-flow wp-block-group-is-layout-flow\">\n<h1 class=\"has-text-color wp-block-heading\" style=\"color:#0d80b1\"> Industrie<\/h1>\n<\/div><\/div>\n<\/div><\/div>\n<\/div>\n\n\n\n<div class=\"wp-block-column is-layout-flow wp-block-column-is-layout-flow\" style=\"flex-basis:60%\">\n<figure class=\"wp-block-image size-large\"><img decoding=\"async\" width=\"1024\" height=\"734\" data-src=\"https:\/\/www.cdf1.com\/wp-content\/uploads\/2021\/09\/industrial-header-1-1024x734.jpg\" alt=\"\" class=\"wp-image-2557 lazyload\" data-srcset=\"https:\/\/www.cdf1.com\/wp-content\/uploads\/2021\/09\/industrial-header-1-1024x734.jpg 1024w, https:\/\/www.cdf1.com\/wp-content\/uploads\/2021\/09\/industrial-header-1-300x215.jpg 300w, https:\/\/www.cdf1.com\/wp-content\/uploads\/2021\/09\/industrial-header-1-768x551.jpg 768w, https:\/\/www.cdf1.com\/wp-content\/uploads\/2021\/09\/industrial-header-1.jpg 1280w\" data-sizes=\"(max-width: 1024px) 100vw, 1024px\" src=\"data:image\/svg+xml;base64,PHN2ZyB3aWR0aD0iMSIgaGVpZ2h0PSIxIiB4bWxucz0iaHR0cDovL3d3dy53My5vcmcvMjAwMC9zdmciPjwvc3ZnPg==\" style=\"--smush-placeholder-width: 1024px; --smush-placeholder-aspect-ratio: 1024\/734;\" \/><\/figure>\n<\/div>\n<\/div>\n<\/div><\/div>\n\n<div class=\"wp-block-group fixed-width fixed-1080 padding-top-140 padding-bottom-80 text-img-section\"><div class=\"wp-block-group__inner-container is-layout-flow wp-block-group-is-layout-flow\">\n<div class=\"wp-block-columns is-layout-flex wp-container-core-columns-is-layout-9d6595d7 wp-block-columns-is-layout-flex\">\n<div class=\"wp-block-column is-layout-flow wp-block-column-is-layout-flow\">\n<div class=\"wp-block-group section-title-xl text-wrap max-width-450 anim_init\"><div class=\"wp-block-group__inner-container is-layout-flow wp-block-group-is-layout-flow\">\n<h2 class=\"wp-block-heading\"><strong>Innovative <br\/>Herstellung<\/strong><\/h2>\n\n\n\n<p>Die Innovationsfreude von CDF wird von einem kreativen Expertenteam und hochmodernen Technologien, Materialien und Ger\u00e4ten unterst\u00fctzt. Mithilfe unserer jahrelangen Herstellungsexpertise konnte CDF auch f\u00fcr die anspruchsvollen Kunden L\u00f6sungen entwickeln. <\/p>\n<\/div><\/div>\n<\/div>\n\n\n\n<div class=\"wp-block-column is-layout-flow wp-block-column-is-layout-flow\">\n<figure class=\"wp-block-image size-large shadow-wrap max-width-485 slide-in-right\"><img decoding=\"async\" width=\"768\" height=\"936\" data-src=\"https:\/\/www.cdf1.com\/wp-content\/uploads\/2021\/08\/innovative-manufacturing.jpg\" alt=\"Innovative Herstellung von CDF\" class=\"wp-image-1522 lazyload\" data-srcset=\"https:\/\/www.cdf1.com\/wp-content\/uploads\/2021\/08\/innovative-manufacturing.jpg 768w, https:\/\/www.cdf1.com\/wp-content\/uploads\/2021\/08\/innovative-manufacturing-246x300.jpg 246w\" data-sizes=\"(max-width: 768px) 100vw, 768px\" src=\"data:image\/svg+xml;base64,PHN2ZyB3aWR0aD0iMSIgaGVpZ2h0PSIxIiB4bWxucz0iaHR0cDovL3d3dy53My5vcmcvMjAwMC9zdmciPjwvc3ZnPg==\" style=\"--smush-placeholder-width: 768px; --smush-placeholder-aspect-ratio: 768\/936;\" \/><\/figure>\n<\/div>\n<\/div>\n<\/div><\/div>\n\n<div class=\"wp-block-cover is-light animated-bg-img\"><span aria-hidden=\"true\" class=\"wp-block-cover__background has-background-dim-0 has-background-dim\"><\/span><img decoding=\"async\" width=\"2560\" height=\"1254\" class=\"wp-block-cover__image-background wp-image-877 lazyload\" alt=\"\" data-src=\"https:\/\/www.cdf1.com\/wp-content\/uploads\/2021\/07\/bottom-green-shape.jpg\" style=\"--smush-placeholder-width: 2560px; --smush-placeholder-aspect-ratio: 2560\/1254;object-position:50% 0%\" data-object-fit=\"cover\" data-object-position=\"50% 0%\" data-srcset=\"https:\/\/www.cdf1.com\/wp-content\/uploads\/2021\/07\/bottom-green-shape.jpg 2560w, https:\/\/www.cdf1.com\/wp-content\/uploads\/2021\/07\/bottom-green-shape-300x147.jpg 300w, https:\/\/www.cdf1.com\/wp-content\/uploads\/2021\/07\/bottom-green-shape-1024x502.jpg 1024w, https:\/\/www.cdf1.com\/wp-content\/uploads\/2021\/07\/bottom-green-shape-768x376.jpg 768w, https:\/\/www.cdf1.com\/wp-content\/uploads\/2021\/07\/bottom-green-shape-1536x752.jpg 1536w, https:\/\/www.cdf1.com\/wp-content\/uploads\/2021\/07\/bottom-green-shape-2048x1003.jpg 2048w\" data-sizes=\"(max-width: 2560px) 100vw, 2560px\" src=\"data:image\/svg+xml;base64,PHN2ZyB3aWR0aD0iMSIgaGVpZ2h0PSIxIiB4bWxucz0iaHR0cDovL3d3dy53My5vcmcvMjAwMC9zdmciPjwvc3ZnPg==\" \/><div class=\"wp-block-cover__inner-container is-layout-flow wp-block-cover-is-layout-flow\">\n<div class=\"wp-block-group fixed-width fixed-1080 vc-wrap padding-top-140 padding-bottom-80 text-img-section\"><div class=\"wp-block-group__inner-container is-layout-flow wp-block-group-is-layout-flow\">\n<div class=\"wp-block-columns is-layout-flex wp-container-core-columns-is-layout-9d6595d7 wp-block-columns-is-layout-flex\">\n<div class=\"wp-block-column is-layout-flow wp-block-column-is-layout-flow\">\n<div class=\"wp-block-group text-wrap max-width-450 anim_init\"><div class=\"wp-block-group__inner-container is-layout-flow wp-block-group-is-layout-flow\">\n<figure class=\"wp-block-image size-large\"><img decoding=\"async\" width=\"70\" height=\"88\" data-src=\"https:\/\/www.cdf1.com\/wp-content\/uploads\/2021\/07\/icon-culture-of-innovation.svg\" alt=\"Eine Kultur der Innovation Icon\" class=\"wp-image-876 lazyload\" src=\"data:image\/svg+xml;base64,PHN2ZyB3aWR0aD0iMSIgaGVpZ2h0PSIxIiB4bWxucz0iaHR0cDovL3d3dy53My5vcmcvMjAwMC9zdmciPjwvc3ZnPg==\" style=\"--smush-placeholder-width: 70px; --smush-placeholder-aspect-ratio: 70\/88;\" \/><\/figure>\n\n\n\n<h2 class=\"has-text-color wp-block-heading\" style=\"color:#363b40\">Eine Kultur der Innovation<\/h2>\n\n\n\n<p class=\"has-text-color\" style=\"color:#363b40\">Bei der CDF Corporation steht Innovation nicht nur Erfindungsgeist, sondern auch unseren Gesch\u00e4ftsansatz. Alle unsere T\u00e4tigkeiten drehen sich um die L\u00f6sung von Kundenproblemen, um unseren Kunden zum Erfolg zu verhelfen. Unser Ziel als Marktf\u00fchrer ist es, Problemen vorzugreifen und L\u00f6sungen parat zu haben.<\/p>\n<\/div><\/div>\n<\/div>\n\n\n\n<div class=\"wp-block-column is-layout-flow wp-block-column-is-layout-flow\">\n<figure class=\"wp-block-image size-large shadow-wrap max-width-485 slide-down-f\"><img decoding=\"async\" width=\"932\" height=\"716\" data-src=\"https:\/\/www.cdf1.com\/wp-content\/uploads\/2021\/07\/cdf-culture-innovation.jpg\" alt=\"CDF Kultur der Innovation\" class=\"wp-image-875 lazyload\" data-srcset=\"https:\/\/www.cdf1.com\/wp-content\/uploads\/2021\/07\/cdf-culture-innovation.jpg 932w, https:\/\/www.cdf1.com\/wp-content\/uploads\/2021\/07\/cdf-culture-innovation-300x230.jpg 300w, https:\/\/www.cdf1.com\/wp-content\/uploads\/2021\/07\/cdf-culture-innovation-768x590.jpg 768w\" data-sizes=\"(max-width: 932px) 100vw, 932px\" src=\"data:image\/svg+xml;base64,PHN2ZyB3aWR0aD0iMSIgaGVpZ2h0PSIxIiB4bWxucz0iaHR0cDovL3d3dy53My5vcmcvMjAwMC9zdmciPjwvc3ZnPg==\" style=\"--smush-placeholder-width: 932px; --smush-placeholder-aspect-ratio: 932\/716;\" \/><\/figure>\n<\/div>\n<\/div>\n<\/div><\/div>\n<\/div><\/div>\n\n<div class=\"wp-block-cover is-light animated-bg-img\"><span aria-hidden=\"true\" class=\"wp-block-cover__background has-background-dim-0 has-background-dim\"><\/span><img decoding=\"async\" width=\"2560\" height=\"1254\" class=\"wp-block-cover__image-background wp-image-878 lazyload\" alt=\"\" data-src=\"https:\/\/www.cdf1.com\/wp-content\/uploads\/2021\/07\/top-green-shape.jpg\" style=\"--smush-placeholder-width: 2560px; --smush-placeholder-aspect-ratio: 2560\/1254;object-position:50% 100%\" data-object-fit=\"cover\" data-object-position=\"50% 100%\" data-srcset=\"https:\/\/www.cdf1.com\/wp-content\/uploads\/2021\/07\/top-green-shape.jpg 2560w, https:\/\/www.cdf1.com\/wp-content\/uploads\/2021\/07\/top-green-shape-300x147.jpg 300w, https:\/\/www.cdf1.com\/wp-content\/uploads\/2021\/07\/top-green-shape-1024x502.jpg 1024w, https:\/\/www.cdf1.com\/wp-content\/uploads\/2021\/07\/top-green-shape-768x376.jpg 768w, https:\/\/www.cdf1.com\/wp-content\/uploads\/2021\/07\/top-green-shape-1536x752.jpg 1536w, https:\/\/www.cdf1.com\/wp-content\/uploads\/2021\/07\/top-green-shape-2048x1003.jpg 2048w\" data-sizes=\"(max-width: 2560px) 100vw, 2560px\" src=\"data:image\/svg+xml;base64,PHN2ZyB3aWR0aD0iMSIgaGVpZ2h0PSIxIiB4bWxucz0iaHR0cDovL3d3dy53My5vcmcvMjAwMC9zdmciPjwvc3ZnPg==\" \/><div class=\"wp-block-cover__inner-container is-layout-flow wp-block-cover-is-layout-flow\">\n<div class=\"wp-block-group fixed-width fixed-1080 vc-wrap padding-bottom-80 img-text-section\"><div class=\"wp-block-group__inner-container is-layout-flow wp-block-group-is-layout-flow\">\n<div class=\"wp-block-columns is-layout-flex wp-container-core-columns-is-layout-9d6595d7 wp-block-columns-is-layout-flex\">\n<div class=\"wp-block-column is-layout-flow wp-block-column-is-layout-flow\">\n<figure class=\"wp-block-image size-large shadow-wrap max-width-485 slide-up-f\"><img decoding=\"async\" width=\"758\" height=\"714\" data-src=\"https:\/\/www.cdf1.com\/wp-content\/uploads\/2021\/07\/cdf-expert-enginners.jpg\" alt=\"CDF spezialisierte Ingenieure\" class=\"wp-image-882 lazyload\" data-srcset=\"https:\/\/www.cdf1.com\/wp-content\/uploads\/2021\/07\/cdf-expert-enginners.jpg 758w, https:\/\/www.cdf1.com\/wp-content\/uploads\/2021\/07\/cdf-expert-enginners-300x283.jpg 300w\" data-sizes=\"(max-width: 758px) 100vw, 758px\" src=\"data:image\/svg+xml;base64,PHN2ZyB3aWR0aD0iMSIgaGVpZ2h0PSIxIiB4bWxucz0iaHR0cDovL3d3dy53My5vcmcvMjAwMC9zdmciPjwvc3ZnPg==\" style=\"--smush-placeholder-width: 758px; --smush-placeholder-aspect-ratio: 758\/714;\" \/><\/figure>\n<\/div>\n\n\n\n<div class=\"wp-block-column is-layout-flow wp-block-column-is-layout-flow\">\n<div class=\"wp-block-group text-wrap max-width-450 anim_init\"><div class=\"wp-block-group__inner-container is-layout-flow wp-block-group-is-layout-flow\">\n<figure class=\"wp-block-image size-large\"><img decoding=\"async\" width=\"86\" height=\"90\" data-src=\"https:\/\/www.cdf1.com\/wp-content\/uploads\/2021\/07\/icon-expert-engineers.svg\" alt=\"\" class=\"wp-image-881 lazyload\" src=\"data:image\/svg+xml;base64,PHN2ZyB3aWR0aD0iMSIgaGVpZ2h0PSIxIiB4bWxucz0iaHR0cDovL3d3dy53My5vcmcvMjAwMC9zdmciPjwvc3ZnPg==\" style=\"--smush-placeholder-width: 86px; --smush-placeholder-aspect-ratio: 86\/90;\" \/><\/figure>\n\n\n\n<h2 class=\"has-text-color wp-block-heading\" style=\"color:#363b40\">Spezialisierte Ingenieure<\/h2>\n\n\n\n<p class=\"has-text-color\" style=\"color:#363b40\">Unsere spezialisierten Ingenieure k\u00f6nnen Kunden in allen Industriezweigen mit einer gut durchdachten L\u00f6sung beraten, um ihre Verpackungs- und Nachhaltigkeitsbed\u00fcrfnisse zu erf\u00fcllen, angefangen bei innovativer Forschung und Entwicklung bis hin zum Ausarbeiten von personalisierbaren Designs. Mit \u00fcber 50 Jahren Erfahrung arbeitet unser Ingenieur-Team mit jedem Kunden zusammen, um eine neue Verpackungsl\u00f6sung zu konzipieren, angefangen bei der Auswahl des Einsatzes bis hin zur vollst\u00e4ndigen Systemintegration und der Anpassung vorhandener Produkte.<\/p>\n<\/div><\/div>\n<\/div>\n<\/div>\n<\/div><\/div>\n<\/div><\/div>\n\n<div class=\"wp-block-group fixed-width block-has-rounded-corners vc-wrap text-img-section latest-story-section margin-bottom-100 has-text-color has-background\" style=\"color:#000000;background-color:#bceafa\"><div class=\"wp-block-group__inner-container is-layout-flow wp-block-group-is-layout-flow\">\n<div class=\"wp-block-group fixed-width fixed-1000 padding-top-80 padding-bottom-60 title-text-section\"><div class=\"wp-block-group__inner-container is-layout-flow wp-block-group-is-layout-flow\">\n<div class=\"wp-block-columns is-layout-flex wp-container-core-columns-is-layout-9d6595d7 wp-block-columns-is-layout-flex\">\n<div class=\"wp-block-column is-layout-flow wp-block-column-is-layout-flow\" style=\"flex-basis:70%\">\n<div class=\"wp-block-group text-wrap section-title-mix\"><div class=\"wp-block-group__inner-container is-layout-flow wp-block-group-is-layout-flow\">\n<h2 class=\"wp-block-heading\">Die aktuellsten Neuigkeiten<\/h2>\n\n\n\n<h3 class=\"wp-block-heading\">Cleveland Steel Container<\/h3>\n\n\n\n<p>Cleveland Steel Container ist einer der f\u00fchrenden Hersteller von Stahleimern in den Vereinigten Staaten von Amerika mit \u00fcber 50 Jahren Erfahrung in der Bedienung unterschiedlicher Industriesektoren.<\/p>\n\n\n\n<p class=\"link-blue-underline\"><a href=\"https:\/\/www.cdf1.com\/case-study-cleveland-steel-contain\/\">Die Fallstudie lesen<\/a><\/p>\n<\/div><\/div>\n<\/div>\n\n\n\n<div class=\"wp-block-column is-layout-flow wp-block-column-is-layout-flow\" style=\"flex-basis:30%\">\n<figure class=\"wp-block-image size-large\"><img decoding=\"async\" width=\"190\" height=\"121\" data-src=\"https:\/\/www.cdf1.com\/wp-content\/uploads\/2021\/08\/Cleveland-Container-Logo.svg\" alt=\"Cleveland Logo\" class=\"wp-image-1518 lazyload\" src=\"data:image\/svg+xml;base64,PHN2ZyB3aWR0aD0iMSIgaGVpZ2h0PSIxIiB4bWxucz0iaHR0cDovL3d3dy53My5vcmcvMjAwMC9zdmciPjwvc3ZnPg==\" style=\"--smush-placeholder-width: 190px; --smush-placeholder-aspect-ratio: 190\/121;\" \/><\/figure>\n<\/div>\n<\/div>\n<\/div><\/div>\n<\/div><\/div>\n","protected":false},"excerpt":{"rendered":"<p>Industrie Innovative Herstellung Die Innovationsfreude von CDF wird von einem kreativen Expertenteam und hochmodernen Technologien, Materialien und Ger\u00e4ten unterst\u00fctzt. Mithilfe unserer jahrelangen Herstellungsexpertise konnte CDF auch f\u00fcr die anspruchsvollen Kunden L\u00f6sungen entwickeln. Die aktuellsten Neuigkeiten Cleveland Steel Container Cleveland Steel Container ist einer der f\u00fchrenden Hersteller von Stahleimern in den Vereinigten Staaten von Amerika mit [&hellip;]<\/p>\n","protected":false},"author":1,"featured_media":1881,"parent":9410,"menu_order":9,"comment_status":"closed","ping_status":"closed","template":"","meta":{"_acf_changed":false,"content-type":"","_genesis_hide_title":false,"_genesis_hide_breadcrumbs":false,"_genesis_hide_singular_image":false,"_genesis_hide_footer_widgets":false,"_genesis_custom_body_class":"","_genesis_custom_post_class":"","_genesis_layout":"full-width-content","footnotes":""},"class_list":{"0":"post-9452","1":"page","2":"type-page","3":"status-publish","4":"has-post-thumbnail","6":"entry"},"acf":[],"featured_image_src":"https:\/\/www.cdf1.com\/wp-content\/uploads\/2020\/07\/new-feature-placeholder-sliced.png","featured_image_src_square":"https:\/\/www.cdf1.com\/wp-content\/uploads\/2020\/07\/new-feature-placeholder-sliced.png","_links":{"self":[{"href":"https:\/\/www.cdf1.com\/de\/wp-json\/wp\/v2\/pages\/9452","targetHints":{"allow":["GET"]}}],"collection":[{"href":"https:\/\/www.cdf1.com\/de\/wp-json\/wp\/v2\/pages"}],"about":[{"href":"https:\/\/www.cdf1.com\/de\/wp-json\/wp\/v2\/types\/page"}],"author":[{"embeddable":true,"href":"https:\/\/www.cdf1.com\/de\/wp-json\/wp\/v2\/users\/1"}],"replies":[{"embeddable":true,"href":"https:\/\/www.cdf1.com\/de\/wp-json\/wp\/v2\/comments?post=9452"}],"version-history":[{"count":6,"href":"https:\/\/www.cdf1.com\/de\/wp-json\/wp\/v2\/pages\/9452\/revisions"}],"predecessor-version":[{"id":10629,"href":"https:\/\/www.cdf1.com\/de\/wp-json\/wp\/v2\/pages\/9452\/revisions\/10629"}],"up":[{"embeddable":true,"href":"https:\/\/www.cdf1.com\/de\/wp-json\/wp\/v2\/pages\/9410"}],"wp:featuredmedia":[{"embeddable":true,"href":"https:\/\/www.cdf1.com\/de\/wp-json\/wp\/v2\/media\/1881"}],"wp:attachment":[{"href":"https:\/\/www.cdf1.com\/de\/wp-json\/wp\/v2\/media?parent=9452"}],"curies":[{"name":"wp","href":"https:\/\/api.w.org\/{rel}","templated":true}]}}