{"id":9450,"date":"2023-10-12T09:59:26","date_gmt":"2023-10-12T09:59:26","guid":{"rendered":"https:\/\/www.cdf1.com\/ibc-verpackung-fuer-lebensmittel-und-getraenke\/"},"modified":"2024-02-22T09:52:56","modified_gmt":"2024-02-22T09:52:56","slug":"ibc-verpackung-fuer-lebensmittel-und-getraenke","status":"publish","type":"page","link":"https:\/\/www.cdf1.com\/de\/ibc-verpackung-fuer-lebensmittel-und-getraenke\/","title":{"rendered":"IBC-Verpackung f\u00fcr Lebensmittel und Getr\u00e4nke"},"content":{"rendered":"\n<div class=\"wp-block-group page-heading heading-img-bottom two-col-heading shadow-out-bottom\"><div class=\"wp-block-group__inner-container is-layout-flow wp-block-group-is-layout-flow\">\n<div class=\"wp-block-columns fixed-width is-layout-flex wp-container-core-columns-is-layout-9d6595d7 wp-block-columns-is-layout-flex\">\n<div class=\"wp-block-column is-layout-flow wp-block-column-is-layout-flow\" style=\"flex-basis:40%\">\n<div class=\"wp-block-group fixed-width fixed-1080 heading-inner-wrap\"><div class=\"wp-block-group__inner-container is-layout-flow wp-block-group-is-layout-flow\">\n<div class=\"wp-block-group text-wrap\"><div class=\"wp-block-group__inner-container is-layout-flow wp-block-group-is-layout-flow\">\n<h1 class=\"wp-block-heading has-text-color\" style=\"color:#0d80b1\"> IBC-Liner f\u00fcr Lebensmittel- und Getr\u00e4nke-<br>verpackungen<\/h1>\n<\/div><\/div>\n<\/div><\/div>\n<\/div>\n\n\n\n<div class=\"wp-block-column is-layout-flow wp-block-column-is-layout-flow\" style=\"flex-basis:60%\">\n<figure class=\"wp-block-image size-large\"><img decoding=\"async\" width=\"1024\" height=\"894\" data-src=\"https:\/\/www.cdf1.com\/wp-content\/uploads\/2021\/10\/ibc-liners-heading-1024x894.jpg\" alt=\" IBC-Eins\u00e4tze Heading\" class=\"wp-image-3533 lazyload\" data-srcset=\"https:\/\/www.cdf1.com\/wp-content\/uploads\/2021\/10\/ibc-liners-heading-1024x894.jpg 1024w, https:\/\/www.cdf1.com\/wp-content\/uploads\/2021\/10\/ibc-liners-heading-300x262.jpg 300w, https:\/\/www.cdf1.com\/wp-content\/uploads\/2021\/10\/ibc-liners-heading-768x670.jpg 768w, https:\/\/www.cdf1.com\/wp-content\/uploads\/2021\/10\/ibc-liners-heading.jpg 1052w\" data-sizes=\"(max-width: 1024px) 100vw, 1024px\" src=\"data:image\/svg+xml;base64,PHN2ZyB3aWR0aD0iMSIgaGVpZ2h0PSIxIiB4bWxucz0iaHR0cDovL3d3dy53My5vcmcvMjAwMC9zdmciPjwvc3ZnPg==\" style=\"--smush-placeholder-width: 1024px; --smush-placeholder-aspect-ratio: 1024\/894;\" \/><\/figure>\n<\/div>\n<\/div>\n<\/div><\/div>\n\n\n\n<div style=\"height:30px\" aria-hidden=\"true\" class=\"wp-block-spacer\"><\/div>\n\n\n\n<div class=\"wp-block-group fixed-width-custom padding-top-130 padding-bottom-80\"><div class=\"wp-block-group__inner-container is-layout-flow wp-block-group-is-layout-flow\">\n<h2 class=\"wp-block-heading has-text-align-center\">Produktkategorien<\/h2>\n\n\n\n<div class=\"wp-block-columns margin-top-60 is-layout-flex wp-container-core-columns-is-layout-9d6595d7 wp-block-columns-is-layout-flex\">\n<div class=\"wp-block-column is-layout-flow wp-block-column-is-layout-flow\"><\/div>\n\n\n\n<div class=\"wp-block-column is-layout-flow wp-block-column-is-layout-flow\">\n<div class=\"wp-block-media-text alignwide is-stacked-on-mobile\" style=\"grid-template-columns:45% auto\"><figure class=\"wp-block-media-text__media\"><img decoding=\"async\" width=\"700\" height=\"800\" data-src=\"https:\/\/www.cdf1.com\/wp-content\/uploads\/2022\/03\/Untitled-700-\u00d7-800-px.jpg\" alt=\"\" class=\"wp-image-7024 size-full lazyload\" src=\"data:image\/svg+xml;base64,PHN2ZyB3aWR0aD0iMSIgaGVpZ2h0PSIxIiB4bWxucz0iaHR0cDovL3d3dy53My5vcmcvMjAwMC9zdmciPjwvc3ZnPg==\" style=\"--smush-placeholder-width: 700px; --smush-placeholder-aspect-ratio: 700\/800;\" \/><\/figure><div class=\"wp-block-media-text__content\">\n<h3 class=\"wp-block-heading\">Kissen-Liner<\/h3>\n\n\n\n<p><a href=\"https:\/\/www.cdf1.com\/de\/kategorie-kissen-liner-ibc\/\">Kategorie anzeigen &gt;<\/a><\/p>\n<\/div><\/div>\n<\/div>\n\n\n\n<div class=\"wp-block-column is-layout-flow wp-block-column-is-layout-flow\">\n<div class=\"wp-block-media-text alignwide is-stacked-on-mobile\" style=\"grid-template-columns:37% auto\"><figure class=\"wp-block-media-text__media\"><img decoding=\"async\" width=\"600\" height=\"800\" data-src=\"https:\/\/www.cdf1.com\/wp-content\/uploads\/2022\/03\/Untitled-design-2.jpg\" alt=\"\" class=\"wp-image-7021 size-full lazyload\" src=\"data:image\/svg+xml;base64,PHN2ZyB3aWR0aD0iMSIgaGVpZ2h0PSIxIiB4bWxucz0iaHR0cDovL3d3dy53My5vcmcvMjAwMC9zdmciPjwvc3ZnPg==\" style=\"--smush-placeholder-width: 600px; --smush-placeholder-aspect-ratio: 600\/800;\" \/><\/figure><div class=\"wp-block-media-text__content\">\n<h3 class=\"wp-block-heading\">Form-Fit&#x2122;-Liner<\/h3>\n\n\n\n<p><a href=\"https:\/\/www.cdf1.com\/de\/loesungen\/ibc-einsaetze\/formfit-liner-ibc-2-2\/\">Kategorie anzeigen &gt;<\/a><\/p>\n<\/div><\/div>\n<\/div>\n\n\n\n<div class=\"wp-block-column is-layout-flow wp-block-column-is-layout-flow\"><\/div>\n<\/div>\n<\/div><\/div>\n\n\n\n<div class=\"wp-block-group fixed-width fixed-1080 padding-top-140 padding-bottom-100 title-text-section below-heading-section bg-line-shape-contact\"><div class=\"wp-block-group__inner-container is-layout-flow wp-block-group-is-layout-flow\">\n<div class=\"wp-block-columns is-layout-flex wp-container-core-columns-is-layout-9d6595d7 wp-block-columns-is-layout-flex\">\n<div class=\"wp-block-column is-layout-flow wp-block-column-is-layout-flow\">\n<div class=\"wp-block-group section-title-mix text-wrap anim_init\"><div class=\"wp-block-group__inner-container is-layout-flow wp-block-group-is-layout-flow\">\n<h2 class=\"wp-block-heading\">IBC-Liner f\u00fcr<\/h2>\n\n\n\n<h3 class=\"wp-block-heading\"><strong>Lebensmittel und Getr\u00e4nke<\/strong><\/h3>\n<\/div><\/div>\n<\/div>\n\n\n\n<div class=\"wp-block-column is-layout-flow wp-block-column-is-layout-flow\">\n<div class=\"wp-block-group max-width-450 paragraph-wrap anim_init\"><div class=\"wp-block-group__inner-container is-layout-flow wp-block-group-is-layout-flow\">\n<p>Lohnverpacker f\u00fcr Lebensmittel und Getr\u00e4nke, Verarbeiter und Zutatenhersteller verlassen sich auf IBC-Verpackung als Gro\u00dfverpackungsl\u00f6sungen f\u00fcr Lebensmittel und Getr\u00e4nke. <\/p>\n\n\n\n<p>Wir kennen die zahlreichen Herausforderungen der Lebensmittel- und Getr\u00e4nkeindustrie hinsichtlich Gro\u00dfverpackungen sehr gut, und wir befolgen alle Regeln und Vorschriften unserer Industrie, um sicherzustellen, dass wir unseren Kunden die bestm\u00f6gliche Verpackung bereitstellen. <\/p>\n\n\n\n<p>Wir w\u00fcrden gerne auch Ihnen weiterhelfen.<\/p>\n<\/div><\/div>\n<\/div>\n<\/div>\n<\/div><\/div>\n\n\n\n<div class=\"wp-block-media-text alignwide has-media-on-the-right is-stacked-on-mobile img-text-section animated-art-box\"><div class=\"wp-block-media-text__content\">\n<div class=\"wp-block-group text-wrap max-width-450\"><div class=\"wp-block-group__inner-container is-layout-flow wp-block-group-is-layout-flow\">\n<h2 class=\"wp-block-heading\"><strong>F\u00fcr welche Lebensmittel sind IBC-Verpackungen geeignet?<\/strong><\/h2>\n\n\n\n<p>Es gibt zahllose Lebensmittel und Getr\u00e4nke, die von IBC-Verpackung profitieren k\u00f6nnten. Um nur einige der Fl\u00fcssigkeiten zu nennen, die von unserer L\u00f6sung profitieren k\u00f6nnten:<\/p>\n\n\n\n<ul class=\"wp-block-list\">\n<li>Cidre<\/li>\n\n\n\n<li>W\u00fcrzmittel<\/li>\n\n\n\n<li>Fette und \u00d6le<\/li>\n\n\n\n<li>Gew\u00fcrze<\/li>\n\n\n\n<li>Saft<\/li>\n\n\n\n<li>P\u00fcrees<\/li>\n\n\n\n<li>So\u00dfen<\/li>\n\n\n\n<li>S\u00fc\u00dfungsmittel<\/li>\n\n\n\n<li>Wein<\/li>\n<\/ul>\n\n\n\n<p>Wenn Sie eine zuverl\u00e4ssige Verpackungsl\u00f6sung f\u00fcr Ihre Fl\u00fcssigkeiten suchen, k\u00f6nnen wir Ihnen weiterhelfen. Auch viele Trockenlebensmittel k\u00f6nnen von unseren Verpackungsl\u00f6sungen profitieren. Dabei handelt es sich um:<\/p>\n\n\n\n<ul class=\"wp-block-list\">\n<li>Kaffee<\/li>\n\n\n\n<li>Trockenmischungen<\/li>\n\n\n\n<li>N\u00fcsse und K\u00f6rner<\/li>\n\n\n\n<li>Gew\u00fcrze<\/li>\n\n\n\n<li>Zucker und anderes Konfekt<\/li>\n\n\n\n<li>Vitamine und Nahrungsmittelerg\u00e4nzungsliste<\/li>\n<\/ul>\n\n\n\n<p>Wenn Sie gerne mehr dar\u00fcber erfahren m\u00f6chten, wie unsere Gro\u00dfverpackungsl\u00f6sungen f\u00fcr Lebensmittel und Getr\u00e4nke Ihnen helfen k\u00f6nnen, kontaktieren Sie uns noch heute.<\/p>\n<\/div><\/div>\n<\/div><figure class=\"wp-block-media-text__media\"><img decoding=\"async\" width=\"768\" height=\"936\" data-src=\"https:\/\/www.cdf1.com\/wp-content\/uploads\/2021\/09\/air-assit-large-image.jpg\" alt=\"\" class=\"wp-image-2838 size-full lazyload\" data-srcset=\"https:\/\/www.cdf1.com\/wp-content\/uploads\/2021\/09\/air-assit-large-image.jpg 768w, https:\/\/www.cdf1.com\/wp-content\/uploads\/2021\/09\/air-assit-large-image-246x300.jpg 246w\" data-sizes=\"(max-width: 768px) 100vw, 768px\" src=\"data:image\/svg+xml;base64,PHN2ZyB3aWR0aD0iMSIgaGVpZ2h0PSIxIiB4bWxucz0iaHR0cDovL3d3dy53My5vcmcvMjAwMC9zdmciPjwvc3ZnPg==\" style=\"--smush-placeholder-width: 768px; --smush-placeholder-aspect-ratio: 768\/936;\" \/><\/figure><\/div>\n\n\n\n<div class=\"wp-block-group fixed-width text-img-section vc-wrap padding-top-180 padding-bottom-100 pt-xs--60 pb-xs--60\"><div class=\"wp-block-group__inner-container is-layout-flow wp-block-group-is-layout-flow\">\n<div class=\"wp-block-columns is-layout-flex wp-container-core-columns-is-layout-9d6595d7 wp-block-columns-is-layout-flex\">\n<div class=\"wp-block-column is-layout-flow wp-block-column-is-layout-flow\">\n<div class=\"wp-block-group max-width-500\"><div class=\"wp-block-group__inner-container is-layout-flow wp-block-group-is-layout-flow\">\n<figure class=\"wp-block-image size-full shadow-wrap slide-in-up\"><img decoding=\"async\" width=\"768\" height=\"936\" data-src=\"https:\/\/www.cdf1.com\/wp-content\/uploads\/2021\/09\/Pillow-Shaped-Liners.jpg\" alt=\"Kissen-Liner\" class=\"wp-image-2841 lazyload\" title=\"\" data-srcset=\"https:\/\/www.cdf1.com\/wp-content\/uploads\/2021\/09\/Pillow-Shaped-Liners.jpg 768w, https:\/\/www.cdf1.com\/wp-content\/uploads\/2021\/09\/Pillow-Shaped-Liners-246x300.jpg 246w\" data-sizes=\"(max-width: 768px) 100vw, 768px\" src=\"data:image\/svg+xml;base64,PHN2ZyB3aWR0aD0iMSIgaGVpZ2h0PSIxIiB4bWxucz0iaHR0cDovL3d3dy53My5vcmcvMjAwMC9zdmciPjwvc3ZnPg==\" style=\"--smush-placeholder-width: 768px; --smush-placeholder-aspect-ratio: 768\/936;\" \/><\/figure>\n<\/div><\/div>\n<\/div>\n\n\n\n<div class=\"wp-block-column is-layout-flow wp-block-column-is-layout-flow\">\n<div class=\"wp-block-group text-wrap max-width-450\"><div class=\"wp-block-group__inner-container is-layout-flow wp-block-group-is-layout-flow\">\n<h2 class=\"wp-block-heading\"><strong>Kissen-Liner f\u00fcr IBC<\/strong><\/h2>\n\n\n\n<p>Wir bieten mehrere unterschiedliche IBC-Liner f\u00fcr die Verpackung von Lebensmitteln und Getr\u00e4nken an. Zu unseren beliebtesten L\u00f6sungen z\u00e4hlen unsere <a href=\"https:\/\/www.cdf1.com\/de\/kategorie-kissen-liner-ibc\/\">Kissen-Liner<\/a>, die f\u00fcr IBC entworfen wurden.<\/p>\n\n\n\n<p>Bef\u00fcllt nehmen diese industriellen IBC-Liner Kissenform an. Sie werden aus zwei bis drei Lagen von linearem Niederdruck-Poly\u00e4thylen und einer Trennfolie f\u00fcr sterile und Sauerstoff-Barriere-Anwendungen hergestellt. <\/p>\n\n\n\n<p>CDF hat den passenden Kissen-Liner f\u00fcr Ihren Prozess, ob von unten bef\u00fcllt, anhand einer Br\u00fccke von oben bef\u00fcllt, automatisch oder mit Hochgeschwindigkeit bef\u00fcllt. Die Kissen-Liner von CDF sind f\u00fcr unterschiedliche Produkte und vielf\u00e4ltige Anwendungsbereiche geeignet.<\/p>\n\n\n\n<p>Zu den Vorteilen dieser Liner z\u00e4hlen:<\/p>\n\n\n\n<ul class=\"wp-block-list\">\n<li>Sie sind einfach zu installieren.<\/li>\n\n\n\n<li>Am oberen Anschluss kann m\u00fchelos ein F\u00fcllschlauch angeschlossen werden.<\/li>\n\n\n\n<li>Diese flexible Verpackungsoption expandiert mit dem Produkt.<\/li>\n\n\n\n<li>Sie lassen sich zusammenfalten und einfach recyceln.<\/li>\n<\/ul>\n\n\n\n<p><a href=\"https:\/\/www.cdf1.com\/de\/kategorie-kissen-liner-ibc\/\">Kategorie anzeigen &gt;<\/a><\/p>\n<\/div><\/div>\n<\/div>\n<\/div>\n<\/div><\/div>\n\n\n\n<div class=\"wp-block-group bg-blue-shape-right-center\"><div class=\"wp-block-group__inner-container is-layout-flow wp-block-group-is-layout-flow\">\n<div class=\"wp-block-group fixed-width text-img-section vc-wrap padding-top-180 padding-bottom-100 pt-xs--100 pb-xs--60 has-text-color\" style=\"color:#000000\"><div class=\"wp-block-group__inner-container is-layout-flow wp-block-group-is-layout-flow\">\n<div class=\"wp-block-columns is-layout-flex wp-container-core-columns-is-layout-9d6595d7 wp-block-columns-is-layout-flex\">\n<div class=\"wp-block-column is-layout-flow wp-block-column-is-layout-flow\">\n<div class=\"wp-block-group text-wrap max-width-450\"><div class=\"wp-block-group__inner-container is-layout-flow wp-block-group-is-layout-flow\">\n<h2 class=\"wp-block-heading\"><strong>Form-Fit\u00ae IBC-Liner<\/strong><\/h2>\n\n\n\n<p>Wir bieten au\u00dferdem <a href=\"https:\/\/www.cdf1.com\/de\/loesungen\/ibc-einsaetze\/formfit-liner-ibc-2-2\/\"> Form-Fit-Liner<\/a> f\u00fcr Intermediate Bulk Container. Sie k\u00f6nnen an die Dimensionen Ihrer Beh\u00e4lter angepasst werden. Au\u00dferdem stehen Ihnen unterschiedliche Anschl\u00fcsse und Folien zur Auswahl. Sie sind mit der Smart Seal Technology ausgestattet und dank der perforierten Klappen bleiben die Liner an Ort und Stelle.<\/p>\n\n\n\n<p>Die wichtigsten Vorteile dieser Option auf einen Blick:<\/p>\n\n\n\n<ul class=\"wp-block-list\">\n<li>Dank der einzigartigen F\u00fclltechnologie m\u00fcssen die Liner beim Bef\u00fcllen nicht gehandhabt werden.<\/li>\n\n\n\n<li>Sie k\u00f6nnen anhand einer Br\u00fccke m\u00fchelos installiert werden.<\/li>\n\n\n\n<li>Sie haben keine Taschen oder Falten, was die maximale Produktevakuierung erm\u00f6glicht.<\/li>\n\n\n\n<li>Sie lassen sich einfach an den F\u00fcllschlauch anschlie\u00dfen.<\/li>\n\n\n\n<li>Die Smart Seal Technology optimiert Pr\u00e4zision und Einheitlichkeit und \u00fcberwacht Temperatur, Zeit und Druck.<\/li>\n<\/ul>\n\n\n\n<p>Sie haben Zugang zu entfernbaren Ausrichtern in den IBC, wodurch Sie beim Bef\u00fcllen und Transport Geld sparen. Wir w\u00fcrden gerne auch Ihnen weiterhelfen. Wenn Sie gern mehr \u00fcber dar\u00fcber erfahren m\u00f6chten, wie unsere einzigartigen Liner auch Ihre Lebensmittel- und Getr\u00e4nkeverpackung verbessern k\u00f6nnen, kontaktieren Sie uns noch heute und sprechen Sie mit einem unserer Kundendienstmitglieder.<\/p>\n\n\n\n<p><a href=\"https:\/\/www.cdf1.com\/de\/loesungen\/ibc-einsaetze\/formfit-liner-ibc-2-2\/\">Kategorie anzeigen &gt;<\/a><\/p>\n<\/div><\/div>\n<\/div>\n\n\n\n<div class=\"wp-block-column is-layout-flow wp-block-column-is-layout-flow\">\n<div class=\"wp-block-group max-width-500\"><div class=\"wp-block-group__inner-container is-layout-flow wp-block-group-is-layout-flow\">\n<figure class=\"wp-block-image size-full shadow-wrap slide-in-up\"><img decoding=\"async\" width=\"768\" height=\"936\" data-src=\"https:\/\/www.cdf1.com\/wp-content\/uploads\/2021\/09\/form-fit.jpg\" alt=\"Form-Fit&#x2122;-Liner\" class=\"wp-image-2834 lazyload\" title=\"\" data-srcset=\"https:\/\/www.cdf1.com\/wp-content\/uploads\/2021\/09\/form-fit.jpg 768w, https:\/\/www.cdf1.com\/wp-content\/uploads\/2021\/09\/form-fit-246x300.jpg 246w\" data-sizes=\"(max-width: 768px) 100vw, 768px\" src=\"data:image\/svg+xml;base64,PHN2ZyB3aWR0aD0iMSIgaGVpZ2h0PSIxIiB4bWxucz0iaHR0cDovL3d3dy53My5vcmcvMjAwMC9zdmciPjwvc3ZnPg==\" style=\"--smush-placeholder-width: 768px; --smush-placeholder-aspect-ratio: 768\/936;\" \/><\/figure>\n<\/div><\/div>\n<\/div>\n<\/div>\n<\/div><\/div>\n<\/div><\/div>\n\n\n\n<div class=\"wp-block-group fixed-width img-text-section vc-wrap padding-top-180 padding-bottom-100 pt-xs--0 pb-xs--0 has-text-color\" style=\"color:#000000\"><div class=\"wp-block-group__inner-container is-layout-flow wp-block-group-is-layout-flow\">\n<div class=\"wp-block-columns is-layout-flex wp-container-core-columns-is-layout-9d6595d7 wp-block-columns-is-layout-flex\">\n<div class=\"wp-block-column is-layout-flow wp-block-column-is-layout-flow\">\n<div class=\"wp-block-group max-width-500\"><div class=\"wp-block-group__inner-container is-layout-flow wp-block-group-is-layout-flow\">\n<figure class=\"wp-block-image size-full shadow-wrap slide-in-up\"><img decoding=\"async\" width=\"768\" height=\"936\" data-src=\"https:\/\/www.cdf1.com\/wp-content\/uploads\/2021\/09\/air-assit-large-image.jpg\" alt=\"Das Air-Assist-Design\" class=\"wp-image-2838 lazyload\" title=\"\" data-srcset=\"https:\/\/www.cdf1.com\/wp-content\/uploads\/2021\/09\/air-assit-large-image.jpg 768w, https:\/\/www.cdf1.com\/wp-content\/uploads\/2021\/09\/air-assit-large-image-246x300.jpg 246w\" data-sizes=\"(max-width: 768px) 100vw, 768px\" src=\"data:image\/svg+xml;base64,PHN2ZyB3aWR0aD0iMSIgaGVpZ2h0PSIxIiB4bWxucz0iaHR0cDovL3d3dy53My5vcmcvMjAwMC9zdmciPjwvc3ZnPg==\" style=\"--smush-placeholder-width: 768px; --smush-placeholder-aspect-ratio: 768\/936;\" \/><\/figure>\n<\/div><\/div>\n<\/div>\n\n\n\n<div class=\"wp-block-column is-layout-flow wp-block-column-is-layout-flow\">\n<div class=\"wp-block-group text-wrap max-width-450\"><div class=\"wp-block-group__inner-container is-layout-flow wp-block-group-is-layout-flow\">\n<h2 class=\"wp-block-heading\">Air-Assist\u00ae<\/h2>\n\n\n\n<p>Air-Assist\u00ae liefert die gleichen Vorteile wie Form-Fit, aber mit dem Vorteil, dass eine Luftblase die Produktverteilung verbessert. Air Assist ist f\u00fcr viskose Produkte gedacht. Es erleichtert die Produktverteilung und verbessert die Evakuierung. <\/p>\n\n\n\n<p>Mit dem Aufblasen der Luftblase wird Luft gegen den Form-Fit-Liner gedr\u00fcckt und damit die Produkt-Evakuierung vom Beh\u00e4ltergrund unterst\u00fctzt. Auf diese Weise wird die Produkt-Evakuierung verbessert und es verbleiben weniger R\u00fcckst\u00e4nde im Liner. Konzipiert f\u00fcr die Freihand-Entleerung. Sobald der Luftregler befestigt ist, muss der Bediener nicht mehr eingreifen.<\/p>\n\n\n\n<p><a href=\"https:\/\/www.cdf1.com\/de\/loesungen\/ibc-einsaetze\/air-assist\/\">Produkt anzeigen<\/a><\/p>\n<\/div><\/div>\n<\/div>\n<\/div>\n<\/div><\/div>\n\n\n\n<div class=\"wp-block-cover is-light animated-bg-img fixed-1280 bg-bubble-section\" style=\"min-height:780px;aspect-ratio:unset;\"><span aria-hidden=\"true\" class=\"wp-block-cover__background has-background-dim-0 has-background-dim\"><\/span><img decoding=\"async\" width=\"2560\" height=\"2021\" class=\"wp-block-cover__image-background wp-image-2795 lazyload\" alt=\"\" data-src=\"https:\/\/www.cdf1.com\/wp-content\/uploads\/2021\/09\/cdf-center-green-shape.jpg\" style=\"--smush-placeholder-width: 2560px; --smush-placeholder-aspect-ratio: 2560\/2021;object-position:57% 51%\" data-object-fit=\"cover\" data-object-position=\"57% 51%\" data-srcset=\"https:\/\/www.cdf1.com\/wp-content\/uploads\/2021\/09\/cdf-center-green-shape.jpg 2560w, https:\/\/www.cdf1.com\/wp-content\/uploads\/2021\/09\/cdf-center-green-shape-300x237.jpg 300w, https:\/\/www.cdf1.com\/wp-content\/uploads\/2021\/09\/cdf-center-green-shape-1024x808.jpg 1024w, https:\/\/www.cdf1.com\/wp-content\/uploads\/2021\/09\/cdf-center-green-shape-768x606.jpg 768w, https:\/\/www.cdf1.com\/wp-content\/uploads\/2021\/09\/cdf-center-green-shape-1536x1213.jpg 1536w, https:\/\/www.cdf1.com\/wp-content\/uploads\/2021\/09\/cdf-center-green-shape-2048x1617.jpg 2048w\" data-sizes=\"(max-width: 2560px) 100vw, 2560px\" src=\"data:image\/svg+xml;base64,PHN2ZyB3aWR0aD0iMSIgaGVpZ2h0PSIxIiB4bWxucz0iaHR0cDovL3d3dy53My5vcmcvMjAwMC9zdmciPjwvc3ZnPg==\" \/><div class=\"wp-block-cover__inner-container is-layout-flow wp-block-cover-is-layout-flow\">\n<div class=\"wp-block-group fixed-width fixed-700 cta-in-blob-wrap padding-top-150\"><div class=\"wp-block-group__inner-container is-layout-flow wp-block-group-is-layout-flow\">\n<div class=\"wp-block-ideabox-counter ibc-liners-counter\"><div class=\"ib-counter-container\" style=\"text-align:center\"><div class=\"ib-counter\" style=\"font-size:65px;color:#15614d\"><span class=\"ib-counter-number\" data-from-value=\"0\" data-to-value=\"99\" data-delimiter=\"none\" data-duration=\"5000\">0<\/span><span class=\"ib-counter-number-suffix\">0,5 %<\/span><\/div><\/div><\/div>\n<\/div><\/div>\n\n\n\n<div class=\"wp-block-group fixed-width fixed-700 cta-in-blob-wrap padding-bottom-100\"><div class=\"wp-block-group__inner-container is-layout-flow wp-block-group-is-layout-flow\">\n<p class=\"has-text-align-center has-text-color\" style=\"color:#15614d\">Air-Assist liefert im Vergleich zu traditionellen IBC-Linern eine Produktevakuierung von 99,5 %.&nbsp;<\/p>\n<\/div><\/div>\n\n\n\n<p class=\"has-text-align-center has-large-font-size\"><\/p>\n<\/div><\/div>\n\n\n\n<div class=\"wp-block-cover inner-page-cta-section\"><span aria-hidden=\"true\" class=\"wp-block-cover__background has-background-dim-100 has-background-dim\" style=\"background-color:#015174\"><\/span><div class=\"wp-block-cover__inner-container is-layout-flow wp-block-cover-is-layout-flow\">\n<div class=\"wp-block-group fixed-width fixed-980 padding-top-100 text-wrap\"><div class=\"wp-block-group__inner-container is-layout-flow wp-block-group-is-layout-flow\">\n<h2 class=\"wp-block-heading has-text-align-center\"><strong><strong>Finden Sie noch heute die Verpackungsl\u00f6sung f\u00fcr Ihre Lebensmittel und Getr\u00e4nke!<\/strong><\/strong><\/h2>\n<\/div><\/div>\n\n\n\n<div class=\"wp-block-group fixed-width fixed-780 padding-bottom-80 text-wrap\"><div class=\"wp-block-group__inner-container is-layout-flow wp-block-group-is-layout-flow\">\n<p class=\"has-text-align-center\">Wenn Sie besondere Bed\u00fcrfnisse haben, die eine gut durchdachte L\u00f6sung braucht, wenden Sie sich jederzeit an die Verpackungsexperten von Mindful Solution.<\/p>\n\n\n\n<p class=\"has-text-align-center outlined-white-link margin-top-60\"><a href=\"https:\/\/www.cdf1.com\/de\/kontaktieren-sie-uns\/\">Kontaktieren Sie uns<\/a><\/p>\n<\/div><\/div>\n<\/div><\/div>\n\n\n\n<div style=\"padding-left:10%;padding-right:10%;padding-bottom:4%;padding-top:5%\" class=\"wp-block-genesis-blocks-gb-container alignfull gb-block-container\"><div class=\"gb-container-inside\"><div class=\"gb-container-image-wrap\"><img decoding=\"async\" class=\"gb-container-image has-background-dim-100 has-background-dim lazyload\" data-src=\"https:\/\/www.cdf1.com\/wp-content\/uploads\/2022\/04\/Contact_Background.png\" alt=\"\" src=\"data:image\/svg+xml;base64,PHN2ZyB3aWR0aD0iMSIgaGVpZ2h0PSIxIiB4bWxucz0iaHR0cDovL3d3dy53My5vcmcvMjAwMC9zdmciPjwvc3ZnPg==\" style=\"--smush-placeholder-width: 1920px; --smush-placeholder-aspect-ratio: 1920\/770;\" \/><\/div><div class=\"gb-container-content\">\n<div class=\"wp-block-columns is-layout-flex wp-container-core-columns-is-layout-9d6595d7 wp-block-columns-is-layout-flex\">\n<div class=\"wp-block-column is-layout-flow wp-block-column-is-layout-flow\">\n<div style=\"background-color:#bfe0ef;padding-left:5%;padding-right:5%;padding-bottom:3%;padding-top:5%\" class=\"wp-block-genesis-blocks-gb-container gb-block-container\"><div class=\"gb-container-inside\"><div class=\"gb-container-content\">\n<h2 class=\"wp-block-heading has-text-color\" style=\"color:#245171\">Haben Sie Fragen \u00fcber dieses Produkt?<\/h2>\n\n\n\n<p class=\"has-text-color\" style=\"color:#158db7\">Unsere spezialisierten Ingenieure k\u00f6nnen Kunden in allen Industriezweigen mit einer gut durchdachten L\u00f6sung beraten, um ihre Verpackungs- und Nachhaltigkeitsbed\u00fcrfnisse zu erf\u00fcllen, angefangen bei innovativer Forschung und Entwicklung bis hin zum Ausarbeiten von personalisierbaren Designs.<\/p>\n\n\n\n<p class=\"has-text-color\" style=\"color:#158db7\">Mit \u00fcber 50 Jahren Erfahrung arbeitet unser Ingenieur-Team mit jedem Kunden zusammen, um eine neue Verpackungsl\u00f6sung zu konzipieren, angefangen bei der Auswahl des Einsatzes bis hin zur vollst\u00e4ndigen Systemintegration und der Anpassung vorhandener Produkte.<\/p>\n<\/div><\/div><\/div>\n<\/div>\n\n\n\n<div class=\"wp-block-column is-layout-flow wp-block-column-is-layout-flow\">\n\n\t\t\t\t\t\t<script>\n\t\t\t\t\t\t\twindow.hsFormsOnReady = window.hsFormsOnReady || [];\n\t\t\t\t\t\t\twindow.hsFormsOnReady.push(()=>{\n\t\t\t\t\t\t\t\thbspt.forms.create({\n\t\t\t\t\t\t\t\t\tportalId: 1984976,\n\t\t\t\t\t\t\t\t\tformId: \"3db78b9f-9672-4a75-a693-0caea96daf38\",\n\t\t\t\t\t\t\t\t\ttarget: \"#hbspt-form-1775412040000-7695087690\",\n\t\t\t\t\t\t\t\t\tregion: \"na1\",\n\t\t\t\t\t\t\t\t\t\n\t\t\t\t\t\t\t})});\n\t\t\t\t\t\t<\/script>\n\t\t\t\t\t\t<div class=\"hbspt-form\" id=\"hbspt-form-1775412040000-7695087690\"><\/div>\n<\/div>\n<\/div>\n<\/div><\/div><\/div>\n","protected":false},"excerpt":{"rendered":"<p>IBC-Liner f\u00fcr Lebensmittel- und Getr\u00e4nke-verpackungen Produktkategorien Kissen-Liner Kategorie anzeigen &gt; Form-Fit&#x2122;-Liner Kategorie anzeigen &gt; IBC-Liner f\u00fcr Lebensmittel und Getr\u00e4nke Lohnverpacker f\u00fcr Lebensmittel und Getr\u00e4nke, Verarbeiter und Zutatenhersteller verlassen sich auf IBC-Verpackung als Gro\u00dfverpackungsl\u00f6sungen f\u00fcr Lebensmittel und Getr\u00e4nke. Wir kennen die zahlreichen Herausforderungen der Lebensmittel- und Getr\u00e4nkeindustrie hinsichtlich Gro\u00dfverpackungen sehr gut, und wir befolgen alle Regeln [&hellip;]<\/p>\n","protected":false},"author":10,"featured_media":1881,"parent":0,"menu_order":0,"comment_status":"closed","ping_status":"closed","template":"","meta":{"_acf_changed":false,"content-type":"","_genesis_hide_title":false,"_genesis_hide_breadcrumbs":false,"_genesis_hide_singular_image":false,"_genesis_hide_footer_widgets":false,"_genesis_custom_body_class":"","_genesis_custom_post_class":"","_genesis_layout":"","footnotes":""},"class_list":{"0":"post-9450","1":"page","2":"type-page","3":"status-publish","4":"has-post-thumbnail","6":"entry"},"acf":[],"featured_image_src":"https:\/\/www.cdf1.com\/wp-content\/uploads\/2020\/07\/new-feature-placeholder-sliced.png","featured_image_src_square":"https:\/\/www.cdf1.com\/wp-content\/uploads\/2020\/07\/new-feature-placeholder-sliced.png","_links":{"self":[{"href":"https:\/\/www.cdf1.com\/de\/wp-json\/wp\/v2\/pages\/9450","targetHints":{"allow":["GET"]}}],"collection":[{"href":"https:\/\/www.cdf1.com\/de\/wp-json\/wp\/v2\/pages"}],"about":[{"href":"https:\/\/www.cdf1.com\/de\/wp-json\/wp\/v2\/types\/page"}],"author":[{"embeddable":true,"href":"https:\/\/www.cdf1.com\/de\/wp-json\/wp\/v2\/users\/10"}],"replies":[{"embeddable":true,"href":"https:\/\/www.cdf1.com\/de\/wp-json\/wp\/v2\/comments?post=9450"}],"version-history":[{"count":8,"href":"https:\/\/www.cdf1.com\/de\/wp-json\/wp\/v2\/pages\/9450\/revisions"}],"predecessor-version":[{"id":11185,"href":"https:\/\/www.cdf1.com\/de\/wp-json\/wp\/v2\/pages\/9450\/revisions\/11185"}],"wp:featuredmedia":[{"embeddable":true,"href":"https:\/\/www.cdf1.com\/de\/wp-json\/wp\/v2\/media\/1881"}],"wp:attachment":[{"href":"https:\/\/www.cdf1.com\/de\/wp-json\/wp\/v2\/media?parent=9450"}],"curies":[{"name":"wp","href":"https:\/\/api.w.org\/{rel}","templated":true}]}}