{"id":9441,"date":"2023-10-12T09:59:08","date_gmt":"2023-10-12T09:59:08","guid":{"rendered":"https:\/\/www.cdf1.com\/ibc-einsaetze\/anschluesse-fuer-ibc\/"},"modified":"2024-02-20T13:33:15","modified_gmt":"2024-02-20T13:33:15","slug":"anschluesse-fuer-ibc","status":"publish","type":"page","link":"https:\/\/www.cdf1.com\/de\/loesungen\/ibc-einsaetze\/anschluesse-fuer-ibc\/","title":{"rendered":"Anschl\u00fcsse f\u00fcr IBC"},"content":{"rendered":"\n<h2 class=\"wp-block-heading\">Anschl\u00fcsse und Montagen<\/h2>\n\n<div class=\"wp-block-columns is-layout-flex wp-container-core-columns-is-layout-9d6595d7 wp-block-columns-is-layout-flex\">\n<div class=\"wp-block-column is-layout-flow wp-block-column-is-layout-flow\">\n<h3 class=\"wp-block-heading\">1\u201d und 2\u201d sterile Anschl\u00fcsse:<\/h3>\n<\/div>\n\n\n\n<div class=\"wp-block-column is-layout-flow wp-block-column-is-layout-flow\">\n<h3 class=\"wp-block-heading\">Der neue Standard: 2\u201d Camlock und DN50 Anschluss:<\/h3>\n<\/div>\n\n\n\n<div class=\"wp-block-column is-layout-flow wp-block-column-is-layout-flow\">\n<h3 class=\"wp-block-heading\">Klassischer 2\u201d und 3\u201d BSP-Anschluss:<\/h3>\n<\/div>\n<\/div>\n\n<div class=\"wp-block-columns is-layout-flex wp-container-core-columns-is-layout-9d6595d7 wp-block-columns-is-layout-flex\">\n<div class=\"wp-block-column is-layout-flow wp-block-column-is-layout-flow\">\n<p>In verschiedenen Versionen f\u00fcr Hitze- und K\u00e4ltesterilisierung und f\u00fcr verschiedene F\u00fcller erh\u00e4ltlich. Ideal f\u00fcr Fruchts\u00e4fte, Konzentrate, Pr\u00e4parate, Fl\u00fcssigei, Molkereiprodukte usw. geeignet.<\/p>\n<\/div>\n\n\n\n<div class=\"wp-block-column is-layout-flow wp-block-column-is-layout-flow\">\n<p>F\u00fcr einen direkten, einfachen und hygienischen Anschluss ohne Adapter. CDF hat diese Teile entwickelt, um Koppler zu ersetzen. Ideal f\u00fcr Anwendungen nach dem 2\u201c BSP-Standard geeignet.<\/p>\n<\/div>\n\n\n\n<div class=\"wp-block-column is-layout-flow wp-block-column-is-layout-flow\">\n<p>F\u00fcr allgemeine und sterile Anwendungen. In den \u00fcblichen 2\u201c- und 3\u201c-Dimensionen.<\/p>\n<\/div>\n<\/div>\n\n<div style=\"padding-top:2%\" class=\"wp-block-genesis-blocks-gb-container accessories gb-block-container\"><div class=\"gb-container-inside\"><div class=\"gb-container-content\">\n<div class=\"wp-block-genesis-blocks-gb-columns gb-layout-columns-3 gb-3-col-equal\" style=\"margin-bottom:40px\"><div class=\"gb-layout-column-wrap gb-block-layout-column-gap-2 gb-is-responsive-column\">\n<div class=\"wp-block-genesis-blocks-gb-column gb-block-layout-column\"><div class=\"gb-block-layout-column-inner\">\n<figure class=\"wp-block-image size-full\"><img decoding=\"async\" data-src=\"https:\/\/www.cdf1.com\/wp-content\/uploads\/2022\/06\/IC-6002-IC-6003.jpg\" alt=\"\" class=\"wp-image-7628 lazyload\" src=\"data:image\/svg+xml;base64,PHN2ZyB3aWR0aD0iMSIgaGVpZ2h0PSIxIiB4bWxucz0iaHR0cDovL3d3dy53My5vcmcvMjAwMC9zdmciPjwvc3ZnPg==\" style=\"--smush-placeholder-width: 500px; --smush-placeholder-aspect-ratio: 500\/333;\" \/><\/figure>\n\n\n\n<p><strong>IC-6002 und IC-6003<\/strong><br\/>6\u201c Trapezbuchses<\/p>\n<\/div><\/div>\n\n\n\n<div class=\"wp-block-genesis-blocks-gb-column gb-block-layout-column\"><div class=\"gb-block-layout-column-inner\">\n<figure class=\"wp-block-image size-full\"><img decoding=\"async\" data-src=\"https:\/\/www.cdf1.com\/wp-content\/uploads\/2022\/06\/2_BSP.png\" alt=\"\" class=\"wp-image-7629 lazyload\" src=\"data:image\/svg+xml;base64,PHN2ZyB3aWR0aD0iMSIgaGVpZ2h0PSIxIiB4bWxucz0iaHR0cDovL3d3dy53My5vcmcvMjAwMC9zdmciPjwvc3ZnPg==\" style=\"--smush-placeholder-width: 626px; --smush-placeholder-aspect-ratio: 626\/417;\" \/><\/figure>\n\n\n\n<p>2&#8243; BSP<\/p>\n<\/div><\/div>\n\n\n\n<div class=\"wp-block-genesis-blocks-gb-column gb-block-layout-column\"><div class=\"gb-block-layout-column-inner\">\n<figure class=\"wp-block-image size-full\"><img decoding=\"async\" data-src=\"https:\/\/www.cdf1.com\/wp-content\/uploads\/2022\/06\/3_BSP-Gland.jpg\" alt=\"\" class=\"wp-image-7630 lazyload\" src=\"data:image\/svg+xml;base64,PHN2ZyB3aWR0aD0iMSIgaGVpZ2h0PSIxIiB4bWxucz0iaHR0cDovL3d3dy53My5vcmcvMjAwMC9zdmciPjwvc3ZnPg==\" style=\"--smush-placeholder-width: 500px; --smush-placeholder-aspect-ratio: 500\/333;\" \/><\/figure>\n\n\n\n<p>3&#8243; BSP-Anschluss<\/p>\n<\/div><\/div>\n<\/div><\/div>\n\n\n\n<div class=\"wp-block-genesis-blocks-gb-columns gb-layout-columns-3 gb-3-col-equal\" style=\"margin-bottom:40px\"><div class=\"gb-layout-column-wrap gb-block-layout-column-gap-2 gb-is-responsive-column\">\n<div class=\"wp-block-genesis-blocks-gb-column gb-block-layout-column\"><div class=\"gb-block-layout-column-inner\">\n<figure class=\"wp-block-image size-full\"><img decoding=\"async\" data-src=\"https:\/\/www.cdf1.com\/wp-content\/uploads\/2022\/06\/DN50.jpg\" alt=\"\" class=\"wp-image-7631 lazyload\" src=\"data:image\/svg+xml;base64,PHN2ZyB3aWR0aD0iMSIgaGVpZ2h0PSIxIiB4bWxucz0iaHR0cDovL3d3dy53My5vcmcvMjAwMC9zdmciPjwvc3ZnPg==\" style=\"--smush-placeholder-width: 500px; --smush-placeholder-aspect-ratio: 500\/333;\" \/><\/figure>\n\n\n\n<p>DN50<\/p>\n\n\n\n<p><a href=\"https:\/\/www.cdf1.com\/de\/camlock-und-dn50\/\" target=\"_blank\" rel=\"noreferrer noopener\">Produkte anzeigen<\/a><br\/><\/p>\n<\/div><\/div>\n\n\n\n<div class=\"wp-block-genesis-blocks-gb-column gb-block-layout-column\"><div class=\"gb-block-layout-column-inner\">\n<figure class=\"wp-block-image size-full\"><img decoding=\"async\" data-src=\"https:\/\/www.cdf1.com\/wp-content\/uploads\/2022\/06\/Camlock-2_.jpg\" alt=\"\" class=\"wp-image-7632 lazyload\" src=\"data:image\/svg+xml;base64,PHN2ZyB3aWR0aD0iMSIgaGVpZ2h0PSIxIiB4bWxucz0iaHR0cDovL3d3dy53My5vcmcvMjAwMC9zdmciPjwvc3ZnPg==\" style=\"--smush-placeholder-width: 500px; --smush-placeholder-aspect-ratio: 500\/333;\" \/><\/figure>\n\n\n\n<p>Camlock 2&#8243;<\/p>\n\n\n\n<p><a href=\"https:\/\/www.cdf1.com\/de\/camlock-und-dn50\/\" target=\"_blank\" rel=\"noreferrer noopener\">Produkte anzeigen<\/a><\/p>\n<\/div><\/div>\n\n\n\n<div class=\"wp-block-genesis-blocks-gb-column gb-block-layout-column\"><div class=\"gb-block-layout-column-inner\">\n<figure class=\"wp-block-image size-full\"><img decoding=\"async\" data-src=\"https:\/\/www.cdf1.com\/wp-content\/uploads\/2022\/06\/IC-7001-IC-7002.jpg\" alt=\"\" class=\"wp-image-7633 lazyload\" src=\"data:image\/svg+xml;base64,PHN2ZyB3aWR0aD0iMSIgaGVpZ2h0PSIxIiB4bWxucz0iaHR0cDovL3d3dy53My5vcmcvMjAwMC9zdmciPjwvc3ZnPg==\" style=\"--smush-placeholder-width: 500px; --smush-placeholder-aspect-ratio: 500\/333;\" \/><\/figure>\n\n\n\n<p><strong>IC-7001 und IC-7002<\/strong><br\/><\/p>\n<\/div><\/div>\n<\/div><\/div>\n\n\n\n<div class=\"wp-block-genesis-blocks-gb-columns gb-layout-columns-3 gb-3-col-equal\" style=\"margin-bottom:40px\"><div class=\"gb-layout-column-wrap gb-block-layout-column-gap-2 gb-is-responsive-column\">\n<div class=\"wp-block-genesis-blocks-gb-column gb-block-layout-column\"><div class=\"gb-block-layout-column-inner\">\n<figure class=\"wp-block-image size-full\"><img decoding=\"async\" data-src=\"https:\/\/www.cdf1.com\/wp-content\/uploads\/2022\/06\/IC-1023-1_-Aseptic-KS.jpg\" alt=\"\" class=\"wp-image-7634 lazyload\" src=\"data:image\/svg+xml;base64,PHN2ZyB3aWR0aD0iMSIgaGVpZ2h0PSIxIiB4bWxucz0iaHR0cDovL3d3dy53My5vcmcvMjAwMC9zdmciPjwvc3ZnPg==\" style=\"--smush-placeholder-width: 500px; --smush-placeholder-aspect-ratio: 500\/333;\" \/><\/figure>\n\n\n\n<p><strong>IC-1023<\/strong><br\/>1&#8243; steriles KS<\/p>\n<\/div><\/div>\n\n\n\n<div class=\"wp-block-genesis-blocks-gb-column gb-block-layout-column\"><div class=\"gb-block-layout-column-inner\">\n<figure class=\"wp-block-image size-full\"><img decoding=\"async\" data-src=\"https:\/\/www.cdf1.com\/wp-content\/uploads\/2022\/06\/IC-1007.jpg\" alt=\"\" class=\"wp-image-7635 lazyload\" src=\"data:image\/svg+xml;base64,PHN2ZyB3aWR0aD0iMSIgaGVpZ2h0PSIxIiB4bWxucz0iaHR0cDovL3d3dy53My5vcmcvMjAwMC9zdmciPjwvc3ZnPg==\" style=\"--smush-placeholder-width: 500px; --smush-placeholder-aspect-ratio: 500\/333;\" \/><\/figure>\n\n\n\n<p><strong>IC-1007<\/strong><br\/><\/p>\n<\/div><\/div>\n\n\n\n<div class=\"wp-block-genesis-blocks-gb-column gb-block-layout-column\"><div class=\"gb-block-layout-column-inner\">\n<p><\/p>\n<\/div><\/div>\n<\/div><\/div>\n<\/div><\/div><\/div>\n\n<div style=\"padding-bottom:4%;padding-top:5%\" class=\"wp-block-genesis-blocks-gb-container alignfull gb-block-container\"><div class=\"gb-container-inside\"><div class=\"gb-container-image-wrap\"><img decoding=\"async\" class=\"gb-container-image has-background-dim-100 has-background-dim lazyload\" data-src=\"https:\/\/www.cdf1.com\/wp-content\/uploads\/2022\/04\/Contact_Background.png\" alt=\"\" src=\"data:image\/svg+xml;base64,PHN2ZyB3aWR0aD0iMSIgaGVpZ2h0PSIxIiB4bWxucz0iaHR0cDovL3d3dy53My5vcmcvMjAwMC9zdmciPjwvc3ZnPg==\" style=\"--smush-placeholder-width: 1920px; --smush-placeholder-aspect-ratio: 1920\/770;\" \/><\/div><div class=\"gb-container-content\">\n<div class=\"wp-block-columns is-layout-flex wp-container-core-columns-is-layout-9d6595d7 wp-block-columns-is-layout-flex\">\n<div class=\"wp-block-column is-layout-flow wp-block-column-is-layout-flow\">\n<div style=\"background-color:#bfe0ef;padding-left:5%;padding-right:5%;padding-bottom:3%;padding-top:5%\" class=\"wp-block-genesis-blocks-gb-container gb-block-container\"><div class=\"gb-container-inside\"><div class=\"gb-container-content\">\n<h2 class=\"wp-block-heading has-text-color\" style=\"color:#245171\">Sprechen Sie mit einem Verpackungsexperten<\/h2>\n\n\n\n<p class=\"has-text-color\" style=\"color:#158db7\">Aenean pharetra magna ac placerat vestibulum. Integer quis auctor elit sed vulputate mi sit amet mauris. Pretium lectus quam id Leo. Curabitur gravida arcu ac tortor dign issim. Enim sed faucibus turpis in eu mi. Diam quis enim lobortis scelerisque fermentum dui faucibus in ornare. <\/p>\n\n\n\n<p class=\"has-text-color\" style=\"color:#158db7\">Orci nulla pellentesque dignissim enim sit amet venenatis. Libero justo laoreet sit amet cursus. Tempor orci eu lobortis elementum nibh tellus. Augue mauris augue neque gravida in fermentum et. Risus feugiat in ante metus dictum at tempor commodo ullamcorper. Volutpat consequat mauris nunc congue nisi vitae suscipit. Egestas purus viverra accumsan in nisl.<\/p>\n<\/div><\/div><\/div>\n<\/div>\n\n\n\n<div class=\"wp-block-column is-layout-flow wp-block-column-is-layout-flow\">\n\n\t\t\t\t\t\t<script>\n\t\t\t\t\t\t\twindow.hsFormsOnReady = window.hsFormsOnReady || [];\n\t\t\t\t\t\t\twindow.hsFormsOnReady.push(()=>{\n\t\t\t\t\t\t\t\thbspt.forms.create({\n\t\t\t\t\t\t\t\t\tportalId: 1984976,\n\t\t\t\t\t\t\t\t\tformId: \"325f01e0-f041-4a4d-a293-00e8c42f3069\",\n\t\t\t\t\t\t\t\t\ttarget: \"#hbspt-form-1775430110000-7261908690\",\n\t\t\t\t\t\t\t\t\tregion: \"na1\",\n\t\t\t\t\t\t\t\t\t\n\t\t\t\t\t\t\t})});\n\t\t\t\t\t\t<\/script>\n\t\t\t\t\t\t<div class=\"hbspt-form\" id=\"hbspt-form-1775430110000-7261908690\"><\/div>\n<\/div>\n<\/div>\n<\/div><\/div><\/div>\n","protected":false},"excerpt":{"rendered":"<p>Anschl\u00fcsse und Montagen 1\u201d und 2\u201d sterile Anschl\u00fcsse: Der neue Standard: 2\u201d Camlock und DN50 Anschluss: Klassischer 2\u201d und 3\u201d BSP-Anschluss: In verschiedenen Versionen f\u00fcr Hitze- und K\u00e4ltesterilisierung und f\u00fcr verschiedene F\u00fcller erh\u00e4ltlich. Ideal f\u00fcr Fruchts\u00e4fte, Konzentrate, Pr\u00e4parate, Fl\u00fcssigei, Molkereiprodukte usw. geeignet. F\u00fcr einen direkten, einfachen und hygienischen Anschluss ohne Adapter. CDF hat diese Teile [&hellip;]<\/p>\n","protected":false},"author":10,"featured_media":1881,"parent":9384,"menu_order":0,"comment_status":"closed","ping_status":"closed","template":"","meta":{"_acf_changed":false,"content-type":"","_genesis_hide_title":false,"_genesis_hide_breadcrumbs":false,"_genesis_hide_singular_image":false,"_genesis_hide_footer_widgets":false,"_genesis_custom_body_class":"","_genesis_custom_post_class":"","_genesis_layout":"","footnotes":""},"class_list":{"0":"post-9441","1":"page","2":"type-page","3":"status-publish","4":"has-post-thumbnail","6":"entry"},"acf":[],"featured_image_src":"https:\/\/www.cdf1.com\/wp-content\/uploads\/2020\/07\/new-feature-placeholder-sliced.png","featured_image_src_square":"https:\/\/www.cdf1.com\/wp-content\/uploads\/2020\/07\/new-feature-placeholder-sliced.png","_links":{"self":[{"href":"https:\/\/www.cdf1.com\/de\/wp-json\/wp\/v2\/pages\/9441","targetHints":{"allow":["GET"]}}],"collection":[{"href":"https:\/\/www.cdf1.com\/de\/wp-json\/wp\/v2\/pages"}],"about":[{"href":"https:\/\/www.cdf1.com\/de\/wp-json\/wp\/v2\/types\/page"}],"author":[{"embeddable":true,"href":"https:\/\/www.cdf1.com\/de\/wp-json\/wp\/v2\/users\/10"}],"replies":[{"embeddable":true,"href":"https:\/\/www.cdf1.com\/de\/wp-json\/wp\/v2\/comments?post=9441"}],"version-history":[{"count":4,"href":"https:\/\/www.cdf1.com\/de\/wp-json\/wp\/v2\/pages\/9441\/revisions"}],"predecessor-version":[{"id":11020,"href":"https:\/\/www.cdf1.com\/de\/wp-json\/wp\/v2\/pages\/9441\/revisions\/11020"}],"up":[{"embeddable":true,"href":"https:\/\/www.cdf1.com\/de\/wp-json\/wp\/v2\/pages\/9384"}],"wp:featuredmedia":[{"embeddable":true,"href":"https:\/\/www.cdf1.com\/de\/wp-json\/wp\/v2\/media\/1881"}],"wp:attachment":[{"href":"https:\/\/www.cdf1.com\/de\/wp-json\/wp\/v2\/media?parent=9441"}],"curies":[{"name":"wp","href":"https:\/\/api.w.org\/{rel}","templated":true}]}}