{"id":9430,"date":"2023-10-12T09:58:27","date_gmt":"2023-10-12T09:58:27","guid":{"rendered":"https:\/\/www.cdf1.com\/ibc-einsaetze\/formfit-liner-ibc\/"},"modified":"2024-02-20T13:33:13","modified_gmt":"2024-02-20T13:33:13","slug":"formfit-liner-ibc-2","status":"publish","type":"page","link":"https:\/\/www.cdf1.com\/de\/loesungen\/ibc-einsaetze\/formfit-liner-ibc-2\/","title":{"rendered":"Form-Fit&#x2122;-Liner-Produkt &#8211; IBC"},"content":{"rendered":"\n<div class=\"wp-block-columns is-layout-flex wp-container-core-columns-is-layout-9d6595d7 wp-block-columns-is-layout-flex\">\n<div class=\"wp-block-column is-layout-flow wp-block-column-is-layout-flow\" style=\"flex-basis:66.66%\">\n<div class=\"wp-block-media-text alignwide is-stacked-on-mobile\" style=\"grid-template-columns:44% auto\"><figure class=\"wp-block-media-text__media\"><img decoding=\"async\" data-src=\"https:\/\/www.cdf1.com\/wp-content\/uploads\/2022\/05\/Form-Fit-1024x682.jpg\" alt=\"\" class=\"wp-image-7340 size-full lazyload\" src=\"data:image\/svg+xml;base64,PHN2ZyB3aWR0aD0iMSIgaGVpZ2h0PSIxIiB4bWxucz0iaHR0cDovL3d3dy53My5vcmcvMjAwMC9zdmciPjwvc3ZnPg==\" style=\"--smush-placeholder-width: 1024px; --smush-placeholder-aspect-ratio: 1024\/682;\" \/><\/figure><div class=\"wp-block-media-text__content\">\n<h2 class=\"wp-block-heading\">Form-Fit&#x2122;-Liner<\/h2>\n\n\n\n<p>Form-Fit&#x2122;-LINER<\/p>\n\n\n\n<p>Die w\u00fcrfelf\u00f6rmigen FormFit-Liner passen sich an den Innenraum Ihrer IBC an. FormFit-Liner f\u00fcr IBC zeigen hohe Leistung in kritischen Anwendungen, beispielsweise bei Bef\u00fcllung von oben anhand einer Br\u00fccke oder automatischer F\u00fcllanlange, f\u00fcr Beh\u00e4lter ohne Zugangst\u00fcr, um den Einsatz auf den Boden zu platzieren, Hochgeschwindigkeitsbef\u00fcllungen und viskose Produkte, die in den Falten von Kisseneins\u00e4tzen haften w\u00fcrden.<\/p>\n\n\n\n<p>FormFit-Liner sind f\u00fcr IBCs aller Gr\u00f6\u00dfen erh\u00e4ltlich.<\/p>\n<\/div><\/div>\n<\/div>\n\n\n\n<div class=\"wp-block-column is-layout-flow wp-block-column-is-layout-flow\" style=\"flex-basis:33.33%\">\n<div style=\"background-color:#bfe0ef;padding-left:2%;padding-right:2%;padding-bottom:3.5%;padding-top:5%\" class=\"wp-block-genesis-blocks-gb-container drop-shadow gb-block-container\"><div class=\"gb-container-inside\"><div class=\"gb-container-content\">\n<h2 class=\"wp-block-heading has-text-color\" style=\"color:#245171\">Sprechen Sie mit einem Verpackungsexperten<\/h2>\n\n\n\n<p class=\"has-text-color\" style=\"color:#707070\">Die Innovationsfreude von CDF wird von einem kreativen Expertenteam und hochmodernen Technologien, Materialien und Ger\u00e4ten unterst\u00fctzt. Mithilfe unserer jahrelangen Herstellungsexpertise konnte CDF auch f\u00fcr die anspruchsvollen Kunden L\u00f6sungen entwickeln.<\/p>\n\n\n\n<div class=\"wp-block-genesis-blocks-gb-button gb-block-button\"><a href=\"https:\/\/www.cdf1.com\/de\/kontaktieren-sie-uns\/\" class=\"gb-button gb-button-shape-circular gb-button-size-medium\" style=\"color:#ffffff;background-color:#158db7\">Fordern Sie ein Angebot an<\/a><\/div>\n<\/div><\/div><\/div>\n<\/div>\n<\/div>\n\n<div style=\"height:36px\" aria-hidden=\"true\" class=\"wp-block-spacer\"><\/div>\n\n<h3 class=\"wp-block-heading\">Materialauswahl<\/h3>\n\n<p>Alle Liner werden in den USA hergestellt. Die Innenfolie ist von der FDA zugelassen.<\/p>\n\n<div class=\"wp-block-columns is-layout-flex wp-container-core-columns-is-layout-9d6595d7 wp-block-columns-is-layout-flex\">\n<div class=\"wp-block-column is-layout-flow wp-block-column-is-layout-flow\">\n<h3 class=\"wp-block-heading\"><strong><strong>EVOH <\/strong>Folie<\/strong><\/h3>\n\n\n\n<p>EVOH<strong> <\/strong>Folie wird h\u00e4ufig in Lebensmittelverpackungen verwendet. Diese robuste, flexible, transparente Folie dient als hervorragende Feuchtigkeits- und Sauerstoffbarriere.<\/p>\n<\/div>\n\n\n\n<div class=\"wp-block-column is-layout-flow wp-block-column-is-layout-flow\">\n<h3 class=\"wp-block-heading\"><strong>Flexus&#x2122; <\/strong>und <strong>Flexus HF<\/strong><\/h3>\n\n\n\n<p>Flexus&#x2122; und Flexus HF Metallocene LLDPE sind f\u00fcr die allgemeine Nutzung gedacht und bieten Dauerhaftigkeit und Knickbruckbest\u00e4ndigkeit.<\/p>\n<\/div>\n\n\n\n<div class=\"wp-block-column is-layout-flow wp-block-column-is-layout-flow\">\n<h3 class=\"wp-block-heading\"><strong>Tenalon&#x2122;<\/strong><\/h3>\n\n\n\n<p>Eine coextrudierte Nylonfolie bietet Abriebfestigkeit, Haltbarkeit und Festigkeit.<\/p>\n<\/div>\n<\/div>\n\n<div style=\"background-color:#f3f6f7;padding-bottom:3%;padding-top:5%\" class=\"wp-block-genesis-blocks-gb-container alignfull gb-block-container\"><div class=\"gb-container-inside\"><div class=\"gb-container-content\">\n<h2 class=\"wp-block-heading\">Vorteile<\/h2>\n\n\n\n<div class=\"wp-block-columns is-layout-flex wp-container-core-columns-is-layout-9d6595d7 wp-block-columns-is-layout-flex\">\n<div class=\"wp-block-column is-layout-flow wp-block-column-is-layout-flow\">\n<figure class=\"wp-block-image size-full\"><img decoding=\"async\" data-src=\"https:\/\/www.cdf1.com\/wp-content\/uploads\/2022\/04\/swoosh-09.png\" alt=\"\" class=\"wp-image-7059 lazyload\" src=\"data:image\/svg+xml;base64,PHN2ZyB3aWR0aD0iMSIgaGVpZ2h0PSIxIiB4bWxucz0iaHR0cDovL3d3dy53My5vcmcvMjAwMC9zdmciPjwvc3ZnPg==\" style=\"--smush-placeholder-width: 98px; --smush-placeholder-aspect-ratio: 98\/25;\" \/><\/figure>\n\n\n\n<p>In einer reinen Umgebung anhand der hochmodernen CDF 1<\/p>\n<\/div>\n\n\n\n<div class=\"wp-block-column is-layout-flow wp-block-column-is-layout-flow\">\n<figure class=\"wp-block-image size-full is-resized\"><img decoding=\"async\" data-src=\"https:\/\/www.cdf1.com\/wp-content\/uploads\/2022\/04\/swoosh-09.png\" alt=\"\" class=\"wp-image-7059 lazyload\" width=\"103\" height=\"26\" src=\"data:image\/svg+xml;base64,PHN2ZyB3aWR0aD0iMSIgaGVpZ2h0PSIxIiB4bWxucz0iaHR0cDovL3d3dy53My5vcmcvMjAwMC9zdmciPjwvc3ZnPg==\" style=\"--smush-placeholder-width: 103px; --smush-placeholder-aspect-ratio: 103\/26;\" \/><\/figure>\n\n\n\n<p>Smart Seal Technology&#x2122; hergestellt, die einheitliche, hochwertige Dichtungen erstellt und \u00fcberwacht.<\/p>\n<\/div>\n\n\n\n<div class=\"wp-block-column is-layout-flow wp-block-column-is-layout-flow\">\n<figure class=\"wp-block-image size-full\"><img decoding=\"async\" data-src=\"https:\/\/www.cdf1.com\/wp-content\/uploads\/2022\/04\/swoosh-09.png\" alt=\"\" class=\"wp-image-7059 lazyload\" src=\"data:image\/svg+xml;base64,PHN2ZyB3aWR0aD0iMSIgaGVpZ2h0PSIxIiB4bWxucz0iaHR0cDovL3d3dy53My5vcmcvMjAwMC9zdmciPjwvc3ZnPg==\" style=\"--smush-placeholder-width: 98px; --smush-placeholder-aspect-ratio: 98\/25;\" \/><\/figure>\n\n\n\n<p>Ideal f\u00fcr wiederverwendbare Beh\u00e4lter und Einwegbeh\u00e4lter aus Wellpappe geeignet.<\/p>\n<\/div>\n<\/div>\n\n\n\n<div class=\"wp-block-columns is-layout-flex wp-container-core-columns-is-layout-9d6595d7 wp-block-columns-is-layout-flex\">\n<div class=\"wp-block-column is-layout-flow wp-block-column-is-layout-flow\">\n<figure class=\"wp-block-image size-full\"><img decoding=\"async\" data-src=\"https:\/\/www.cdf1.com\/wp-content\/uploads\/2022\/04\/swoosh-09.png\" alt=\"\" class=\"wp-image-7059 lazyload\" src=\"data:image\/svg+xml;base64,PHN2ZyB3aWR0aD0iMSIgaGVpZ2h0PSIxIiB4bWxucz0iaHR0cDovL3d3dy53My5vcmcvMjAwMC9zdmciPjwvc3ZnPg==\" style=\"--smush-placeholder-width: 98px; --smush-placeholder-aspect-ratio: 98\/25;\" \/><\/figure>\n\n\n\n<p>Sorgt f\u00fcr die absolute Reinheit Ihres Produkts.<\/p>\n<\/div>\n\n\n\n<div class=\"wp-block-column is-layout-flow wp-block-column-is-layout-flow\">\n<figure class=\"wp-block-image size-full\"><img decoding=\"async\" data-src=\"https:\/\/www.cdf1.com\/wp-content\/uploads\/2022\/04\/swoosh-09.png\" alt=\"\" class=\"wp-image-7059 lazyload\" src=\"data:image\/svg+xml;base64,PHN2ZyB3aWR0aD0iMSIgaGVpZ2h0PSIxIiB4bWxucz0iaHR0cDovL3d3dy53My5vcmcvMjAwMC9zdmciPjwvc3ZnPg==\" style=\"--smush-placeholder-width: 98px; --smush-placeholder-aspect-ratio: 98\/25;\" \/><\/figure>\n\n\n\n<p>Einfach von oben und unten zu bef\u00fcllen.<\/p>\n<\/div>\n\n\n\n<div class=\"wp-block-column is-layout-flow wp-block-column-is-layout-flow\">\n<figure class=\"wp-block-image size-full\"><img decoding=\"async\" data-src=\"https:\/\/www.cdf1.com\/wp-content\/uploads\/2022\/04\/swoosh-09.png\" alt=\"\" class=\"wp-image-7059 lazyload\" src=\"data:image\/svg+xml;base64,PHN2ZyB3aWR0aD0iMSIgaGVpZ2h0PSIxIiB4bWxucz0iaHR0cDovL3d3dy53My5vcmcvMjAwMC9zdmciPjwvc3ZnPg==\" style=\"--smush-placeholder-width: 98px; --smush-placeholder-aspect-ratio: 98\/25;\" \/><\/figure>\n\n\n\n<p>Design erm\u00f6glicht Hochgeschwindigkeitsbef\u00fcllung. Durch das automatische Auffalten wird die Handhabung einer Tasche w\u00e4hrend dem F\u00fcllen minimiert<\/p>\n<\/div>\n<\/div>\n\n\n\n<div class=\"wp-block-columns is-layout-flex wp-container-core-columns-is-layout-9d6595d7 wp-block-columns-is-layout-flex\">\n<div class=\"wp-block-column is-layout-flow wp-block-column-is-layout-flow\">\n<figure class=\"wp-block-image size-full\"><img decoding=\"async\" data-src=\"https:\/\/www.cdf1.com\/wp-content\/uploads\/2022\/04\/swoosh-09.png\" alt=\"\" class=\"wp-image-7059 lazyload\" src=\"data:image\/svg+xml;base64,PHN2ZyB3aWR0aD0iMSIgaGVpZ2h0PSIxIiB4bWxucz0iaHR0cDovL3d3dy53My5vcmcvMjAwMC9zdmciPjwvc3ZnPg==\" style=\"--smush-placeholder-width: 98px; --smush-placeholder-aspect-ratio: 98\/25;\" \/><\/figure>\n\n\n\n<p>In vielen F\u00e4llen ist aufgrund der quadratischen Form kein Kassetteneinsatz erforderlich.<\/p>\n<\/div>\n\n\n\n<div class=\"wp-block-column is-layout-flow wp-block-column-is-layout-flow\">\n<figure class=\"wp-block-image size-full\"><img decoding=\"async\" data-src=\"https:\/\/www.cdf1.com\/wp-content\/uploads\/2022\/04\/swoosh-09.png\" alt=\"\" class=\"wp-image-7059 lazyload\" src=\"data:image\/svg+xml;base64,PHN2ZyB3aWR0aD0iMSIgaGVpZ2h0PSIxIiB4bWxucz0iaHR0cDovL3d3dy53My5vcmcvMjAwMC9zdmciPjwvc3ZnPg==\" style=\"--smush-placeholder-width: 98px; --smush-placeholder-aspect-ratio: 98\/25;\" \/><\/figure>\n\n\n\n<p>Beim Entleeren entstehen keine Taschen oder Falten, in denen Produktreste haften k\u00f6nnten:<\/p>\n<\/div>\n\n\n\n<div class=\"wp-block-column is-layout-flow wp-block-column-is-layout-flow\">\n<figure class=\"wp-block-image size-full\"><img decoding=\"async\" data-src=\"https:\/\/www.cdf1.com\/wp-content\/uploads\/2022\/04\/swoosh-09.png\" alt=\"\" class=\"wp-image-7059 lazyload\" src=\"data:image\/svg+xml;base64,PHN2ZyB3aWR0aD0iMSIgaGVpZ2h0PSIxIiB4bWxucz0iaHR0cDovL3d3dy53My5vcmcvMjAwMC9zdmciPjwvc3ZnPg==\" style=\"--smush-placeholder-width: 98px; --smush-placeholder-aspect-ratio: 98\/25;\" \/><\/figure>\n\n\n\n<p>CDF bietet unterschiedliche Folien und Anschl\u00fcsse an.<\/p>\n<\/div>\n<\/div>\n<\/div><\/div><\/div>\n\n<div class=\"wp-block-genesis-blocks-gb-container gb-block-container\"><div class=\"gb-container-inside\"><div class=\"gb-container-content\">\n<h2 class=\"wp-block-heading has-text-align-center\">\u00c4hnliche Produkte<\/h2>\n\n\n\n<div class=\"wp-block-columns is-layout-flex wp-container-core-columns-is-layout-9d6595d7 wp-block-columns-is-layout-flex\">\n<div class=\"wp-block-column is-layout-flow wp-block-column-is-layout-flow\">\n<div class=\"wp-block-media-text alignwide is-stacked-on-mobile\" style=\"grid-template-columns:27% auto\"><figure class=\"wp-block-media-text__media\"><img decoding=\"async\" data-src=\"https:\/\/www.cdf1.com\/wp-content\/uploads\/2022\/05\/Air-Assist-Inflation.jpg\" alt=\"\" class=\"wp-image-7386 size-full lazyload\" src=\"data:image\/svg+xml;base64,PHN2ZyB3aWR0aD0iMSIgaGVpZ2h0PSIxIiB4bWxucz0iaHR0cDovL3d3dy53My5vcmcvMjAwMC9zdmciPjwvc3ZnPg==\" style=\"--smush-placeholder-width: 500px; --smush-placeholder-aspect-ratio: 500\/500;\" \/><\/figure><div class=\"wp-block-media-text__content\">\n<h3 class=\"wp-block-heading\">Air Assist<strong>\u00ae<\/strong><\/h3>\n\n\n\n<p>FormFit&#x2122; Liner<\/p>\n\n\n\n<p><a href=\"https:\/\/www.cdf1.com\/de\/loesungen\/ibc-einsaetze\/air-assist\/\">Produkte anzeigen<\/a><\/p>\n<\/div><\/div>\n<\/div>\n<\/div>\n<\/div><\/div><\/div>\n\n<div style=\"background-color:#f3f6f7;padding-bottom:2.5%;padding-top:2%\" class=\"wp-block-genesis-blocks-gb-container alignfull gb-block-container\"><div class=\"gb-container-inside\"><div class=\"gb-container-content\">\n<h2 class=\"wp-block-heading\">IBC-Armaturen<\/h2>\n\n\n\n<div class=\"wp-block-columns is-layout-flex wp-container-core-columns-is-layout-9d6595d7 wp-block-columns-is-layout-flex\">\n<div class=\"wp-block-column is-layout-flow wp-block-column-is-layout-flow\">\n<div class=\"wp-block-media-text alignwide is-stacked-on-mobile round-image\" style=\"grid-template-columns:30% auto\"><figure class=\"wp-block-media-text__media\"><img decoding=\"async\" data-src=\"https:\/\/www.cdf1.com\/wp-content\/uploads\/2022\/06\/Camlock-2.png\" alt=\"\" class=\"wp-image-7618 size-full lazyload\" src=\"data:image\/svg+xml;base64,PHN2ZyB3aWR0aD0iMSIgaGVpZ2h0PSIxIiB4bWxucz0iaHR0cDovL3d3dy53My5vcmcvMjAwMC9zdmciPjwvc3ZnPg==\" style=\"--smush-placeholder-width: 834px; --smush-placeholder-aspect-ratio: 834\/834;\" \/><\/figure><div class=\"wp-block-media-text__content\">\n<h3 class=\"wp-block-heading\">Camlock 2&#8243;<\/h3>\n\n\n\n<h6 class=\"wp-block-heading\"> 2 Zoll<\/h6>\n<\/div><\/div>\n<\/div>\n\n\n\n<div class=\"wp-block-column is-layout-flow wp-block-column-is-layout-flow\">\n<div class=\"wp-block-media-text alignwide is-stacked-on-mobile round-image\" style=\"grid-template-columns:30% auto\"><figure class=\"wp-block-media-text__media\"><img decoding=\"async\" data-src=\"https:\/\/www.cdf1.com\/wp-content\/uploads\/2022\/06\/3-BSP.png\" alt=\"\" class=\"wp-image-7619 size-full lazyload\" src=\"data:image\/svg+xml;base64,PHN2ZyB3aWR0aD0iMSIgaGVpZ2h0PSIxIiB4bWxucz0iaHR0cDovL3d3dy53My5vcmcvMjAwMC9zdmciPjwvc3ZnPg==\" style=\"--smush-placeholder-width: 834px; --smush-placeholder-aspect-ratio: 834\/834;\" \/><\/figure><div class=\"wp-block-media-text__content\">\n<h3 class=\"wp-block-heading\">3&#8243;-BSP<\/h3>\n\n\n\n<h6 class=\"wp-block-heading\">3 Zoll<\/h6>\n<\/div><\/div>\n<\/div>\n\n\n\n<div class=\"wp-block-column is-layout-flow wp-block-column-is-layout-flow\">\n<div class=\"wp-block-media-text alignwide is-stacked-on-mobile round-image\" style=\"grid-template-columns:30% auto\"><figure class=\"wp-block-media-text__media\"><img decoding=\"async\" data-src=\"https:\/\/www.cdf1.com\/wp-content\/uploads\/2022\/06\/IC-7001-IC-7002.png\" alt=\"\" class=\"wp-image-7620 size-full lazyload\" src=\"data:image\/svg+xml;base64,PHN2ZyB3aWR0aD0iMSIgaGVpZ2h0PSIxIiB4bWxucz0iaHR0cDovL3d3dy53My5vcmcvMjAwMC9zdmciPjwvc3ZnPg==\" style=\"--smush-placeholder-width: 834px; --smush-placeholder-aspect-ratio: 834\/834;\" \/><\/figure><div class=\"wp-block-media-text__content\">\n<h3 class=\"wp-block-heading\">IC-7001<\/h3>\n\n\n\n<h6 class=\"wp-block-heading\">F\u00fcr IC-7002 geeignet<\/h6>\n<\/div><\/div>\n<\/div>\n\n\n\n<div class=\"wp-block-column is-layout-flow wp-block-column-is-layout-flow\">\n<div class=\"wp-block-media-text alignwide is-stacked-on-mobile round-image\" style=\"grid-template-columns:30% auto\"><figure class=\"wp-block-media-text__media\"><img decoding=\"async\" data-src=\"https:\/\/www.cdf1.com\/wp-content\/uploads\/2022\/06\/IC-6002-IC-6003.png\" alt=\"\" class=\"wp-image-7617 size-full lazyload\" src=\"data:image\/svg+xml;base64,PHN2ZyB3aWR0aD0iMSIgaGVpZ2h0PSIxIiB4bWxucz0iaHR0cDovL3d3dy53My5vcmcvMjAwMC9zdmciPjwvc3ZnPg==\" style=\"--smush-placeholder-width: 834px; --smush-placeholder-aspect-ratio: 834\/834;\" \/><\/figure><div class=\"wp-block-media-text__content\">\n<h3 class=\"wp-block-heading\">IC-6002<\/h3>\n\n\n\n<h6 class=\"wp-block-heading\">IC-6003<\/h6>\n<\/div><\/div>\n<\/div>\n<\/div>\n\n\n\n<div style=\"text-align:center\" class=\"wp-block-genesis-blocks-gb-button gb-block-button\"><a href=\"https:\/\/www.cdf1.com\/de\/loesungen\/ibc-einsaetze\/anschluesse-fuer-ibc\/\" class=\"gb-button gb-button-shape-circular gb-button-size-medium\" style=\"color:#ffffff;background-color:#158db7\">Alle Armaturen anzeigen<\/a><\/div>\n<\/div><\/div><\/div>\n\n<div style=\"padding-bottom:3%;padding-top:5%\" class=\"wp-block-genesis-blocks-gb-container alignfull gb-block-container\"><div class=\"gb-container-inside\"><div class=\"gb-container-image-wrap\"><img decoding=\"async\" class=\"gb-container-image has-background-dim-100 has-background-dim lazyload\" data-src=\"https:\/\/www.cdf1.com\/wp-content\/uploads\/2022\/04\/Contact_Background.png\" alt=\"\" src=\"data:image\/svg+xml;base64,PHN2ZyB3aWR0aD0iMSIgaGVpZ2h0PSIxIiB4bWxucz0iaHR0cDovL3d3dy53My5vcmcvMjAwMC9zdmciPjwvc3ZnPg==\" style=\"--smush-placeholder-width: 1920px; --smush-placeholder-aspect-ratio: 1920\/770;\" \/><\/div><div class=\"gb-container-content\">\n<div class=\"wp-block-columns is-layout-flex wp-container-core-columns-is-layout-9d6595d7 wp-block-columns-is-layout-flex\">\n<div class=\"wp-block-column is-layout-flow wp-block-column-is-layout-flow\">\n<div class=\"wp-block-leadin-hubspot-form-block\">\n\t\t\t\t\t\t<script>\n\t\t\t\t\t\t\twindow.hsFormsOnReady = window.hsFormsOnReady || [];\n\t\t\t\t\t\t\twindow.hsFormsOnReady.push(()=>{\n\t\t\t\t\t\t\t\thbspt.forms.create({\n\t\t\t\t\t\t\t\t\tportalId: 1984976,\n\t\t\t\t\t\t\t\t\tformId: \"36f367d4-ddf8-4250-9149-60a874a5b512\",\n\t\t\t\t\t\t\t\t\ttarget: \"#hbspt-form-1775423869000-2727248760\",\n\t\t\t\t\t\t\t\t\tregion: \"na1\",\n\t\t\t\t\t\t\t\t\t\n\t\t\t\t\t\t\t})});\n\t\t\t\t\t\t<\/script>\n\t\t\t\t\t\t<div class=\"hbspt-form\" id=\"hbspt-form-1775423869000-2727248760\"><\/div><\/div>\n<\/div>\n\n\n\n<div class=\"wp-block-column is-layout-flow wp-block-column-is-layout-flow\">\n<div style=\"background-color:#bfe0ef;padding-left:5%;padding-right:5%;padding-bottom:3%;padding-top:5%\" class=\"wp-block-genesis-blocks-gb-container gb-block-container\"><div class=\"gb-container-inside\"><div class=\"gb-container-content\">\n<h2 class=\"wp-block-heading has-text-color\" style=\"color:#245171\">Haben Sie Fragen \u00fcber dieses Produkt?<\/h2>\n\n\n\n<p>Unsere spezialisierten Ingenieure k\u00f6nnen Kunden in allen Industriezweigen mit einer gut durchdachten L\u00f6sung beraten, um ihre Verpackungs- und Nachhaltigkeitsbed\u00fcrfnisse zu erf\u00fcllen, angefangen bei innovativer Forschung und Entwicklung bis hin zum Ausarbeiten von personalisierbaren Designs. Mit \u00fcber 50 Jahren Erfahrung arbeitet unser Ingenieur-Team mit jedem Kunden zusammen, um eine neue Verpackungsl\u00f6sung zu konzipieren, angefangen bei der Auswahl des Einsatzes bis hin zur vollst\u00e4ndigen Systemintegration und der Anpassung vorhandener Produkte.<\/p>\n<\/div><\/div><\/div>\n<\/div>\n<\/div>\n<\/div><\/div><\/div>\n","protected":false},"excerpt":{"rendered":"<p>Form-Fit&#x2122;-Liner Form-Fit&#x2122;-LINER Die w\u00fcrfelf\u00f6rmigen FormFit-Liner passen sich an den Innenraum Ihrer IBC an. FormFit-Liner f\u00fcr IBC zeigen hohe Leistung in kritischen Anwendungen, beispielsweise bei Bef\u00fcllung von oben anhand einer Br\u00fccke oder automatischer F\u00fcllanlange, f\u00fcr Beh\u00e4lter ohne Zugangst\u00fcr, um den Einsatz auf den Boden zu platzieren, Hochgeschwindigkeitsbef\u00fcllungen und viskose Produkte, die in den Falten von Kisseneins\u00e4tzen [&hellip;]<\/p>\n","protected":false},"author":10,"featured_media":1881,"parent":9384,"menu_order":0,"comment_status":"closed","ping_status":"closed","template":"","meta":{"_acf_changed":false,"content-type":"","_genesis_hide_title":false,"_genesis_hide_breadcrumbs":false,"_genesis_hide_singular_image":false,"_genesis_hide_footer_widgets":false,"_genesis_custom_body_class":"","_genesis_custom_post_class":"","_genesis_layout":"","footnotes":""},"class_list":{"0":"post-9430","1":"page","2":"type-page","3":"status-publish","4":"has-post-thumbnail","6":"entry"},"acf":[],"featured_image_src":"https:\/\/www.cdf1.com\/wp-content\/uploads\/2020\/07\/new-feature-placeholder-sliced.png","featured_image_src_square":"https:\/\/www.cdf1.com\/wp-content\/uploads\/2020\/07\/new-feature-placeholder-sliced.png","_links":{"self":[{"href":"https:\/\/www.cdf1.com\/de\/wp-json\/wp\/v2\/pages\/9430","targetHints":{"allow":["GET"]}}],"collection":[{"href":"https:\/\/www.cdf1.com\/de\/wp-json\/wp\/v2\/pages"}],"about":[{"href":"https:\/\/www.cdf1.com\/de\/wp-json\/wp\/v2\/types\/page"}],"author":[{"embeddable":true,"href":"https:\/\/www.cdf1.com\/de\/wp-json\/wp\/v2\/users\/10"}],"replies":[{"embeddable":true,"href":"https:\/\/www.cdf1.com\/de\/wp-json\/wp\/v2\/comments?post=9430"}],"version-history":[{"count":8,"href":"https:\/\/www.cdf1.com\/de\/wp-json\/wp\/v2\/pages\/9430\/revisions"}],"predecessor-version":[{"id":11016,"href":"https:\/\/www.cdf1.com\/de\/wp-json\/wp\/v2\/pages\/9430\/revisions\/11016"}],"up":[{"embeddable":true,"href":"https:\/\/www.cdf1.com\/de\/wp-json\/wp\/v2\/pages\/9384"}],"wp:featuredmedia":[{"embeddable":true,"href":"https:\/\/www.cdf1.com\/de\/wp-json\/wp\/v2\/media\/1881"}],"wp:attachment":[{"href":"https:\/\/www.cdf1.com\/de\/wp-json\/wp\/v2\/media?parent=9430"}],"curies":[{"name":"wp","href":"https:\/\/api.w.org\/{rel}","templated":true}]}}