{"id":9427,"date":"2023-10-12T09:58:24","date_gmt":"2023-10-12T09:58:24","guid":{"rendered":"https:\/\/www.cdf1.com\/kissen-liner\/"},"modified":"2024-01-19T17:58:45","modified_gmt":"2024-01-19T17:58:45","slug":"kissen-liner","status":"publish","type":"page","link":"https:\/\/www.cdf1.com\/de\/produkt\/kissen-liner\/","title":{"rendered":"Kissen-Liner"},"content":{"rendered":"\n<div class=\"wp-block-group page-heading heading-img-bottom two-col-heading shadow-out-bottom\"><div class=\"wp-block-group__inner-container is-layout-flow wp-block-group-is-layout-flow\">\n<div class=\"wp-block-columns fixed-width is-layout-flex wp-container-core-columns-is-layout-9d6595d7 wp-block-columns-is-layout-flex\">\n<div class=\"wp-block-column is-layout-flow wp-block-column-is-layout-flow\" style=\"flex-basis:40%\">\n<div class=\"wp-block-group fixed-width fixed-1080 heading-inner-wrap\"><div class=\"wp-block-group__inner-container is-layout-flow wp-block-group-is-layout-flow\">\n<div class=\"wp-block-group text-wrap\"><div class=\"wp-block-group__inner-container is-layout-flow wp-block-group-is-layout-flow\">\n<h1 class=\"has-text-color wp-block-heading\" style=\"color:#0d80b1\">Kissen-Liner<\/h1>\n<\/div><\/div>\n<\/div><\/div>\n<\/div>\n\n\n\n<div class=\"wp-block-column is-layout-flow wp-block-column-is-layout-flow\" style=\"flex-basis:60%\">\n<figure class=\"wp-block-image size-full\"><img decoding=\"async\" width=\"768\" height=\"936\" data-src=\"https:\/\/www.cdf1.com\/wp-content\/uploads\/2021\/09\/Pillow-Shaped-Liners.jpg\" alt=\"\" class=\"wp-image-2841 lazyload\" data-srcset=\"https:\/\/www.cdf1.com\/wp-content\/uploads\/2021\/09\/Pillow-Shaped-Liners.jpg 768w, https:\/\/www.cdf1.com\/wp-content\/uploads\/2021\/09\/Pillow-Shaped-Liners-246x300.jpg 246w\" data-sizes=\"(max-width: 768px) 100vw, 768px\" src=\"data:image\/svg+xml;base64,PHN2ZyB3aWR0aD0iMSIgaGVpZ2h0PSIxIiB4bWxucz0iaHR0cDovL3d3dy53My5vcmcvMjAwMC9zdmciPjwvc3ZnPg==\" style=\"--smush-placeholder-width: 768px; --smush-placeholder-aspect-ratio: 768\/936;\" \/><\/figure>\n<\/div>\n<\/div>\n<\/div><\/div>\n\n<div class=\"wp-block-group fixed-width fixed-1080 padding-top-140 padding-bottom-100 title-text-section below-heading-section bg-line-shape-contact\"><div class=\"wp-block-group__inner-container is-layout-flow wp-block-group-is-layout-flow\">\n<div class=\"wp-block-columns is-layout-flex wp-container-core-columns-is-layout-9d6595d7 wp-block-columns-is-layout-flex\">\n<div class=\"wp-block-column is-layout-flow wp-block-column-is-layout-flow\">\n<div class=\"wp-block-group section-title-large text-wrap anim_init\"><div class=\"wp-block-group__inner-container is-layout-flow wp-block-group-is-layout-flow\">\n<h2 class=\"wp-block-heading\"><strong>Diese Liner sind Kissen<\/strong><\/h2>\n<\/div><\/div>\n<\/div>\n\n\n\n<div class=\"wp-block-column is-layout-flow wp-block-column-is-layout-flow\">\n<div class=\"wp-block-group max-width-450 paragraph-wrap anim_init\"><div class=\"wp-block-group__inner-container is-layout-flow wp-block-group-is-layout-flow\">\n<p>Diese industriellen Tote-Liner sind nach dem Bef\u00fcllen in Kissenform. Kissen-Liner werden normalerweise aus zwei bis drei Lagen von linearem Niederdruck-Poly\u00e4thylen (LLDPE) und einer Trennfolie f\u00fcr sterile und Sauerstoffbarriere-Anwendungen hergestellt.<\/p>\n<\/div><\/div>\n<\/div>\n<\/div>\n<\/div><\/div>\n\n<div class=\"wp-block-group bg-blue-shape-right-center\"><div class=\"wp-block-group__inner-container is-layout-flow wp-block-group-is-layout-flow\">\n<div class=\"wp-block-group fixed-width text-img-section vc-wrap padding-top-180 padding-bottom-100 pt-xs--100 pb-xs--60 has-text-color\" style=\"color:#000000\"><div class=\"wp-block-group__inner-container is-layout-flow wp-block-group-is-layout-flow\">\n<div class=\"wp-block-columns is-layout-flex wp-container-core-columns-is-layout-9d6595d7 wp-block-columns-is-layout-flex\">\n<div class=\"wp-block-column is-layout-flow wp-block-column-is-layout-flow\">\n<div class=\"wp-block-group text-wrap max-width-450\"><div class=\"wp-block-group__inner-container is-layout-flow wp-block-group-is-layout-flow\">\n<h2 class=\"wp-block-heading\">Vorteile:<strong>\u00a0<\/strong><\/h2>\n\n\n\n<ul class=\"wp-block-list\"><li>In einer reinen Umgebung anhand von hochmoderner CDF1 Smart Seal Technology&#x2122; herstellt, bei der einheitliche, hochwertige Dichtungen \u00fcberwacht und gew\u00e4hrleistet werden.<\/li><li>Sorgt f\u00fcr die absolute Reinheit Ihres Produkts.<\/li><li>Reduziert die Schaumbildung bei Anwendungen, in denen von unten bef\u00fcllt wird<\/li><li>Vielseitige Anwendungsm\u00f6glichkeiten: die gleiche Gr\u00f6\u00dfe passt in viele verschiedene Beh\u00e4lter<\/li><li>Hervorragendes Preis-Leistungsverh\u00e4ltnis f\u00fcr viele Fl\u00fcssiganwendungen: Bef\u00fcllung von unten, automatische sterile Bef\u00fcllungen<\/li><li>CDF bietet unterschiedliche Folien und Anschl\u00fcsse an.<\/li><\/ul>\n\n\n\n<p>Industrielle Tote-Liner in Kissenform werden in den folgenden Gr\u00f6\u00dfen angeboten. Andere Gr\u00f6\u00dfen sind auf Anfrage verf\u00fcgbar.<\/p>\n\n\n\n<ul class=\"wp-block-list\"><li>36\u2033 x 61\u2033 200 l steril<\/li><li>38\u2033 x 56\u2033 200 l<\/li><li>81\u2033 x 81\u2033 1000 l, empfohlen f\u00fcr Standard-Holzbeh\u00e4lter, die f\u00fcr sterile Tomaten und S\u00e4fte verwendet werden.<\/li><li>81\u2033 x 85\u2033 1000 l \/1135 l steril, empfohlen f\u00fcr Standard-Holzbeh\u00e4lter oder Kunststoff-IBC<\/li><li>85\u2033 x 89\u2033 1250 l<\/li><li>90\u2033 x 90\u2033 1250 l<\/li><li>81\u2033 x 92\u2033 1300 l<\/li><li>95\u2033 x 95\u2033 \u00fcber 1300 l<\/li><\/ul>\n<\/div><\/div>\n<\/div>\n\n\n\n<div class=\"wp-block-column is-layout-flow wp-block-column-is-layout-flow\">\n<div class=\"wp-block-group max-width-500\"><div class=\"wp-block-group__inner-container is-layout-flow wp-block-group-is-layout-flow\">\n<figure class=\"wp-block-image size-full shadow-wrap slide-in-up\"><img decoding=\"async\" width=\"768\" height=\"936\" data-src=\"https:\/\/www.cdf1.com\/wp-content\/uploads\/2021\/09\/Pillow-Shaped-Liners.jpg\" alt=\"\" class=\"wp-image-2841 lazyload\" title=\"\" data-srcset=\"https:\/\/www.cdf1.com\/wp-content\/uploads\/2021\/09\/Pillow-Shaped-Liners.jpg 768w, https:\/\/www.cdf1.com\/wp-content\/uploads\/2021\/09\/Pillow-Shaped-Liners-246x300.jpg 246w\" data-sizes=\"(max-width: 768px) 100vw, 768px\" src=\"data:image\/svg+xml;base64,PHN2ZyB3aWR0aD0iMSIgaGVpZ2h0PSIxIiB4bWxucz0iaHR0cDovL3d3dy53My5vcmcvMjAwMC9zdmciPjwvc3ZnPg==\" style=\"--smush-placeholder-width: 768px; --smush-placeholder-aspect-ratio: 768\/936;\" \/><\/figure>\n<\/div><\/div>\n<\/div>\n<\/div>\n<\/div><\/div>\n<\/div><\/div>\n\n<div class=\"wp-block-cover inner-page-cta-section\"><span aria-hidden=\"true\" class=\"has-background-dim-100 wp-block-cover__gradient-background has-background-dim\" style=\"background-color:#015174\"><\/span><div class=\"wp-block-cover__inner-container is-layout-flow wp-block-cover-is-layout-flow\">\n<div class=\"wp-block-group fixed-width fixed-980 padding-top-100 text-wrap\"><div class=\"wp-block-group__inner-container is-layout-flow wp-block-group-is-layout-flow\">\n<h2 class=\"has-text-align-center wp-block-heading\"><strong><strong>Erfolg mit Mindful Packaging<\/strong><\/strong><\/h2>\n<\/div><\/div>\n\n\n\n<div class=\"wp-block-group fixed-width fixed-780 padding-bottom-80 text-wrap\"><div class=\"wp-block-group__inner-container is-layout-flow wp-block-group-is-layout-flow\">\n<p class=\"has-text-align-center\">Sprechen Sie mit einem Verpackungsexperten<\/p>\n\n\n\n<p class=\"has-text-align-center outlined-white-link margin-top-60\"><a href=\"https:\/\/www.cdf1.com\/de\/kontaktieren-sie-uns\/\">Kontaktieren Sie uns<\/a><\/p>\n<\/div><\/div>\n<\/div><\/div>\n","protected":false},"excerpt":{"rendered":"<p>Kissen-Liner Diese Liner sind Kissen Diese industriellen Tote-Liner sind nach dem Bef\u00fcllen in Kissenform. Kissen-Liner werden normalerweise aus zwei bis drei Lagen von linearem Niederdruck-Poly\u00e4thylen (LLDPE) und einer Trennfolie f\u00fcr sterile und Sauerstoffbarriere-Anwendungen hergestellt. Vorteile:\u00a0 In einer reinen Umgebung anhand von hochmoderner CDF1 Smart Seal Technology&#x2122; herstellt, bei der einheitliche, hochwertige Dichtungen \u00fcberwacht und gew\u00e4hrleistet [&hellip;]<\/p>\n","protected":false},"author":10,"featured_media":1881,"parent":9445,"menu_order":0,"comment_status":"closed","ping_status":"closed","template":"","meta":{"_acf_changed":false,"content-type":"","_genesis_hide_title":false,"_genesis_hide_breadcrumbs":false,"_genesis_hide_singular_image":false,"_genesis_hide_footer_widgets":false,"_genesis_custom_body_class":"","_genesis_custom_post_class":"","_genesis_layout":"","footnotes":""},"class_list":{"0":"post-9427","1":"page","2":"type-page","3":"status-publish","4":"has-post-thumbnail","6":"entry"},"acf":[],"featured_image_src":"https:\/\/www.cdf1.com\/wp-content\/uploads\/2020\/07\/new-feature-placeholder-sliced.png","featured_image_src_square":"https:\/\/www.cdf1.com\/wp-content\/uploads\/2020\/07\/new-feature-placeholder-sliced.png","_links":{"self":[{"href":"https:\/\/www.cdf1.com\/de\/wp-json\/wp\/v2\/pages\/9427","targetHints":{"allow":["GET"]}}],"collection":[{"href":"https:\/\/www.cdf1.com\/de\/wp-json\/wp\/v2\/pages"}],"about":[{"href":"https:\/\/www.cdf1.com\/de\/wp-json\/wp\/v2\/types\/page"}],"author":[{"embeddable":true,"href":"https:\/\/www.cdf1.com\/de\/wp-json\/wp\/v2\/users\/10"}],"replies":[{"embeddable":true,"href":"https:\/\/www.cdf1.com\/de\/wp-json\/wp\/v2\/comments?post=9427"}],"version-history":[{"count":2,"href":"https:\/\/www.cdf1.com\/de\/wp-json\/wp\/v2\/pages\/9427\/revisions"}],"predecessor-version":[{"id":10500,"href":"https:\/\/www.cdf1.com\/de\/wp-json\/wp\/v2\/pages\/9427\/revisions\/10500"}],"up":[{"embeddable":true,"href":"https:\/\/www.cdf1.com\/de\/wp-json\/wp\/v2\/pages\/9445"}],"wp:featuredmedia":[{"embeddable":true,"href":"https:\/\/www.cdf1.com\/de\/wp-json\/wp\/v2\/media\/1881"}],"wp:attachment":[{"href":"https:\/\/www.cdf1.com\/de\/wp-json\/wp\/v2\/media?parent=9427"}],"curies":[{"name":"wp","href":"https:\/\/api.w.org\/{rel}","templated":true}]}}