{"id":9415,"date":"2023-10-12T09:58:10","date_gmt":"2023-10-12T09:58:10","guid":{"rendered":"https:\/\/www.cdf1.com\/lacke-und-farben\/"},"modified":"2024-02-22T07:32:54","modified_gmt":"2024-02-22T07:32:54","slug":"lacke-und-farben","status":"publish","type":"page","link":"https:\/\/www.cdf1.com\/de\/fallbeispiele\/lacke-und-farben\/","title":{"rendered":"Lacke und Farben"},"content":{"rendered":"\n<div class=\"wp-block-group page-heading two-col-heading shadow-out-bottom\"><div class=\"wp-block-group__inner-container is-layout-flow wp-block-group-is-layout-flow\">\n<div class=\"wp-block-columns fixed-width is-layout-flex wp-container-core-columns-is-layout-9d6595d7 wp-block-columns-is-layout-flex\">\n<div class=\"wp-block-column is-layout-flow wp-block-column-is-layout-flow\" style=\"flex-basis:50%\">\n<div class=\"wp-block-group fixed-width fixed-1080 heading-inner-wrap\"><div class=\"wp-block-group__inner-container is-layout-flow wp-block-group-is-layout-flow\">\n<div class=\"wp-block-group text-wrap\"><div class=\"wp-block-group__inner-container is-layout-flow wp-block-group-is-layout-flow\">\n<h1 class=\"wp-block-heading has-text-color\" style=\"color:#0d80b1\"><strong> <\/strong>Farb-<br>verpackungen<\/h1>\n<\/div><\/div>\n<\/div><\/div>\n<\/div>\n\n\n\n<div class=\"wp-block-column is-layout-flow wp-block-column-is-layout-flow\" style=\"flex-basis:50%\">\n<figure class=\"wp-block-image size-full\"><img decoding=\"async\" width=\"1280\" height=\"918\" data-src=\"https:\/\/www.cdf1.com\/wp-content\/uploads\/2022\/01\/paintings-coatings-heading.jpg\" alt=\" \u00dcberschrift Lacke und Farben\" class=\"wp-image-5682 lazyload\" data-srcset=\"https:\/\/www.cdf1.com\/wp-content\/uploads\/2022\/01\/paintings-coatings-heading.jpg 1280w, https:\/\/www.cdf1.com\/wp-content\/uploads\/2022\/01\/paintings-coatings-heading-300x215.jpg 300w, https:\/\/www.cdf1.com\/wp-content\/uploads\/2022\/01\/paintings-coatings-heading-1024x734.jpg 1024w, https:\/\/www.cdf1.com\/wp-content\/uploads\/2022\/01\/paintings-coatings-heading-768x551.jpg 768w\" data-sizes=\"(max-width: 1280px) 100vw, 1280px\" src=\"data:image\/svg+xml;base64,PHN2ZyB3aWR0aD0iMSIgaGVpZ2h0PSIxIiB4bWxucz0iaHR0cDovL3d3dy53My5vcmcvMjAwMC9zdmciPjwvc3ZnPg==\" style=\"--smush-placeholder-width: 1280px; --smush-placeholder-aspect-ratio: 1280\/918;\" \/><\/figure>\n<\/div>\n<\/div>\n<\/div><\/div>\n\n\n\n<div class=\"wp-block-group fixed-width fixed-1080 padding-top-140 padding-bottom-80 pb-xs--0 text-img-section\"><div class=\"wp-block-group__inner-container is-layout-flow wp-block-group-is-layout-flow\">\n<div class=\"wp-block-columns is-layout-flex wp-container-core-columns-is-layout-9d6595d7 wp-block-columns-is-layout-flex\">\n<div class=\"wp-block-column is-layout-flow wp-block-column-is-layout-flow\">\n<figure class=\"wp-block-image size-large shadow-wrap max-width-485 slide-up-f\"><img decoding=\"async\" width=\"1024\" height=\"734\" data-src=\"https:\/\/www.cdf1.com\/wp-content\/uploads\/2021\/09\/drum-and-pail-header-1-1024x734.jpg\" alt=\"Fass- und Eimer-Liner f\u00fcr Lebensmittel- und Getr\u00e4nkeverpackungen\" class=\"wp-image-2544 lazyload\" data-srcset=\"https:\/\/www.cdf1.com\/wp-content\/uploads\/2021\/09\/drum-and-pail-header-1-1024x734.jpg 1024w, https:\/\/www.cdf1.com\/wp-content\/uploads\/2021\/09\/drum-and-pail-header-1-300x215.jpg 300w, https:\/\/www.cdf1.com\/wp-content\/uploads\/2021\/09\/drum-and-pail-header-1-768x551.jpg 768w, https:\/\/www.cdf1.com\/wp-content\/uploads\/2021\/09\/drum-and-pail-header-1.jpg 1280w\" data-sizes=\"(max-width: 1024px) 100vw, 1024px\" src=\"data:image\/svg+xml;base64,PHN2ZyB3aWR0aD0iMSIgaGVpZ2h0PSIxIiB4bWxucz0iaHR0cDovL3d3dy53My5vcmcvMjAwMC9zdmciPjwvc3ZnPg==\" style=\"--smush-placeholder-width: 1024px; --smush-placeholder-aspect-ratio: 1024\/734;\" \/><\/figure>\n<\/div>\n\n\n\n<div class=\"wp-block-column is-layout-flow wp-block-column-is-layout-flow\">\n<div class=\"wp-block-group text-wrap max-width-450\"><div class=\"wp-block-group__inner-container is-layout-flow wp-block-group-is-layout-flow\">\n<h2 class=\"wp-block-heading\">Verpackung von Farben<strong> Liner f\u00fcr F\u00e4sser und Eimer<\/strong><\/h2>\n\n\n\n<p>Erfahren Sie mehr \u00fcber die Bedeutung von F\u00e4sser- und Eimer-Liner f\u00fcr die Verpackung von Lacken und Farben. Sehen wir uns die besten Liner-Arten f\u00fcr die folgenden Zwecke n\u00e4her an:<\/p>\n\n\n\n<ol class=\"wp-block-list\">\n<li>Farben<\/li>\n\n\n\n<li>Tinten<\/li>\n\n\n\n<li>Klebstoffe<\/li>\n\n\n\n<li>Lacke<\/li>\n<\/ol>\n\n\n\n<p class=\"link-blue-underline\"><a href=\"https:\/\/www.cdf1.com\/drum-pail-liners-for-paints-coatings-packaging\/\">Mehr erfahren<\/a><\/p>\n<\/div><\/div>\n<\/div>\n<\/div>\n<\/div><\/div>\n\n\n\n<div class=\"wp-block-group fixed-width fixed-1080 padding-top-140 padding-bottom-80 pb-xs--0 text-img-section\"><div class=\"wp-block-group__inner-container is-layout-flow wp-block-group-is-layout-flow\">\n<div class=\"wp-block-columns is-layout-flex wp-container-core-columns-is-layout-9d6595d7 wp-block-columns-is-layout-flex\">\n<div class=\"wp-block-column is-layout-flow wp-block-column-is-layout-flow\">\n<div class=\"wp-block-group text-wrap max-width-450\"><div class=\"wp-block-group__inner-container is-layout-flow wp-block-group-is-layout-flow\">\n<h2 class=\"wp-block-heading\"><strong>Zubeh\u00f6r f\u00fcr F\u00e4sser und Eimer<\/strong> f\u00fcr die Verpackung von Farben<\/h2>\n\n\n\n<p>Von Staubkappen und Abdeckblechen bis hin zu Au\u00dfendeckeln gibt es viele Zubeh\u00f6r-L\u00f6sungen, um das Risiko der Produktkontaminierung zu minimieren. Das Zubeh\u00f6r erkunden:<\/p>\n\n\n\n<ol class=\"wp-block-list\">\n<li>Staubkappen und Abdeckbleche<\/li>\n\n\n\n<li>EZ-Strainer&#x2122; Liner<\/li>\n\n\n\n<li>PailSaver&#x2122; Ablagen und Tr\u00e4ger<\/li>\n\n\n\n<li>Deckel f\u00fcr F\u00e4sser und Eimer<\/li>\n<\/ol>\n\n\n\n<p class=\"link-blue-underline\"><a href=\"https:\/\/www.cdf1.com\/drum-pail-accessories-for-paints-coatings-packaging\/\">Mehr erfahren<\/a><\/p>\n<\/div><\/div>\n<\/div>\n\n\n\n<div class=\"wp-block-column is-layout-flow wp-block-column-is-layout-flow\">\n<figure class=\"wp-block-image size-full shadow-wrap max-width-485 slide-up-f\"><img decoding=\"async\" width=\"500\" height=\"500\" data-src=\"https:\/\/www.cdf1.com\/wp-content\/uploads\/2022\/03\/Dust-Caps-.jpg\" alt=\"\" class=\"wp-image-7001 lazyload\" src=\"data:image\/svg+xml;base64,PHN2ZyB3aWR0aD0iMSIgaGVpZ2h0PSIxIiB4bWxucz0iaHR0cDovL3d3dy53My5vcmcvMjAwMC9zdmciPjwvc3ZnPg==\" style=\"--smush-placeholder-width: 500px; --smush-placeholder-aspect-ratio: 500\/500;\" \/><\/figure>\n<\/div>\n<\/div>\n<\/div><\/div>\n\n\n\n<div class=\"wp-block-group fixed-width fixed-1080 padding-top-140 padding-bottom-80 text-img-section\"><div class=\"wp-block-group__inner-container is-layout-flow wp-block-group-is-layout-flow\">\n<div class=\"wp-block-columns is-layout-flex wp-container-core-columns-is-layout-9d6595d7 wp-block-columns-is-layout-flex\">\n<div class=\"wp-block-column is-layout-flow wp-block-column-is-layout-flow\">\n<figure class=\"wp-block-image size-full shadow-wrap max-width-485 slide-up-f\"><img decoding=\"async\" width=\"758\" height=\"716\" data-src=\"https:\/\/www.cdf1.com\/wp-content\/uploads\/2022\/01\/Packaging-Paints-Coatings.jpg\" alt=\"\" class=\"wp-image-5648 lazyload\" data-srcset=\"https:\/\/www.cdf1.com\/wp-content\/uploads\/2022\/01\/Packaging-Paints-Coatings.jpg 758w, https:\/\/www.cdf1.com\/wp-content\/uploads\/2022\/01\/Packaging-Paints-Coatings-300x283.jpg 300w\" data-sizes=\"(max-width: 758px) 100vw, 758px\" src=\"data:image\/svg+xml;base64,PHN2ZyB3aWR0aD0iMSIgaGVpZ2h0PSIxIiB4bWxucz0iaHR0cDovL3d3dy53My5vcmcvMjAwMC9zdmciPjwvc3ZnPg==\" style=\"--smush-placeholder-width: 758px; --smush-placeholder-aspect-ratio: 758\/716;\" \/><\/figure>\n<\/div>\n\n\n\n<div class=\"wp-block-column is-layout-flow wp-block-column-is-layout-flow\">\n<div class=\"wp-block-group section-title-xl text-wrap max-width-500 anim_init\"><div class=\"wp-block-group__inner-container is-layout-flow wp-block-group-is-layout-flow\">\n<h2 class=\"wp-block-heading\"><strong><strong>Verpackung f\u00fcr Lacke und Farben<\/strong><\/strong><\/h2>\n\n\n\n<p>CDF arbeitet eng mit der Lacke und Farbenindustrie zusammen, um flexible und halbsteife Verpackungsl\u00f6sungen zu entwerfen und herzustellen, die die Integrit\u00e4t des Produkts zu bewahren und robust sind. Egal, ob Ihr Produkt f\u00fcr den Einzelhandel oder die Industrie gedacht ist, unsere Verpackung minimiert Produktabfall, verbessert die Lagereffizienz und gew\u00e4hrleistet die Ihrer verpackten Farbprodukte.&nbsp;<\/p>\n<\/div><\/div>\n<\/div>\n<\/div>\n<\/div><\/div>\n\n\n\n<div class=\"wp-block-cover is-light animated-bg-img\"><span aria-hidden=\"true\" class=\"wp-block-cover__background has-background-dim-0 has-background-dim\"><\/span><img decoding=\"async\" width=\"2560\" height=\"1254\" class=\"wp-block-cover__image-background wp-image-877 lazyload\" alt=\"\" data-src=\"https:\/\/www.cdf1.com\/wp-content\/uploads\/2021\/07\/bottom-green-shape.jpg\" style=\"--smush-placeholder-width: 2560px; --smush-placeholder-aspect-ratio: 2560\/1254;object-position:50% 0%\" data-object-fit=\"cover\" data-object-position=\"50% 0%\" data-srcset=\"https:\/\/www.cdf1.com\/wp-content\/uploads\/2021\/07\/bottom-green-shape.jpg 2560w, https:\/\/www.cdf1.com\/wp-content\/uploads\/2021\/07\/bottom-green-shape-300x147.jpg 300w, https:\/\/www.cdf1.com\/wp-content\/uploads\/2021\/07\/bottom-green-shape-1024x502.jpg 1024w, https:\/\/www.cdf1.com\/wp-content\/uploads\/2021\/07\/bottom-green-shape-768x376.jpg 768w, https:\/\/www.cdf1.com\/wp-content\/uploads\/2021\/07\/bottom-green-shape-1536x752.jpg 1536w, https:\/\/www.cdf1.com\/wp-content\/uploads\/2021\/07\/bottom-green-shape-2048x1003.jpg 2048w\" data-sizes=\"(max-width: 2560px) 100vw, 2560px\" src=\"data:image\/svg+xml;base64,PHN2ZyB3aWR0aD0iMSIgaGVpZ2h0PSIxIiB4bWxucz0iaHR0cDovL3d3dy53My5vcmcvMjAwMC9zdmciPjwvc3ZnPg==\" \/><div class=\"wp-block-cover__inner-container is-layout-flow wp-block-cover-is-layout-flow\">\n<div class=\"wp-block-group fixed-width fixed-1080 vc-wrap padding-top-140 padding-bottom-80 text-img-section\"><div class=\"wp-block-group__inner-container is-layout-flow wp-block-group-is-layout-flow\">\n<div class=\"wp-block-columns is-layout-flex wp-container-core-columns-is-layout-9d6595d7 wp-block-columns-is-layout-flex\">\n<div class=\"wp-block-column is-layout-flow wp-block-column-is-layout-flow\">\n<div class=\"wp-block-group text-wrap max-width-450 anim_init has-text-color\" style=\"color:#363b40\"><div class=\"wp-block-group__inner-container is-layout-flow wp-block-group-is-layout-flow\">\n<figure class=\"wp-block-image size-large is-resized\"><img decoding=\"async\" width=\"101\" height=\"81\" data-src=\"https:\/\/www.cdf1.com\/wp-content\/uploads\/2022\/01\/Drum-and-Pail-PC-icon.svg\" alt=\"F\u00e4sser und Eimer\" class=\"wp-image-5654 lazyload\" style=\"--smush-placeholder-width: 101px; --smush-placeholder-aspect-ratio: 101\/81;width:80px;height:60px\" src=\"data:image\/svg+xml;base64,PHN2ZyB3aWR0aD0iMSIgaGVpZ2h0PSIxIiB4bWxucz0iaHR0cDovL3d3dy53My5vcmcvMjAwMC9zdmciPjwvc3ZnPg==\" \/><\/figure>\n\n\n\n<h2 class=\"wp-block-heading has-text-color\" style=\"color:#363b40\">F\u00e4sser und Eimer f\u00fcr Farben und Lacke<\/h2>\n\n\n\n<p class=\"has-text-color\" style=\"color:#363b40\">Gew\u00e4hrleisten die absolute Reinheit Ihres Produkts und liefern die h\u00f6chsten Qualit\u00e4ts- und Haltbarkeitsniveaus. Unsere F\u00e4sser- und Eimerprodukte sind auch f\u00fcr Ihre Bed\u00fcrfnisse geeignet. Wir bieten vielseitige L\u00f6sungen f\u00fcr die Lacke- und Farbenindustrie, einschlie\u00dflich:<\/p>\n\n\n\n<ul class=\"wp-block-list\">\n<li>Antistatische Zus\u00e4tze, um in statisch empfindlichen Anwendungen die elektrostatische Aufladung zu reduzieren.\n<ul class=\"wp-block-list\">\n<li>Die Antistatik-Liner von CDF erf\u00fcllen die Normen NFPA-99 und Mil-B-81705-C.<\/li>\n<\/ul>\n<\/li>\n\n\n\n<li>Unser Liner sind geeignet zum Mischen, Pumpen und Aufbewahren von Fl\u00fcssigkeiten, sowie f\u00fcr Pulver und Pasten<\/li>\n\n\n\n<li>Zweiteilige Verpackungssysteme mit Tr\u00e4gern und Ablagen trennen die Produkte, bis der Endnutzer sie mischt. Ideal f\u00fcr Farben, Lacke, Dichtmittel, Epoxid \/ H\u00e4rtemittel, Epoxid-Lacke usw.<\/li>\n\n\n\n<li>EZ-Stainer&#x2122; Liner eignen sich ideal zum Entfernen von Schmutz aus Tinten, Farben, Lacken, Silikon, Klebstoffen usw.&nbsp;<\/li>\n<\/ul>\n\n\n\n<div class=\"wp-block-genesis-blocks-gb-button gb-block-button\"><a href=\"https:\/\/f.hubspotusercontent20.net\/hubfs\/1984976\/Antistat_SS_2021.pdf\" class=\"gb-button gb-button-shape-rounded gb-button-size-medium\" style=\"color:#ffffff;background-color:#3373dc\" target=\"_blank\" rel=\"noopener\">Informationsblatt \u00fcber Antistatik herunterladen<\/a><\/div>\n<\/div><\/div>\n<\/div>\n\n\n\n<div class=\"wp-block-column is-layout-flow wp-block-column-is-layout-flow\">\n<figure class=\"wp-block-image size-full shadow-wrap max-width-485 slide-down-f\"><img decoding=\"async\" width=\"758\" height=\"716\" data-src=\"https:\/\/www.cdf1.com\/wp-content\/uploads\/2022\/01\/DP-Paints-Coatings.jpg\" alt=\"F\u00e4sser und Eimer f\u00fcr Farben und Lacke\" class=\"wp-image-5660 lazyload\" data-srcset=\"https:\/\/www.cdf1.com\/wp-content\/uploads\/2022\/01\/DP-Paints-Coatings.jpg 758w, https:\/\/www.cdf1.com\/wp-content\/uploads\/2022\/01\/DP-Paints-Coatings-300x283.jpg 300w\" data-sizes=\"(max-width: 758px) 100vw, 758px\" src=\"data:image\/svg+xml;base64,PHN2ZyB3aWR0aD0iMSIgaGVpZ2h0PSIxIiB4bWxucz0iaHR0cDovL3d3dy53My5vcmcvMjAwMC9zdmciPjwvc3ZnPg==\" style=\"--smush-placeholder-width: 758px; --smush-placeholder-aspect-ratio: 758\/716;\" \/><\/figure>\n<\/div>\n<\/div>\n<\/div><\/div>\n<\/div><\/div>\n\n\n\n<div class=\"wp-block-cover is-light animated-bg-img margin-bottom-50\"><span aria-hidden=\"true\" class=\"wp-block-cover__background has-background-dim-0 has-background-dim\"><\/span><img decoding=\"async\" width=\"2560\" height=\"1254\" class=\"wp-block-cover__image-background wp-image-878 lazyload\" alt=\"\" data-src=\"https:\/\/www.cdf1.com\/wp-content\/uploads\/2021\/07\/top-green-shape.jpg\" style=\"--smush-placeholder-width: 2560px; --smush-placeholder-aspect-ratio: 2560\/1254;object-position:50% 100%\" data-object-fit=\"cover\" data-object-position=\"50% 100%\" data-srcset=\"https:\/\/www.cdf1.com\/wp-content\/uploads\/2021\/07\/top-green-shape.jpg 2560w, https:\/\/www.cdf1.com\/wp-content\/uploads\/2021\/07\/top-green-shape-300x147.jpg 300w, https:\/\/www.cdf1.com\/wp-content\/uploads\/2021\/07\/top-green-shape-1024x502.jpg 1024w, https:\/\/www.cdf1.com\/wp-content\/uploads\/2021\/07\/top-green-shape-768x376.jpg 768w, https:\/\/www.cdf1.com\/wp-content\/uploads\/2021\/07\/top-green-shape-1536x752.jpg 1536w, https:\/\/www.cdf1.com\/wp-content\/uploads\/2021\/07\/top-green-shape-2048x1003.jpg 2048w\" data-sizes=\"(max-width: 2560px) 100vw, 2560px\" src=\"data:image\/svg+xml;base64,PHN2ZyB3aWR0aD0iMSIgaGVpZ2h0PSIxIiB4bWxucz0iaHR0cDovL3d3dy53My5vcmcvMjAwMC9zdmciPjwvc3ZnPg==\" \/><div class=\"wp-block-cover__inner-container is-layout-flow wp-block-cover-is-layout-flow\">\n<div class=\"wp-block-group fixed-width fixed-1080 vc-wrap padding-bottom-80 img-text-section\"><div class=\"wp-block-group__inner-container is-layout-flow wp-block-group-is-layout-flow\">\n<div class=\"wp-block-columns is-layout-flex wp-container-core-columns-is-layout-9d6595d7 wp-block-columns-is-layout-flex\">\n<div class=\"wp-block-column is-layout-flow wp-block-column-is-layout-flow\">\n<figure class=\"wp-block-image size-full shadow-wrap max-width-485 slide-up-f\"><img decoding=\"async\" width=\"758\" height=\"716\" data-src=\"https:\/\/www.cdf1.com\/wp-content\/uploads\/2022\/01\/cheertainer-bib.jpg\" alt=\"Cheertainer\u00ae Bag-in-Box f\u00fcr Farben und Lacke\" class=\"wp-image-5670 lazyload\" data-srcset=\"https:\/\/www.cdf1.com\/wp-content\/uploads\/2022\/01\/cheertainer-bib.jpg 758w, https:\/\/www.cdf1.com\/wp-content\/uploads\/2022\/01\/cheertainer-bib-300x283.jpg 300w\" data-sizes=\"(max-width: 758px) 100vw, 758px\" src=\"data:image\/svg+xml;base64,PHN2ZyB3aWR0aD0iMSIgaGVpZ2h0PSIxIiB4bWxucz0iaHR0cDovL3d3dy53My5vcmcvMjAwMC9zdmciPjwvc3ZnPg==\" style=\"--smush-placeholder-width: 758px; --smush-placeholder-aspect-ratio: 758\/716;\" \/><\/figure>\n<\/div>\n\n\n\n<div class=\"wp-block-column is-layout-flow wp-block-column-is-layout-flow\">\n<div class=\"wp-block-group text-wrap max-width-450 anim_init has-text-color\" style=\"color:#363b40\"><div class=\"wp-block-group__inner-container is-layout-flow wp-block-group-is-layout-flow\">\n<figure class=\"wp-block-image size-large is-resized\"><img decoding=\"async\" width=\"77\" height=\"76\" data-src=\"https:\/\/www.cdf1.com\/wp-content\/uploads\/2022\/01\/cheertainer-bib-icon.svg\" alt=\"\" class=\"wp-image-5665 lazyload\" style=\"--smush-placeholder-width: 77px; --smush-placeholder-aspect-ratio: 77\/76;width:70px\" src=\"data:image\/svg+xml;base64,PHN2ZyB3aWR0aD0iMSIgaGVpZ2h0PSIxIiB4bWxucz0iaHR0cDovL3d3dy53My5vcmcvMjAwMC9zdmciPjwvc3ZnPg==\" \/><\/figure>\n\n\n\n<h2 class=\"wp-block-heading has-text-color\" style=\"color:#363b40\">Cheertainer\u00ae Bag-in-Box f\u00fcr Farben und Lacke<\/h2>\n\n\n\n<p class=\"has-text-color\" style=\"color:#363b40\">Die Cheertainer Box-in-Box eignet sich ideal f\u00fcr Farben und Lacke. Unser einzigartiges Design maximiert die Produktevakuierung und sch\u00fctzt das Produkt im Inneren, w\u00e4hrend gleichzeitig Lagerung und Versand optimiert werden. Wir k\u00f6nnen die angemessene Folie und den Einsatz f\u00fcr Ihren Bedarf liefern, egal ob f\u00fcr die manuelle oder automatische Bef\u00fcllung.&nbsp;<\/p>\n\n\n\n<ul class=\"wp-block-list\">\n<li>UN-zertifizierte 20 L Bag-In-Box-L\u00f6sung<\/li>\n\n\n\n<li>Mehrere Gr\u00f6\u00dfen von 4 L bis 25 L<\/li>\n\n\n\n<li>Es stehen mehrere Materialien zur Auswahl, ob Standardbarriere, hohe Barriere oder andere erforderliche Materialien.<\/li>\n\n\n\n<li>Umweltfreundlich: Reduzierte Verpackung, vollst\u00e4ndig wiederverwertbar, reduzierte Transportkosten<\/li>\n<\/ul>\n\n\n\n<div class=\"wp-block-genesis-blocks-gb-button gb-block-button\"><a href=\"https:\/\/f.hubspotusercontent20.net\/hubfs\/1984976\/BagInBox_SS_2022.pdf\" class=\"gb-button gb-button-shape-rounded gb-button-size-medium\" style=\"color:#ffffff;background-color:#3373dc\" target=\"_blank\" rel=\"noopener\">Das Informationsblatt \u00fcber Bag-In-Box herunterladen<\/a><\/div>\n<\/div><\/div>\n<\/div>\n<\/div>\n<\/div><\/div>\n<\/div><\/div>\n\n\n\n<div class=\"wp-block-group fixed-width block-has-rounded-corners vc-wrap text-img-section latest-story-section margin-bottom-100 has-text-color has-background\" style=\"color:#000000;background-color:#bceafa\"><div class=\"wp-block-group__inner-container is-layout-flow wp-block-group-is-layout-flow\">\n<div class=\"wp-block-group fixed-width fixed-1000 padding-top-80 padding-bottom-60 title-text-section\"><div class=\"wp-block-group__inner-container is-layout-flow wp-block-group-is-layout-flow\">\n<div class=\"wp-block-columns is-layout-flex wp-container-core-columns-is-layout-9d6595d7 wp-block-columns-is-layout-flex\">\n<div class=\"wp-block-column is-layout-flow wp-block-column-is-layout-flow\" style=\"flex-basis:70%\">\n<div class=\"wp-block-group text-wrap section-title-mix\"><div class=\"wp-block-group__inner-container is-layout-flow wp-block-group-is-layout-flow\">\n<h2 class=\"wp-block-heading\">Die aktuellsten Neuigkeiten<\/h2>\n\n\n\n<h3 class=\"wp-block-heading\">Die Produkte von CDF lassen NASA abheben<\/h3>\n\n\n\n<p>Seit 1958 leistet NASA Pionierarbeit, um unsere physikalischen Limits zu \u00fcberwinden, das wissenschaftlich Machbare und die technologischen Grenzen auf Erden zu sprengen.<\/p>\n\n\n\n<p class=\"link-blue-underline\"><a href=\"https:\/\/www.cdf1.com\/case-study-nasa\/\">Die Fallstudie lesen<\/a><\/p>\n<\/div><\/div>\n<\/div>\n\n\n\n<div class=\"wp-block-column is-layout-flow wp-block-column-is-layout-flow\" style=\"flex-basis:30%\">\n<figure class=\"wp-block-image size-large is-resized\"><img decoding=\"async\" width=\"170\" height=\"142\" data-src=\"https:\/\/www.cdf1.com\/wp-content\/uploads\/2022\/01\/NASA-Logo.svg\" alt=\"Nasa Logo\" class=\"wp-image-5675 lazyload\" style=\"--smush-placeholder-width: 170px; --smush-placeholder-aspect-ratio: 170\/142;width:190px;height:190px\" src=\"data:image\/svg+xml;base64,PHN2ZyB3aWR0aD0iMSIgaGVpZ2h0PSIxIiB4bWxucz0iaHR0cDovL3d3dy53My5vcmcvMjAwMC9zdmciPjwvc3ZnPg==\" \/><\/figure>\n<\/div>\n<\/div>\n<\/div><\/div>\n<\/div><\/div>\n","protected":false},"excerpt":{"rendered":"<p>Farb-verpackungen Verpackung von Farben Liner f\u00fcr F\u00e4sser und Eimer Erfahren Sie mehr \u00fcber die Bedeutung von F\u00e4sser- und Eimer-Liner f\u00fcr die Verpackung von Lacken und Farben. Sehen wir uns die besten Liner-Arten f\u00fcr die folgenden Zwecke n\u00e4her an: Mehr erfahren Zubeh\u00f6r f\u00fcr F\u00e4sser und Eimer f\u00fcr die Verpackung von Farben Von Staubkappen und Abdeckblechen bis [&hellip;]<\/p>\n","protected":false},"author":1,"featured_media":1881,"parent":9410,"menu_order":3,"comment_status":"closed","ping_status":"closed","template":"","meta":{"_acf_changed":false,"content-type":"","_genesis_hide_title":false,"_genesis_hide_breadcrumbs":false,"_genesis_hide_singular_image":false,"_genesis_hide_footer_widgets":false,"_genesis_custom_body_class":"","_genesis_custom_post_class":"","_genesis_layout":"full-width-content","footnotes":""},"class_list":{"0":"post-9415","1":"page","2":"type-page","3":"status-publish","4":"has-post-thumbnail","6":"entry"},"acf":[],"featured_image_src":"https:\/\/www.cdf1.com\/wp-content\/uploads\/2020\/07\/new-feature-placeholder-sliced.png","featured_image_src_square":"https:\/\/www.cdf1.com\/wp-content\/uploads\/2020\/07\/new-feature-placeholder-sliced.png","_links":{"self":[{"href":"https:\/\/www.cdf1.com\/de\/wp-json\/wp\/v2\/pages\/9415","targetHints":{"allow":["GET"]}}],"collection":[{"href":"https:\/\/www.cdf1.com\/de\/wp-json\/wp\/v2\/pages"}],"about":[{"href":"https:\/\/www.cdf1.com\/de\/wp-json\/wp\/v2\/types\/page"}],"author":[{"embeddable":true,"href":"https:\/\/www.cdf1.com\/de\/wp-json\/wp\/v2\/users\/1"}],"replies":[{"embeddable":true,"href":"https:\/\/www.cdf1.com\/de\/wp-json\/wp\/v2\/comments?post=9415"}],"version-history":[{"count":10,"href":"https:\/\/www.cdf1.com\/de\/wp-json\/wp\/v2\/pages\/9415\/revisions"}],"predecessor-version":[{"id":11183,"href":"https:\/\/www.cdf1.com\/de\/wp-json\/wp\/v2\/pages\/9415\/revisions\/11183"}],"up":[{"embeddable":true,"href":"https:\/\/www.cdf1.com\/de\/wp-json\/wp\/v2\/pages\/9410"}],"wp:featuredmedia":[{"embeddable":true,"href":"https:\/\/www.cdf1.com\/de\/wp-json\/wp\/v2\/media\/1881"}],"wp:attachment":[{"href":"https:\/\/www.cdf1.com\/de\/wp-json\/wp\/v2\/media?parent=9415"}],"curies":[{"name":"wp","href":"https:\/\/api.w.org\/{rel}","templated":true}]}}