{"id":9414,"date":"2023-10-12T09:58:09","date_gmt":"2023-10-12T09:58:09","guid":{"rendered":"https:\/\/www.cdf1.com\/produkte\/"},"modified":"2024-02-20T13:35:14","modified_gmt":"2024-02-20T13:35:14","slug":"produkte","status":"publish","type":"page","link":"https:\/\/www.cdf1.com\/de\/produkte\/","title":{"rendered":"Produkte"},"content":{"rendered":"\n<div class=\"wp-block-group page-heading heading-img-bottom two-col-heading shadow-out-bottom\"><div class=\"wp-block-group__inner-container is-layout-flow wp-block-group-is-layout-flow\">\n<div class=\"wp-block-columns fixed-width is-layout-flex wp-container-core-columns-is-layout-9d6595d7 wp-block-columns-is-layout-flex\">\n<div class=\"wp-block-column is-layout-flow wp-block-column-is-layout-flow\" style=\"flex-basis:40%\">\n<div class=\"wp-block-group fixed-width fixed-1080 heading-inner-wrap\"><div class=\"wp-block-group__inner-container is-layout-flow wp-block-group-is-layout-flow\">\n<div class=\"wp-block-group text-wrap\"><div class=\"wp-block-group__inner-container is-layout-flow wp-block-group-is-layout-flow\">\n<h1 class=\"has-text-color wp-block-heading\" style=\"color:#0d80b1\">Fass- und Eimer-Liner<\/h1>\n<\/div><\/div>\n<\/div><\/div>\n<\/div>\n\n\n\n<div class=\"wp-block-column is-layout-flow wp-block-column-is-layout-flow\" style=\"flex-basis:60%\">\n<figure class=\"wp-block-image size-large\"><img decoding=\"async\" width=\"1024\" height=\"734\" data-src=\"https:\/\/www.cdf1.com\/wp-content\/uploads\/2021\/09\/drum-and-pail-header-1-1024x734.jpg\" alt=\"Fass-Liner\" class=\"wp-image-2544 lazyload\" data-srcset=\"https:\/\/www.cdf1.com\/wp-content\/uploads\/2021\/09\/drum-and-pail-header-1-1024x734.jpg 1024w, https:\/\/www.cdf1.com\/wp-content\/uploads\/2021\/09\/drum-and-pail-header-1-300x215.jpg 300w, https:\/\/www.cdf1.com\/wp-content\/uploads\/2021\/09\/drum-and-pail-header-1-768x551.jpg 768w, https:\/\/www.cdf1.com\/wp-content\/uploads\/2021\/09\/drum-and-pail-header-1.jpg 1280w\" data-sizes=\"(max-width: 1024px) 100vw, 1024px\" src=\"data:image\/svg+xml;base64,PHN2ZyB3aWR0aD0iMSIgaGVpZ2h0PSIxIiB4bWxucz0iaHR0cDovL3d3dy53My5vcmcvMjAwMC9zdmciPjwvc3ZnPg==\" style=\"--smush-placeholder-width: 1024px; --smush-placeholder-aspect-ratio: 1024\/734;\" \/><\/figure>\n<\/div>\n<\/div>\n<\/div><\/div>\n\n<div class=\"wp-block-group fixed-width fixed-1080 padding-top-140 padding-bottom-100 title-text-section below-heading-section bg-line-shape-contact\"><div class=\"wp-block-group__inner-container is-layout-flow wp-block-group-is-layout-flow\">\n<div class=\"wp-block-columns is-layout-flex wp-container-core-columns-is-layout-9d6595d7 wp-block-columns-is-layout-flex\">\n<div class=\"wp-block-column is-layout-flow wp-block-column-is-layout-flow\">\n<div class=\"wp-block-group section-title-mix text-wrap anim_init\"><div class=\"wp-block-group__inner-container is-layout-flow wp-block-group-is-layout-flow\">\n<h2 class=\"wp-block-heading\">Halbfeste L\u00f6sungen f\u00fcr<\/h2>\n\n\n\n<h3 class=\"wp-block-heading\"><strong>F\u00e4sser und Eimer<\/strong><\/h3>\n<\/div><\/div>\n<\/div>\n\n\n\n<div class=\"wp-block-column is-layout-flow wp-block-column-is-layout-flow\">\n<div class=\"wp-block-group max-width-450 paragraph-wrap anim_init\"><div class=\"wp-block-group__inner-container is-layout-flow wp-block-group-is-layout-flow\">\n<p>Ihr Design sorgt f\u00fcr die absolute Reinheit Ihres Produkts und liefert gleichzeitig das h\u00f6chste Qualit\u00e4ts- und Haltbarkeitsniveau. Wir entwerfen und produzieren L\u00f6sungen f\u00fcr Fass- und Eimerverpackungen f\u00fcr Ihre spezifischen Produktbed\u00fcrfnisse. Wir bitten eine Auswahl an L\u00f6sungen, um f\u00fcr die Integrit\u00e4t und Effizienz Ihres Produkts zu sorgen.<\/p>\n<\/div><\/div>\n<\/div>\n<\/div>\n<\/div><\/div>\n\n<div class=\"wp-block-group bg-blue-shape-right-center\"><div class=\"wp-block-group__inner-container is-layout-flow wp-block-group-is-layout-flow\">\n<div class=\"wp-block-group fixed-width text-img-section vc-wrap padding-top-180 padding-bottom-100 pt-xs--100 pb-xs--60 has-text-color\" style=\"color:#000000\"><div class=\"wp-block-group__inner-container is-layout-flow wp-block-group-is-layout-flow\">\n<div class=\"wp-block-columns is-layout-flex wp-container-core-columns-is-layout-9d6595d7 wp-block-columns-is-layout-flex\">\n<div class=\"wp-block-column is-layout-flow wp-block-column-is-layout-flow\">\n<div class=\"wp-block-group text-wrap max-width-450\"><div class=\"wp-block-group__inner-container is-layout-flow wp-block-group-is-layout-flow\">\n<h2 class=\"wp-block-heading\">PailSaver&#x2122; f\u00fcr Stahl- und Kunststoffeimer\u00a0 <\/h2>\n\n\n\n<p>Die PailSaver Kunststoff-Liner f\u00fcr Eimer sind ideal zum Mischen, Pumpen und Aufbewahren von so gut wie allen Fl\u00fcssigkeiten, Pulvern und Pasten geeignet. Die nahtlos vakuumgeformten Eimer-Liner haben einen konturierten Rand, der \u00fcber dem Deckelwulst des Eimers einrastet, um zu verhindern, dass das Produkt zwischen den Eimer-Liner und die Eimerseitenwand ger\u00e4t. Heben Sie nach dem Verwenden den Eimer-Liner heraus, und der Eimer ist sauber und einsatzbereit.<\/p>\n\n\n\n<p>Vorteile:<\/p>\n\n\n\n<ul class=\"wp-block-list\"><li>Sorgen Sie f\u00fcr die absolute Reinheit Ihres Produkts.<\/li><li>Reduziert die Zeit und Kosten zum Reinigen oder Ersetzen von Eimer drastisch.\u00a0<\/li><\/ul>\n<\/div><\/div>\n<\/div>\n\n\n\n<div class=\"wp-block-column is-layout-flow wp-block-column-is-layout-flow\">\n<div class=\"wp-block-columns images-in-collage-wrap is-layout-flex wp-container-core-columns-is-layout-9d6595d7 wp-block-columns-is-layout-flex\">\n<div class=\"wp-block-column is-layout-flow wp-block-column-is-layout-flow\">\n<figure class=\"wp-block-image size-large shadow-wrap slide-up-f\"><img decoding=\"async\" width=\"683\" height=\"1024\" data-src=\"https:\/\/www.cdf1.com\/wp-content\/uploads\/2021\/10\/cdf-131s-resized-683x1024.jpg\" alt=\"Fass-Liner\" class=\"wp-image-3539 lazyload\" title=\"\" data-srcset=\"https:\/\/www.cdf1.com\/wp-content\/uploads\/2021\/10\/cdf-131s-resized-683x1024.jpg 683w, https:\/\/www.cdf1.com\/wp-content\/uploads\/2021\/10\/cdf-131s-resized-200x300.jpg 200w, https:\/\/www.cdf1.com\/wp-content\/uploads\/2021\/10\/cdf-131s-resized-768x1152.jpg 768w, https:\/\/www.cdf1.com\/wp-content\/uploads\/2021\/10\/cdf-131s-resized-1024x1536.jpg 1024w, https:\/\/www.cdf1.com\/wp-content\/uploads\/2021\/10\/cdf-131s-resized.jpg 1182w\" data-sizes=\"(max-width: 683px) 100vw, 683px\" src=\"data:image\/svg+xml;base64,PHN2ZyB3aWR0aD0iMSIgaGVpZ2h0PSIxIiB4bWxucz0iaHR0cDovL3d3dy53My5vcmcvMjAwMC9zdmciPjwvc3ZnPg==\" style=\"--smush-placeholder-width: 683px; --smush-placeholder-aspect-ratio: 683\/1024;\" \/><\/figure>\n\n\n\n<figure class=\"wp-block-image size-large shadow-wrap slide-up-s\"><img decoding=\"async\" width=\"1024\" height=\"1024\" data-src=\"https:\/\/www.cdf1.com\/wp-content\/uploads\/2021\/10\/HDPE-Natural-5-Gallon-resized-1024x1024.jpg\" alt=\"Fass-Liner\" class=\"wp-image-3537 lazyload\" title=\"\" data-srcset=\"https:\/\/www.cdf1.com\/wp-content\/uploads\/2021\/10\/HDPE-Natural-5-Gallon-resized-1024x1024.jpg 1024w, https:\/\/www.cdf1.com\/wp-content\/uploads\/2021\/10\/HDPE-Natural-5-Gallon-resized-300x300.jpg 300w, https:\/\/www.cdf1.com\/wp-content\/uploads\/2021\/10\/HDPE-Natural-5-Gallon-resized-150x150.jpg 150w, https:\/\/www.cdf1.com\/wp-content\/uploads\/2021\/10\/HDPE-Natural-5-Gallon-resized-768x768.jpg 768w, https:\/\/www.cdf1.com\/wp-content\/uploads\/2021\/10\/HDPE-Natural-5-Gallon-resized-75x75.jpg 75w, https:\/\/www.cdf1.com\/wp-content\/uploads\/2021\/10\/HDPE-Natural-5-Gallon-resized-600x600.jpg 600w, https:\/\/www.cdf1.com\/wp-content\/uploads\/2021\/10\/HDPE-Natural-5-Gallon-resized.jpg 1448w\" data-sizes=\"(max-width: 1024px) 100vw, 1024px\" src=\"data:image\/svg+xml;base64,PHN2ZyB3aWR0aD0iMSIgaGVpZ2h0PSIxIiB4bWxucz0iaHR0cDovL3d3dy53My5vcmcvMjAwMC9zdmciPjwvc3ZnPg==\" style=\"--smush-placeholder-width: 1024px; --smush-placeholder-aspect-ratio: 1024\/1024;\" \/><\/figure>\n<\/div>\n\n\n\n<div class=\"wp-block-column is-layout-flow wp-block-column-is-layout-flow\">\n<figure class=\"wp-block-image size-large shadow-wrap slide-down-s\"><img decoding=\"async\" width=\"1024\" height=\"1024\" data-src=\"https:\/\/www.cdf1.com\/wp-content\/uploads\/2021\/10\/Anti-Static-5-gallon-resized-1024x1024.jpg\" alt=\"Fass-Liner\" class=\"wp-image-3536 lazyload\" title=\"\" data-srcset=\"https:\/\/www.cdf1.com\/wp-content\/uploads\/2021\/10\/Anti-Static-5-gallon-resized-1024x1024.jpg 1024w, https:\/\/www.cdf1.com\/wp-content\/uploads\/2021\/10\/Anti-Static-5-gallon-resized-300x300.jpg 300w, https:\/\/www.cdf1.com\/wp-content\/uploads\/2021\/10\/Anti-Static-5-gallon-resized-150x150.jpg 150w, https:\/\/www.cdf1.com\/wp-content\/uploads\/2021\/10\/Anti-Static-5-gallon-resized-768x768.jpg 768w, https:\/\/www.cdf1.com\/wp-content\/uploads\/2021\/10\/Anti-Static-5-gallon-resized-75x75.jpg 75w, https:\/\/www.cdf1.com\/wp-content\/uploads\/2021\/10\/Anti-Static-5-gallon-resized-600x600.jpg 600w, https:\/\/www.cdf1.com\/wp-content\/uploads\/2021\/10\/Anti-Static-5-gallon-resized.jpg 1448w\" data-sizes=\"(max-width: 1024px) 100vw, 1024px\" src=\"data:image\/svg+xml;base64,PHN2ZyB3aWR0aD0iMSIgaGVpZ2h0PSIxIiB4bWxucz0iaHR0cDovL3d3dy53My5vcmcvMjAwMC9zdmciPjwvc3ZnPg==\" style=\"--smush-placeholder-width: 1024px; --smush-placeholder-aspect-ratio: 1024\/1024;\" \/><\/figure>\n<\/div>\n<\/div>\n<\/div>\n<\/div>\n<\/div><\/div>\n<\/div><\/div>\n\n<div class=\"wp-block-group fixed-width img-text-section vc-wrap padding-top-180 padding-bottom-100 pt-xs--0 pb-xs--0 has-text-color\" style=\"color:#000000\"><div class=\"wp-block-group__inner-container is-layout-flow wp-block-group-is-layout-flow\">\n<div class=\"wp-block-columns is-layout-flex wp-container-core-columns-is-layout-9d6595d7 wp-block-columns-is-layout-flex\">\n<div class=\"wp-block-column is-layout-flow wp-block-column-is-layout-flow\">\n<div class=\"wp-block-columns images-in-collage-wrap is-layout-flex wp-container-core-columns-is-layout-9d6595d7 wp-block-columns-is-layout-flex\">\n<div class=\"wp-block-column is-layout-flow wp-block-column-is-layout-flow\">\n<figure class=\"wp-block-image size-full shadow-wrap slide-up-f\"><img decoding=\"async\" width=\"517\" height=\"775\" data-src=\"https:\/\/www.cdf1.com\/wp-content\/uploads\/2021\/10\/Blue-Accordion-2.png\" alt=\"Fass-Liner\" class=\"wp-image-3506 lazyload\" title=\"\" data-srcset=\"https:\/\/www.cdf1.com\/wp-content\/uploads\/2021\/10\/Blue-Accordion-2.png 517w, https:\/\/www.cdf1.com\/wp-content\/uploads\/2021\/10\/Blue-Accordion-2-200x300.png 200w\" data-sizes=\"(max-width: 517px) 100vw, 517px\" src=\"data:image\/svg+xml;base64,PHN2ZyB3aWR0aD0iMSIgaGVpZ2h0PSIxIiB4bWxucz0iaHR0cDovL3d3dy53My5vcmcvMjAwMC9zdmciPjwvc3ZnPg==\" style=\"--smush-placeholder-width: 517px; --smush-placeholder-aspect-ratio: 517\/775;\" \/><\/figure>\n\n\n\n<figure class=\"wp-block-image size-large shadow-wrap slide-up-s\"><img decoding=\"async\" data-src=\"https:\/\/www.cdf1.com\/wp-content\/uploads\/2021\/10\/16-Gallon-resized-683x1024.jpg\" alt=\"Fass-Liner\" class=\"wp-image-3542 lazyload\" title=\"\" src=\"data:image\/svg+xml;base64,PHN2ZyB3aWR0aD0iMSIgaGVpZ2h0PSIxIiB4bWxucz0iaHR0cDovL3d3dy53My5vcmcvMjAwMC9zdmciPjwvc3ZnPg==\" style=\"--smush-placeholder-width: 683px; --smush-placeholder-aspect-ratio: 683\/1024;\" \/><\/figure>\n<\/div>\n\n\n\n<div class=\"wp-block-column is-layout-flow wp-block-column-is-layout-flow\">\n<figure class=\"wp-block-image size-full shadow-wrap slide-down-f\"><img decoding=\"async\" width=\"517\" height=\"775\" data-src=\"https:\/\/www.cdf1.com\/wp-content\/uploads\/2021\/10\/Straight-sided-liner-2.png\" alt=\"Fass-Liner\" class=\"wp-image-3543 lazyload\" title=\"\" data-srcset=\"https:\/\/www.cdf1.com\/wp-content\/uploads\/2021\/10\/Straight-sided-liner-2.png 517w, https:\/\/www.cdf1.com\/wp-content\/uploads\/2021\/10\/Straight-sided-liner-2-200x300.png 200w\" data-sizes=\"(max-width: 517px) 100vw, 517px\" src=\"data:image\/svg+xml;base64,PHN2ZyB3aWR0aD0iMSIgaGVpZ2h0PSIxIiB4bWxucz0iaHR0cDovL3d3dy53My5vcmcvMjAwMC9zdmciPjwvc3ZnPg==\" style=\"--smush-placeholder-width: 517px; --smush-placeholder-aspect-ratio: 517\/775;\" \/><\/figure>\n<\/div>\n<\/div>\n<\/div>\n\n\n\n<div class=\"wp-block-column is-layout-flow wp-block-column-is-layout-flow\">\n<div class=\"wp-block-group text-wrap max-width-450\"><div class=\"wp-block-group__inner-container is-layout-flow wp-block-group-is-layout-flow\">\n<h2 class=\"wp-block-heading\">DrumSaver&#x2122; Liner f\u00fcr Stahl- und Kunststoff-F\u00e4sser<\/h2>\n\n\n\n<p>DrumSaver Fass-Liner sind f\u00fcr Stahl- und Kunststoff-F\u00e4sser gedacht. Die nahtlos vakuumgeformten Fass-Liner haben einen konturierten Rand, der \u00fcber dem Deckelwulst eines Kunststofffasses mit einem Fassungsverm\u00f6gen von 200 l einrastet, um zu verhindern, dass das Produkt zwischen den Fass-Liner und die Trommelseitenwand ger\u00e4t. Die DrumSaver Liner sind ideal zum Mischen, Pumpen und Aufbewahren von so gut wie allen Fl\u00fcssigkeiten, Pulvern und Pasten geeignet. Dabei kann es sich um Chemikalien, Tinten, Klebstoffe, Fette, Lacke, Farben, Silikon, Lebensmittel und vieles mehr handeln. Kunststoff-Liner sind ideal f\u00fcr schwer zu reinigende Produkte wie Textil-Farbstoffe, Klebstoffe und Gel-Beschichtungen geeignet.<\/p>\n\n\n\n<p>Vorteile:<\/p>\n\n\n\n<ul class=\"wp-block-list\"><li>Sorgt f\u00fcr die absolute Reinheit Ihres Produkts.<\/li><li>Sch\u00fctzt F\u00e4sser vor Korrosion<\/li><li>Verl\u00e4ngert die Nutzungsdauer Ihres Beh\u00e4lters, indem die Reinigungs- und \u00dcberholungskosten reduziert werden.\u00a0<\/li><\/ul>\n<\/div><\/div>\n<\/div>\n<\/div>\n<\/div><\/div>\n\n<div class=\"wp-block-group fixed-width text-img-section vc-wrap padding-top-180 padding-bottom-100 pt-xs--60 pb-xs--60\"><div class=\"wp-block-group__inner-container is-layout-flow wp-block-group-is-layout-flow\">\n<div class=\"wp-block-columns is-layout-flex wp-container-core-columns-is-layout-9d6595d7 wp-block-columns-is-layout-flex\">\n<div class=\"wp-block-column is-layout-flow wp-block-column-is-layout-flow\">\n<div class=\"wp-block-group text-wrap max-width-450\"><div class=\"wp-block-group__inner-container is-layout-flow wp-block-group-is-layout-flow\">\n<h2 class=\"wp-block-heading\">LinerPro&#x2122; Rundboden-Liner und F\u00e4sser und Eimer<\/h2>\n\n\n\n<p>Verschwei\u00dfte LinerPro Form-Fit Rundboden-Liner f\u00fcr F\u00e4sser und Eimer sind eine wirtschaftliche L\u00f6sung zum Schutz Ihres Produkts. LinerPros sind ideal f\u00fcr viskose Fl\u00fcssigkeiten, Pulver und Feststoffe geeignet. Diese Liner lassen sich einfach installieren und k\u00f6nnen einfach zugedreht und zugebunden werden, um den Inhalt zu sch\u00fctzen. Einzigartige Modelle sind f\u00fcr die Nutzung mit L\u00f6sungsmitteln, flammbaren Pulvern, hei\u00dfen Fl\u00fcssigkeiten, oxidierende oder hygroskopische Materialien oder aggressive Chemikalien geeignet.\u00a0<\/p>\n\n\n\n<p>Vorteile:<\/p>\n\n\n\n<ul class=\"wp-block-list\"><li>Der Rundboden macht es m\u00f6glich, dass im Vergleich zu Taschen mit flachen N\u00e4hten mehr Ihres wertvollen Produkts evakuiert wird, da weniger Falten auftreten.<\/li><li>Reduziert die Kosten f\u00fcr Reinigung und \u00dcberholung von F\u00e4ssern und Eimern<\/li><li>Sorgen Sie f\u00fcr die absolute Reinheit Ihres Produkts.<\/li><\/ul>\n<\/div><\/div>\n<\/div>\n\n\n\n<div class=\"wp-block-column is-layout-flow wp-block-column-is-layout-flow\">\n<div class=\"wp-block-columns images-in-collage-wrap is-layout-flex wp-container-core-columns-is-layout-9d6595d7 wp-block-columns-is-layout-flex\">\n<div class=\"wp-block-column is-layout-flow wp-block-column-is-layout-flow\">\n<figure class=\"wp-block-image size-large shadow-wrap slide-up-f\"><img decoding=\"async\" width=\"682\" height=\"1024\" data-src=\"https:\/\/www.cdf1.com\/wp-content\/uploads\/2021\/10\/cdf-101s-682x1024.jpg\" alt=\"Fass-Liner\" class=\"wp-image-3544 lazyload\" title=\"\" data-srcset=\"https:\/\/www.cdf1.com\/wp-content\/uploads\/2021\/10\/cdf-101s-682x1024.jpg 682w, https:\/\/www.cdf1.com\/wp-content\/uploads\/2021\/10\/cdf-101s-200x300.jpg 200w, https:\/\/www.cdf1.com\/wp-content\/uploads\/2021\/10\/cdf-101s-768x1152.jpg 768w, https:\/\/www.cdf1.com\/wp-content\/uploads\/2021\/10\/cdf-101s-1024x1536.jpg 1024w, https:\/\/www.cdf1.com\/wp-content\/uploads\/2021\/10\/cdf-101s.jpg 1333w\" data-sizes=\"(max-width: 682px) 100vw, 682px\" src=\"data:image\/svg+xml;base64,PHN2ZyB3aWR0aD0iMSIgaGVpZ2h0PSIxIiB4bWxucz0iaHR0cDovL3d3dy53My5vcmcvMjAwMC9zdmciPjwvc3ZnPg==\" style=\"--smush-placeholder-width: 682px; --smush-placeholder-aspect-ratio: 682\/1024;\" \/><\/figure>\n\n\n\n<figure class=\"wp-block-image size-large shadow-wrap slide-up-s\"><img decoding=\"async\" width=\"1024\" height=\"754\" data-src=\"https:\/\/www.cdf1.com\/wp-content\/uploads\/2021\/10\/LinerPro-Blue-Drum-1-1024x754.jpg\" alt=\"Fass-Liner\" class=\"wp-image-3546 lazyload\" title=\"\" data-srcset=\"https:\/\/www.cdf1.com\/wp-content\/uploads\/2021\/10\/LinerPro-Blue-Drum-1-1024x754.jpg 1024w, https:\/\/www.cdf1.com\/wp-content\/uploads\/2021\/10\/LinerPro-Blue-Drum-1-300x221.jpg 300w, https:\/\/www.cdf1.com\/wp-content\/uploads\/2021\/10\/LinerPro-Blue-Drum-1-768x566.jpg 768w, https:\/\/www.cdf1.com\/wp-content\/uploads\/2021\/10\/LinerPro-Blue-Drum-1-1536x1131.jpg 1536w, https:\/\/www.cdf1.com\/wp-content\/uploads\/2021\/10\/LinerPro-Blue-Drum-1-2048x1509.jpg 2048w\" data-sizes=\"(max-width: 1024px) 100vw, 1024px\" src=\"data:image\/svg+xml;base64,PHN2ZyB3aWR0aD0iMSIgaGVpZ2h0PSIxIiB4bWxucz0iaHR0cDovL3d3dy53My5vcmcvMjAwMC9zdmciPjwvc3ZnPg==\" style=\"--smush-placeholder-width: 1024px; --smush-placeholder-aspect-ratio: 1024\/754;\" \/><\/figure>\n<\/div>\n\n\n\n<div class=\"wp-block-column is-layout-flow wp-block-column-is-layout-flow\">\n<figure class=\"wp-block-image size-large shadow-wrap slide-down-f\"><img decoding=\"async\" width=\"731\" height=\"1024\" data-src=\"https:\/\/www.cdf1.com\/wp-content\/uploads\/2021\/10\/LinerPro-Pail-731x1024.jpg\" alt=\"Fass-Liner\" class=\"wp-image-3548 lazyload\" title=\"\" data-srcset=\"https:\/\/www.cdf1.com\/wp-content\/uploads\/2021\/10\/LinerPro-Pail-731x1024.jpg 731w, https:\/\/www.cdf1.com\/wp-content\/uploads\/2021\/10\/LinerPro-Pail-214x300.jpg 214w, https:\/\/www.cdf1.com\/wp-content\/uploads\/2021\/10\/LinerPro-Pail-768x1076.jpg 768w, https:\/\/www.cdf1.com\/wp-content\/uploads\/2021\/10\/LinerPro-Pail-1097x1536.jpg 1097w, https:\/\/www.cdf1.com\/wp-content\/uploads\/2021\/10\/LinerPro-Pail.jpg 1123w\" data-sizes=\"(max-width: 731px) 100vw, 731px\" src=\"data:image\/svg+xml;base64,PHN2ZyB3aWR0aD0iMSIgaGVpZ2h0PSIxIiB4bWxucz0iaHR0cDovL3d3dy53My5vcmcvMjAwMC9zdmciPjwvc3ZnPg==\" style=\"--smush-placeholder-width: 731px; --smush-placeholder-aspect-ratio: 731\/1024;\" \/><\/figure>\n<\/div>\n<\/div>\n<\/div>\n<\/div>\n<\/div><\/div>\n\n<div class=\"wp-block-group bg-blue-shape-left-center\"><div class=\"wp-block-group__inner-container is-layout-flow wp-block-group-is-layout-flow\">\n<div class=\"wp-block-group fixed-width img-text-section vc-wrap padding-top-180 padding-bottom-100 pt-xs--0 pb-xs--60\"><div class=\"wp-block-group__inner-container is-layout-flow wp-block-group-is-layout-flow\">\n<div class=\"wp-block-columns is-layout-flex wp-container-core-columns-is-layout-9d6595d7 wp-block-columns-is-layout-flex\">\n<div class=\"wp-block-column is-layout-flow wp-block-column-is-layout-flow\">\n<div class=\"wp-block-columns images-in-collage-wrap is-layout-flex wp-container-core-columns-is-layout-9d6595d7 wp-block-columns-is-layout-flex\">\n<div class=\"wp-block-column is-layout-flow wp-block-column-is-layout-flow\">\n<figure class=\"wp-block-image size-large shadow-wrap slide-down-f\"><img decoding=\"async\" width=\"754\" height=\"1024\" data-src=\"https:\/\/www.cdf1.com\/wp-content\/uploads\/2021\/10\/Ultra-Liner-754x1024.jpg\" alt=\"Fass-Liner\" class=\"wp-image-3557 lazyload\" title=\"\" data-srcset=\"https:\/\/www.cdf1.com\/wp-content\/uploads\/2021\/10\/Ultra-Liner-754x1024.jpg 754w, https:\/\/www.cdf1.com\/wp-content\/uploads\/2021\/10\/Ultra-Liner-221x300.jpg 221w, https:\/\/www.cdf1.com\/wp-content\/uploads\/2021\/10\/Ultra-Liner-768x1043.jpg 768w, https:\/\/www.cdf1.com\/wp-content\/uploads\/2021\/10\/Ultra-Liner-1132x1536.jpg 1132w, https:\/\/www.cdf1.com\/wp-content\/uploads\/2021\/10\/Ultra-Liner.jpg 1175w\" data-sizes=\"(max-width: 754px) 100vw, 754px\" src=\"data:image\/svg+xml;base64,PHN2ZyB3aWR0aD0iMSIgaGVpZ2h0PSIxIiB4bWxucz0iaHR0cDovL3d3dy53My5vcmcvMjAwMC9zdmciPjwvc3ZnPg==\" style=\"--smush-placeholder-width: 754px; --smush-placeholder-aspect-ratio: 754\/1024;\" \/><\/figure>\n<\/div>\n<\/div>\n<\/div>\n\n\n\n<div class=\"wp-block-column is-layout-flow wp-block-column-is-layout-flow\">\n<div class=\"wp-block-group text-wrap max-width-450\"><div class=\"wp-block-group__inner-container is-layout-flow wp-block-group-is-layout-flow\">\n<h2 class=\"wp-block-heading\">UltraLiner&#x2122; f\u00fcr Stahl- und Glasfaser-F\u00e4sser<\/h2>\n\n\n\n<p>Die UltraLiner f\u00fcr Stahl- und Glasfaser-F\u00e4sser sind blasgeformte Liner und die Fass-Liner von CDF, die die beste Leistung zeigen. Die UltraLiner Premium-Fass-Liner sind ideal f\u00fcr Schwerlastbetriebe geeignet, die hohe Leistung und Schutz brauchen. Die UltraLiner Premium-Fass-Liner haben eine robuste Seitenwand mit einem besonders d\u00fcnnen Rand, wodurch diese Liner ideal f\u00fcr Schwerlastbetriebe geeignet sind, die hohe Leistung und Schutz brauchen.<\/p>\n\n\n\n<p>Vorteile:<\/p>\n\n\n\n<ul class=\"wp-block-list\"><li>Schwerer als normale Fass-Liner<\/li><li>Ultrad\u00fcnner Rand f\u00fcr den dichten Deckelverschluss<\/li><li>Blasgeformt f\u00fcr den nahtlosen Schutz<\/li><li>Sorgt f\u00fcr die absolute Reinheit Ihres Produkts.<\/li><\/ul>\n<\/div><\/div>\n<\/div>\n<\/div>\n<\/div><\/div>\n<\/div><\/div>\n\n<div class=\"wp-block-cover has-background-dim inner-page-cta-section\" style=\"background-color:#015174\"><div class=\"wp-block-cover__inner-container is-layout-flow wp-block-cover-is-layout-flow\">\n<div class=\"wp-block-group fixed-width fixed-980 padding-top-100 text-wrap\"><div class=\"wp-block-group__inner-container is-layout-flow wp-block-group-is-layout-flow\">\n<h2 class=\"has-text-align-center wp-block-heading\"><strong>Finden Sie Ihre L\u00f6sung<\/strong><\/h2>\n<\/div><\/div>\n\n\n\n<div class=\"wp-block-group fixed-width fixed-780 padding-bottom-80 text-wrap\"><div class=\"wp-block-group__inner-container is-layout-flow wp-block-group-is-layout-flow\">\n<p class=\"has-text-align-center\">Wenn Sie besondere Bed\u00fcrfnisse haben, die eine gut durchdachte L\u00f6sung braucht, wenden Sie sich jederzeit an die Verpackungsexperten von Mindful Solution.<\/p>\n\n\n\n<p class=\"has-text-align-center outlined-white-link margin-top-60\"><a href=\"https:\/\/www.cdf1.com\/de\/kontaktieren-sie-uns\/\">Kontaktieren Sie uns<\/a><\/p>\n<\/div><\/div>\n<\/div><\/div>\n","protected":false},"excerpt":{"rendered":"<p>Fass- und Eimer-Liner Halbfeste L\u00f6sungen f\u00fcr F\u00e4sser und Eimer Ihr Design sorgt f\u00fcr die absolute Reinheit Ihres Produkts und liefert gleichzeitig das h\u00f6chste Qualit\u00e4ts- und Haltbarkeitsniveau. Wir entwerfen und produzieren L\u00f6sungen f\u00fcr Fass- und Eimerverpackungen f\u00fcr Ihre spezifischen Produktbed\u00fcrfnisse. Wir bitten eine Auswahl an L\u00f6sungen, um f\u00fcr die Integrit\u00e4t und Effizienz Ihres Produkts zu sorgen. [&hellip;]<\/p>\n","protected":false},"author":1,"featured_media":1881,"parent":0,"menu_order":0,"comment_status":"closed","ping_status":"closed","template":"","meta":{"_acf_changed":false,"content-type":"","_genesis_hide_title":false,"_genesis_hide_breadcrumbs":false,"_genesis_hide_singular_image":false,"_genesis_hide_footer_widgets":false,"_genesis_custom_body_class":"","_genesis_custom_post_class":"","_genesis_layout":"full-width-content","footnotes":""},"class_list":{"0":"post-9414","1":"page","2":"type-page","3":"status-publish","4":"has-post-thumbnail","6":"entry"},"acf":[],"featured_image_src":"https:\/\/www.cdf1.com\/wp-content\/uploads\/2020\/07\/new-feature-placeholder-sliced.png","featured_image_src_square":"https:\/\/www.cdf1.com\/wp-content\/uploads\/2020\/07\/new-feature-placeholder-sliced.png","_links":{"self":[{"href":"https:\/\/www.cdf1.com\/de\/wp-json\/wp\/v2\/pages\/9414","targetHints":{"allow":["GET"]}}],"collection":[{"href":"https:\/\/www.cdf1.com\/de\/wp-json\/wp\/v2\/pages"}],"about":[{"href":"https:\/\/www.cdf1.com\/de\/wp-json\/wp\/v2\/types\/page"}],"author":[{"embeddable":true,"href":"https:\/\/www.cdf1.com\/de\/wp-json\/wp\/v2\/users\/1"}],"replies":[{"embeddable":true,"href":"https:\/\/www.cdf1.com\/de\/wp-json\/wp\/v2\/comments?post=9414"}],"version-history":[{"count":6,"href":"https:\/\/www.cdf1.com\/de\/wp-json\/wp\/v2\/pages\/9414\/revisions"}],"predecessor-version":[{"id":11038,"href":"https:\/\/www.cdf1.com\/de\/wp-json\/wp\/v2\/pages\/9414\/revisions\/11038"}],"wp:featuredmedia":[{"embeddable":true,"href":"https:\/\/www.cdf1.com\/de\/wp-json\/wp\/v2\/media\/1881"}],"wp:attachment":[{"href":"https:\/\/www.cdf1.com\/de\/wp-json\/wp\/v2\/media?parent=9414"}],"curies":[{"name":"wp","href":"https:\/\/api.w.org\/{rel}","templated":true}]}}