{"id":9411,"date":"2023-10-12T09:58:07","date_gmt":"2023-10-12T09:58:07","guid":{"rendered":"https:\/\/www.cdf1.com\/loesungen\/"},"modified":"2024-02-22T07:17:32","modified_gmt":"2024-02-22T07:17:32","slug":"loesungen","status":"publish","type":"page","link":"https:\/\/www.cdf1.com\/de\/loesungen\/","title":{"rendered":"L\u00f6sungen"},"content":{"rendered":"\n<div class=\"wp-block-group page-heading two-col-heading shadow-out-bottom\"><div class=\"wp-block-group__inner-container is-layout-flow wp-block-group-is-layout-flow\">\n<div class=\"wp-block-columns fixed-width is-layout-flex wp-container-core-columns-is-layout-9d6595d7 wp-block-columns-is-layout-flex\">\n<div class=\"wp-block-column is-layout-flow wp-block-column-is-layout-flow\">\n<div class=\"wp-block-group fixed-width fixed-1080 heading-inner-wrap\"><div class=\"wp-block-group__inner-container is-layout-flow wp-block-group-is-layout-flow\">\n<div class=\"wp-block-group text-wrap\"><div class=\"wp-block-group__inner-container is-layout-flow wp-block-group-is-layout-flow\">\n<h1 class=\"wp-block-heading has-text-color\" style=\"color:#0d80b1\"><strong>Nachhaltige<\/strong> <br>Verpackungs-<br>l\u00f6sungen<\/h1>\n<\/div><\/div>\n<\/div><\/div>\n<\/div>\n\n\n\n<div class=\"wp-block-column is-layout-flow wp-block-column-is-layout-flow\" style=\"flex-basis:60%\">\n<figure class=\"wp-block-image size-large\"><img decoding=\"async\" width=\"1024\" height=\"734\" data-src=\"https:\/\/www.cdf1.com\/wp-content\/uploads\/2021\/09\/solutions-heading-section-1024x734.jpg\" alt=\"Nachhaltige Verpackungsl\u00f6sungen\" class=\"wp-image-2408 lazyload\" data-srcset=\"https:\/\/www.cdf1.com\/wp-content\/uploads\/2021\/09\/solutions-heading-section-1024x734.jpg 1024w, https:\/\/www.cdf1.com\/wp-content\/uploads\/2021\/09\/solutions-heading-section-300x215.jpg 300w, https:\/\/www.cdf1.com\/wp-content\/uploads\/2021\/09\/solutions-heading-section-768x551.jpg 768w, https:\/\/www.cdf1.com\/wp-content\/uploads\/2021\/09\/solutions-heading-section.jpg 1280w\" data-sizes=\"(max-width: 1024px) 100vw, 1024px\" src=\"data:image\/svg+xml;base64,PHN2ZyB3aWR0aD0iMSIgaGVpZ2h0PSIxIiB4bWxucz0iaHR0cDovL3d3dy53My5vcmcvMjAwMC9zdmciPjwvc3ZnPg==\" style=\"--smush-placeholder-width: 1024px; --smush-placeholder-aspect-ratio: 1024\/734;\" \/><\/figure>\n<\/div>\n<\/div>\n<\/div><\/div>\n\n\n\n<div class=\"wp-block-group fixed-width fixed-1080 padding-top-140 padding-bottom-100 title-text-section below-heading-section\"><div class=\"wp-block-group__inner-container is-layout-flow wp-block-group-is-layout-flow\">\n<div class=\"wp-block-columns is-layout-flex wp-container-core-columns-is-layout-9d6595d7 wp-block-columns-is-layout-flex\">\n<div class=\"wp-block-column is-layout-flow wp-block-column-is-layout-flow\">\n<div class=\"wp-block-group section-title-mix text-wrap anim_init\"><div class=\"wp-block-group__inner-container is-layout-flow wp-block-group-is-layout-flow\">\n<h2 class=\"wp-block-heading\">Finden Sie die ideale L\u00f6sung<\/h2>\n\n\n\n<h3 class=\"wp-block-heading\">Wachstum und <br>Abfallreduzierung<\/h3>\n<\/div><\/div>\n<\/div>\n\n\n\n<div class=\"wp-block-column is-layout-flow wp-block-column-is-layout-flow\">\n<div class=\"wp-block-group max-width-450 paragraph-wrap anim_init\"><div class=\"wp-block-group__inner-container is-layout-flow wp-block-group-is-layout-flow\">\n<p>St\u00e4rken Sie Ihr Unternehmen oder Ihre Marke, um die globalen Nachhaltigkeitserwartungen in Ihrer Industrie zu erf\u00fcllen.<\/p>\n<\/div><\/div>\n<\/div>\n<\/div>\n<\/div><\/div>\n\n\n\n<div class=\"wp-block-group bg-cdf-solutions-green rail-bottom-white\"><div class=\"wp-block-group__inner-container is-layout-flow wp-block-group-is-layout-flow\">\n<div class=\"wp-block-group fixed-1280 img-overlap-text-section vc-wrap padding-top-140 padding-bottom-80\"><div class=\"wp-block-group__inner-container is-layout-flow wp-block-group-is-layout-flow\">\n<div class=\"wp-block-columns is-layout-flex wp-container-core-columns-is-layout-9d6595d7 wp-block-columns-is-layout-flex\">\n<div class=\"wp-block-column is-layout-flow wp-block-column-is-layout-flow\">\n<div class=\"wp-block-group img-overlap-wrap\"><div class=\"wp-block-group__inner-container is-layout-flow wp-block-group-is-layout-flow\">\n<figure class=\"wp-block-image size-full slide-up-f\"><img decoding=\"async\" width=\"1130\" height=\"1006\" data-src=\"https:\/\/www.cdf1.com\/wp-content\/uploads\/2021\/06\/drum-pail-1.jpg\" alt=\"Nachhaltige Verpackungsl\u00f6sungen\" class=\"wp-image-149 lazyload\" title=\"\" data-srcset=\"https:\/\/www.cdf1.com\/wp-content\/uploads\/2021\/06\/drum-pail-1.jpg 1130w, https:\/\/www.cdf1.com\/wp-content\/uploads\/2021\/06\/drum-pail-1-300x267.jpg 300w, https:\/\/www.cdf1.com\/wp-content\/uploads\/2021\/06\/drum-pail-1-1024x912.jpg 1024w, https:\/\/www.cdf1.com\/wp-content\/uploads\/2021\/06\/drum-pail-1-768x684.jpg 768w\" data-sizes=\"(max-width: 1130px) 100vw, 1130px\" src=\"data:image\/svg+xml;base64,PHN2ZyB3aWR0aD0iMSIgaGVpZ2h0PSIxIiB4bWxucz0iaHR0cDovL3d3dy53My5vcmcvMjAwMC9zdmciPjwvc3ZnPg==\" style=\"--smush-placeholder-width: 1130px; --smush-placeholder-aspect-ratio: 1130\/1006;\" \/><\/figure>\n\n\n\n<figure class=\"wp-block-image size-full slide-up-s\"><img decoding=\"async\" width=\"592\" height=\"732\" data-src=\"https:\/\/www.cdf1.com\/wp-content\/uploads\/2021\/06\/drum-pail-2.jpg\" alt=\"Nachhaltige Verpackungsl\u00f6sungen\" class=\"wp-image-150 lazyload\" title=\"\" data-srcset=\"https:\/\/www.cdf1.com\/wp-content\/uploads\/2021\/06\/drum-pail-2.jpg 592w, https:\/\/www.cdf1.com\/wp-content\/uploads\/2021\/06\/drum-pail-2-243x300.jpg 243w\" data-sizes=\"(max-width: 592px) 100vw, 592px\" src=\"data:image\/svg+xml;base64,PHN2ZyB3aWR0aD0iMSIgaGVpZ2h0PSIxIiB4bWxucz0iaHR0cDovL3d3dy53My5vcmcvMjAwMC9zdmciPjwvc3ZnPg==\" style=\"--smush-placeholder-width: 592px; --smush-placeholder-aspect-ratio: 592\/732;\" \/><\/figure>\n<\/div><\/div>\n<\/div>\n\n\n\n<div class=\"wp-block-column is-layout-flow wp-block-column-is-layout-flow\">\n<div class=\"wp-block-group text-wrap max-width-350\"><div class=\"wp-block-group__inner-container is-layout-flow wp-block-group-is-layout-flow\">\n<h2 class=\"wp-block-heading\">F\u00e4sser und Eimer<\/h2>\n\n\n\n<p>Verl\u00e4ngern Sie mit den halbsteifen Linern und dem Zubeh\u00f6r von CDF die Nutzungsdauer Ihrer Beh\u00e4lter, ohne die Reinheit Ihrer Produkte zu beeintr\u00e4chtigen. Dank unserer halbsteifen Produkte k\u00f6nnen Beh\u00e4lter wiederverwendet werden, da sie frei von R\u00fcckst\u00e4nden bleiben. Damit werden die Umschlagzeiten reduziert, die Beh\u00e4lter zeigen weniger Abnutzungserscheinungen und sie sind wiederverwendbar.<\/p>\n\n\n\n<p class=\"link-white-underline\"><a href=\"https:\/\/www.cdf1.com\/solutions\/drum-pail\/\">Mehr erfahren<\/a><\/p>\n<\/div><\/div>\n<\/div>\n<\/div>\n<\/div><\/div>\n\n\n\n<div class=\"wp-block-group fixed-width fixed-980 video-col-wrap video-col-play-button padding-top-40\"><div class=\"wp-block-group__inner-container is-layout-flow wp-block-group-is-layout-flow\">\n<div class=\"wp-block-columns is-layout-flex wp-container-core-columns-is-layout-9d6595d7 wp-block-columns-is-layout-flex\">\n<div class=\"wp-block-column is-layout-flow wp-block-column-is-layout-flow\">\n<div class=\"wp-block-group video-wistia-wrap wistia-popup-wrap\"><div class=\"wp-block-group__inner-container is-layout-flow wp-block-group-is-layout-flow\">\n<h3 class=\"wp-block-heading\"><strong>Lebenszyklus der Beh\u00e4lter<\/strong><\/h3>\n\n\n\n<script src=\"https:\/\/fast.wistia.com\/embed\/medias\/35eb9sljeh.jsonp\" async=\"\"><\/script><script src=\"https:\/\/fast.wistia.com\/assets\/external\/E-v1.js\" async=\"\"><\/script><span class=\"wistia_embed wistia_async_35eb9sljeh popover=true popoverAnimateThumbnail=true\" style=\"display:inline-block;height:270px;position:relative;width:480px\">\u00a0<\/span>\n<\/div><\/div>\n<\/div>\n\n\n\n<div class=\"wp-block-column is-layout-flow wp-block-column-is-layout-flow\">\n<div class=\"wp-block-group video-wistia-wrap wistia-popup-wrap\"><div class=\"wp-block-group__inner-container is-layout-flow wp-block-group-is-layout-flow\">\n<h3 class=\"wp-block-heading\"><strong>F\u00e4sser und Eimer<\/strong><\/h3>\n\n\n\n<script src=\"https:\/\/fast.wistia.com\/embed\/medias\/msp2zsk405.jsonp\" async=\"\"><\/script><script src=\"https:\/\/fast.wistia.com\/assets\/external\/E-v1.js\" async=\"\"><\/script><span class=\"wistia_embed wistia_async_msp2zsk405 popover=true popoverAnimateThumbnail=true\" style=\"display:inline-block;height:270px;position:relative;width:480px\">\u00a0<\/span>\n<\/div><\/div>\n<\/div>\n<\/div>\n<\/div><\/div>\n<\/div><\/div>\n\n\n\n<div class=\"wp-block-group fixed-1280 text-img-overlap-section vc-wrap padding-top-180 padding-bottom-100 pt-xs--100\"><div class=\"wp-block-group__inner-container is-layout-flow wp-block-group-is-layout-flow\">\n<div class=\"wp-block-columns is-layout-flex wp-container-core-columns-is-layout-9d6595d7 wp-block-columns-is-layout-flex\">\n<div class=\"wp-block-column is-layout-flow wp-block-column-is-layout-flow\">\n<div class=\"wp-block-group text-wrap max-width-450\"><div class=\"wp-block-group__inner-container is-layout-flow wp-block-group-is-layout-flow\">\n<h2 class=\"wp-block-heading\">Smart Pail\u00ae<\/h2>\n\n\n\n<p>Smart Pail\u00ae ist ein halbsteifer, vacuumgeformter Eimer-Leiner aus Kunststoff mit einem hermetisch versiegelten, laminierten Foliendeckel, der in einen achtseitigen Wellpappenkarton passt. In Smart Pail werden halbviskose, feste und meist fl\u00fcssige Produkte transportiert, die momentan in Kunststoffeimern versandt werden.<\/p>\n\n\n\n<p class=\"link-blue-underline\"><a href=\"https:\/\/www.cdf1.com\/solutions\/meta-pail\/\">Mehr erfahren<\/a><\/p>\n<\/div><\/div>\n<\/div>\n\n\n\n<div class=\"wp-block-column is-layout-flow wp-block-column-is-layout-flow\">\n<div class=\"wp-block-group img-overlap-wrap\"><div class=\"wp-block-group__inner-container is-layout-flow wp-block-group-is-layout-flow\">\n<figure class=\"wp-block-image size-large slide-up-f\"><img decoding=\"async\" width=\"828\" height=\"1024\" data-src=\"https:\/\/www.cdf1.com\/wp-content\/uploads\/2021\/06\/smart-pail-1-828x1024.jpg\" alt=\"Nachhaltige Verpackungsl\u00f6sungen\" class=\"wp-image-176 lazyload\" title=\"\" data-srcset=\"https:\/\/www.cdf1.com\/wp-content\/uploads\/2021\/06\/smart-pail-1-828x1024.jpg 828w, https:\/\/www.cdf1.com\/wp-content\/uploads\/2021\/06\/smart-pail-1-243x300.jpg 243w, https:\/\/www.cdf1.com\/wp-content\/uploads\/2021\/06\/smart-pail-1-768x950.jpg 768w, https:\/\/www.cdf1.com\/wp-content\/uploads\/2021\/06\/smart-pail-1.jpg 846w\" data-sizes=\"(max-width: 828px) 100vw, 828px\" src=\"data:image\/svg+xml;base64,PHN2ZyB3aWR0aD0iMSIgaGVpZ2h0PSIxIiB4bWxucz0iaHR0cDovL3d3dy53My5vcmcvMjAwMC9zdmciPjwvc3ZnPg==\" style=\"--smush-placeholder-width: 828px; --smush-placeholder-aspect-ratio: 828\/1024;\" \/><\/figure>\n\n\n\n<figure class=\"wp-block-image size-large slide-up-s\"><img decoding=\"async\" width=\"592\" height=\"732\" data-src=\"https:\/\/www.cdf1.com\/wp-content\/uploads\/2021\/08\/smart-pail-2.jpg\" alt=\"Nachhaltige Verpackungsl\u00f6sungen\" class=\"wp-image-1816 lazyload\" title=\"\" data-srcset=\"https:\/\/www.cdf1.com\/wp-content\/uploads\/2021\/08\/smart-pail-2.jpg 592w, https:\/\/www.cdf1.com\/wp-content\/uploads\/2021\/08\/smart-pail-2-243x300.jpg 243w\" data-sizes=\"(max-width: 592px) 100vw, 592px\" src=\"data:image\/svg+xml;base64,PHN2ZyB3aWR0aD0iMSIgaGVpZ2h0PSIxIiB4bWxucz0iaHR0cDovL3d3dy53My5vcmcvMjAwMC9zdmciPjwvc3ZnPg==\" style=\"--smush-placeholder-width: 592px; --smush-placeholder-aspect-ratio: 592\/732;\" \/><\/figure>\n<\/div><\/div>\n<\/div>\n<\/div>\n<\/div><\/div>\n\n\n\n<div class=\"wp-block-group fixed-1280 bag-box-section bg-line-shape-square padding-top-140 pt-md--80\"><div class=\"wp-block-group__inner-container is-layout-flow wp-block-group-is-layout-flow\">\n<div class=\"wp-block-group img-overlap-text-section vc-wrap padding-bottom-100\"><div class=\"wp-block-group__inner-container is-layout-flow wp-block-group-is-layout-flow\">\n<div class=\"wp-block-columns is-layout-flex wp-container-core-columns-is-layout-9d6595d7 wp-block-columns-is-layout-flex\">\n<div class=\"wp-block-column is-layout-flow wp-block-column-is-layout-flow\">\n<div class=\"wp-block-group img-overlap-wrap\"><div class=\"wp-block-group__inner-container is-layout-flow wp-block-group-is-layout-flow\">\n<figure class=\"wp-block-image size-large slide-up-f\"><img decoding=\"async\" width=\"1024\" height=\"912\" data-src=\"https:\/\/www.cdf1.com\/wp-content\/uploads\/2021\/06\/bag-in-box-1-1024x912.jpg\" alt=\"Nachhaltige Verpackungsl\u00f6sungen\" class=\"wp-image-180 lazyload\" title=\"\" data-srcset=\"https:\/\/www.cdf1.com\/wp-content\/uploads\/2021\/06\/bag-in-box-1-1024x912.jpg 1024w, https:\/\/www.cdf1.com\/wp-content\/uploads\/2021\/06\/bag-in-box-1-300x267.jpg 300w, https:\/\/www.cdf1.com\/wp-content\/uploads\/2021\/06\/bag-in-box-1-768x684.jpg 768w, https:\/\/www.cdf1.com\/wp-content\/uploads\/2021\/06\/bag-in-box-1.jpg 1130w\" data-sizes=\"(max-width: 1024px) 100vw, 1024px\" src=\"data:image\/svg+xml;base64,PHN2ZyB3aWR0aD0iMSIgaGVpZ2h0PSIxIiB4bWxucz0iaHR0cDovL3d3dy53My5vcmcvMjAwMC9zdmciPjwvc3ZnPg==\" style=\"--smush-placeholder-width: 1024px; --smush-placeholder-aspect-ratio: 1024\/912;\" \/><\/figure>\n\n\n\n<figure class=\"wp-block-image size-large slide-up-s\"><img decoding=\"async\" width=\"592\" height=\"732\" data-src=\"https:\/\/www.cdf1.com\/wp-content\/uploads\/2021\/08\/bag-in-box-small.jpg\" alt=\"Nachhaltige Verpackungsl\u00f6sungen\" class=\"wp-image-1823 lazyload\" title=\"\" data-srcset=\"https:\/\/www.cdf1.com\/wp-content\/uploads\/2021\/08\/bag-in-box-small.jpg 592w, https:\/\/www.cdf1.com\/wp-content\/uploads\/2021\/08\/bag-in-box-small-243x300.jpg 243w\" data-sizes=\"(max-width: 592px) 100vw, 592px\" src=\"data:image\/svg+xml;base64,PHN2ZyB3aWR0aD0iMSIgaGVpZ2h0PSIxIiB4bWxucz0iaHR0cDovL3d3dy53My5vcmcvMjAwMC9zdmciPjwvc3ZnPg==\" style=\"--smush-placeholder-width: 592px; --smush-placeholder-aspect-ratio: 592\/732;\" \/><\/figure>\n<\/div><\/div>\n<\/div>\n\n\n\n<div class=\"wp-block-column is-layout-flow wp-block-column-is-layout-flow\">\n<div class=\"wp-block-group text-wrap max-width-450\"><div class=\"wp-block-group__inner-container is-layout-flow wp-block-group-is-layout-flow\">\n<h2 class=\"wp-block-heading\">Bag-In-Box<\/h2>\n\n\n\n<p>Eine nachhaltige, kosteng\u00fcnstige L\u00f6sung zur traditionellen Steifverpackung. Bag-in-Box senkt die Transportkosten, optimiert wertvollen Platz im Lagerhaus, bietet eine Produktevakuierung von 99,9 % und einzigartige M\u00f6glichkeiten f\u00fcr Marketing und Markenpr\u00e4sentation.<\/p>\n\n\n\n<p class=\"link-blue-underline\"><a href=\"https:\/\/www.cdf1.com\/solutions\/bag-in-box\/\">Mehr erfahren<\/a><\/p>\n<\/div><\/div>\n<\/div>\n<\/div>\n<\/div><\/div>\n\n\n\n<div class=\"wp-block-group fixed-width fixed-1080 fixed-980-right video-col-wrap video-col-play-button\"><div class=\"wp-block-group__inner-container is-layout-flow wp-block-group-is-layout-flow\">\n<div class=\"wp-block-columns is-layout-flex wp-container-core-columns-is-layout-9d6595d7 wp-block-columns-is-layout-flex\">\n<div class=\"wp-block-column is-layout-flow wp-block-column-is-layout-flow\">\n<div class=\"wp-block-group video-wistia-wrap wistia-popup-wrap\"><div class=\"wp-block-group__inner-container is-layout-flow wp-block-group-is-layout-flow\">\n<h3 class=\"wp-block-heading\">BIB im Vergleich zu <br>halbsteifen Beh\u00e4ltern<\/h3>\n\n\n\n<script src=\"https:\/\/fast.wistia.com\/embed\/medias\/fawb3islbi.jsonp\" async=\"\"><\/script><script src=\"https:\/\/fast.wistia.com\/assets\/external\/E-v1.js\" async=\"\"><\/script><span class=\"wistia_embed wistia_async_fawb3islbi popover=true popoverAnimateThumbnail=true\" style=\"height:270px;position:relative;width:480px\">\u00a0<\/span>\n<\/div><\/div>\n<\/div>\n\n\n\n<div class=\"wp-block-column is-layout-flow wp-block-column-is-layout-flow\">\n<div class=\"wp-block-group video-wistia-wrap wistia-popup-wrap\"><div class=\"wp-block-group__inner-container is-layout-flow wp-block-group-is-layout-flow\">\n<h3 class=\"wp-block-heading\">UN-zertifizierte <br>Cheertainer-Verpackung<\/h3>\n\n\n\n<script src=\"https:\/\/fast.wistia.com\/embed\/medias\/dddtkzpxio.jsonp\" async=\"\"><\/script><script src=\"https:\/\/fast.wistia.com\/assets\/external\/E-v1.js\" async=\"\"><\/script><span class=\"wistia_embed wistia_async_dddtkzpxio popover=true popoverAnimateThumbnail=true\" style=\"height:270px;position:relative;width:480px\">\u00a0<\/span>\n<\/div><\/div>\n<\/div>\n<\/div>\n<\/div><\/div>\n<\/div><\/div>\n\n\n\n<div class=\"wp-block-group fixed-1280 bg-lines-shape-tb text-img-overlap-section vc-wrap padding-top-180 padding-bottom-100\"><div class=\"wp-block-group__inner-container is-layout-flow wp-block-group-is-layout-flow\">\n<div class=\"wp-block-columns is-layout-flex wp-container-core-columns-is-layout-9d6595d7 wp-block-columns-is-layout-flex\">\n<div class=\"wp-block-column is-layout-flow wp-block-column-is-layout-flow\">\n<div class=\"wp-block-group text-wrap max-width-450\"><div class=\"wp-block-group__inner-container is-layout-flow wp-block-group-is-layout-flow\">\n<h2 class=\"wp-block-heading\">IBC-Eins\u00e4tze<\/h2>\n\n\n\n<p>Die IBC-Eins\u00e4tze von CDF mit Smart-Seal-Technologie maximieren die Produkt-Evakuation, sorgen f\u00fcr die Produktreinheit und geben Ihnen die Sicherheit, dass Ihr Produkt sicher transportiert werden kann und die Produktivit\u00e4t Ihrer IBC-Flotten erh\u00f6ht wird.<\/p>\n\n\n\n<p class=\"link-blue-underline\"><a href=\"https:\/\/www.cdf1.com\/de\/loesungen\/ibc-einsaetze\/\">Mehr erfahren<\/a><\/p>\n<\/div><\/div>\n<\/div>\n\n\n\n<div class=\"wp-block-column is-layout-flow wp-block-column-is-layout-flow\">\n<div class=\"wp-block-group img-overlap-wrap\"><div class=\"wp-block-group__inner-container is-layout-flow wp-block-group-is-layout-flow\">\n<figure class=\"wp-block-image size-large slide-up-f\"><img decoding=\"async\" width=\"828\" height=\"1024\" data-src=\"https:\/\/www.cdf1.com\/wp-content\/uploads\/2021\/06\/ibc-liners-1-828x1024.jpg\" alt=\"Nachhaltige Verpackungsl\u00f6sungen\" class=\"wp-image-182 lazyload\" title=\"\" data-srcset=\"https:\/\/www.cdf1.com\/wp-content\/uploads\/2021\/06\/ibc-liners-1-828x1024.jpg 828w, https:\/\/www.cdf1.com\/wp-content\/uploads\/2021\/06\/ibc-liners-1-243x300.jpg 243w, https:\/\/www.cdf1.com\/wp-content\/uploads\/2021\/06\/ibc-liners-1-768x950.jpg 768w, https:\/\/www.cdf1.com\/wp-content\/uploads\/2021\/06\/ibc-liners-1.jpg 846w\" data-sizes=\"(max-width: 828px) 100vw, 828px\" src=\"data:image\/svg+xml;base64,PHN2ZyB3aWR0aD0iMSIgaGVpZ2h0PSIxIiB4bWxucz0iaHR0cDovL3d3dy53My5vcmcvMjAwMC9zdmciPjwvc3ZnPg==\" style=\"--smush-placeholder-width: 828px; --smush-placeholder-aspect-ratio: 828\/1024;\" \/><\/figure>\n\n\n\n<figure class=\"wp-block-image size-large slide-up-s\"><img decoding=\"async\" width=\"592\" height=\"732\" data-src=\"https:\/\/www.cdf1.com\/wp-content\/uploads\/2021\/06\/ibc-liners-2.jpg\" alt=\"Nachhaltige Verpackungsl\u00f6sungen\" class=\"wp-image-183 lazyload\" title=\"\" data-srcset=\"https:\/\/www.cdf1.com\/wp-content\/uploads\/2021\/06\/ibc-liners-2.jpg 592w, https:\/\/www.cdf1.com\/wp-content\/uploads\/2021\/06\/ibc-liners-2-243x300.jpg 243w\" data-sizes=\"(max-width: 592px) 100vw, 592px\" src=\"data:image\/svg+xml;base64,PHN2ZyB3aWR0aD0iMSIgaGVpZ2h0PSIxIiB4bWxucz0iaHR0cDovL3d3dy53My5vcmcvMjAwMC9zdmciPjwvc3ZnPg==\" style=\"--smush-placeholder-width: 592px; --smush-placeholder-aspect-ratio: 592\/732;\" \/><\/figure>\n<\/div><\/div>\n<\/div>\n<\/div>\n<\/div><\/div>\n\n\n\n<div class=\"wp-block-cover inner-page-cta-section\"><span aria-hidden=\"true\" class=\"wp-block-cover__background has-background-dim-100 has-background-dim\" style=\"background-color:#015174\"><\/span><div class=\"wp-block-cover__inner-container is-layout-flow wp-block-cover-is-layout-flow\">\n<div class=\"wp-block-group fixed-width fixed-980 padding-top-100 text-wrap\"><div class=\"wp-block-group__inner-container is-layout-flow wp-block-group-is-layout-flow\">\n<h2 class=\"wp-block-heading has-text-align-center\"><strong>Finden Sie Ihre L\u00f6sung<\/strong><\/h2>\n<\/div><\/div>\n\n\n\n<div class=\"wp-block-group fixed-width fixed-780 padding-bottom-80 text-wrap\"><div class=\"wp-block-group__inner-container is-layout-flow wp-block-group-is-layout-flow\">\n<p class=\"has-text-align-center\"> Kontaktieren Sie uns unten, um mehr \u00fcber unsere nachhaltige Verpackungsl\u00f6sungen zu erfahren.<\/p>\n\n\n\n<p class=\"has-text-align-center outlined-white-link margin-top-60\"><a href=\"https:\/\/www.cdf1.com\/de\/kontaktieren-sie-uns\/\">Kontaktieren Sie uns<\/a><\/p>\n<\/div><\/div>\n<\/div><\/div>\n","protected":false},"excerpt":{"rendered":"<p>Nachhaltige Verpackungs-l\u00f6sungen Finden Sie die ideale L\u00f6sung Wachstum und Abfallreduzierung St\u00e4rken Sie Ihr Unternehmen oder Ihre Marke, um die globalen Nachhaltigkeitserwartungen in Ihrer Industrie zu erf\u00fcllen. F\u00e4sser und Eimer Verl\u00e4ngern Sie mit den halbsteifen Linern und dem Zubeh\u00f6r von CDF die Nutzungsdauer Ihrer Beh\u00e4lter, ohne die Reinheit Ihrer Produkte zu beeintr\u00e4chtigen. Dank unserer halbsteifen Produkte [&hellip;]<\/p>\n","protected":false},"author":4,"featured_media":1881,"parent":0,"menu_order":0,"comment_status":"closed","ping_status":"closed","template":"","meta":{"_acf_changed":false,"content-type":"","_genesis_hide_title":false,"_genesis_hide_breadcrumbs":false,"_genesis_hide_singular_image":false,"_genesis_hide_footer_widgets":false,"_genesis_custom_body_class":"","_genesis_custom_post_class":"","_genesis_layout":"full-width-content","footnotes":""},"class_list":{"0":"post-9411","1":"page","2":"type-page","3":"status-publish","4":"has-post-thumbnail","6":"entry"},"acf":[],"featured_image_src":"https:\/\/www.cdf1.com\/wp-content\/uploads\/2020\/07\/new-feature-placeholder-sliced.png","featured_image_src_square":"https:\/\/www.cdf1.com\/wp-content\/uploads\/2020\/07\/new-feature-placeholder-sliced.png","_links":{"self":[{"href":"https:\/\/www.cdf1.com\/de\/wp-json\/wp\/v2\/pages\/9411","targetHints":{"allow":["GET"]}}],"collection":[{"href":"https:\/\/www.cdf1.com\/de\/wp-json\/wp\/v2\/pages"}],"about":[{"href":"https:\/\/www.cdf1.com\/de\/wp-json\/wp\/v2\/types\/page"}],"author":[{"embeddable":true,"href":"https:\/\/www.cdf1.com\/de\/wp-json\/wp\/v2\/users\/4"}],"replies":[{"embeddable":true,"href":"https:\/\/www.cdf1.com\/de\/wp-json\/wp\/v2\/comments?post=9411"}],"version-history":[{"count":11,"href":"https:\/\/www.cdf1.com\/de\/wp-json\/wp\/v2\/pages\/9411\/revisions"}],"predecessor-version":[{"id":11178,"href":"https:\/\/www.cdf1.com\/de\/wp-json\/wp\/v2\/pages\/9411\/revisions\/11178"}],"wp:featuredmedia":[{"embeddable":true,"href":"https:\/\/www.cdf1.com\/de\/wp-json\/wp\/v2\/media\/1881"}],"wp:attachment":[{"href":"https:\/\/www.cdf1.com\/de\/wp-json\/wp\/v2\/media?parent=9411"}],"curies":[{"name":"wp","href":"https:\/\/api.w.org\/{rel}","templated":true}]}}