{"id":9410,"date":"2023-10-12T09:58:07","date_gmt":"2023-10-12T09:58:07","guid":{"rendered":"https:\/\/www.cdf1.com\/fallbeispiele\/"},"modified":"2024-02-20T13:30:15","modified_gmt":"2024-02-20T13:30:15","slug":"fallbeispiele","status":"publish","type":"page","link":"https:\/\/www.cdf1.com\/de\/fallbeispiele\/","title":{"rendered":"Fallbeispiele"},"content":{"rendered":"\n<div class=\"wp-block-group page-heading heading-img-bottom two-col-heading shadow-out-bottom\"><div class=\"wp-block-group__inner-container is-layout-flow wp-block-group-is-layout-flow\">\n<div class=\"wp-block-columns fixed-width is-layout-flex wp-container-core-columns-is-layout-9d6595d7 wp-block-columns-is-layout-flex\">\n<div class=\"wp-block-column is-layout-flow wp-block-column-is-layout-flow\" style=\"flex-basis:40%\">\n<div class=\"wp-block-group fixed-width fixed-1080 heading-inner-wrap\"><div class=\"wp-block-group__inner-container is-layout-flow wp-block-group-is-layout-flow\">\n<div class=\"wp-block-group text-wrap\"><div class=\"wp-block-group__inner-container is-layout-flow wp-block-group-is-layout-flow\">\n<h1 class=\"has-text-color wp-block-heading\" style=\"color:#0d80b1\">Fallbeispiele<\/h1>\n<\/div><\/div>\n<\/div><\/div>\n<\/div>\n\n\n\n<div class=\"wp-block-column is-layout-flow wp-block-column-is-layout-flow\" style=\"flex-basis:60%\">\n<figure class=\"wp-block-image size-large\"><img decoding=\"async\" width=\"1024\" height=\"894\" data-src=\"https:\/\/www.cdf1.com\/wp-content\/uploads\/2021\/09\/stories-header-2-1024x894.jpg\" alt=\"&#xDC;berschrift Fallbeispiele\" class=\"wp-image-2555 lazyload\" data-srcset=\"https:\/\/www.cdf1.com\/wp-content\/uploads\/2021\/09\/stories-header-2-1024x894.jpg 1024w, https:\/\/www.cdf1.com\/wp-content\/uploads\/2021\/09\/stories-header-2-300x262.jpg 300w, https:\/\/www.cdf1.com\/wp-content\/uploads\/2021\/09\/stories-header-2-768x670.jpg 768w, https:\/\/www.cdf1.com\/wp-content\/uploads\/2021\/09\/stories-header-2.jpg 1052w\" data-sizes=\"(max-width: 1024px) 100vw, 1024px\" src=\"data:image\/svg+xml;base64,PHN2ZyB3aWR0aD0iMSIgaGVpZ2h0PSIxIiB4bWxucz0iaHR0cDovL3d3dy53My5vcmcvMjAwMC9zdmciPjwvc3ZnPg==\" style=\"--smush-placeholder-width: 1024px; --smush-placeholder-aspect-ratio: 1024\/894;\" \/><\/figure>\n<\/div>\n<\/div>\n<\/div><\/div>\n\n<div class=\"wp-block-group fixed-width fixed-1080 padding-top-140 padding-bottom-100 title-text-section below-heading-section\"><div class=\"wp-block-group__inner-container is-layout-flow wp-block-group-is-layout-flow\">\n<div class=\"wp-block-columns is-layout-flex wp-container-core-columns-is-layout-9d6595d7 wp-block-columns-is-layout-flex\">\n<div class=\"wp-block-column is-layout-flow wp-block-column-is-layout-flow\">\n<div class=\"wp-block-group section-title-mix text-wrap anim_init\"><div class=\"wp-block-group__inner-container is-layout-flow wp-block-group-is-layout-flow\">\n<h2 class=\"wp-block-heading\">So funktioniert es<\/h2>\n\n\n\n<h3 class=\"wp-block-heading\">Unser Fokus<\/h3>\n<\/div><\/div>\n<\/div>\n\n\n\n<div class=\"wp-block-column is-layout-flow wp-block-column-is-layout-flow\">\n<div class=\"wp-block-group anim_init\"><div class=\"wp-block-group__inner-container is-layout-flow wp-block-group-is-layout-flow\">\n<p>Unsere vielseitigen technischen und produkttechnischen F\u00e4higkeiten machen CDF international zum Spitzenreiter in der Produktion von Linern f\u00fcr Eimer, F\u00e4sser, Intermediate Bulk Containern und Bag-In-Box-L\u00f6sungen. Die erfolgreichen flexiblen Verpackungsbetriebe von CDF bauen auf hochmoderne Ger\u00e4te, Materialien und Herstellungserfahrung.<\/p>\n<\/div><\/div>\n<\/div>\n<\/div>\n<\/div><\/div>\n\n<div class=\"wp-block-group bg-cdf-lavander margin-top-70\"><div class=\"wp-block-group__inner-container is-layout-flow wp-block-group-is-layout-flow\">\n<div class=\"wp-block-group fixed-width fixed-1080 block-top-out video-text-section vc-wrap padding-top-120 padding-bottom-80\"><div class=\"wp-block-group__inner-container is-layout-flow wp-block-group-is-layout-flow\">\n<div class=\"wp-block-columns is-layout-flex wp-container-core-columns-is-layout-9d6595d7 wp-block-columns-is-layout-flex\">\n<div class=\"wp-block-column is-layout-flow wp-block-column-is-layout-flow\">\n<figure class=\"wp-block-image size-full shadow-wrap slide-in-up\"><img decoding=\"async\" width=\"948\" height=\"894\" data-src=\"https:\/\/www.cdf1.com\/wp-content\/uploads\/2021\/09\/industrial-2.jpg\" alt=\"Industrielle Fallbeispiele von CDF\" class=\"wp-image-2335 lazyload\" title=\"\" data-srcset=\"https:\/\/www.cdf1.com\/wp-content\/uploads\/2021\/09\/industrial-2.jpg 948w, https:\/\/www.cdf1.com\/wp-content\/uploads\/2021\/09\/industrial-2-300x283.jpg 300w, https:\/\/www.cdf1.com\/wp-content\/uploads\/2021\/09\/industrial-2-768x724.jpg 768w\" data-sizes=\"(max-width: 948px) 100vw, 948px\" src=\"data:image\/svg+xml;base64,PHN2ZyB3aWR0aD0iMSIgaGVpZ2h0PSIxIiB4bWxucz0iaHR0cDovL3d3dy53My5vcmcvMjAwMC9zdmciPjwvc3ZnPg==\" style=\"--smush-placeholder-width: 948px; --smush-placeholder-aspect-ratio: 948\/894;\" \/><\/figure>\n<\/div>\n\n\n\n<div class=\"wp-block-column is-layout-flow wp-block-column-is-layout-flow\">\n<div class=\"wp-block-group text-wrap max-width-450\"><div class=\"wp-block-group__inner-container is-layout-flow wp-block-group-is-layout-flow\">\n<h2 class=\"wp-block-heading\">Industrie<\/h2>\n\n\n\n<p>Erfahren Sie mehr, wie wir nachhaltige L\u00f6sungen f\u00fcr den industriellen Transport von halbviskosen, festen und fl\u00fcssigen Produkten in globalen Industrien bereitgestellt haben.<\/p>\n\n\n\n<p class=\"link-blue-underline\"><a href=\"https:\/\/www.cdf1.com\/stories\/industrial\/\">Mehr erfahren<\/a><\/p>\n<\/div><\/div>\n<\/div>\n<\/div>\n<\/div><\/div>\n\n\n\n<div class=\"wp-block-group fixed-width fixed-980 padding-top-80 padding-bottom-120 text-img-outstand-section vc-wrap\"><div class=\"wp-block-group__inner-container is-layout-flow wp-block-group-is-layout-flow\">\n<div class=\"wp-block-columns is-layout-flex wp-container-core-columns-is-layout-9d6595d7 wp-block-columns-is-layout-flex\">\n<div class=\"wp-block-column is-layout-flow wp-block-column-is-layout-flow\">\n<div class=\"wp-block-group text-wrap max-width-450\"><div class=\"wp-block-group__inner-container is-layout-flow wp-block-group-is-layout-flow\">\n<h2 class=\"wp-block-heading\">Lebensmittel und Getr\u00e4nke<\/h2>\n\n\n\n<p>Die Lebensmittel- und Getr\u00e4nkeindustrie wird immer mehr von ihren Verpackungsbed\u00fcrfnissen abh\u00e4ngig. Erfahren Sie mehr, wie wir hier bei CDF nachhaltige L\u00f6sungen erarbeitet haben, um Materialien zu eliminieren. Wir schaffen Verpackungssysteme, die nicht nur nachhaltige Verpackungen, sondern auch nachhaltige Lebensmittelsysteme erstellen. Wir sind uns bewusst, dass die Verpackungsintegrit\u00e4t, eine Verbesserung der Systemeffizienz und die Umweltverantwortung in der Lebensmittel- und Getr\u00e4nkeindustrie sehr wichtig bei Verpackung, Lagerung und Versand von Lebensmitteln und Getr\u00e4nken sind. Wir arbeiten eng mit unseren Kunden zusammen, um L\u00f6sungen zu erstellen, die ihre Produkte sch\u00fctzen, die Haltbarkeit verl\u00e4ngern und ihren Kunden die Lieferung sicherer, hochwertiger Produkte garantieren.\u00a0<\/p>\n\n\n\n<p class=\"link-blue-underline\"><a href=\"https:\/\/www.cdf1.com\/stories\/food-beverage\/\">Mehr erfahren<\/a><\/p>\n<\/div><\/div>\n<\/div>\n\n\n\n<div class=\"wp-block-column is-layout-flow wp-block-column-is-layout-flow\">\n<div class=\"wp-block-group text-img-overlap-wrap\"><div class=\"wp-block-group__inner-container is-layout-flow wp-block-group-is-layout-flow\">\n<div class=\"wp-block-group outstand-text-wrap\"><div class=\"wp-block-group__inner-container is-layout-flow wp-block-group-is-layout-flow\">\n<p><strong>85 % <\/strong><\/p>\n\n\n\n<p>weniger Kunststoff als <br\/>traditionelle Kunststoffeimer<\/p>\n<\/div><\/div>\n\n\n\n<figure class=\"wp-block-image size-large slide-up-figure\"><img decoding=\"async\" width=\"758\" height=\"714\" data-src=\"https:\/\/www.cdf1.com\/wp-content\/uploads\/2021\/08\/food-and-beverage-2-1.jpg\" alt=\"Weniger Kunststoff mit CDF\" class=\"wp-image-1967 lazyload\" title=\"\" data-srcset=\"https:\/\/www.cdf1.com\/wp-content\/uploads\/2021\/08\/food-and-beverage-2-1.jpg 758w, https:\/\/www.cdf1.com\/wp-content\/uploads\/2021\/08\/food-and-beverage-2-1-300x283.jpg 300w\" data-sizes=\"(max-width: 758px) 100vw, 758px\" src=\"data:image\/svg+xml;base64,PHN2ZyB3aWR0aD0iMSIgaGVpZ2h0PSIxIiB4bWxucz0iaHR0cDovL3d3dy53My5vcmcvMjAwMC9zdmciPjwvc3ZnPg==\" style=\"--smush-placeholder-width: 758px; --smush-placeholder-aspect-ratio: 758\/714;\" \/><\/figure>\n<\/div><\/div>\n<\/div>\n<\/div>\n<\/div><\/div>\n<\/div><\/div>\n\n<div class=\"wp-block-group bg-cdf-lavander-light\"><div class=\"wp-block-group__inner-container is-layout-flow wp-block-group-is-layout-flow\">\n<div class=\"wp-block-group fixed-width fixed-1080 video-text-section vc-wrap padding-top-120 padding-bottom-80\"><div class=\"wp-block-group__inner-container is-layout-flow wp-block-group-is-layout-flow\">\n<div class=\"wp-block-columns is-layout-flex wp-container-core-columns-is-layout-9d6595d7 wp-block-columns-is-layout-flex\">\n<div class=\"wp-block-column is-layout-flow wp-block-column-is-layout-flow\">\n<div class=\"wp-block-group single-video-wrap\"><div class=\"wp-block-group__inner-container is-layout-flow wp-block-group-is-layout-flow\">\n<figure class=\"wp-block-image size-full shadow-wrap slide-in-up\"><img decoding=\"async\" width=\"948\" height=\"894\" data-src=\"https:\/\/www.cdf1.com\/wp-content\/uploads\/2021\/09\/lubricant-and-greases.jpg\" alt=\"CDF Fallbeispiele Schmiermittel und Fette\" class=\"wp-image-2330 lazyload\" title=\"\" data-srcset=\"https:\/\/www.cdf1.com\/wp-content\/uploads\/2021\/09\/lubricant-and-greases.jpg 948w, https:\/\/www.cdf1.com\/wp-content\/uploads\/2021\/09\/lubricant-and-greases-300x283.jpg 300w, https:\/\/www.cdf1.com\/wp-content\/uploads\/2021\/09\/lubricant-and-greases-768x724.jpg 768w\" data-sizes=\"(max-width: 948px) 100vw, 948px\" src=\"data:image\/svg+xml;base64,PHN2ZyB3aWR0aD0iMSIgaGVpZ2h0PSIxIiB4bWxucz0iaHR0cDovL3d3dy53My5vcmcvMjAwMC9zdmciPjwvc3ZnPg==\" style=\"--smush-placeholder-width: 948px; --smush-placeholder-aspect-ratio: 948\/894;\" \/><\/figure>\n<\/div><\/div>\n<\/div>\n\n\n\n<div class=\"wp-block-column is-layout-flow wp-block-column-is-layout-flow\">\n<div class=\"wp-block-group text-wrap max-width-450\"><div class=\"wp-block-group__inner-container is-layout-flow wp-block-group-is-layout-flow\">\n<h2 class=\"wp-block-heading\">Schmiermittel und Fette<\/h2>\n\n\n\n<p>Flexible Eins\u00e4tze sorgen f\u00fcr die Qualit\u00e4t und Zuverl\u00e4ssigkeit, die in der chemischen Industrie erforderlich sind, ohne die Umwelt zu belasten.<\/p>\n\n\n\n<p class=\"link-blue-underline\"><a href=\"https:\/\/www.cdf1.com\/stories\/lubricant-greases\/\">Mehr erfahren<\/a><\/p>\n<\/div><\/div>\n<\/div>\n<\/div>\n<\/div><\/div>\n\n\n\n<div class=\"wp-block-group fixed-width fixed-980 padding-top-80 padding-bottom-120 text-img-outstand-section vc-wrap\"><div class=\"wp-block-group__inner-container is-layout-flow wp-block-group-is-layout-flow\">\n<div class=\"wp-block-columns is-layout-flex wp-container-core-columns-is-layout-9d6595d7 wp-block-columns-is-layout-flex\">\n<div class=\"wp-block-column is-layout-flow wp-block-column-is-layout-flow\">\n<div class=\"wp-block-group text-wrap max-width-450\"><div class=\"wp-block-group__inner-container is-layout-flow wp-block-group-is-layout-flow\">\n<h2 class=\"wp-block-heading\">Kfz-Industrie<\/h2>\n\n\n\n<p>Die Qualit\u00e4t unserer Verpackungsprodukte ist uns sehr wichtig. Wir verwenden nur die hochwertigsten Kunststoffe und von der FDA zugelassene Harze und steigern die Effizienz in der gesamten Industrie.<\/p>\n\n\n\n<p class=\"link-blue-underline\"><a href=\"https:\/\/www.cdf1.com\/stories\/automotive\/\">Mehr erfahren<\/a><\/p>\n<\/div><\/div>\n<\/div>\n\n\n\n<div class=\"wp-block-column is-layout-flow wp-block-column-is-layout-flow\">\n<div class=\"wp-block-group text-img-overlap-wrap\"><div class=\"wp-block-group__inner-container is-layout-flow wp-block-group-is-layout-flow\">\n<div class=\"wp-block-group outstand-text-wrap\"><div class=\"wp-block-group__inner-container is-layout-flow wp-block-group-is-layout-flow\">\n<p><strong>15 Mio<\/strong><\/p>\n\n\n\n<p>LDPE-Liner minimieren <br\/>die Verpackung, mit der <br\/>Produkte gesichert werden.<\/p>\n<\/div><\/div>\n\n\n\n<figure class=\"wp-block-image size-full slide-up-figure\"><img decoding=\"async\" width=\"758\" height=\"714\" data-src=\"https:\/\/www.cdf1.com\/wp-content\/uploads\/2021\/09\/automotive-placeholder.jpg\" alt=\"CDF f&#xFC;r die Kfz-Branche\" class=\"wp-image-2332 lazyload\" title=\"\" data-srcset=\"https:\/\/www.cdf1.com\/wp-content\/uploads\/2021\/09\/automotive-placeholder.jpg 758w, https:\/\/www.cdf1.com\/wp-content\/uploads\/2021\/09\/automotive-placeholder-300x283.jpg 300w\" data-sizes=\"(max-width: 758px) 100vw, 758px\" src=\"data:image\/svg+xml;base64,PHN2ZyB3aWR0aD0iMSIgaGVpZ2h0PSIxIiB4bWxucz0iaHR0cDovL3d3dy53My5vcmcvMjAwMC9zdmciPjwvc3ZnPg==\" style=\"--smush-placeholder-width: 758px; --smush-placeholder-aspect-ratio: 758\/714;\" \/><\/figure>\n<\/div><\/div>\n<\/div>\n<\/div>\n<\/div><\/div>\n<\/div><\/div>\n\n<div class=\"wp-block-group bg-blue-shape-bottom\"><div class=\"wp-block-group__inner-container is-layout-flow wp-block-group-is-layout-flow\">\n<div class=\"wp-block-group fixed-width fixed-1080 video-text-section vc-wrap padding-top-120 padding-bottom-80\"><div class=\"wp-block-group__inner-container is-layout-flow wp-block-group-is-layout-flow\">\n<div class=\"wp-block-columns is-layout-flex wp-container-core-columns-is-layout-9d6595d7 wp-block-columns-is-layout-flex\">\n<div class=\"wp-block-column is-layout-flow wp-block-column-is-layout-flow\">\n<div class=\"wp-block-group single-video-wrap\"><div class=\"wp-block-group__inner-container is-layout-flow wp-block-group-is-layout-flow\">\n<figure class=\"wp-block-image size-full shadow-wrap slide-in-up\"><img decoding=\"async\" width=\"948\" height=\"894\" data-src=\"https:\/\/www.cdf1.com\/wp-content\/uploads\/2022\/01\/paintings-coatings-featured.jpg\" alt=\"Lacke und Farben\" class=\"wp-image-5705 lazyload\" title=\"\" data-srcset=\"https:\/\/www.cdf1.com\/wp-content\/uploads\/2022\/01\/paintings-coatings-featured.jpg 948w, https:\/\/www.cdf1.com\/wp-content\/uploads\/2022\/01\/paintings-coatings-featured-300x283.jpg 300w, https:\/\/www.cdf1.com\/wp-content\/uploads\/2022\/01\/paintings-coatings-featured-768x724.jpg 768w\" data-sizes=\"(max-width: 948px) 100vw, 948px\" src=\"data:image\/svg+xml;base64,PHN2ZyB3aWR0aD0iMSIgaGVpZ2h0PSIxIiB4bWxucz0iaHR0cDovL3d3dy53My5vcmcvMjAwMC9zdmciPjwvc3ZnPg==\" style=\"--smush-placeholder-width: 948px; --smush-placeholder-aspect-ratio: 948\/894;\" \/><\/figure>\n<\/div><\/div>\n<\/div>\n\n\n\n<div class=\"wp-block-column is-layout-flow wp-block-column-is-layout-flow\">\n<div class=\"wp-block-group text-wrap max-width-450\"><div class=\"wp-block-group__inner-container is-layout-flow wp-block-group-is-layout-flow\">\n<h2 class=\"wp-block-heading\">Lacke und Farben<\/h2>\n\n\n\n<p>Wir arbeiten eng mit der Lacke- und Farbenindustrie zusammen, um Verpackungsl\u00f6sungen zu erarbeiten und herzustellen, die die Integrit\u00e4t des Produkts bewahren und widerstandsf\u00e4hig sind.<\/p>\n\n\n\n<p class=\"link-blue-underline\"><a href=\"https:\/\/www.cdf1.com\/stories\/paints-coatings\/\">Mehr erfahren<\/a><\/p>\n<\/div><\/div>\n<\/div>\n<\/div>\n<\/div><\/div>\n\n\n\n<div class=\"wp-block-group fixed-width fixed-980 padding-top-80 padding-bottom-120 text-img-outstand-section vc-wrap\"><div class=\"wp-block-group__inner-container is-layout-flow wp-block-group-is-layout-flow\">\n<div class=\"wp-block-columns is-layout-flex wp-container-core-columns-is-layout-9d6595d7 wp-block-columns-is-layout-flex\">\n<div class=\"wp-block-column is-layout-flow wp-block-column-is-layout-flow\">\n<div class=\"wp-block-group text-wrap max-width-450\"><div class=\"wp-block-group__inner-container is-layout-flow wp-block-group-is-layout-flow\">\n<h2 class=\"wp-block-heading\">Kosmetik<\/h2>\n\n\n\n<p>Mit unseren Innovationen in der nachhaltigen Kosmetikverpackung konnten wir \u00fcber 1.400 Tonnen Kunststoffabfall (was 5.000 Fu\u00dfballfeldern entspricht) eliminieren.<\/p>\n\n\n\n<p class=\"link-blue-underline\"><a href=\"https:\/\/www.cdf1.com\/de\/cosmetic-2\/\">Mehr erfahren<\/a><\/p>\n<\/div><\/div>\n<\/div>\n\n\n\n<div class=\"wp-block-column is-layout-flow wp-block-column-is-layout-flow\">\n<div class=\"wp-block-group text-img-overlap-wrap\"><div class=\"wp-block-group__inner-container is-layout-flow wp-block-group-is-layout-flow\">\n<div class=\"wp-block-group outstand-text-wrap\"><div class=\"wp-block-group__inner-container is-layout-flow wp-block-group-is-layout-flow\">\n<p><strong>33%<\/strong><\/p>\n\n\n\n<p>Weniger Totr\u00e4ume<\/p>\n<\/div><\/div>\n\n\n\n<figure class=\"wp-block-image size-large slide-up-figure\"><img decoding=\"async\" width=\"758\" height=\"714\" data-src=\"https:\/\/www.cdf1.com\/wp-content\/uploads\/2021\/08\/retail-2-2.jpg\" alt=\"Weniger Totr&#xE4;ume\" class=\"wp-image-1968 lazyload\" title=\"\" data-srcset=\"https:\/\/www.cdf1.com\/wp-content\/uploads\/2021\/08\/retail-2-2.jpg 758w, https:\/\/www.cdf1.com\/wp-content\/uploads\/2021\/08\/retail-2-2-300x283.jpg 300w\" data-sizes=\"(max-width: 758px) 100vw, 758px\" src=\"data:image\/svg+xml;base64,PHN2ZyB3aWR0aD0iMSIgaGVpZ2h0PSIxIiB4bWxucz0iaHR0cDovL3d3dy53My5vcmcvMjAwMC9zdmciPjwvc3ZnPg==\" style=\"--smush-placeholder-width: 758px; --smush-placeholder-aspect-ratio: 758\/714;\" \/><\/figure>\n<\/div><\/div>\n<\/div>\n<\/div>\n<\/div><\/div>\n<\/div><\/div>\n\n<div class=\"wp-block-cover has-background-dim inner-page-cta-section\" style=\"background-color:#015174\"><div class=\"wp-block-cover__inner-container is-layout-flow wp-block-cover-is-layout-flow\">\n<div class=\"wp-block-group fixed-width fixed-980 padding-top-100 text-wrap\"><div class=\"wp-block-group__inner-container is-layout-flow wp-block-group-is-layout-flow\">\n<h2 class=\"has-text-align-center wp-block-heading\"><strong>Machen Sie mit bei der Mindful Verpackung Revolution<\/strong><\/h2>\n<\/div><\/div>\n\n\n\n<div class=\"wp-block-group fixed-width fixed-780 padding-bottom-80 text-wrap\"><div class=\"wp-block-group__inner-container is-layout-flow wp-block-group-is-layout-flow\">\n<p class=\"has-text-align-center\">Ergreifen Sie jetzt Schritte zur Nachhaltigkeit. Erfahren Sie, wie Ihr Unternehmen mit den L\u00f6sungen von Mindful Packaging erfolgreich sein kann.<\/p>\n\n\n\n<p class=\"has-text-align-center outlined-white-link margin-top-60\"><a href=\"https:\/\/www.cdf1.com\/de\/kontaktieren-sie-uns\/\">Kontaktieren Sie uns<\/a><\/p>\n<\/div><\/div>\n<\/div><\/div>\n","protected":false},"excerpt":{"rendered":"<p>Fallbeispiele So funktioniert es Unser Fokus Unsere vielseitigen technischen und produkttechnischen F\u00e4higkeiten machen CDF international zum Spitzenreiter in der Produktion von Linern f\u00fcr Eimer, F\u00e4sser, Intermediate Bulk Containern und Bag-In-Box-L\u00f6sungen. Die erfolgreichen flexiblen Verpackungsbetriebe von CDF bauen auf hochmoderne Ger\u00e4te, Materialien und Herstellungserfahrung. Industrie Erfahren Sie mehr, wie wir nachhaltige L\u00f6sungen f\u00fcr den industriellen Transport [&hellip;]<\/p>\n","protected":false},"author":1,"featured_media":1881,"parent":0,"menu_order":0,"comment_status":"closed","ping_status":"closed","template":"","meta":{"_acf_changed":false,"content-type":"","_genesis_hide_title":false,"_genesis_hide_breadcrumbs":false,"_genesis_hide_singular_image":false,"_genesis_hide_footer_widgets":false,"_genesis_custom_body_class":"","_genesis_custom_post_class":"","_genesis_layout":"full-width-content","footnotes":""},"class_list":{"0":"post-9410","1":"page","2":"type-page","3":"status-publish","4":"has-post-thumbnail","6":"entry"},"acf":[],"featured_image_src":"https:\/\/www.cdf1.com\/wp-content\/uploads\/2020\/07\/new-feature-placeholder-sliced.png","featured_image_src_square":"https:\/\/www.cdf1.com\/wp-content\/uploads\/2020\/07\/new-feature-placeholder-sliced.png","_links":{"self":[{"href":"https:\/\/www.cdf1.com\/de\/wp-json\/wp\/v2\/pages\/9410","targetHints":{"allow":["GET"]}}],"collection":[{"href":"https:\/\/www.cdf1.com\/de\/wp-json\/wp\/v2\/pages"}],"about":[{"href":"https:\/\/www.cdf1.com\/de\/wp-json\/wp\/v2\/types\/page"}],"author":[{"embeddable":true,"href":"https:\/\/www.cdf1.com\/de\/wp-json\/wp\/v2\/users\/1"}],"replies":[{"embeddable":true,"href":"https:\/\/www.cdf1.com\/de\/wp-json\/wp\/v2\/comments?post=9410"}],"version-history":[{"count":6,"href":"https:\/\/www.cdf1.com\/de\/wp-json\/wp\/v2\/pages\/9410\/revisions"}],"predecessor-version":[{"id":10994,"href":"https:\/\/www.cdf1.com\/de\/wp-json\/wp\/v2\/pages\/9410\/revisions\/10994"}],"wp:featuredmedia":[{"embeddable":true,"href":"https:\/\/www.cdf1.com\/de\/wp-json\/wp\/v2\/media\/1881"}],"wp:attachment":[{"href":"https:\/\/www.cdf1.com\/de\/wp-json\/wp\/v2\/media?parent=9410"}],"curies":[{"name":"wp","href":"https:\/\/api.w.org\/{rel}","templated":true}]}}