{"id":9409,"date":"2023-10-12T09:58:06","date_gmt":"2023-10-12T09:58:06","guid":{"rendered":"https:\/\/www.cdf1.com\/nutzungsbedingungen-der-website\/"},"modified":"2024-02-05T10:55:04","modified_gmt":"2024-02-05T10:55:04","slug":"nutzungsbedingungen-der-website","status":"publish","type":"page","link":"https:\/\/www.cdf1.com\/de\/nutzungsbedingungen-der-website\/","title":{"rendered":"Nutzungsbedingungen der Website"},"content":{"rendered":"\n<div class=\"wp-block-group page-heading\"><div class=\"wp-block-group__inner-container is-layout-flow wp-block-group-is-layout-flow\">\n<div class=\"wp-block-cover is-light\" style=\"min-height:355px;aspect-ratio:unset;\"><span aria-hidden=\"true\" class=\"wp-block-cover__background has-background-dim-0 has-background-dim\"><\/span><img decoding=\"async\" width=\"2560\" height=\"918\" class=\"wp-block-cover__image-background wp-image-1693 lazyload\" alt=\"\" data-src=\"https:\/\/www.cdf1.com\/wp-content\/uploads\/2021\/08\/careers-single-header.jpg\" data-object-fit=\"cover\" data-srcset=\"https:\/\/www.cdf1.com\/wp-content\/uploads\/2021\/08\/careers-single-header.jpg 2560w, https:\/\/www.cdf1.com\/wp-content\/uploads\/2021\/08\/careers-single-header-300x108.jpg 300w, https:\/\/www.cdf1.com\/wp-content\/uploads\/2021\/08\/careers-single-header-1024x367.jpg 1024w, https:\/\/www.cdf1.com\/wp-content\/uploads\/2021\/08\/careers-single-header-768x275.jpg 768w, https:\/\/www.cdf1.com\/wp-content\/uploads\/2021\/08\/careers-single-header-1536x551.jpg 1536w, https:\/\/www.cdf1.com\/wp-content\/uploads\/2021\/08\/careers-single-header-2048x734.jpg 2048w\" data-sizes=\"(max-width: 2560px) 100vw, 2560px\" src=\"data:image\/svg+xml;base64,PHN2ZyB3aWR0aD0iMSIgaGVpZ2h0PSIxIiB4bWxucz0iaHR0cDovL3d3dy53My5vcmcvMjAwMC9zdmciPjwvc3ZnPg==\" style=\"--smush-placeholder-width: 2560px; --smush-placeholder-aspect-ratio: 2560\/918;\" \/><div class=\"wp-block-cover__inner-container is-layout-flow wp-block-cover-is-layout-flow\">\n<div class=\"wp-block-group fixed-width fixed-1080 heading-inner-wrap\"><div class=\"wp-block-group__inner-container is-layout-flow wp-block-group-is-layout-flow\">\n<div class=\"wp-block-group text-wrap\"><div class=\"wp-block-group__inner-container is-layout-flow wp-block-group-is-layout-flow\">\n<h1 class=\"wp-block-heading\"><strong>Nutzungsbedingungen <\/strong>der Website<\/h1>\n<\/div><\/div>\n<\/div><\/div>\n<\/div><\/div>\n<\/div><\/div>\n\n\n\n<div class=\"wp-block-group fixed-width fixed-1080 padding-top-120 padding-bottom-80 single-case-study-section\"><div class=\"wp-block-group__inner-container is-layout-flow wp-block-group-is-layout-flow\">\n<div class=\"wp-block-group challenge-solution-wrap\"><div class=\"wp-block-group__inner-container is-layout-flow wp-block-group-is-layout-flow\">\n<p>Danke f\u00fcr Ihren Besuch auf der Website (der \u201eWebsite\u201c) der CDF Corporation (\u201eCDF\u201d). &nbsp; Auf dieser Seite werden die allgemeinen Gesch\u00e4ftsbedingungen (\u201eAGB\u201c) dargelegt, denen Ihre Nutzung der Website unterliegt.  Um diese Website nutzen zu k\u00f6nnen, m\u00fcssen Sie die AGB befolgen. &nbsp; Wenn Sie diesen AGB nicht zustimmen, verlassen Sie die Website bitte.<\/p>\n\n\n\n<h2 class=\"wp-block-heading\">Eigentum der Website<\/h2>\n\n\n\n<p>Alle Inhalte auf dieser Website (einschlie\u00dflich ohne Einschr\u00e4nkung Text, Grafiken, Logos, Schaltfl\u00e4chensymbole, Abbildungen, Audiodateien, digitale Downloads, Datenzusammenstellungen und Software) (die \u201eWebsite-Inhalte\u201c) sind das Eigentum von CDF oder seinen Inhaltelieferanten und im gr\u00f6\u00dftm\u00f6glichen Umfang von den US-amerikanischen und internationalen Gesetzen \u00fcber Urheberrechte, Warenzeichen und anderen Eigentumsrechten gesch\u00fctzt. Die Zusammenstellung aller Inhalte auf dieser Website ist das exklusive Eigentum von CDF und wird von den US-amerikanischen und internationalen Urheberrechten gesch\u00fctzt. Alle Software auf dieser Website ist das Eigentum von CDF oder seiner Software-Lieferanten und wird von den US-amerikanischen und internationalen Urheberrechten gesch\u00fctzt.<\/p>\n\n\n\n<p>Die Inhalte der Website d\u00fcrfen ohne die vorherige schriftliche Genehmigung von CDF weder in G\u00e4nze noch teilweise kopiert, verteilt, ge\u00e4ndert, modifiziert, reproduziert, ver\u00f6ffentlicht oder verwendet werden. Sie d\u00fcrfen jedoch Inhalte der Website ausschlie\u00dflich f\u00fcr Ihre pers\u00f6nliche Nutzung auf einen einzelnen Computer herunterladen, vorausgesetzt Sie halten alle Copyright-, Warenzeichen- oder andere Eigentumshinweise intakt und befolgen alle geltenden Endnutzer-Lizenzvereinbarungen. Keine Teile der Website-Inhalte d\u00fcrfen in jeglicher Form reproduziert oder in ein elektronisches oder mechanisches Informationsaufrufsystem integriert werden, au\u00dfer f\u00fcr Ihre pers\u00f6nliche Nutzung gem\u00e4\u00df diesen allgemeine Gesch\u00e4ftsbedingungen (aber in keinem Fall zum Weiterverkauf oder der Neuverteilung).<\/p>\n\n\n\n<p>Sie d\u00fcrfen keine Namen, Warenzeichen, Dienstleistungszeichen, Website-Inhalte oder anderen betriebseigenen Informationen von CDF einrahmen oder Rahmenmethoden verwenden, ohne zuerst die ausdr\u00fcckliche schriftliche Genehmigung von CDF einzuholen.<\/p>\n\n\n\n<h2 class=\"wp-block-heading\">Daten<\/h2>\n\n\n\n<p>Sie erkennen an und stimmen zu, dass CDF ein lizenzfreies, unbefristetes, voll bezahltes, unwiderrufliches, nicht-exklusives und \u00fcbertragbares Recht sowie die Lizenz halt, alle Daten, Aufzeichnungen und andere Informationen, die von oder durch die Website, an CDF \u00fcbermittelt oder anderweitig bereitgestellt wurden in Zusammenhang mit der Nutzung der Website (die \u201eDaten\u201c) f\u00fcr die Gesch\u00e4ftszwecke und f\u00fcr alle bereits bekannten und k\u00fcnftig entwickelten Medien. Die oben dargelegten Rechte von CDF umfassen auch das spezifische Recht, mit allen von CDF auf der Website zusammengetragenen Daten eine Datenbank zu entwickeln, zu erstellen und zu \u00e4ndern (die \u201eDatenbank der Website\u201c). \u00a0 Sie erkennen an, dass die Datenbank der Website kontinuierlich verfeinert und aktualisiert wird und dass die Datenbank der Website aufgrund der w\u00e4hrend Ihrer Nutzung der Website gesammelten Daten erweitert wird. \u00a0 Als eine Bedingungen f\u00fcr die Nutzung dieser Website stimmen Sie au\u00dferdem zu, dass (i) derartige Daten durch physische oder elektronische Mittel erfassen darf, und dass (ii) CDF das Eigentum und alle Rechte, den Titel und das Interesse an der Datenbank der Website in allen ihren Versionen behalten wird.<\/p>\n\n\n\n<h2 class=\"wp-block-heading\">Warenzeichen<\/h2>\n\n\n\n<p>DRUMSAVER, PAILSAVER, LINERPRO, EZ-STRAINER, CHEMLINER, ULTRALINER und das CDF-Logo und alle anderen auf der Website angegebenen Warenzeichen sind Markenzeichen und Dienstleistungszeichen von CDF in den Vereinigte Staaten und in anderen L\u00e4ndern. &nbsp; Markenzeichen, Dienstleistungszeichen, Handelsaufmachungen von CDF d\u00fcrfen nicht ohne die vorherige Genehmigung von CDF verwendet werden. &nbsp; Alle anderen Markenzeichen, die auf der Website erscheinen, aber nicht im Besitz von CDF sind, sind das Eigentum der entsprechenden Eigent\u00fcmer, die unter Umst\u00e4nden mit CDF verbunden oder angeschlossen sein k\u00f6nnen.<\/p>\n\n\n\n<h2 class=\"wp-block-heading\">Richtigkeit und Vollst\u00e4ndigkeit der Daten<\/h2>\n\n\n\n<p>Obwohl CDF Anstrengungen unternimmt, um f\u00fcr die Vollst\u00e4ndigkeit und Richtigkeit der Daten auf der Website zu sorgen, werden keinerlei Garantien \u00fcber die Richtigkeit oder Fehlerfreiheit auf der Website \u00fcbernommen. \u00a0 Es ist m\u00f6glich, dass auf der Website Tippfehler, Ungenauigkeiten oder andere Fehler enthalten sind und dass Dritte unbefugte Zus\u00e4tze, L\u00f6schungen und \u00c4nderungen auf der Website vornehmen. \u00a0 Sollten Ungenauigkeiten auftreten, informieren Sie bitte CDF. Die Informationen auf der Website k\u00f6nnen ohne Vorwarnung ge\u00e4ndert oder aktualisiert werden.<\/p>\n\n\n\n<h2 class=\"wp-block-heading\">Interaktive Bereiche<\/h2>\n\n\n\n<p>Was m\u00f6glicherweise vorhandene interaktive Bereiche auf der Website angeht, so d\u00fcrfen Sie Kommentare und andere Inhalte einstellen und Vorschl\u00e4ge, Ideen, Kommentare, Fragen oder anderen Informationen einsenden, aber nur, falls die Inhalte nicht illegal, obsz\u00f6n, bedrohend oder verleumderisch sind, die Privatsph\u00e4re oder geistige Eigentumsrechte verletzen, oder in anderer Weise Dritten schaden oder anst\u00f6\u00dfig sind, und solange derartige Inhalte keine Software-Viren, politische Kampagnen, kommerzielle Werbung, Kettenbriefe, Massen-Mailings, oder jegliche Form von Spam enthalten.<\/p>\n\n\n\n<p>CDF beh\u00e4lt sich das Recht vor, ist aber nicht verpflichtet, Bereiche der Website zu \u00fcberwachen, wo Besucher Nachrichten \u00fcbermitteln oder einstellen oder alleinig miteinander kommunizieren, einschlie\u00dflich aber nicht beschr\u00e4nkt auf Chat-R\u00e4ume, Pinnw\u00e4nde und andere Nutzerforen und die Inhalte derartiger Kommunikationen. CDF \u00fcbernimmt jedoch keinerlei Haftung bez\u00fcglich oder entstehend aus den Inhalten aus dieser Kommunikationen, ungeachtet dessen, ob diese die Copyright-, Verleumdungs-, Datenschutz-, Obsz\u00f6nit\u00e4tsgesetze oder andere Gesetze verletzen. &nbsp; CDF beh\u00e4lt sich das Recht vor, im alleinigen und absoluten Ermessen Kommunikationen zu entfernen, die im alleinigen Ermessen von CDF als beleidigend, verleumderisch oder obsz\u00f6n oder sonstig als unangemessen erachtet werden.<\/p>\n\n\n\n<h2 class=\"wp-block-heading\">Gew\u00e4hrleistungserkl\u00e4rung<\/h2>\n\n\n\n<p>CDF GARANTIERT NICHT, DASS DER ZUGANG ODER DIE NUTZUNG DER WEBSITE UNUNTERBROCHEN ODER FEHLERFREI SEIN WIRD ODER FEHLER IN DER WEBSITE KORRIGIERT WIRD. &nbsp; DIESE WEBSITE EINSCHLIESSLICH ALLER SEITENINHALTE UND ANDERE DARIN ENTHALTENEN INFORMATIONEN ODER AUF DIE WEBSITE BEZ\u00dcGLICHE DIENSTE WERDEN IM IST-ZUSTAND MIT ALLEN FEHLERN ANGEBOTEN, UND OHNE ZUSICHERUNGEN ODER GEW\u00c4HRLEISTUNGEN JEGLICHER ART, WEDER AUSDR\u00dcCKLICH ODER IMPLIZIERT, EINSCHLIESSLICH OHNE EINSCHR\u00c4NKUNG DER IMPLIZIERTEN GEW\u00c4HRLEISTUNG DER MARKTG\u00c4NGIGKEIT, EIGNUNG F\u00dcR EINEN BESTIMMTEN ZWECK, DER QUALIT\u00c4T DER INFORMATIONEN, DER UNGEST\u00d6RTEN NUTZUNG ODER \u00dcBEREIGNUNG ODER NICHTBESTEHEN EINER RECHTSVERLETZUNG. &nbsp; CDF LEHNT AUSDR\u00dcCKLICH JEDE HAFTUNG AB F\u00dcR FEHLER ODER UNTERLASSUNGEN, MISSBRAUCH ODER FEHLAUSLEGUNG VON INFORMATIONEN, DIE DURCH DIE WEBSITE ERHALTEN WERDEN. &nbsp; CDF GEW\u00c4HRLEISTET NICHT DIE GENAUIGKEIT, VOLLST\u00c4NDIGKEIT ODER ZEITN\u00c4HE DER DURCH DIE WEBSITE ERHALTENEN DATEN.<\/p>\n\n\n\n<p>SIE \u00dcBERNEHMEN DIE VOLLE VERANTWORTUNG UND ALLE RISIKEN F\u00dcR IHRE NUTZUNG DER WEBSITE, DER WEBSITE-SERVICES UND DIE VERLINKTEN WEBSITES. &nbsp; IN BESTIMMTEN STAATEN SIND EINSCHR\u00c4NKUNGEN DER STILLSCHWEIGENDEN M\u00c4NGELHAFTEN GESETZLICH NICHT ZUGELASSEN. &nbsp; WENN DIESE GESETZE AUF SIE ZUTREFFEN, K\u00d6NNEN M\u00d6GLICHERWEISE EINIGE ODER ALLE DER OBIGEN HAFTUNGSAUSSCHL\u00dcSSE ODER EINSCHR\u00c4NKUNGEN NICHT AUF SIE GELTEN UND SIE HABEN M\u00d6GLICHERWEISE ZUS\u00c4TZLICHE RECHTE.<\/p>\n\n\n\n<p>CDF GARANTIERT NICHT, DASS DIE ZUM HERUNTERLADEN VERF\u00dcGBAREN DATEIEN KEINE VIREN, W\u00dcRMER, TROJANISCHEN PFERDE ODER ANDERE SCHADPROGRAMME ENTHALTEN. &nbsp; SIE SIND F\u00dcR DIE IMPLEMETIERUNG VON VERFAHREN VERANTWORTLICH, DIE AUSREICHEN, UM IHREN BEDARF NACH DATENSICHERUNG UND SICHERHEIT ZU ERF\u00dcLLEN. &nbsp; SIE STIMMEN ZU, DASS CDF NICHT F\u00dcR JEGLICHE KOSTEN UND SCHADENSERSATZANSPR\u00dcCHE HAFTBAR IST, DIE DIREKT ODER INDIREKT AUS DERARTIGEM CODE ENTSTEHEN. &nbsp; SIE \u00dcBERNEHMEN DIE VOLLE VERANTWORTUNG UND ALLE RISIKEN F\u00dcR IHRE NUTZUNG DER WEBSITE UND DES INTERNETS.<\/p>\n\n\n\n<h2 class=\"wp-block-heading\">Haftungsbegrenzung hinsichtlich der Nutzung der Website<\/h2>\n\n\n\n<p>CDF UND ALLE AUF DIESER WEBSITE ERW\u00c4HNTEN DRITTEN SIND WEDER VERANTWORTLICH NOCH HAFTBAR F\u00dcR JEGLICHE DIREKTEN, INDIREKTEN, ZUF\u00c4LLIGEN, DARAUS RESULTIERENDEN, BESONDEREN, BEISPIELHAFTEN SCH\u00c4DEN ODER ANDERE VERPFLICHTUNGEN (EINSCHLIESSLICH OHNE EINSCHR\u00c4NKUNG SCH\u00c4DEN AUS VERLORENEN GEWINNEN, VERLORENEN DATEN ODER GESCH\u00c4FTSUNTERBRECHUNGEN), DIE AUS ODER BEZ\u00dcGLICH DER WEBSITE, DER WEBSITE-SERVICES, DER INHALTE AUF DER WEBSITE UND\/ODER VERLINKTEN WEBSITE ENTSTEHT, OB AUF DER GRUNDLAGE VON GARANTIE-, VERTRAGS-, DELIKT- ODER ANDEREM RECHT ODER OB WIR AUF DIE M\u00d6GLICHKEIT DERARTIGER SCH\u00c4DEN HINGEWIESEN WURDEN ODER NICHT. &nbsp; IHR EINZIGES RECHTSMITTEL BEI UNZUFRIEDENHEIT MIT DER WEBSITE, WEBSITE-SERVICES UND\/ODER VERLINKTEN WEBSITES IST ES, DIE WEBSITE UND\/ODER DIENSTLEISTUNG NICHT MEHR ZU NUTZEN. &nbsp; IN BESTIMMTEN STAATEN SIND EINSCHR\u00c4NKUNGEN DER STILLSCHWEIGENDEN M\u00c4NGELHAFTEN GESETZLICH NICHT ZUGELASSEN. &nbsp; WENN DIESE GESETZE AUF SIE ZUTREFFEN, K\u00d6NNEN M\u00d6GLICHERWEISE EINIGE ODER ALLE DER OBIGEN HAFTUNGSAUSSCHL\u00dcSSE ODER EINSCHR\u00c4NKUNGEN NICHT AUF SIE GELTEN UND SIE HABEN M\u00d6GLICHERWEISE ZUS\u00c4TZLICHE RECHTE.<\/p>\n\n\n\n<h2 class=\"wp-block-heading\">Freistellung<\/h2>\n\n\n\n<p>Sie stimmen zu, CDF und seine Partner und Informationsanbieter und alle Handlungsbevollm\u00e4chtigte, Direktoren, Mitarbeitenden und Vertreter von und vor allen Verlusten, Kosten, Schadensersatzanspr\u00fcchen und Kosten einschlie\u00dflich angemessener Rechtskosten freizustellen, zu verteidigen und schadlos zu halten, einschlie\u00dflich derer, die aus einem Versto\u00df gegen diese allgemeinen Gesch\u00e4ftsbedingungen entstehen.<\/p>\n\n\n\n<h2 class=\"wp-block-heading\">Links oder Hinweise zu anderen Websites<\/h2>\n\n\n\n<p>CDF \u00fcbernimmt keinerlei Gew\u00e4hrleistung f\u00fcr andere Websites, auf die Sie \u00fcber diese Website zugreifen k\u00f6nnen. &nbsp; Wenn Sie auf eine Website au\u00dferhalb von CDF zugreifen k\u00f6nnen, sollten Sie darauf achten, dass eine Website au\u00dferhalb von CDF unabh\u00e4ngig von CDF ist und dass CDF keine Kontrolle \u00fcber die Inhalte dieser Website hat. &nbsp; Au\u00dferdem bedeutet ein Hyperlink zu einer Website au\u00dferhalb von CDF nicht, dass CDF die verkn\u00fcpfte Website bef\u00fcrwortet oder Verantwortung f\u00fcr die Inhalte oder Nutzung der verkn\u00fcpften Website \u00fcbernimmt. &nbsp; Sie sind daf\u00fcr verantwortlich, Vorsichtsma\u00dfnahmen zu ergreifen, um daf\u00fcr zu sorgen, dass alles, was Sie nutzen oder herunterladen, keine Viren, W\u00fcrmer, trojanische Pferde oder andere Schadprogramme enth\u00e4lt. &nbsp; Wenn Sie entscheiden, auf mit der Website verkn\u00fcpfte Dritt-Websites zuzugreifen, \u00fcbernehmen Sie daf\u00fcr das Risiko.<\/p>\n\n\n\n<h2 class=\"wp-block-heading\">Anspruchsverfahren f\u00fcr Verst\u00f6\u00dfe gegen das Urheberrecht<\/h2>\n\n\n\n<p>Gem\u00e4\u00df Paragraph 202 des Digital Millennium Copyright Act, 17 U.S.C. \u00a7 512 hat CDF hat einen Beauftragten zur Benachrichtigung von mutma\u00dflichen Verst\u00f6\u00dfen gegen das Urheberrecht ernannt und dem United States Copyright Office die Kontaktinformationen f\u00fcr diesen Beauftragten mitgeteilt. &nbsp; Alle Benachrichtigungen \u00fcber angebliche Verst\u00f6\u00dfe gegen das Urheberrecht m\u00fcssen unter der folgenden Adresse an CDF gesendet werden:<\/p>\n\n\n\n<p>CDF Corporation<br>77 Industrial Park Rd<br>Plymouth, MA 02360, USA<br>Telefonnr. 508-747-5858<br>E-Mail: <a href=\"MAILTO:custserv@cdf1.com\">custserv@cdf1.com<\/a><\/p>\n\n\n\n<p>Wenn Sie CDF \u00fcber eine mutma\u00dflichen Versto\u00df gegen das Urheberrecht benachrichtigen, geben Sie bitte folgende Informationen an:<br>(i) Eine Beschreibung des urheberrechtlich gesch\u00fctzten Produkts, das Ihrer Meinung nach verletzt wurde, oder, falls die Mitteilung mehrere urheberrechtlich gesch\u00fctzte Produkte abdeckt, eine repr\u00e4sentative Liste derartiger Produkte; (ii) Eine Beschreibung des Materials, das angeblich gegen das Urheberrecht verst\u00f6\u00dft und Informationen, die es CDF erm\u00f6glichen, das Material zu finden; (iii) Informationen, die ausreichen, um es CDF zu erm\u00f6glichen, Sie zu kontaktieren, beispielsweise eine Adresse, eine Telefonnummer und\/oder eine E-Mail-Adresse; (iv) Eine Erkl\u00e4rung Ihrerseits, dass Sie im guten Glauben sind, dass die Nutzung des Materials in der Art und Weise, wie sie in der Beschwerde dargelegt wird, nicht vom Inhaber des Urheberrechts, oder seinem Vertreter oder gesetzlich befugt ist; und (v) Eine Erkl\u00e4rung Ihrerseits, dass die Informationen in der Benachrichtigungen akkurat sind und dass Sie bevollm\u00e4chtigt sind, die Urheberrechte, gegen die angeblich versto\u00dfen wurde, durchzusetzen.<\/p>\n\n\n\n<h2 class=\"wp-block-heading\">Keine rechtswidrigen oder verbotenen Zwecke<\/h2>\n\n\n\n<p>Als Bedingung f\u00fcr Ihre Nutzung dieser Website garantieren Sie CDF, dass Sie die Website nicht f\u00fcr unrechtm\u00e4\u00dfige oder unter diesen AGB verbotene Zwecke verwenden werden.<\/p>\n<\/div><\/div>\n\n\n\n<div class=\"wp-block-group results-wrap padding-top-40 padding-bottom-20\"><div class=\"wp-block-group__inner-container is-layout-flow wp-block-group-is-layout-flow\">\n<h2 class=\"wp-block-heading\">Allgemeines<\/h2>\n\n\n\n<p>CDF beh\u00e4lt sich das Recht vor, im alleinigen Ermessen mit oder ohne Grund und mit oder ohne Vorwarnung Ihren Zugang zu allen oder Teilen der Website zu beenden. Falls Klauseln der allgemeinen Gesch\u00e4ftsbedingungen von einem kompetenten Gericht als nicht durchsetzbar erachtet werden, werden diese Klauseln eingegrenzt oder zum geringstm\u00f6glichen Ma\u00df ausgeschlossen, und die restlichen Klauseln dieser allgemeinen Gesch\u00e4ftsbedingungen bleiben in voller Kraft und Wirkung. Diese Website und diese allgemeinen Gesch\u00e4ftsbedingungen unterliegen und entsprechen den Gesetzen des Commonwealth of Massachusetts, und zwar unabh\u00e4ngig von der Wahl der Rechtsgrunds\u00e4tze. Durch die Nutzung der Website stimmen Sie diesem exklusiven Gerichtsstand zu und sind damit einverstanden, dass alle Dispute, die direkt oder indirekt im Zusammenhang mit der Website und diesen allgemeinen Gesch\u00e4ftsbedingungen stehen, alleinig vor einem staatlichen oder bundesstaatlichen Gericht im Bezirk Plymouth im Commonwealth of Massachusetts, U.S.A. verhandelt werden, und Sie verzichten auf jeden Einwand gegen diesen Gerichtsstand, der auf einem Mangel von pers\u00f6nlicher Gerichtsbarkeit, eines ungeeigneten Anlaufpunktes oder des Prinzips Forum Non Conveniens beruht. Diese allgemeinen Gesch\u00e4ftsbedingungen bilden die gesamte Vereinbarung unter den Partien hinsichtlich des Vertragsgegenstands und heben alle vorherigen oder gleichzeitigen schriftlichen oder m\u00fcndlichen Vereinbarungen hinsichtlich des Vertragsgegenstands auf und ersetzen diese. Ein Verzicht auf Klauseln in diesen allgemeinen Gesch\u00e4ftsbedingungen ist nur dann g\u00fcltig, wenn er schriftlich erfolgt und von CDF unterschrieben ist. CDF kann im alleinigen Ermessen diese allgemeinen Gesch\u00e4ftsbedingungen hin und wieder \u00fcberarbeiten, in dem sie hier aktualisiert werden. Bestimmte Klauseln in diesen allgemeinen Gesch\u00e4ftsbedingungen k\u00f6nnen durch ausdr\u00fcckliche rechtliche Hinweise oder Bedingungen auf bestimmten Seiten auf der Website aufhoben werden.<\/p>\n\n\n\n<p>Copyright 2015 CDF Corporation. Alle Rechte vorbehalten.<\/p>\n<\/div><\/div>\n<\/div><\/div>\n","protected":false},"excerpt":{"rendered":"<p>Danke f\u00fcr Ihren Besuch auf der Website (der \u201eWebsite\u201c) der CDF Corporation (\u201eCDF\u201d). &nbsp; Auf dieser Seite werden die allgemeinen Gesch\u00e4ftsbedingungen (\u201eAGB\u201c) dargelegt, denen Ihre Nutzung der Website unterliegt. Um diese Website nutzen zu k\u00f6nnen, m\u00fcssen Sie die AGB befolgen. &nbsp; Wenn Sie diesen AGB nicht zustimmen, verlassen Sie die Website bitte. Eigentum der Website [&hellip;]<\/p>\n","protected":false},"author":4,"featured_media":1881,"parent":0,"menu_order":0,"comment_status":"closed","ping_status":"closed","template":"","meta":{"_acf_changed":false,"content-type":"","_genesis_hide_title":false,"_genesis_hide_breadcrumbs":false,"_genesis_hide_singular_image":false,"_genesis_hide_footer_widgets":false,"_genesis_custom_body_class":"","_genesis_custom_post_class":"","_genesis_layout":"full-width-content","footnotes":""},"class_list":{"0":"post-9409","1":"page","2":"type-page","3":"status-publish","4":"has-post-thumbnail","6":"entry"},"acf":[],"featured_image_src":"https:\/\/www.cdf1.com\/wp-content\/uploads\/2020\/07\/new-feature-placeholder-sliced.png","featured_image_src_square":"https:\/\/www.cdf1.com\/wp-content\/uploads\/2020\/07\/new-feature-placeholder-sliced.png","_links":{"self":[{"href":"https:\/\/www.cdf1.com\/de\/wp-json\/wp\/v2\/pages\/9409","targetHints":{"allow":["GET"]}}],"collection":[{"href":"https:\/\/www.cdf1.com\/de\/wp-json\/wp\/v2\/pages"}],"about":[{"href":"https:\/\/www.cdf1.com\/de\/wp-json\/wp\/v2\/types\/page"}],"author":[{"embeddable":true,"href":"https:\/\/www.cdf1.com\/de\/wp-json\/wp\/v2\/users\/4"}],"replies":[{"embeddable":true,"href":"https:\/\/www.cdf1.com\/de\/wp-json\/wp\/v2\/comments?post=9409"}],"version-history":[{"count":8,"href":"https:\/\/www.cdf1.com\/de\/wp-json\/wp\/v2\/pages\/9409\/revisions"}],"predecessor-version":[{"id":10851,"href":"https:\/\/www.cdf1.com\/de\/wp-json\/wp\/v2\/pages\/9409\/revisions\/10851"}],"wp:featuredmedia":[{"embeddable":true,"href":"https:\/\/www.cdf1.com\/de\/wp-json\/wp\/v2\/media\/1881"}],"wp:attachment":[{"href":"https:\/\/www.cdf1.com\/de\/wp-json\/wp\/v2\/media?parent=9409"}],"curies":[{"name":"wp","href":"https:\/\/api.w.org\/{rel}","templated":true}]}}