{"id":9402,"date":"2023-10-12T09:57:53","date_gmt":"2023-10-12T09:57:53","guid":{"rendered":"https:\/\/www.cdf1.com\/zertifizierungen\/"},"modified":"2024-02-22T07:31:52","modified_gmt":"2024-02-22T07:31:52","slug":"zertifizierungen","status":"publish","type":"page","link":"https:\/\/www.cdf1.com\/de\/zertifizierungen\/","title":{"rendered":"Zertifizierungen"},"content":{"rendered":"\n<div class=\"wp-block-cover is-light page-heading shadow-out-bottom\" style=\"min-height:610px;aspect-ratio:unset;\"><span aria-hidden=\"true\" class=\"wp-block-cover__background has-background-dim-0 has-background-dim\"><\/span><img decoding=\"async\" width=\"2560\" height=\"918\" class=\"wp-block-cover__image-background wp-image-2185 lazyload\" alt=\"\" data-src=\"https:\/\/www.cdf1.com\/wp-content\/uploads\/2021\/08\/certifications-header.jpg\" data-object-fit=\"cover\" data-srcset=\"https:\/\/www.cdf1.com\/wp-content\/uploads\/2021\/08\/certifications-header.jpg 2560w, https:\/\/www.cdf1.com\/wp-content\/uploads\/2021\/08\/certifications-header-300x108.jpg 300w, https:\/\/www.cdf1.com\/wp-content\/uploads\/2021\/08\/certifications-header-1024x367.jpg 1024w, https:\/\/www.cdf1.com\/wp-content\/uploads\/2021\/08\/certifications-header-768x275.jpg 768w, https:\/\/www.cdf1.com\/wp-content\/uploads\/2021\/08\/certifications-header-1536x551.jpg 1536w, https:\/\/www.cdf1.com\/wp-content\/uploads\/2021\/08\/certifications-header-2048x734.jpg 2048w\" data-sizes=\"(max-width: 2560px) 100vw, 2560px\" src=\"data:image\/svg+xml;base64,PHN2ZyB3aWR0aD0iMSIgaGVpZ2h0PSIxIiB4bWxucz0iaHR0cDovL3d3dy53My5vcmcvMjAwMC9zdmciPjwvc3ZnPg==\" style=\"--smush-placeholder-width: 2560px; --smush-placeholder-aspect-ratio: 2560\/918;\" \/><div class=\"wp-block-cover__inner-container is-layout-flow wp-block-cover-is-layout-flow\">\n<div class=\"wp-block-group fixed-width fixed-1080 heading-inner-wrap\"><div class=\"wp-block-group__inner-container is-layout-flow wp-block-group-is-layout-flow\">\n<div class=\"wp-block-group text-wrap\"><div class=\"wp-block-group__inner-container is-layout-flow wp-block-group-is-layout-flow\">\n<h1 class=\"wp-block-heading has-text-color\" style=\"color:#ffffff\">Zertifizierungen<\/h1>\n<\/div><\/div>\n<\/div><\/div>\n<\/div><\/div>\n\n\n\n<div class=\"wp-block-group bubble-shapes-wrap\"><div class=\"wp-block-group__inner-container is-layout-flow wp-block-group-is-layout-flow\">\n<div class=\"wp-block-group fixed-width fixed-980 padding-top-140 padding-bottom-80 text-img-section single-sertification-wrap\"><div class=\"wp-block-group__inner-container is-layout-flow wp-block-group-is-layout-flow\">\n<div class=\"wp-block-columns is-layout-flex wp-container-core-columns-is-layout-9d6595d7 wp-block-columns-is-layout-flex\">\n<div class=\"wp-block-column is-layout-flow wp-block-column-is-layout-flow\">\n<div class=\"wp-block-group text-wrap max-width-450 anim_init\"><div class=\"wp-block-group__inner-container is-layout-flow wp-block-group-is-layout-flow\">\n<h2 class=\"wp-block-heading\">ISO 9001:2015<\/h2>\n\n\n\n<div class=\"wp-block-group max-width-450\"><div class=\"wp-block-group__inner-container is-layout-flow wp-block-group-is-layout-flow\">\n<p>Als ein ISO 9001:2015-registriertes Unternehmen ist die CDF Corporation wettbewerbsf\u00e4hig und kann auf dem Markt erfolgreich sein, weil wir uns immer auf Kundenzufriedenheit, kontinuierliche Verbesserungen und hochgradige Herstellungsleistung konzentrieren.<\/p>\n\n\n\n<p><a href=\"https:\/\/www.cdf1.com\/wp-content\/uploads\/2022\/01\/C.D.F.-Corporation-Final-BW-exp-2024.pdf\" target=\"_blank\" rel=\"noreferrer noopener\">ISO 9001: 2015 Zertifikat<\/a><\/p>\n<\/div><\/div>\n<\/div><\/div>\n<\/div>\n\n\n\n<div class=\"wp-block-column is-layout-flow wp-block-column-is-layout-flow\">\n<figure class=\"wp-block-image size-large shadow-wrap max-width-350 circle-image\"><img decoding=\"async\" width=\"1024\" height=\"1024\" data-src=\"https:\/\/www.cdf1.com\/wp-content\/uploads\/2021\/09\/ISO-9001-2015-5-1024x1024.jpg\" alt=\"ISO 9001: 2015 zertifiziert\" class=\"wp-image-2493 lazyload\" title=\"\" data-srcset=\"https:\/\/www.cdf1.com\/wp-content\/uploads\/2021\/09\/ISO-9001-2015-5-1024x1024.jpg 1024w, https:\/\/www.cdf1.com\/wp-content\/uploads\/2021\/09\/ISO-9001-2015-5-300x300.jpg 300w, https:\/\/www.cdf1.com\/wp-content\/uploads\/2021\/09\/ISO-9001-2015-5-150x150.jpg 150w, https:\/\/www.cdf1.com\/wp-content\/uploads\/2021\/09\/ISO-9001-2015-5-768x768.jpg 768w, https:\/\/www.cdf1.com\/wp-content\/uploads\/2021\/09\/ISO-9001-2015-5-75x75.jpg 75w, https:\/\/www.cdf1.com\/wp-content\/uploads\/2021\/09\/ISO-9001-2015-5-600x600.jpg 600w, https:\/\/www.cdf1.com\/wp-content\/uploads\/2021\/09\/ISO-9001-2015-5.jpg 1300w\" data-sizes=\"(max-width: 1024px) 100vw, 1024px\" src=\"data:image\/svg+xml;base64,PHN2ZyB3aWR0aD0iMSIgaGVpZ2h0PSIxIiB4bWxucz0iaHR0cDovL3d3dy53My5vcmcvMjAwMC9zdmciPjwvc3ZnPg==\" style=\"--smush-placeholder-width: 1024px; --smush-placeholder-aspect-ratio: 1024\/1024;\" \/><\/figure>\n<\/div>\n<\/div>\n<\/div><\/div>\n\n\n\n<div class=\"wp-block-group bg-bubble-left-center\"><div class=\"wp-block-group__inner-container is-layout-flow wp-block-group-is-layout-flow\">\n<div class=\"wp-block-group fixed-width fixed-980 padding-top-100 padding-bottom-80 img-text-section single-sertification-wrap\"><div class=\"wp-block-group__inner-container is-layout-flow wp-block-group-is-layout-flow\">\n<div class=\"wp-block-columns is-layout-flex wp-container-core-columns-is-layout-9d6595d7 wp-block-columns-is-layout-flex\">\n<div class=\"wp-block-column is-layout-flow wp-block-column-is-layout-flow\">\n<figure class=\"wp-block-image size-large shadow-wrap max-width-350 circle-image\"><img decoding=\"async\" width=\"716\" height=\"716\" data-src=\"https:\/\/www.cdf1.com\/wp-content\/uploads\/2021\/08\/SQF-Certification.jpg\" alt=\"SQF-Zertifizierung\" class=\"wp-image-2168 lazyload\" title=\"\" data-srcset=\"https:\/\/www.cdf1.com\/wp-content\/uploads\/2021\/08\/SQF-Certification.jpg 716w, https:\/\/www.cdf1.com\/wp-content\/uploads\/2021\/08\/SQF-Certification-300x300.jpg 300w, https:\/\/www.cdf1.com\/wp-content\/uploads\/2021\/08\/SQF-Certification-150x150.jpg 150w, https:\/\/www.cdf1.com\/wp-content\/uploads\/2021\/08\/SQF-Certification-75x75.jpg 75w, https:\/\/www.cdf1.com\/wp-content\/uploads\/2021\/08\/SQF-Certification-600x600.jpg 600w\" data-sizes=\"(max-width: 716px) 100vw, 716px\" src=\"data:image\/svg+xml;base64,PHN2ZyB3aWR0aD0iMSIgaGVpZ2h0PSIxIiB4bWxucz0iaHR0cDovL3d3dy53My5vcmcvMjAwMC9zdmciPjwvc3ZnPg==\" style=\"--smush-placeholder-width: 716px; --smush-placeholder-aspect-ratio: 716\/716;\" \/><\/figure>\n<\/div>\n\n\n\n<div class=\"wp-block-column is-layout-flow wp-block-column-is-layout-flow\">\n<div class=\"wp-block-group text-wrap max-width-450 anim_init\"><div class=\"wp-block-group__inner-container is-layout-flow wp-block-group-is-layout-flow\">\n<h2 class=\"wp-block-heading\">SQF-Zertifizierung<\/h2>\n\n\n\n<div class=\"wp-block-group max-width-450\"><div class=\"wp-block-group__inner-container is-layout-flow wp-block-group-is-layout-flow\">\n<p>CDF verf\u00fcgt an beiden Produktionsanlagen \u00fcber eine SQF-Zertifkation. Das SQF-Zertifizierungsprogramm sorgt daf\u00fcr, dass die Produkte die internationalen Lebensmittel- und Sicherheitsstandards erf\u00fcllen. SQF wird von Einzelh\u00e4ndlern und Gastronomiebetrieben rund um die Welt anerkannt, die ein rigoroses, glaubhaftes Lebensmittelsicherheit-Managementsystem erfordern.<\/p>\n\n\n\n<p><a href=\"https:\/\/www.cdf1.com\/wp-content\/uploads\/2023\/02\/12066-CDF-Corporation-Armstrong-SQF-Cert-2022-Exp-Feb-2024.pdf\" target=\"_blank\" rel=\"noreferrer noopener\">57 Armstrong Road &#8211; SQF-Zertifizierung<\/a><\/p>\n\n\n\n<p><a href=\"https:\/\/www.cdf1.com\/wp-content\/uploads\/2023\/02\/1319-CFD-Corporation-Industrial-Park-SQF-Cert-2022-Exp-Feb-2024.pdf\" target=\"_blank\" rel=\"noreferrer noopener\">77 Industrial Park Road &#8211; SQF-Zertifizierung<\/a><\/p>\n<\/div><\/div>\n<\/div><\/div>\n<\/div>\n<\/div>\n<\/div><\/div>\n<\/div><\/div>\n\n\n\n<div class=\"wp-block-group fixed-width fixed-980 padding-top-100 padding-bottom-80 text-img-section single-sertification-wrap\"><div class=\"wp-block-group__inner-container is-layout-flow wp-block-group-is-layout-flow\">\n<div class=\"wp-block-columns is-layout-flex wp-container-core-columns-is-layout-9d6595d7 wp-block-columns-is-layout-flex\">\n<div class=\"wp-block-column is-layout-flow wp-block-column-is-layout-flow\">\n<div class=\"wp-block-group text-wrap max-width-450 anim_init\"><div class=\"wp-block-group__inner-container is-layout-flow wp-block-group-is-layout-flow\">\n<h2 class=\"wp-block-heading\">UN-Zertifizierung<\/h2>\n\n\n\n<div class=\"wp-block-group max-width-450\"><div class=\"wp-block-group__inner-container is-layout-flow wp-block-group-is-layout-flow\">\n<p>Die CDF Corporation hat erfolgreich die Konstruktionszulassungspr\u00fcfungen f\u00fcr eine Kombinationsverpackung, Glasfaserbeh\u00e4lter mit einer Kunststoffbeutel, bestanden. Die von der UN zertifizierte Bag-In-Box der CDF Corporation bietet den h\u00f6chsten Schutz beim Transport von Gefahrg\u00fctern, die Verpackungen der Klasse II und III erfordern.<\/p>\n\n\n\n<p><a href=\"https:\/\/www.cdf1.com\/wp-content\/uploads\/2021\/08\/UN-Certification-2020.pdf\" target=\"_blank\" rel=\"noreferrer noopener\">UN-Zertifizierung<\/a><\/p>\n<\/div><\/div>\n<\/div><\/div>\n<\/div>\n\n\n\n<div class=\"wp-block-column is-layout-flow wp-block-column-is-layout-flow\">\n<figure class=\"wp-block-image size-large shadow-wrap max-width-350 circle-image\"><img decoding=\"async\" width=\"716\" height=\"716\" data-src=\"https:\/\/www.cdf1.com\/wp-content\/uploads\/2021\/08\/UN-Certification.jpg\" alt=\"UN-Zertifizierung\" class=\"wp-image-2170 lazyload\" title=\"\" data-srcset=\"https:\/\/www.cdf1.com\/wp-content\/uploads\/2021\/08\/UN-Certification.jpg 716w, https:\/\/www.cdf1.com\/wp-content\/uploads\/2021\/08\/UN-Certification-300x300.jpg 300w, https:\/\/www.cdf1.com\/wp-content\/uploads\/2021\/08\/UN-Certification-150x150.jpg 150w, https:\/\/www.cdf1.com\/wp-content\/uploads\/2021\/08\/UN-Certification-75x75.jpg 75w, https:\/\/www.cdf1.com\/wp-content\/uploads\/2021\/08\/UN-Certification-600x600.jpg 600w\" data-sizes=\"(max-width: 716px) 100vw, 716px\" src=\"data:image\/svg+xml;base64,PHN2ZyB3aWR0aD0iMSIgaGVpZ2h0PSIxIiB4bWxucz0iaHR0cDovL3d3dy53My5vcmcvMjAwMC9zdmciPjwvc3ZnPg==\" style=\"--smush-placeholder-width: 716px; --smush-placeholder-aspect-ratio: 716\/716;\" \/><\/figure>\n<\/div>\n<\/div>\n<\/div><\/div>\n\n\n\n<div class=\"wp-block-group bg-bubble-right-center body-text-small\"><div class=\"wp-block-group__inner-container is-layout-flow wp-block-group-is-layout-flow\">\n<div class=\"wp-block-group fixed-width fixed-980 padding-top-100 padding-bottom-80 img-text-section single-sertification-wrap\"><div class=\"wp-block-group__inner-container is-layout-flow wp-block-group-is-layout-flow\">\n<div class=\"wp-block-columns is-layout-flex wp-container-core-columns-is-layout-9d6595d7 wp-block-columns-is-layout-flex\">\n<div class=\"wp-block-column is-layout-flow wp-block-column-is-layout-flow\">\n<figure class=\"wp-block-image size-large shadow-wrap max-width-350 circle-image\"><img decoding=\"async\" width=\"716\" height=\"716\" data-src=\"https:\/\/www.cdf1.com\/wp-content\/uploads\/2021\/08\/IMS-Certification.jpg\" alt=\"IMS-Zertifizierung\" class=\"wp-image-2173 lazyload\" title=\"\" data-srcset=\"https:\/\/www.cdf1.com\/wp-content\/uploads\/2021\/08\/IMS-Certification.jpg 716w, https:\/\/www.cdf1.com\/wp-content\/uploads\/2021\/08\/IMS-Certification-300x300.jpg 300w, https:\/\/www.cdf1.com\/wp-content\/uploads\/2021\/08\/IMS-Certification-150x150.jpg 150w, https:\/\/www.cdf1.com\/wp-content\/uploads\/2021\/08\/IMS-Certification-75x75.jpg 75w, https:\/\/www.cdf1.com\/wp-content\/uploads\/2021\/08\/IMS-Certification-600x600.jpg 600w\" data-sizes=\"(max-width: 716px) 100vw, 716px\" src=\"data:image\/svg+xml;base64,PHN2ZyB3aWR0aD0iMSIgaGVpZ2h0PSIxIiB4bWxucz0iaHR0cDovL3d3dy53My5vcmcvMjAwMC9zdmciPjwvc3ZnPg==\" style=\"--smush-placeholder-width: 716px; --smush-placeholder-aspect-ratio: 716\/716;\" \/><\/figure>\n<\/div>\n\n\n\n<div class=\"wp-block-column is-layout-flow wp-block-column-is-layout-flow\">\n<div class=\"wp-block-group text-wrap max-width-450 anim_init\"><div class=\"wp-block-group__inner-container is-layout-flow wp-block-group-is-layout-flow\">\n<h2 class=\"wp-block-heading\">IMS-Zertifizierung<\/h2>\n\n\n\n<div class=\"wp-block-group max-width-450\"><div class=\"wp-block-group__inner-container is-layout-flow wp-block-group-is-layout-flow\">\n<p>CDF ist von IMS (Interstate Milk Shippers) f\u00fcr Einwegbeh\u00e4lter zertifiziert. Beim Interstate Milk Shippers Programm handelt es sich um ein kooperatives Programm in den USA zwischen den bundesstaatlichen und staatlichen Regierungen, mit denen Molkereien die M\u00f6glichkeit haben, Einwegverpackungen aus hygienischen Anlagen in der ganzen Welt zu kaufen. Die IMS-Zertifizierung f\u00fcr Container und geschlossene Anlagen entspricht den FDA-Vorschriften.<\/p>\n\n\n\n<p><a href=\"https:\/\/www.cfsanappsexternal.fda.gov\/scripts\/ims\/mkex\/ims\/imsss-br1.cfm#MA\" target=\"_blank\" rel=\"noreferrer noopener\">IMS-Zertifikat<\/a><\/p>\n<\/div><\/div>\n<\/div><\/div>\n<\/div>\n<\/div>\n<\/div><\/div>\n<\/div><\/div>\n\n\n\n<div class=\"wp-block-group fixed-width fixed-980 padding-top-100 padding-bottom-80 text-img-section single-sertification-wrap\"><div class=\"wp-block-group__inner-container is-layout-flow wp-block-group-is-layout-flow\">\n<div class=\"wp-block-columns is-layout-flex wp-container-core-columns-is-layout-9d6595d7 wp-block-columns-is-layout-flex\">\n<div class=\"wp-block-column is-layout-flow wp-block-column-is-layout-flow\">\n<div class=\"wp-block-group text-wrap max-width-450 anim_init\"><div class=\"wp-block-group__inner-container is-layout-flow wp-block-group-is-layout-flow\">\n<h2 class=\"wp-block-heading\">Koscher<\/h2>\n\n\n\n<div class=\"wp-block-group max-width-450\"><div class=\"wp-block-group__inner-container is-layout-flow wp-block-group-is-layout-flow\">\n<p>Die CDF Corporation verf\u00fcgt \u00fcber die Koscher-Zertifizierung vom Chicago Rabbinical Council (cRc) f\u00fcr seine flexiblen IBCs. Dies bedeutet, dass Nahrungsmittelerzeuger, die Koscher-Normen verwenden, darauf vertrauen k\u00f6nnen, dass die flexiblen IBCs von CDF die strengen Koscher-Anforderungen erf\u00fcllen.<\/p>\n\n\n\n<p><a href=\"https:\/\/www.cdf1.com\/wp-content\/uploads\/2023\/01\/2023-Kosher-Certification.pdf\" target=\"_blank\" rel=\"noreferrer noopener\">Koscher-Zertifizierung<\/a><\/p>\n<\/div><\/div>\n<\/div><\/div>\n<\/div>\n\n\n\n<div class=\"wp-block-column is-layout-flow wp-block-column-is-layout-flow\">\n<figure class=\"wp-block-image size-full shadow-wrap max-width-350 circle-image\"><img decoding=\"async\" width=\"716\" height=\"726\" data-src=\"https:\/\/www.cdf1.com\/wp-content\/uploads\/2021\/09\/Kosher-5.jpg\" alt=\"Koscher-Zertifizierung\" class=\"wp-image-2508 lazyload\" title=\"\" data-srcset=\"https:\/\/www.cdf1.com\/wp-content\/uploads\/2021\/09\/Kosher-5.jpg 716w, https:\/\/www.cdf1.com\/wp-content\/uploads\/2021\/09\/Kosher-5-296x300.jpg 296w, https:\/\/www.cdf1.com\/wp-content\/uploads\/2021\/09\/Kosher-5-75x75.jpg 75w\" data-sizes=\"(max-width: 716px) 100vw, 716px\" src=\"data:image\/svg+xml;base64,PHN2ZyB3aWR0aD0iMSIgaGVpZ2h0PSIxIiB4bWxucz0iaHR0cDovL3d3dy53My5vcmcvMjAwMC9zdmciPjwvc3ZnPg==\" style=\"--smush-placeholder-width: 716px; --smush-placeholder-aspect-ratio: 716\/726;\" \/><\/figure>\n<\/div>\n<\/div>\n<\/div><\/div>\n\n\n\n<div class=\"wp-block-cover is-light animated-bg-img section-no-overflow\" style=\"min-height:510px;aspect-ratio:unset;\"><span aria-hidden=\"true\" class=\"wp-block-cover__background has-background-dim-0 has-background-dim\"><\/span><img decoding=\"async\" width=\"2560\" height=\"1160\" class=\"wp-block-cover__image-background wp-image-2728 lazyload\" alt=\"\" data-src=\"https:\/\/www.cdf1.com\/wp-content\/uploads\/2021\/09\/white-blue-shape.jpg\" style=\"--smush-placeholder-width: 2560px; --smush-placeholder-aspect-ratio: 2560\/1160;object-position:83% 48%\" data-object-fit=\"cover\" data-object-position=\"83% 48%\" data-srcset=\"https:\/\/www.cdf1.com\/wp-content\/uploads\/2021\/09\/white-blue-shape.jpg 2560w, https:\/\/www.cdf1.com\/wp-content\/uploads\/2021\/09\/white-blue-shape-300x136.jpg 300w, https:\/\/www.cdf1.com\/wp-content\/uploads\/2021\/09\/white-blue-shape-1024x464.jpg 1024w, https:\/\/www.cdf1.com\/wp-content\/uploads\/2021\/09\/white-blue-shape-768x348.jpg 768w, https:\/\/www.cdf1.com\/wp-content\/uploads\/2021\/09\/white-blue-shape-1536x696.jpg 1536w, https:\/\/www.cdf1.com\/wp-content\/uploads\/2021\/09\/white-blue-shape-2048x928.jpg 2048w\" data-sizes=\"(max-width: 2560px) 100vw, 2560px\" src=\"data:image\/svg+xml;base64,PHN2ZyB3aWR0aD0iMSIgaGVpZ2h0PSIxIiB4bWxucz0iaHR0cDovL3d3dy53My5vcmcvMjAwMC9zdmciPjwvc3ZnPg==\" \/><div class=\"wp-block-cover__inner-container is-layout-flow wp-block-cover-is-layout-flow\">\n<div class=\"wp-block-group fixed-width fixed-980 padding-top-40 padding-bottom-40 img-text-section single-sertification-wrap\"><div class=\"wp-block-group__inner-container is-layout-flow wp-block-group-is-layout-flow\">\n<div class=\"wp-block-columns is-layout-flex wp-container-core-columns-is-layout-9d6595d7 wp-block-columns-is-layout-flex\">\n<div class=\"wp-block-column is-layout-flow wp-block-column-is-layout-flow\">\n<figure class=\"wp-block-image size-large shadow-wrap max-width-350 circle-image\"><img decoding=\"async\" width=\"716\" height=\"716\" data-src=\"https:\/\/www.cdf1.com\/wp-content\/uploads\/2021\/08\/Canadian-Food-Inspection-Agency.jpg\" alt=\"Canadian Food Inspection Agency\" class=\"wp-image-2180 lazyload\" title=\"\" data-srcset=\"https:\/\/www.cdf1.com\/wp-content\/uploads\/2021\/08\/Canadian-Food-Inspection-Agency.jpg 716w, https:\/\/www.cdf1.com\/wp-content\/uploads\/2021\/08\/Canadian-Food-Inspection-Agency-300x300.jpg 300w, https:\/\/www.cdf1.com\/wp-content\/uploads\/2021\/08\/Canadian-Food-Inspection-Agency-150x150.jpg 150w, https:\/\/www.cdf1.com\/wp-content\/uploads\/2021\/08\/Canadian-Food-Inspection-Agency-75x75.jpg 75w, https:\/\/www.cdf1.com\/wp-content\/uploads\/2021\/08\/Canadian-Food-Inspection-Agency-600x600.jpg 600w\" data-sizes=\"(max-width: 716px) 100vw, 716px\" src=\"data:image\/svg+xml;base64,PHN2ZyB3aWR0aD0iMSIgaGVpZ2h0PSIxIiB4bWxucz0iaHR0cDovL3d3dy53My5vcmcvMjAwMC9zdmciPjwvc3ZnPg==\" style=\"--smush-placeholder-width: 716px; --smush-placeholder-aspect-ratio: 716\/716;\" \/><\/figure>\n<\/div>\n\n\n\n<div class=\"wp-block-column is-layout-flow wp-block-column-is-layout-flow\">\n<div class=\"wp-block-group text-wrap max-width-450 anim_init has-text-color\" style=\"color:#363b40\"><div class=\"wp-block-group__inner-container is-layout-flow wp-block-group-is-layout-flow\">\n<h2 class=\"wp-block-heading\">Canadian Food Inspection Agency<\/h2>\n\n\n\n<div class=\"wp-block-group max-width-450\"><div class=\"wp-block-group__inner-container is-layout-flow wp-block-group-is-layout-flow\">\n<p>Die Eins\u00e4tze f\u00fcr Gro\u00dfpackmittel von CDF sind von der CFIA f\u00fcr Lebensmittelanwendungen in Kanada zertifiziert.<\/p>\n\n\n\n<p><a href=\"https:\/\/www.cdf1.com\/wp-content\/uploads\/2021\/08\/Canadian-Food-Inspection-Agency.pdf\" target=\"_blank\" rel=\"noreferrer noopener\">Canadian Food Inspection Agency-Zertifizierung<\/a><\/p>\n<\/div><\/div>\n<\/div><\/div>\n<\/div>\n<\/div>\n<\/div><\/div>\n<\/div><\/div>\n<\/div><\/div>\n","protected":false},"excerpt":{"rendered":"<p>ISO 9001:2015 Als ein ISO 9001:2015-registriertes Unternehmen ist die CDF Corporation wettbewerbsf\u00e4hig und kann auf dem Markt erfolgreich sein, weil wir uns immer auf Kundenzufriedenheit, kontinuierliche Verbesserungen und hochgradige Herstellungsleistung konzentrieren. ISO 9001: 2015 Zertifikat SQF-Zertifizierung CDF verf\u00fcgt an beiden Produktionsanlagen \u00fcber eine SQF-Zertifkation. Das SQF-Zertifizierungsprogramm sorgt daf\u00fcr, dass die Produkte die internationalen Lebensmittel- und [&hellip;]<\/p>\n","protected":false},"author":4,"featured_media":1881,"parent":0,"menu_order":0,"comment_status":"closed","ping_status":"closed","template":"","meta":{"_acf_changed":false,"content-type":"","_genesis_hide_title":false,"_genesis_hide_breadcrumbs":false,"_genesis_hide_singular_image":false,"_genesis_hide_footer_widgets":false,"_genesis_custom_body_class":"","_genesis_custom_post_class":"","_genesis_layout":"full-width-content","footnotes":""},"class_list":{"0":"post-9402","1":"page","2":"type-page","3":"status-publish","4":"has-post-thumbnail","6":"entry"},"acf":[],"featured_image_src":"https:\/\/www.cdf1.com\/wp-content\/uploads\/2020\/07\/new-feature-placeholder-sliced.png","featured_image_src_square":"https:\/\/www.cdf1.com\/wp-content\/uploads\/2020\/07\/new-feature-placeholder-sliced.png","_links":{"self":[{"href":"https:\/\/www.cdf1.com\/de\/wp-json\/wp\/v2\/pages\/9402","targetHints":{"allow":["GET"]}}],"collection":[{"href":"https:\/\/www.cdf1.com\/de\/wp-json\/wp\/v2\/pages"}],"about":[{"href":"https:\/\/www.cdf1.com\/de\/wp-json\/wp\/v2\/types\/page"}],"author":[{"embeddable":true,"href":"https:\/\/www.cdf1.com\/de\/wp-json\/wp\/v2\/users\/4"}],"replies":[{"embeddable":true,"href":"https:\/\/www.cdf1.com\/de\/wp-json\/wp\/v2\/comments?post=9402"}],"version-history":[{"count":9,"href":"https:\/\/www.cdf1.com\/de\/wp-json\/wp\/v2\/pages\/9402\/revisions"}],"predecessor-version":[{"id":11182,"href":"https:\/\/www.cdf1.com\/de\/wp-json\/wp\/v2\/pages\/9402\/revisions\/11182"}],"wp:featuredmedia":[{"embeddable":true,"href":"https:\/\/www.cdf1.com\/de\/wp-json\/wp\/v2\/media\/1881"}],"wp:attachment":[{"href":"https:\/\/www.cdf1.com\/de\/wp-json\/wp\/v2\/media?parent=9402"}],"curies":[{"name":"wp","href":"https:\/\/api.w.org\/{rel}","templated":true}]}}