{"id":9385,"date":"2023-10-12T09:57:09","date_gmt":"2023-10-12T09:57:09","guid":{"rendered":"https:\/\/www.cdf1.com\/schmiermittel-und-fette\/"},"modified":"2024-02-20T13:30:18","modified_gmt":"2024-02-20T13:30:18","slug":"schmiermittel-und-fette","status":"publish","type":"page","link":"https:\/\/www.cdf1.com\/de\/fallbeispiele\/schmiermittel-und-fette\/","title":{"rendered":"Schmiermittel und Fette"},"content":{"rendered":"\n<div class=\"wp-block-cover is-light page-heading cover-heading shadow-out-bottom\" style=\"min-height:610px;aspect-ratio:unset;\"><span aria-hidden=\"true\" class=\"wp-block-cover__background has-background-dim-0 has-background-dim\"><\/span><img decoding=\"async\" width=\"2560\" height=\"918\" class=\"wp-block-cover__image-background wp-image-3125 lazyload\" alt=\"\" data-src=\"https:\/\/www.cdf1.com\/wp-content\/uploads\/2021\/09\/lubricant-greases-header-2.jpg\" style=\"--smush-placeholder-width: 2560px; --smush-placeholder-aspect-ratio: 2560\/918;object-position:70% 50%\" data-object-fit=\"cover\" data-object-position=\"70% 50%\" data-srcset=\"https:\/\/www.cdf1.com\/wp-content\/uploads\/2021\/09\/lubricant-greases-header-2.jpg 2560w, https:\/\/www.cdf1.com\/wp-content\/uploads\/2021\/09\/lubricant-greases-header-2-300x108.jpg 300w, https:\/\/www.cdf1.com\/wp-content\/uploads\/2021\/09\/lubricant-greases-header-2-1024x367.jpg 1024w, https:\/\/www.cdf1.com\/wp-content\/uploads\/2021\/09\/lubricant-greases-header-2-768x275.jpg 768w, https:\/\/www.cdf1.com\/wp-content\/uploads\/2021\/09\/lubricant-greases-header-2-1536x551.jpg 1536w, https:\/\/www.cdf1.com\/wp-content\/uploads\/2021\/09\/lubricant-greases-header-2-2048x734.jpg 2048w\" data-sizes=\"(max-width: 2560px) 100vw, 2560px\" src=\"data:image\/svg+xml;base64,PHN2ZyB3aWR0aD0iMSIgaGVpZ2h0PSIxIiB4bWxucz0iaHR0cDovL3d3dy53My5vcmcvMjAwMC9zdmciPjwvc3ZnPg==\" \/><div class=\"wp-block-cover__inner-container is-layout-flow wp-block-cover-is-layout-flow\">\n<div class=\"wp-block-group fixed-width fixed-1080 heading-inner-wrap\"><div class=\"wp-block-group__inner-container is-layout-flow wp-block-group-is-layout-flow\">\n<div class=\"wp-block-group text-wrap\"><div class=\"wp-block-group__inner-container is-layout-flow wp-block-group-is-layout-flow\">\n<h1 class=\"has-text-color wp-block-heading\" style=\"color:#0d80b1\">Schmiermittel und Fette<\/h1>\n<\/div><\/div>\n<\/div><\/div>\n<\/div><\/div>\n\n<div class=\"wp-block-group fixed-width fixed-1080 padding-top-140 padding-bottom-80 text-img-section\"><div class=\"wp-block-group__inner-container is-layout-flow wp-block-group-is-layout-flow\">\n<div class=\"wp-block-columns is-layout-flex wp-container-core-columns-is-layout-9d6595d7 wp-block-columns-is-layout-flex\">\n<div class=\"wp-block-column is-layout-flow wp-block-column-is-layout-flow\">\n<figure class=\"wp-block-image size-full shadow-wrap max-width-485 slide-up-f\"><img decoding=\"async\" width=\"758\" height=\"716\" data-src=\"https:\/\/www.cdf1.com\/wp-content\/uploads\/2021\/08\/lubricant-greases-4.jpg\" alt=\"\" class=\"wp-image-4331 lazyload\" data-srcset=\"https:\/\/www.cdf1.com\/wp-content\/uploads\/2021\/08\/lubricant-greases-4.jpg 758w, https:\/\/www.cdf1.com\/wp-content\/uploads\/2021\/08\/lubricant-greases-4-300x283.jpg 300w\" data-sizes=\"(max-width: 758px) 100vw, 758px\" src=\"data:image\/svg+xml;base64,PHN2ZyB3aWR0aD0iMSIgaGVpZ2h0PSIxIiB4bWxucz0iaHR0cDovL3d3dy53My5vcmcvMjAwMC9zdmciPjwvc3ZnPg==\" style=\"--smush-placeholder-width: 758px; --smush-placeholder-aspect-ratio: 758\/716;\" \/><\/figure>\n<\/div>\n\n\n\n<div class=\"wp-block-column is-layout-flow wp-block-column-is-layout-flow\">\n<div class=\"wp-block-group text-wrap max-width-450\"><div class=\"wp-block-group__inner-container is-layout-flow wp-block-group-is-layout-flow\">\n<h2 class=\"wp-block-heading\"><strong>Bag-In-Box f\u00fcr Schmiermittel und Fette\u00a0<\/strong><\/h2>\n\n\n\n<p>CDF ist in der Industrie der Spitzenreiter f\u00fcr Bag-In-Box f\u00fcr Schmiermittel und Fette. Wir haben diesen Verpackungstrend auf ein Niveau gehoben, das unseren Kunden die h\u00f6chste Qualit\u00e4t und Funktion erm\u00f6glicht.<\/p>\n\n\n\n<p class=\"link-blue-underline\"><a href=\"https:\/\/www.cdf1.com\/bag-in-box-for-lubricant-greases-packaging\/\">Mehr erfahren<\/a><\/p>\n<\/div><\/div>\n<\/div>\n<\/div>\n<\/div><\/div>\n\n<div class=\"wp-block-group fixed-width fixed-1080 padding-top-140 padding-bottom-80 pb-xs--0 text-img-section\"><div class=\"wp-block-group__inner-container is-layout-flow wp-block-group-is-layout-flow\">\n<div class=\"wp-block-columns is-layout-flex wp-container-core-columns-is-layout-9d6595d7 wp-block-columns-is-layout-flex\">\n<div class=\"wp-block-column is-layout-flow wp-block-column-is-layout-flow\">\n<div class=\"wp-block-group text-wrap max-width-450\"><div class=\"wp-block-group__inner-container is-layout-flow wp-block-group-is-layout-flow\">\n<h2 class=\"wp-block-heading\"><strong>Fass- und Eimer-Liner<\/strong><\/h2>\n\n\n\n<p>Erfahren Sie mehr \u00fcber die Bedeutung von F\u00e4sser- und Eimer-Liner f\u00fcr die Verpackung von Schmiermitteln und Fetten. Sehen wir uns die besten Liner-Typen f\u00fcr die folgenden Zwecke n\u00e4her an:<\/p>\n\n\n\n<ol class=\"wp-block-list\">\n<li>Thermogeformte Liner<\/li>\n\n\n\n<li>Round Bottom Liner<\/li>\n\n\n\n<li>Blow Molded Liner<\/li>\n\n\n\n<li>Beutel mit flachen N\u00e4hten<\/li>\n<\/ol>\n\n\n\n<p class=\"link-blue-underline\"><a href=\"https:\/\/www.cdf1.com\/drum-pail-liners-for-lubricant-greases-packaging\/\">Mehr erfahren<\/a><\/p>\n<\/div><\/div>\n<\/div>\n\n\n\n<div class=\"wp-block-column is-layout-flow wp-block-column-is-layout-flow\">\n<figure class=\"wp-block-image size-large shadow-wrap max-width-485 slide-up-f\"><img decoding=\"async\" width=\"1024\" height=\"734\" data-src=\"https:\/\/www.cdf1.com\/wp-content\/uploads\/2021\/09\/drum-and-pail-header-1-1024x734.jpg\" alt=\"Fass- und Eimer-Liner f&#xFC;r Lebensmittel- und Getr&#xE4;nkeverpackungen\" class=\"wp-image-2544 lazyload\" data-srcset=\"https:\/\/www.cdf1.com\/wp-content\/uploads\/2021\/09\/drum-and-pail-header-1-1024x734.jpg 1024w, https:\/\/www.cdf1.com\/wp-content\/uploads\/2021\/09\/drum-and-pail-header-1-300x215.jpg 300w, https:\/\/www.cdf1.com\/wp-content\/uploads\/2021\/09\/drum-and-pail-header-1-768x551.jpg 768w, https:\/\/www.cdf1.com\/wp-content\/uploads\/2021\/09\/drum-and-pail-header-1.jpg 1280w\" data-sizes=\"(max-width: 1024px) 100vw, 1024px\" src=\"data:image\/svg+xml;base64,PHN2ZyB3aWR0aD0iMSIgaGVpZ2h0PSIxIiB4bWxucz0iaHR0cDovL3d3dy53My5vcmcvMjAwMC9zdmciPjwvc3ZnPg==\" style=\"--smush-placeholder-width: 1024px; --smush-placeholder-aspect-ratio: 1024\/734;\" \/><\/figure>\n<\/div>\n<\/div>\n<\/div><\/div>\n\n<div class=\"wp-block-group fixed-width fixed-1080 padding-top-140 padding-bottom-80 text-img-section\"><div class=\"wp-block-group__inner-container is-layout-flow wp-block-group-is-layout-flow\">\n<div class=\"wp-block-columns is-layout-flex wp-container-core-columns-is-layout-9d6595d7 wp-block-columns-is-layout-flex\">\n<div class=\"wp-block-column is-layout-flow wp-block-column-is-layout-flow\">\n<figure class=\"wp-block-image size-full shadow-wrap max-width-485 slide-up-f\"><img decoding=\"async\" width=\"768\" height=\"876\" data-src=\"https:\/\/www.cdf1.com\/wp-content\/uploads\/2021\/08\/lubricant-greases-1.jpg\" alt=\"\" class=\"wp-image-4314 lazyload\" data-srcset=\"https:\/\/www.cdf1.com\/wp-content\/uploads\/2021\/08\/lubricant-greases-1.jpg 768w, https:\/\/www.cdf1.com\/wp-content\/uploads\/2021\/08\/lubricant-greases-1-263x300.jpg 263w\" data-sizes=\"(max-width: 768px) 100vw, 768px\" src=\"data:image\/svg+xml;base64,PHN2ZyB3aWR0aD0iMSIgaGVpZ2h0PSIxIiB4bWxucz0iaHR0cDovL3d3dy53My5vcmcvMjAwMC9zdmciPjwvc3ZnPg==\" style=\"--smush-placeholder-width: 768px; --smush-placeholder-aspect-ratio: 768\/876;\" \/><\/figure>\n<\/div>\n\n\n\n<div class=\"wp-block-column is-layout-flow wp-block-column-is-layout-flow\">\n<div class=\"wp-block-group section-title-xl text-wrap max-width-450 anim_init\"><div class=\"wp-block-group__inner-container is-layout-flow wp-block-group-is-layout-flow\">\n<h2 class=\"wp-block-heading\"><strong><strong>Durch dick und d\u00fcnn<\/strong><\/strong><\/h2>\n\n\n\n<p>Unsere Verpackungssysteme sind auf dem Markt f\u00fcr Schmiermittel und Fette bereits gut etabliert. Sie liefern unvergleichliche Leistung und Nachhaltigkeit. Wir stellen Standard-Liner f\u00fcr F\u00e4sser, Trommeln und Eimer her, k\u00f6nnen aber auch ma\u00dfgeschneiderte Verpackungssysteme wie Bag-In-Box f\u00fcr Dosieranwendungen entwerfen und produzieren.<\/p>\n<\/div><\/div>\n<\/div>\n<\/div>\n<\/div><\/div>\n\n<div class=\"wp-block-cover is-light animated-bg-img\"><span aria-hidden=\"true\" class=\"wp-block-cover__background has-background-dim-0 has-background-dim\"><\/span><img decoding=\"async\" width=\"2560\" height=\"1254\" class=\"wp-block-cover__image-background wp-image-877 lazyload\" alt=\"\" data-src=\"https:\/\/www.cdf1.com\/wp-content\/uploads\/2021\/07\/bottom-green-shape.jpg\" style=\"--smush-placeholder-width: 2560px; --smush-placeholder-aspect-ratio: 2560\/1254;object-position:50% 0%\" data-object-fit=\"cover\" data-object-position=\"50% 0%\" data-srcset=\"https:\/\/www.cdf1.com\/wp-content\/uploads\/2021\/07\/bottom-green-shape.jpg 2560w, https:\/\/www.cdf1.com\/wp-content\/uploads\/2021\/07\/bottom-green-shape-300x147.jpg 300w, https:\/\/www.cdf1.com\/wp-content\/uploads\/2021\/07\/bottom-green-shape-1024x502.jpg 1024w, https:\/\/www.cdf1.com\/wp-content\/uploads\/2021\/07\/bottom-green-shape-768x376.jpg 768w, https:\/\/www.cdf1.com\/wp-content\/uploads\/2021\/07\/bottom-green-shape-1536x752.jpg 1536w, https:\/\/www.cdf1.com\/wp-content\/uploads\/2021\/07\/bottom-green-shape-2048x1003.jpg 2048w\" data-sizes=\"(max-width: 2560px) 100vw, 2560px\" src=\"data:image\/svg+xml;base64,PHN2ZyB3aWR0aD0iMSIgaGVpZ2h0PSIxIiB4bWxucz0iaHR0cDovL3d3dy53My5vcmcvMjAwMC9zdmciPjwvc3ZnPg==\" \/><div class=\"wp-block-cover__inner-container is-layout-flow wp-block-cover-is-layout-flow\">\n<div class=\"wp-block-group fixed-width fixed-1080 vc-wrap padding-top-140 padding-bottom-80 text-img-section\"><div class=\"wp-block-group__inner-container is-layout-flow wp-block-group-is-layout-flow\">\n<div class=\"wp-block-columns is-layout-flex wp-container-core-columns-is-layout-9d6595d7 wp-block-columns-is-layout-flex\">\n<div class=\"wp-block-column is-layout-flow wp-block-column-is-layout-flow\">\n<div class=\"wp-block-group text-wrap max-width-450 anim_init\"><div class=\"wp-block-group__inner-container is-layout-flow wp-block-group-is-layout-flow\">\n<figure class=\"wp-block-image size-large\"><img decoding=\"async\" width=\"49\" height=\"90\" data-src=\"https:\/\/www.cdf1.com\/wp-content\/uploads\/2021\/08\/engine-oil.svg\" alt=\"\" class=\"wp-image-1553 lazyload\" src=\"data:image\/svg+xml;base64,PHN2ZyB3aWR0aD0iMSIgaGVpZ2h0PSIxIiB4bWxucz0iaHR0cDovL3d3dy53My5vcmcvMjAwMC9zdmciPjwvc3ZnPg==\" style=\"--smush-placeholder-width: 49px; --smush-placeholder-aspect-ratio: 49\/90;\" \/><\/figure>\n\n\n\n<h2 class=\"has-text-color wp-block-heading\" style=\"color:#363b40\">Hochleistungsprodukte brauchen eine Hochleistungsverpackung<\/h2>\n\n\n\n<p class=\"has-text-color\" style=\"color:#363b40\">Hochleistungsprodukte brauchen eine Hochleistungsverpackung. CDF entwirft und produziert robuste, ergonomische und benutzerfreundliche Verpackungsl\u00f6sungen f\u00fcr die wichtigsten Anwendungsbereiche.\u00a0\u00a0Wir haben gut durchdachte Verpackungsl\u00f6sungen entwickelt, die die Auswirkungen auf die Umwelt minimieren, die Produktevakuierung erh\u00f6hen und sicher verpacken.<\/p>\n<\/div><\/div>\n<\/div>\n\n\n\n<div class=\"wp-block-column is-layout-flow wp-block-column-is-layout-flow\">\n<figure class=\"wp-block-image size-large shadow-wrap max-width-485 slide-down-f\"><img decoding=\"async\" width=\"932\" height=\"716\" data-src=\"https:\/\/www.cdf1.com\/wp-content\/uploads\/2021\/08\/lubricant-greases-2.jpg\" alt=\"CDF entwirft und produziert robuste Verpackungsl&#xF6;sungen\" class=\"wp-image-1554 lazyload\" data-srcset=\"https:\/\/www.cdf1.com\/wp-content\/uploads\/2021\/08\/lubricant-greases-2.jpg 932w, https:\/\/www.cdf1.com\/wp-content\/uploads\/2021\/08\/lubricant-greases-2-300x230.jpg 300w, https:\/\/www.cdf1.com\/wp-content\/uploads\/2021\/08\/lubricant-greases-2-768x590.jpg 768w\" data-sizes=\"(max-width: 932px) 100vw, 932px\" src=\"data:image\/svg+xml;base64,PHN2ZyB3aWR0aD0iMSIgaGVpZ2h0PSIxIiB4bWxucz0iaHR0cDovL3d3dy53My5vcmcvMjAwMC9zdmciPjwvc3ZnPg==\" style=\"--smush-placeholder-width: 932px; --smush-placeholder-aspect-ratio: 932\/716;\" \/><\/figure>\n<\/div>\n<\/div>\n<\/div><\/div>\n<\/div><\/div>\n\n<div class=\"wp-block-cover is-light animated-bg-img\"><span aria-hidden=\"true\" class=\"wp-block-cover__background has-background-dim-0 has-background-dim\"><\/span><img decoding=\"async\" width=\"2560\" height=\"1254\" class=\"wp-block-cover__image-background wp-image-878 lazyload\" alt=\"\" data-src=\"https:\/\/www.cdf1.com\/wp-content\/uploads\/2021\/07\/top-green-shape.jpg\" style=\"--smush-placeholder-width: 2560px; --smush-placeholder-aspect-ratio: 2560\/1254;object-position:50% 100%\" data-object-fit=\"cover\" data-object-position=\"50% 100%\" data-srcset=\"https:\/\/www.cdf1.com\/wp-content\/uploads\/2021\/07\/top-green-shape.jpg 2560w, https:\/\/www.cdf1.com\/wp-content\/uploads\/2021\/07\/top-green-shape-300x147.jpg 300w, https:\/\/www.cdf1.com\/wp-content\/uploads\/2021\/07\/top-green-shape-1024x502.jpg 1024w, https:\/\/www.cdf1.com\/wp-content\/uploads\/2021\/07\/top-green-shape-768x376.jpg 768w, https:\/\/www.cdf1.com\/wp-content\/uploads\/2021\/07\/top-green-shape-1536x752.jpg 1536w, https:\/\/www.cdf1.com\/wp-content\/uploads\/2021\/07\/top-green-shape-2048x1003.jpg 2048w\" data-sizes=\"(max-width: 2560px) 100vw, 2560px\" src=\"data:image\/svg+xml;base64,PHN2ZyB3aWR0aD0iMSIgaGVpZ2h0PSIxIiB4bWxucz0iaHR0cDovL3d3dy53My5vcmcvMjAwMC9zdmciPjwvc3ZnPg==\" \/><div class=\"wp-block-cover__inner-container is-layout-flow wp-block-cover-is-layout-flow\">\n<div class=\"wp-block-group fixed-width fixed-1080 vc-wrap padding-bottom-80 img-text-section\"><div class=\"wp-block-group__inner-container is-layout-flow wp-block-group-is-layout-flow\">\n<div class=\"wp-block-columns is-layout-flex wp-container-core-columns-is-layout-9d6595d7 wp-block-columns-is-layout-flex\">\n<div class=\"wp-block-column is-layout-flow wp-block-column-is-layout-flow\">\n<figure class=\"wp-block-image size-large shadow-wrap max-width-485 slide-up-f\"><img decoding=\"async\" width=\"758\" height=\"716\" data-src=\"https:\/\/www.cdf1.com\/wp-content\/uploads\/2021\/08\/lubricant-greases-4.jpg\" alt=\"CDF &#x2013; gut durchdachte Verpackung in der Praxis\" class=\"wp-image-1558 lazyload\" data-srcset=\"https:\/\/www.cdf1.com\/wp-content\/uploads\/2021\/08\/lubricant-greases-4.jpg 758w, https:\/\/www.cdf1.com\/wp-content\/uploads\/2021\/08\/lubricant-greases-4-300x283.jpg 300w\" data-sizes=\"(max-width: 758px) 100vw, 758px\" src=\"data:image\/svg+xml;base64,PHN2ZyB3aWR0aD0iMSIgaGVpZ2h0PSIxIiB4bWxucz0iaHR0cDovL3d3dy53My5vcmcvMjAwMC9zdmciPjwvc3ZnPg==\" style=\"--smush-placeholder-width: 758px; --smush-placeholder-aspect-ratio: 758\/716;\" \/><\/figure>\n<\/div>\n\n\n\n<div class=\"wp-block-column is-layout-flow wp-block-column-is-layout-flow\">\n<div class=\"wp-block-group text-wrap max-width-450 anim_init\"><div class=\"wp-block-group__inner-container is-layout-flow wp-block-group-is-layout-flow\">\n<figure class=\"wp-block-image size-large\"><img decoding=\"async\" width=\"65\" height=\"82\" data-src=\"https:\/\/www.cdf1.com\/wp-content\/uploads\/2021\/08\/lubricant-oil.svg\" alt=\"\" class=\"wp-image-1555 lazyload\" src=\"data:image\/svg+xml;base64,PHN2ZyB3aWR0aD0iMSIgaGVpZ2h0PSIxIiB4bWxucz0iaHR0cDovL3d3dy53My5vcmcvMjAwMC9zdmciPjwvc3ZnPg==\" style=\"--smush-placeholder-width: 65px; --smush-placeholder-aspect-ratio: 65\/82;\" \/><\/figure>\n\n\n\n<h2 class=\"has-text-color wp-block-heading\" style=\"color:#363b40\">Gut durchdachte Verpackung in der Praxis<\/h2>\n\n\n\n<p class=\"has-text-color\" style=\"color:#363b40\">Die verantwortungsbewusste Entwicklung, Produktion und Vertreibung von Produkten von der Herstellung bis zur Entsorgung sind sehr wichtig in der Schmiermittel- und Fette-Branche. Aus diesem Grund nimmt CDF am\u00a0<strong>Responsible Care\u00ae-Programm<\/strong>\u00a0teil. Bei dieser freiwilligen Initiative der globalen Petrochemie und Chemie geht es darum, chemische Produkte von den ersten Anf\u00e4ngen, zur Herstellung und dem Vertreiben bis hin zum Wiederverwenden, Wiederverwerten und Entsorgen sicher zu handhaben.\u00a0<\/p>\n<\/div><\/div>\n<\/div>\n<\/div>\n<\/div><\/div>\n<\/div><\/div>\n\n<div class=\"wp-block-group fixed-width fixed-1080 vc-wrap padding-top-140 padding-bottom-80 text-img-section pt-xs--60\"><div class=\"wp-block-group__inner-container is-layout-flow wp-block-group-is-layout-flow\">\n<div class=\"wp-block-columns is-layout-flex wp-container-core-columns-is-layout-9d6595d7 wp-block-columns-is-layout-flex\">\n<div class=\"wp-block-column is-layout-flow wp-block-column-is-layout-flow\">\n<div class=\"wp-block-group text-wrap max-width-450 anim_init\"><div class=\"wp-block-group__inner-container is-layout-flow wp-block-group-is-layout-flow\">\n<figure class=\"wp-block-image size-large\"><img decoding=\"async\" width=\"58\" height=\"89\" data-src=\"https:\/\/www.cdf1.com\/wp-content\/uploads\/2021\/08\/lubricant.svg\" alt=\"\" class=\"wp-image-1559 lazyload\" src=\"data:image\/svg+xml;base64,PHN2ZyB3aWR0aD0iMSIgaGVpZ2h0PSIxIiB4bWxucz0iaHR0cDovL3d3dy53My5vcmcvMjAwMC9zdmciPjwvc3ZnPg==\" style=\"--smush-placeholder-width: 58px; --smush-placeholder-aspect-ratio: 58\/89;\" \/><\/figure>\n\n\n\n<h2 class=\"wp-block-heading\">Sorgen Sie f\u00fcr die Sicherheit Ihres Produkts<\/h2>\n\n\n\n<p>Die Qualit\u00e4t der Produkte und Reinheit der Verpackungsmaterialien sind unsere Hauptanliegen. CDF verwendet nur hochwertigste Kunststoffe und von der FDA zugelassene Harze. Dar\u00fcber hinaus verwenden wir Methoden zur statischen Kontrolle und der Isolierung der Fertigprodukte, um die Partikelfreiheit zu gew\u00e4hrleisten und im gesamten Herstellungsprozess eine hohe Produktqualit\u00e4t zu gew\u00e4hrleisten. Wir erf\u00fcllen die internationalen Standards f\u00fcr gute Herstellungspraxis anhand von SPC-Datenerhebung. Unser Unternehmen ist au\u00dferdem ISO 9001:2015 registriert.<\/p>\n<\/div><\/div>\n<\/div>\n\n\n\n<div class=\"wp-block-column is-layout-flow wp-block-column-is-layout-flow\">\n<figure class=\"wp-block-image size-large shadow-wrap max-width-485 slide-up-s\"><img decoding=\"async\" width=\"758\" height=\"716\" data-src=\"https:\/\/www.cdf1.com\/wp-content\/uploads\/2021\/08\/lubricant-greases-3.jpg\" alt=\"CDF &#x2013; Sorgen Sie f&#xFC;r die Sicherheit Ihres Produkts\" class=\"wp-image-1556 lazyload\" data-srcset=\"https:\/\/www.cdf1.com\/wp-content\/uploads\/2021\/08\/lubricant-greases-3.jpg 758w, https:\/\/www.cdf1.com\/wp-content\/uploads\/2021\/08\/lubricant-greases-3-300x283.jpg 300w\" data-sizes=\"(max-width: 758px) 100vw, 758px\" src=\"data:image\/svg+xml;base64,PHN2ZyB3aWR0aD0iMSIgaGVpZ2h0PSIxIiB4bWxucz0iaHR0cDovL3d3dy53My5vcmcvMjAwMC9zdmciPjwvc3ZnPg==\" style=\"--smush-placeholder-width: 758px; --smush-placeholder-aspect-ratio: 758\/716;\" \/><\/figure>\n<\/div>\n<\/div>\n<\/div><\/div>\n\n<div class=\"wp-block-group fixed-width block-has-rounded-corners vc-wrap text-img-section latest-story-section margin-bottom-100 has-text-color has-background\" style=\"color:#000000;background-color:#bceafa\"><div class=\"wp-block-group__inner-container is-layout-flow wp-block-group-is-layout-flow\">\n<div class=\"wp-block-group fixed-width fixed-1000 padding-top-80 padding-bottom-60 title-text-section\"><div class=\"wp-block-group__inner-container is-layout-flow wp-block-group-is-layout-flow\">\n<div class=\"wp-block-columns is-layout-flex wp-container-core-columns-is-layout-9d6595d7 wp-block-columns-is-layout-flex\">\n<div class=\"wp-block-column is-layout-flow wp-block-column-is-layout-flow\" style=\"flex-basis:70%\">\n<div class=\"wp-block-group text-wrap section-title-mix\"><div class=\"wp-block-group__inner-container is-layout-flow wp-block-group-is-layout-flow\">\n<h2 class=\"wp-block-heading\">Die aktuellsten Neuigkeiten<\/h2>\n\n\n\n<h3 class=\"wp-block-heading\">Chevron<\/h3>\n\n\n\n<p>Chevron blickt auf eine lange Geschichte zur\u00fcck und ist eine der gr\u00f6\u00dften \u00d6lfirmen in den USA. Sie k\u00f6nnen sich also vorstellen, wie viele Innovationen Chevron im Verlauf der Jahre geleistet hat.<\/p>\n\n\n\n<p class=\"link-blue-underline\"><a href=\"https:\/\/www.cdf1.com\/case-study-chevron\/\">Die Fallstudie lesen<\/a><\/p>\n<\/div><\/div>\n<\/div>\n\n\n\n<div class=\"wp-block-column is-layout-flow wp-block-column-is-layout-flow\" style=\"flex-basis:30%\">\n<figure class=\"wp-block-image size-large\"><img decoding=\"async\" width=\"134\" height=\"149\" data-src=\"https:\/\/www.cdf1.com\/wp-content\/uploads\/2021\/08\/chevron-color-logo.svg\" alt=\"Chevron Logo\" class=\"wp-image-2245 lazyload\" src=\"data:image\/svg+xml;base64,PHN2ZyB3aWR0aD0iMSIgaGVpZ2h0PSIxIiB4bWxucz0iaHR0cDovL3d3dy53My5vcmcvMjAwMC9zdmciPjwvc3ZnPg==\" style=\"--smush-placeholder-width: 134px; --smush-placeholder-aspect-ratio: 134\/149;\" \/><\/figure>\n<\/div>\n<\/div>\n<\/div><\/div>\n<\/div><\/div>\n","protected":false},"excerpt":{"rendered":"<p>Bag-In-Box f\u00fcr Schmiermittel und Fette\u00a0 CDF ist in der Industrie der Spitzenreiter f\u00fcr Bag-In-Box f\u00fcr Schmiermittel und Fette. Wir haben diesen Verpackungstrend auf ein Niveau gehoben, das unseren Kunden die h\u00f6chste Qualit\u00e4t und Funktion erm\u00f6glicht. Mehr erfahren Fass- und Eimer-Liner Erfahren Sie mehr \u00fcber die Bedeutung von F\u00e4sser- und Eimer-Liner f\u00fcr die Verpackung von Schmiermitteln [&hellip;]<\/p>\n","protected":false},"author":4,"featured_media":1881,"parent":9410,"menu_order":1,"comment_status":"closed","ping_status":"closed","template":"","meta":{"_acf_changed":false,"content-type":"","_genesis_hide_title":false,"_genesis_hide_breadcrumbs":false,"_genesis_hide_singular_image":false,"_genesis_hide_footer_widgets":false,"_genesis_custom_body_class":"","_genesis_custom_post_class":"","_genesis_layout":"full-width-content","footnotes":""},"class_list":{"0":"post-9385","1":"page","2":"type-page","3":"status-publish","4":"has-post-thumbnail","6":"entry"},"acf":[],"featured_image_src":"https:\/\/www.cdf1.com\/wp-content\/uploads\/2020\/07\/new-feature-placeholder-sliced.png","featured_image_src_square":"https:\/\/www.cdf1.com\/wp-content\/uploads\/2020\/07\/new-feature-placeholder-sliced.png","_links":{"self":[{"href":"https:\/\/www.cdf1.com\/de\/wp-json\/wp\/v2\/pages\/9385","targetHints":{"allow":["GET"]}}],"collection":[{"href":"https:\/\/www.cdf1.com\/de\/wp-json\/wp\/v2\/pages"}],"about":[{"href":"https:\/\/www.cdf1.com\/de\/wp-json\/wp\/v2\/types\/page"}],"author":[{"embeddable":true,"href":"https:\/\/www.cdf1.com\/de\/wp-json\/wp\/v2\/users\/4"}],"replies":[{"embeddable":true,"href":"https:\/\/www.cdf1.com\/de\/wp-json\/wp\/v2\/comments?post=9385"}],"version-history":[{"count":8,"href":"https:\/\/www.cdf1.com\/de\/wp-json\/wp\/v2\/pages\/9385\/revisions"}],"predecessor-version":[{"id":10998,"href":"https:\/\/www.cdf1.com\/de\/wp-json\/wp\/v2\/pages\/9385\/revisions\/10998"}],"up":[{"embeddable":true,"href":"https:\/\/www.cdf1.com\/de\/wp-json\/wp\/v2\/pages\/9410"}],"wp:featuredmedia":[{"embeddable":true,"href":"https:\/\/www.cdf1.com\/de\/wp-json\/wp\/v2\/media\/1881"}],"wp:attachment":[{"href":"https:\/\/www.cdf1.com\/de\/wp-json\/wp\/v2\/media?parent=9385"}],"curies":[{"name":"wp","href":"https:\/\/api.w.org\/{rel}","templated":true}]}}